{"id":39535,"date":"2021-04-06T14:38:46","date_gmt":"2021-04-06T14:38:46","guid":{"rendered":"https:\/\/www.accuratereviews.com\/?page_id=39535"},"modified":"2021-04-23T13:08:12","modified_gmt":"2021-04-23T13:08:12","slug":"workday-student-recensione","status":"publish","type":"page","link":"https:\/\/www.accuratereviews.com\/it\/software-universita\/workday-student-recensione\/","title":{"rendered":"Workday Student"},"content":{"rendered":"<p><strong>Workday Student<\/strong> \u00e8 una piattaforma online creata per seguire l&#8217;<strong>evoluzione del mondo dell&#8217;istruzione<\/strong> che, negli ultimi anni, sta subendo un cambiamento radicale. Si tratta quindi di una soluzione moderna e innovativa che si rivolge al personale e agli studenti di <strong>istituti superiori e universit\u00e0<\/strong> per incrementare il loro coinvolgimento e migliorare la gestione amministrativa. Una caratteristica che potrebbe piacerti \u00e8 quella della flessibilit\u00e0 che permette di modellare e adattare i programmi scolastici alle diverse esigenze degli allievi, rendendoli accessibili a chiunque. <strong>Workday Student<\/strong> \u00e8 un <strong>sistema studentesco<\/strong> connesso anche alle risorse umane e alla gestione finanziaria del campus, consentendoti di conoscere e monitorare ogni attivit\u00e0.<\/p>\n<h2>WORKDAY STUDENT &#8211; TUTORIAL<\/h2>\n<p>Di seguito un breve video che ci mostra come funziona questo software:<\/p>\n<div id=\"fluid-wrapper-counter-1\" class=\"g1-fluid-wrapper \" style=\"width:686px;\">\n<div style=\"padding-bottom:56.268221574344%;\"><iframe loading=\"lazy\" title=\"Workday Student Overview\" width=\"686\" height=\"386\" src=\"https:\/\/www.youtube.com\/embed\/F6CxbWWPYOU?feature=oembed&amp;wmode=transparent&amp;autohide=1&amp;autoplay=0&amp;disablekb=0&amp;fs=1&amp;loop=0&amp;enablejsapi=1&amp;rel=0&amp;controls=2&amp;showinfo=0&amp;wmode=transparent&amp;autohide=2&amp;autoplay=0&amp;disablekb=0&amp;fs=1&amp;loop=0&amp;enablejsapi=1&amp;rel=0&amp;controls=2&amp;showinfo=1\" frameborder=\"0\" allow=\"accelerometer; autoplay; clipboard-write; encrypted-media; gyroscope; picture-in-picture\" allowfullscreen><\/iframe><\/div>\n<\/div>\n<h3>WORKDAYSTUDENT &#8211; CARATTERISTICHE<\/h3>\n<ul>\n<li><strong>Ammissioni degli studenti<\/strong>: rende il processo di ammissione veloce e facile sia per i dirigenti delle iscrizioni che per gli studenti.\u00a0Coinvolgi i potenziali clienti, gestisci le applicazioni e guida gli studenti nei loro viaggi accademici, tutto all&#8217;interno di un unico sistema<\/li>\n<li><strong>Consulenza accademica<\/strong>: aiuta gli studenti a trovare la strada giusta per il completamento del percorso accademico. Con funzioni di pianificazione accademica di facile utilizzo e informazioni dettagliate sui requisiti di laurea e sull&#8217;idoneit\u00e0, puoi tenere costantemente informati gli studenti sui loro progressi<\/li>\n<li><strong>Aiuto finanziario<\/strong>: ottieni la flessibilit\u00e0 e il controllo di cui hai bisogno per semplificare il processo di aiuto finanziario dall&#8217;inizio alla fine. Definisci i requisiti di assistenza specifici dell&#8217;istituto e automatizza i processi manuali, risparmiando tempo che puoi sfruttare per aiutare gli studenti ad andare avanti<\/li>\n<li><strong>Gestione finanziaria<\/strong>: Workday riunisce tutte le transazioni e le analisi degli studenti in un unico sistema, fornendo nuove informazioni sui report sui conti finanziari. Con una maggiore visibilit\u00e0, puoi aiutare gli studenti a soddisfare i loro obblighi finanziari e a rimanere sulla strada del successo<\/li>\n<li><strong>Gestione dei record degli studenti<\/strong>: consente a docenti, studenti e personale amministrativo di accedere rapidamente ai record accademici, monitorare i progressi e agire. Gli studenti beneficiano di un&#8217;esperienza di registrazione semplificata mentre il tuo istituto ottiene la flessibilit\u00e0 di progettare politiche e calendari accademici che funzionano per tutti.<\/li>\n<\/ul>\n<h4>LE RECENSIONI DEGLI UTENTI<\/h4>\n<p><strong>Kayla K. &#8220;Workday Student&#8221;<\/strong><br \/>\nCOMMENTI: mi piace molto. \u00c8 semplicissimo da usare e ha tutte le informazioni di cui ho bisogno sul mio lavoro e sul mio stipendio.<br \/>\nPRO: Workday ha reso super facile inserire tutte le mie ore. La parte migliore \u00e8 che \u00e8 collegata alla mia scuola. Posso trovarlo sul sito web della scuola e bloccarlo con il mio ID studente. Rende tutto cos\u00ec facile. \u00c8 semplicissimo da navigare e utilizzare. C&#8217;\u00e8 persino un&#8217;app che puoi mettere sul tuo telefono. Mi piace che mi scrivano un&#8217;email quando i miei viaggi sono stati approvati. Mi ha anche ricordato di inserire i miei orari se non l&#8217;ho fatto e sono dovuti presto. \u00c8 stato anche semplicissimo ottenere il mio modulo W2 durante la giornata lavorativa.<br \/>\nCONTRO: mi ci \u00e8 voluto un po&#8217; per imparare a usarlo, il mio datore di lavoro non lo ha spiegato bene.<\/p>\n<p><strong>Brian G. &#8220;Un&#8217;app che li governa tutti&#8221;<\/strong><br \/>\nCOMMENTI: nel complesso questo software ha tutto ci\u00f2 di cui ho bisogno. \u00c8 stato realizzato alla perfezione con pochissimi difetti. L&#8217;applicazione ha transizioni fluide ed \u00e8 facile da usare.<br \/>\nPRO: mi piace che ci sia un&#8217;applicazione per iPhone. Accedo costantemente a questa app con Touch ID e questa app ha tutto ci\u00f2 di cui potrei aver bisogno. Questa app mi consente di accedere al mio account, vantaggi, sconti e contattare altri in azienda.<br \/>\nCONTRO: l&#8217;app deve includere le ore in cui sto lavorando ed essere sincronizzata con Kronos. Ci\u00f2 consentirebbe all&#8217;applicazione di avere tutto ci\u00f2 di cui ho bisogno.<\/p>\n<p><strong>Kathryn W. &#8220;Meraviglioso strumento di formazione dei dipendenti&#8221;<\/strong><br \/>\nPRO: mi piace che ci siano pi\u00f9 funzionalit\u00e0 multimediali in questo software. Sono disponibili video, testo, caricamenti in pdf e attivit\u00e0 di partecipazione. \u00c8 anche bello che l&#8217;amministratore possa vedere quando ho finito un modulo.<br \/>\nCONTRO: a volte \u00e8 difficile iscriversi a un corso o lanciare i pacchetti. \u00c8 necessario aprire la finestra di navigazione in incognito e anche in questo caso non \u00e8 sempre perfetta. Sono necessari molti clic e passaggi per avviare un modulo.<\/p>\n","protected":false},"excerpt":{"rendered":"<p>Workday Student \u00e8 una piattaforma online creata per seguire l&#8217;evoluzione del mondo dell&#8217;istruzione che, negli ultimi anni, sta subendo un cambiamento radicale. Si tratta quindi di una soluzione moderna ed innovativa che si rivolge al personale e agli studenti di istituti superiori, universit\u00e0 per incrementare il loro coinvolgimento e migliorare la gestione amministrativa.<\/p>\n","protected":false},"author":17,"featured_media":39536,"parent":38766,"menu_order":0,"comment_status":"open","ping_status":"closed","template":"g1_template_page_review_new.php","meta":{"_acf_changed":false,"cwp_meta_box_check":"No","cwp_rev_product_name":"","cwp_rev_product_image":"","wppr_links":[],"cwp_rev_price":"","wppr_options":[],"wppr_pros":[],"wppr_cons":[],"_monsterinsights_skip_tracking":false,"_monsterinsights_sitenote_active":false,"_monsterinsights_sitenote_note":"","_monsterinsights_sitenote_category":0,"footnotes":""},"categories":[5417],"tags":[5465,5423,5447,5446,5471,5476],"features":[],"class_list":{"0":"post-39535","1":"page","2":"type-page","3":"status-publish","4":"has-post-thumbnail","6":"category-software-universita-categoria","7":"tag-gestionale-per-universita","8":"tag-gestionale-universita","9":"tag-piattaforma-per-universita","10":"tag-programma-per-univerita","11":"tag-software-per-univerista","12":"tag-soluzione-per-univerista"},"wppr_data":{"cwp_meta_box_check":"No"},"acf":[],"yoast_head":"<!-- This site is optimized with the Yoast SEO plugin v27.4 - https:\/\/yoast.com\/product\/yoast-seo-wordpress\/ -->\n<title>Workday Student: recensione software universit\u00e0 - Accurate Reviews<\/title>\n<meta name=\"description\" content=\"Workday Student \u00e8 un programma per universit\u00e0 e istituti superiori che ti permetter\u00e0 di automatizzazione molte attivit\u00e0 amministrative.\" \/>\n<meta name=\"robots\" content=\"index, follow, max-snippet:-1, max-image-preview:large, max-video-preview:-1\" \/>\n<link rel=\"canonical\" href=\"https:\/\/www.accuratereviews.com\/it\/software-universita\/workday-student-recensione\/\" \/>\n<meta property=\"og:locale\" content=\"it_IT\" \/>\n<meta property=\"og:type\" content=\"article\" \/>\n<meta property=\"og:title\" content=\"Workday Student: recensione software universit\u00e0 - Accurate Reviews\" \/>\n<meta property=\"og:description\" content=\"Workday Student \u00e8 un programma per universit\u00e0 e istituti superiori che ti permetter\u00e0 di automatizzazione molte attivit\u00e0 amministrative.\" \/>\n<meta property=\"og:url\" content=\"https:\/\/www.accuratereviews.com\/it\/software-universita\/workday-student-recensione\/\" \/>\n<meta property=\"og:site_name\" content=\"Accurate Reviews\" \/>\n<meta property=\"article:modified_time\" content=\"2021-04-23T13:08:12+00:00\" \/>\n<meta property=\"og:image\" content=\"https:\/\/www.accuratereviews.com\/wp-content\/uploads\/2021\/04\/Schermata-2021-04-06-alle-11.25.28.png\" \/>\n\t<meta property=\"og:image:width\" content=\"383\" \/>\n\t<meta property=\"og:image:height\" content=\"200\" \/>\n\t<meta property=\"og:image:type\" content=\"image\/png\" \/>\n<meta name=\"twitter:card\" content=\"summary_large_image\" \/>\n<meta name=\"twitter:label1\" content=\"Tempo di lettura stimato\" \/>\n\t<meta name=\"twitter:data1\" content=\"4 minuti\" \/>\n<script type=\"application\/ld+json\" class=\"yoast-schema-graph\">{\"@context\":\"https:\\\/\\\/schema.org\",\"@graph\":[{\"@type\":\"WebPage\",\"@id\":\"https:\\\/\\\/www.accuratereviews.com\\\/it\\\/software-universita\\\/workday-student-recensione\\\/\",\"url\":\"https:\\\/\\\/www.accuratereviews.com\\\/it\\\/software-universita\\\/workday-student-recensione\\\/\",\"name\":\"Workday Student: recensione software universit\u00e0 - Accurate Reviews\",\"isPartOf\":{\"@id\":\"https:\\\/\\\/www.accuratereviews.com\\\/it\\\/#website\"},\"primaryImageOfPage\":{\"@id\":\"https:\\\/\\\/www.accuratereviews.com\\\/it\\\/software-universita\\\/workday-student-recensione\\\/#primaryimage\"},\"image\":{\"@id\":\"https:\\\/\\\/www.accuratereviews.com\\\/it\\\/software-universita\\\/workday-student-recensione\\\/#primaryimage\"},\"thumbnailUrl\":\"https:\\\/\\\/www.accuratereviews.com\\\/wp-content\\\/uploads\\\/2021\\\/04\\\/Schermata-2021-04-06-alle-11.25.28.png\",\"datePublished\":\"2021-04-06T14:38:46+00:00\",\"dateModified\":\"2021-04-23T13:08:12+00:00\",\"description\":\"Workday Student \u00e8 un programma per universit\u00e0 e istituti superiori che ti permetter\u00e0 di automatizzazione molte attivit\u00e0 amministrative.\",\"breadcrumb\":{\"@id\":\"https:\\\/\\\/www.accuratereviews.com\\\/it\\\/software-universita\\\/workday-student-recensione\\\/#breadcrumb\"},\"inLanguage\":\"it-IT\",\"potentialAction\":[{\"@type\":\"ReadAction\",\"target\":[\"https:\\\/\\\/www.accuratereviews.com\\\/it\\\/software-universita\\\/workday-student-recensione\\\/\"]}]},{\"@type\":\"ImageObject\",\"inLanguage\":\"it-IT\",\"@id\":\"https:\\\/\\\/www.accuratereviews.com\\\/it\\\/software-universita\\\/workday-student-recensione\\\/#primaryimage\",\"url\":\"https:\\\/\\\/www.accuratereviews.com\\\/wp-content\\\/uploads\\\/2021\\\/04\\\/Schermata-2021-04-06-alle-11.25.28.png\",\"contentUrl\":\"https:\\\/\\\/www.accuratereviews.com\\\/wp-content\\\/uploads\\\/2021\\\/04\\\/Schermata-2021-04-06-alle-11.25.28.png\",\"width\":383,\"height\":200},{\"@type\":\"BreadcrumbList\",\"@id\":\"https:\\\/\\\/www.accuratereviews.com\\\/it\\\/software-universita\\\/workday-student-recensione\\\/#breadcrumb\",\"itemListElement\":[{\"@type\":\"ListItem\",\"position\":1,\"name\":\"Home\",\"item\":\"https:\\\/\\\/www.accuratereviews.com\\\/it\\\/\"},{\"@type\":\"ListItem\",\"position\":2,\"name\":\"Software per universit\u00e0\",\"item\":\"https:\\\/\\\/www.accuratereviews.com\\\/it\\\/software-universita\\\/\"},{\"@type\":\"ListItem\",\"position\":3,\"name\":\"Workday Student\"}]},{\"@type\":\"WebSite\",\"@id\":\"https:\\\/\\\/www.accuratereviews.com\\\/it\\\/#website\",\"url\":\"https:\\\/\\\/www.accuratereviews.com\\\/it\\\/\",\"name\":\"Accurate Reviews\",\"description\":\"\",\"potentialAction\":[{\"@type\":\"SearchAction\",\"target\":{\"@type\":\"EntryPoint\",\"urlTemplate\":\"https:\\\/\\\/www.accuratereviews.com\\\/it\\\/?s={search_term_string}\"},\"query-input\":{\"@type\":\"PropertyValueSpecification\",\"valueRequired\":true,\"valueName\":\"search_term_string\"}}],\"inLanguage\":\"it-IT\"}]}<\/script>\n<!-- \/ Yoast SEO plugin. -->","yoast_head_json":{"title":"Workday Student: recensione software universit\u00e0 - Accurate Reviews","description":"Workday Student \u00e8 un programma per universit\u00e0 e istituti superiori che ti permetter\u00e0 di automatizzazione molte attivit\u00e0 amministrative.","robots":{"index":"index","follow":"follow","max-snippet":"max-snippet:-1","max-image-preview":"max-image-preview:large","max-video-preview":"max-video-preview:-1"},"canonical":"https:\/\/www.accuratereviews.com\/it\/software-universita\/workday-student-recensione\/","og_locale":"it_IT","og_type":"article","og_title":"Workday Student: recensione software universit\u00e0 - Accurate Reviews","og_description":"Workday Student \u00e8 un programma per universit\u00e0 e istituti superiori che ti permetter\u00e0 di automatizzazione molte attivit\u00e0 amministrative.","og_url":"https:\/\/www.accuratereviews.com\/it\/software-universita\/workday-student-recensione\/","og_site_name":"Accurate Reviews","article_modified_time":"2021-04-23T13:08:12+00:00","og_image":[{"width":383,"height":200,"url":"https:\/\/www.accuratereviews.com\/wp-content\/uploads\/2021\/04\/Schermata-2021-04-06-alle-11.25.28.png","type":"image\/png"}],"twitter_card":"summary_large_image","twitter_misc":{"Tempo di lettura stimato":"4 minuti"},"schema":{"@context":"https:\/\/schema.org","@graph":[{"@type":"WebPage","@id":"https:\/\/www.accuratereviews.com\/it\/software-universita\/workday-student-recensione\/","url":"https:\/\/www.accuratereviews.com\/it\/software-universita\/workday-student-recensione\/","name":"Workday Student: recensione software universit\u00e0 - Accurate Reviews","isPartOf":{"@id":"https:\/\/www.accuratereviews.com\/it\/#website"},"primaryImageOfPage":{"@id":"https:\/\/www.accuratereviews.com\/it\/software-universita\/workday-student-recensione\/#primaryimage"},"image":{"@id":"https:\/\/www.accuratereviews.com\/it\/software-universita\/workday-student-recensione\/#primaryimage"},"thumbnailUrl":"https:\/\/www.accuratereviews.com\/wp-content\/uploads\/2021\/04\/Schermata-2021-04-06-alle-11.25.28.png","datePublished":"2021-04-06T14:38:46+00:00","dateModified":"2021-04-23T13:08:12+00:00","description":"Workday Student \u00e8 un programma per universit\u00e0 e istituti superiori che ti permetter\u00e0 di automatizzazione molte attivit\u00e0 amministrative.","breadcrumb":{"@id":"https:\/\/www.accuratereviews.com\/it\/software-universita\/workday-student-recensione\/#breadcrumb"},"inLanguage":"it-IT","potentialAction":[{"@type":"ReadAction","target":["https:\/\/www.accuratereviews.com\/it\/software-universita\/workday-student-recensione\/"]}]},{"@type":"ImageObject","inLanguage":"it-IT","@id":"https:\/\/www.accuratereviews.com\/it\/software-universita\/workday-student-recensione\/#primaryimage","url":"https:\/\/www.accuratereviews.com\/wp-content\/uploads\/2021\/04\/Schermata-2021-04-06-alle-11.25.28.png","contentUrl":"https:\/\/www.accuratereviews.com\/wp-content\/uploads\/2021\/04\/Schermata-2021-04-06-alle-11.25.28.png","width":383,"height":200},{"@type":"BreadcrumbList","@id":"https:\/\/www.accuratereviews.com\/it\/software-universita\/workday-student-recensione\/#breadcrumb","itemListElement":[{"@type":"ListItem","position":1,"name":"Home","item":"https:\/\/www.accuratereviews.com\/it\/"},{"@type":"ListItem","position":2,"name":"Software per universit\u00e0","item":"https:\/\/www.accuratereviews.com\/it\/software-universita\/"},{"@type":"ListItem","position":3,"name":"Workday Student"}]},{"@type":"WebSite","@id":"https:\/\/www.accuratereviews.com\/it\/#website","url":"https:\/\/www.accuratereviews.com\/it\/","name":"Accurate Reviews","description":"","potentialAction":[{"@type":"SearchAction","target":{"@type":"EntryPoint","urlTemplate":"https:\/\/www.accuratereviews.com\/it\/?s={search_term_string}"},"query-input":{"@type":"PropertyValueSpecification","valueRequired":true,"valueName":"search_term_string"}}],"inLanguage":"it-IT"}]}},"_links":{"self":[{"href":"https:\/\/www.accuratereviews.com\/it\/wp-json\/wp\/v2\/pages\/39535","targetHints":{"allow":["GET"]}}],"collection":[{"href":"https:\/\/www.accuratereviews.com\/it\/wp-json\/wp\/v2\/pages"}],"about":[{"href":"https:\/\/www.accuratereviews.com\/it\/wp-json\/wp\/v2\/types\/page"}],"author":[{"embeddable":true,"href":"https:\/\/www.accuratereviews.com\/it\/wp-json\/wp\/v2\/users\/17"}],"replies":[{"embeddable":true,"href":"https:\/\/www.accuratereviews.com\/it\/wp-json\/wp\/v2\/comments?post=39535"}],"version-history":[{"count":8,"href":"https:\/\/www.accuratereviews.com\/it\/wp-json\/wp\/v2\/pages\/39535\/revisions"}],"predecessor-version":[{"id":40897,"href":"https:\/\/www.accuratereviews.com\/it\/wp-json\/wp\/v2\/pages\/39535\/revisions\/40897"}],"up":[{"embeddable":true,"href":"https:\/\/www.accuratereviews.com\/it\/wp-json\/wp\/v2\/pages\/38766"}],"wp:featuredmedia":[{"embeddable":true,"href":"https:\/\/www.accuratereviews.com\/it\/wp-json\/wp\/v2\/media\/39536"}],"wp:attachment":[{"href":"https:\/\/www.accuratereviews.com\/it\/wp-json\/wp\/v2\/media?parent=39535"}],"wp:term":[{"taxonomy":"category","embeddable":true,"href":"https:\/\/www.accuratereviews.com\/it\/wp-json\/wp\/v2\/categories?post=39535"},{"taxonomy":"post_tag","embeddable":true,"href":"https:\/\/www.accuratereviews.com\/it\/wp-json\/wp\/v2\/tags?post=39535"},{"taxonomy":"features","embeddable":true,"href":"https:\/\/www.accuratereviews.com\/it\/wp-json\/wp\/v2\/features?post=39535"}],"curies":[{"name":"wp","href":"https:\/\/api.w.org\/{rel}","templated":true}]}}