{"id":39555,"date":"2021-04-06T14:35:37","date_gmt":"2021-04-06T14:35:37","guid":{"rendered":"https:\/\/www.accuratereviews.com\/?page_id=39555"},"modified":"2021-04-06T14:35:37","modified_gmt":"2021-04-06T14:35:37","slug":"powervista-rollcall-recensione","status":"publish","type":"page","link":"https:\/\/www.accuratereviews.com\/it\/software-universita\/powervista-rollcall-recensione\/","title":{"rendered":"PowerVista RollCall"},"content":{"rendered":"<p><strong>PowerVista RollCall<\/strong> \u00e8 un programma sviluppato per supportare scuole, universit\u00e0, istituti di\u00a0educazione permanente, di formazione e associazioni no profit nella gestione amministrativa. Automatizza tutte le attivit\u00e0 pi\u00f9 meccaniche rendendo tutto pi\u00f9 semplice e offrendo avvisi sui progressi degli studenti, gestendo tutte le spese finanziarie, i dati, i corsi di laurea, i moduli personalizzabili, i report, le statistiche in modo tale da essere sempre aggiornati su tutto. <strong>PowerVista RollCall<\/strong> non \u00e8 solo semplice da usare ma \u00e8 anche facile da installare e dispone di 6 mesi di supporto e formazione illimitati.<\/p>\n<div id=\"attachment_39563\" style=\"width: 522px\" class=\"wp-caption aligncenter\"><a href=\"https:\/\/www.accuratereviews.com\/wp-content\/uploads\/2021\/04\/unnamed.jpg\"><img loading=\"lazy\" decoding=\"async\" aria-describedby=\"caption-attachment-39563\" class=\"wp-image-39563 size-full\" src=\"https:\/\/www.accuratereviews.com\/wp-content\/uploads\/2021\/04\/unnamed.jpg\" alt=\"\" width=\"512\" height=\"512\" srcset=\"https:\/\/www.accuratereviews.com\/wp-content\/uploads\/2021\/04\/unnamed.jpg 512w, https:\/\/www.accuratereviews.com\/wp-content\/uploads\/2021\/04\/unnamed-300x300.jpg 300w, https:\/\/www.accuratereviews.com\/wp-content\/uploads\/2021\/04\/unnamed-150x150.jpg 150w, https:\/\/www.accuratereviews.com\/wp-content\/uploads\/2021\/04\/unnamed-125x125.jpg 125w, https:\/\/www.accuratereviews.com\/wp-content\/uploads\/2021\/04\/unnamed-50x50.jpg 50w, https:\/\/www.accuratereviews.com\/wp-content\/uploads\/2021\/04\/unnamed-320x320.jpg 320w, https:\/\/www.accuratereviews.com\/wp-content\/uploads\/2021\/04\/unnamed-239x239.jpg 239w, https:\/\/www.accuratereviews.com\/wp-content\/uploads\/2021\/04\/unnamed-55x55.jpg 55w\" sizes=\"auto, (max-width: 512px) 100vw, 512px\" \/><\/a><p id=\"caption-attachment-39563\" class=\"wp-caption-text\">Online Business, flat icon set &#8211; Concept. Elements are on different layers.<\/p><\/div>\n<p>&nbsp;<\/p>\n<h3>POWERVISTA ROLLCALL &#8211; CARATTERISTICHE<\/h3>\n<ul>\n<li><strong>Gestione degli studenti<\/strong>: valori di stato personalizzabili, date di validit\u00e0 dell&#8217;iscrizione, contatti di emergenza, cronologia del corso, rapporti sulle prestazioni, informazioni di contatto e foto ID. \u00c8 possibile tenere traccia di ID, email e nome alternativi, un numero illimitato di record di indirizzi associati, informazioni sui contatti<\/li>\n<li><strong>Gestione delle classi<\/strong>: organizza corsi con una grande quantit\u00e0 di informazioni. Il record della classe controlla la pianificazione, la politica del voto utilizzata, la modalit\u00e0 di pianificazione degli esami, se \u00e8 consentita la registrazione web e assegna il contenuto accademico. Puoi impostare una classe in modo che abbia alcuni contenuti di apprendimento a distanza, che sia al 100% in aula o al 100% online<\/li>\n<li><strong>Prospettive<\/strong>: RollCall tiene traccia di tutte le informazioni necessarie per reclutare studenti di alta qualit\u00e0. Imposta e gestisci i potenziali clienti con criteri di ammissione definiti dall&#8217;utente per corso di laurea. Trasferisci uno studente con un clic e conserva tutte le informazioni del potenziale studente<\/li>\n<li><strong>Gestione degli insegnanti<\/strong>: RollCall tiene traccia delle informazioni dell&#8217;istruttore, comprese le competenze definite dall&#8217;utente per la stampa di biografie o informazioni sull&#8217;accreditamento, il monitoraggio delle ore di insegnamento dell&#8217;istruttore e il supporto dell&#8217;accesso web dell&#8217;istruttore per la valutazione, la partecipazione e le informazioni sull&#8217;assegnazione<\/li>\n<li><strong>Gestione finanziaria<\/strong>: RollCall supporta tre tipi di attivit\u00e0 di fatturazione: fatturazione manuale, fatturazione dei contratti di istruzione e generazione automatica della fatturazione per la registrazione della classe. Qualsiasi tipo di fattura pu\u00f2 avere uno scadenzario pagamenti allegato. RollCall tiene traccia anche delle informazioni sulle borse di studio e sui prestiti da parte degli studenti e supporta l&#8217;applicazione come pagamento delle fatture<\/li>\n<li><strong>Gestione dei corsi di laurea<\/strong>: visualizza i progressi dello studente verso il conseguimento della laurea sia sul web che per il personale amministrativo e i consulenti. Aggiornato automaticamente con registrazioni, assegnazione di voti e modifiche alla definizione del programma. I report\/finestre dell&#8217;audit di laurea visualizzano situazioni di avviso quali esami mancati, mancate presenze e voti finali mancanti.<\/li>\n<\/ul>\n<h4>LE RECENSIONI DEGLI UTENTI<\/h4>\n<p><strong>Marcelo D. &#8220;RollCall&#8221;<\/strong><br \/>\nCOMMENTI: penso che il supporto sia ottimo ma per migliorarlo e renderlo perfetto potrebbe fare qualcosa come iLink o Go to Meeting. A volte le cose di cui ho bisogno sono semplici ma quando il supporto arriva da un&#8217;email non \u00e8 sempre semplice.<br \/>\nPRO: traccia studenti, classi e tutti i tipi di report in modo semplice.<br \/>\nCONTRO: lento, GPA a volte non \u00e8 corretto.<\/p>\n<p><strong>David S. &#8220;Questo \u00e8 un ottimo software per programmi di database per studenti&#8221;<\/strong><br \/>\nCOMMENTI: facilit\u00e0 di accesso alle informazioni.<br \/>\nPRO: l&#8217;organizzazione delle informazioni sui dati insieme al numero di report disponibili. Il servizio clienti \u00e8 eccezionale, facilit\u00e0 di contatto e conoscenza del software.<br \/>\nCONTRO: il manuale utente deve essere aggiornato e dovrebbe essere realizzato per un utente finale e non per un tecnico informatico. I nomi predefiniti sulle intestazioni devono essere modificabili dall&#8217;utente.<\/p>\n<p><strong>Darlene T. &#8220;I nostri requisiti sono davvero unici, ma con l&#8217;aiuto e un po&#8217; di lavoro personalizzato, il software funzioner\u00e0 bene!&#8221;<\/strong><br \/>\nPRO: questo \u00e8 molto pi\u00f9 versatile e robusto del nostro sistema precedente. Consente la crescita nella scuola insieme alla personalizzazione richiesta.<br \/>\nCONTRO: alcuni degli elementi non erano flessibili a causa della natura standard. Tuttavia, il supporto ha sempre trovato un modo per raggiungere i nostri obiettivi in \u200b\u200bmodo diverso.<\/p>\n","protected":false},"excerpt":{"rendered":"<p>PowerVista RollCall \u00e8 un programma sviluppato per supportare scuole, universit\u00e0, istituti di\u00a0educazione permanente, di formazione e associazioni no profit nella gestione amministrativa. Automatizza tutte le attivit\u00e0 pi\u00f9 meccaniche rendendo tutto pi\u00f9 semplice e facendoti risparmiare tempo ed energie.<\/p>\n","protected":false},"author":17,"featured_media":39560,"parent":38766,"menu_order":0,"comment_status":"open","ping_status":"closed","template":"g1_template_page_review_new.php","meta":{"_acf_changed":false,"cwp_meta_box_check":"No","cwp_rev_product_name":"","cwp_rev_product_image":"","wppr_links":[],"cwp_rev_price":"","wppr_options":[],"wppr_pros":[],"wppr_cons":[],"_monsterinsights_skip_tracking":false,"_monsterinsights_sitenote_active":false,"_monsterinsights_sitenote_note":"","_monsterinsights_sitenote_category":0,"footnotes":""},"categories":[5417],"tags":[5465,5423,5447,5421,5420,5422],"features":[],"class_list":{"0":"post-39555","1":"page","2":"type-page","3":"status-publish","4":"has-post-thumbnail","6":"category-software-universita-categoria","7":"tag-gestionale-per-universita","8":"tag-gestionale-universita","9":"tag-piattaforma-per-universita","10":"tag-programma-per-universita","11":"tag-software-per-universita","12":"tag-soluzione-per-universita"},"wppr_data":{"cwp_meta_box_check":"No"},"acf":[],"yoast_head":"<!-- This site is optimized with the Yoast SEO plugin v27.4 - https:\/\/yoast.com\/product\/yoast-seo-wordpress\/ -->\n<title>PowerVista RollCall: recensione software universit\u00e0 - Accurate Reviews<\/title>\n<meta name=\"description\" content=\"PowerVista RollCall \u00e8 un programma sviluppato per supportare scuole, universit\u00e0, associazioni no profit nella gestione amministrativa.\" \/>\n<meta name=\"robots\" content=\"index, follow, max-snippet:-1, max-image-preview:large, max-video-preview:-1\" \/>\n<link rel=\"canonical\" href=\"https:\/\/www.accuratereviews.com\/it\/software-universita\/powervista-rollcall-recensione\/\" \/>\n<meta property=\"og:locale\" content=\"it_IT\" \/>\n<meta property=\"og:type\" content=\"article\" \/>\n<meta property=\"og:title\" content=\"PowerVista RollCall: recensione software universit\u00e0 - Accurate Reviews\" \/>\n<meta property=\"og:description\" content=\"PowerVista RollCall \u00e8 un programma sviluppato per supportare scuole, universit\u00e0, associazioni no profit nella gestione amministrativa.\" \/>\n<meta property=\"og:url\" content=\"https:\/\/www.accuratereviews.com\/it\/software-universita\/powervista-rollcall-recensione\/\" \/>\n<meta property=\"og:site_name\" content=\"Accurate Reviews\" \/>\n<meta property=\"og:image\" content=\"https:\/\/www.accuratereviews.com\/wp-content\/uploads\/2021\/04\/Schermata-2021-04-06-alle-15.42.18-1.png\" \/>\n\t<meta property=\"og:image:width\" content=\"610\" \/>\n\t<meta property=\"og:image:height\" content=\"200\" \/>\n\t<meta property=\"og:image:type\" content=\"image\/png\" \/>\n<meta name=\"twitter:card\" content=\"summary_large_image\" \/>\n<meta name=\"twitter:label1\" content=\"Tempo di lettura stimato\" \/>\n\t<meta name=\"twitter:data1\" content=\"4 minuti\" \/>\n<script type=\"application\/ld+json\" class=\"yoast-schema-graph\">{\"@context\":\"https:\\\/\\\/schema.org\",\"@graph\":[{\"@type\":\"WebPage\",\"@id\":\"https:\\\/\\\/www.accuratereviews.com\\\/it\\\/software-universita\\\/powervista-rollcall-recensione\\\/\",\"url\":\"https:\\\/\\\/www.accuratereviews.com\\\/it\\\/software-universita\\\/powervista-rollcall-recensione\\\/\",\"name\":\"PowerVista RollCall: recensione software universit\u00e0 - Accurate Reviews\",\"isPartOf\":{\"@id\":\"https:\\\/\\\/www.accuratereviews.com\\\/it\\\/#website\"},\"primaryImageOfPage\":{\"@id\":\"https:\\\/\\\/www.accuratereviews.com\\\/it\\\/software-universita\\\/powervista-rollcall-recensione\\\/#primaryimage\"},\"image\":{\"@id\":\"https:\\\/\\\/www.accuratereviews.com\\\/it\\\/software-universita\\\/powervista-rollcall-recensione\\\/#primaryimage\"},\"thumbnailUrl\":\"https:\\\/\\\/www.accuratereviews.com\\\/wp-content\\\/uploads\\\/2021\\\/04\\\/Schermata-2021-04-06-alle-15.42.18-1.png\",\"datePublished\":\"2021-04-06T14:35:37+00:00\",\"description\":\"PowerVista RollCall \u00e8 un programma sviluppato per supportare scuole, universit\u00e0, associazioni no profit nella gestione amministrativa.\",\"breadcrumb\":{\"@id\":\"https:\\\/\\\/www.accuratereviews.com\\\/it\\\/software-universita\\\/powervista-rollcall-recensione\\\/#breadcrumb\"},\"inLanguage\":\"it-IT\",\"potentialAction\":[{\"@type\":\"ReadAction\",\"target\":[\"https:\\\/\\\/www.accuratereviews.com\\\/it\\\/software-universita\\\/powervista-rollcall-recensione\\\/\"]}]},{\"@type\":\"ImageObject\",\"inLanguage\":\"it-IT\",\"@id\":\"https:\\\/\\\/www.accuratereviews.com\\\/it\\\/software-universita\\\/powervista-rollcall-recensione\\\/#primaryimage\",\"url\":\"https:\\\/\\\/www.accuratereviews.com\\\/wp-content\\\/uploads\\\/2021\\\/04\\\/Schermata-2021-04-06-alle-15.42.18-1.png\",\"contentUrl\":\"https:\\\/\\\/www.accuratereviews.com\\\/wp-content\\\/uploads\\\/2021\\\/04\\\/Schermata-2021-04-06-alle-15.42.18-1.png\",\"width\":610,\"height\":200},{\"@type\":\"BreadcrumbList\",\"@id\":\"https:\\\/\\\/www.accuratereviews.com\\\/it\\\/software-universita\\\/powervista-rollcall-recensione\\\/#breadcrumb\",\"itemListElement\":[{\"@type\":\"ListItem\",\"position\":1,\"name\":\"Home\",\"item\":\"https:\\\/\\\/www.accuratereviews.com\\\/it\\\/\"},{\"@type\":\"ListItem\",\"position\":2,\"name\":\"Software per universit\u00e0\",\"item\":\"https:\\\/\\\/www.accuratereviews.com\\\/it\\\/software-universita\\\/\"},{\"@type\":\"ListItem\",\"position\":3,\"name\":\"PowerVista RollCall\"}]},{\"@type\":\"WebSite\",\"@id\":\"https:\\\/\\\/www.accuratereviews.com\\\/it\\\/#website\",\"url\":\"https:\\\/\\\/www.accuratereviews.com\\\/it\\\/\",\"name\":\"Accurate Reviews\",\"description\":\"\",\"potentialAction\":[{\"@type\":\"SearchAction\",\"target\":{\"@type\":\"EntryPoint\",\"urlTemplate\":\"https:\\\/\\\/www.accuratereviews.com\\\/it\\\/?s={search_term_string}\"},\"query-input\":{\"@type\":\"PropertyValueSpecification\",\"valueRequired\":true,\"valueName\":\"search_term_string\"}}],\"inLanguage\":\"it-IT\"}]}<\/script>\n<!-- \/ Yoast SEO plugin. -->","yoast_head_json":{"title":"PowerVista RollCall: recensione software universit\u00e0 - Accurate Reviews","description":"PowerVista RollCall \u00e8 un programma sviluppato per supportare scuole, universit\u00e0, associazioni no profit nella gestione amministrativa.","robots":{"index":"index","follow":"follow","max-snippet":"max-snippet:-1","max-image-preview":"max-image-preview:large","max-video-preview":"max-video-preview:-1"},"canonical":"https:\/\/www.accuratereviews.com\/it\/software-universita\/powervista-rollcall-recensione\/","og_locale":"it_IT","og_type":"article","og_title":"PowerVista RollCall: recensione software universit\u00e0 - Accurate Reviews","og_description":"PowerVista RollCall \u00e8 un programma sviluppato per supportare scuole, universit\u00e0, associazioni no profit nella gestione amministrativa.","og_url":"https:\/\/www.accuratereviews.com\/it\/software-universita\/powervista-rollcall-recensione\/","og_site_name":"Accurate Reviews","og_image":[{"width":610,"height":200,"url":"https:\/\/www.accuratereviews.com\/wp-content\/uploads\/2021\/04\/Schermata-2021-04-06-alle-15.42.18-1.png","type":"image\/png"}],"twitter_card":"summary_large_image","twitter_misc":{"Tempo di lettura stimato":"4 minuti"},"schema":{"@context":"https:\/\/schema.org","@graph":[{"@type":"WebPage","@id":"https:\/\/www.accuratereviews.com\/it\/software-universita\/powervista-rollcall-recensione\/","url":"https:\/\/www.accuratereviews.com\/it\/software-universita\/powervista-rollcall-recensione\/","name":"PowerVista RollCall: recensione software universit\u00e0 - Accurate Reviews","isPartOf":{"@id":"https:\/\/www.accuratereviews.com\/it\/#website"},"primaryImageOfPage":{"@id":"https:\/\/www.accuratereviews.com\/it\/software-universita\/powervista-rollcall-recensione\/#primaryimage"},"image":{"@id":"https:\/\/www.accuratereviews.com\/it\/software-universita\/powervista-rollcall-recensione\/#primaryimage"},"thumbnailUrl":"https:\/\/www.accuratereviews.com\/wp-content\/uploads\/2021\/04\/Schermata-2021-04-06-alle-15.42.18-1.png","datePublished":"2021-04-06T14:35:37+00:00","description":"PowerVista RollCall \u00e8 un programma sviluppato per supportare scuole, universit\u00e0, associazioni no profit nella gestione amministrativa.","breadcrumb":{"@id":"https:\/\/www.accuratereviews.com\/it\/software-universita\/powervista-rollcall-recensione\/#breadcrumb"},"inLanguage":"it-IT","potentialAction":[{"@type":"ReadAction","target":["https:\/\/www.accuratereviews.com\/it\/software-universita\/powervista-rollcall-recensione\/"]}]},{"@type":"ImageObject","inLanguage":"it-IT","@id":"https:\/\/www.accuratereviews.com\/it\/software-universita\/powervista-rollcall-recensione\/#primaryimage","url":"https:\/\/www.accuratereviews.com\/wp-content\/uploads\/2021\/04\/Schermata-2021-04-06-alle-15.42.18-1.png","contentUrl":"https:\/\/www.accuratereviews.com\/wp-content\/uploads\/2021\/04\/Schermata-2021-04-06-alle-15.42.18-1.png","width":610,"height":200},{"@type":"BreadcrumbList","@id":"https:\/\/www.accuratereviews.com\/it\/software-universita\/powervista-rollcall-recensione\/#breadcrumb","itemListElement":[{"@type":"ListItem","position":1,"name":"Home","item":"https:\/\/www.accuratereviews.com\/it\/"},{"@type":"ListItem","position":2,"name":"Software per universit\u00e0","item":"https:\/\/www.accuratereviews.com\/it\/software-universita\/"},{"@type":"ListItem","position":3,"name":"PowerVista RollCall"}]},{"@type":"WebSite","@id":"https:\/\/www.accuratereviews.com\/it\/#website","url":"https:\/\/www.accuratereviews.com\/it\/","name":"Accurate Reviews","description":"","potentialAction":[{"@type":"SearchAction","target":{"@type":"EntryPoint","urlTemplate":"https:\/\/www.accuratereviews.com\/it\/?s={search_term_string}"},"query-input":{"@type":"PropertyValueSpecification","valueRequired":true,"valueName":"search_term_string"}}],"inLanguage":"it-IT"}]}},"_links":{"self":[{"href":"https:\/\/www.accuratereviews.com\/it\/wp-json\/wp\/v2\/pages\/39555","targetHints":{"allow":["GET"]}}],"collection":[{"href":"https:\/\/www.accuratereviews.com\/it\/wp-json\/wp\/v2\/pages"}],"about":[{"href":"https:\/\/www.accuratereviews.com\/it\/wp-json\/wp\/v2\/types\/page"}],"author":[{"embeddable":true,"href":"https:\/\/www.accuratereviews.com\/it\/wp-json\/wp\/v2\/users\/17"}],"replies":[{"embeddable":true,"href":"https:\/\/www.accuratereviews.com\/it\/wp-json\/wp\/v2\/comments?post=39555"}],"version-history":[{"count":6,"href":"https:\/\/www.accuratereviews.com\/it\/wp-json\/wp\/v2\/pages\/39555\/revisions"}],"predecessor-version":[{"id":39575,"href":"https:\/\/www.accuratereviews.com\/it\/wp-json\/wp\/v2\/pages\/39555\/revisions\/39575"}],"up":[{"embeddable":true,"href":"https:\/\/www.accuratereviews.com\/it\/wp-json\/wp\/v2\/pages\/38766"}],"wp:featuredmedia":[{"embeddable":true,"href":"https:\/\/www.accuratereviews.com\/it\/wp-json\/wp\/v2\/media\/39560"}],"wp:attachment":[{"href":"https:\/\/www.accuratereviews.com\/it\/wp-json\/wp\/v2\/media?parent=39555"}],"wp:term":[{"taxonomy":"category","embeddable":true,"href":"https:\/\/www.accuratereviews.com\/it\/wp-json\/wp\/v2\/categories?post=39555"},{"taxonomy":"post_tag","embeddable":true,"href":"https:\/\/www.accuratereviews.com\/it\/wp-json\/wp\/v2\/tags?post=39555"},{"taxonomy":"features","embeddable":true,"href":"https:\/\/www.accuratereviews.com\/it\/wp-json\/wp\/v2\/features?post=39555"}],"curies":[{"name":"wp","href":"https:\/\/api.w.org\/{rel}","templated":true}]}}