{"id":39726,"date":"2021-04-12T19:40:01","date_gmt":"2021-04-12T19:40:01","guid":{"rendered":"https:\/\/www.accuratereviews.com\/?page_id=39726"},"modified":"2021-04-23T12:48:18","modified_gmt":"2021-04-23T12:48:18","slug":"ynot-recensione","status":"publish","type":"page","link":"https:\/\/www.accuratereviews.com\/it\/software-universita\/ynot-recensione\/","title":{"rendered":"Ynot"},"content":{"rendered":"<p><strong>Ynot<\/strong> \u00e8 una <strong>soluzione completa<\/strong> basata su cloud <strong>per istituti di istruzione<\/strong> che combina CRM, ammissioni e gestione dei lead su un&#8217;unica piattaforma centralizzata. Con questo software, gli addetti alle ammissioni e i leader possono tenere traccia dei dati di tutti i potenziali studenti, comprese le telefonate e le conversazioni via email e sms. Questa soluzione pu\u00f2 integrarsi con il SIS esistente e altri sistemi di terze parti. Con Ynot, i rappresentanti delle ammissioni possono utilizzare campagne di posta elettronica e di testo, flussi di lavoro di iscrizione, avanzamento dei lead basato su trigger, un calendario delle attivit\u00e0 quotidiane, chiamate in entrata\/uscita e altro ancora. Le chiamate con potenziali studenti possono essere registrate e aggiunte ai record dei contatti all&#8217;interno del programma.<\/p>\n<h2>YNOT &#8211; TUTORIAL<\/h2>\n<p>Guardiamo come pu\u00f2 migliorare il tuo lavoro questo <strong>software per universit\u00e0<\/strong>:<\/p>\n<div id=\"fluid-wrapper-counter-1\" class=\"g1-fluid-wrapper \" style=\"width:686px;\">\n<div style=\"padding-bottom:56.268221574344%;\"><iframe loading=\"lazy\" title=\"Ynot One Technology Solution\" width=\"686\" height=\"386\" src=\"https:\/\/www.youtube.com\/embed\/XOQXB4kC16A?feature=oembed&amp;wmode=transparent&amp;autohide=1&amp;autoplay=0&amp;disablekb=0&amp;fs=1&amp;loop=0&amp;enablejsapi=1&amp;rel=0&amp;controls=2&amp;showinfo=0&amp;wmode=transparent&amp;autohide=2&amp;autoplay=0&amp;disablekb=0&amp;fs=1&amp;loop=0&amp;enablejsapi=1&amp;rel=0&amp;controls=2&amp;showinfo=1\" frameborder=\"0\" allow=\"accelerometer; autoplay; clipboard-write; encrypted-media; gyroscope; picture-in-picture\" allowfullscreen><\/iframe><\/div>\n<\/div>\n<h3>YNOT &#8211; CARATTERISTICHE<\/h3>\n<ul>\n<li><strong>Design intuitivo<\/strong>: aumenta la produttivit\u00e0 del tuo rappresentante per le ammissioni visto la facilit\u00e0 d&#8217;uso di questo programma<\/li>\n<li><strong>Facili integrazioni di terze parti<\/strong>: si integra perfettamente con i sistemi informativi degli studenti e riduce la necessit\u00e0 di pi\u00f9 sistemi poich\u00e9 si tratta di una soluzione CRM all-in-one<\/li>\n<li><strong>Aumenta la produttivit\u00e0 delle ammissioni<\/strong>: i\u00a0rappresentanti possono effettuare chiamate direttamente dal record del potenziale studente senza dover passare da un sistema all&#8217;altro.<\/li>\n<li><strong>Power Dialer:<\/strong> riduci il tempo che i tuoi rappresentanti dedicano alla ricerca di potenziali clienti. Avere conversazioni pi\u00f9 significative.<\/li>\n<li><strong>Lead Management<\/strong>: inizia subito a interagire con i potenziali studenti tramite messaggi di testo, email e telefonate.<\/li>\n<\/ul>\n<h4>LE RECENSIONI DEGLI UTENTI<\/h4>\n<p class=\"font-weight-bold mb-1 d-flex align-items-center\"><strong>Katherine M.&#8221;Software corretto, prezzo corretto, valore massimo&#8221;<\/strong><\/p>\n<p><strong>Commenti: <\/strong>Eccellente servizio clienti; veloce, efficiente e premuroso. La nostra scuola ha una configurazione e esigenze davvero uniche e mi sono rassegnato al fatto che non ci sar\u00e0 un CRM in grado di ospitarci finch\u00e9, naturalmente, non mi sono imbattuto in YNOT. \u00c8 stata la decisione migliore che abbiamo preso e tutto questo per una frazione del prezzo di altre piattaforme<\/p>\n<p><strong>Pro: <\/strong>Una piattaforma multifunzionale che pu\u00f2 ospitare qualsiasi utente e un fantastico strumento di gestione che consente di stabilire o gestire il budget in modo semplice. La struttura &#8220;non complessa della piattaforma \u00e8 facile da implementare e utilizzare e il design non ingombrante incoraggia ogni utente a interagire.<\/p>\n<p><strong>Contro: <\/strong>Non c&#8217;\u00e8 niente che non mi piaccia del software.\u00a0Raccomando comunque che eventuali modifiche, miglioramenti o aggiunte siano comunicati agli iscritti e una piccola sessione di formazione (di persona o registrata) sarebbe il massimo.<\/p>\n<p class=\"font-weight-bold mb-1 d-flex align-items-center\"><strong>Yesenia B.&#8221;Perch\u00e9 no&#8221;<\/strong><\/p>\n<p><strong>Commenti: <\/strong>Da quando utilizzo YNOT, quello che mi piace di pi\u00f9 \u00e8 che aggiungono sempre nuove cose a vantaggio dell&#8217;azienda.\u00a0Non vedo l&#8217;ora che creino un&#8217;app che puoi scaricare sul tuo telefono, se possibile.<\/p>\n<p><strong>Pro: <\/strong>Il programma \u00e8 facile da usare e ti offre la possibilit\u00e0 di chiamare, inviare testo ed email.<\/p>\n<p><strong>Contro: <\/strong>A volte ha dei glitch, ma la cosa bella \u00e8 che contatto l&#8217;assistenza e loro rispondono immediatamente<\/p>\n<p class=\"font-weight-bold mb-1 d-flex align-items-center\"><strong>Marie R.&#8221;Il miglior CRM che abbia mai usato.&#8221;<\/strong><\/p>\n<p><strong>Commenti: <\/strong>Sono super soddisfatto di questo CRM. Il team tecnico era molto comprensivo delle mie esigenze e ha fatto di tutto per farmi andare LIVE anche prima della data prevista per l&#8217;inizio del mio progetto. Il servizio clienti \u00e8 fenomenale: sono riconoscibili, efficienti e seguono le richieste in modo molto tempestivo e professionale.<\/p>\n<p><strong>Vantaggi: <\/strong>Software molto semplice e facile da usare. Integrazione molto semplice con quella dei miei clienti. Puoi praticamente utilizzare questo software anche senza la guida \/ la formazione del team CRM poich\u00e9 il software \u00e8 specificamente adattato alle tue esigenze. I miei clienti sono anche in grado di utilizzare il software, avendo i propri accessi per scopi di report!<\/p>\n<p><strong>Inconvenienti: <\/strong>Sono estremamente soddisfatto di questo prodotto! I miei dipendenti sono soddisfatti e i miei clienti sono soddisfatti.<\/p>\n<p>&nbsp;<\/p>\n","protected":false},"excerpt":{"rendered":"<p>Ynot \u00e8 una soluzione completa basata su cloud per istituti di istruzione\u00a0che combina CRM, ammissioni e gestione dei lead su un&#8217;unica piattaforma centralizzata. Con questo software, gli addetti alle ammissioni e i leader possono tenere traccia dei dati di tutti i potenziali studenti, comprese le telefonate e le conversazioni via email \/ SMS.<\/p>\n","protected":false},"author":19,"featured_media":39736,"parent":38766,"menu_order":0,"comment_status":"open","ping_status":"closed","template":"g1_template_page_review_new.php","meta":{"_acf_changed":false,"cwp_meta_box_check":"No","cwp_rev_product_name":"","cwp_rev_product_image":"","wppr_links":[],"cwp_rev_price":"","wppr_options":[],"wppr_pros":[],"wppr_cons":[],"_monsterinsights_skip_tracking":false,"_monsterinsights_sitenote_active":false,"_monsterinsights_sitenote_note":"","_monsterinsights_sitenote_category":0,"footnotes":""},"categories":[5417],"tags":[5447,5421,5420,5422,5604],"features":[],"class_list":{"0":"post-39726","1":"page","2":"type-page","3":"status-publish","4":"has-post-thumbnail","6":"category-software-universita-categoria","7":"tag-piattaforma-per-universita","8":"tag-programma-per-universita","9":"tag-software-per-universita","10":"tag-soluzione-per-universita","11":"tag-ynot"},"wppr_data":{"cwp_meta_box_check":"No"},"acf":[],"yoast_head":"<!-- This site is optimized with the Yoast SEO plugin v27.4 - https:\/\/yoast.com\/product\/yoast-seo-wordpress\/ -->\n<title>Ynot: recensione software universit\u00e0 - Accurate Reviews<\/title>\n<meta name=\"description\" content=\"Ynot: recensione soluzione completa basata su cloud per istituti di istruzione\u00a0che combina CRM, ammissioni e gestione dei lead.\" \/>\n<meta name=\"robots\" content=\"index, follow, max-snippet:-1, max-image-preview:large, max-video-preview:-1\" \/>\n<link rel=\"canonical\" href=\"https:\/\/www.accuratereviews.com\/it\/software-universita\/ynot-recensione\/\" \/>\n<meta property=\"og:locale\" content=\"it_IT\" \/>\n<meta property=\"og:type\" content=\"article\" \/>\n<meta property=\"og:title\" content=\"Ynot: recensione software universit\u00e0 - Accurate Reviews\" \/>\n<meta property=\"og:description\" content=\"Ynot: recensione soluzione completa basata su cloud per istituti di istruzione\u00a0che combina CRM, ammissioni e gestione dei lead.\" \/>\n<meta property=\"og:url\" content=\"https:\/\/www.accuratereviews.com\/it\/software-universita\/ynot-recensione\/\" \/>\n<meta property=\"og:site_name\" content=\"Accurate Reviews\" \/>\n<meta property=\"article:modified_time\" content=\"2021-04-23T12:48:18+00:00\" \/>\n<meta property=\"og:image\" content=\"https:\/\/www.accuratereviews.com\/wp-content\/uploads\/2021\/04\/ynot-1.jpg\" \/>\n\t<meta property=\"og:image:width\" content=\"255\" \/>\n\t<meta property=\"og:image:height\" content=\"255\" \/>\n\t<meta property=\"og:image:type\" content=\"image\/jpeg\" \/>\n<meta name=\"twitter:card\" content=\"summary_large_image\" \/>\n<meta name=\"twitter:label1\" content=\"Tempo di lettura stimato\" \/>\n\t<meta name=\"twitter:data1\" content=\"3 minuti\" \/>\n<script type=\"application\/ld+json\" class=\"yoast-schema-graph\">{\"@context\":\"https:\\\/\\\/schema.org\",\"@graph\":[{\"@type\":\"WebPage\",\"@id\":\"https:\\\/\\\/www.accuratereviews.com\\\/it\\\/software-universita\\\/ynot-recensione\\\/\",\"url\":\"https:\\\/\\\/www.accuratereviews.com\\\/it\\\/software-universita\\\/ynot-recensione\\\/\",\"name\":\"Ynot: recensione software universit\u00e0 - Accurate Reviews\",\"isPartOf\":{\"@id\":\"https:\\\/\\\/www.accuratereviews.com\\\/it\\\/#website\"},\"primaryImageOfPage\":{\"@id\":\"https:\\\/\\\/www.accuratereviews.com\\\/it\\\/software-universita\\\/ynot-recensione\\\/#primaryimage\"},\"image\":{\"@id\":\"https:\\\/\\\/www.accuratereviews.com\\\/it\\\/software-universita\\\/ynot-recensione\\\/#primaryimage\"},\"thumbnailUrl\":\"https:\\\/\\\/www.accuratereviews.com\\\/wp-content\\\/uploads\\\/2021\\\/04\\\/ynot-1.jpg\",\"datePublished\":\"2021-04-12T19:40:01+00:00\",\"dateModified\":\"2021-04-23T12:48:18+00:00\",\"description\":\"Ynot: recensione soluzione completa basata su cloud per istituti di istruzione\u00a0che combina CRM, ammissioni e gestione dei lead.\",\"breadcrumb\":{\"@id\":\"https:\\\/\\\/www.accuratereviews.com\\\/it\\\/software-universita\\\/ynot-recensione\\\/#breadcrumb\"},\"inLanguage\":\"it-IT\",\"potentialAction\":[{\"@type\":\"ReadAction\",\"target\":[\"https:\\\/\\\/www.accuratereviews.com\\\/it\\\/software-universita\\\/ynot-recensione\\\/\"]}]},{\"@type\":\"ImageObject\",\"inLanguage\":\"it-IT\",\"@id\":\"https:\\\/\\\/www.accuratereviews.com\\\/it\\\/software-universita\\\/ynot-recensione\\\/#primaryimage\",\"url\":\"https:\\\/\\\/www.accuratereviews.com\\\/wp-content\\\/uploads\\\/2021\\\/04\\\/ynot-1.jpg\",\"contentUrl\":\"https:\\\/\\\/www.accuratereviews.com\\\/wp-content\\\/uploads\\\/2021\\\/04\\\/ynot-1.jpg\",\"width\":255,\"height\":255},{\"@type\":\"BreadcrumbList\",\"@id\":\"https:\\\/\\\/www.accuratereviews.com\\\/it\\\/software-universita\\\/ynot-recensione\\\/#breadcrumb\",\"itemListElement\":[{\"@type\":\"ListItem\",\"position\":1,\"name\":\"Home\",\"item\":\"https:\\\/\\\/www.accuratereviews.com\\\/it\\\/\"},{\"@type\":\"ListItem\",\"position\":2,\"name\":\"Software per universit\u00e0\",\"item\":\"https:\\\/\\\/www.accuratereviews.com\\\/it\\\/software-universita\\\/\"},{\"@type\":\"ListItem\",\"position\":3,\"name\":\"Ynot\"}]},{\"@type\":\"WebSite\",\"@id\":\"https:\\\/\\\/www.accuratereviews.com\\\/it\\\/#website\",\"url\":\"https:\\\/\\\/www.accuratereviews.com\\\/it\\\/\",\"name\":\"Accurate Reviews\",\"description\":\"\",\"potentialAction\":[{\"@type\":\"SearchAction\",\"target\":{\"@type\":\"EntryPoint\",\"urlTemplate\":\"https:\\\/\\\/www.accuratereviews.com\\\/it\\\/?s={search_term_string}\"},\"query-input\":{\"@type\":\"PropertyValueSpecification\",\"valueRequired\":true,\"valueName\":\"search_term_string\"}}],\"inLanguage\":\"it-IT\"}]}<\/script>\n<!-- \/ Yoast SEO plugin. -->","yoast_head_json":{"title":"Ynot: recensione software universit\u00e0 - Accurate Reviews","description":"Ynot: recensione soluzione completa basata su cloud per istituti di istruzione\u00a0che combina CRM, ammissioni e gestione dei lead.","robots":{"index":"index","follow":"follow","max-snippet":"max-snippet:-1","max-image-preview":"max-image-preview:large","max-video-preview":"max-video-preview:-1"},"canonical":"https:\/\/www.accuratereviews.com\/it\/software-universita\/ynot-recensione\/","og_locale":"it_IT","og_type":"article","og_title":"Ynot: recensione software universit\u00e0 - Accurate Reviews","og_description":"Ynot: recensione soluzione completa basata su cloud per istituti di istruzione\u00a0che combina CRM, ammissioni e gestione dei lead.","og_url":"https:\/\/www.accuratereviews.com\/it\/software-universita\/ynot-recensione\/","og_site_name":"Accurate Reviews","article_modified_time":"2021-04-23T12:48:18+00:00","og_image":[{"width":255,"height":255,"url":"https:\/\/www.accuratereviews.com\/wp-content\/uploads\/2021\/04\/ynot-1.jpg","type":"image\/jpeg"}],"twitter_card":"summary_large_image","twitter_misc":{"Tempo di lettura stimato":"3 minuti"},"schema":{"@context":"https:\/\/schema.org","@graph":[{"@type":"WebPage","@id":"https:\/\/www.accuratereviews.com\/it\/software-universita\/ynot-recensione\/","url":"https:\/\/www.accuratereviews.com\/it\/software-universita\/ynot-recensione\/","name":"Ynot: recensione software universit\u00e0 - Accurate Reviews","isPartOf":{"@id":"https:\/\/www.accuratereviews.com\/it\/#website"},"primaryImageOfPage":{"@id":"https:\/\/www.accuratereviews.com\/it\/software-universita\/ynot-recensione\/#primaryimage"},"image":{"@id":"https:\/\/www.accuratereviews.com\/it\/software-universita\/ynot-recensione\/#primaryimage"},"thumbnailUrl":"https:\/\/www.accuratereviews.com\/wp-content\/uploads\/2021\/04\/ynot-1.jpg","datePublished":"2021-04-12T19:40:01+00:00","dateModified":"2021-04-23T12:48:18+00:00","description":"Ynot: recensione soluzione completa basata su cloud per istituti di istruzione\u00a0che combina CRM, ammissioni e gestione dei lead.","breadcrumb":{"@id":"https:\/\/www.accuratereviews.com\/it\/software-universita\/ynot-recensione\/#breadcrumb"},"inLanguage":"it-IT","potentialAction":[{"@type":"ReadAction","target":["https:\/\/www.accuratereviews.com\/it\/software-universita\/ynot-recensione\/"]}]},{"@type":"ImageObject","inLanguage":"it-IT","@id":"https:\/\/www.accuratereviews.com\/it\/software-universita\/ynot-recensione\/#primaryimage","url":"https:\/\/www.accuratereviews.com\/wp-content\/uploads\/2021\/04\/ynot-1.jpg","contentUrl":"https:\/\/www.accuratereviews.com\/wp-content\/uploads\/2021\/04\/ynot-1.jpg","width":255,"height":255},{"@type":"BreadcrumbList","@id":"https:\/\/www.accuratereviews.com\/it\/software-universita\/ynot-recensione\/#breadcrumb","itemListElement":[{"@type":"ListItem","position":1,"name":"Home","item":"https:\/\/www.accuratereviews.com\/it\/"},{"@type":"ListItem","position":2,"name":"Software per universit\u00e0","item":"https:\/\/www.accuratereviews.com\/it\/software-universita\/"},{"@type":"ListItem","position":3,"name":"Ynot"}]},{"@type":"WebSite","@id":"https:\/\/www.accuratereviews.com\/it\/#website","url":"https:\/\/www.accuratereviews.com\/it\/","name":"Accurate Reviews","description":"","potentialAction":[{"@type":"SearchAction","target":{"@type":"EntryPoint","urlTemplate":"https:\/\/www.accuratereviews.com\/it\/?s={search_term_string}"},"query-input":{"@type":"PropertyValueSpecification","valueRequired":true,"valueName":"search_term_string"}}],"inLanguage":"it-IT"}]}},"_links":{"self":[{"href":"https:\/\/www.accuratereviews.com\/it\/wp-json\/wp\/v2\/pages\/39726","targetHints":{"allow":["GET"]}}],"collection":[{"href":"https:\/\/www.accuratereviews.com\/it\/wp-json\/wp\/v2\/pages"}],"about":[{"href":"https:\/\/www.accuratereviews.com\/it\/wp-json\/wp\/v2\/types\/page"}],"author":[{"embeddable":true,"href":"https:\/\/www.accuratereviews.com\/it\/wp-json\/wp\/v2\/users\/19"}],"replies":[{"embeddable":true,"href":"https:\/\/www.accuratereviews.com\/it\/wp-json\/wp\/v2\/comments?post=39726"}],"version-history":[{"count":12,"href":"https:\/\/www.accuratereviews.com\/it\/wp-json\/wp\/v2\/pages\/39726\/revisions"}],"predecessor-version":[{"id":40874,"href":"https:\/\/www.accuratereviews.com\/it\/wp-json\/wp\/v2\/pages\/39726\/revisions\/40874"}],"up":[{"embeddable":true,"href":"https:\/\/www.accuratereviews.com\/it\/wp-json\/wp\/v2\/pages\/38766"}],"wp:featuredmedia":[{"embeddable":true,"href":"https:\/\/www.accuratereviews.com\/it\/wp-json\/wp\/v2\/media\/39736"}],"wp:attachment":[{"href":"https:\/\/www.accuratereviews.com\/it\/wp-json\/wp\/v2\/media?parent=39726"}],"wp:term":[{"taxonomy":"category","embeddable":true,"href":"https:\/\/www.accuratereviews.com\/it\/wp-json\/wp\/v2\/categories?post=39726"},{"taxonomy":"post_tag","embeddable":true,"href":"https:\/\/www.accuratereviews.com\/it\/wp-json\/wp\/v2\/tags?post=39726"},{"taxonomy":"features","embeddable":true,"href":"https:\/\/www.accuratereviews.com\/it\/wp-json\/wp\/v2\/features?post=39726"}],"curies":[{"name":"wp","href":"https:\/\/api.w.org\/{rel}","templated":true}]}}