{"id":39731,"date":"2021-04-12T14:27:29","date_gmt":"2021-04-12T14:27:29","guid":{"rendered":"https:\/\/www.accuratereviews.com\/?page_id=39731"},"modified":"2021-04-19T08:07:58","modified_gmt":"2021-04-19T08:07:58","slug":"privacy-gdpr-2020-riassunto-del-reg-ue-678-dopo-la-bocciatura-del-privacy-shield","status":"publish","type":"page","link":"https:\/\/www.accuratereviews.com\/it\/privacy-gdpr-2020-riassunto-del-reg-ue-678-dopo-la-bocciatura-del-privacy-shield\/","title":{"rendered":"Privacy GDPR 2020, riassunto del reg UE 678 dopo la bocciatura del Privacy shield"},"content":{"rendered":"<p>A luglio 2020 la Corte di Giustizia Europea ha dichiarato inadeguata la protezione dei dati personali offerta dallo Scudo UE-USA per la privacy (<strong>Privacy Shield<\/strong>), in quanto non in linea con i dettami del GDPR. Tantissime aziende statunitensi che gestivano dati di utenti europei (come <strong>Mailchimp<\/strong>, <strong>Active Campaign<\/strong>, <strong>Sendgrid<\/strong> o altri, vedi elenco dei <a href=\"https:\/\/www.accuratereviews.com\/it\/le-migliori-piattaforme-per-lemail-marketing-in-italiano\/\" title=\"Le migliori piattaforme per l\u2019Email Marketing in italiano\">migliori software email marketing<\/a>) basavano la loro attivit\u00e0 sul Privacy Shield, che prevedeva la compilazione di una sorta di autocertificazione nella quale si dichiarava l\u2019adozione di adeguate misure di tutela per la protezione dei dati. Con l\u2019abolizione di tale accordo USA-UE, l\u2019unico modo per le aziende statunitensi di continuare la loro attivit\u00e0 in Italia ed Europa sembra quello di spostare la loro sede in Europa. Alla luce di questi fatti, potresti avere necessit\u00e0 di trovare delle <a href=\"https:\/\/www.accuratereviews.com\/it\/le-migliori-piattaforme-per-lemail-marketing-in-italiano\/\" title=\"Le migliori piattaforme per l\u2019Email Marketing in italiano\">alternative italiane a Mailchimp<\/a>, che assicurino la tutela dei tuoi dati personali <strong>in conformit\u00e0 con il GDPR<\/strong>.<\/p>\n<span id=\"g1-space-1\" class=\"g1-space \" style=\"height:30px;\"><\/span>\n<h2>Regole UE Privacy per societ\u00e0 extra-UE<\/h2>\n<p>La Corte di Giustizia Europea si sarebbe pronunciata a sfavore dello Scudo UE-USA, perch\u00e9 <strong>il regolamento americano interno non assicurerebbe garanzie sufficienti in materia di data protection<\/strong>. Sono state per\u00f2 ritenute valide le cosiddette SCC, ossia le clausole contrattuali di protezione dei dati, a patto che si garantisca nei contratti un livello di tutela pari al GDPR. <\/p>\n<p>In ogni caso, chi usa Mailchimp o altri sistemi USA per inviare le sue email deve assicurarsi che il destinatario <strong>abbia esplicitamente acconsentito al trasferimento dei dati fuori dall\u2019UE<\/strong>, dopo essere stato informato dei possibili rischi.<\/p>\n<p>In sostanza, il livello di protezione dei dati (ossia l\u2019insieme di garanzie adeguate, diritti opponibili e mezzi di ricorso effettivi) richiesto nell\u2019ambito del trasferimento di dati dall\u2019UE a Stati extra-UE deve essere equivalente a quello garantito all\u2019interno dell\u2019Unione. Per questo motivo (non potendo esserci una reale equivalenza per via dei diversi sistemi giuridici, della distanza e delle diverse lingue), nonostante la validit\u00e0 delle clausole SCC, molte aziende italiane potrebbero non sentirsi a loro agio nell\u2019affidare i loro dati a un <strong>servizio di email marketing statunitense<\/strong>.<\/p>\n<span id=\"g1-space-2\" class=\"g1-space \" style=\"height:30px;\"><\/span>\n<h2>GDPR ed email marketing dopo l\u2019annullamento del Privacy Shield<\/h2>\n<p><img loading=\"lazy\" decoding=\"async\" src=\"https:\/\/www.accuratereviews.com\/wp-content\/uploads\/2021\/04\/gdpr-email-marketing-dopo-annullamentoprivacy-shield.jpg\" alt=\"GDPR ed email marketing dopo l\u2019annullamento del Privacy Shield\" width=\"900\" height=\"407\" \/><\/p>\n<p>Nel caso dei <strong>software di email marketing<\/strong>, il trasferimento dei dati avviene presso server USA e il loro trattamento \u00e8 soggetto al regolamento interno americano, motivi per i quali \u00e8 difficile che una societ\u00e0 USA possa garantire gli stessi standard di tutela dei dati di una societ\u00e0 italiana con sede in Italia e quindi (per forza di cose) allineata al GDPR. I sistemi giuridici vigenti negli Stati europei, infatti, sono molto diversi da quelli vigenti negli Stati Uniti e &#8211; anche in materia di privacy &#8211; <strong>la legge nazionale \u00e8 destinata sempre a prevalere<\/strong>. <\/p>\n<p>La decisione della Corte di Giustizia Europea sembra finalmente andare in soccorso delle aziende europee, da sempre messe in secondo piano rispetto alle aziende americane. Mentre le societ\u00e0 USA come Mailchimp operano indisturbate sul territorio, infatti, i concorrenti italiani devono fare i conti con il sistema di tassazione dello Stato italiano, versando il 22% solo di IVA. <\/p>\n<span id=\"g1-space-3\" class=\"g1-space \" style=\"height:30px;\"><\/span>\n<h2>Conclusioni<\/h2>\n<p>Di recente, il Garante della Privacy bavarese si \u00e8 pronunciato contro Mailchimp, ritenendo inadeguate le garanzie offerte per il trasferimento dei dati in USA. Alla societ\u00e0 americana non \u00e8 stata imposta nessuna sanzione pecuniaria, ma un semplice ammonimento che costituisce, per\u00f2, un precedente. Il trasferimento dei dati in nazioni extra EU, infatti, \u00e8 da ritenersi illegittimo se alle clausole SCC non si affiancano misure ulteriori che permettano una perfetta <strong>compliance al GDPR<\/strong>.<\/p>\n","protected":false},"excerpt":{"rendered":"<p>A luglio 2020 la Corte di Giustizia Europea ha dichiarato inadeguata la protezione dei dati personali offerta dallo Scudo UE-USA per la privacy (Privacy Shield), in quanto non in linea con i dettami del GDPR. Tantissime aziende statunitensi che gestivano dati di utenti europei (come Mailchimp, Active Campaign, Sendgrid o altri, vedi elenco dei migliori [&hellip;]<\/p>\n","protected":false},"author":11,"featured_media":0,"parent":0,"menu_order":0,"comment_status":"closed","ping_status":"closed","template":"","meta":{"_acf_changed":false,"cwp_meta_box_check":"No","cwp_rev_product_name":"","cwp_rev_product_image":"","wppr_links":[],"cwp_rev_price":"","wppr_options":[],"wppr_pros":[],"wppr_cons":[],"_monsterinsights_skip_tracking":false,"_monsterinsights_sitenote_active":false,"_monsterinsights_sitenote_note":"","_monsterinsights_sitenote_category":0,"footnotes":""},"categories":[],"tags":[],"features":[],"class_list":["post-39731","page","type-page","status-publish"],"wppr_data":{"cwp_meta_box_check":"No"},"acf":[],"yoast_head":"<!-- This site is optimized with the Yoast SEO plugin v27.4 - https:\/\/yoast.com\/product\/yoast-seo-wordpress\/ -->\n<title>Privacy GDPR 2020, riassunto reg UE 678 dopo bocciatura Privacy shield<\/title>\n<meta name=\"description\" content=\"Con l\u2019annullamento dello scudo per la privacy UE-USA i dati personali non possono pi\u00f9 viaggiare liberamente, senza una tutela pari a quella del GDPR.\" \/>\n<meta name=\"robots\" content=\"index, follow, max-snippet:-1, max-image-preview:large, max-video-preview:-1\" \/>\n<link rel=\"canonical\" href=\"https:\/\/www.accuratereviews.com\/it\/privacy-gdpr-2020-riassunto-del-reg-ue-678-dopo-la-bocciatura-del-privacy-shield\/\" \/>\n<meta property=\"og:locale\" content=\"it_IT\" \/>\n<meta property=\"og:type\" content=\"article\" \/>\n<meta property=\"og:title\" content=\"Privacy GDPR 2020, riassunto reg UE 678 dopo bocciatura Privacy shield\" \/>\n<meta property=\"og:description\" content=\"Con l\u2019annullamento dello scudo per la privacy UE-USA i dati personali non possono pi\u00f9 viaggiare liberamente, senza una tutela pari a quella del GDPR.\" \/>\n<meta property=\"og:url\" content=\"https:\/\/www.accuratereviews.com\/it\/privacy-gdpr-2020-riassunto-del-reg-ue-678-dopo-la-bocciatura-del-privacy-shield\/\" \/>\n<meta property=\"og:site_name\" content=\"Accurate Reviews\" \/>\n<meta property=\"article:modified_time\" content=\"2021-04-19T08:07:58+00:00\" \/>\n<meta property=\"og:image\" content=\"https:\/\/www.accuratereviews.com\/wp-content\/uploads\/2021\/04\/gdpr-email-marketing-dopo-annullamentoprivacy-shield.jpg\" \/>\n<meta name=\"twitter:card\" content=\"summary_large_image\" \/>\n<meta name=\"twitter:label1\" content=\"Tempo di lettura stimato\" \/>\n\t<meta name=\"twitter:data1\" content=\"3 minuti\" \/>\n<script type=\"application\/ld+json\" class=\"yoast-schema-graph\">{\"@context\":\"https:\\\/\\\/schema.org\",\"@graph\":[{\"@type\":\"WebPage\",\"@id\":\"https:\\\/\\\/www.accuratereviews.com\\\/it\\\/privacy-gdpr-2020-riassunto-del-reg-ue-678-dopo-la-bocciatura-del-privacy-shield\\\/\",\"url\":\"https:\\\/\\\/www.accuratereviews.com\\\/it\\\/privacy-gdpr-2020-riassunto-del-reg-ue-678-dopo-la-bocciatura-del-privacy-shield\\\/\",\"name\":\"Privacy GDPR 2020, riassunto reg UE 678 dopo bocciatura Privacy shield\",\"isPartOf\":{\"@id\":\"https:\\\/\\\/www.accuratereviews.com\\\/it\\\/#website\"},\"primaryImageOfPage\":{\"@id\":\"https:\\\/\\\/www.accuratereviews.com\\\/it\\\/privacy-gdpr-2020-riassunto-del-reg-ue-678-dopo-la-bocciatura-del-privacy-shield\\\/#primaryimage\"},\"image\":{\"@id\":\"https:\\\/\\\/www.accuratereviews.com\\\/it\\\/privacy-gdpr-2020-riassunto-del-reg-ue-678-dopo-la-bocciatura-del-privacy-shield\\\/#primaryimage\"},\"thumbnailUrl\":\"https:\\\/\\\/www.accuratereviews.com\\\/wp-content\\\/uploads\\\/2021\\\/04\\\/gdpr-email-marketing-dopo-annullamentoprivacy-shield.jpg\",\"datePublished\":\"2021-04-12T14:27:29+00:00\",\"dateModified\":\"2021-04-19T08:07:58+00:00\",\"description\":\"Con l\u2019annullamento dello scudo per la privacy UE-USA i dati personali non possono pi\u00f9 viaggiare liberamente, senza una tutela pari a quella del GDPR.\",\"breadcrumb\":{\"@id\":\"https:\\\/\\\/www.accuratereviews.com\\\/it\\\/privacy-gdpr-2020-riassunto-del-reg-ue-678-dopo-la-bocciatura-del-privacy-shield\\\/#breadcrumb\"},\"inLanguage\":\"it-IT\",\"potentialAction\":[{\"@type\":\"ReadAction\",\"target\":[\"https:\\\/\\\/www.accuratereviews.com\\\/it\\\/privacy-gdpr-2020-riassunto-del-reg-ue-678-dopo-la-bocciatura-del-privacy-shield\\\/\"]}]},{\"@type\":\"ImageObject\",\"inLanguage\":\"it-IT\",\"@id\":\"https:\\\/\\\/www.accuratereviews.com\\\/it\\\/privacy-gdpr-2020-riassunto-del-reg-ue-678-dopo-la-bocciatura-del-privacy-shield\\\/#primaryimage\",\"url\":\"https:\\\/\\\/www.accuratereviews.com\\\/wp-content\\\/uploads\\\/2021\\\/04\\\/gdpr-email-marketing-dopo-annullamentoprivacy-shield.jpg\",\"contentUrl\":\"https:\\\/\\\/www.accuratereviews.com\\\/wp-content\\\/uploads\\\/2021\\\/04\\\/gdpr-email-marketing-dopo-annullamentoprivacy-shield.jpg\"},{\"@type\":\"BreadcrumbList\",\"@id\":\"https:\\\/\\\/www.accuratereviews.com\\\/it\\\/privacy-gdpr-2020-riassunto-del-reg-ue-678-dopo-la-bocciatura-del-privacy-shield\\\/#breadcrumb\",\"itemListElement\":[{\"@type\":\"ListItem\",\"position\":1,\"name\":\"Home\",\"item\":\"https:\\\/\\\/www.accuratereviews.com\\\/it\\\/\"},{\"@type\":\"ListItem\",\"position\":2,\"name\":\"Privacy GDPR 2020, riassunto del reg UE 678 dopo la bocciatura del Privacy shield\"}]},{\"@type\":\"WebSite\",\"@id\":\"https:\\\/\\\/www.accuratereviews.com\\\/it\\\/#website\",\"url\":\"https:\\\/\\\/www.accuratereviews.com\\\/it\\\/\",\"name\":\"Accurate Reviews\",\"description\":\"\",\"potentialAction\":[{\"@type\":\"SearchAction\",\"target\":{\"@type\":\"EntryPoint\",\"urlTemplate\":\"https:\\\/\\\/www.accuratereviews.com\\\/it\\\/?s={search_term_string}\"},\"query-input\":{\"@type\":\"PropertyValueSpecification\",\"valueRequired\":true,\"valueName\":\"search_term_string\"}}],\"inLanguage\":\"it-IT\"}]}<\/script>\n<!-- \/ Yoast SEO plugin. -->","yoast_head_json":{"title":"Privacy GDPR 2020, riassunto reg UE 678 dopo bocciatura Privacy shield","description":"Con l\u2019annullamento dello scudo per la privacy UE-USA i dati personali non possono pi\u00f9 viaggiare liberamente, senza una tutela pari a quella del GDPR.","robots":{"index":"index","follow":"follow","max-snippet":"max-snippet:-1","max-image-preview":"max-image-preview:large","max-video-preview":"max-video-preview:-1"},"canonical":"https:\/\/www.accuratereviews.com\/it\/privacy-gdpr-2020-riassunto-del-reg-ue-678-dopo-la-bocciatura-del-privacy-shield\/","og_locale":"it_IT","og_type":"article","og_title":"Privacy GDPR 2020, riassunto reg UE 678 dopo bocciatura Privacy shield","og_description":"Con l\u2019annullamento dello scudo per la privacy UE-USA i dati personali non possono pi\u00f9 viaggiare liberamente, senza una tutela pari a quella del GDPR.","og_url":"https:\/\/www.accuratereviews.com\/it\/privacy-gdpr-2020-riassunto-del-reg-ue-678-dopo-la-bocciatura-del-privacy-shield\/","og_site_name":"Accurate Reviews","article_modified_time":"2021-04-19T08:07:58+00:00","og_image":[{"url":"https:\/\/www.accuratereviews.com\/wp-content\/uploads\/2021\/04\/gdpr-email-marketing-dopo-annullamentoprivacy-shield.jpg","type":"","width":"","height":""}],"twitter_card":"summary_large_image","twitter_misc":{"Tempo di lettura stimato":"3 minuti"},"schema":{"@context":"https:\/\/schema.org","@graph":[{"@type":"WebPage","@id":"https:\/\/www.accuratereviews.com\/it\/privacy-gdpr-2020-riassunto-del-reg-ue-678-dopo-la-bocciatura-del-privacy-shield\/","url":"https:\/\/www.accuratereviews.com\/it\/privacy-gdpr-2020-riassunto-del-reg-ue-678-dopo-la-bocciatura-del-privacy-shield\/","name":"Privacy GDPR 2020, riassunto reg UE 678 dopo bocciatura Privacy shield","isPartOf":{"@id":"https:\/\/www.accuratereviews.com\/it\/#website"},"primaryImageOfPage":{"@id":"https:\/\/www.accuratereviews.com\/it\/privacy-gdpr-2020-riassunto-del-reg-ue-678-dopo-la-bocciatura-del-privacy-shield\/#primaryimage"},"image":{"@id":"https:\/\/www.accuratereviews.com\/it\/privacy-gdpr-2020-riassunto-del-reg-ue-678-dopo-la-bocciatura-del-privacy-shield\/#primaryimage"},"thumbnailUrl":"https:\/\/www.accuratereviews.com\/wp-content\/uploads\/2021\/04\/gdpr-email-marketing-dopo-annullamentoprivacy-shield.jpg","datePublished":"2021-04-12T14:27:29+00:00","dateModified":"2021-04-19T08:07:58+00:00","description":"Con l\u2019annullamento dello scudo per la privacy UE-USA i dati personali non possono pi\u00f9 viaggiare liberamente, senza una tutela pari a quella del GDPR.","breadcrumb":{"@id":"https:\/\/www.accuratereviews.com\/it\/privacy-gdpr-2020-riassunto-del-reg-ue-678-dopo-la-bocciatura-del-privacy-shield\/#breadcrumb"},"inLanguage":"it-IT","potentialAction":[{"@type":"ReadAction","target":["https:\/\/www.accuratereviews.com\/it\/privacy-gdpr-2020-riassunto-del-reg-ue-678-dopo-la-bocciatura-del-privacy-shield\/"]}]},{"@type":"ImageObject","inLanguage":"it-IT","@id":"https:\/\/www.accuratereviews.com\/it\/privacy-gdpr-2020-riassunto-del-reg-ue-678-dopo-la-bocciatura-del-privacy-shield\/#primaryimage","url":"https:\/\/www.accuratereviews.com\/wp-content\/uploads\/2021\/04\/gdpr-email-marketing-dopo-annullamentoprivacy-shield.jpg","contentUrl":"https:\/\/www.accuratereviews.com\/wp-content\/uploads\/2021\/04\/gdpr-email-marketing-dopo-annullamentoprivacy-shield.jpg"},{"@type":"BreadcrumbList","@id":"https:\/\/www.accuratereviews.com\/it\/privacy-gdpr-2020-riassunto-del-reg-ue-678-dopo-la-bocciatura-del-privacy-shield\/#breadcrumb","itemListElement":[{"@type":"ListItem","position":1,"name":"Home","item":"https:\/\/www.accuratereviews.com\/it\/"},{"@type":"ListItem","position":2,"name":"Privacy GDPR 2020, riassunto del reg UE 678 dopo la bocciatura del Privacy shield"}]},{"@type":"WebSite","@id":"https:\/\/www.accuratereviews.com\/it\/#website","url":"https:\/\/www.accuratereviews.com\/it\/","name":"Accurate Reviews","description":"","potentialAction":[{"@type":"SearchAction","target":{"@type":"EntryPoint","urlTemplate":"https:\/\/www.accuratereviews.com\/it\/?s={search_term_string}"},"query-input":{"@type":"PropertyValueSpecification","valueRequired":true,"valueName":"search_term_string"}}],"inLanguage":"it-IT"}]}},"_links":{"self":[{"href":"https:\/\/www.accuratereviews.com\/it\/wp-json\/wp\/v2\/pages\/39731","targetHints":{"allow":["GET"]}}],"collection":[{"href":"https:\/\/www.accuratereviews.com\/it\/wp-json\/wp\/v2\/pages"}],"about":[{"href":"https:\/\/www.accuratereviews.com\/it\/wp-json\/wp\/v2\/types\/page"}],"author":[{"embeddable":true,"href":"https:\/\/www.accuratereviews.com\/it\/wp-json\/wp\/v2\/users\/11"}],"replies":[{"embeddable":true,"href":"https:\/\/www.accuratereviews.com\/it\/wp-json\/wp\/v2\/comments?post=39731"}],"version-history":[{"count":4,"href":"https:\/\/www.accuratereviews.com\/it\/wp-json\/wp\/v2\/pages\/39731\/revisions"}],"predecessor-version":[{"id":39758,"href":"https:\/\/www.accuratereviews.com\/it\/wp-json\/wp\/v2\/pages\/39731\/revisions\/39758"}],"wp:attachment":[{"href":"https:\/\/www.accuratereviews.com\/it\/wp-json\/wp\/v2\/media?parent=39731"}],"wp:term":[{"taxonomy":"category","embeddable":true,"href":"https:\/\/www.accuratereviews.com\/it\/wp-json\/wp\/v2\/categories?post=39731"},{"taxonomy":"post_tag","embeddable":true,"href":"https:\/\/www.accuratereviews.com\/it\/wp-json\/wp\/v2\/tags?post=39731"},{"taxonomy":"features","embeddable":true,"href":"https:\/\/www.accuratereviews.com\/it\/wp-json\/wp\/v2\/features?post=39731"}],"curies":[{"name":"wp","href":"https:\/\/api.w.org\/{rel}","templated":true}]}}