{"id":39774,"date":"2021-04-13T13:56:56","date_gmt":"2021-04-13T13:56:56","guid":{"rendered":"https:\/\/www.accuratereviews.com\/?page_id=39774"},"modified":"2021-04-23T13:09:29","modified_gmt":"2021-04-23T13:09:29","slug":"campus-cafe-recensione","status":"publish","type":"page","link":"https:\/\/www.accuratereviews.com\/it\/software-universita\/campus-cafe-recensione\/","title":{"rendered":"Campus Cafe"},"content":{"rendered":"<p class=\"h3 mb-1\"><strong>Campus Cafe<\/strong> \u00e8 un <strong>sistema informativo per gli studenti (SIS)<\/strong> che si rivolge principalmente a college, universit\u00e0, istituti di istruzione superiore e di formazione con l&#8217;obiettivo di fornirgli il massimo supporto nella gestione amministrativa dell&#8217;istituto. Si occupa infatti dell&#8217;intero ciclo di vita degli studenti partendo dall&#8217;ammissione (marketing, reclutamento e elaborazione delle domande) per arrivare al conseguimento del titolo finale, offrendo per tutta la durata del tempo servizi, aiuti finanziari, monitoraggio della carriera e molto altro ancora.<strong> Campus Cafe<\/strong> \u00e8 un ottimo<strong> software per universit\u00e0<\/strong>, basato su cloud, che dispone di un&#8217;interfaccia utente semplice e intuitiva che permette a chiunque il suo utilizzo.<\/p>\n<h2>CAMPUS CAFE &#8211; VIDEO INTRODUTTIVO<\/h2>\n<div id=\"fluid-wrapper-counter-1\" class=\"g1-fluid-wrapper \" style=\"width:686px;\">\n<div style=\"padding-bottom:56.268221574344%;\"><iframe loading=\"lazy\" title=\"Don&#039;t Fall into the Student Information System Trap\" width=\"686\" height=\"386\" src=\"https:\/\/www.youtube.com\/embed\/jqrlHf4J0yE?feature=oembed&amp;wmode=transparent&amp;autohide=1&amp;autoplay=0&amp;disablekb=0&amp;fs=1&amp;loop=0&amp;enablejsapi=1&amp;rel=0&amp;controls=2&amp;showinfo=0&amp;wmode=transparent&amp;autohide=2&amp;autoplay=0&amp;disablekb=0&amp;fs=1&amp;loop=0&amp;enablejsapi=1&amp;rel=0&amp;controls=2&amp;showinfo=1\" frameborder=\"0\" allow=\"accelerometer; autoplay; clipboard-write; encrypted-media; gyroscope; picture-in-picture\" allowfullscreen><\/iframe><\/div>\n<\/div>\n<h3>CAMPUS CAFE &#8211; CARATTERISTICHE<\/h3>\n<ul>\n<li><strong>Gestione delle ammissioni<\/strong>: fornisce gli strumenti necessari per raggiungere gli obiettivi di iscrizione degli studenti. Questo sistema di ammissione ti aiuter\u00e0 ad aumentare le iscrizioni<\/li>\n<li><strong>Gestione degli studenti<\/strong>: gestisci le funzioni chiave della tua istituzione come registrazione al corso, audit di laurea, trascrizioni, conservazione, consulenza e alloggio mentre costruisci un profilo completo su ogni studente<\/li>\n<li><strong>Aiuti finanziari<\/strong>: questo sistema di finanziamento studentesco integrato semplifica il processo di fatturazione e riscossione dei pagamenti offrendo prestiti privati, borse di studio e sovvenzioni<\/li>\n<li><strong>Modulo di facolt\u00e0<\/strong>: gli insegnanti adoreranno gestire gli elenchi degli studenti, le presenze, i voti e le comunicazioni interamente online<\/li>\n<li><strong>Alumni<\/strong>: aumenta la tua capacit\u00e0 di interagire strategicamente con gli Alumni molto tempo dopo la laurea e migliora le relazioni con gli ex studenti e la raccolta fondi e monitora il posizionamento professionale del tuo laureato<\/li>\n<li><strong>Report in tempo reale<\/strong>: il software ha tre livelli di report a seconda di quanti dettagli vengono richiesti, tutto viene aggiornato in tempo reale e non c&#8217;\u00e8 attesa per le informazioni<\/li>\n<li><strong>Tracciabilit\u00e0 dei documenti<\/strong>: che si tratti di gestire le domande di ammissione o di verificare gli aiuti finanziari, questo SIS semplifica la tracciabilit\u00e0 di tutti i documenti richiesti necessari. Allega un numero illimitato di documenti e tipi di file a un record studente e poi aprili con un semplice clic<\/li>\n<li><strong>Portali mobile<\/strong>: consentono a potenziali clienti, studenti, genitori e docenti l&#8217;accesso in base alle autorizzazioni ai dati degli studenti. Scopri quanto \u00e8 semplice caricare documenti, visualizzare trascrizioni, pagare bollette e modificare le informazioni<\/li>\n<li><strong>CRM e attivit\u00e0<\/strong>: utilizza il CRM centralizzato per email, messaggi di testo, promemoria ed elenchi di cose da fare per tenere traccia di tutte le tue comunicazioni con potenziali clienti, studenti ed ex studenti<\/li>\n<li><strong>Integrazioni di terze parti<\/strong>: Campus Cafe si collega ad alcuni dei migliori software best-in-class in marketing, gestione dell&#8217;apprendimento, aiuti finanziari e contabilit\u00e0. Le API e integrazioni personalizzate manterranno tutti i tuoi dati sincronizzati e accessibili in tempo reale.<\/li>\n<\/ul>\n<h4>LE RECENSIONI DEGLI UTENTI<\/h4>\n<p><strong>Meghan M. &#8220;Finora ho avuto ottime esperienze con questo software.&#8221;<\/strong><br \/>\nPRO: mi piace come ogni sezione del software sembra essere ben bilanciata. Molti programmi SIS sono pesanti sulle ammissioni e leggeri sulla gestione delle donazioni, ma questo programma \u00e8 molto forte su tutti i fronti!<br \/>\nCONTRO: non mi piace come la societ\u00e0 non sembri essere in anticipo sul prezzo dell&#8217;implementazione e del software.<\/p>\n<p><strong>Carol L. &#8220;Campus Cafe \u00e8 fantastico!&#8221;<\/strong><br \/>\nCOMMENTI: ottimo prodotto! Sono contento che la mia attivit\u00e0 sia passata al Campus Cafe !!<br \/>\nPRO: Campus Cafe ha molte molte opzioni da utilizzare per le scuole. Personalmente lo uso per la parte di aiuto finanziario e lo trovo molto semplice da usare ed \u00e8 molto facile selezionare le opzioni per la visualizzazione per gli studenti.<br \/>\nCONTRO: sento che ci sono molte funzionalit\u00e0 che non ho nemmeno ancora usato, ma lo uso gi\u00e0 da alcuni anni. Probabilmente fa pi\u00f9 di quanto io sappia!!<\/p>\n<p><strong>Ma lourdes B. &#8220;Campus Cafe&#8221;<\/strong><br \/>\nCOMMENTI: essendo una persona poco tecnica, ho trovato questo sistema facile da usare e di facile accesso e familiarit\u00e0.<br \/>\nPRO: per scopi di aiuto finanziario, il software mi fornisce informazioni dettagliate e accurate di cui ho bisogno per elaborare gli aiuti finanziari e i prelievi degli studenti in base allo stato di iscrizione mostrato nella cronologia delle iscrizioni, report di presenza, trascrizione\/voti, dichiarazione di fatturazione e altre informazioni pertinenti.<br \/>\nCONTRO: personalmente non sono stato in grado di sfogliare altri file in quanto non riguardano la mia linea di lavoro. Ero solito estrarre il report delle presenze dalla cronologia delle presenze e se verr\u00e0 importato in un file Excel, non viene mostrato alcun nome dello studente per il particolare report delle presenze.<\/p>\n","protected":false},"excerpt":{"rendered":"<p>Campus Cafe \u00e8 un sistema informativo per gli studenti (SIS) che si rivolge principalmente a college, universit\u00e0, istituti di istruzione superiore e di formazione.<\/p>\n","protected":false},"author":17,"featured_media":39775,"parent":38766,"menu_order":0,"comment_status":"open","ping_status":"closed","template":"g1_template_page_review_new.php","meta":{"_acf_changed":false,"cwp_meta_box_check":"No","cwp_rev_product_name":"","cwp_rev_product_image":"","wppr_links":[],"cwp_rev_price":"","wppr_options":[],"wppr_pros":[],"wppr_cons":[],"_monsterinsights_skip_tracking":false,"_monsterinsights_sitenote_active":false,"_monsterinsights_sitenote_note":"","_monsterinsights_sitenote_category":0,"footnotes":""},"categories":[5417],"tags":[5465,5447,5421,5420,5422],"features":[],"class_list":{"0":"post-39774","1":"page","2":"type-page","3":"status-publish","4":"has-post-thumbnail","6":"category-software-universita-categoria","7":"tag-gestionale-per-universita","8":"tag-piattaforma-per-universita","9":"tag-programma-per-universita","10":"tag-software-per-universita","11":"tag-soluzione-per-universita"},"wppr_data":{"cwp_meta_box_check":"No"},"acf":[],"yoast_head":"<!-- This site is optimized with the Yoast SEO plugin v27.4 - https:\/\/yoast.com\/product\/yoast-seo-wordpress\/ -->\n<title>Campus Cafe: recensione software universit\u00e0 - Accurate Reviews<\/title>\n<meta name=\"description\" content=\"Campus Cafe \u00e8 un software per universit\u00e0 che ha l&#039;obiettivo di fornire il massimo supporto nella gestione amministrativa dell&#039;istituto.\" \/>\n<meta name=\"robots\" content=\"index, follow, max-snippet:-1, max-image-preview:large, max-video-preview:-1\" \/>\n<link rel=\"canonical\" href=\"https:\/\/www.accuratereviews.com\/it\/software-universita\/campus-cafe-recensione\/\" \/>\n<meta property=\"og:locale\" content=\"it_IT\" \/>\n<meta property=\"og:type\" content=\"article\" \/>\n<meta property=\"og:title\" content=\"Campus Cafe: recensione software universit\u00e0 - Accurate Reviews\" \/>\n<meta property=\"og:description\" content=\"Campus Cafe \u00e8 un software per universit\u00e0 che ha l&#039;obiettivo di fornire il massimo supporto nella gestione amministrativa dell&#039;istituto.\" \/>\n<meta property=\"og:url\" content=\"https:\/\/www.accuratereviews.com\/it\/software-universita\/campus-cafe-recensione\/\" \/>\n<meta property=\"og:site_name\" content=\"Accurate Reviews\" \/>\n<meta property=\"article:modified_time\" content=\"2021-04-23T13:09:29+00:00\" \/>\n<meta property=\"og:image\" content=\"https:\/\/www.accuratereviews.com\/wp-content\/uploads\/2021\/04\/34a495b4dfe141428b5ccb24f3e5de82-logo-Small.png\" \/>\n\t<meta property=\"og:image:width\" content=\"476\" \/>\n\t<meta property=\"og:image:height\" content=\"201\" \/>\n\t<meta property=\"og:image:type\" content=\"image\/png\" \/>\n<meta name=\"twitter:card\" content=\"summary_large_image\" \/>\n<meta name=\"twitter:label1\" content=\"Tempo di lettura stimato\" \/>\n\t<meta name=\"twitter:data1\" content=\"4 minuti\" \/>\n<script type=\"application\/ld+json\" class=\"yoast-schema-graph\">{\"@context\":\"https:\\\/\\\/schema.org\",\"@graph\":[{\"@type\":\"WebPage\",\"@id\":\"https:\\\/\\\/www.accuratereviews.com\\\/it\\\/software-universita\\\/campus-cafe-recensione\\\/\",\"url\":\"https:\\\/\\\/www.accuratereviews.com\\\/it\\\/software-universita\\\/campus-cafe-recensione\\\/\",\"name\":\"Campus Cafe: recensione software universit\u00e0 - Accurate Reviews\",\"isPartOf\":{\"@id\":\"https:\\\/\\\/www.accuratereviews.com\\\/it\\\/#website\"},\"primaryImageOfPage\":{\"@id\":\"https:\\\/\\\/www.accuratereviews.com\\\/it\\\/software-universita\\\/campus-cafe-recensione\\\/#primaryimage\"},\"image\":{\"@id\":\"https:\\\/\\\/www.accuratereviews.com\\\/it\\\/software-universita\\\/campus-cafe-recensione\\\/#primaryimage\"},\"thumbnailUrl\":\"https:\\\/\\\/www.accuratereviews.com\\\/wp-content\\\/uploads\\\/2021\\\/04\\\/34a495b4dfe141428b5ccb24f3e5de82-logo-Small.png\",\"datePublished\":\"2021-04-13T13:56:56+00:00\",\"dateModified\":\"2021-04-23T13:09:29+00:00\",\"description\":\"Campus Cafe \u00e8 un software per universit\u00e0 che ha l'obiettivo di fornire il massimo supporto nella gestione amministrativa dell'istituto.\",\"breadcrumb\":{\"@id\":\"https:\\\/\\\/www.accuratereviews.com\\\/it\\\/software-universita\\\/campus-cafe-recensione\\\/#breadcrumb\"},\"inLanguage\":\"it-IT\",\"potentialAction\":[{\"@type\":\"ReadAction\",\"target\":[\"https:\\\/\\\/www.accuratereviews.com\\\/it\\\/software-universita\\\/campus-cafe-recensione\\\/\"]}]},{\"@type\":\"ImageObject\",\"inLanguage\":\"it-IT\",\"@id\":\"https:\\\/\\\/www.accuratereviews.com\\\/it\\\/software-universita\\\/campus-cafe-recensione\\\/#primaryimage\",\"url\":\"https:\\\/\\\/www.accuratereviews.com\\\/wp-content\\\/uploads\\\/2021\\\/04\\\/34a495b4dfe141428b5ccb24f3e5de82-logo-Small.png\",\"contentUrl\":\"https:\\\/\\\/www.accuratereviews.com\\\/wp-content\\\/uploads\\\/2021\\\/04\\\/34a495b4dfe141428b5ccb24f3e5de82-logo-Small.png\",\"width\":476,\"height\":201},{\"@type\":\"BreadcrumbList\",\"@id\":\"https:\\\/\\\/www.accuratereviews.com\\\/it\\\/software-universita\\\/campus-cafe-recensione\\\/#breadcrumb\",\"itemListElement\":[{\"@type\":\"ListItem\",\"position\":1,\"name\":\"Home\",\"item\":\"https:\\\/\\\/www.accuratereviews.com\\\/it\\\/\"},{\"@type\":\"ListItem\",\"position\":2,\"name\":\"Software per universit\u00e0\",\"item\":\"https:\\\/\\\/www.accuratereviews.com\\\/it\\\/software-universita\\\/\"},{\"@type\":\"ListItem\",\"position\":3,\"name\":\"Campus Cafe\"}]},{\"@type\":\"WebSite\",\"@id\":\"https:\\\/\\\/www.accuratereviews.com\\\/it\\\/#website\",\"url\":\"https:\\\/\\\/www.accuratereviews.com\\\/it\\\/\",\"name\":\"Accurate Reviews\",\"description\":\"\",\"potentialAction\":[{\"@type\":\"SearchAction\",\"target\":{\"@type\":\"EntryPoint\",\"urlTemplate\":\"https:\\\/\\\/www.accuratereviews.com\\\/it\\\/?s={search_term_string}\"},\"query-input\":{\"@type\":\"PropertyValueSpecification\",\"valueRequired\":true,\"valueName\":\"search_term_string\"}}],\"inLanguage\":\"it-IT\"}]}<\/script>\n<!-- \/ Yoast SEO plugin. -->","yoast_head_json":{"title":"Campus Cafe: recensione software universit\u00e0 - Accurate Reviews","description":"Campus Cafe \u00e8 un software per universit\u00e0 che ha l'obiettivo di fornire il massimo supporto nella gestione amministrativa dell'istituto.","robots":{"index":"index","follow":"follow","max-snippet":"max-snippet:-1","max-image-preview":"max-image-preview:large","max-video-preview":"max-video-preview:-1"},"canonical":"https:\/\/www.accuratereviews.com\/it\/software-universita\/campus-cafe-recensione\/","og_locale":"it_IT","og_type":"article","og_title":"Campus Cafe: recensione software universit\u00e0 - Accurate Reviews","og_description":"Campus Cafe \u00e8 un software per universit\u00e0 che ha l'obiettivo di fornire il massimo supporto nella gestione amministrativa dell'istituto.","og_url":"https:\/\/www.accuratereviews.com\/it\/software-universita\/campus-cafe-recensione\/","og_site_name":"Accurate Reviews","article_modified_time":"2021-04-23T13:09:29+00:00","og_image":[{"width":476,"height":201,"url":"https:\/\/www.accuratereviews.com\/wp-content\/uploads\/2021\/04\/34a495b4dfe141428b5ccb24f3e5de82-logo-Small.png","type":"image\/png"}],"twitter_card":"summary_large_image","twitter_misc":{"Tempo di lettura stimato":"4 minuti"},"schema":{"@context":"https:\/\/schema.org","@graph":[{"@type":"WebPage","@id":"https:\/\/www.accuratereviews.com\/it\/software-universita\/campus-cafe-recensione\/","url":"https:\/\/www.accuratereviews.com\/it\/software-universita\/campus-cafe-recensione\/","name":"Campus Cafe: recensione software universit\u00e0 - Accurate Reviews","isPartOf":{"@id":"https:\/\/www.accuratereviews.com\/it\/#website"},"primaryImageOfPage":{"@id":"https:\/\/www.accuratereviews.com\/it\/software-universita\/campus-cafe-recensione\/#primaryimage"},"image":{"@id":"https:\/\/www.accuratereviews.com\/it\/software-universita\/campus-cafe-recensione\/#primaryimage"},"thumbnailUrl":"https:\/\/www.accuratereviews.com\/wp-content\/uploads\/2021\/04\/34a495b4dfe141428b5ccb24f3e5de82-logo-Small.png","datePublished":"2021-04-13T13:56:56+00:00","dateModified":"2021-04-23T13:09:29+00:00","description":"Campus Cafe \u00e8 un software per universit\u00e0 che ha l'obiettivo di fornire il massimo supporto nella gestione amministrativa dell'istituto.","breadcrumb":{"@id":"https:\/\/www.accuratereviews.com\/it\/software-universita\/campus-cafe-recensione\/#breadcrumb"},"inLanguage":"it-IT","potentialAction":[{"@type":"ReadAction","target":["https:\/\/www.accuratereviews.com\/it\/software-universita\/campus-cafe-recensione\/"]}]},{"@type":"ImageObject","inLanguage":"it-IT","@id":"https:\/\/www.accuratereviews.com\/it\/software-universita\/campus-cafe-recensione\/#primaryimage","url":"https:\/\/www.accuratereviews.com\/wp-content\/uploads\/2021\/04\/34a495b4dfe141428b5ccb24f3e5de82-logo-Small.png","contentUrl":"https:\/\/www.accuratereviews.com\/wp-content\/uploads\/2021\/04\/34a495b4dfe141428b5ccb24f3e5de82-logo-Small.png","width":476,"height":201},{"@type":"BreadcrumbList","@id":"https:\/\/www.accuratereviews.com\/it\/software-universita\/campus-cafe-recensione\/#breadcrumb","itemListElement":[{"@type":"ListItem","position":1,"name":"Home","item":"https:\/\/www.accuratereviews.com\/it\/"},{"@type":"ListItem","position":2,"name":"Software per universit\u00e0","item":"https:\/\/www.accuratereviews.com\/it\/software-universita\/"},{"@type":"ListItem","position":3,"name":"Campus Cafe"}]},{"@type":"WebSite","@id":"https:\/\/www.accuratereviews.com\/it\/#website","url":"https:\/\/www.accuratereviews.com\/it\/","name":"Accurate Reviews","description":"","potentialAction":[{"@type":"SearchAction","target":{"@type":"EntryPoint","urlTemplate":"https:\/\/www.accuratereviews.com\/it\/?s={search_term_string}"},"query-input":{"@type":"PropertyValueSpecification","valueRequired":true,"valueName":"search_term_string"}}],"inLanguage":"it-IT"}]}},"_links":{"self":[{"href":"https:\/\/www.accuratereviews.com\/it\/wp-json\/wp\/v2\/pages\/39774","targetHints":{"allow":["GET"]}}],"collection":[{"href":"https:\/\/www.accuratereviews.com\/it\/wp-json\/wp\/v2\/pages"}],"about":[{"href":"https:\/\/www.accuratereviews.com\/it\/wp-json\/wp\/v2\/types\/page"}],"author":[{"embeddable":true,"href":"https:\/\/www.accuratereviews.com\/it\/wp-json\/wp\/v2\/users\/17"}],"replies":[{"embeddable":true,"href":"https:\/\/www.accuratereviews.com\/it\/wp-json\/wp\/v2\/comments?post=39774"}],"version-history":[{"count":5,"href":"https:\/\/www.accuratereviews.com\/it\/wp-json\/wp\/v2\/pages\/39774\/revisions"}],"predecessor-version":[{"id":40898,"href":"https:\/\/www.accuratereviews.com\/it\/wp-json\/wp\/v2\/pages\/39774\/revisions\/40898"}],"up":[{"embeddable":true,"href":"https:\/\/www.accuratereviews.com\/it\/wp-json\/wp\/v2\/pages\/38766"}],"wp:featuredmedia":[{"embeddable":true,"href":"https:\/\/www.accuratereviews.com\/it\/wp-json\/wp\/v2\/media\/39775"}],"wp:attachment":[{"href":"https:\/\/www.accuratereviews.com\/it\/wp-json\/wp\/v2\/media?parent=39774"}],"wp:term":[{"taxonomy":"category","embeddable":true,"href":"https:\/\/www.accuratereviews.com\/it\/wp-json\/wp\/v2\/categories?post=39774"},{"taxonomy":"post_tag","embeddable":true,"href":"https:\/\/www.accuratereviews.com\/it\/wp-json\/wp\/v2\/tags?post=39774"},{"taxonomy":"features","embeddable":true,"href":"https:\/\/www.accuratereviews.com\/it\/wp-json\/wp\/v2\/features?post=39774"}],"curies":[{"name":"wp","href":"https:\/\/api.w.org\/{rel}","templated":true}]}}