{"id":39781,"date":"2021-04-13T13:58:11","date_gmt":"2021-04-13T13:58:11","guid":{"rendered":"https:\/\/www.accuratereviews.com\/?page_id=39781"},"modified":"2021-04-23T13:10:34","modified_gmt":"2021-04-23T13:10:34","slug":"empower-sis-recensione","status":"publish","type":"page","link":"https:\/\/www.accuratereviews.com\/it\/software-universita\/empower-sis-recensione\/","title":{"rendered":"EMPOWER SIS"},"content":{"rendered":"<p><strong>EMPOWER SIS<\/strong> \u00e8 un <strong>software per universit\u00e0<\/strong> che consente a studenti, ex studenti, docenti e personale scolastico di interagire quotidianamente per scambiarsi idee, migliorare la formazione e risolvere i problemi in modo semplice, veloce e a un costo moderato. Si tratta di un <strong>sistema di informazione per gli studenti<\/strong> (SIS), che offre numerose funzionalit\u00e0 per la gestione dei documenti e del piano di studio, gli aiuti finanziari, il registro dei voti e quello delle presenze,\u00a0il reclutamento e l&#8217;ammissione degli alunni\u00a0e un monitoraggio efficiente con report dettagliati relativi ai loro progressi.<\/p>\n<h2>PERCH\u00c8 SCEGLIERE EMPOWER SIS &#8211; VIDEO<\/h2>\n<div id=\"fluid-wrapper-counter-1\" class=\"g1-fluid-wrapper \" style=\"width:686px;\">\n<div style=\"padding-bottom:56.268221574344%;\"><iframe loading=\"lazy\" title=\"Why Choose EMPOWER?\" width=\"686\" height=\"386\" src=\"https:\/\/www.youtube.com\/embed\/-Rpddco05-Y?feature=oembed&amp;wmode=transparent&amp;autohide=1&amp;autoplay=0&amp;disablekb=0&amp;fs=1&amp;loop=0&amp;enablejsapi=1&amp;rel=0&amp;controls=2&amp;showinfo=0&amp;wmode=transparent&amp;autohide=2&amp;autoplay=0&amp;disablekb=0&amp;fs=1&amp;loop=0&amp;enablejsapi=1&amp;rel=0&amp;controls=2&amp;showinfo=1\" frameborder=\"0\" allow=\"accelerometer; autoplay; clipboard-write; encrypted-media; gyroscope; picture-in-picture\" allowfullscreen><\/iframe><\/div>\n<\/div>\n<h3>EMPOWER SIS &#8211; CARATTERISTICHE<\/h3>\n<ul>\n<li><strong>Formazione basata sulle competenze (CBE)<\/strong>: offre la possibilit\u00e0 di registrare i tentativi di uno studente o il raggiungimento di competenze predefinite e di interrogare le competenze acquisite e mancanti degli studenti<\/li>\n<li><strong>Libro dei dati (Data Book)<\/strong>: offre alle scuole la possibilit\u00e0 di creare elenchi ricercabili online di vari gruppi costituenti, come studenti, ex studenti, docenti e personale<\/li>\n<li><strong>Gestione eventi<\/strong>: crea e gestisci eventi in modo semplice<\/li>\n<li><strong>Modulo per gli aiuti finanziari<\/strong>: \u00e8 il modello di una lettera di premiazione standardizzata progettata dal governo federale, utile per i potenziali studenti che possono ricevere informazioni sui costi e sugli aiuti finanziari<\/li>\n<li><strong>Gestione dei movimenti<\/strong>: si riferisce a un processo di spostamento di qualcuno verso un obiettivo identificato attraverso una serie di attivit\u00e0 di comunicazione pianificate<\/li>\n<li><strong>Valutazioni narrative<\/strong>: vanno oltre la consueta assegnazione dei voti, consentendo invece commenti aggiuntivi per accompagnare valutazioni di pi\u00f9 categorie<\/li>\n<li><strong>Raccomandazioni in linea<\/strong>: \u00e8 un sistema automatizzato che consente ai candidati di fornire informazioni di contatto per raccomandazioni come parte della domanda in linea<\/li>\n<li><strong>Pagamenti online<\/strong>: gli studenti possono impostare detrazioni per pagamenti automatici in base al loro piano di pagamento con la scuola<\/li>\n<li><strong>Formazione continua<\/strong>: \u00e8 completamente automatizzata e basata sul web, consente al pubblico di registrarsi e pagare i corsi online senza dover essere ammesso come studente<\/li>\n<li><strong>Stage e opportunit\u00e0 esterne<\/strong>: EMPOWER pu\u00f2 monitorare e gestire opportunit\u00e0 educative estese a disposizione degli studenti come stage, borse di studio e opportunit\u00e0 di volontariato<\/li>\n<li><strong>Piano di studio<\/strong>: consente di tracciare le iscrizioni di uno studente a ogni trimestre, mostrando esattamente quali classi seguir\u00e0 e quando<\/li>\n<li><strong>Sistema di allerta precoce<\/strong>: gli avvisi per problemi agli studenti forniscono un mezzo per informare gli studenti a rischio e il loro personale designato che potrebbero incontrare difficolt\u00e0 accademiche o di altro tipo.<\/li>\n<\/ul>\n<h4>LE RECENSIONI DEGLI UTENTI<\/h4>\n<p><strong>Tiffany F. &#8220;Empower&#8221;<\/strong><br \/>\nCOMMENTI: finora questo \u00e8 il migliore che ho usato per visualizzare le metriche<br \/>\nPRO: \u00e8 facile da capire. Le metriche sono tutte l\u00ec in un bel formato di foglio di calcolo che non \u00e8 difficile da navigare. Non lo uso da molto ma sono gi\u00e0 impressionato.<br \/>\nCONTRO: la scrittura risulta un po&#8217; piccola e non sono sicuro che tu possa impostare caratteri diversi (questo \u00e8 correlato all&#8217;utente, non conosco tutta la codifica e simili)<\/p>\n<p><strong>Laura K. &#8220;Ottimo per il libro paga; fa un ottimo lavoro con le basi.&#8221;<\/strong><br \/>\nPRO: processo libro paga affidabile e veloce. Visualizza il registro delle buste paga prima di pubblicare per un facile doppio controllo. Il processo del libro paga \u00e8 chiaro e semplice.<br \/>\nCONTRO: le funzioni HRIS sono limitate oltre le basi. Possibilit\u00e0 di personalizzazione molto ridotta. Il sistema di monitoraggio dei candidati e dei dipendenti di HRIS non \u00e8 neutrale rispetto al browser, il che \u00e8 spesso problematico. Si stanno convertendo a una nuova piattaforma e per questo motivo, le risorse di ricerca e sviluppo non sono impegnate come una volta per questo prodotto software.<\/p>\n<p><strong>Holly B. &#8220;Facile da usare&#8221;<\/strong><br \/>\nPRO: facile da navigare nel sistema e facile da usare anche per i dipendenti. La segnalazione \u00e8 semplificata.<\/p>\n","protected":false},"excerpt":{"rendered":"<p>EMPOWER SIS \u00e8 un software per universit\u00e0 che consente a studenti, ex studenti, docenti e personale scolastico di interagire quotidianamente.<\/p>\n","protected":false},"author":17,"featured_media":39782,"parent":38766,"menu_order":0,"comment_status":"open","ping_status":"closed","template":"g1_template_page_review_new.php","meta":{"_acf_changed":false,"cwp_meta_box_check":"No","cwp_rev_product_name":"","cwp_rev_product_image":"","wppr_links":[],"cwp_rev_price":"","wppr_options":[],"wppr_pros":[],"wppr_cons":[],"_monsterinsights_skip_tracking":false,"_monsterinsights_sitenote_active":false,"_monsterinsights_sitenote_note":"","_monsterinsights_sitenote_category":0,"footnotes":""},"categories":[5417],"tags":[5465,5447,5421,5420,5422,5419],"features":[],"class_list":{"0":"post-39781","1":"page","2":"type-page","3":"status-publish","4":"has-post-thumbnail","6":"category-software-universita-categoria","7":"tag-gestionale-per-universita","8":"tag-piattaforma-per-universita","9":"tag-programma-per-universita","10":"tag-software-per-universita","11":"tag-soluzione-per-universita","12":"tag-universita"},"wppr_data":{"cwp_meta_box_check":"No"},"acf":[],"yoast_head":"<!-- This site is optimized with the Yoast SEO plugin v27.4 - https:\/\/yoast.com\/product\/yoast-seo-wordpress\/ -->\n<title>EMPOWER SIS: recensione software universit\u00e0 - Accurate Reviews<\/title>\n<meta name=\"description\" content=\"EMPOWER SIS \u00e8 un software per universit\u00e0 che consente a studenti, ex studenti, docenti e personale scolastico di interagire quotidianamente.\" \/>\n<meta name=\"robots\" content=\"index, follow, max-snippet:-1, max-image-preview:large, max-video-preview:-1\" \/>\n<link rel=\"canonical\" href=\"https:\/\/www.accuratereviews.com\/it\/software-universita\/empower-sis-recensione\/\" \/>\n<meta property=\"og:locale\" content=\"it_IT\" \/>\n<meta property=\"og:type\" content=\"article\" \/>\n<meta property=\"og:title\" content=\"EMPOWER SIS: recensione software universit\u00e0 - Accurate Reviews\" \/>\n<meta property=\"og:description\" content=\"EMPOWER SIS \u00e8 un software per universit\u00e0 che consente a studenti, ex studenti, docenti e personale scolastico di interagire quotidianamente.\" \/>\n<meta property=\"og:url\" content=\"https:\/\/www.accuratereviews.com\/it\/software-universita\/empower-sis-recensione\/\" \/>\n<meta property=\"og:site_name\" content=\"Accurate Reviews\" \/>\n<meta property=\"article:modified_time\" content=\"2021-04-23T13:10:34+00:00\" \/>\n<meta property=\"og:image\" content=\"https:\/\/www.accuratereviews.com\/wp-content\/uploads\/2021\/04\/empower-sis.png\" \/>\n\t<meta property=\"og:image:width\" content=\"364\" \/>\n\t<meta property=\"og:image:height\" content=\"364\" \/>\n\t<meta property=\"og:image:type\" content=\"image\/png\" \/>\n<meta name=\"twitter:card\" content=\"summary_large_image\" \/>\n<meta name=\"twitter:label1\" content=\"Tempo di lettura stimato\" \/>\n\t<meta name=\"twitter:data1\" content=\"3 minuti\" \/>\n<script type=\"application\/ld+json\" class=\"yoast-schema-graph\">{\"@context\":\"https:\\\/\\\/schema.org\",\"@graph\":[{\"@type\":\"WebPage\",\"@id\":\"https:\\\/\\\/www.accuratereviews.com\\\/it\\\/software-universita\\\/empower-sis-recensione\\\/\",\"url\":\"https:\\\/\\\/www.accuratereviews.com\\\/it\\\/software-universita\\\/empower-sis-recensione\\\/\",\"name\":\"EMPOWER SIS: recensione software universit\u00e0 - Accurate Reviews\",\"isPartOf\":{\"@id\":\"https:\\\/\\\/www.accuratereviews.com\\\/it\\\/#website\"},\"primaryImageOfPage\":{\"@id\":\"https:\\\/\\\/www.accuratereviews.com\\\/it\\\/software-universita\\\/empower-sis-recensione\\\/#primaryimage\"},\"image\":{\"@id\":\"https:\\\/\\\/www.accuratereviews.com\\\/it\\\/software-universita\\\/empower-sis-recensione\\\/#primaryimage\"},\"thumbnailUrl\":\"https:\\\/\\\/www.accuratereviews.com\\\/wp-content\\\/uploads\\\/2021\\\/04\\\/empower-sis.png\",\"datePublished\":\"2021-04-13T13:58:11+00:00\",\"dateModified\":\"2021-04-23T13:10:34+00:00\",\"description\":\"EMPOWER SIS \u00e8 un software per universit\u00e0 che consente a studenti, ex studenti, docenti e personale scolastico di interagire quotidianamente.\",\"breadcrumb\":{\"@id\":\"https:\\\/\\\/www.accuratereviews.com\\\/it\\\/software-universita\\\/empower-sis-recensione\\\/#breadcrumb\"},\"inLanguage\":\"it-IT\",\"potentialAction\":[{\"@type\":\"ReadAction\",\"target\":[\"https:\\\/\\\/www.accuratereviews.com\\\/it\\\/software-universita\\\/empower-sis-recensione\\\/\"]}]},{\"@type\":\"ImageObject\",\"inLanguage\":\"it-IT\",\"@id\":\"https:\\\/\\\/www.accuratereviews.com\\\/it\\\/software-universita\\\/empower-sis-recensione\\\/#primaryimage\",\"url\":\"https:\\\/\\\/www.accuratereviews.com\\\/wp-content\\\/uploads\\\/2021\\\/04\\\/empower-sis.png\",\"contentUrl\":\"https:\\\/\\\/www.accuratereviews.com\\\/wp-content\\\/uploads\\\/2021\\\/04\\\/empower-sis.png\",\"width\":364,\"height\":364},{\"@type\":\"BreadcrumbList\",\"@id\":\"https:\\\/\\\/www.accuratereviews.com\\\/it\\\/software-universita\\\/empower-sis-recensione\\\/#breadcrumb\",\"itemListElement\":[{\"@type\":\"ListItem\",\"position\":1,\"name\":\"Home\",\"item\":\"https:\\\/\\\/www.accuratereviews.com\\\/it\\\/\"},{\"@type\":\"ListItem\",\"position\":2,\"name\":\"Software per universit\u00e0\",\"item\":\"https:\\\/\\\/www.accuratereviews.com\\\/it\\\/software-universita\\\/\"},{\"@type\":\"ListItem\",\"position\":3,\"name\":\"EMPOWER SIS\"}]},{\"@type\":\"WebSite\",\"@id\":\"https:\\\/\\\/www.accuratereviews.com\\\/it\\\/#website\",\"url\":\"https:\\\/\\\/www.accuratereviews.com\\\/it\\\/\",\"name\":\"Accurate Reviews\",\"description\":\"\",\"potentialAction\":[{\"@type\":\"SearchAction\",\"target\":{\"@type\":\"EntryPoint\",\"urlTemplate\":\"https:\\\/\\\/www.accuratereviews.com\\\/it\\\/?s={search_term_string}\"},\"query-input\":{\"@type\":\"PropertyValueSpecification\",\"valueRequired\":true,\"valueName\":\"search_term_string\"}}],\"inLanguage\":\"it-IT\"}]}<\/script>\n<!-- \/ Yoast SEO plugin. -->","yoast_head_json":{"title":"EMPOWER SIS: recensione software universit\u00e0 - Accurate Reviews","description":"EMPOWER SIS \u00e8 un software per universit\u00e0 che consente a studenti, ex studenti, docenti e personale scolastico di interagire quotidianamente.","robots":{"index":"index","follow":"follow","max-snippet":"max-snippet:-1","max-image-preview":"max-image-preview:large","max-video-preview":"max-video-preview:-1"},"canonical":"https:\/\/www.accuratereviews.com\/it\/software-universita\/empower-sis-recensione\/","og_locale":"it_IT","og_type":"article","og_title":"EMPOWER SIS: recensione software universit\u00e0 - Accurate Reviews","og_description":"EMPOWER SIS \u00e8 un software per universit\u00e0 che consente a studenti, ex studenti, docenti e personale scolastico di interagire quotidianamente.","og_url":"https:\/\/www.accuratereviews.com\/it\/software-universita\/empower-sis-recensione\/","og_site_name":"Accurate Reviews","article_modified_time":"2021-04-23T13:10:34+00:00","og_image":[{"width":364,"height":364,"url":"https:\/\/www.accuratereviews.com\/wp-content\/uploads\/2021\/04\/empower-sis.png","type":"image\/png"}],"twitter_card":"summary_large_image","twitter_misc":{"Tempo di lettura stimato":"3 minuti"},"schema":{"@context":"https:\/\/schema.org","@graph":[{"@type":"WebPage","@id":"https:\/\/www.accuratereviews.com\/it\/software-universita\/empower-sis-recensione\/","url":"https:\/\/www.accuratereviews.com\/it\/software-universita\/empower-sis-recensione\/","name":"EMPOWER SIS: recensione software universit\u00e0 - Accurate Reviews","isPartOf":{"@id":"https:\/\/www.accuratereviews.com\/it\/#website"},"primaryImageOfPage":{"@id":"https:\/\/www.accuratereviews.com\/it\/software-universita\/empower-sis-recensione\/#primaryimage"},"image":{"@id":"https:\/\/www.accuratereviews.com\/it\/software-universita\/empower-sis-recensione\/#primaryimage"},"thumbnailUrl":"https:\/\/www.accuratereviews.com\/wp-content\/uploads\/2021\/04\/empower-sis.png","datePublished":"2021-04-13T13:58:11+00:00","dateModified":"2021-04-23T13:10:34+00:00","description":"EMPOWER SIS \u00e8 un software per universit\u00e0 che consente a studenti, ex studenti, docenti e personale scolastico di interagire quotidianamente.","breadcrumb":{"@id":"https:\/\/www.accuratereviews.com\/it\/software-universita\/empower-sis-recensione\/#breadcrumb"},"inLanguage":"it-IT","potentialAction":[{"@type":"ReadAction","target":["https:\/\/www.accuratereviews.com\/it\/software-universita\/empower-sis-recensione\/"]}]},{"@type":"ImageObject","inLanguage":"it-IT","@id":"https:\/\/www.accuratereviews.com\/it\/software-universita\/empower-sis-recensione\/#primaryimage","url":"https:\/\/www.accuratereviews.com\/wp-content\/uploads\/2021\/04\/empower-sis.png","contentUrl":"https:\/\/www.accuratereviews.com\/wp-content\/uploads\/2021\/04\/empower-sis.png","width":364,"height":364},{"@type":"BreadcrumbList","@id":"https:\/\/www.accuratereviews.com\/it\/software-universita\/empower-sis-recensione\/#breadcrumb","itemListElement":[{"@type":"ListItem","position":1,"name":"Home","item":"https:\/\/www.accuratereviews.com\/it\/"},{"@type":"ListItem","position":2,"name":"Software per universit\u00e0","item":"https:\/\/www.accuratereviews.com\/it\/software-universita\/"},{"@type":"ListItem","position":3,"name":"EMPOWER SIS"}]},{"@type":"WebSite","@id":"https:\/\/www.accuratereviews.com\/it\/#website","url":"https:\/\/www.accuratereviews.com\/it\/","name":"Accurate Reviews","description":"","potentialAction":[{"@type":"SearchAction","target":{"@type":"EntryPoint","urlTemplate":"https:\/\/www.accuratereviews.com\/it\/?s={search_term_string}"},"query-input":{"@type":"PropertyValueSpecification","valueRequired":true,"valueName":"search_term_string"}}],"inLanguage":"it-IT"}]}},"_links":{"self":[{"href":"https:\/\/www.accuratereviews.com\/it\/wp-json\/wp\/v2\/pages\/39781","targetHints":{"allow":["GET"]}}],"collection":[{"href":"https:\/\/www.accuratereviews.com\/it\/wp-json\/wp\/v2\/pages"}],"about":[{"href":"https:\/\/www.accuratereviews.com\/it\/wp-json\/wp\/v2\/types\/page"}],"author":[{"embeddable":true,"href":"https:\/\/www.accuratereviews.com\/it\/wp-json\/wp\/v2\/users\/17"}],"replies":[{"embeddable":true,"href":"https:\/\/www.accuratereviews.com\/it\/wp-json\/wp\/v2\/comments?post=39781"}],"version-history":[{"count":7,"href":"https:\/\/www.accuratereviews.com\/it\/wp-json\/wp\/v2\/pages\/39781\/revisions"}],"predecessor-version":[{"id":40900,"href":"https:\/\/www.accuratereviews.com\/it\/wp-json\/wp\/v2\/pages\/39781\/revisions\/40900"}],"up":[{"embeddable":true,"href":"https:\/\/www.accuratereviews.com\/it\/wp-json\/wp\/v2\/pages\/38766"}],"wp:featuredmedia":[{"embeddable":true,"href":"https:\/\/www.accuratereviews.com\/it\/wp-json\/wp\/v2\/media\/39782"}],"wp:attachment":[{"href":"https:\/\/www.accuratereviews.com\/it\/wp-json\/wp\/v2\/media?parent=39781"}],"wp:term":[{"taxonomy":"category","embeddable":true,"href":"https:\/\/www.accuratereviews.com\/it\/wp-json\/wp\/v2\/categories?post=39781"},{"taxonomy":"post_tag","embeddable":true,"href":"https:\/\/www.accuratereviews.com\/it\/wp-json\/wp\/v2\/tags?post=39781"},{"taxonomy":"features","embeddable":true,"href":"https:\/\/www.accuratereviews.com\/it\/wp-json\/wp\/v2\/features?post=39781"}],"curies":[{"name":"wp","href":"https:\/\/api.w.org\/{rel}","templated":true}]}}