{"id":39801,"date":"2021-04-13T13:52:54","date_gmt":"2021-04-13T13:52:54","guid":{"rendered":"https:\/\/www.accuratereviews.com\/?page_id=39801"},"modified":"2021-04-23T12:41:25","modified_gmt":"2021-04-23T12:41:25","slug":"full-fabric-recensione","status":"publish","type":"page","link":"https:\/\/www.accuratereviews.com\/it\/software-universita\/full-fabric-recensione\/","title":{"rendered":"Full Fabric"},"content":{"rendered":"<p><strong>Full Fabric<\/strong> \u00e8 un <strong>software per universit\u00e0<\/strong> dedicato a reclutamento, interazione degli studenti e la loro gestione. Ha tre moduli: Origin, Core e Connector. Il primo ti consente di raggiungere potenziali studenti su diverse piattaforme. Con i suoi strumenti puoi coinvolgere, prequalificare e convertire persone altamente qualificate e aumentare i tassi di iscrizione per la tua scuola. Core ti consente di prenderti cura degli studenti durante la loro permanenza nel tuo istituto. Fornisce strumenti ai professori per connettersi con i loro studenti. C&#8217;\u00e8 anche una sezione disponibile per creare piani di studio e orari dei corsi, tenere traccia delle presenze, dei compiti e dei progetti, supervisionare i voti e produrre e rilasciare le trascrizioni. Con questo componente, puoi anche consentire agli studenti di gestire i propri dati. Infine, Connector \u00e8 un modulo dedicato alla gestione degli alunni. Oltre a mantenere i profili degli studenti precedenti, questo ti consente di pianificare, commercializzare e gestire gli eventi.<\/p>\n<h2>FULL FABRIC &#8211; TUTORIAL<\/h2>\n<p>Ecco un video in cui si vede come \u00e8 semplice trovare nuovi alunni con questo <strong>software per universit\u00e0:<\/strong><\/p>\n<div id=\"fluid-wrapper-counter-1\" class=\"g1-fluid-wrapper \" style=\"width:686px;\">\n<div style=\"padding-bottom:56.268221574344%;\"><iframe loading=\"lazy\" title=\"Turn your candidates into students\" src=\"https:\/\/player.vimeo.com\/video\/346166030?dnt=1&amp;app_id=122963?title=0&amp;byline=0&amp;portrait=0\" width=\"686\" height=\"386\" frameborder=\"0\" allow=\"autoplay; fullscreen; picture-in-picture\" allowfullscreen><\/iframe><\/div>\n<\/div>\n<h3>FULL FABRIC &#8211; CARATTERISTICHE<\/h3>\n<ul>\n<li><strong>Crea pagine di destinazione e moduli di richiesta<\/strong>: attira facilmente contatti e acquisisci le informazioni sui visitatori. Tutte le pagine di destinazione sono personalizzabili e reattive ai dispositivi mobili<\/li>\n<li><strong>Personalizza moduli<\/strong>: i moduli sono personalizzabili e facili da costruire utilizzando l&#8217;editor intuitivo. \u00c8 sufficiente trascinare e rilasciare i campi che si desidera includere e specificare se qualcuno \u00e8 obbligatorio o facoltativo<\/li>\n<li><strong>Incentrato sullo studente<\/strong>: comprendere il percorso del tuo studente e stabilire in modo proattivo una relazione significativa \u00e8 essenziale per il successo delle tue attivit\u00e0 di inserimento e reclutamento<\/li>\n<li><strong>Vista a 360\u00b0<\/strong>: raccogli i dati di potenziali clienti, candidati, studenti e ottieni una panoramica completa che include la cronologia delle attivit\u00e0 e l&#8217;ultimo punto di contatto<\/li>\n<li><strong>Misura il coinvolgimento<\/strong>: tieni traccia del livello di coinvolgimento dei tuoi studenti con le pagine di destinazione, gli eventi e le campagne email<\/li>\n<li><strong>Centralizza<\/strong>: collega tutte le interazioni del tuo team con uno studente e semplifica la condivisione di informazioni, l&#8217;acquisizione di note di tutti, l&#8217;assegnazione di attivit\u00e0 e la collaborazione<\/li>\n<li><strong>Definisci il tuo pubblico<\/strong>: costruisci facilmente segmenti e guarda quanti potenziali clienti hai in ciascuna fase del processo di reclutamento<\/li>\n<li><strong>Ospita e partecipa:<\/strong> uno dei modi pi\u00f9 efficaci per acquisire lead e portarli pi\u00f9 avanti nella canalizzazione di reclutamento. Il programma ti permette di creare, comunicare e gestire facilmente i tuoi eventi<\/li>\n<li><strong>Ricorda ai partecipanti<\/strong>: imposta la tua campagna email in pochi semplici passaggi e invia inviti e promemoria automatici sul tuo evento<\/li>\n<li><strong>Da non perdere<\/strong>: importa i dati raccolti dalle fiere di reclutamento e segui personalmente coloro che si sono registrati o hanno partecipato all&#8217;evento<\/li>\n<li><strong>Raccogli i partecipanti<\/strong>: crea la tua pagina di destinazione dell&#8217;evento individuale con pochi clic e promuovi facilmente l&#8217;evento sui social media<\/li>\n<li><strong>Monitoraggio<\/strong>: raccogli informazioni aggiuntive sui tuoi partecipanti e sulle registrazioni del tuo evento, con statistiche online<\/li>\n<\/ul>\n<h4>LE RECENSIONI DEGLI UTENTI<\/h4>\n<h5 class=\"font-weight-bold mb-1 d-flex align-items-center\">Niklas S. &#8220;Recensione&#8221;<\/h5>\n<p><strong>Pro: <\/strong>l&#8217;usabilit\u00e0 lato staff, personalizzazione schema e profilo, lavoro con account manager<\/p>\n<p><strong>Contro: <\/strong>lunghi tempi di sviluppo, nessuna flessibilit\u00e0 della funzione esperienza<\/p>\n<p class=\"font-weight-bold mb-1 d-flex align-items-center\"><strong>Adriana S.&#8221;SIS di ottima qualit\u00e0 che semplifica il reclutamento e l&#8217;iscrizione. Supporto amichevole e molto utile&#8221;<\/strong><\/p>\n<p><strong>Pro: <\/strong>Mi piace la flessibilit\u00e0 e la capacit\u00e0 di personalizzare il software, lavoriamo a stretto contatto con il team di FullFabric per allineare le caratteristiche del software con i nostri flussi di lavoro e le nostre esigenze. Nuove funzionalit\u00e0 vengono aggiunte regolarmente e questo migliora la funzionalit\u00e0 del software. Il servizio clienti \u00e8 molto veloce nel rispondere la maggior parte del tempo.<\/p>\n<p><strong>Contro: <\/strong>C&#8217;\u00e8 ancora spazio per miglioramenti, soprattutto per la gestione del calendario accademico. Ma mi fido del team di Full Fabric e presto verr\u00e0 lanciata una versione nuova e migliorata del calendario.<\/p>\n<p class=\"font-weight-bold mb-1 d-flex align-items-center\"><strong>Niina A.&#8221;Full Fabric \u00e8 un ottimo strumento per l&#8217;ammissione e il reclutamento.&#8221;<\/strong><\/p>\n<p><strong>Commenti: <\/strong>Processo fluido e veloce.<\/p>\n<p><strong>Pro: <\/strong>\u00c8 abbastanza facile da usare e ottieni una buona visione della situazione. Puoi fare l&#8217;ammissione e valutare i candidati (sia la valutazione generale che quella accademica) nello stesso programma, il che \u00e8 un enorme vantaggio.<\/p>\n<p><strong>Contro: <\/strong>Alcuni rapporti di cui abbiamo bisogno a causa della legislazione si sono dimostrati un po&#8217; complicati da uscire dal sistema, ma abbiamo sempre trovato un modo con l&#8217;aiuto del team di Full Fabric.<\/p>\n","protected":false},"excerpt":{"rendered":"<p>Full Fabric \u00e8 un software per universit\u00e0 per il reclutamento, l&#8217;interazione con gli studenti e nella gestione degli alunni. Ha tre moduli: Origin, Core e Connector. Gestisci, traccia e converti i migliori candidati, offrendo loro un&#8217;esperienza moderna e sofisticata. <\/p>\n","protected":false},"author":19,"featured_media":39808,"parent":38766,"menu_order":0,"comment_status":"open","ping_status":"closed","template":"g1_template_page_review_new.php","meta":{"_acf_changed":false,"cwp_meta_box_check":"Yes","cwp_rev_product_name":"","cwp_rev_product_image":"","wppr_links":[],"cwp_rev_price":"","wppr_options":[],"wppr_pros":[],"wppr_cons":[],"_monsterinsights_skip_tracking":false,"_monsterinsights_sitenote_active":false,"_monsterinsights_sitenote_note":"","_monsterinsights_sitenote_category":0,"footnotes":""},"categories":[5417],"tags":[5610,5447,5421,5420,5422],"features":[],"class_list":{"0":"post-39801","1":"page","2":"type-page","3":"status-publish","4":"has-post-thumbnail","6":"category-software-universita-categoria","7":"tag-full-fabric","8":"tag-piattaforma-per-universita","9":"tag-programma-per-universita","10":"tag-software-per-universita","11":"tag-soluzione-per-universita"},"wppr_data":{"cwp_meta_box_check":"Yes","cwp_rev_product_name":"","cwp_rev_product_image":"","cwp_image_link":"image","cwp_rev_price":"","wppr_rating":"0.00"},"acf":[],"yoast_head":"<!-- This site is optimized with the Yoast SEO plugin v27.4 - https:\/\/yoast.com\/product\/yoast-seo-wordpress\/ -->\n<title>Full Fabric: recensione software universit\u00e0 - Accurate Reviews<\/title>\n<meta name=\"description\" content=\"Full Fabric: recensione software per universit\u00e0 dedicato a reclutamento, interazione degli studenti e la loro gestione.\" \/>\n<meta name=\"robots\" content=\"index, follow, max-snippet:-1, max-image-preview:large, max-video-preview:-1\" \/>\n<link rel=\"canonical\" href=\"https:\/\/www.accuratereviews.com\/it\/software-universita\/full-fabric-recensione\/\" \/>\n<meta property=\"og:locale\" content=\"it_IT\" \/>\n<meta property=\"og:type\" content=\"article\" \/>\n<meta property=\"og:title\" content=\"Full Fabric: recensione software universit\u00e0 - Accurate Reviews\" \/>\n<meta property=\"og:description\" content=\"Full Fabric: recensione software per universit\u00e0 dedicato a reclutamento, interazione degli studenti e la loro gestione.\" \/>\n<meta property=\"og:url\" content=\"https:\/\/www.accuratereviews.com\/it\/software-universita\/full-fabric-recensione\/\" \/>\n<meta property=\"og:site_name\" content=\"Accurate Reviews\" \/>\n<meta property=\"article:modified_time\" content=\"2021-04-23T12:41:25+00:00\" \/>\n<meta property=\"og:image\" content=\"https:\/\/www.accuratereviews.com\/wp-content\/uploads\/2021\/04\/fullfabric.jpg\" \/>\n\t<meta property=\"og:image:width\" content=\"400\" \/>\n\t<meta property=\"og:image:height\" content=\"400\" \/>\n\t<meta property=\"og:image:type\" content=\"image\/jpeg\" \/>\n<meta name=\"twitter:card\" content=\"summary_large_image\" \/>\n<meta name=\"twitter:label1\" content=\"Tempo di lettura stimato\" \/>\n\t<meta name=\"twitter:data1\" content=\"4 minuti\" \/>\n<script type=\"application\/ld+json\" class=\"yoast-schema-graph\">{\"@context\":\"https:\\\/\\\/schema.org\",\"@graph\":[{\"@type\":\"WebPage\",\"@id\":\"https:\\\/\\\/www.accuratereviews.com\\\/it\\\/software-universita\\\/full-fabric-recensione\\\/\",\"url\":\"https:\\\/\\\/www.accuratereviews.com\\\/it\\\/software-universita\\\/full-fabric-recensione\\\/\",\"name\":\"Full Fabric: recensione software universit\u00e0 - Accurate Reviews\",\"isPartOf\":{\"@id\":\"https:\\\/\\\/www.accuratereviews.com\\\/it\\\/#website\"},\"primaryImageOfPage\":{\"@id\":\"https:\\\/\\\/www.accuratereviews.com\\\/it\\\/software-universita\\\/full-fabric-recensione\\\/#primaryimage\"},\"image\":{\"@id\":\"https:\\\/\\\/www.accuratereviews.com\\\/it\\\/software-universita\\\/full-fabric-recensione\\\/#primaryimage\"},\"thumbnailUrl\":\"https:\\\/\\\/www.accuratereviews.com\\\/wp-content\\\/uploads\\\/2021\\\/04\\\/fullfabric.jpg\",\"datePublished\":\"2021-04-13T13:52:54+00:00\",\"dateModified\":\"2021-04-23T12:41:25+00:00\",\"description\":\"Full Fabric: recensione software per universit\u00e0 dedicato a reclutamento, interazione degli studenti e la loro gestione.\",\"breadcrumb\":{\"@id\":\"https:\\\/\\\/www.accuratereviews.com\\\/it\\\/software-universita\\\/full-fabric-recensione\\\/#breadcrumb\"},\"inLanguage\":\"it-IT\",\"potentialAction\":[{\"@type\":\"ReadAction\",\"target\":[\"https:\\\/\\\/www.accuratereviews.com\\\/it\\\/software-universita\\\/full-fabric-recensione\\\/\"]}]},{\"@type\":\"ImageObject\",\"inLanguage\":\"it-IT\",\"@id\":\"https:\\\/\\\/www.accuratereviews.com\\\/it\\\/software-universita\\\/full-fabric-recensione\\\/#primaryimage\",\"url\":\"https:\\\/\\\/www.accuratereviews.com\\\/wp-content\\\/uploads\\\/2021\\\/04\\\/fullfabric.jpg\",\"contentUrl\":\"https:\\\/\\\/www.accuratereviews.com\\\/wp-content\\\/uploads\\\/2021\\\/04\\\/fullfabric.jpg\",\"width\":400,\"height\":400},{\"@type\":\"BreadcrumbList\",\"@id\":\"https:\\\/\\\/www.accuratereviews.com\\\/it\\\/software-universita\\\/full-fabric-recensione\\\/#breadcrumb\",\"itemListElement\":[{\"@type\":\"ListItem\",\"position\":1,\"name\":\"Home\",\"item\":\"https:\\\/\\\/www.accuratereviews.com\\\/it\\\/\"},{\"@type\":\"ListItem\",\"position\":2,\"name\":\"Software per universit\u00e0\",\"item\":\"https:\\\/\\\/www.accuratereviews.com\\\/it\\\/software-universita\\\/\"},{\"@type\":\"ListItem\",\"position\":3,\"name\":\"Full Fabric\"}]},{\"@type\":\"WebSite\",\"@id\":\"https:\\\/\\\/www.accuratereviews.com\\\/it\\\/#website\",\"url\":\"https:\\\/\\\/www.accuratereviews.com\\\/it\\\/\",\"name\":\"Accurate Reviews\",\"description\":\"\",\"potentialAction\":[{\"@type\":\"SearchAction\",\"target\":{\"@type\":\"EntryPoint\",\"urlTemplate\":\"https:\\\/\\\/www.accuratereviews.com\\\/it\\\/?s={search_term_string}\"},\"query-input\":{\"@type\":\"PropertyValueSpecification\",\"valueRequired\":true,\"valueName\":\"search_term_string\"}}],\"inLanguage\":\"it-IT\"}]}<\/script>\n<!-- \/ Yoast SEO plugin. -->","yoast_head_json":{"title":"Full Fabric: recensione software universit\u00e0 - Accurate Reviews","description":"Full Fabric: recensione software per universit\u00e0 dedicato a reclutamento, interazione degli studenti e la loro gestione.","robots":{"index":"index","follow":"follow","max-snippet":"max-snippet:-1","max-image-preview":"max-image-preview:large","max-video-preview":"max-video-preview:-1"},"canonical":"https:\/\/www.accuratereviews.com\/it\/software-universita\/full-fabric-recensione\/","og_locale":"it_IT","og_type":"article","og_title":"Full Fabric: recensione software universit\u00e0 - Accurate Reviews","og_description":"Full Fabric: recensione software per universit\u00e0 dedicato a reclutamento, interazione degli studenti e la loro gestione.","og_url":"https:\/\/www.accuratereviews.com\/it\/software-universita\/full-fabric-recensione\/","og_site_name":"Accurate Reviews","article_modified_time":"2021-04-23T12:41:25+00:00","og_image":[{"width":400,"height":400,"url":"https:\/\/www.accuratereviews.com\/wp-content\/uploads\/2021\/04\/fullfabric.jpg","type":"image\/jpeg"}],"twitter_card":"summary_large_image","twitter_misc":{"Tempo di lettura stimato":"4 minuti"},"schema":{"@context":"https:\/\/schema.org","@graph":[{"@type":"WebPage","@id":"https:\/\/www.accuratereviews.com\/it\/software-universita\/full-fabric-recensione\/","url":"https:\/\/www.accuratereviews.com\/it\/software-universita\/full-fabric-recensione\/","name":"Full Fabric: recensione software universit\u00e0 - Accurate Reviews","isPartOf":{"@id":"https:\/\/www.accuratereviews.com\/it\/#website"},"primaryImageOfPage":{"@id":"https:\/\/www.accuratereviews.com\/it\/software-universita\/full-fabric-recensione\/#primaryimage"},"image":{"@id":"https:\/\/www.accuratereviews.com\/it\/software-universita\/full-fabric-recensione\/#primaryimage"},"thumbnailUrl":"https:\/\/www.accuratereviews.com\/wp-content\/uploads\/2021\/04\/fullfabric.jpg","datePublished":"2021-04-13T13:52:54+00:00","dateModified":"2021-04-23T12:41:25+00:00","description":"Full Fabric: recensione software per universit\u00e0 dedicato a reclutamento, interazione degli studenti e la loro gestione.","breadcrumb":{"@id":"https:\/\/www.accuratereviews.com\/it\/software-universita\/full-fabric-recensione\/#breadcrumb"},"inLanguage":"it-IT","potentialAction":[{"@type":"ReadAction","target":["https:\/\/www.accuratereviews.com\/it\/software-universita\/full-fabric-recensione\/"]}]},{"@type":"ImageObject","inLanguage":"it-IT","@id":"https:\/\/www.accuratereviews.com\/it\/software-universita\/full-fabric-recensione\/#primaryimage","url":"https:\/\/www.accuratereviews.com\/wp-content\/uploads\/2021\/04\/fullfabric.jpg","contentUrl":"https:\/\/www.accuratereviews.com\/wp-content\/uploads\/2021\/04\/fullfabric.jpg","width":400,"height":400},{"@type":"BreadcrumbList","@id":"https:\/\/www.accuratereviews.com\/it\/software-universita\/full-fabric-recensione\/#breadcrumb","itemListElement":[{"@type":"ListItem","position":1,"name":"Home","item":"https:\/\/www.accuratereviews.com\/it\/"},{"@type":"ListItem","position":2,"name":"Software per universit\u00e0","item":"https:\/\/www.accuratereviews.com\/it\/software-universita\/"},{"@type":"ListItem","position":3,"name":"Full Fabric"}]},{"@type":"WebSite","@id":"https:\/\/www.accuratereviews.com\/it\/#website","url":"https:\/\/www.accuratereviews.com\/it\/","name":"Accurate Reviews","description":"","potentialAction":[{"@type":"SearchAction","target":{"@type":"EntryPoint","urlTemplate":"https:\/\/www.accuratereviews.com\/it\/?s={search_term_string}"},"query-input":{"@type":"PropertyValueSpecification","valueRequired":true,"valueName":"search_term_string"}}],"inLanguage":"it-IT"}]}},"_links":{"self":[{"href":"https:\/\/www.accuratereviews.com\/it\/wp-json\/wp\/v2\/pages\/39801","targetHints":{"allow":["GET"]}}],"collection":[{"href":"https:\/\/www.accuratereviews.com\/it\/wp-json\/wp\/v2\/pages"}],"about":[{"href":"https:\/\/www.accuratereviews.com\/it\/wp-json\/wp\/v2\/types\/page"}],"author":[{"embeddable":true,"href":"https:\/\/www.accuratereviews.com\/it\/wp-json\/wp\/v2\/users\/19"}],"replies":[{"embeddable":true,"href":"https:\/\/www.accuratereviews.com\/it\/wp-json\/wp\/v2\/comments?post=39801"}],"version-history":[{"count":15,"href":"https:\/\/www.accuratereviews.com\/it\/wp-json\/wp\/v2\/pages\/39801\/revisions"}],"predecessor-version":[{"id":40865,"href":"https:\/\/www.accuratereviews.com\/it\/wp-json\/wp\/v2\/pages\/39801\/revisions\/40865"}],"up":[{"embeddable":true,"href":"https:\/\/www.accuratereviews.com\/it\/wp-json\/wp\/v2\/pages\/38766"}],"wp:featuredmedia":[{"embeddable":true,"href":"https:\/\/www.accuratereviews.com\/it\/wp-json\/wp\/v2\/media\/39808"}],"wp:attachment":[{"href":"https:\/\/www.accuratereviews.com\/it\/wp-json\/wp\/v2\/media?parent=39801"}],"wp:term":[{"taxonomy":"category","embeddable":true,"href":"https:\/\/www.accuratereviews.com\/it\/wp-json\/wp\/v2\/categories?post=39801"},{"taxonomy":"post_tag","embeddable":true,"href":"https:\/\/www.accuratereviews.com\/it\/wp-json\/wp\/v2\/tags?post=39801"},{"taxonomy":"features","embeddable":true,"href":"https:\/\/www.accuratereviews.com\/it\/wp-json\/wp\/v2\/features?post=39801"}],"curies":[{"name":"wp","href":"https:\/\/api.w.org\/{rel}","templated":true}]}}