{"id":39875,"date":"2021-04-14T15:19:59","date_gmt":"2021-04-14T15:19:59","guid":{"rendered":"https:\/\/www.accuratereviews.com\/?page_id=39875"},"modified":"2021-04-22T10:56:21","modified_gmt":"2021-04-22T10:56:21","slug":"housecall-pro-recensione","status":"publish","type":"page","link":"https:\/\/www.accuratereviews.com\/it\/software-disinfestazioni\/housecall-pro-recensione\/","title":{"rendered":"Housecall Pro"},"content":{"rendered":"<p><strong>Housecall Pro<\/strong> \u00e8 un<strong> software per la disinfestazione<\/strong> che supporta i professionisti con tutti gli aspetti del loro flusso di lavoro quotidiano, inclusi: pianificazione dei lavori, database dei clienti, fatturazione e elaborazione dei pagamenti, invio dei tecnici e molto altro.\u00a0Gli utenti avranno appuntamenti prenotati tramite il loro sito web, l&#8217;app di prenotazione dei consumatori HouseCall, la pagina di Yelp e la pagina Facebook. Usandolo, troverai facile programmare, spedire, stimare, fatturare, accettare carte di credito e ricevere prenotazioni online dai clienti dalla comodit\u00e0 del tuo dispositivo mobile. Ci\u00f2 significa che avrai i tuoi dati disponibili in qualsiasi momento, indipendentemente dal tuo orario di lavoro. Il monitoraggio della cronologia dei servizi, ad esempio, \u00e8 una funzionalit\u00e0 eccellente da attivare per le tue esigenze di reporting e analisi.<\/p>\n<h2>HOUSECALL PRO &#8211; TUTORIAL<\/h2>\n<p>Guardiamo alcuni moduli relativi a questo <strong>software per disinfestazione<\/strong>:<\/p>\n<div id=\"fluid-wrapper-counter-1\" class=\"g1-fluid-wrapper \" style=\"width:686px;\">\n<div style=\"padding-bottom:56.268221574344%;\"><iframe loading=\"lazy\" title=\"How To Schedule &amp; Dispatch with Housecall Pro\" width=\"686\" height=\"386\" src=\"https:\/\/www.youtube.com\/embed\/LgotBzpC1hs?feature=oembed&amp;wmode=transparent&amp;autohide=1&amp;autoplay=0&amp;disablekb=0&amp;fs=1&amp;loop=0&amp;enablejsapi=1&amp;rel=0&amp;controls=2&amp;showinfo=0&amp;wmode=transparent&amp;autohide=2&amp;autoplay=0&amp;disablekb=0&amp;fs=1&amp;loop=0&amp;enablejsapi=1&amp;rel=0&amp;controls=2&amp;showinfo=1\" frameborder=\"0\" allow=\"accelerometer; autoplay; clipboard-write; encrypted-media; gyroscope; picture-in-picture\" allowfullscreen><\/iframe><\/div>\n<\/div>\n<h3>HOUSECALL PRO &#8211; CARATTERISTICHE<\/h3>\n<ul>\n<li><strong>Programmazione:<\/strong> crea e modifica facilmente il tuo programma dal computer o smartphone. Mantieni aggiornati i tuoi dipendenti con le notifiche direttamente sul loro telefono<\/li>\n<li><strong>Stime<\/strong>: emetti fatture elettroniche automatizzando tutto il lavoro di back-office risparmiando tempo<\/li>\n<li><strong>Prenotazione online<\/strong>: assicurati di essere disponibile per la prenotazione online prima che lo siano i tuoi concorrenti. La prenotazione online offre ai tuoi clienti l&#8217;accesso per prenotare un lavoro 24 ore su 24, 7 giorni su 7<\/li>\n<li><strong>Note private<\/strong>: tieni traccia delle note importanti sul lavoro dal momento in cui \u00e8 pianificato con note con timestamp<\/li>\n<li><strong>Organizzazione<\/strong>: imposta lavori ricorrenti, assegna team e pianifica appuntamenti. Tutte le modifiche apportate ai lavori verranno aggiornate in tempo reale su tutti i dispositivi<\/li>\n<li><strong>Mappa GPS in diretta<\/strong>: guarda rapidamente dove sono i tuoi dipendenti e programma l&#8217;itinerario per raggiungere un altro posto di lavoro<\/li>\n<li><strong>Testo personalizzato e email<\/strong>: il modo migliore per invogliare i tuoi clienti a tornare \u00e8 tenerli aggiornati durante l&#8217;intero lavoro.<\/li>\n<\/ul>\n<h4>LE RECENSIONI DEGLI UTENTI<\/h4>\n<p class=\"font-weight-bold mb-1 d-flex align-items-center\"><strong>Justin J.&#8221;Ottimo software&#8221;<\/strong><\/p>\n<p><strong>Pro: <\/strong>L&#8217;interfaccia user friendly, quando si tratta di utilizzare un programma tutto in uno per la gestione di un&#8217;azienda, questo \u00e8 uno dei migliori, \u00e8 facile da usare, tecnologicamente amichevole per i ragazzi sul campo e il servizio clienti \u00e8 ottimo ogni volta che ho domande, mando semplicemente un&#8217;email e ricevo una risposta molto rapidamente. Consiglio vivamente ad altre societ\u00e0.<\/p>\n<p><strong>Contro: <\/strong>La nostra azienda lo utilizza su iPad sul campo e anche sui computer in ufficio, e quello che ho ritenuto potesse essere migliorato \u00e8 consentire l&#8217;utilizzo di alcune funzionalit\u00e0 sull&#8217;app cos\u00ec come la versione del sito su desktop. Alcune caratteristiche e funzioni possono essere eseguite solo dal desktop.<\/p>\n<p class=\"font-weight-bold mb-1 d-flex align-items-center\"><strong>Anthony S.&#8221;Housecall Pro Pro &amp; Contro&#8221;<\/strong><\/p>\n<p><strong>Commenti: <\/strong>Sono molto contento. Vengo da Wintac. Sono stato con Wintac per circa 25 anni e sono passato a Housecall Pro e mi ha aiutato con cose in cui Wintac non era in grado di aiutarmi, come la mia presenza online, ottenere pi\u00f9 recensioni, tenere traccia del tempo impiegato dai dipendenti al lavoro, ecc.<\/p>\n<p><strong>Pro: <\/strong>Molto facile da usare, l&#8217;interfaccia utente \u00e8 chiara, ha un&#8217;app mobile, ha un&#8217;app desktop, l&#8217;azienda ascolta i suoi utenti e aggiorna il software abbastanza velocemente. Ha API aperte per molti software di terze parti ed \u00e8 disponibile ad averne di pi\u00f9. gli ordini di lavoro sono ottimi<\/p>\n<p><strong>Contro: <\/strong>Stanno ancora costruendo nuove funzionalit\u00e0 che sono molto importanti. I rapporti non scavano abbastanza in profondit\u00e0. I contratti di servizio richiedono altre voci.<\/p>\n<p class=\"font-weight-bold mb-1 d-flex align-items-center\"><strong>Margaret B.&#8221;Nuovo per HCP&#8221;<\/strong><\/p>\n<p><strong>Commenti: <\/strong>I tecnici del settore adorano la facilit\u00e0 d&#8217;uso di Housecall Pro. La funzione mappa con un&#8217;immagine \u00e8 molto meglio del programma che stavamo utilizzando. Siamo passati a Housecall Pro solo di recente e ci stiamo ancora abituando al programma, ma finora \u00e8 molto facile da usare.<\/p>\n<p><strong>Pro: <\/strong>I miei tecnici adorano questo sistema. Eravamo con un altro sistema e l&#8217;uso sul campo \u00e8 eccezionale.<\/p>\n<p><strong>Contro: <\/strong>Vorrei che i rapporti sui salari avessero i totali e sono troppo schematici.\u00a0Vorrei anche che potessimo &#8220;etichettare&#8221; ogni lavoro come in: &#8220;adatto&#8221;, &#8220;Non confermato&#8221;, &#8220;Confermato&#8221;, ecc. Vorrei anche che potessimo inserire un numero di stima o un numero di fattura in una barra di ricerca rapida. Si pu\u00f2 fare ma non l&#8217;ho ancora capito. Inoltre, nel nostro altro programma potremmo trascinare e rilasciare le informazioni &#8220;articolo&#8221; su una fattura o un preventivo. Mi manca quella caratteristica.<\/p>\n","protected":false},"excerpt":{"rendered":"<p>Housecall Pro \u00e8 un software per la disinfestazione che supporta i professionisti con tutti gli aspetti del loro flusso di lavoro quotidiano, inclusi: pianificazione dei lavori, database dei clienti, fatturazione e elaborazione dei pagamenti, invio dei tecnici e molto altro.<\/p>\n","protected":false},"author":19,"featured_media":39884,"parent":39847,"menu_order":0,"comment_status":"open","ping_status":"closed","template":"g1_template_page_review_new.php","meta":{"_acf_changed":false,"cwp_meta_box_check":"Yes","cwp_rev_product_name":"","cwp_rev_product_image":"","wppr_links":[],"cwp_rev_price":"","wppr_options":[],"wppr_pros":[],"wppr_cons":[],"_monsterinsights_skip_tracking":false,"_monsterinsights_sitenote_active":false,"_monsterinsights_sitenote_note":"","_monsterinsights_sitenote_category":0,"footnotes":""},"categories":[5626],"tags":[396,5651,5650,5649,5647,5648],"features":[],"class_list":{"0":"post-39875","1":"page","2":"type-page","3":"status-publish","4":"has-post-thumbnail","6":"category-software-disinfestazioni-categoria","7":"tag-cloud","8":"tag-housecall-pro","9":"tag-piattaforme-per-disinfestazione","10":"tag-programma-per-disinfestazione","11":"tag-software-per-disinfestazione","12":"tag-soluzione-per-disinfestazione"},"wppr_data":{"cwp_meta_box_check":"Yes","cwp_rev_product_name":"","cwp_rev_product_image":"","cwp_image_link":"image","cwp_rev_price":"","wppr_rating":"0.00"},"acf":[],"yoast_head":"<!-- This site is optimized with the Yoast SEO plugin v27.4 - https:\/\/yoast.com\/product\/yoast-seo-wordpress\/ -->\n<title>Housecall Pro: software disinfestazione - Accurate Reviews<\/title>\n<meta name=\"description\" content=\"Housecall Pro: recensione software per la disinfestazione che supporta i professionisti per migliorare il loro flusso di lavoro quotidiano.\" \/>\n<meta name=\"robots\" content=\"index, follow, max-snippet:-1, max-image-preview:large, max-video-preview:-1\" \/>\n<link rel=\"canonical\" href=\"https:\/\/www.accuratereviews.com\/it\/software-disinfestazioni\/housecall-pro-recensione\/\" \/>\n<meta property=\"og:locale\" content=\"it_IT\" \/>\n<meta property=\"og:type\" content=\"article\" \/>\n<meta property=\"og:title\" content=\"Housecall Pro: software disinfestazione - Accurate Reviews\" \/>\n<meta property=\"og:description\" content=\"Housecall Pro: recensione software per la disinfestazione che supporta i professionisti per migliorare il loro flusso di lavoro quotidiano.\" \/>\n<meta property=\"og:url\" content=\"https:\/\/www.accuratereviews.com\/it\/software-disinfestazioni\/housecall-pro-recensione\/\" \/>\n<meta property=\"og:site_name\" content=\"Accurate Reviews\" \/>\n<meta property=\"article:modified_time\" content=\"2021-04-22T10:56:21+00:00\" \/>\n<meta property=\"og:image\" content=\"https:\/\/www.accuratereviews.com\/wp-content\/uploads\/2021\/04\/housecallpro.png\" \/>\n\t<meta property=\"og:image:width\" content=\"443\" \/>\n\t<meta property=\"og:image:height\" content=\"443\" \/>\n\t<meta property=\"og:image:type\" content=\"image\/png\" \/>\n<meta name=\"twitter:card\" content=\"summary_large_image\" \/>\n<meta name=\"twitter:label1\" content=\"Tempo di lettura stimato\" \/>\n\t<meta name=\"twitter:data1\" content=\"4 minuti\" \/>\n<script type=\"application\/ld+json\" class=\"yoast-schema-graph\">{\"@context\":\"https:\\\/\\\/schema.org\",\"@graph\":[{\"@type\":\"WebPage\",\"@id\":\"https:\\\/\\\/www.accuratereviews.com\\\/it\\\/software-disinfestazioni\\\/housecall-pro-recensione\\\/\",\"url\":\"https:\\\/\\\/www.accuratereviews.com\\\/it\\\/software-disinfestazioni\\\/housecall-pro-recensione\\\/\",\"name\":\"Housecall Pro: software disinfestazione - Accurate Reviews\",\"isPartOf\":{\"@id\":\"https:\\\/\\\/www.accuratereviews.com\\\/it\\\/#website\"},\"primaryImageOfPage\":{\"@id\":\"https:\\\/\\\/www.accuratereviews.com\\\/it\\\/software-disinfestazioni\\\/housecall-pro-recensione\\\/#primaryimage\"},\"image\":{\"@id\":\"https:\\\/\\\/www.accuratereviews.com\\\/it\\\/software-disinfestazioni\\\/housecall-pro-recensione\\\/#primaryimage\"},\"thumbnailUrl\":\"https:\\\/\\\/www.accuratereviews.com\\\/wp-content\\\/uploads\\\/2021\\\/04\\\/housecallpro.png\",\"datePublished\":\"2021-04-14T15:19:59+00:00\",\"dateModified\":\"2021-04-22T10:56:21+00:00\",\"description\":\"Housecall Pro: recensione software per la disinfestazione che supporta i professionisti per migliorare il loro flusso di lavoro quotidiano.\",\"breadcrumb\":{\"@id\":\"https:\\\/\\\/www.accuratereviews.com\\\/it\\\/software-disinfestazioni\\\/housecall-pro-recensione\\\/#breadcrumb\"},\"inLanguage\":\"it-IT\",\"potentialAction\":[{\"@type\":\"ReadAction\",\"target\":[\"https:\\\/\\\/www.accuratereviews.com\\\/it\\\/software-disinfestazioni\\\/housecall-pro-recensione\\\/\"]}]},{\"@type\":\"ImageObject\",\"inLanguage\":\"it-IT\",\"@id\":\"https:\\\/\\\/www.accuratereviews.com\\\/it\\\/software-disinfestazioni\\\/housecall-pro-recensione\\\/#primaryimage\",\"url\":\"https:\\\/\\\/www.accuratereviews.com\\\/wp-content\\\/uploads\\\/2021\\\/04\\\/housecallpro.png\",\"contentUrl\":\"https:\\\/\\\/www.accuratereviews.com\\\/wp-content\\\/uploads\\\/2021\\\/04\\\/housecallpro.png\",\"width\":443,\"height\":443},{\"@type\":\"BreadcrumbList\",\"@id\":\"https:\\\/\\\/www.accuratereviews.com\\\/it\\\/software-disinfestazioni\\\/housecall-pro-recensione\\\/#breadcrumb\",\"itemListElement\":[{\"@type\":\"ListItem\",\"position\":1,\"name\":\"Home\",\"item\":\"https:\\\/\\\/www.accuratereviews.com\\\/it\\\/\"},{\"@type\":\"ListItem\",\"position\":2,\"name\":\"Software per le disinfestazioni\",\"item\":\"https:\\\/\\\/www.accuratereviews.com\\\/it\\\/software-disinfestazioni\\\/\"},{\"@type\":\"ListItem\",\"position\":3,\"name\":\"Housecall Pro\"}]},{\"@type\":\"WebSite\",\"@id\":\"https:\\\/\\\/www.accuratereviews.com\\\/it\\\/#website\",\"url\":\"https:\\\/\\\/www.accuratereviews.com\\\/it\\\/\",\"name\":\"Accurate Reviews\",\"description\":\"\",\"potentialAction\":[{\"@type\":\"SearchAction\",\"target\":{\"@type\":\"EntryPoint\",\"urlTemplate\":\"https:\\\/\\\/www.accuratereviews.com\\\/it\\\/?s={search_term_string}\"},\"query-input\":{\"@type\":\"PropertyValueSpecification\",\"valueRequired\":true,\"valueName\":\"search_term_string\"}}],\"inLanguage\":\"it-IT\"}]}<\/script>\n<!-- \/ Yoast SEO plugin. -->","yoast_head_json":{"title":"Housecall Pro: software disinfestazione - Accurate Reviews","description":"Housecall Pro: recensione software per la disinfestazione che supporta i professionisti per migliorare il loro flusso di lavoro quotidiano.","robots":{"index":"index","follow":"follow","max-snippet":"max-snippet:-1","max-image-preview":"max-image-preview:large","max-video-preview":"max-video-preview:-1"},"canonical":"https:\/\/www.accuratereviews.com\/it\/software-disinfestazioni\/housecall-pro-recensione\/","og_locale":"it_IT","og_type":"article","og_title":"Housecall Pro: software disinfestazione - Accurate Reviews","og_description":"Housecall Pro: recensione software per la disinfestazione che supporta i professionisti per migliorare il loro flusso di lavoro quotidiano.","og_url":"https:\/\/www.accuratereviews.com\/it\/software-disinfestazioni\/housecall-pro-recensione\/","og_site_name":"Accurate Reviews","article_modified_time":"2021-04-22T10:56:21+00:00","og_image":[{"width":443,"height":443,"url":"https:\/\/www.accuratereviews.com\/wp-content\/uploads\/2021\/04\/housecallpro.png","type":"image\/png"}],"twitter_card":"summary_large_image","twitter_misc":{"Tempo di lettura stimato":"4 minuti"},"schema":{"@context":"https:\/\/schema.org","@graph":[{"@type":"WebPage","@id":"https:\/\/www.accuratereviews.com\/it\/software-disinfestazioni\/housecall-pro-recensione\/","url":"https:\/\/www.accuratereviews.com\/it\/software-disinfestazioni\/housecall-pro-recensione\/","name":"Housecall Pro: software disinfestazione - Accurate Reviews","isPartOf":{"@id":"https:\/\/www.accuratereviews.com\/it\/#website"},"primaryImageOfPage":{"@id":"https:\/\/www.accuratereviews.com\/it\/software-disinfestazioni\/housecall-pro-recensione\/#primaryimage"},"image":{"@id":"https:\/\/www.accuratereviews.com\/it\/software-disinfestazioni\/housecall-pro-recensione\/#primaryimage"},"thumbnailUrl":"https:\/\/www.accuratereviews.com\/wp-content\/uploads\/2021\/04\/housecallpro.png","datePublished":"2021-04-14T15:19:59+00:00","dateModified":"2021-04-22T10:56:21+00:00","description":"Housecall Pro: recensione software per la disinfestazione che supporta i professionisti per migliorare il loro flusso di lavoro quotidiano.","breadcrumb":{"@id":"https:\/\/www.accuratereviews.com\/it\/software-disinfestazioni\/housecall-pro-recensione\/#breadcrumb"},"inLanguage":"it-IT","potentialAction":[{"@type":"ReadAction","target":["https:\/\/www.accuratereviews.com\/it\/software-disinfestazioni\/housecall-pro-recensione\/"]}]},{"@type":"ImageObject","inLanguage":"it-IT","@id":"https:\/\/www.accuratereviews.com\/it\/software-disinfestazioni\/housecall-pro-recensione\/#primaryimage","url":"https:\/\/www.accuratereviews.com\/wp-content\/uploads\/2021\/04\/housecallpro.png","contentUrl":"https:\/\/www.accuratereviews.com\/wp-content\/uploads\/2021\/04\/housecallpro.png","width":443,"height":443},{"@type":"BreadcrumbList","@id":"https:\/\/www.accuratereviews.com\/it\/software-disinfestazioni\/housecall-pro-recensione\/#breadcrumb","itemListElement":[{"@type":"ListItem","position":1,"name":"Home","item":"https:\/\/www.accuratereviews.com\/it\/"},{"@type":"ListItem","position":2,"name":"Software per le disinfestazioni","item":"https:\/\/www.accuratereviews.com\/it\/software-disinfestazioni\/"},{"@type":"ListItem","position":3,"name":"Housecall Pro"}]},{"@type":"WebSite","@id":"https:\/\/www.accuratereviews.com\/it\/#website","url":"https:\/\/www.accuratereviews.com\/it\/","name":"Accurate Reviews","description":"","potentialAction":[{"@type":"SearchAction","target":{"@type":"EntryPoint","urlTemplate":"https:\/\/www.accuratereviews.com\/it\/?s={search_term_string}"},"query-input":{"@type":"PropertyValueSpecification","valueRequired":true,"valueName":"search_term_string"}}],"inLanguage":"it-IT"}]}},"_links":{"self":[{"href":"https:\/\/www.accuratereviews.com\/it\/wp-json\/wp\/v2\/pages\/39875","targetHints":{"allow":["GET"]}}],"collection":[{"href":"https:\/\/www.accuratereviews.com\/it\/wp-json\/wp\/v2\/pages"}],"about":[{"href":"https:\/\/www.accuratereviews.com\/it\/wp-json\/wp\/v2\/types\/page"}],"author":[{"embeddable":true,"href":"https:\/\/www.accuratereviews.com\/it\/wp-json\/wp\/v2\/users\/19"}],"replies":[{"embeddable":true,"href":"https:\/\/www.accuratereviews.com\/it\/wp-json\/wp\/v2\/comments?post=39875"}],"version-history":[{"count":12,"href":"https:\/\/www.accuratereviews.com\/it\/wp-json\/wp\/v2\/pages\/39875\/revisions"}],"predecessor-version":[{"id":40641,"href":"https:\/\/www.accuratereviews.com\/it\/wp-json\/wp\/v2\/pages\/39875\/revisions\/40641"}],"up":[{"embeddable":true,"href":"https:\/\/www.accuratereviews.com\/it\/wp-json\/wp\/v2\/pages\/39847"}],"wp:featuredmedia":[{"embeddable":true,"href":"https:\/\/www.accuratereviews.com\/it\/wp-json\/wp\/v2\/media\/39884"}],"wp:attachment":[{"href":"https:\/\/www.accuratereviews.com\/it\/wp-json\/wp\/v2\/media?parent=39875"}],"wp:term":[{"taxonomy":"category","embeddable":true,"href":"https:\/\/www.accuratereviews.com\/it\/wp-json\/wp\/v2\/categories?post=39875"},{"taxonomy":"post_tag","embeddable":true,"href":"https:\/\/www.accuratereviews.com\/it\/wp-json\/wp\/v2\/tags?post=39875"},{"taxonomy":"features","embeddable":true,"href":"https:\/\/www.accuratereviews.com\/it\/wp-json\/wp\/v2\/features?post=39875"}],"curies":[{"name":"wp","href":"https:\/\/api.w.org\/{rel}","templated":true}]}}