{"id":39877,"date":"2021-04-15T11:49:12","date_gmt":"2021-04-15T11:49:12","guid":{"rendered":"https:\/\/www.accuratereviews.com\/?page_id=39877"},"modified":"2021-04-22T10:57:31","modified_gmt":"2021-04-22T10:57:31","slug":"jobber-recensione","status":"publish","type":"page","link":"https:\/\/www.accuratereviews.com\/it\/software-disinfestazioni\/jobber-recensione\/","title":{"rendered":"Jobber"},"content":{"rendered":"<p><strong>Jobber<\/strong> \u00e8 un programma utilizzato da oltre 100.000 professionisti che hanno necessit\u00e0 di automatizzare tutta la parte amministrativa del loro lavoro: dalle comunicazioni con i clienti, all&#8217;elaborazione di preventivi al pagamento. Oltre a essere un ottimo <strong>software per disinfestazione<\/strong>, perfetto per le imprese che si occupano di combattere i parassiti, \u00e8 anche un <strong>CRM<\/strong> che ti permette di conoscere il tuo cliente avendo una panoramica a 360\u00b0 su tutto ci\u00f2 che lo riguarda. La professionalit\u00e0 in un lavoro \u00e8 tutto e <strong>Jobber<\/strong> ti consente di apparire pi\u00f9 professionale, semplifica il tuo lavoro e facendoti risparmiare tempo che puoi investire in altro. Accedi all&#8217;app mobile, disponibile per dispositivi <a href=\"https:\/\/itunes.apple.com\/us\/app\/jobber-field\/id1014146758?mt=8\" target=\"_blank\" rel=\"noopener\">iOS<\/a> e <a href=\"https:\/\/play.google.com\/store\/apps\/details?id=com.getjobber.jobber\" target=\"_blank\" rel=\"noopener\">Android<\/a>, per avere sempre tutto a portata di mano.<\/p>\n<h2>JOBBER &#8211; TUTORIAL<\/h2>\n<div id=\"fluid-wrapper-counter-1\" class=\"g1-fluid-wrapper \" style=\"width:686px;\">\n<div style=\"padding-bottom:56.268221574344%;\"><iframe loading=\"lazy\" title=\"JOBBER TUTORIALS Ep 1 - Create your first Client\/Quote\/Job\/Invoice.\" width=\"686\" height=\"386\" src=\"https:\/\/www.youtube.com\/embed\/JSab2Tw9B5U?feature=oembed&amp;wmode=transparent&amp;autohide=1&amp;autoplay=0&amp;disablekb=0&amp;fs=1&amp;loop=0&amp;enablejsapi=1&amp;rel=0&amp;controls=2&amp;showinfo=0&amp;wmode=transparent&amp;autohide=2&amp;autoplay=0&amp;disablekb=0&amp;fs=1&amp;loop=0&amp;enablejsapi=1&amp;rel=0&amp;controls=2&amp;showinfo=1\" frameborder=\"0\" allow=\"accelerometer; autoplay; clipboard-write; encrypted-media; gyroscope; picture-in-picture\" allowfullscreen><\/iframe><\/div>\n<\/div>\n<h3>JOBBER &#8211; CARATTERISTICHE<\/h3>\n<ul>\n<li style=\"font-weight: 400;\" aria-level=\"1\"><b>Gestione dei clienti (CRM)<\/b><span style=\"font-weight: 400;\">: mantieni una cronologia dei clienti pulita e organizzata, visualizza i preventivi, le fatture attuali e precedenti e utilizza l\u2019opzione di ricerca clienti per accedere a tutti i loro dati<\/span><\/li>\n<li style=\"font-weight: 400;\" aria-level=\"1\"><b>Calendario drag and drop<\/b><span style=\"font-weight: 400;\">: programma le tue attivit\u00e0 in modo semplice e veloce<\/span><\/li>\n<li style=\"font-weight: 400;\" aria-level=\"1\"><b>Fatturazione e follow-up<\/b><span style=\"font-weight: 400;\">: tieni traccia di tutte le fatture inviate, pagate e scadute e ricevi promemoria che ti avvisano su eventuali scadenze<\/span><\/li>\n<li style=\"font-weight: 400;\" aria-level=\"1\"><b>App per dispositivi mobili<\/b><span style=\"font-weight: 400;\">: esegui le tue operazioni quotidiane da qualsiasi luogo e in qualsiasi momento direttamente dal tuo smartphone\u00a0<\/span><\/li>\n<li style=\"font-weight: 400;\" aria-level=\"1\"><b>Tracciamento GPS<\/b><span style=\"font-weight: 400;\">: indirizza in modo efficiente il lavoro della giornata, assegna i lavori in arrivo al membro del team pi\u00f9 vicino sulla mappa e verifica dove si trovano mentre sono in movimento<\/span><\/li>\n<li style=\"font-weight: 400;\" aria-level=\"1\"><b>Autorizzazioni del team<\/b><span style=\"font-weight: 400;\">: imposta autorizzazioni univoche per ciascuno dei membri del tuo team e modifica facilmente le impostazioni dei permessi del team<\/span><\/li>\n<li style=\"font-weight: 400;\" aria-level=\"1\"><b>Routing<\/b><span style=\"font-weight: 400;\">: programma una pianificazione giornaliera pi\u00f9 produttiva per il tuo team e riduci i costi generali con il software di pianificazione e ottimizzazione del percorso<\/span><\/li>\n<li style=\"font-weight: 400;\" aria-level=\"1\"><b>Monitoraggio del tempo<\/b><span style=\"font-weight: 400;\">: aggiorna sia il lavoro che la scheda attivit\u00e0 del dipendente per monitorare il tempo trascorso a lavorare<\/span><\/li>\n<li style=\"font-weight: 400;\" aria-level=\"1\"><b>Monitoraggio delle spese<\/b><span style=\"font-weight: 400;\">: offri a ogni membro del tuo team la possibilit\u00e0 di tenere traccia delle spese, indipendentemente da dove si trovino usando l&#8217;app mobile<\/span><\/li>\n<li style=\"font-weight: 400;\" aria-level=\"1\"><b>Tracciabilit\u00e0 dei prodotti chimici<\/b><span style=\"font-weight: 400;\">: molte giurisdizioni richiedono che l&#8217;uso di prodotti chimici e pesticidi venga monitorato e conservato per un massimo di sette anni: Jobber ti copre<\/span><\/li>\n<li style=\"font-weight: 400;\" aria-level=\"1\"><b>Lavoro\/richieste di lavoro<\/b><span style=\"font-weight: 400;\">: trasforma rapidamente una richiesta di lavoro o un preventivo in un lavoro, oppure prenota un nuovo lavoro al volo<\/span><\/li>\n<li style=\"font-weight: 400;\" aria-level=\"1\"><b>QuickBooks Sync<\/b>: la sincronizzazione contabile bidirezionale manterr\u00e0 le informazioni su clienti, fatture e pagamenti accurate tra Jobber e il tuo software di contabilit\u00e0.<\/li>\n<\/ul>\n<h4>LE RECENSIONI DEGLI UTENTI<\/h4>\n<p><strong>Vince B. &#8220;La versione semplice \u00e8 fantastica&#8221;<\/strong><br \/>\nCOMMENTI: ci \u00e8 piaciuto molto il software per la fatturazione e il preventivo, ed era proprio quello di cui avevamo bisogno. Sfortunatamente, quando abbiamo deciso di aggiungere pi\u00f9 funzionalit\u00e0 e rendere pi\u00f9 solide le nostre interazioni con Jobber, \u00e8 stato un grande salto di prezzo che non era giustificato da ci\u00f2 che offrivano.<br \/>\nPRO: lo usiamo per la fatturazione e il preventivo, ed \u00e8 eccellente in questi compiti. Ha una configurazione davvero buona per mantenere tutti i tuoi lavori in ordine dai lead attraverso la fatturazione, e lo ha fatto a un prezzo molto ragionevole.<br \/>\nCONTRO: quando abbiamo iniziato a cercare di aggiungere pi\u00f9 funzionalit\u00e0 di cui avevamo bisogno nella nostra attivit\u00e0, il costo per ottenere pi\u00f9 funzionalit\u00e0 sembrava sproporzionatamente costoso<\/p>\n<p><strong>Laura L. &#8220;Jobber va bene per un principiante&#8221;<\/strong><br \/>\nCOMMENTI: usiamo Jobber da 5 anni. Ora che la nostra attivit\u00e0 sta crescendo, abbiamo bisogno di qualcosa di pi\u00f9.<br \/>\nPRO: Jobber aggiunge sempre al programma per migliorarlo. Buono per un inizio di attivit\u00e0. Facile da usare. Sono stato molto felice.<br \/>\nCONTRO: Jobber non funziona con il desktop Quickbooks. Dobbiamo inserire le informazioni due volte. Una volta in jobber e poi in Quickbooks. Pi\u00f9 lavoro per l&#8217;amministratore.<\/p>\n<p><strong>Donovan Q.<\/strong><br \/>\n&#8220;Jobber \u00e8 fantastico!&#8221;<br \/>\nPRO: funzionalit\u00e0, facilit\u00e0 d&#8217;uso, freno di apprendimento molto breve e rapidamente integrato con la mia attivit\u00e0.<br \/>\nCONTRO: Jobber Payments non etichetta le loro transazioni con il loro nome o il mio nome commerciale. Quindi i clienti vedono un addebito casuale sul proprio account e non hanno un riferimento da dove proviene l&#8217;addebito. Abbiamo ricevuto diversi pagamenti contestati a causa di questo problema. Ci vuole un po &#8216;di tempo per risolverli.<\/p>\n","protected":false},"excerpt":{"rendered":"<p>Jobber \u00e8 un programma utilizzato da oltre 100.000 professionisti che hanno necessit\u00e0 di automatizzare tutta la parte amministrativa del loro lavoro: dalle comunicazioni con i clienti, all&#8217;elaborazione di preventivi al pagamento. Si tratta di un ottimo software per disinfestazione, perfetto per le imprese che si occupano di combattere contro i parassiti e dispone di un CRM integrato.<\/p>\n","protected":false},"author":17,"featured_media":39878,"parent":39847,"menu_order":0,"comment_status":"open","ping_status":"closed","template":"g1_template_page_review_new.php","meta":{"_acf_changed":false,"cwp_meta_box_check":"No","cwp_rev_product_name":"","cwp_rev_product_image":"","wppr_links":[],"cwp_rev_price":"","wppr_options":[],"wppr_pros":[],"wppr_cons":[],"_monsterinsights_skip_tracking":false,"_monsterinsights_sitenote_active":false,"_monsterinsights_sitenote_note":"","_monsterinsights_sitenote_category":0,"footnotes":""},"categories":[5626],"tags":[5629,5644,5646,5630,5631,5628,5632],"features":[],"class_list":{"0":"post-39877","1":"page","2":"type-page","3":"status-publish","4":"has-post-thumbnail","6":"category-software-disinfestazioni-categoria","7":"tag-disinfestazioni","8":"tag-imprese-di-disinfestazioni","9":"tag-jobber","10":"tag-programma-per-disinfestazioni","11":"tag-software-disinfestazioni","12":"tag-software-per-le-disinfestazioni","13":"tag-soluzione-disinfestazioni"},"wppr_data":{"cwp_meta_box_check":"No"},"acf":[],"yoast_head":"<!-- This site is optimized with the Yoast SEO plugin v27.4 - https:\/\/yoast.com\/product\/yoast-seo-wordpress\/ -->\n<title>Jobber: software per infestazioni recensione - Accurate Reviews<\/title>\n<meta name=\"description\" content=\"Jobber: recensione del software per disinfestazione, perfetto per semplificare il lavoro delle imprese che si occupano di disinfestazioni.\" \/>\n<meta name=\"robots\" content=\"index, follow, max-snippet:-1, max-image-preview:large, max-video-preview:-1\" \/>\n<link rel=\"canonical\" href=\"https:\/\/www.accuratereviews.com\/it\/software-disinfestazioni\/jobber-recensione\/\" \/>\n<meta property=\"og:locale\" content=\"it_IT\" \/>\n<meta property=\"og:type\" content=\"article\" \/>\n<meta property=\"og:title\" content=\"Jobber: software per infestazioni recensione - Accurate Reviews\" \/>\n<meta property=\"og:description\" content=\"Jobber: recensione del software per disinfestazione, perfetto per semplificare il lavoro delle imprese che si occupano di disinfestazioni.\" \/>\n<meta property=\"og:url\" content=\"https:\/\/www.accuratereviews.com\/it\/software-disinfestazioni\/jobber-recensione\/\" \/>\n<meta property=\"og:site_name\" content=\"Accurate Reviews\" \/>\n<meta property=\"article:modified_time\" content=\"2021-04-22T10:57:31+00:00\" \/>\n<meta property=\"og:image\" content=\"https:\/\/www.accuratereviews.com\/wp-content\/uploads\/2021\/04\/Schermata-2021-04-14-alle-15.23.28.png\" \/>\n\t<meta property=\"og:image:width\" content=\"524\" \/>\n\t<meta property=\"og:image:height\" content=\"200\" \/>\n\t<meta property=\"og:image:type\" content=\"image\/png\" \/>\n<meta name=\"twitter:card\" content=\"summary_large_image\" \/>\n<meta name=\"twitter:label1\" content=\"Tempo di lettura stimato\" \/>\n\t<meta name=\"twitter:data1\" content=\"4 minuti\" \/>\n<script type=\"application\/ld+json\" class=\"yoast-schema-graph\">{\"@context\":\"https:\\\/\\\/schema.org\",\"@graph\":[{\"@type\":\"WebPage\",\"@id\":\"https:\\\/\\\/www.accuratereviews.com\\\/it\\\/software-disinfestazioni\\\/jobber-recensione\\\/\",\"url\":\"https:\\\/\\\/www.accuratereviews.com\\\/it\\\/software-disinfestazioni\\\/jobber-recensione\\\/\",\"name\":\"Jobber: software per infestazioni recensione - Accurate Reviews\",\"isPartOf\":{\"@id\":\"https:\\\/\\\/www.accuratereviews.com\\\/it\\\/#website\"},\"primaryImageOfPage\":{\"@id\":\"https:\\\/\\\/www.accuratereviews.com\\\/it\\\/software-disinfestazioni\\\/jobber-recensione\\\/#primaryimage\"},\"image\":{\"@id\":\"https:\\\/\\\/www.accuratereviews.com\\\/it\\\/software-disinfestazioni\\\/jobber-recensione\\\/#primaryimage\"},\"thumbnailUrl\":\"https:\\\/\\\/www.accuratereviews.com\\\/wp-content\\\/uploads\\\/2021\\\/04\\\/Schermata-2021-04-14-alle-15.23.28.png\",\"datePublished\":\"2021-04-15T11:49:12+00:00\",\"dateModified\":\"2021-04-22T10:57:31+00:00\",\"description\":\"Jobber: recensione del software per disinfestazione, perfetto per semplificare il lavoro delle imprese che si occupano di disinfestazioni.\",\"breadcrumb\":{\"@id\":\"https:\\\/\\\/www.accuratereviews.com\\\/it\\\/software-disinfestazioni\\\/jobber-recensione\\\/#breadcrumb\"},\"inLanguage\":\"it-IT\",\"potentialAction\":[{\"@type\":\"ReadAction\",\"target\":[\"https:\\\/\\\/www.accuratereviews.com\\\/it\\\/software-disinfestazioni\\\/jobber-recensione\\\/\"]}]},{\"@type\":\"ImageObject\",\"inLanguage\":\"it-IT\",\"@id\":\"https:\\\/\\\/www.accuratereviews.com\\\/it\\\/software-disinfestazioni\\\/jobber-recensione\\\/#primaryimage\",\"url\":\"https:\\\/\\\/www.accuratereviews.com\\\/wp-content\\\/uploads\\\/2021\\\/04\\\/Schermata-2021-04-14-alle-15.23.28.png\",\"contentUrl\":\"https:\\\/\\\/www.accuratereviews.com\\\/wp-content\\\/uploads\\\/2021\\\/04\\\/Schermata-2021-04-14-alle-15.23.28.png\",\"width\":524,\"height\":200},{\"@type\":\"BreadcrumbList\",\"@id\":\"https:\\\/\\\/www.accuratereviews.com\\\/it\\\/software-disinfestazioni\\\/jobber-recensione\\\/#breadcrumb\",\"itemListElement\":[{\"@type\":\"ListItem\",\"position\":1,\"name\":\"Home\",\"item\":\"https:\\\/\\\/www.accuratereviews.com\\\/it\\\/\"},{\"@type\":\"ListItem\",\"position\":2,\"name\":\"Software per le disinfestazioni\",\"item\":\"https:\\\/\\\/www.accuratereviews.com\\\/it\\\/software-disinfestazioni\\\/\"},{\"@type\":\"ListItem\",\"position\":3,\"name\":\"Jobber\"}]},{\"@type\":\"WebSite\",\"@id\":\"https:\\\/\\\/www.accuratereviews.com\\\/it\\\/#website\",\"url\":\"https:\\\/\\\/www.accuratereviews.com\\\/it\\\/\",\"name\":\"Accurate Reviews\",\"description\":\"\",\"potentialAction\":[{\"@type\":\"SearchAction\",\"target\":{\"@type\":\"EntryPoint\",\"urlTemplate\":\"https:\\\/\\\/www.accuratereviews.com\\\/it\\\/?s={search_term_string}\"},\"query-input\":{\"@type\":\"PropertyValueSpecification\",\"valueRequired\":true,\"valueName\":\"search_term_string\"}}],\"inLanguage\":\"it-IT\"}]}<\/script>\n<!-- \/ Yoast SEO plugin. -->","yoast_head_json":{"title":"Jobber: software per infestazioni recensione - Accurate Reviews","description":"Jobber: recensione del software per disinfestazione, perfetto per semplificare il lavoro delle imprese che si occupano di disinfestazioni.","robots":{"index":"index","follow":"follow","max-snippet":"max-snippet:-1","max-image-preview":"max-image-preview:large","max-video-preview":"max-video-preview:-1"},"canonical":"https:\/\/www.accuratereviews.com\/it\/software-disinfestazioni\/jobber-recensione\/","og_locale":"it_IT","og_type":"article","og_title":"Jobber: software per infestazioni recensione - Accurate Reviews","og_description":"Jobber: recensione del software per disinfestazione, perfetto per semplificare il lavoro delle imprese che si occupano di disinfestazioni.","og_url":"https:\/\/www.accuratereviews.com\/it\/software-disinfestazioni\/jobber-recensione\/","og_site_name":"Accurate Reviews","article_modified_time":"2021-04-22T10:57:31+00:00","og_image":[{"width":524,"height":200,"url":"https:\/\/www.accuratereviews.com\/wp-content\/uploads\/2021\/04\/Schermata-2021-04-14-alle-15.23.28.png","type":"image\/png"}],"twitter_card":"summary_large_image","twitter_misc":{"Tempo di lettura stimato":"4 minuti"},"schema":{"@context":"https:\/\/schema.org","@graph":[{"@type":"WebPage","@id":"https:\/\/www.accuratereviews.com\/it\/software-disinfestazioni\/jobber-recensione\/","url":"https:\/\/www.accuratereviews.com\/it\/software-disinfestazioni\/jobber-recensione\/","name":"Jobber: software per infestazioni recensione - Accurate Reviews","isPartOf":{"@id":"https:\/\/www.accuratereviews.com\/it\/#website"},"primaryImageOfPage":{"@id":"https:\/\/www.accuratereviews.com\/it\/software-disinfestazioni\/jobber-recensione\/#primaryimage"},"image":{"@id":"https:\/\/www.accuratereviews.com\/it\/software-disinfestazioni\/jobber-recensione\/#primaryimage"},"thumbnailUrl":"https:\/\/www.accuratereviews.com\/wp-content\/uploads\/2021\/04\/Schermata-2021-04-14-alle-15.23.28.png","datePublished":"2021-04-15T11:49:12+00:00","dateModified":"2021-04-22T10:57:31+00:00","description":"Jobber: recensione del software per disinfestazione, perfetto per semplificare il lavoro delle imprese che si occupano di disinfestazioni.","breadcrumb":{"@id":"https:\/\/www.accuratereviews.com\/it\/software-disinfestazioni\/jobber-recensione\/#breadcrumb"},"inLanguage":"it-IT","potentialAction":[{"@type":"ReadAction","target":["https:\/\/www.accuratereviews.com\/it\/software-disinfestazioni\/jobber-recensione\/"]}]},{"@type":"ImageObject","inLanguage":"it-IT","@id":"https:\/\/www.accuratereviews.com\/it\/software-disinfestazioni\/jobber-recensione\/#primaryimage","url":"https:\/\/www.accuratereviews.com\/wp-content\/uploads\/2021\/04\/Schermata-2021-04-14-alle-15.23.28.png","contentUrl":"https:\/\/www.accuratereviews.com\/wp-content\/uploads\/2021\/04\/Schermata-2021-04-14-alle-15.23.28.png","width":524,"height":200},{"@type":"BreadcrumbList","@id":"https:\/\/www.accuratereviews.com\/it\/software-disinfestazioni\/jobber-recensione\/#breadcrumb","itemListElement":[{"@type":"ListItem","position":1,"name":"Home","item":"https:\/\/www.accuratereviews.com\/it\/"},{"@type":"ListItem","position":2,"name":"Software per le disinfestazioni","item":"https:\/\/www.accuratereviews.com\/it\/software-disinfestazioni\/"},{"@type":"ListItem","position":3,"name":"Jobber"}]},{"@type":"WebSite","@id":"https:\/\/www.accuratereviews.com\/it\/#website","url":"https:\/\/www.accuratereviews.com\/it\/","name":"Accurate Reviews","description":"","potentialAction":[{"@type":"SearchAction","target":{"@type":"EntryPoint","urlTemplate":"https:\/\/www.accuratereviews.com\/it\/?s={search_term_string}"},"query-input":{"@type":"PropertyValueSpecification","valueRequired":true,"valueName":"search_term_string"}}],"inLanguage":"it-IT"}]}},"_links":{"self":[{"href":"https:\/\/www.accuratereviews.com\/it\/wp-json\/wp\/v2\/pages\/39877","targetHints":{"allow":["GET"]}}],"collection":[{"href":"https:\/\/www.accuratereviews.com\/it\/wp-json\/wp\/v2\/pages"}],"about":[{"href":"https:\/\/www.accuratereviews.com\/it\/wp-json\/wp\/v2\/types\/page"}],"author":[{"embeddable":true,"href":"https:\/\/www.accuratereviews.com\/it\/wp-json\/wp\/v2\/users\/17"}],"replies":[{"embeddable":true,"href":"https:\/\/www.accuratereviews.com\/it\/wp-json\/wp\/v2\/comments?post=39877"}],"version-history":[{"count":8,"href":"https:\/\/www.accuratereviews.com\/it\/wp-json\/wp\/v2\/pages\/39877\/revisions"}],"predecessor-version":[{"id":40643,"href":"https:\/\/www.accuratereviews.com\/it\/wp-json\/wp\/v2\/pages\/39877\/revisions\/40643"}],"up":[{"embeddable":true,"href":"https:\/\/www.accuratereviews.com\/it\/wp-json\/wp\/v2\/pages\/39847"}],"wp:featuredmedia":[{"embeddable":true,"href":"https:\/\/www.accuratereviews.com\/it\/wp-json\/wp\/v2\/media\/39878"}],"wp:attachment":[{"href":"https:\/\/www.accuratereviews.com\/it\/wp-json\/wp\/v2\/media?parent=39877"}],"wp:term":[{"taxonomy":"category","embeddable":true,"href":"https:\/\/www.accuratereviews.com\/it\/wp-json\/wp\/v2\/categories?post=39877"},{"taxonomy":"post_tag","embeddable":true,"href":"https:\/\/www.accuratereviews.com\/it\/wp-json\/wp\/v2\/tags?post=39877"},{"taxonomy":"features","embeddable":true,"href":"https:\/\/www.accuratereviews.com\/it\/wp-json\/wp\/v2\/features?post=39877"}],"curies":[{"name":"wp","href":"https:\/\/api.w.org\/{rel}","templated":true}]}}