{"id":39918,"date":"2021-04-15T11:54:22","date_gmt":"2021-04-15T11:54:22","guid":{"rendered":"https:\/\/www.accuratereviews.com\/?page_id=39918"},"modified":"2021-04-16T12:03:21","modified_gmt":"2021-04-16T12:03:21","slug":"mhelpdesk-recensione","status":"publish","type":"page","link":"https:\/\/www.accuratereviews.com\/it\/software-disinfestazioni\/mhelpdesk-recensione\/","title":{"rendered":"mHelpDesk"},"content":{"rendered":"<p><strong>mHelpDesk<\/strong> \u00e8 una <strong>soluzione di assistenza sul campo<\/strong> che aiuta i clienti ad automatizzare tutto, dal primo contatto con il cliente al pagamento. Ci\u00f2 include la gestione dei clienti, la quotazione, l&#8217;invio, la fatturazione, la fatturazione e il reporting. Il software ha molteplici funzionalit\u00e0 per supportare un&#8217;attivit\u00e0 orientata ai servizi sul campo come quella delle <strong>imprese di disinfestazione<\/strong> e include l&#8217;integrazione con QuickBooks Online e QuickBooks Desktop per la contabilit\u00e0. Offre anche una modalit\u00e0 offline, che consente ai tecnici di continuare a utilizzare l&#8217;app mobile in aree senza internet o con poca linea del telefono. Poich\u00e9 \u00e8 interamente basato su <strong>cloud<\/strong>\u00a0consente ai tecnici di accedere a tutte le informazioni necessarie su un lavoro direttamente dal proprio dispositivo mobile. <strong>mHelpDesk<\/strong> fornisce anche visibilit\u00e0 sui programmi del personale, aiutando a inviare e avvisare i dipendenti in loco. Il sistema si integra anche con qualsiasi sito web aziendale, fornendo widget funzionali, moduli e caselle di accesso.<\/p>\n<h2>MHELPDESK &#8211; TUTORIAL<\/h2>\n<p>Scopri come creare, inviare, completare un lavoro e aggiungere eventuali personalizzazioni in modo semplice e veloce grazie a questo software:<\/p>\n<div id=\"fluid-wrapper-counter-1\" class=\"g1-fluid-wrapper \" style=\"width:686px;\">\n<div style=\"padding-bottom:56.268221574344%;\"><iframe loading=\"lazy\" title=\"From Scheduled to Paid: mHelpDesk makes Job Management Easy\" width=\"686\" height=\"386\" src=\"https:\/\/www.youtube.com\/embed\/R0hoV_sq_Ws?feature=oembed&amp;wmode=transparent&amp;autohide=1&amp;autoplay=0&amp;disablekb=0&amp;fs=1&amp;loop=0&amp;enablejsapi=1&amp;rel=0&amp;controls=2&amp;showinfo=0&amp;wmode=transparent&amp;autohide=2&amp;autoplay=0&amp;disablekb=0&amp;fs=1&amp;loop=0&amp;enablejsapi=1&amp;rel=0&amp;controls=2&amp;showinfo=1\" frameborder=\"0\" allow=\"accelerometer; autoplay; clipboard-write; encrypted-media; gyroscope; picture-in-picture\" allowfullscreen><\/iframe><\/div>\n<\/div>\n<h3>MHELPDESK &#8211; CARATTERISTICHE<\/h3>\n<ul>\n<li>Condividi le note tra i team di vendita e di assistenza<\/li>\n<li>Automatizza la comunicazione con i clienti<\/li>\n<li>Crea e invia preventivi pi\u00f9 velocemente<\/li>\n<li>Marketplace integrato per acquistare pi\u00f9 contatti<\/li>\n<li>Stime e preventivi<\/li>\n<li>Design completamente personalizzabile<\/li>\n<li>Aggiungi il tuo logo, termini e condizioni<\/li>\n<li>Funziona su dispositivi mobili e desktop<\/li>\n<li>Integrato con QuickBooks Desktop e QuickBooks Online<\/li>\n<li>Approvazioni online automatizzate dei clienti<\/li>\n<li>Prenotazione online<\/li>\n<li>Aumenta le prenotazioni online<\/li>\n<li>Pu\u00f2 essere integrato a qualsiasi sito web esistente<\/li>\n<li>Verifica la disponibilit\u00e0 in tempo reale<\/li>\n<li>Promemoria degli appuntamenti automatizzati<\/li>\n<li>Visibilit\u00e0 completa sul tuo flusso di lavoro<\/li>\n<li>Tieni traccia di ogni fase di un lavoro dall&#8217;inizio alla fine<\/li>\n<li>Personalizza le fasi del tuo flusso di lavoro<\/li>\n<li>Rispecchia il tuo flusso di lavoro attuale<\/li>\n<li>Automatizza il tuo flusso di lavoro<\/li>\n<li>Gestione dei lavori<\/li>\n<li>Visualizza rapidamente lo stato corrente di ogni lavoro<\/li>\n<li>Crea i tuoi moduli personalizzati e le tue punch list<\/li>\n<li>Sostituisci la carta con un&#8217;app mobile facile da usare<\/li>\n<li>Tieni traccia facilmente del tempo speso per un lavoro<\/li>\n<li>Imposta lavori una tantum e ricorrenti<\/li>\n<\/ul>\n<h4>LE RECENSIONI DEGLI UTENTI<\/h4>\n<p class=\"font-weight-bold mb-1 d-flex align-items-center\"><strong>Kathy L.&#8221;mHelpDesk&#8221;<\/strong><\/p>\n<p><strong>Commenti: <\/strong>nel complesso il sistema \u00e8 facile da usare. Non \u00e8 stato difficile imparare il sistema. Facile da capire<\/p>\n<p><strong>Pro: <\/strong>essere in grado di automatizzare \u00e8 una grande funzionalit\u00e0 per la nostra attivit\u00e0. Un ottimo strumento che mantiene un database dei clienti, tiene traccia e pianifica gli ordini di lavoro. L&#8217;assistenza clienti \u00e8 molto utile quando hai bisogno di una spiegazione o di problemi risolti<\/p>\n<p><strong>Contro: <\/strong>puoi impostare solo un&#8217;opzione di pagamento alla volta. Se un cliente ne ha pi\u00f9 di uno, sarebbe bello avere la possibilit\u00e0 di creare account diversi per sezioni diverse.<\/p>\n<p class=\"font-weight-bold mb-1 d-flex align-items-center\"><strong>Kortney D.&#8221;ADORO questo software&#8221;<\/strong><\/p>\n<p><strong>Commenti: <\/strong>Lo adoro. Penso che sia un ottimo strumento di base di conoscenze e contabilit\u00e0 clienti.<\/p>\n<p><strong>Pro: <\/strong>Uso questo software tutto il giorno tutti i giorni per aggiornare i record dei contatti e riscuotere i pagamenti dai nostri clienti.<\/p>\n<p><strong>Contro: <\/strong>Non riesco a pensare a nessuno. L&#8217;IT si sincronizza a quickbooks, il che mi rende le cose ancora pi\u00f9 facili. Questo prodotto \u00e8 fantastico.<\/p>\n<p class=\"font-weight-bold mb-1 d-flex align-items-center\"><strong>Jamie S.&#8221;Piattaforma eccellente&#8221;<\/strong><\/p>\n<p><strong>Commenti: <\/strong>La demo e la configurazione sono state fantastiche! Hanno fatto la parte difficile con il nostro inserimento.<\/p>\n<p><strong>Pro: <\/strong>Il servizio clienti \u00e8 fantastico! Di solito non c&#8217;\u00e8 un tempo di attesa per aiutaree una persona in linea.<\/p>\n<p><strong>Contro: <\/strong>Esistono limitazioni nei report. Non sono stato in grado di creare un rapporto che includa gli indirizzi e-mail del cliente.<\/p>\n","protected":false},"excerpt":{"rendered":"<p>mHelpDesk \u00e8 una soluzione di assistenza sul campo che aiuta i clienti ad automatizzare tutto, dal primo contatto con il cliente al pagamento. Ci\u00f2 include la gestione dei clienti, la quotazione, l&#8217;invio, la fatturazione, la fatturazione e il reporting.<\/p>\n","protected":false},"author":16,"featured_media":39923,"parent":39847,"menu_order":0,"comment_status":"open","ping_status":"closed","template":"g1_template_page_review_new.php","meta":{"_acf_changed":false,"cwp_meta_box_check":"No","cwp_rev_product_name":"","cwp_rev_product_image":"","wppr_links":[],"cwp_rev_price":"","wppr_options":[],"wppr_pros":[],"wppr_cons":[],"_monsterinsights_skip_tracking":false,"_monsterinsights_sitenote_active":false,"_monsterinsights_sitenote_note":"","_monsterinsights_sitenote_category":0,"footnotes":""},"categories":[5626],"tags":[396,5665,5659,5658,5649,5647,5648],"features":[],"class_list":{"0":"post-39918","1":"page","2":"type-page","3":"status-publish","4":"has-post-thumbnail","6":"category-software-disinfestazioni-categoria","7":"tag-cloud","8":"tag-gestione-dei-servizi-sul-campo","9":"tag-mhelpdesk","10":"tag-piattaforma-per-disinfestazione","11":"tag-programma-per-disinfestazione","12":"tag-software-per-disinfestazione","13":"tag-soluzione-per-disinfestazione"},"wppr_data":{"cwp_meta_box_check":"No"},"acf":[],"yoast_head":"<!-- This site is optimized with the Yoast SEO plugin v27.4 - https:\/\/yoast.com\/product\/yoast-seo-wordpress\/ -->\n<title>mHelpDesk: recensione software disinfestazione - Accurate Reviews<\/title>\n<meta name=\"description\" content=\"mHelpDesk: recensione soluzione di disinfestazione che aiuta gli utenti ad automatizzare tutto, dal primo contatto al pagamento.\" \/>\n<meta name=\"robots\" content=\"index, follow, max-snippet:-1, max-image-preview:large, max-video-preview:-1\" \/>\n<link rel=\"canonical\" href=\"https:\/\/www.accuratereviews.com\/it\/software-disinfestazioni\/mhelpdesk-recensione\/\" \/>\n<meta property=\"og:locale\" content=\"it_IT\" \/>\n<meta property=\"og:type\" content=\"article\" \/>\n<meta property=\"og:title\" content=\"mHelpDesk: recensione software disinfestazione - Accurate Reviews\" \/>\n<meta property=\"og:description\" content=\"mHelpDesk: recensione soluzione di disinfestazione che aiuta gli utenti ad automatizzare tutto, dal primo contatto al pagamento.\" \/>\n<meta property=\"og:url\" content=\"https:\/\/www.accuratereviews.com\/it\/software-disinfestazioni\/mhelpdesk-recensione\/\" \/>\n<meta property=\"og:site_name\" content=\"Accurate Reviews\" \/>\n<meta property=\"article:modified_time\" content=\"2021-04-16T12:03:21+00:00\" \/>\n<meta property=\"og:image\" content=\"https:\/\/www.accuratereviews.com\/wp-content\/uploads\/2021\/04\/mhelpdesk.png\" \/>\n\t<meta property=\"og:image:width\" content=\"300\" \/>\n\t<meta property=\"og:image:height\" content=\"300\" \/>\n\t<meta property=\"og:image:type\" content=\"image\/png\" \/>\n<meta name=\"twitter:card\" content=\"summary_large_image\" \/>\n<meta name=\"twitter:label1\" content=\"Tempo di lettura stimato\" \/>\n\t<meta name=\"twitter:data1\" content=\"3 minuti\" \/>\n<script type=\"application\/ld+json\" class=\"yoast-schema-graph\">{\"@context\":\"https:\\\/\\\/schema.org\",\"@graph\":[{\"@type\":\"WebPage\",\"@id\":\"https:\\\/\\\/www.accuratereviews.com\\\/it\\\/software-disinfestazioni\\\/mhelpdesk-recensione\\\/\",\"url\":\"https:\\\/\\\/www.accuratereviews.com\\\/it\\\/software-disinfestazioni\\\/mhelpdesk-recensione\\\/\",\"name\":\"mHelpDesk: recensione software disinfestazione - Accurate Reviews\",\"isPartOf\":{\"@id\":\"https:\\\/\\\/www.accuratereviews.com\\\/it\\\/#website\"},\"primaryImageOfPage\":{\"@id\":\"https:\\\/\\\/www.accuratereviews.com\\\/it\\\/software-disinfestazioni\\\/mhelpdesk-recensione\\\/#primaryimage\"},\"image\":{\"@id\":\"https:\\\/\\\/www.accuratereviews.com\\\/it\\\/software-disinfestazioni\\\/mhelpdesk-recensione\\\/#primaryimage\"},\"thumbnailUrl\":\"https:\\\/\\\/www.accuratereviews.com\\\/wp-content\\\/uploads\\\/2021\\\/04\\\/mhelpdesk.png\",\"datePublished\":\"2021-04-15T11:54:22+00:00\",\"dateModified\":\"2021-04-16T12:03:21+00:00\",\"description\":\"mHelpDesk: recensione soluzione di disinfestazione che aiuta gli utenti ad automatizzare tutto, dal primo contatto al pagamento.\",\"breadcrumb\":{\"@id\":\"https:\\\/\\\/www.accuratereviews.com\\\/it\\\/software-disinfestazioni\\\/mhelpdesk-recensione\\\/#breadcrumb\"},\"inLanguage\":\"it-IT\",\"potentialAction\":[{\"@type\":\"ReadAction\",\"target\":[\"https:\\\/\\\/www.accuratereviews.com\\\/it\\\/software-disinfestazioni\\\/mhelpdesk-recensione\\\/\"]}]},{\"@type\":\"ImageObject\",\"inLanguage\":\"it-IT\",\"@id\":\"https:\\\/\\\/www.accuratereviews.com\\\/it\\\/software-disinfestazioni\\\/mhelpdesk-recensione\\\/#primaryimage\",\"url\":\"https:\\\/\\\/www.accuratereviews.com\\\/wp-content\\\/uploads\\\/2021\\\/04\\\/mhelpdesk.png\",\"contentUrl\":\"https:\\\/\\\/www.accuratereviews.com\\\/wp-content\\\/uploads\\\/2021\\\/04\\\/mhelpdesk.png\",\"width\":300,\"height\":300},{\"@type\":\"BreadcrumbList\",\"@id\":\"https:\\\/\\\/www.accuratereviews.com\\\/it\\\/software-disinfestazioni\\\/mhelpdesk-recensione\\\/#breadcrumb\",\"itemListElement\":[{\"@type\":\"ListItem\",\"position\":1,\"name\":\"Home\",\"item\":\"https:\\\/\\\/www.accuratereviews.com\\\/it\\\/\"},{\"@type\":\"ListItem\",\"position\":2,\"name\":\"Software per le disinfestazioni\",\"item\":\"https:\\\/\\\/www.accuratereviews.com\\\/it\\\/software-disinfestazioni\\\/\"},{\"@type\":\"ListItem\",\"position\":3,\"name\":\"mHelpDesk\"}]},{\"@type\":\"WebSite\",\"@id\":\"https:\\\/\\\/www.accuratereviews.com\\\/it\\\/#website\",\"url\":\"https:\\\/\\\/www.accuratereviews.com\\\/it\\\/\",\"name\":\"Accurate Reviews\",\"description\":\"\",\"potentialAction\":[{\"@type\":\"SearchAction\",\"target\":{\"@type\":\"EntryPoint\",\"urlTemplate\":\"https:\\\/\\\/www.accuratereviews.com\\\/it\\\/?s={search_term_string}\"},\"query-input\":{\"@type\":\"PropertyValueSpecification\",\"valueRequired\":true,\"valueName\":\"search_term_string\"}}],\"inLanguage\":\"it-IT\"}]}<\/script>\n<!-- \/ Yoast SEO plugin. -->","yoast_head_json":{"title":"mHelpDesk: recensione software disinfestazione - Accurate Reviews","description":"mHelpDesk: recensione soluzione di disinfestazione che aiuta gli utenti ad automatizzare tutto, dal primo contatto al pagamento.","robots":{"index":"index","follow":"follow","max-snippet":"max-snippet:-1","max-image-preview":"max-image-preview:large","max-video-preview":"max-video-preview:-1"},"canonical":"https:\/\/www.accuratereviews.com\/it\/software-disinfestazioni\/mhelpdesk-recensione\/","og_locale":"it_IT","og_type":"article","og_title":"mHelpDesk: recensione software disinfestazione - Accurate Reviews","og_description":"mHelpDesk: recensione soluzione di disinfestazione che aiuta gli utenti ad automatizzare tutto, dal primo contatto al pagamento.","og_url":"https:\/\/www.accuratereviews.com\/it\/software-disinfestazioni\/mhelpdesk-recensione\/","og_site_name":"Accurate Reviews","article_modified_time":"2021-04-16T12:03:21+00:00","og_image":[{"width":300,"height":300,"url":"https:\/\/www.accuratereviews.com\/wp-content\/uploads\/2021\/04\/mhelpdesk.png","type":"image\/png"}],"twitter_card":"summary_large_image","twitter_misc":{"Tempo di lettura stimato":"3 minuti"},"schema":{"@context":"https:\/\/schema.org","@graph":[{"@type":"WebPage","@id":"https:\/\/www.accuratereviews.com\/it\/software-disinfestazioni\/mhelpdesk-recensione\/","url":"https:\/\/www.accuratereviews.com\/it\/software-disinfestazioni\/mhelpdesk-recensione\/","name":"mHelpDesk: recensione software disinfestazione - Accurate Reviews","isPartOf":{"@id":"https:\/\/www.accuratereviews.com\/it\/#website"},"primaryImageOfPage":{"@id":"https:\/\/www.accuratereviews.com\/it\/software-disinfestazioni\/mhelpdesk-recensione\/#primaryimage"},"image":{"@id":"https:\/\/www.accuratereviews.com\/it\/software-disinfestazioni\/mhelpdesk-recensione\/#primaryimage"},"thumbnailUrl":"https:\/\/www.accuratereviews.com\/wp-content\/uploads\/2021\/04\/mhelpdesk.png","datePublished":"2021-04-15T11:54:22+00:00","dateModified":"2021-04-16T12:03:21+00:00","description":"mHelpDesk: recensione soluzione di disinfestazione che aiuta gli utenti ad automatizzare tutto, dal primo contatto al pagamento.","breadcrumb":{"@id":"https:\/\/www.accuratereviews.com\/it\/software-disinfestazioni\/mhelpdesk-recensione\/#breadcrumb"},"inLanguage":"it-IT","potentialAction":[{"@type":"ReadAction","target":["https:\/\/www.accuratereviews.com\/it\/software-disinfestazioni\/mhelpdesk-recensione\/"]}]},{"@type":"ImageObject","inLanguage":"it-IT","@id":"https:\/\/www.accuratereviews.com\/it\/software-disinfestazioni\/mhelpdesk-recensione\/#primaryimage","url":"https:\/\/www.accuratereviews.com\/wp-content\/uploads\/2021\/04\/mhelpdesk.png","contentUrl":"https:\/\/www.accuratereviews.com\/wp-content\/uploads\/2021\/04\/mhelpdesk.png","width":300,"height":300},{"@type":"BreadcrumbList","@id":"https:\/\/www.accuratereviews.com\/it\/software-disinfestazioni\/mhelpdesk-recensione\/#breadcrumb","itemListElement":[{"@type":"ListItem","position":1,"name":"Home","item":"https:\/\/www.accuratereviews.com\/it\/"},{"@type":"ListItem","position":2,"name":"Software per le disinfestazioni","item":"https:\/\/www.accuratereviews.com\/it\/software-disinfestazioni\/"},{"@type":"ListItem","position":3,"name":"mHelpDesk"}]},{"@type":"WebSite","@id":"https:\/\/www.accuratereviews.com\/it\/#website","url":"https:\/\/www.accuratereviews.com\/it\/","name":"Accurate Reviews","description":"","potentialAction":[{"@type":"SearchAction","target":{"@type":"EntryPoint","urlTemplate":"https:\/\/www.accuratereviews.com\/it\/?s={search_term_string}"},"query-input":{"@type":"PropertyValueSpecification","valueRequired":true,"valueName":"search_term_string"}}],"inLanguage":"it-IT"}]}},"_links":{"self":[{"href":"https:\/\/www.accuratereviews.com\/it\/wp-json\/wp\/v2\/pages\/39918","targetHints":{"allow":["GET"]}}],"collection":[{"href":"https:\/\/www.accuratereviews.com\/it\/wp-json\/wp\/v2\/pages"}],"about":[{"href":"https:\/\/www.accuratereviews.com\/it\/wp-json\/wp\/v2\/types\/page"}],"author":[{"embeddable":true,"href":"https:\/\/www.accuratereviews.com\/it\/wp-json\/wp\/v2\/users\/16"}],"replies":[{"embeddable":true,"href":"https:\/\/www.accuratereviews.com\/it\/wp-json\/wp\/v2\/comments?post=39918"}],"version-history":[{"count":14,"href":"https:\/\/www.accuratereviews.com\/it\/wp-json\/wp\/v2\/pages\/39918\/revisions"}],"predecessor-version":[{"id":40176,"href":"https:\/\/www.accuratereviews.com\/it\/wp-json\/wp\/v2\/pages\/39918\/revisions\/40176"}],"up":[{"embeddable":true,"href":"https:\/\/www.accuratereviews.com\/it\/wp-json\/wp\/v2\/pages\/39847"}],"wp:featuredmedia":[{"embeddable":true,"href":"https:\/\/www.accuratereviews.com\/it\/wp-json\/wp\/v2\/media\/39923"}],"wp:attachment":[{"href":"https:\/\/www.accuratereviews.com\/it\/wp-json\/wp\/v2\/media?parent=39918"}],"wp:term":[{"taxonomy":"category","embeddable":true,"href":"https:\/\/www.accuratereviews.com\/it\/wp-json\/wp\/v2\/categories?post=39918"},{"taxonomy":"post_tag","embeddable":true,"href":"https:\/\/www.accuratereviews.com\/it\/wp-json\/wp\/v2\/tags?post=39918"},{"taxonomy":"features","embeddable":true,"href":"https:\/\/www.accuratereviews.com\/it\/wp-json\/wp\/v2\/features?post=39918"}],"curies":[{"name":"wp","href":"https:\/\/api.w.org\/{rel}","templated":true}]}}