{"id":39921,"date":"2021-04-15T11:59:12","date_gmt":"2021-04-15T11:59:12","guid":{"rendered":"https:\/\/www.accuratereviews.com\/?page_id=39921"},"modified":"2021-04-15T11:59:12","modified_gmt":"2021-04-15T11:59:12","slug":"kickserv-recensione","status":"publish","type":"page","link":"https:\/\/www.accuratereviews.com\/it\/software-disinfestazioni\/kickserv-recensione\/","title":{"rendered":"Kickserv"},"content":{"rendered":"<p><strong>Kickserv<\/strong> \u00e8 una<strong> soluzione di gestione dei servizi sul campo<\/strong> basata su <strong>cloud<\/strong> che fornisce alle piccole imprese, strumenti e funzionalit\u00e0 che le aiutano a gestire lead, stime, programmi del team, lavori, fatture e pagamenti. Il software\u00a0pu\u00f2 essere personalizzato per adattarsi alle aziende in vari settori che includono servizi di pulizia, impianti idraulici, HVAC ed elettrici. \u00c8 dotato di gestione dei contatti, fatturazione, gestione degli ordini di lavoro, pianificazione degli autisti, spedizione delle merci e altro ancora.\u00a0<strong>Kickserv<\/strong> fornisce agli utenti un&#8217;interfaccia utente personalizzata che consente loro di monitorare vari aspetti del flusso di lavoro della propria organizzazione. La soluzione offre applicazioni mobili per dispositivi iOS e Android che aiutano tecnici e lavoratori a inviare aggiornamenti, note e commenti di lavoro automatizzati o personalizzati dal team in ufficio.<\/p>\n<h2>KICKSERV &#8211; TUTORIAL<\/h2>\n<p>Ecco un tutorial che mostra come \u00e8 semplice fare pagare una fattura con questo <strong>software per disinfestazione<\/strong>:<\/p>\n<div id=\"fluid-wrapper-counter-1\" class=\"g1-fluid-wrapper \" style=\"width:686px;\">\n<div style=\"padding-bottom:56.268221574344%;\"><iframe loading=\"lazy\" title=\"Kickserv - Setting up online payments\" width=\"686\" height=\"386\" src=\"https:\/\/www.youtube.com\/embed\/wspV8y1hwm0?feature=oembed&amp;wmode=transparent&amp;autohide=1&amp;autoplay=0&amp;disablekb=0&amp;fs=1&amp;loop=0&amp;enablejsapi=1&amp;rel=0&amp;controls=2&amp;showinfo=0&amp;wmode=transparent&amp;autohide=2&amp;autoplay=0&amp;disablekb=0&amp;fs=1&amp;loop=0&amp;enablejsapi=1&amp;rel=0&amp;controls=2&amp;showinfo=1\" frameborder=\"0\" allow=\"accelerometer; autoplay; clipboard-write; encrypted-media; gyroscope; picture-in-picture\" allowfullscreen><\/iframe><\/div>\n<\/div>\n<h3>KICKSERV &#8211; CARATTERISTICHE<\/h3>\n<ul>\n<li><strong>Assegna i membri del team ai progetti:<\/strong> decidere quale dipendente ottiene quale lavoro \u00e8 diventato pi\u00f9 facile. Assegna pi\u00f9 membri del team a un evento e pi\u00f9 eventi a qualsiasi lavoro per mantenere un carico di lavoro equilibrato ed efficiente in tutta la tua base di dipendenti.<\/li>\n<li><strong>Note e allegati:<\/strong> crea note interne per i tuoi dipendenti o note pubbliche che i tuoi clienti possono vedere<\/li>\n<li><strong>Spese e costi del lavoro:<\/strong> aggiungi rapidamente i lavori completati al tuo account e tieni traccia degli addebiti dei clienti, tenendo traccia delle tue spese sul lavoro per gestire i profitti lordi. Integra perfettamente i tuoi dati conQuickBooks\u2122 per rendere il lavoro e il monitoraggio dei pagamenti in un attimo<\/li>\n<li><strong>Stime dinamiche<\/strong>: le stime sono il ponte tra un lead e una vendita. Fai il conteggio delle proposte con preventivi che possono essere inviati direttamente al cliente, quindi modificati e approvati in loco<\/li>\n<li><strong>Fatturazione<\/strong>: inviare fatture cartacee per posta, depositare assegni e chiamare chi paga in ritardo al telefono sono ormai acqua passata con la suite per i pagamenti online di Kickserv. Invia preventivi e fatture con un semplice sms. I tuoi clienti possono pagare istantaneamente con carta di credito con un paio di tocchi<\/li>\n<li><strong>Gestisci la tua forza lavoro<\/strong>: crea programmi, assegna lavori e tieni traccia delle posizioni dei dipendenti<\/li>\n<li><strong>Aggiornamenti automatici<\/strong>: gli aggiornamenti sullo stato del team possono essere inviati automaticamente all&#8217;ufficio tramite l&#8217;app mobile<\/li>\n<li><strong>Pianificazione<\/strong>: crea pianificazioni, monitora il tempo lavorato dei dipendenti e visualizza note o richieste del sito.<\/li>\n<li><strong>Trova opportunit\u00e0<\/strong>: guarda i tuoi lavori e il potenziale per lavori futuri dal campo<\/li>\n<li><strong>Rimani connesso<\/strong>: allega note, documenti e immagini a un lavoro per ulteriori chiarimenti e un migliore servizio clienti<\/li>\n<li><strong>Trova i tuoi tecnici:<\/strong> utilizza i check-in GPS per trovare i tuoi dipendenti su una mappa e tieni traccia della durata del lavoro e delle posizioni dei dipendenti in ogni momento.<\/li>\n<\/ul>\n<h4>LE RECENSIONI DEGLI UTENTI<\/h4>\n<p class=\"font-weight-bold mb-1 d-flex align-items-center\"><strong>Ruben L.&#8221;Software straordinario&#8221;<\/strong><\/p>\n<p><strong>Commenti: <\/strong>Nel complesso, questo software \u00e8 diventato migliore e pi\u00f9 facile per me fare i miei contratti e caricare le mie informazioni<\/p>\n<p><strong>Pro: <\/strong>Pu\u00f2 caricare pi\u00f9 foto contemporaneamente, renderle condivisibili e pu\u00f2 anche salvare note<\/p>\n<p><strong>Contro: <\/strong>All&#8217;inizio non mi permetteva di caricare pi\u00f9 foto<\/p>\n<p class=\"font-weight-bold mb-1 d-flex align-items-center\"><strong>Kayley S.&#8221;Kickserv \u00e8 fantastico&#8221;<\/strong><\/p>\n<p><strong>Commenti: <\/strong>Facile da usare, facile da imparare, semplice, intuitivo (per me).<\/p>\n<p><strong>Pro: <\/strong>Mi manca usare Kickserv per tutte le nostre societ\u00e0. Siamo passati a un altro software per l&#8217;assistenza clienti, ma abbiamo ancora Kickserv per una delle societ\u00e0. Per quello che faccio, le loro notifiche ai clienti e la facilit\u00e0 d&#8217;uso sono ottime. Da un punto di vista finanziario, il proprietario di questa azienda non l&#8217;ha trovata abbastanza solida. Tuttavia, il nostro nuovo software era un INCUBO quando si trattava di codici fiscali, perch\u00e9 nello stato di Washington, ogni citt\u00e0 ha un codice fiscale diverso, piuttosto che un codice fiscale statale. Pi\u00f9 di un anno dopo, il nostro nuovo sistema \u00e8 ancora orribile per l&#8217;integrazione delle tasse.<\/p>\n<p><strong>Contro: <\/strong>Non ho nessuna lamentela. Per quello che faccio, \u00e8 stato perfetto.<\/p>\n<p><strong>Ryan O.&#8221;Recensione di Kickserv&#8221;<\/strong><\/p>\n<p><strong>Commenti: <\/strong>Nel complesso una buona esperienza come desktop e utente sul campo.<\/p>\n<p><strong>Pro: <\/strong>Facilit\u00e0 di utilizzo per le fatture come modello, tutte le fatture hanno lo stesso aspetto per ogni cliente. Elementi pubblicitari e prezzi facili da modificare in base alle esigenze. Scattare foto all&#8217;interno dell&#8217;app \u00e8 stata un&#8217;ottima aggiunta.<\/p>\n<p><strong>Contro: <\/strong>L&#8217;app \u00e8 difettosa e non visualizza gli addebiti nell&#8217;ordine corretto. Se si scatta una foto con l&#8217;app, non viene salvata sul telefono. Ci\u00f2 significa che se il segnale viene perso e l&#8217;immagine non viene caricata ma persa. Questo ci ha portato a fare un viaggio indietro per riprendere una foto che non \u00e8 stata caricata o salvata.<\/p>\n","protected":false},"excerpt":{"rendered":"<p>Kickserv \u00e8 una soluzione di gestione dei servizi sul campo basata su cloud che fornisce alle piccole imprese, strumenti e funzionalit\u00e0 che le aiutano a gestire lead, stime, programmi del team, lavori, fatture e pagamenti.<\/p>\n","protected":false},"author":16,"featured_media":39939,"parent":39847,"menu_order":0,"comment_status":"open","ping_status":"closed","template":"g1_template_page_review_new.php","meta":{"_acf_changed":false,"cwp_meta_box_check":"Yes","cwp_rev_product_name":"","cwp_rev_product_image":"","wppr_links":[],"cwp_rev_price":"","wppr_options":[],"wppr_pros":[],"wppr_cons":[],"_monsterinsights_skip_tracking":false,"_monsterinsights_sitenote_active":false,"_monsterinsights_sitenote_note":"","_monsterinsights_sitenote_category":0,"footnotes":""},"categories":[5626],"tags":[396,5665,5666,5664,5649,2272,5647,5648],"features":[],"class_list":{"0":"post-39921","1":"page","2":"type-page","3":"status-publish","4":"has-post-thumbnail","6":"category-software-disinfestazioni-categoria","7":"tag-cloud","8":"tag-gestione-dei-servizi-sul-campo","9":"tag-kickserv","10":"tag-piattaforma-per-disinfestazine","11":"tag-programma-per-disinfestazione","12":"tag-quickbooks","13":"tag-software-per-disinfestazione","14":"tag-soluzione-per-disinfestazione"},"wppr_data":{"cwp_meta_box_check":"Yes","cwp_rev_product_name":"","cwp_rev_product_image":"","cwp_image_link":"image","cwp_rev_price":"","wppr_rating":"0.00"},"acf":[],"yoast_head":"<!-- This site is optimized with the Yoast SEO plugin v27.4 - https:\/\/yoast.com\/product\/yoast-seo-wordpress\/ -->\n<title>Kickserv: recensione software per disinfestazione - Accurate Reviews<\/title>\n<meta name=\"description\" content=\"Kickserv: recensione soluzione di gestione dei servizi sul campo basata su cloud che aiuta le piccole imprese con strumenti e funzionalit\u00e0.\" \/>\n<meta name=\"robots\" content=\"index, follow, max-snippet:-1, max-image-preview:large, max-video-preview:-1\" \/>\n<link rel=\"canonical\" href=\"https:\/\/www.accuratereviews.com\/it\/software-disinfestazioni\/kickserv-recensione\/\" \/>\n<meta property=\"og:locale\" content=\"it_IT\" \/>\n<meta property=\"og:type\" content=\"article\" \/>\n<meta property=\"og:title\" content=\"Kickserv: recensione software per disinfestazione - Accurate Reviews\" \/>\n<meta property=\"og:description\" content=\"Kickserv: recensione soluzione di gestione dei servizi sul campo basata su cloud che aiuta le piccole imprese con strumenti e funzionalit\u00e0.\" \/>\n<meta property=\"og:url\" content=\"https:\/\/www.accuratereviews.com\/it\/software-disinfestazioni\/kickserv-recensione\/\" \/>\n<meta property=\"og:site_name\" content=\"Accurate Reviews\" \/>\n<meta property=\"og:image\" content=\"https:\/\/www.accuratereviews.com\/wp-content\/uploads\/2021\/04\/Kickserv.png\" \/>\n\t<meta property=\"og:image:width\" content=\"250\" \/>\n\t<meta property=\"og:image:height\" content=\"250\" \/>\n\t<meta property=\"og:image:type\" content=\"image\/png\" \/>\n<meta name=\"twitter:card\" content=\"summary_large_image\" \/>\n<meta name=\"twitter:label1\" content=\"Tempo di lettura stimato\" \/>\n\t<meta name=\"twitter:data1\" content=\"4 minuti\" \/>\n<script type=\"application\/ld+json\" class=\"yoast-schema-graph\">{\"@context\":\"https:\\\/\\\/schema.org\",\"@graph\":[{\"@type\":\"WebPage\",\"@id\":\"https:\\\/\\\/www.accuratereviews.com\\\/it\\\/software-disinfestazioni\\\/kickserv-recensione\\\/\",\"url\":\"https:\\\/\\\/www.accuratereviews.com\\\/it\\\/software-disinfestazioni\\\/kickserv-recensione\\\/\",\"name\":\"Kickserv: recensione software per disinfestazione - Accurate Reviews\",\"isPartOf\":{\"@id\":\"https:\\\/\\\/www.accuratereviews.com\\\/it\\\/#website\"},\"primaryImageOfPage\":{\"@id\":\"https:\\\/\\\/www.accuratereviews.com\\\/it\\\/software-disinfestazioni\\\/kickserv-recensione\\\/#primaryimage\"},\"image\":{\"@id\":\"https:\\\/\\\/www.accuratereviews.com\\\/it\\\/software-disinfestazioni\\\/kickserv-recensione\\\/#primaryimage\"},\"thumbnailUrl\":\"https:\\\/\\\/www.accuratereviews.com\\\/wp-content\\\/uploads\\\/2021\\\/04\\\/Kickserv.png\",\"datePublished\":\"2021-04-15T11:59:12+00:00\",\"description\":\"Kickserv: recensione soluzione di gestione dei servizi sul campo basata su cloud che aiuta le piccole imprese con strumenti e funzionalit\u00e0.\",\"breadcrumb\":{\"@id\":\"https:\\\/\\\/www.accuratereviews.com\\\/it\\\/software-disinfestazioni\\\/kickserv-recensione\\\/#breadcrumb\"},\"inLanguage\":\"it-IT\",\"potentialAction\":[{\"@type\":\"ReadAction\",\"target\":[\"https:\\\/\\\/www.accuratereviews.com\\\/it\\\/software-disinfestazioni\\\/kickserv-recensione\\\/\"]}]},{\"@type\":\"ImageObject\",\"inLanguage\":\"it-IT\",\"@id\":\"https:\\\/\\\/www.accuratereviews.com\\\/it\\\/software-disinfestazioni\\\/kickserv-recensione\\\/#primaryimage\",\"url\":\"https:\\\/\\\/www.accuratereviews.com\\\/wp-content\\\/uploads\\\/2021\\\/04\\\/Kickserv.png\",\"contentUrl\":\"https:\\\/\\\/www.accuratereviews.com\\\/wp-content\\\/uploads\\\/2021\\\/04\\\/Kickserv.png\",\"width\":250,\"height\":250},{\"@type\":\"BreadcrumbList\",\"@id\":\"https:\\\/\\\/www.accuratereviews.com\\\/it\\\/software-disinfestazioni\\\/kickserv-recensione\\\/#breadcrumb\",\"itemListElement\":[{\"@type\":\"ListItem\",\"position\":1,\"name\":\"Home\",\"item\":\"https:\\\/\\\/www.accuratereviews.com\\\/it\\\/\"},{\"@type\":\"ListItem\",\"position\":2,\"name\":\"Software per le disinfestazioni\",\"item\":\"https:\\\/\\\/www.accuratereviews.com\\\/it\\\/software-disinfestazioni\\\/\"},{\"@type\":\"ListItem\",\"position\":3,\"name\":\"Kickserv\"}]},{\"@type\":\"WebSite\",\"@id\":\"https:\\\/\\\/www.accuratereviews.com\\\/it\\\/#website\",\"url\":\"https:\\\/\\\/www.accuratereviews.com\\\/it\\\/\",\"name\":\"Accurate Reviews\",\"description\":\"\",\"potentialAction\":[{\"@type\":\"SearchAction\",\"target\":{\"@type\":\"EntryPoint\",\"urlTemplate\":\"https:\\\/\\\/www.accuratereviews.com\\\/it\\\/?s={search_term_string}\"},\"query-input\":{\"@type\":\"PropertyValueSpecification\",\"valueRequired\":true,\"valueName\":\"search_term_string\"}}],\"inLanguage\":\"it-IT\"}]}<\/script>\n<!-- \/ Yoast SEO plugin. -->","yoast_head_json":{"title":"Kickserv: recensione software per disinfestazione - Accurate Reviews","description":"Kickserv: recensione soluzione di gestione dei servizi sul campo basata su cloud che aiuta le piccole imprese con strumenti e funzionalit\u00e0.","robots":{"index":"index","follow":"follow","max-snippet":"max-snippet:-1","max-image-preview":"max-image-preview:large","max-video-preview":"max-video-preview:-1"},"canonical":"https:\/\/www.accuratereviews.com\/it\/software-disinfestazioni\/kickserv-recensione\/","og_locale":"it_IT","og_type":"article","og_title":"Kickserv: recensione software per disinfestazione - Accurate Reviews","og_description":"Kickserv: recensione soluzione di gestione dei servizi sul campo basata su cloud che aiuta le piccole imprese con strumenti e funzionalit\u00e0.","og_url":"https:\/\/www.accuratereviews.com\/it\/software-disinfestazioni\/kickserv-recensione\/","og_site_name":"Accurate Reviews","og_image":[{"width":250,"height":250,"url":"https:\/\/www.accuratereviews.com\/wp-content\/uploads\/2021\/04\/Kickserv.png","type":"image\/png"}],"twitter_card":"summary_large_image","twitter_misc":{"Tempo di lettura stimato":"4 minuti"},"schema":{"@context":"https:\/\/schema.org","@graph":[{"@type":"WebPage","@id":"https:\/\/www.accuratereviews.com\/it\/software-disinfestazioni\/kickserv-recensione\/","url":"https:\/\/www.accuratereviews.com\/it\/software-disinfestazioni\/kickserv-recensione\/","name":"Kickserv: recensione software per disinfestazione - Accurate Reviews","isPartOf":{"@id":"https:\/\/www.accuratereviews.com\/it\/#website"},"primaryImageOfPage":{"@id":"https:\/\/www.accuratereviews.com\/it\/software-disinfestazioni\/kickserv-recensione\/#primaryimage"},"image":{"@id":"https:\/\/www.accuratereviews.com\/it\/software-disinfestazioni\/kickserv-recensione\/#primaryimage"},"thumbnailUrl":"https:\/\/www.accuratereviews.com\/wp-content\/uploads\/2021\/04\/Kickserv.png","datePublished":"2021-04-15T11:59:12+00:00","description":"Kickserv: recensione soluzione di gestione dei servizi sul campo basata su cloud che aiuta le piccole imprese con strumenti e funzionalit\u00e0.","breadcrumb":{"@id":"https:\/\/www.accuratereviews.com\/it\/software-disinfestazioni\/kickserv-recensione\/#breadcrumb"},"inLanguage":"it-IT","potentialAction":[{"@type":"ReadAction","target":["https:\/\/www.accuratereviews.com\/it\/software-disinfestazioni\/kickserv-recensione\/"]}]},{"@type":"ImageObject","inLanguage":"it-IT","@id":"https:\/\/www.accuratereviews.com\/it\/software-disinfestazioni\/kickserv-recensione\/#primaryimage","url":"https:\/\/www.accuratereviews.com\/wp-content\/uploads\/2021\/04\/Kickserv.png","contentUrl":"https:\/\/www.accuratereviews.com\/wp-content\/uploads\/2021\/04\/Kickserv.png","width":250,"height":250},{"@type":"BreadcrumbList","@id":"https:\/\/www.accuratereviews.com\/it\/software-disinfestazioni\/kickserv-recensione\/#breadcrumb","itemListElement":[{"@type":"ListItem","position":1,"name":"Home","item":"https:\/\/www.accuratereviews.com\/it\/"},{"@type":"ListItem","position":2,"name":"Software per le disinfestazioni","item":"https:\/\/www.accuratereviews.com\/it\/software-disinfestazioni\/"},{"@type":"ListItem","position":3,"name":"Kickserv"}]},{"@type":"WebSite","@id":"https:\/\/www.accuratereviews.com\/it\/#website","url":"https:\/\/www.accuratereviews.com\/it\/","name":"Accurate Reviews","description":"","potentialAction":[{"@type":"SearchAction","target":{"@type":"EntryPoint","urlTemplate":"https:\/\/www.accuratereviews.com\/it\/?s={search_term_string}"},"query-input":{"@type":"PropertyValueSpecification","valueRequired":true,"valueName":"search_term_string"}}],"inLanguage":"it-IT"}]}},"_links":{"self":[{"href":"https:\/\/www.accuratereviews.com\/it\/wp-json\/wp\/v2\/pages\/39921","targetHints":{"allow":["GET"]}}],"collection":[{"href":"https:\/\/www.accuratereviews.com\/it\/wp-json\/wp\/v2\/pages"}],"about":[{"href":"https:\/\/www.accuratereviews.com\/it\/wp-json\/wp\/v2\/types\/page"}],"author":[{"embeddable":true,"href":"https:\/\/www.accuratereviews.com\/it\/wp-json\/wp\/v2\/users\/16"}],"replies":[{"embeddable":true,"href":"https:\/\/www.accuratereviews.com\/it\/wp-json\/wp\/v2\/comments?post=39921"}],"version-history":[{"count":16,"href":"https:\/\/www.accuratereviews.com\/it\/wp-json\/wp\/v2\/pages\/39921\/revisions"}],"predecessor-version":[{"id":39973,"href":"https:\/\/www.accuratereviews.com\/it\/wp-json\/wp\/v2\/pages\/39921\/revisions\/39973"}],"up":[{"embeddable":true,"href":"https:\/\/www.accuratereviews.com\/it\/wp-json\/wp\/v2\/pages\/39847"}],"wp:featuredmedia":[{"embeddable":true,"href":"https:\/\/www.accuratereviews.com\/it\/wp-json\/wp\/v2\/media\/39939"}],"wp:attachment":[{"href":"https:\/\/www.accuratereviews.com\/it\/wp-json\/wp\/v2\/media?parent=39921"}],"wp:term":[{"taxonomy":"category","embeddable":true,"href":"https:\/\/www.accuratereviews.com\/it\/wp-json\/wp\/v2\/categories?post=39921"},{"taxonomy":"post_tag","embeddable":true,"href":"https:\/\/www.accuratereviews.com\/it\/wp-json\/wp\/v2\/tags?post=39921"},{"taxonomy":"features","embeddable":true,"href":"https:\/\/www.accuratereviews.com\/it\/wp-json\/wp\/v2\/features?post=39921"}],"curies":[{"name":"wp","href":"https:\/\/api.w.org\/{rel}","templated":true}]}}