{"id":40059,"date":"2021-04-16T10:41:57","date_gmt":"2021-04-16T10:41:57","guid":{"rendered":"https:\/\/www.accuratereviews.com\/?page_id=40059"},"modified":"2021-04-19T06:20:33","modified_gmt":"2021-04-19T06:20:33","slug":"mailbird-recensione","status":"publish","type":"page","link":"https:\/\/www.accuratereviews.com\/it\/client-di-posta-per-dispositivi-mobile\/mailbird-recensione\/","title":{"rendered":"Mailbird"},"content":{"rendered":"<p>Se il programma di posta integrato in Windows 10 ti risulta insufficiente, mentre Outlook potrebbe apparirti caotico, prova <strong>Mailbird<\/strong>, uno tra <strong>i migliori client di posta <\/strong>per Windows. Semplice, intuitivo e completo.<\/p>\n<div id=\"fluid-wrapper-counter-1\" class=\"g1-fluid-wrapper \" style=\"width:686px;\"><div style=\"padding-bottom:56.268221574344%;\"><iframe loading=\"lazy\" title=\"What is Mailbird?\" width=\"686\" height=\"386\" src=\"https:\/\/www.youtube.com\/embed\/z-HkXEmo2h0?feature=oembed&amp;wmode=transparent&amp;autohide=1&amp;autoplay=0&amp;disablekb=0&amp;fs=1&amp;loop=0&amp;enablejsapi=1&amp;rel=0&amp;controls=2&amp;showinfo=0&amp;wmode=transparent&amp;autohide=2&amp;autoplay=0&amp;disablekb=0&amp;fs=1&amp;loop=0&amp;enablejsapi=1&amp;rel=0&amp;controls=2&amp;showinfo=1\" frameborder=\"0\" allow=\"accelerometer; autoplay; clipboard-write; encrypted-media; gyroscope; picture-in-picture\" allowfullscreen><\/iframe><\/div><\/div>\n<p>&nbsp;<\/p>\n<h3>MAILBIRD &#8211; CARATTERISTICHE<\/h3>\n<ul>\n<li>Casella di posta elettronica unificata<\/li>\n<li>Supporto per account illimitati (IMAP, POP3, Exchange )<\/li>\n<li>Layout personalizzabili<\/li>\n<li>Integrazione con moltissime app<\/li>\n<li>Personalizzazione della firma<\/li>\n<li>Funzione Snooze per ritardare i messaggi<\/li>\n<li>Invia pi\u00f9 tardi<\/li>\n<li>Spostamento della posta tra account<\/li>\n<li>Suoni personalizzabili<\/li>\n<li>Collegamento LinkedIn per ricerca contatto<\/li>\n<li>Ricerca allegati<\/li>\n<li>Dark mode<\/li>\n<li>Scorciatoie<\/li>\n<li>Supporto multilingua<\/li>\n<li>Monitoraggio delle email<\/li>\n<li>Pulsante annulla iscrizione<\/li>\n<li>Windows10 emoji support<\/li>\n<li>Assistenza clienti 24\/7<\/li>\n<\/ul>\n<h2>Usabilit\u00e0 e velocit\u00e0<\/h2>\n<p>L&#8217;interfaccia di Mailbird ha un<strong> look accattivante<\/strong>, semplice, moderno e pulito. Dopo una prima occhiata sembrano quasi assenti molte delle funzioni necessarie, ma in realt\u00e0 \u00e8 un software realizzato con cura e utilizzabile<strong>\u00a0senza problemi in ambito professionale<\/strong>. Il design di Mailbird \u00e8 chiaro e intuitivo, ma la cosa pi\u00f9 interessante \u00e8 la possibilit\u00e0 di cambiarne il look, creando template e struttura grafica ad hoc. Sfrutta la personalizzazione della grandezza del testo o la possibilit\u00e0 di mostrare le cartelle separatamente in una colonna aggiuntiva dell&#8217;interfaccia. Le colonne verticali possono essere ridimensionate a piacere. Addirittura quella principale, se troppo stretta, trasforma le scritte in icone.<\/p>\n<p><strong>Contatore dei numeri di messaggi<\/strong> da leggere sull&#8217;icona del programma nella barra delle applicazioni.<\/p>\n<p>Funzione <em><strong>unsubscribe<\/strong><\/em> che permette con un comodo bottone di disiscriversi direttamente alle newsletter, senza perdere tempo nel cercare il relativo link in fondo alla mail.<\/p>\n<p>Mailbird \u00e8 rapido e veloce. L&#8217;abbiamo testato con oltre 15 account di medio traffico e non ha presentato minimi rallentamenti. Possiamo definire quindi <strong>Mailbird come un programma per leggere la posta stabile, veloce ed efficiente<\/strong>.<\/p>\n<h2>Funzionalit\u00e0<\/h2>\n<p>Oltre a essere il classico <strong> client di posta, integra diverse funzioni per la produttivit\u00e0 <\/strong>collegando tantissime tra le pi\u00f9 famose applicazioni di terze parti: si possono unire le Google Apps, messaggistica come Telegram, Messenger, WhatsApp, oppure quella in ambito professionale tipo Skype, Slack, Evernote. Si possono aggiungere molte altre applicazioni, da quelle di tipo Todo fino ai social come Facebook o Instagram.<\/p>\n<p>Mailbird offre la possibilit\u00e0 di sfruttare perfettamente il concetto di <strong><em>inbox zero<\/em><\/strong> ideato da Merlin Mann che permette una gestione della posta pi\u00f9 produttiva, con funzione di invio posticipato di un messaggio o funzione Snooze che ritarda i messaggi con un clic, permettendo di focalizzarsi nell&#8217;immediato solamente sulle email pi\u00f9 importanti.<\/p>\n<p>Potente funzione di ricerca, filtri personalizzati e interessante <strong>ricerca tra gli allegati<\/strong>, anche quelli molto vecchi.<\/p>\n<p>Mailbird permette inoltre la <strong>copia<\/strong> o lo <strong>spostamento\u00a0 del messaggio in cartelle<\/strong> direttamente dal menu col tasto destro del mouse.<\/p>\n<h2>Supporto<\/h2>\n<p>Sul sito di Mailbird potrete trovare molte risorse, dalle FAQ al blog, dove \u00e8 possibile <strong>trovare informazioni pi\u00f9 approfondite cercando argomenti specifici.<\/strong> Offre inoltre un supporto multilingua (attualmente 17) con assistenza gratuita sulla posta elettronica 7 giorni su 7 a ogni ora (24\/7).<\/p>\n<h2>Prezzo<\/h2>\n<p><strong>Potete comprare Mailbird sul sito web ufficiale <\/strong>per soli <span class=\"cost\">\u20ac2.42<\/span><span class=\"term\">\/mese, oppure con un pagamento unico di 65\u20ac. Una cifra davvero sostenibile, specialmente in ambito aziendale.<\/span><\/p>\n","protected":false},"excerpt":{"rendered":"<p>Se il programma di posta integrato in Windows 10 ti risulta insufficiente, mentre Outlook potrebbe apparirti caotico, prova Mailbird, uno tra i migliori client di posta per Windows. Semplice, intuitivo e completo.<\/p>\n","protected":false},"author":16,"featured_media":40128,"parent":39998,"menu_order":0,"comment_status":"open","ping_status":"closed","template":"g1_template_page_review_new.php","meta":{"_acf_changed":false,"cwp_meta_box_check":"No","cwp_rev_product_name":"","cwp_rev_product_image":"","wppr_links":[],"cwp_rev_price":"","wppr_options":[],"wppr_pros":[],"wppr_cons":[],"_monsterinsights_skip_tracking":false,"_monsterinsights_sitenote_active":false,"_monsterinsights_sitenote_note":"","_monsterinsights_sitenote_category":0,"footnotes":""},"categories":[119,5677],"tags":[2439,5709,5595,3428,2310,2312,2322],"features":[],"class_list":{"0":"post-40059","1":"page","2":"type-page","3":"status-publish","4":"has-post-thumbnail","6":"category-i-migliori-client-di-posta","7":"category-client-di-posta-per-windows-categoria","8":"tag-applicazione-client-di-posta","9":"tag-client-di-posta","10":"tag-client-di-posta-elettronica","11":"tag-email-client","12":"tag-email-client-software","13":"tag-piattaforma-client-di-posta","14":"tag-programma-client-di-posta","15":"g1_relation_tag-client-posta","16":"g1_relation_tag-mailbird","17":"g1_relation_tag-mailbird-client","18":"g1_relation_tag-mailbird-recensione"},"wppr_data":{"cwp_meta_box_check":"No"},"acf":[],"yoast_head":"<!-- This site is optimized with the Yoast SEO plugin v27.4 - https:\/\/yoast.com\/product\/yoast-seo-wordpress\/ -->\n<title>Mailbird: recensione client posta - Accurate Reviews<\/title>\n<meta name=\"description\" content=\"Mailbord: recensione client di posta. Semplice, intuitivo e completo. Ideale se il programma predefinito di Windows 10 non basta.\" \/>\n<meta name=\"robots\" content=\"index, follow, max-snippet:-1, max-image-preview:large, max-video-preview:-1\" \/>\n<link rel=\"canonical\" href=\"https:\/\/www.accuratereviews.com\/it\/client-di-posta-per-dispositivi-mobile\/mailbird-recensione\/\" \/>\n<meta property=\"og:locale\" content=\"it_IT\" \/>\n<meta property=\"og:type\" content=\"article\" \/>\n<meta property=\"og:title\" content=\"Mailbird: recensione client posta - Accurate Reviews\" \/>\n<meta property=\"og:description\" content=\"Mailbord: recensione client di posta. Semplice, intuitivo e completo. Ideale se il programma predefinito di Windows 10 non basta.\" \/>\n<meta property=\"og:url\" content=\"https:\/\/www.accuratereviews.com\/it\/client-di-posta-per-dispositivi-mobile\/mailbird-recensione\/\" \/>\n<meta property=\"og:site_name\" content=\"Accurate Reviews\" \/>\n<meta property=\"article:modified_time\" content=\"2021-04-19T06:20:33+00:00\" \/>\n<meta property=\"og:image\" content=\"https:\/\/www.accuratereviews.com\/wp-content\/uploads\/2021\/04\/mailbird.png\" \/>\n\t<meta property=\"og:image:width\" content=\"950\" \/>\n\t<meta property=\"og:image:height\" content=\"786\" \/>\n\t<meta property=\"og:image:type\" content=\"image\/png\" \/>\n<meta name=\"twitter:card\" content=\"summary_large_image\" \/>\n<meta name=\"twitter:label1\" content=\"Tempo di lettura stimato\" \/>\n\t<meta name=\"twitter:data1\" content=\"3 minuti\" \/>\n<script type=\"application\/ld+json\" class=\"yoast-schema-graph\">{\"@context\":\"https:\\\/\\\/schema.org\",\"@graph\":[{\"@type\":\"WebPage\",\"@id\":\"https:\\\/\\\/www.accuratereviews.com\\\/it\\\/client-di-posta-per-dispositivi-mobile\\\/mailbird-recensione\\\/\",\"url\":\"https:\\\/\\\/www.accuratereviews.com\\\/it\\\/client-di-posta-per-dispositivi-mobile\\\/mailbird-recensione\\\/\",\"name\":\"Mailbird: recensione client posta - Accurate Reviews\",\"isPartOf\":{\"@id\":\"https:\\\/\\\/www.accuratereviews.com\\\/it\\\/#website\"},\"primaryImageOfPage\":{\"@id\":\"https:\\\/\\\/www.accuratereviews.com\\\/it\\\/client-di-posta-per-dispositivi-mobile\\\/mailbird-recensione\\\/#primaryimage\"},\"image\":{\"@id\":\"https:\\\/\\\/www.accuratereviews.com\\\/it\\\/client-di-posta-per-dispositivi-mobile\\\/mailbird-recensione\\\/#primaryimage\"},\"thumbnailUrl\":\"https:\\\/\\\/www.accuratereviews.com\\\/wp-content\\\/uploads\\\/2021\\\/04\\\/mailbird.png\",\"datePublished\":\"2021-04-16T10:41:57+00:00\",\"dateModified\":\"2021-04-19T06:20:33+00:00\",\"description\":\"Mailbord: recensione client di posta. Semplice, intuitivo e completo. Ideale se il programma predefinito di Windows 10 non basta.\",\"breadcrumb\":{\"@id\":\"https:\\\/\\\/www.accuratereviews.com\\\/it\\\/client-di-posta-per-dispositivi-mobile\\\/mailbird-recensione\\\/#breadcrumb\"},\"inLanguage\":\"it-IT\",\"potentialAction\":[{\"@type\":\"ReadAction\",\"target\":[\"https:\\\/\\\/www.accuratereviews.com\\\/it\\\/client-di-posta-per-dispositivi-mobile\\\/mailbird-recensione\\\/\"]}]},{\"@type\":\"ImageObject\",\"inLanguage\":\"it-IT\",\"@id\":\"https:\\\/\\\/www.accuratereviews.com\\\/it\\\/client-di-posta-per-dispositivi-mobile\\\/mailbird-recensione\\\/#primaryimage\",\"url\":\"https:\\\/\\\/www.accuratereviews.com\\\/wp-content\\\/uploads\\\/2021\\\/04\\\/mailbird.png\",\"contentUrl\":\"https:\\\/\\\/www.accuratereviews.com\\\/wp-content\\\/uploads\\\/2021\\\/04\\\/mailbird.png\",\"width\":950,\"height\":786},{\"@type\":\"BreadcrumbList\",\"@id\":\"https:\\\/\\\/www.accuratereviews.com\\\/it\\\/client-di-posta-per-dispositivi-mobile\\\/mailbird-recensione\\\/#breadcrumb\",\"itemListElement\":[{\"@type\":\"ListItem\",\"position\":1,\"name\":\"Home\",\"item\":\"https:\\\/\\\/www.accuratereviews.com\\\/it\\\/\"},{\"@type\":\"ListItem\",\"position\":2,\"name\":\"Client di posta per dispositivi mobile\",\"item\":\"https:\\\/\\\/www.accuratereviews.com\\\/it\\\/client-di-posta-per-dispositivi-mobile\\\/\"},{\"@type\":\"ListItem\",\"position\":3,\"name\":\"Mailbird\"}]},{\"@type\":\"WebSite\",\"@id\":\"https:\\\/\\\/www.accuratereviews.com\\\/it\\\/#website\",\"url\":\"https:\\\/\\\/www.accuratereviews.com\\\/it\\\/\",\"name\":\"Accurate Reviews\",\"description\":\"\",\"potentialAction\":[{\"@type\":\"SearchAction\",\"target\":{\"@type\":\"EntryPoint\",\"urlTemplate\":\"https:\\\/\\\/www.accuratereviews.com\\\/it\\\/?s={search_term_string}\"},\"query-input\":{\"@type\":\"PropertyValueSpecification\",\"valueRequired\":true,\"valueName\":\"search_term_string\"}}],\"inLanguage\":\"it-IT\"}]}<\/script>\n<!-- \/ Yoast SEO plugin. -->","yoast_head_json":{"title":"Mailbird: recensione client posta - Accurate Reviews","description":"Mailbord: recensione client di posta. Semplice, intuitivo e completo. Ideale se il programma predefinito di Windows 10 non basta.","robots":{"index":"index","follow":"follow","max-snippet":"max-snippet:-1","max-image-preview":"max-image-preview:large","max-video-preview":"max-video-preview:-1"},"canonical":"https:\/\/www.accuratereviews.com\/it\/client-di-posta-per-dispositivi-mobile\/mailbird-recensione\/","og_locale":"it_IT","og_type":"article","og_title":"Mailbird: recensione client posta - Accurate Reviews","og_description":"Mailbord: recensione client di posta. Semplice, intuitivo e completo. Ideale se il programma predefinito di Windows 10 non basta.","og_url":"https:\/\/www.accuratereviews.com\/it\/client-di-posta-per-dispositivi-mobile\/mailbird-recensione\/","og_site_name":"Accurate Reviews","article_modified_time":"2021-04-19T06:20:33+00:00","og_image":[{"width":950,"height":786,"url":"https:\/\/www.accuratereviews.com\/wp-content\/uploads\/2021\/04\/mailbird.png","type":"image\/png"}],"twitter_card":"summary_large_image","twitter_misc":{"Tempo di lettura stimato":"3 minuti"},"schema":{"@context":"https:\/\/schema.org","@graph":[{"@type":"WebPage","@id":"https:\/\/www.accuratereviews.com\/it\/client-di-posta-per-dispositivi-mobile\/mailbird-recensione\/","url":"https:\/\/www.accuratereviews.com\/it\/client-di-posta-per-dispositivi-mobile\/mailbird-recensione\/","name":"Mailbird: recensione client posta - Accurate Reviews","isPartOf":{"@id":"https:\/\/www.accuratereviews.com\/it\/#website"},"primaryImageOfPage":{"@id":"https:\/\/www.accuratereviews.com\/it\/client-di-posta-per-dispositivi-mobile\/mailbird-recensione\/#primaryimage"},"image":{"@id":"https:\/\/www.accuratereviews.com\/it\/client-di-posta-per-dispositivi-mobile\/mailbird-recensione\/#primaryimage"},"thumbnailUrl":"https:\/\/www.accuratereviews.com\/wp-content\/uploads\/2021\/04\/mailbird.png","datePublished":"2021-04-16T10:41:57+00:00","dateModified":"2021-04-19T06:20:33+00:00","description":"Mailbord: recensione client di posta. Semplice, intuitivo e completo. Ideale se il programma predefinito di Windows 10 non basta.","breadcrumb":{"@id":"https:\/\/www.accuratereviews.com\/it\/client-di-posta-per-dispositivi-mobile\/mailbird-recensione\/#breadcrumb"},"inLanguage":"it-IT","potentialAction":[{"@type":"ReadAction","target":["https:\/\/www.accuratereviews.com\/it\/client-di-posta-per-dispositivi-mobile\/mailbird-recensione\/"]}]},{"@type":"ImageObject","inLanguage":"it-IT","@id":"https:\/\/www.accuratereviews.com\/it\/client-di-posta-per-dispositivi-mobile\/mailbird-recensione\/#primaryimage","url":"https:\/\/www.accuratereviews.com\/wp-content\/uploads\/2021\/04\/mailbird.png","contentUrl":"https:\/\/www.accuratereviews.com\/wp-content\/uploads\/2021\/04\/mailbird.png","width":950,"height":786},{"@type":"BreadcrumbList","@id":"https:\/\/www.accuratereviews.com\/it\/client-di-posta-per-dispositivi-mobile\/mailbird-recensione\/#breadcrumb","itemListElement":[{"@type":"ListItem","position":1,"name":"Home","item":"https:\/\/www.accuratereviews.com\/it\/"},{"@type":"ListItem","position":2,"name":"Client di posta per dispositivi mobile","item":"https:\/\/www.accuratereviews.com\/it\/client-di-posta-per-dispositivi-mobile\/"},{"@type":"ListItem","position":3,"name":"Mailbird"}]},{"@type":"WebSite","@id":"https:\/\/www.accuratereviews.com\/it\/#website","url":"https:\/\/www.accuratereviews.com\/it\/","name":"Accurate Reviews","description":"","potentialAction":[{"@type":"SearchAction","target":{"@type":"EntryPoint","urlTemplate":"https:\/\/www.accuratereviews.com\/it\/?s={search_term_string}"},"query-input":{"@type":"PropertyValueSpecification","valueRequired":true,"valueName":"search_term_string"}}],"inLanguage":"it-IT"}]}},"_links":{"self":[{"href":"https:\/\/www.accuratereviews.com\/it\/wp-json\/wp\/v2\/pages\/40059","targetHints":{"allow":["GET"]}}],"collection":[{"href":"https:\/\/www.accuratereviews.com\/it\/wp-json\/wp\/v2\/pages"}],"about":[{"href":"https:\/\/www.accuratereviews.com\/it\/wp-json\/wp\/v2\/types\/page"}],"author":[{"embeddable":true,"href":"https:\/\/www.accuratereviews.com\/it\/wp-json\/wp\/v2\/users\/16"}],"replies":[{"embeddable":true,"href":"https:\/\/www.accuratereviews.com\/it\/wp-json\/wp\/v2\/comments?post=40059"}],"version-history":[{"count":28,"href":"https:\/\/www.accuratereviews.com\/it\/wp-json\/wp\/v2\/pages\/40059\/revisions"}],"predecessor-version":[{"id":40257,"href":"https:\/\/www.accuratereviews.com\/it\/wp-json\/wp\/v2\/pages\/40059\/revisions\/40257"}],"up":[{"embeddable":true,"href":"https:\/\/www.accuratereviews.com\/it\/wp-json\/wp\/v2\/pages\/39998"}],"wp:featuredmedia":[{"embeddable":true,"href":"https:\/\/www.accuratereviews.com\/it\/wp-json\/wp\/v2\/media\/40128"}],"wp:attachment":[{"href":"https:\/\/www.accuratereviews.com\/it\/wp-json\/wp\/v2\/media?parent=40059"}],"wp:term":[{"taxonomy":"category","embeddable":true,"href":"https:\/\/www.accuratereviews.com\/it\/wp-json\/wp\/v2\/categories?post=40059"},{"taxonomy":"post_tag","embeddable":true,"href":"https:\/\/www.accuratereviews.com\/it\/wp-json\/wp\/v2\/tags?post=40059"},{"taxonomy":"features","embeddable":true,"href":"https:\/\/www.accuratereviews.com\/it\/wp-json\/wp\/v2\/features?post=40059"}],"curies":[{"name":"wp","href":"https:\/\/api.w.org\/{rel}","templated":true}]}}