{"id":40086,"date":"2021-04-19T14:57:35","date_gmt":"2021-04-19T14:57:35","guid":{"rendered":"https:\/\/www.accuratereviews.com\/?page_id=40086"},"modified":"2021-04-22T07:51:03","modified_gmt":"2021-04-22T07:51:03","slug":"gorilladesk-recensione","status":"publish","type":"page","link":"https:\/\/www.accuratereviews.com\/it\/software-disinfestazioni\/gorilladesk-recensione\/","title":{"rendered":"GorillaDesk"},"content":{"rendered":"<p><strong>GorillaDesk<\/strong> \u00e8 una soluzione di gestione dei servizi di campo (FSM) basata su <strong>cloud<\/strong> progettata per le <strong>attivit\u00e0 di disinfestazione<\/strong>. Le caratteristiche principali includono il controllo delle attivit\u00e0, il monitoraggio dell&#8217;uso di pesticidi, la pianificazione, la cronologia del servizio clienti, la gestione delle spedizioni e del team, la fatturazione e l&#8217;accesso mobile.\u00a0La soluzione aiuta gli utenti a creare lavori, assegnarli a un particolare membro del team, allegare file da account esterni e accedere ai dati dei clienti da pi\u00f9 dispositivi.\u00a0Inoltre, <strong>GorillaDesk<\/strong> dispone di un calendario drag-and-drop e fornisce agli utenti funzionalit\u00e0 come l&#8217;automazione della posta elettronica, la gestione dei documenti e la stima dei costi. Agli utenti vengono inoltre offerte applicazioni mobili per dispositivi iOS e Android che consentono loro di gestire in remoto le proprie operazioni aziendali. Le integrazioni supportate includono QuickBooks, Stripe, servizi web Amazon e altro ancora.<\/p>\n<h2><strong>GORILLADESK &#8211; TUTORIAL<\/strong><\/h2>\n<p>Guardiamo insieme come \u00e8 semplice configurare le mail con questo software per disinfestazione:<\/p>\n<div id=\"fluid-wrapper-counter-1\" class=\"g1-fluid-wrapper \" style=\"width:686px;\">\n<div style=\"padding-bottom:56.268221574344%;\"><iframe loading=\"lazy\" title=\"Email Inbox\" width=\"686\" height=\"386\" src=\"https:\/\/www.youtube.com\/embed\/sHGRHADFDRg?feature=oembed&amp;wmode=transparent&amp;autohide=1&amp;autoplay=0&amp;disablekb=0&amp;fs=1&amp;loop=0&amp;enablejsapi=1&amp;rel=0&amp;controls=2&amp;showinfo=0&amp;wmode=transparent&amp;autohide=2&amp;autoplay=0&amp;disablekb=0&amp;fs=1&amp;loop=0&amp;enablejsapi=1&amp;rel=0&amp;controls=2&amp;showinfo=1\" frameborder=\"0\" allow=\"accelerometer; autoplay; clipboard-write; encrypted-media; gyroscope; picture-in-picture\" allowfullscreen><\/iframe><\/div>\n<\/div>\n<h3><strong>GORILLADESK &#8211; CARATTERISTICHE<\/strong><\/h3>\n<ul>\n<li><strong>Elaborazione carta di credito<\/strong>: ricevi pagamenti velocemente con i link di pagamento online e salva le carte su file per la fatturazione utilizzando Stripe o Square<\/li>\n<li><strong>Recensioni in linea<\/strong>: trasforma un lavoro ben fatto in un&#8217;opportunit\u00e0 per ricevere feedback<\/li>\n<li><strong>Quotazioni e stime:<\/strong> genera e invia rapidamente preventivi personalizzati<\/li>\n<li><strong>CRM<\/strong>: accedi ai dati dei tuoi clienti da qualsiasi dispositivo in qualsiasi luogo<\/li>\n<li><strong>Monitoraggio delle commissioni<\/strong>: migliora il tuo processo di vendita. Calcola automaticamente i pagamenti delle commissioni per i membri del tuo team<\/li>\n<li><strong>Drag &amp; Drop Calendario<\/strong>: pianifica o riassegna i lavori in modo semplice e veloce<\/li>\n<li><strong>Localizzazione GPS<\/strong>: visualizza la posizione della tua squadra sulla mappa in tempo reale. Traccia e memorizza i percorsi durante l&#8217;utilizzo dell&#8217;app mobile<\/li>\n<li><strong>Fatturazione:<\/strong> la fatturazione ai clienti \u00e8 pi\u00f9 facile, cos\u00ec come i pagamenti<\/li>\n<li><strong>Pianifica velocemente<\/strong>: crea un lavoro, scegli un cliente e assegnalo a un team con pochi clic<\/li>\n<li><strong>Autorizzazioni di squadra<\/strong>: assegna facilmente un ruolo ai membri del team e gestisci la loro capacit\u00e0 di vedere e modificare le informazioni nel tuo account<\/li>\n<li><strong>Ordini di lavoro<\/strong>: comunica le informazioni pertinenti sul lavoro ai tuoi clienti senza alcun prezzo o costo associato<\/li>\n<li><strong>Firma elettronica<\/strong>: offri ai clienti e ai lead la possibilit\u00e0 di firmare documenti digitali in pochi secondi da qualsiasi luogo e su qualsiasi dispositivo<\/li>\n<li><strong>Monitoraggio dei materiali:<\/strong> semplifica la registrazione dell&#8217;utilizzo del materiale sul campo e il relativo rapporto in ufficio<\/li>\n<li><strong>App mobile<\/strong>: esegui le tue operazioni quotidiane ovunque ti trovi: in ufficio, in viaggio o sul campo<\/li>\n<li><strong>Note e allegati<\/strong>: dai ai tuoi tecnici le informazioni di cui hanno bisogno per fornire sempre un servizio coerente<\/li>\n<li><strong>Reporting:<\/strong> oltre 20 rapporti integrati rivelano le informazioni di cui hai bisogno per prendere decisioni redditizie per la tua attivit\u00e0.<\/li>\n<\/ul>\n<h4>LE RECENSIONI DEGLI UTENTI<\/h4>\n<p class=\"font-weight-bold mb-1 d-flex align-items-center\"><strong>Tawndra F.&#8221;Salvavita&#8221;<\/strong><\/p>\n<p><strong>Commenti: <\/strong>\u00c8 stato un piacere lavorare con questa azienda. Il supporto tecnico \u00e8 fantastico e ho sempre una risposta entro pochi minuti dall&#8217;invio di una domanda o di un problema. Dopo aver avuto una terribile esperienza con un&#8217;altra societ\u00e0 di software, ero terrorizzato all&#8217;idea di provare qualcos&#8217;altro. Sono cos\u00ec felice di aver scelto GorillaDesk. Non vedo l&#8217;ora di vedere cosa riserva quest&#8217;anno alla nostra azienda dopo aver visto cosa ha fatto per noi l&#8217;anno scorso il programma.<\/p>\n<p><strong>Pro: <\/strong>La facilit\u00e0 di utilizzo del programma \u00e8 un vantaggio, ma il lavoro residuo e il reddito che ha generato, utilizzando il programma, hanno fatto un&#8217;enorme differenza nei nostri numeri! L&#8217;amore del cliente \u00e8 la possibilit\u00e0 di pagare online, ricevere promemoria e confermare gli appuntamenti tramite SMS o email. La risposta \u00e8 stata ottima.<\/p>\n<p><strong>Contro: <\/strong>L&#8217;unica cosa che cambierei \u00e8 la possibilit\u00e0 cancellare gli appuntamenti definitivamente. Non si pu\u00f2 fare solo cambiare la data dell&#8217;appuntamento.<\/p>\n<p class=\"font-weight-bold mb-1 d-flex align-items-center\"><strong>Kevin S.&#8221;Eccezionale!!&#8221;<\/strong><\/p>\n<p><strong>Commenti: <\/strong>Non sono il migliore con i computer e cose del genere e praticamente sto facendo tutto da solo. Detto questo, ho molte domande. L&#8217;assistenza clienti di Gorilladesk non ha eguali. Sono i migliori in qualsiasi settore. Mi hanno aiutato moltissimo. Sar\u00f2 loro cliente per tutta la vita solo per l&#8217;eccezionale assistenza clienti che ricevo per non parlare dell&#8217;ottimo software.<\/p>\n<p><strong>Pro: <\/strong>Tutto ci\u00f2 che riguarda questo software \u00e8 fantastico. Non c&#8217;\u00e8 una cosa che non mi piace. Questo software mi ha fatto risparmiare un sacco di tempo rispetto alle pratiche burocratiche tradizionali. Sar\u00f2 un cliente per tutta la vita.<\/p>\n<p><strong>Contro: <\/strong>Non c&#8217;\u00e8 niente che non mi piaccia di questo software.<\/p>\n<p class=\"font-weight-bold mb-1 d-flex align-items-center\"><strong>Trudy C.&#8221;Miglior software di servizi di controllo dei parassiti&#8221;<\/strong><\/p>\n<p><strong>Commenti: <\/strong>Ho utilizzato molti software diversi. Non tornerei dagli altri. Gorilladesk mi d\u00e0 quello che voglio ed \u00e8 costantemente aggiornato con nuove funzionalit\u00e0 per stare al passo con i costi del mercato.<\/p>\n<p><strong>Pro: <\/strong>App per uso mobile, tutte le funzionalit\u00e0 disponibili su desktop, video per aiutarti a comprendere tutte le funzionalit\u00e0 che il software pu\u00f2 eseguire.\u00a0Aggiornamenti effettuati senza costi aggiuntivi<\/p>\n<p><strong>Contro: <\/strong>La rete a volte pu\u00f2 rallentare.\u00a0Non tutte le funzionalit\u00e0 sono disponibili per la struttura dei prezzi di base.\u00a0La funzionalit\u00e0 dei report WDO deve essere migliorata<\/p>\n","protected":false},"excerpt":{"rendered":"<p>GorillaDesk \u00e8 una soluzione di gestione dei servizi di campo (FSM) basata su cloud progettata per le attivit\u00e0 di disinfestazione. Le caratteristiche principali includono il controllo delle attivit\u00e0, il monitoraggio dell&#8217;uso di pesticidi, la pianificazione, la cronologia del servizio clienti, la gestione delle spedizioni e del team, la fatturazione e l&#8217;accesso mobile.\u00a0<\/p>\n","protected":false},"author":19,"featured_media":40367,"parent":39847,"menu_order":0,"comment_status":"open","ping_status":"closed","template":"g1_template_page_review_new.php","meta":{"_acf_changed":false,"cwp_meta_box_check":"Yes","cwp_rev_product_name":"","cwp_rev_product_image":"","wppr_links":[],"cwp_rev_price":"","wppr_options":[],"wppr_pros":[],"wppr_cons":[],"_monsterinsights_skip_tracking":false,"_monsterinsights_sitenote_active":false,"_monsterinsights_sitenote_note":"","_monsterinsights_sitenote_category":0,"footnotes":""},"categories":[5626],"tags":[396,5739,5658,5649,5647,5738],"features":[],"class_list":{"0":"post-40086","1":"page","2":"type-page","3":"status-publish","4":"has-post-thumbnail","6":"category-software-disinfestazioni-categoria","7":"tag-cloud","8":"tag-gorilladesk","9":"tag-piattaforma-per-disinfestazione","10":"tag-programma-per-disinfestazione","11":"tag-software-per-disinfestazione","12":"tag-soluzione-per-disinfestrazione"},"wppr_data":{"cwp_meta_box_check":"Yes","cwp_rev_product_name":"","cwp_rev_product_image":"","cwp_image_link":"image","cwp_rev_price":"","wppr_rating":"0.00"},"acf":[],"yoast_head":"<!-- This site is optimized with the Yoast SEO plugin v27.4 - https:\/\/yoast.com\/product\/yoast-seo-wordpress\/ -->\n<title>GorillaDesk: recensione software disinfestazione - Accurate Reviews<\/title>\n<meta name=\"description\" content=\"GorillaDesk: recensione soluzione di gestione dei servizi sul campo (FSM) basata su cloud progettata per le attivit\u00e0 di disinfestazione.\" \/>\n<meta name=\"robots\" content=\"index, follow, max-snippet:-1, max-image-preview:large, max-video-preview:-1\" \/>\n<link rel=\"canonical\" href=\"https:\/\/www.accuratereviews.com\/it\/software-disinfestazioni\/gorilladesk-recensione\/\" \/>\n<meta property=\"og:locale\" content=\"it_IT\" \/>\n<meta property=\"og:type\" content=\"article\" \/>\n<meta property=\"og:title\" content=\"GorillaDesk: recensione software disinfestazione - Accurate Reviews\" \/>\n<meta property=\"og:description\" content=\"GorillaDesk: recensione soluzione di gestione dei servizi sul campo (FSM) basata su cloud progettata per le attivit\u00e0 di disinfestazione.\" \/>\n<meta property=\"og:url\" content=\"https:\/\/www.accuratereviews.com\/it\/software-disinfestazioni\/gorilladesk-recensione\/\" \/>\n<meta property=\"og:site_name\" content=\"Accurate Reviews\" \/>\n<meta property=\"article:modified_time\" content=\"2021-04-22T07:51:03+00:00\" \/>\n<meta property=\"og:image\" content=\"https:\/\/www.accuratereviews.com\/wp-content\/uploads\/2021\/04\/Gorilla_Desk_Logo.jpg\" \/>\n\t<meta property=\"og:image:width\" content=\"350\" \/>\n\t<meta property=\"og:image:height\" content=\"350\" \/>\n\t<meta property=\"og:image:type\" content=\"image\/jpeg\" \/>\n<meta name=\"twitter:card\" content=\"summary_large_image\" \/>\n<meta name=\"twitter:label1\" content=\"Tempo di lettura stimato\" \/>\n\t<meta name=\"twitter:data1\" content=\"4 minuti\" \/>\n<script type=\"application\/ld+json\" class=\"yoast-schema-graph\">{\"@context\":\"https:\\\/\\\/schema.org\",\"@graph\":[{\"@type\":\"WebPage\",\"@id\":\"https:\\\/\\\/www.accuratereviews.com\\\/it\\\/software-disinfestazioni\\\/gorilladesk-recensione\\\/\",\"url\":\"https:\\\/\\\/www.accuratereviews.com\\\/it\\\/software-disinfestazioni\\\/gorilladesk-recensione\\\/\",\"name\":\"GorillaDesk: recensione software disinfestazione - Accurate Reviews\",\"isPartOf\":{\"@id\":\"https:\\\/\\\/www.accuratereviews.com\\\/it\\\/#website\"},\"primaryImageOfPage\":{\"@id\":\"https:\\\/\\\/www.accuratereviews.com\\\/it\\\/software-disinfestazioni\\\/gorilladesk-recensione\\\/#primaryimage\"},\"image\":{\"@id\":\"https:\\\/\\\/www.accuratereviews.com\\\/it\\\/software-disinfestazioni\\\/gorilladesk-recensione\\\/#primaryimage\"},\"thumbnailUrl\":\"https:\\\/\\\/www.accuratereviews.com\\\/wp-content\\\/uploads\\\/2021\\\/04\\\/Gorilla_Desk_Logo.jpg\",\"datePublished\":\"2021-04-19T14:57:35+00:00\",\"dateModified\":\"2021-04-22T07:51:03+00:00\",\"description\":\"GorillaDesk: recensione soluzione di gestione dei servizi sul campo (FSM) basata su cloud progettata per le attivit\u00e0 di disinfestazione.\",\"breadcrumb\":{\"@id\":\"https:\\\/\\\/www.accuratereviews.com\\\/it\\\/software-disinfestazioni\\\/gorilladesk-recensione\\\/#breadcrumb\"},\"inLanguage\":\"it-IT\",\"potentialAction\":[{\"@type\":\"ReadAction\",\"target\":[\"https:\\\/\\\/www.accuratereviews.com\\\/it\\\/software-disinfestazioni\\\/gorilladesk-recensione\\\/\"]}]},{\"@type\":\"ImageObject\",\"inLanguage\":\"it-IT\",\"@id\":\"https:\\\/\\\/www.accuratereviews.com\\\/it\\\/software-disinfestazioni\\\/gorilladesk-recensione\\\/#primaryimage\",\"url\":\"https:\\\/\\\/www.accuratereviews.com\\\/wp-content\\\/uploads\\\/2021\\\/04\\\/Gorilla_Desk_Logo.jpg\",\"contentUrl\":\"https:\\\/\\\/www.accuratereviews.com\\\/wp-content\\\/uploads\\\/2021\\\/04\\\/Gorilla_Desk_Logo.jpg\",\"width\":350,\"height\":350},{\"@type\":\"BreadcrumbList\",\"@id\":\"https:\\\/\\\/www.accuratereviews.com\\\/it\\\/software-disinfestazioni\\\/gorilladesk-recensione\\\/#breadcrumb\",\"itemListElement\":[{\"@type\":\"ListItem\",\"position\":1,\"name\":\"Home\",\"item\":\"https:\\\/\\\/www.accuratereviews.com\\\/it\\\/\"},{\"@type\":\"ListItem\",\"position\":2,\"name\":\"Software per le disinfestazioni\",\"item\":\"https:\\\/\\\/www.accuratereviews.com\\\/it\\\/software-disinfestazioni\\\/\"},{\"@type\":\"ListItem\",\"position\":3,\"name\":\"GorillaDesk\"}]},{\"@type\":\"WebSite\",\"@id\":\"https:\\\/\\\/www.accuratereviews.com\\\/it\\\/#website\",\"url\":\"https:\\\/\\\/www.accuratereviews.com\\\/it\\\/\",\"name\":\"Accurate Reviews\",\"description\":\"\",\"potentialAction\":[{\"@type\":\"SearchAction\",\"target\":{\"@type\":\"EntryPoint\",\"urlTemplate\":\"https:\\\/\\\/www.accuratereviews.com\\\/it\\\/?s={search_term_string}\"},\"query-input\":{\"@type\":\"PropertyValueSpecification\",\"valueRequired\":true,\"valueName\":\"search_term_string\"}}],\"inLanguage\":\"it-IT\"}]}<\/script>\n<!-- \/ Yoast SEO plugin. -->","yoast_head_json":{"title":"GorillaDesk: recensione software disinfestazione - Accurate Reviews","description":"GorillaDesk: recensione soluzione di gestione dei servizi sul campo (FSM) basata su cloud progettata per le attivit\u00e0 di disinfestazione.","robots":{"index":"index","follow":"follow","max-snippet":"max-snippet:-1","max-image-preview":"max-image-preview:large","max-video-preview":"max-video-preview:-1"},"canonical":"https:\/\/www.accuratereviews.com\/it\/software-disinfestazioni\/gorilladesk-recensione\/","og_locale":"it_IT","og_type":"article","og_title":"GorillaDesk: recensione software disinfestazione - Accurate Reviews","og_description":"GorillaDesk: recensione soluzione di gestione dei servizi sul campo (FSM) basata su cloud progettata per le attivit\u00e0 di disinfestazione.","og_url":"https:\/\/www.accuratereviews.com\/it\/software-disinfestazioni\/gorilladesk-recensione\/","og_site_name":"Accurate Reviews","article_modified_time":"2021-04-22T07:51:03+00:00","og_image":[{"width":350,"height":350,"url":"https:\/\/www.accuratereviews.com\/wp-content\/uploads\/2021\/04\/Gorilla_Desk_Logo.jpg","type":"image\/jpeg"}],"twitter_card":"summary_large_image","twitter_misc":{"Tempo di lettura stimato":"4 minuti"},"schema":{"@context":"https:\/\/schema.org","@graph":[{"@type":"WebPage","@id":"https:\/\/www.accuratereviews.com\/it\/software-disinfestazioni\/gorilladesk-recensione\/","url":"https:\/\/www.accuratereviews.com\/it\/software-disinfestazioni\/gorilladesk-recensione\/","name":"GorillaDesk: recensione software disinfestazione - Accurate Reviews","isPartOf":{"@id":"https:\/\/www.accuratereviews.com\/it\/#website"},"primaryImageOfPage":{"@id":"https:\/\/www.accuratereviews.com\/it\/software-disinfestazioni\/gorilladesk-recensione\/#primaryimage"},"image":{"@id":"https:\/\/www.accuratereviews.com\/it\/software-disinfestazioni\/gorilladesk-recensione\/#primaryimage"},"thumbnailUrl":"https:\/\/www.accuratereviews.com\/wp-content\/uploads\/2021\/04\/Gorilla_Desk_Logo.jpg","datePublished":"2021-04-19T14:57:35+00:00","dateModified":"2021-04-22T07:51:03+00:00","description":"GorillaDesk: recensione soluzione di gestione dei servizi sul campo (FSM) basata su cloud progettata per le attivit\u00e0 di disinfestazione.","breadcrumb":{"@id":"https:\/\/www.accuratereviews.com\/it\/software-disinfestazioni\/gorilladesk-recensione\/#breadcrumb"},"inLanguage":"it-IT","potentialAction":[{"@type":"ReadAction","target":["https:\/\/www.accuratereviews.com\/it\/software-disinfestazioni\/gorilladesk-recensione\/"]}]},{"@type":"ImageObject","inLanguage":"it-IT","@id":"https:\/\/www.accuratereviews.com\/it\/software-disinfestazioni\/gorilladesk-recensione\/#primaryimage","url":"https:\/\/www.accuratereviews.com\/wp-content\/uploads\/2021\/04\/Gorilla_Desk_Logo.jpg","contentUrl":"https:\/\/www.accuratereviews.com\/wp-content\/uploads\/2021\/04\/Gorilla_Desk_Logo.jpg","width":350,"height":350},{"@type":"BreadcrumbList","@id":"https:\/\/www.accuratereviews.com\/it\/software-disinfestazioni\/gorilladesk-recensione\/#breadcrumb","itemListElement":[{"@type":"ListItem","position":1,"name":"Home","item":"https:\/\/www.accuratereviews.com\/it\/"},{"@type":"ListItem","position":2,"name":"Software per le disinfestazioni","item":"https:\/\/www.accuratereviews.com\/it\/software-disinfestazioni\/"},{"@type":"ListItem","position":3,"name":"GorillaDesk"}]},{"@type":"WebSite","@id":"https:\/\/www.accuratereviews.com\/it\/#website","url":"https:\/\/www.accuratereviews.com\/it\/","name":"Accurate Reviews","description":"","potentialAction":[{"@type":"SearchAction","target":{"@type":"EntryPoint","urlTemplate":"https:\/\/www.accuratereviews.com\/it\/?s={search_term_string}"},"query-input":{"@type":"PropertyValueSpecification","valueRequired":true,"valueName":"search_term_string"}}],"inLanguage":"it-IT"}]}},"_links":{"self":[{"href":"https:\/\/www.accuratereviews.com\/it\/wp-json\/wp\/v2\/pages\/40086","targetHints":{"allow":["GET"]}}],"collection":[{"href":"https:\/\/www.accuratereviews.com\/it\/wp-json\/wp\/v2\/pages"}],"about":[{"href":"https:\/\/www.accuratereviews.com\/it\/wp-json\/wp\/v2\/types\/page"}],"author":[{"embeddable":true,"href":"https:\/\/www.accuratereviews.com\/it\/wp-json\/wp\/v2\/users\/19"}],"replies":[{"embeddable":true,"href":"https:\/\/www.accuratereviews.com\/it\/wp-json\/wp\/v2\/comments?post=40086"}],"version-history":[{"count":12,"href":"https:\/\/www.accuratereviews.com\/it\/wp-json\/wp\/v2\/pages\/40086\/revisions"}],"predecessor-version":[{"id":40588,"href":"https:\/\/www.accuratereviews.com\/it\/wp-json\/wp\/v2\/pages\/40086\/revisions\/40588"}],"up":[{"embeddable":true,"href":"https:\/\/www.accuratereviews.com\/it\/wp-json\/wp\/v2\/pages\/39847"}],"wp:featuredmedia":[{"embeddable":true,"href":"https:\/\/www.accuratereviews.com\/it\/wp-json\/wp\/v2\/media\/40367"}],"wp:attachment":[{"href":"https:\/\/www.accuratereviews.com\/it\/wp-json\/wp\/v2\/media?parent=40086"}],"wp:term":[{"taxonomy":"category","embeddable":true,"href":"https:\/\/www.accuratereviews.com\/it\/wp-json\/wp\/v2\/categories?post=40086"},{"taxonomy":"post_tag","embeddable":true,"href":"https:\/\/www.accuratereviews.com\/it\/wp-json\/wp\/v2\/tags?post=40086"},{"taxonomy":"features","embeddable":true,"href":"https:\/\/www.accuratereviews.com\/it\/wp-json\/wp\/v2\/features?post=40086"}],"curies":[{"name":"wp","href":"https:\/\/api.w.org\/{rel}","templated":true}]}}