{"id":40196,"date":"2021-04-16T16:04:56","date_gmt":"2021-04-16T16:04:56","guid":{"rendered":"https:\/\/www.accuratereviews.com\/?page_id=40196"},"modified":"2021-04-22T11:01:27","modified_gmt":"2021-04-22T11:01:27","slug":"smart-service-recensione","status":"publish","type":"page","link":"https:\/\/www.accuratereviews.com\/it\/software-disinfestazioni\/smart-service-recensione\/","title":{"rendered":"Smart Service"},"content":{"rendered":"<p><strong>Smart Service<\/strong> \u00e8 un software di assistenza sul campo che si rivolge a <strong>imprese di disinfestazioni<\/strong>\u00a0e ad aziende di servizi esterni di qualsiasi dimensione che vogliono automatizzare e semplificare il loro lavoro. Si tratta di una soluzione che si occupa di tutte le attivit\u00e0 riguardanti il <strong>controllo dei parassiti<\/strong>: dalla pianificazione del lavoro alla gestione dei clienti e dell&#8217;inventario, all&#8217;instradamento, al dispacciamento, al monitoraggio chimico fino alla fatturazione. <strong>Smart Service<\/strong> \u00e8 un componente aggiuntivo di <strong>QuickBooks<\/strong> e dispone anche di una app mobile per dispositivi iOS e Android che ti permetter\u00e0 di abbandonare i tuoi appunti cartacei, abbracciando un sistema efficiente che racchiude tutti i dati che ti interessano.<\/p>\n<h2>SMART SERVICE &#8211; TUTORIAL<\/h2>\n<div id=\"fluid-wrapper-counter-1\" class=\"g1-fluid-wrapper \" style=\"width:686px;\">\n<div style=\"padding-bottom:56.268221574344%;\"><iframe loading=\"lazy\" title=\"Smart Service Product Demo - Field Service Management Software\" width=\"686\" height=\"386\" src=\"https:\/\/www.youtube.com\/embed\/W3L3fw_D5eQ?feature=oembed&amp;wmode=transparent&amp;autohide=1&amp;autoplay=0&amp;disablekb=0&amp;fs=1&amp;loop=0&amp;enablejsapi=1&amp;rel=0&amp;controls=2&amp;showinfo=0&amp;wmode=transparent&amp;autohide=2&amp;autoplay=0&amp;disablekb=0&amp;fs=1&amp;loop=0&amp;enablejsapi=1&amp;rel=0&amp;controls=2&amp;showinfo=1\" frameborder=\"0\" allow=\"accelerometer; autoplay; clipboard-write; encrypted-media; gyroscope; picture-in-picture\" allowfullscreen><\/iframe><\/div>\n<\/div>\n<h3>SMART SERVICE &#8211; CARATTERISTICHE<\/h3>\n<ul>\n<li><strong>Pianificazione del lavoro<\/strong>: pianifica lavori ricorrenti, lavori di emergenza e persino lavori in lista d&#8217;attesa per i quali non riesci a trovare uno spazio in modo semplice e veloce grazie alla funzionalit\u00e0 drag&amp;drop<\/li>\n<li><strong>Instradamento<\/strong>: pianifica la tua giornata e traccia un percorso di servizio efficiente selezionato un tecnico e i lavori da eseguire e clicca poi un semplice tasto per attivarlo<\/li>\n<li><strong>Dispacciamento<\/strong>: abbandona la carta e invia i lavori direttamente ai dispositivi mobili dei tuoi dipendenti<\/li>\n<li><strong>Immagini<\/strong>: associa immagini ai lavori, registra i tuoi progressi e mostra ai tuoi clienti le immagini prima\/dopo i guasti<\/li>\n<li><strong>Inventario<\/strong>: questo software aggiorna automaticamente l&#8217;inventario man mano che gli elementi pubblicitari vengono aggiunti agli ordini di lavoro.<\/li>\n<\/ul>\n<h4>LE RECENSIONI DEGLI UTENTI<\/h4>\n<p><strong>Kendall U. &#8220;Mi piace molto Smart Service&#8221;<\/strong><br \/>\nCOMMENTI: i nostri processi di monitoraggio del tempo e fatturazione sono stati semplificati enormemente rispetto ai nostri metodi precedenti. Anche avere la possibilit\u00e0 di fornire la documentazione del lavoro ai lavoratori sul campo tramite l&#8217;app \u00e8 molto bello.<br \/>\nPRO: poco pi\u00f9 di un anno fa siamo passati a Smart Service e all&#8217;app iFleet. Ha rivoluzionato i nostri processi di monitoraggio del tempo, costi dei lavori e fatturazione.<br \/>\nCONTRO: il software ha una curva di apprendimento data dall&#8217;enorme funzionalit\u00e0 incorporata. Ci \u00e8 voluto un po&#8217; per capire tutto.<\/p>\n<p><strong>Hannah V. &#8220;Facile da usare.&#8221;<\/strong><br \/>\nCOMMENTI: GSI utilizza Smart Service dal 2011. Negli ultimi quattro anni abbiamo iniziato a massimizzare le diverse opzioni all&#8217;interno del programma. Smart Service \u00e8 cos\u00ec facile da usare e il team del servizio clienti \u00e8 molto ben informato.<br \/>\nPRO: GSI ama la facilit\u00e0 d&#8217;uso del programma e il servizio clienti. Ogni volta che abbiamo un problema, il rappresentante del servizio clienti lo risolve il pi\u00f9 rapidamente possibile.<br \/>\nCONTRO: nel complesso Smart Service \u00e8 un ottimo programma, la mia pi\u00f9 grande lamentela sarebbe quella di far pagare i programmi aggiuntivi.<\/p>\n<p><strong>Angela F. &#8220;Prodotto affidabile&#8221;<\/strong><br \/>\nCOMMENTI: nel complesso il prodotto \u00e8 solido e il team di supporto \u00e8 estremamente disponibile.<br \/>\nPRO: la funzionalit\u00e0 di pianificazione funziona bene. Molte caratteristiche positive, acquisizione di foto, firme, note. Mi piacciono i webinar mensili che forniscono\/raccolgono nuove e vecchie funzionalit\u00e0 del prodotto.<br \/>\nCONTRO: lo svantaggio di questo prodotto \u00e8 che le note rimangono con il lavoro ricorrente di anno in anno a meno che non si crei un nuovo lavoro ricorrente. Ci\u00f2 richiede tempo e causa errori se il nuovo lavoro non \u00e8 pianificato come ricorrente. Un&#8217;ottima funzionalit\u00e0 sarebbe l&#8217;archiviazione automatica delle note quando si verifica la pianificazione successiva.<\/p>\n","protected":false},"excerpt":{"rendered":"<p>Smart Service \u00e8 un software di assistenza sul campo che si rivolge a imprese di disinfestazioni\u00a0e ad aziende di servizi esterni di qualsiasi dimensione che vogliono automatizzare e semplificare il loro lavoro.<\/p>\n","protected":false},"author":17,"featured_media":40197,"parent":39847,"menu_order":0,"comment_status":"open","ping_status":"closed","template":"g1_template_page_review_new.php","meta":{"_acf_changed":false,"cwp_meta_box_check":"No","cwp_rev_product_name":"","cwp_rev_product_image":"","wppr_links":[],"cwp_rev_price":"","wppr_options":[],"wppr_pros":[],"wppr_cons":[],"_monsterinsights_skip_tracking":false,"_monsterinsights_sitenote_active":false,"_monsterinsights_sitenote_note":"","_monsterinsights_sitenote_category":0,"footnotes":""},"categories":[5626],"tags":[5644,5664,5650,5715,5631,5716,5632],"features":[],"class_list":{"0":"post-40196","1":"page","2":"type-page","3":"status-publish","4":"has-post-thumbnail","6":"category-software-disinfestazioni-categoria","7":"tag-imprese-di-disinfestazioni","8":"tag-piattaforma-per-disinfestazine","9":"tag-piattaforme-per-disinfestazione","10":"tag-smart-service","11":"tag-software-disinfestazioni","12":"tag-software-per-disinfestazioni","13":"tag-soluzione-disinfestazioni"},"wppr_data":{"cwp_meta_box_check":"No"},"acf":[],"yoast_head":"<!-- This site is optimized with the Yoast SEO plugin v27.4 - https:\/\/yoast.com\/product\/yoast-seo-wordpress\/ -->\n<title>Smart Service: recensione software disinfestazione - Accurate Reviews<\/title>\n<meta name=\"description\" content=\"Smart Service: recensione del software di assistenza sul campo che si rivolge a imprese di disinfestazioni\u00a0e ad aziende di servizi esterni.\" \/>\n<meta name=\"robots\" content=\"index, follow, max-snippet:-1, max-image-preview:large, max-video-preview:-1\" \/>\n<link rel=\"canonical\" href=\"https:\/\/www.accuratereviews.com\/it\/software-disinfestazioni\/smart-service-recensione\/\" \/>\n<meta property=\"og:locale\" content=\"it_IT\" \/>\n<meta property=\"og:type\" content=\"article\" \/>\n<meta property=\"og:title\" content=\"Smart Service: recensione software disinfestazione - Accurate Reviews\" \/>\n<meta property=\"og:description\" content=\"Smart Service: recensione del software di assistenza sul campo che si rivolge a imprese di disinfestazioni\u00a0e ad aziende di servizi esterni.\" \/>\n<meta property=\"og:url\" content=\"https:\/\/www.accuratereviews.com\/it\/software-disinfestazioni\/smart-service-recensione\/\" \/>\n<meta property=\"og:site_name\" content=\"Accurate Reviews\" \/>\n<meta property=\"article:modified_time\" content=\"2021-04-22T11:01:27+00:00\" \/>\n<meta property=\"og:image\" content=\"https:\/\/www.accuratereviews.com\/wp-content\/uploads\/2021\/04\/Schermata-2021-04-16-alle-16.35.49.png\" \/>\n\t<meta property=\"og:image:width\" content=\"543\" \/>\n\t<meta property=\"og:image:height\" content=\"200\" \/>\n\t<meta property=\"og:image:type\" content=\"image\/png\" \/>\n<meta name=\"twitter:card\" content=\"summary_large_image\" \/>\n<meta name=\"twitter:label1\" content=\"Tempo di lettura stimato\" \/>\n\t<meta name=\"twitter:data1\" content=\"3 minuti\" \/>\n<script type=\"application\/ld+json\" class=\"yoast-schema-graph\">{\"@context\":\"https:\\\/\\\/schema.org\",\"@graph\":[{\"@type\":\"WebPage\",\"@id\":\"https:\\\/\\\/www.accuratereviews.com\\\/it\\\/software-disinfestazioni\\\/smart-service-recensione\\\/\",\"url\":\"https:\\\/\\\/www.accuratereviews.com\\\/it\\\/software-disinfestazioni\\\/smart-service-recensione\\\/\",\"name\":\"Smart Service: recensione software disinfestazione - Accurate Reviews\",\"isPartOf\":{\"@id\":\"https:\\\/\\\/www.accuratereviews.com\\\/it\\\/#website\"},\"primaryImageOfPage\":{\"@id\":\"https:\\\/\\\/www.accuratereviews.com\\\/it\\\/software-disinfestazioni\\\/smart-service-recensione\\\/#primaryimage\"},\"image\":{\"@id\":\"https:\\\/\\\/www.accuratereviews.com\\\/it\\\/software-disinfestazioni\\\/smart-service-recensione\\\/#primaryimage\"},\"thumbnailUrl\":\"https:\\\/\\\/www.accuratereviews.com\\\/wp-content\\\/uploads\\\/2021\\\/04\\\/Schermata-2021-04-16-alle-16.35.49.png\",\"datePublished\":\"2021-04-16T16:04:56+00:00\",\"dateModified\":\"2021-04-22T11:01:27+00:00\",\"description\":\"Smart Service: recensione del software di assistenza sul campo che si rivolge a imprese di disinfestazioni\u00a0e ad aziende di servizi esterni.\",\"breadcrumb\":{\"@id\":\"https:\\\/\\\/www.accuratereviews.com\\\/it\\\/software-disinfestazioni\\\/smart-service-recensione\\\/#breadcrumb\"},\"inLanguage\":\"it-IT\",\"potentialAction\":[{\"@type\":\"ReadAction\",\"target\":[\"https:\\\/\\\/www.accuratereviews.com\\\/it\\\/software-disinfestazioni\\\/smart-service-recensione\\\/\"]}]},{\"@type\":\"ImageObject\",\"inLanguage\":\"it-IT\",\"@id\":\"https:\\\/\\\/www.accuratereviews.com\\\/it\\\/software-disinfestazioni\\\/smart-service-recensione\\\/#primaryimage\",\"url\":\"https:\\\/\\\/www.accuratereviews.com\\\/wp-content\\\/uploads\\\/2021\\\/04\\\/Schermata-2021-04-16-alle-16.35.49.png\",\"contentUrl\":\"https:\\\/\\\/www.accuratereviews.com\\\/wp-content\\\/uploads\\\/2021\\\/04\\\/Schermata-2021-04-16-alle-16.35.49.png\",\"width\":543,\"height\":200},{\"@type\":\"BreadcrumbList\",\"@id\":\"https:\\\/\\\/www.accuratereviews.com\\\/it\\\/software-disinfestazioni\\\/smart-service-recensione\\\/#breadcrumb\",\"itemListElement\":[{\"@type\":\"ListItem\",\"position\":1,\"name\":\"Home\",\"item\":\"https:\\\/\\\/www.accuratereviews.com\\\/it\\\/\"},{\"@type\":\"ListItem\",\"position\":2,\"name\":\"Software per le disinfestazioni\",\"item\":\"https:\\\/\\\/www.accuratereviews.com\\\/it\\\/software-disinfestazioni\\\/\"},{\"@type\":\"ListItem\",\"position\":3,\"name\":\"Smart Service\"}]},{\"@type\":\"WebSite\",\"@id\":\"https:\\\/\\\/www.accuratereviews.com\\\/it\\\/#website\",\"url\":\"https:\\\/\\\/www.accuratereviews.com\\\/it\\\/\",\"name\":\"Accurate Reviews\",\"description\":\"\",\"potentialAction\":[{\"@type\":\"SearchAction\",\"target\":{\"@type\":\"EntryPoint\",\"urlTemplate\":\"https:\\\/\\\/www.accuratereviews.com\\\/it\\\/?s={search_term_string}\"},\"query-input\":{\"@type\":\"PropertyValueSpecification\",\"valueRequired\":true,\"valueName\":\"search_term_string\"}}],\"inLanguage\":\"it-IT\"}]}<\/script>\n<!-- \/ Yoast SEO plugin. -->","yoast_head_json":{"title":"Smart Service: recensione software disinfestazione - Accurate Reviews","description":"Smart Service: recensione del software di assistenza sul campo che si rivolge a imprese di disinfestazioni\u00a0e ad aziende di servizi esterni.","robots":{"index":"index","follow":"follow","max-snippet":"max-snippet:-1","max-image-preview":"max-image-preview:large","max-video-preview":"max-video-preview:-1"},"canonical":"https:\/\/www.accuratereviews.com\/it\/software-disinfestazioni\/smart-service-recensione\/","og_locale":"it_IT","og_type":"article","og_title":"Smart Service: recensione software disinfestazione - Accurate Reviews","og_description":"Smart Service: recensione del software di assistenza sul campo che si rivolge a imprese di disinfestazioni\u00a0e ad aziende di servizi esterni.","og_url":"https:\/\/www.accuratereviews.com\/it\/software-disinfestazioni\/smart-service-recensione\/","og_site_name":"Accurate Reviews","article_modified_time":"2021-04-22T11:01:27+00:00","og_image":[{"width":543,"height":200,"url":"https:\/\/www.accuratereviews.com\/wp-content\/uploads\/2021\/04\/Schermata-2021-04-16-alle-16.35.49.png","type":"image\/png"}],"twitter_card":"summary_large_image","twitter_misc":{"Tempo di lettura stimato":"3 minuti"},"schema":{"@context":"https:\/\/schema.org","@graph":[{"@type":"WebPage","@id":"https:\/\/www.accuratereviews.com\/it\/software-disinfestazioni\/smart-service-recensione\/","url":"https:\/\/www.accuratereviews.com\/it\/software-disinfestazioni\/smart-service-recensione\/","name":"Smart Service: recensione software disinfestazione - Accurate Reviews","isPartOf":{"@id":"https:\/\/www.accuratereviews.com\/it\/#website"},"primaryImageOfPage":{"@id":"https:\/\/www.accuratereviews.com\/it\/software-disinfestazioni\/smart-service-recensione\/#primaryimage"},"image":{"@id":"https:\/\/www.accuratereviews.com\/it\/software-disinfestazioni\/smart-service-recensione\/#primaryimage"},"thumbnailUrl":"https:\/\/www.accuratereviews.com\/wp-content\/uploads\/2021\/04\/Schermata-2021-04-16-alle-16.35.49.png","datePublished":"2021-04-16T16:04:56+00:00","dateModified":"2021-04-22T11:01:27+00:00","description":"Smart Service: recensione del software di assistenza sul campo che si rivolge a imprese di disinfestazioni\u00a0e ad aziende di servizi esterni.","breadcrumb":{"@id":"https:\/\/www.accuratereviews.com\/it\/software-disinfestazioni\/smart-service-recensione\/#breadcrumb"},"inLanguage":"it-IT","potentialAction":[{"@type":"ReadAction","target":["https:\/\/www.accuratereviews.com\/it\/software-disinfestazioni\/smart-service-recensione\/"]}]},{"@type":"ImageObject","inLanguage":"it-IT","@id":"https:\/\/www.accuratereviews.com\/it\/software-disinfestazioni\/smart-service-recensione\/#primaryimage","url":"https:\/\/www.accuratereviews.com\/wp-content\/uploads\/2021\/04\/Schermata-2021-04-16-alle-16.35.49.png","contentUrl":"https:\/\/www.accuratereviews.com\/wp-content\/uploads\/2021\/04\/Schermata-2021-04-16-alle-16.35.49.png","width":543,"height":200},{"@type":"BreadcrumbList","@id":"https:\/\/www.accuratereviews.com\/it\/software-disinfestazioni\/smart-service-recensione\/#breadcrumb","itemListElement":[{"@type":"ListItem","position":1,"name":"Home","item":"https:\/\/www.accuratereviews.com\/it\/"},{"@type":"ListItem","position":2,"name":"Software per le disinfestazioni","item":"https:\/\/www.accuratereviews.com\/it\/software-disinfestazioni\/"},{"@type":"ListItem","position":3,"name":"Smart Service"}]},{"@type":"WebSite","@id":"https:\/\/www.accuratereviews.com\/it\/#website","url":"https:\/\/www.accuratereviews.com\/it\/","name":"Accurate Reviews","description":"","potentialAction":[{"@type":"SearchAction","target":{"@type":"EntryPoint","urlTemplate":"https:\/\/www.accuratereviews.com\/it\/?s={search_term_string}"},"query-input":{"@type":"PropertyValueSpecification","valueRequired":true,"valueName":"search_term_string"}}],"inLanguage":"it-IT"}]}},"_links":{"self":[{"href":"https:\/\/www.accuratereviews.com\/it\/wp-json\/wp\/v2\/pages\/40196","targetHints":{"allow":["GET"]}}],"collection":[{"href":"https:\/\/www.accuratereviews.com\/it\/wp-json\/wp\/v2\/pages"}],"about":[{"href":"https:\/\/www.accuratereviews.com\/it\/wp-json\/wp\/v2\/types\/page"}],"author":[{"embeddable":true,"href":"https:\/\/www.accuratereviews.com\/it\/wp-json\/wp\/v2\/users\/17"}],"replies":[{"embeddable":true,"href":"https:\/\/www.accuratereviews.com\/it\/wp-json\/wp\/v2\/comments?post=40196"}],"version-history":[{"count":5,"href":"https:\/\/www.accuratereviews.com\/it\/wp-json\/wp\/v2\/pages\/40196\/revisions"}],"predecessor-version":[{"id":40650,"href":"https:\/\/www.accuratereviews.com\/it\/wp-json\/wp\/v2\/pages\/40196\/revisions\/40650"}],"up":[{"embeddable":true,"href":"https:\/\/www.accuratereviews.com\/it\/wp-json\/wp\/v2\/pages\/39847"}],"wp:featuredmedia":[{"embeddable":true,"href":"https:\/\/www.accuratereviews.com\/it\/wp-json\/wp\/v2\/media\/40197"}],"wp:attachment":[{"href":"https:\/\/www.accuratereviews.com\/it\/wp-json\/wp\/v2\/media?parent=40196"}],"wp:term":[{"taxonomy":"category","embeddable":true,"href":"https:\/\/www.accuratereviews.com\/it\/wp-json\/wp\/v2\/categories?post=40196"},{"taxonomy":"post_tag","embeddable":true,"href":"https:\/\/www.accuratereviews.com\/it\/wp-json\/wp\/v2\/tags?post=40196"},{"taxonomy":"features","embeddable":true,"href":"https:\/\/www.accuratereviews.com\/it\/wp-json\/wp\/v2\/features?post=40196"}],"curies":[{"name":"wp","href":"https:\/\/api.w.org\/{rel}","templated":true}]}}