{"id":40260,"date":"2021-04-19T14:22:28","date_gmt":"2021-04-19T14:22:28","guid":{"rendered":"https:\/\/www.accuratereviews.com\/?page_id=40260"},"modified":"2021-04-22T10:36:01","modified_gmt":"2021-04-22T10:36:01","slug":"pestpac-recensione","status":"publish","type":"page","link":"https:\/\/www.accuratereviews.com\/it\/software-disinfestazioni\/pestpac-recensione\/","title":{"rendered":"PestPac"},"content":{"rendered":"<p><strong>PestPac<\/strong> \u00e8 un <strong>software di controllo dei parassiti<\/strong> basato su <strong>cloud<\/strong> a livello aziendale. Offre una soluzione end-to-end per la tua azienda di disinfestazione. \u00c8 costruito per fornire visibilit\u00e0 sul campo mantenendo l&#8217;efficienza in ufficio. Consente le operazioni con app mobili intuitive, GPS e percorsi. Inoltre, la gestione dell&#8217;ufficio \u00e8 ottimizzata con processi mission-critical automatizzati come la pianificazione del percorso, la creazione di rapporti, la fatturazione, i ritiri e la contabilit\u00e0. <strong>PestPac<\/strong> mostra anche approfondimenti sui processi di vendita e marketing come la generazione di lead, la gestione delle campagne e l&#8217;incremento delle vendite. Lo strumento \u00e8 progettato per supportare le esigenze delle PMI e delle grandi imprese ed \u00e8 altamente scalabile man mano che la tua azienda aumenta la produttivit\u00e0.<\/p>\n<h2>PESTPAC &#8211; TUTORIAL<\/h2>\n<p>Con il tutorial che segue guardiamo come utilizzare questo<strong> software per disinfestazione<\/strong> durante la pandemia:<\/p>\n<div id=\"fluid-wrapper-counter-1\" class=\"g1-fluid-wrapper \" style=\"width:686px;\">\n<div style=\"padding-bottom:56.268221574344%;\"><iframe loading=\"lazy\" title=\"Hands-on Tools and Tips for Using PestPac During COVID-19\" width=\"686\" height=\"386\" src=\"https:\/\/www.youtube.com\/embed\/dKjYmmBG28c?feature=oembed&amp;wmode=transparent&amp;autohide=1&amp;autoplay=0&amp;disablekb=0&amp;fs=1&amp;loop=0&amp;enablejsapi=1&amp;rel=0&amp;controls=2&amp;showinfo=0&amp;wmode=transparent&amp;autohide=2&amp;autoplay=0&amp;disablekb=0&amp;fs=1&amp;loop=0&amp;enablejsapi=1&amp;rel=0&amp;controls=2&amp;showinfo=1\" frameborder=\"0\" allow=\"accelerometer; autoplay; clipboard-write; encrypted-media; gyroscope; picture-in-picture\" allowfullscreen><\/iframe><\/div>\n<\/div>\n<h3>PESTPAC &#8211; CARATTERISTICHE<\/h3>\n<ul>\n<li><strong>Centro vendite<\/strong>: semplifica l&#8217;acquisizione, il monitoraggio e la gestione di nuovi contatti e opportunit\u00e0 che fanno crescere la tua attivit\u00e0<\/li>\n<li><strong>Automazione del marketing<\/strong>: traccia, gestisci, automatizza e ottimizza le attivit\u00e0 di marketing e i flussi di lavoro comuni, come l&#8217;email marketing e le campagne pubblicitarie<\/li>\n<li><strong>Sondaggi sui clienti<\/strong>: ottieni pi\u00f9 feedback e approfondimenti dai tuoi clienti che si occupano di disinfestazione per migliorare la tua attivit\u00e0<\/li>\n<li><strong>Modelli e moduli digitali<\/strong>: genera, traccia e archivia modelli e proposte di disinfestazione per i tuoi clienti con i moduli integrati<\/li>\n<li><strong>Gestione degli ordini<\/strong>: le opzioni di fatturazione integrate e flessibili assicurano operazioni fluide sia per i tuoi clienti che per la tua attivit\u00e0 di disinfestazione<\/li>\n<li><strong>Pianificazione<\/strong>: pianifica facilmente gli ordini di lavoro e personalizza il tuo programma per eliminare le perdite di tempo e assicurarti di non perdere mai un appuntamento<\/li>\n<li><strong>Ottimizzazione del percorso<\/strong>: potenti strumenti di pianificazione e ottimizzazione del percorso che aiutano la tua azienda a essere pi\u00f9 efficiente per risparmiare tempo e denaro<\/li>\n<li><strong>Contabilit\u00e0:<\/strong> risparmia tempo prezioso e fatti pagare velocemente semplificando le complesse attivit\u00e0 di contabilit\u00e0. Processi che una volta richiedevano ore, adesso richiedono minuti<\/li>\n<li><strong>Monitoraggio GPS dei veicoli<\/strong>: ottieni visibilit\u00e0 sulla tua forza lavoro analizzando in tempo reale le posizioni dei veicoli e il comportamento dei conducenti<\/li>\n<li><strong>Analisi aziendale:<\/strong> approfondimenti visivi sui dati necessari per valutare le prestazioni aziendali, aumentare la soddisfazione dei clienti e aumentare la produttivit\u00e0<\/li>\n<li><strong>App per dispositivi mobili:<\/strong> ottieni un migliore controllo su ci\u00f2 che sta accadendo sul campo in tempo reale<\/li>\n<li><strong>Monitoraggio del materiale<\/strong>: gestisci e monitora meglio l&#8217;utilizzo delle sostanze chimiche per ridurre gli sprechi di denaro e materiali.<\/li>\n<\/ul>\n<h4>LE RECENSIONI DEGLI UTENTI<\/h4>\n<p class=\"font-weight-bold mb-1 d-flex align-items-center\"><strong>Brad S.&#8221;Ottimo software&#8221;<\/strong><\/p>\n<p><strong>Commenti: <\/strong>Adoriamo Pestpac! I miei dipendenti possono lavorare da casa, se necessario, perch\u00e9 \u00e8 nel cloud. L&#8217;app mobile pestpac consente ai miei tecnici e al personale di vendita di lavorare interamente con iPhone e iPad. Niente pi\u00f9 pre-stampa dei biglietti per la giornata, che consente di risparmiare tempo e denaro da inutili viaggi avanti e indietro in ufficio. Inoltre, l&#8217;assistenza clienti \u00e8 rapida, efficiente e rimarr\u00e0 con noi fino a quando le nostre domande non hanno risposta.<\/p>\n<p><strong>Pro: <\/strong>Il software Pestpac ha trasformato la mia attivit\u00e0 negli ultimi cinque anni. Durante quel periodo, Pestpac ci ha fornito gli strumenti per eliminare la carta, raccogliere le recensioni dei clienti su base automatizzata, presentazioni di vendita digitali sul campo e contattare i nostri clienti in modo semplice con la loro funzione di messaggistica automatizzata. Di conseguenza, i miei ricavi sono aumentati del 50% aggiungendo pochissimi dipendenti.<\/p>\n<p><strong>Contro: <\/strong>Sembra esserci una curva di apprendimento pi\u00f9 ampia per l&#8217;implementazione di funzionalit\u00e0 software aggiuntive. Di solito ci vuole pi\u00f9 tempo per l&#8217;implementazione, ma alla fine ne vale sempre la pena.<\/p>\n<p class=\"font-weight-bold mb-1 d-flex align-items-center\"><strong>George I.&#8221;Software di programma molto buono&#8221;<\/strong><\/p>\n<p><strong>Commenti: <\/strong>La nostra esperienza complessiva con WorkWave PestPac \u00e8 stata molto buona.<\/p>\n<p><strong>Pro: <\/strong>Una volta appreso il programma, \u00e8 ottimo per qualsiasi tipo di rapporto di cui hai bisogno. Soprattutto ora che hanno introdotto il loro &#8220;Business Analytical&#8221;.\u00a0La pianificazione \u00e8 molto buona, puoi persino creare una pianificazione personalizzata. Il loro programma ricorrente \u00e8 molto affidabile, non devi mai preoccupartene.\u00a0Abbiamo appena aggiunto &#8220;Online Scheduling&#8221; di PestPac. Dove un nuovo cliente pu\u00f2 richiedere informazioni su un parassita, ricevere un preventivo e programmare un servizio iniziale direttamente dal nostro sito web. Questo \u00e8 davvero bello.<br \/>\nWorkWave PestPac non \u00e8 il pi\u00f9 economico ma ottieni quello per cui paghi.<\/p>\n<p><strong>Contro: <\/strong>Imparare tutto ci\u00f2 che il software ha da offrire.<\/p>\n<p class=\"font-weight-bold mb-1 d-flex align-items-center\"><strong>June J.&#8221;PestPac o no&#8221;<\/strong><\/p>\n<p><strong>Pro: <\/strong>Adoro questo programma. Siamo passati brevemente a un altro software e sono stati 6 mesi di puro terrore nel tentativo di ottenere le stesse entrate come con PestPac.\u00a0Gli scheduler adorano anche il fatto che gli appuntamenti non si spostano automaticamente dopo che le chiamate automatiche sono uscite.<\/p>\n<p><strong>Contro: <\/strong>Questo software \u00e8 un po &#8216;pi\u00f9 rigido (non live) di alcuni software sul mercato, ma avere numeri di contabilit\u00e0 validi non \u00e8 tutto ci\u00f2 che si crede. \u00c8 un po &#8216;costoso, ma ancora una volta la funzionalit\u00e0 \u00e8 coerente con il \u00a0programma.<\/p>\n","protected":false},"excerpt":{"rendered":"<p>PestPac \u00e8 un software di controllo dei parassiti basato su cloud a livello aziendale. Offre una soluzione end-to-end per la tua azienda di disinfestazione. \u00c8 costruito per fornire visibilit\u00e0 sul campo mantenendo l&#8217;efficienza in ufficio. Consente le operazioni sul campo con app mobili intuitive, GPS e percorsi.<\/p>\n","protected":false},"author":19,"featured_media":40397,"parent":39847,"menu_order":0,"comment_status":"open","ping_status":"closed","template":"g1_template_page_review_new.php","meta":{"_acf_changed":false,"cwp_meta_box_check":"Yes","cwp_rev_product_name":"","cwp_rev_product_image":"","wppr_links":[],"cwp_rev_price":"","wppr_options":[],"wppr_pros":[],"wppr_cons":[],"_monsterinsights_skip_tracking":false,"_monsterinsights_sitenote_active":false,"_monsterinsights_sitenote_note":"","_monsterinsights_sitenote_category":0,"footnotes":""},"categories":[5626],"tags":[396,5740,5658,5649,5647,5648],"features":[],"class_list":{"0":"post-40260","1":"page","2":"type-page","3":"status-publish","4":"has-post-thumbnail","6":"category-software-disinfestazioni-categoria","7":"tag-cloud","8":"tag-pestpac","9":"tag-piattaforma-per-disinfestazione","10":"tag-programma-per-disinfestazione","11":"tag-software-per-disinfestazione","12":"tag-soluzione-per-disinfestazione"},"wppr_data":{"cwp_meta_box_check":"Yes","cwp_rev_product_name":"","cwp_rev_product_image":"","cwp_image_link":"image","cwp_rev_price":"","wppr_rating":"0.00"},"acf":[],"yoast_head":"<!-- This site is optimized with the Yoast SEO plugin v27.4 - https:\/\/yoast.com\/product\/yoast-seo-wordpress\/ -->\n<title>PestPac: recensione software disinfestazione - Accurate Reviews<\/title>\n<meta name=\"description\" content=\"PestPac: recensione software di controllo dei parassiti basato su cloud che offre una soluzione end-to-end per la tua azienda.\" \/>\n<meta name=\"robots\" content=\"index, follow, max-snippet:-1, max-image-preview:large, max-video-preview:-1\" \/>\n<link rel=\"canonical\" href=\"https:\/\/www.accuratereviews.com\/it\/software-disinfestazioni\/pestpac-recensione\/\" \/>\n<meta property=\"og:locale\" content=\"it_IT\" \/>\n<meta property=\"og:type\" content=\"article\" \/>\n<meta property=\"og:title\" content=\"PestPac: recensione software disinfestazione - Accurate Reviews\" \/>\n<meta property=\"og:description\" content=\"PestPac: recensione software di controllo dei parassiti basato su cloud che offre una soluzione end-to-end per la tua azienda.\" \/>\n<meta property=\"og:url\" content=\"https:\/\/www.accuratereviews.com\/it\/software-disinfestazioni\/pestpac-recensione\/\" \/>\n<meta property=\"og:site_name\" content=\"Accurate Reviews\" \/>\n<meta property=\"article:modified_time\" content=\"2021-04-22T10:36:01+00:00\" \/>\n<meta property=\"og:image\" content=\"https:\/\/www.accuratereviews.com\/wp-content\/uploads\/2021\/04\/Schermata-2021-04-19-alle-15.22.01.png\" \/>\n\t<meta property=\"og:image:width\" content=\"710\" \/>\n\t<meta property=\"og:image:height\" content=\"284\" \/>\n\t<meta property=\"og:image:type\" content=\"image\/png\" \/>\n<meta name=\"twitter:card\" content=\"summary_large_image\" \/>\n<meta name=\"twitter:label1\" content=\"Tempo di lettura stimato\" \/>\n\t<meta name=\"twitter:data1\" content=\"4 minuti\" \/>\n<script type=\"application\/ld+json\" class=\"yoast-schema-graph\">{\"@context\":\"https:\\\/\\\/schema.org\",\"@graph\":[{\"@type\":\"WebPage\",\"@id\":\"https:\\\/\\\/www.accuratereviews.com\\\/it\\\/software-disinfestazioni\\\/pestpac-recensione\\\/\",\"url\":\"https:\\\/\\\/www.accuratereviews.com\\\/it\\\/software-disinfestazioni\\\/pestpac-recensione\\\/\",\"name\":\"PestPac: recensione software disinfestazione - Accurate Reviews\",\"isPartOf\":{\"@id\":\"https:\\\/\\\/www.accuratereviews.com\\\/it\\\/#website\"},\"primaryImageOfPage\":{\"@id\":\"https:\\\/\\\/www.accuratereviews.com\\\/it\\\/software-disinfestazioni\\\/pestpac-recensione\\\/#primaryimage\"},\"image\":{\"@id\":\"https:\\\/\\\/www.accuratereviews.com\\\/it\\\/software-disinfestazioni\\\/pestpac-recensione\\\/#primaryimage\"},\"thumbnailUrl\":\"https:\\\/\\\/www.accuratereviews.com\\\/wp-content\\\/uploads\\\/2021\\\/04\\\/Schermata-2021-04-19-alle-15.22.01.png\",\"datePublished\":\"2021-04-19T14:22:28+00:00\",\"dateModified\":\"2021-04-22T10:36:01+00:00\",\"description\":\"PestPac: recensione software di controllo dei parassiti basato su cloud che offre una soluzione end-to-end per la tua azienda.\",\"breadcrumb\":{\"@id\":\"https:\\\/\\\/www.accuratereviews.com\\\/it\\\/software-disinfestazioni\\\/pestpac-recensione\\\/#breadcrumb\"},\"inLanguage\":\"it-IT\",\"potentialAction\":[{\"@type\":\"ReadAction\",\"target\":[\"https:\\\/\\\/www.accuratereviews.com\\\/it\\\/software-disinfestazioni\\\/pestpac-recensione\\\/\"]}]},{\"@type\":\"ImageObject\",\"inLanguage\":\"it-IT\",\"@id\":\"https:\\\/\\\/www.accuratereviews.com\\\/it\\\/software-disinfestazioni\\\/pestpac-recensione\\\/#primaryimage\",\"url\":\"https:\\\/\\\/www.accuratereviews.com\\\/wp-content\\\/uploads\\\/2021\\\/04\\\/Schermata-2021-04-19-alle-15.22.01.png\",\"contentUrl\":\"https:\\\/\\\/www.accuratereviews.com\\\/wp-content\\\/uploads\\\/2021\\\/04\\\/Schermata-2021-04-19-alle-15.22.01.png\",\"width\":710,\"height\":284},{\"@type\":\"BreadcrumbList\",\"@id\":\"https:\\\/\\\/www.accuratereviews.com\\\/it\\\/software-disinfestazioni\\\/pestpac-recensione\\\/#breadcrumb\",\"itemListElement\":[{\"@type\":\"ListItem\",\"position\":1,\"name\":\"Home\",\"item\":\"https:\\\/\\\/www.accuratereviews.com\\\/it\\\/\"},{\"@type\":\"ListItem\",\"position\":2,\"name\":\"Software per le disinfestazioni\",\"item\":\"https:\\\/\\\/www.accuratereviews.com\\\/it\\\/software-disinfestazioni\\\/\"},{\"@type\":\"ListItem\",\"position\":3,\"name\":\"PestPac\"}]},{\"@type\":\"WebSite\",\"@id\":\"https:\\\/\\\/www.accuratereviews.com\\\/it\\\/#website\",\"url\":\"https:\\\/\\\/www.accuratereviews.com\\\/it\\\/\",\"name\":\"Accurate Reviews\",\"description\":\"\",\"potentialAction\":[{\"@type\":\"SearchAction\",\"target\":{\"@type\":\"EntryPoint\",\"urlTemplate\":\"https:\\\/\\\/www.accuratereviews.com\\\/it\\\/?s={search_term_string}\"},\"query-input\":{\"@type\":\"PropertyValueSpecification\",\"valueRequired\":true,\"valueName\":\"search_term_string\"}}],\"inLanguage\":\"it-IT\"}]}<\/script>\n<!-- \/ Yoast SEO plugin. -->","yoast_head_json":{"title":"PestPac: recensione software disinfestazione - Accurate Reviews","description":"PestPac: recensione software di controllo dei parassiti basato su cloud che offre una soluzione end-to-end per la tua azienda.","robots":{"index":"index","follow":"follow","max-snippet":"max-snippet:-1","max-image-preview":"max-image-preview:large","max-video-preview":"max-video-preview:-1"},"canonical":"https:\/\/www.accuratereviews.com\/it\/software-disinfestazioni\/pestpac-recensione\/","og_locale":"it_IT","og_type":"article","og_title":"PestPac: recensione software disinfestazione - Accurate Reviews","og_description":"PestPac: recensione software di controllo dei parassiti basato su cloud che offre una soluzione end-to-end per la tua azienda.","og_url":"https:\/\/www.accuratereviews.com\/it\/software-disinfestazioni\/pestpac-recensione\/","og_site_name":"Accurate Reviews","article_modified_time":"2021-04-22T10:36:01+00:00","og_image":[{"width":710,"height":284,"url":"https:\/\/www.accuratereviews.com\/wp-content\/uploads\/2021\/04\/Schermata-2021-04-19-alle-15.22.01.png","type":"image\/png"}],"twitter_card":"summary_large_image","twitter_misc":{"Tempo di lettura stimato":"4 minuti"},"schema":{"@context":"https:\/\/schema.org","@graph":[{"@type":"WebPage","@id":"https:\/\/www.accuratereviews.com\/it\/software-disinfestazioni\/pestpac-recensione\/","url":"https:\/\/www.accuratereviews.com\/it\/software-disinfestazioni\/pestpac-recensione\/","name":"PestPac: recensione software disinfestazione - Accurate Reviews","isPartOf":{"@id":"https:\/\/www.accuratereviews.com\/it\/#website"},"primaryImageOfPage":{"@id":"https:\/\/www.accuratereviews.com\/it\/software-disinfestazioni\/pestpac-recensione\/#primaryimage"},"image":{"@id":"https:\/\/www.accuratereviews.com\/it\/software-disinfestazioni\/pestpac-recensione\/#primaryimage"},"thumbnailUrl":"https:\/\/www.accuratereviews.com\/wp-content\/uploads\/2021\/04\/Schermata-2021-04-19-alle-15.22.01.png","datePublished":"2021-04-19T14:22:28+00:00","dateModified":"2021-04-22T10:36:01+00:00","description":"PestPac: recensione software di controllo dei parassiti basato su cloud che offre una soluzione end-to-end per la tua azienda.","breadcrumb":{"@id":"https:\/\/www.accuratereviews.com\/it\/software-disinfestazioni\/pestpac-recensione\/#breadcrumb"},"inLanguage":"it-IT","potentialAction":[{"@type":"ReadAction","target":["https:\/\/www.accuratereviews.com\/it\/software-disinfestazioni\/pestpac-recensione\/"]}]},{"@type":"ImageObject","inLanguage":"it-IT","@id":"https:\/\/www.accuratereviews.com\/it\/software-disinfestazioni\/pestpac-recensione\/#primaryimage","url":"https:\/\/www.accuratereviews.com\/wp-content\/uploads\/2021\/04\/Schermata-2021-04-19-alle-15.22.01.png","contentUrl":"https:\/\/www.accuratereviews.com\/wp-content\/uploads\/2021\/04\/Schermata-2021-04-19-alle-15.22.01.png","width":710,"height":284},{"@type":"BreadcrumbList","@id":"https:\/\/www.accuratereviews.com\/it\/software-disinfestazioni\/pestpac-recensione\/#breadcrumb","itemListElement":[{"@type":"ListItem","position":1,"name":"Home","item":"https:\/\/www.accuratereviews.com\/it\/"},{"@type":"ListItem","position":2,"name":"Software per le disinfestazioni","item":"https:\/\/www.accuratereviews.com\/it\/software-disinfestazioni\/"},{"@type":"ListItem","position":3,"name":"PestPac"}]},{"@type":"WebSite","@id":"https:\/\/www.accuratereviews.com\/it\/#website","url":"https:\/\/www.accuratereviews.com\/it\/","name":"Accurate Reviews","description":"","potentialAction":[{"@type":"SearchAction","target":{"@type":"EntryPoint","urlTemplate":"https:\/\/www.accuratereviews.com\/it\/?s={search_term_string}"},"query-input":{"@type":"PropertyValueSpecification","valueRequired":true,"valueName":"search_term_string"}}],"inLanguage":"it-IT"}]}},"_links":{"self":[{"href":"https:\/\/www.accuratereviews.com\/it\/wp-json\/wp\/v2\/pages\/40260","targetHints":{"allow":["GET"]}}],"collection":[{"href":"https:\/\/www.accuratereviews.com\/it\/wp-json\/wp\/v2\/pages"}],"about":[{"href":"https:\/\/www.accuratereviews.com\/it\/wp-json\/wp\/v2\/types\/page"}],"author":[{"embeddable":true,"href":"https:\/\/www.accuratereviews.com\/it\/wp-json\/wp\/v2\/users\/19"}],"replies":[{"embeddable":true,"href":"https:\/\/www.accuratereviews.com\/it\/wp-json\/wp\/v2\/comments?post=40260"}],"version-history":[{"count":14,"href":"https:\/\/www.accuratereviews.com\/it\/wp-json\/wp\/v2\/pages\/40260\/revisions"}],"predecessor-version":[{"id":40633,"href":"https:\/\/www.accuratereviews.com\/it\/wp-json\/wp\/v2\/pages\/40260\/revisions\/40633"}],"up":[{"embeddable":true,"href":"https:\/\/www.accuratereviews.com\/it\/wp-json\/wp\/v2\/pages\/39847"}],"wp:featuredmedia":[{"embeddable":true,"href":"https:\/\/www.accuratereviews.com\/it\/wp-json\/wp\/v2\/media\/40397"}],"wp:attachment":[{"href":"https:\/\/www.accuratereviews.com\/it\/wp-json\/wp\/v2\/media?parent=40260"}],"wp:term":[{"taxonomy":"category","embeddable":true,"href":"https:\/\/www.accuratereviews.com\/it\/wp-json\/wp\/v2\/categories?post=40260"},{"taxonomy":"post_tag","embeddable":true,"href":"https:\/\/www.accuratereviews.com\/it\/wp-json\/wp\/v2\/tags?post=40260"},{"taxonomy":"features","embeddable":true,"href":"https:\/\/www.accuratereviews.com\/it\/wp-json\/wp\/v2\/features?post=40260"}],"curies":[{"name":"wp","href":"https:\/\/api.w.org\/{rel}","templated":true}]}}