{"id":40355,"date":"2021-04-19T15:01:31","date_gmt":"2021-04-19T15:01:31","guid":{"rendered":"https:\/\/www.accuratereviews.com\/?page_id=40355"},"modified":"2021-04-22T11:03:49","modified_gmt":"2021-04-22T11:03:49","slug":"bigchange-recensione","status":"publish","type":"page","link":"https:\/\/www.accuratereviews.com\/it\/software-disinfestazioni\/bigchange-recensione\/","title":{"rendered":"BigChange"},"content":{"rendered":"<p><strong>BigChange<\/strong>\u00a0\u00e8 un\u00a0<strong>software di gestione della forza lavoro<\/strong>, ideale per\u00a0<strong>imprese di disinfestazione<\/strong>\u00a0e di altri settori, che necessitano raggiungere pi\u00f9 produttivit\u00e0 ed efficienza. Si tratta di una soluzione 5 in 1 che supporta la tua forza lavoro mobile grazie a un&#8217;app per i <strong>dispositivi iOS e Android<\/strong> e consente una buona pianificazione del lavoro, un sistema di monitoraggio dei veicoli e delle risorse che trasportano, rafforzando i tuoi rapporti con i clienti (CRM integrato).<strong> BigChange<\/strong> \u00e8 il <strong>programma per disinfestazione<\/strong> che semplifica la tua vita e quella dei tuoi lavoratori in ogni fase del lavoro.<\/p>\n<h2>BIGCHANGE &#8211; TUTORIAL<\/h2>\n<div id=\"fluid-wrapper-counter-1\" class=\"g1-fluid-wrapper \" style=\"width:686px;\">\n<div style=\"padding-bottom:56.268221574344%;\"><iframe loading=\"lazy\" title=\"BigChangers using BigChange - how does BigChange use its own technology?\" src=\"https:\/\/player.vimeo.com\/video\/410722114?dnt=1&amp;app_id=122963?title=0&amp;byline=0&amp;portrait=0\" width=\"686\" height=\"386\" frameborder=\"0\" allow=\"autoplay; fullscreen; picture-in-picture\" allowfullscreen><\/iframe><\/div>\n<\/div>\n<h3>BIGCHANGE &#8211; CARATTERISTICHE<\/h3>\n<p><strong>Back office e CRM<\/strong>: offri ai clienti esperienze positive a tutti i livelli, grazie a una serie di funzionalit\u00e0 dinamiche del prodotto<br \/>\n<strong>Pianificazione del lavoro<\/strong>: crea nuovi ordini di lavoro e appuntamenti, quindi assegnali ai tuoi dipendenti o inviali direttamente ai veicoli<br \/>\n<strong>Monitoraggio di veicoli e risorse<\/strong>: tieni sotto controllo tutti i tuoi veicoli e le tue risorse con il monitoraggio dal vivo<br \/>\n<strong>App per la forza lavoro mobile<\/strong>: i nuovi lavori, quelli completati e quelli intermedi sono tutti sincronizzati tra i tuoi dispositivi mobili e il tuo back office in tempo reale e puoi inviare automaticamente schede di lavoro e certificati direttamente al tuo cliente dove necessario<br \/>\n<strong>Network<\/strong>:\u00a0aumenta la tua portata senza alti livelli di spesa in conto capitale e vendi i tuoi servizi ad altri utenti di BigChange<br \/>\n<strong>Libreria di file<\/strong>: carica,\u00a0condividi documenti tra il tuo ufficio e il team sul campo e scegli chi vede ogni file<br \/>\n<strong>Funzione NoTouch Signature<\/strong>: consenti ai clienti di terminare il lavoro da remoto o a distanza, fondamentale quando il lavoro di servizio essenziale deve essere completato mantenendo le distanze sociali<br \/>\n<strong>Funzionalit\u00e0 cloud<\/strong>:\u00a0mantieni tutti i tuoi dati sensibili e i dettagli dei tuoi clienti al sicuro e protetti<\/p>\n<h4>LE RECENSIONI DEGLI UTENTI<\/h4>\n<p><strong>Neil H. &#8220;Un anno con BigChange&#8221;<\/strong><br \/>\nCOMMENTI: positivo, non \u00e8 perfetto ma \u00e8 il migliore che abbia mai visto<br \/>\nPRO: la cosa principale \u00e8 la riduzione del tempo di amministrazione, sia di back office che di tempo sul sito per la compilazione dei fogli di lavoro<br \/>\nCONTRO: il modo in cui funziona il CRM sui tablet. Utilizzando correttamente il software \u00e8 impossibile creare un lavoro dal tablet su una risorsa specifica del cliente<\/p>\n<p><strong>Daria S. &#8220;Facile da imparare&#8221;<\/strong><br \/>\nCOMMENTI: il monitoraggio o gli ingegneri e l&#8217;aggiunta di lavori al pianificatore \u00e8 stata una delle parti pi\u00f9 vantaggiose di questo sistema per noi. I moduli di acquisto e preventivo sono estremamente utili e la possibilit\u00e0 di collegare ogni documento al loro lavoro pertinente consente di risparmiare un sacco di errori umani<br \/>\nPRO: Big Change \u00e8 davvero facile da usare. La formazione semplice ed efficace ha reso facile imparare questo nuovo sistema<br \/>\nCONTRO: durante il primo trasferimento a Big Change, l&#8217;integrazione con il nostro software esistente si \u00e8 rivelata difficile. Dopo un po&#8217; di tempo per abituarci e per allenarci ulteriormente, usiamo Big Change al meglio delle nostre capacit\u00e0.<\/p>\n<p><strong>Brent H. &#8220;Un grande cambiamento per noi!&#8221;<\/strong><br \/>\nCOMMENTI: geniale!<br \/>\nPRO: facile da usare, salva admin e tracker collegati allo scheduler che \u00e8 collegato al CRM<br \/>\nCOTNRO: poche modifiche per aggirare uno o due problemi o dovresti pagare per un lavoro personalizzato.<\/p>\n","protected":false},"excerpt":{"rendered":"<p>BigChange\u00a0\u00e8 un\u00a0software di gestione della forza lavoro, ideale per\u00a0imprese di disinfestazione\u00a0e di altri settori, che necessitano raggiungere pi\u00f9 produttivit\u00e0 ed efficienza. Si tratta di una soluzione 5 in 1 che supporta la tua forza lavoro mobile grazie a un&#8217;app per i dispositivi iOS e Android.<\/p>\n","protected":false},"author":17,"featured_media":40360,"parent":39847,"menu_order":0,"comment_status":"open","ping_status":"closed","template":"g1_template_page_review_new.php","meta":{"_acf_changed":false,"cwp_meta_box_check":"No","cwp_rev_product_name":"","cwp_rev_product_image":"","wppr_links":[],"cwp_rev_price":"","wppr_options":[],"wppr_pros":[],"wppr_cons":[],"_monsterinsights_skip_tracking":false,"_monsterinsights_sitenote_active":false,"_monsterinsights_sitenote_note":"","_monsterinsights_sitenote_category":0,"footnotes":""},"categories":[5626],"tags":[5629,5644,5664,5649,5737,5647,5632],"features":[],"class_list":{"0":"post-40355","1":"page","2":"type-page","3":"status-publish","4":"has-post-thumbnail","6":"category-software-disinfestazioni-categoria","7":"tag-disinfestazioni","8":"tag-imprese-di-disinfestazioni","9":"tag-piattaforma-per-disinfestazine","10":"tag-programma-per-disinfestazione","11":"tag-software-di-gestione-della-forza-lavoro","12":"tag-software-per-disinfestazione","13":"tag-soluzione-disinfestazioni"},"wppr_data":{"cwp_meta_box_check":"No"},"acf":[],"yoast_head":"<!-- This site is optimized with the Yoast SEO plugin v27.4 - https:\/\/yoast.com\/product\/yoast-seo-wordpress\/ -->\n<title>BigChange: recensione software disinfestazione - Accurate Reviews<\/title>\n<meta name=\"description\" content=\"BigChange: recensione del software di gestione della forza lavoro, ideale per\u00a0imprese di disinfestazione\u00a0e di altri settori.\" \/>\n<meta name=\"robots\" content=\"index, follow, max-snippet:-1, max-image-preview:large, max-video-preview:-1\" \/>\n<link rel=\"canonical\" href=\"https:\/\/www.accuratereviews.com\/it\/software-disinfestazioni\/bigchange-recensione\/\" \/>\n<meta property=\"og:locale\" content=\"it_IT\" \/>\n<meta property=\"og:type\" content=\"article\" \/>\n<meta property=\"og:title\" content=\"BigChange: recensione software disinfestazione - Accurate Reviews\" \/>\n<meta property=\"og:description\" content=\"BigChange: recensione del software di gestione della forza lavoro, ideale per\u00a0imprese di disinfestazione\u00a0e di altri settori.\" \/>\n<meta property=\"og:url\" content=\"https:\/\/www.accuratereviews.com\/it\/software-disinfestazioni\/bigchange-recensione\/\" \/>\n<meta property=\"og:site_name\" content=\"Accurate Reviews\" \/>\n<meta property=\"article:modified_time\" content=\"2021-04-22T11:03:49+00:00\" \/>\n<meta property=\"og:image\" content=\"https:\/\/www.accuratereviews.com\/wp-content\/uploads\/2021\/04\/Schermata-2021-04-19-alle-13.26.33-1.png\" \/>\n\t<meta property=\"og:image:width\" content=\"729\" \/>\n\t<meta property=\"og:image:height\" content=\"200\" \/>\n\t<meta property=\"og:image:type\" content=\"image\/png\" \/>\n<meta name=\"twitter:card\" content=\"summary_large_image\" \/>\n<meta name=\"twitter:label1\" content=\"Tempo di lettura stimato\" \/>\n\t<meta name=\"twitter:data1\" content=\"3 minuti\" \/>\n<script type=\"application\/ld+json\" class=\"yoast-schema-graph\">{\"@context\":\"https:\\\/\\\/schema.org\",\"@graph\":[{\"@type\":\"WebPage\",\"@id\":\"https:\\\/\\\/www.accuratereviews.com\\\/it\\\/software-disinfestazioni\\\/bigchange-recensione\\\/\",\"url\":\"https:\\\/\\\/www.accuratereviews.com\\\/it\\\/software-disinfestazioni\\\/bigchange-recensione\\\/\",\"name\":\"BigChange: recensione software disinfestazione - Accurate Reviews\",\"isPartOf\":{\"@id\":\"https:\\\/\\\/www.accuratereviews.com\\\/it\\\/#website\"},\"primaryImageOfPage\":{\"@id\":\"https:\\\/\\\/www.accuratereviews.com\\\/it\\\/software-disinfestazioni\\\/bigchange-recensione\\\/#primaryimage\"},\"image\":{\"@id\":\"https:\\\/\\\/www.accuratereviews.com\\\/it\\\/software-disinfestazioni\\\/bigchange-recensione\\\/#primaryimage\"},\"thumbnailUrl\":\"https:\\\/\\\/www.accuratereviews.com\\\/wp-content\\\/uploads\\\/2021\\\/04\\\/Schermata-2021-04-19-alle-13.26.33-1.png\",\"datePublished\":\"2021-04-19T15:01:31+00:00\",\"dateModified\":\"2021-04-22T11:03:49+00:00\",\"description\":\"BigChange: recensione del software di gestione della forza lavoro, ideale per\u00a0imprese di disinfestazione\u00a0e di altri settori.\",\"breadcrumb\":{\"@id\":\"https:\\\/\\\/www.accuratereviews.com\\\/it\\\/software-disinfestazioni\\\/bigchange-recensione\\\/#breadcrumb\"},\"inLanguage\":\"it-IT\",\"potentialAction\":[{\"@type\":\"ReadAction\",\"target\":[\"https:\\\/\\\/www.accuratereviews.com\\\/it\\\/software-disinfestazioni\\\/bigchange-recensione\\\/\"]}]},{\"@type\":\"ImageObject\",\"inLanguage\":\"it-IT\",\"@id\":\"https:\\\/\\\/www.accuratereviews.com\\\/it\\\/software-disinfestazioni\\\/bigchange-recensione\\\/#primaryimage\",\"url\":\"https:\\\/\\\/www.accuratereviews.com\\\/wp-content\\\/uploads\\\/2021\\\/04\\\/Schermata-2021-04-19-alle-13.26.33-1.png\",\"contentUrl\":\"https:\\\/\\\/www.accuratereviews.com\\\/wp-content\\\/uploads\\\/2021\\\/04\\\/Schermata-2021-04-19-alle-13.26.33-1.png\",\"width\":729,\"height\":200},{\"@type\":\"BreadcrumbList\",\"@id\":\"https:\\\/\\\/www.accuratereviews.com\\\/it\\\/software-disinfestazioni\\\/bigchange-recensione\\\/#breadcrumb\",\"itemListElement\":[{\"@type\":\"ListItem\",\"position\":1,\"name\":\"Home\",\"item\":\"https:\\\/\\\/www.accuratereviews.com\\\/it\\\/\"},{\"@type\":\"ListItem\",\"position\":2,\"name\":\"Software per le disinfestazioni\",\"item\":\"https:\\\/\\\/www.accuratereviews.com\\\/it\\\/software-disinfestazioni\\\/\"},{\"@type\":\"ListItem\",\"position\":3,\"name\":\"BigChange\"}]},{\"@type\":\"WebSite\",\"@id\":\"https:\\\/\\\/www.accuratereviews.com\\\/it\\\/#website\",\"url\":\"https:\\\/\\\/www.accuratereviews.com\\\/it\\\/\",\"name\":\"Accurate Reviews\",\"description\":\"\",\"potentialAction\":[{\"@type\":\"SearchAction\",\"target\":{\"@type\":\"EntryPoint\",\"urlTemplate\":\"https:\\\/\\\/www.accuratereviews.com\\\/it\\\/?s={search_term_string}\"},\"query-input\":{\"@type\":\"PropertyValueSpecification\",\"valueRequired\":true,\"valueName\":\"search_term_string\"}}],\"inLanguage\":\"it-IT\"}]}<\/script>\n<!-- \/ Yoast SEO plugin. -->","yoast_head_json":{"title":"BigChange: recensione software disinfestazione - Accurate Reviews","description":"BigChange: recensione del software di gestione della forza lavoro, ideale per\u00a0imprese di disinfestazione\u00a0e di altri settori.","robots":{"index":"index","follow":"follow","max-snippet":"max-snippet:-1","max-image-preview":"max-image-preview:large","max-video-preview":"max-video-preview:-1"},"canonical":"https:\/\/www.accuratereviews.com\/it\/software-disinfestazioni\/bigchange-recensione\/","og_locale":"it_IT","og_type":"article","og_title":"BigChange: recensione software disinfestazione - Accurate Reviews","og_description":"BigChange: recensione del software di gestione della forza lavoro, ideale per\u00a0imprese di disinfestazione\u00a0e di altri settori.","og_url":"https:\/\/www.accuratereviews.com\/it\/software-disinfestazioni\/bigchange-recensione\/","og_site_name":"Accurate Reviews","article_modified_time":"2021-04-22T11:03:49+00:00","og_image":[{"width":729,"height":200,"url":"https:\/\/www.accuratereviews.com\/wp-content\/uploads\/2021\/04\/Schermata-2021-04-19-alle-13.26.33-1.png","type":"image\/png"}],"twitter_card":"summary_large_image","twitter_misc":{"Tempo di lettura stimato":"3 minuti"},"schema":{"@context":"https:\/\/schema.org","@graph":[{"@type":"WebPage","@id":"https:\/\/www.accuratereviews.com\/it\/software-disinfestazioni\/bigchange-recensione\/","url":"https:\/\/www.accuratereviews.com\/it\/software-disinfestazioni\/bigchange-recensione\/","name":"BigChange: recensione software disinfestazione - Accurate Reviews","isPartOf":{"@id":"https:\/\/www.accuratereviews.com\/it\/#website"},"primaryImageOfPage":{"@id":"https:\/\/www.accuratereviews.com\/it\/software-disinfestazioni\/bigchange-recensione\/#primaryimage"},"image":{"@id":"https:\/\/www.accuratereviews.com\/it\/software-disinfestazioni\/bigchange-recensione\/#primaryimage"},"thumbnailUrl":"https:\/\/www.accuratereviews.com\/wp-content\/uploads\/2021\/04\/Schermata-2021-04-19-alle-13.26.33-1.png","datePublished":"2021-04-19T15:01:31+00:00","dateModified":"2021-04-22T11:03:49+00:00","description":"BigChange: recensione del software di gestione della forza lavoro, ideale per\u00a0imprese di disinfestazione\u00a0e di altri settori.","breadcrumb":{"@id":"https:\/\/www.accuratereviews.com\/it\/software-disinfestazioni\/bigchange-recensione\/#breadcrumb"},"inLanguage":"it-IT","potentialAction":[{"@type":"ReadAction","target":["https:\/\/www.accuratereviews.com\/it\/software-disinfestazioni\/bigchange-recensione\/"]}]},{"@type":"ImageObject","inLanguage":"it-IT","@id":"https:\/\/www.accuratereviews.com\/it\/software-disinfestazioni\/bigchange-recensione\/#primaryimage","url":"https:\/\/www.accuratereviews.com\/wp-content\/uploads\/2021\/04\/Schermata-2021-04-19-alle-13.26.33-1.png","contentUrl":"https:\/\/www.accuratereviews.com\/wp-content\/uploads\/2021\/04\/Schermata-2021-04-19-alle-13.26.33-1.png","width":729,"height":200},{"@type":"BreadcrumbList","@id":"https:\/\/www.accuratereviews.com\/it\/software-disinfestazioni\/bigchange-recensione\/#breadcrumb","itemListElement":[{"@type":"ListItem","position":1,"name":"Home","item":"https:\/\/www.accuratereviews.com\/it\/"},{"@type":"ListItem","position":2,"name":"Software per le disinfestazioni","item":"https:\/\/www.accuratereviews.com\/it\/software-disinfestazioni\/"},{"@type":"ListItem","position":3,"name":"BigChange"}]},{"@type":"WebSite","@id":"https:\/\/www.accuratereviews.com\/it\/#website","url":"https:\/\/www.accuratereviews.com\/it\/","name":"Accurate Reviews","description":"","potentialAction":[{"@type":"SearchAction","target":{"@type":"EntryPoint","urlTemplate":"https:\/\/www.accuratereviews.com\/it\/?s={search_term_string}"},"query-input":{"@type":"PropertyValueSpecification","valueRequired":true,"valueName":"search_term_string"}}],"inLanguage":"it-IT"}]}},"_links":{"self":[{"href":"https:\/\/www.accuratereviews.com\/it\/wp-json\/wp\/v2\/pages\/40355","targetHints":{"allow":["GET"]}}],"collection":[{"href":"https:\/\/www.accuratereviews.com\/it\/wp-json\/wp\/v2\/pages"}],"about":[{"href":"https:\/\/www.accuratereviews.com\/it\/wp-json\/wp\/v2\/types\/page"}],"author":[{"embeddable":true,"href":"https:\/\/www.accuratereviews.com\/it\/wp-json\/wp\/v2\/users\/17"}],"replies":[{"embeddable":true,"href":"https:\/\/www.accuratereviews.com\/it\/wp-json\/wp\/v2\/comments?post=40355"}],"version-history":[{"count":6,"href":"https:\/\/www.accuratereviews.com\/it\/wp-json\/wp\/v2\/pages\/40355\/revisions"}],"predecessor-version":[{"id":40654,"href":"https:\/\/www.accuratereviews.com\/it\/wp-json\/wp\/v2\/pages\/40355\/revisions\/40654"}],"up":[{"embeddable":true,"href":"https:\/\/www.accuratereviews.com\/it\/wp-json\/wp\/v2\/pages\/39847"}],"wp:featuredmedia":[{"embeddable":true,"href":"https:\/\/www.accuratereviews.com\/it\/wp-json\/wp\/v2\/media\/40360"}],"wp:attachment":[{"href":"https:\/\/www.accuratereviews.com\/it\/wp-json\/wp\/v2\/media?parent=40355"}],"wp:term":[{"taxonomy":"category","embeddable":true,"href":"https:\/\/www.accuratereviews.com\/it\/wp-json\/wp\/v2\/categories?post=40355"},{"taxonomy":"post_tag","embeddable":true,"href":"https:\/\/www.accuratereviews.com\/it\/wp-json\/wp\/v2\/tags?post=40355"},{"taxonomy":"features","embeddable":true,"href":"https:\/\/www.accuratereviews.com\/it\/wp-json\/wp\/v2\/features?post=40355"}],"curies":[{"name":"wp","href":"https:\/\/api.w.org\/{rel}","templated":true}]}}