{"id":40417,"date":"2021-04-20T12:06:20","date_gmt":"2021-04-20T12:06:20","guid":{"rendered":"https:\/\/www.accuratereviews.com\/?page_id=40417"},"modified":"2021-04-22T10:48:28","modified_gmt":"2021-04-22T10:48:28","slug":"salesrabbit-recensione","status":"publish","type":"page","link":"https:\/\/www.accuratereviews.com\/it\/software-disinfestazioni\/salesrabbit-recensione\/","title":{"rendered":"SalesRabbit"},"content":{"rendered":"<p><strong>SalesRabbit<\/strong> \u00e8 una piattaforma affidabile per la <strong>gestione delle relazioni con i clienti<\/strong> progettata per aziende di tutte le dimensioni. Utilizza tecniche rivoluzionarie per supportare l&#8217;efficienza del team, la motivazione del rappresentante e la padronanza delle vendite dell&#8217;organizzazione con team di rappresentanti sul campo. Il software fornisce una serie di funzionalit\u00e0 \u00a0che includono tracciamento dei lead, classifiche, messaggistica del team, marchio dell&#8217;azienda, gestione del territorio, strumenti di vendita, tracciamento GPS, griglia di dati e contatti digitali. Le funzionalit\u00e0 sono completamente personalizzabili e lavorano in unit\u00e0 per aiutarti ad apportare cambiamenti vitali nella tua attivit\u00e0 che consentono prestazioni ottimali.<\/p>\n<h2>SALESRABBIT &#8211; TUTORIAL<\/h2>\n<p>Guardiamo come \u00e8 semplice utilizzare questo <strong>software per disinfestazione<\/strong>:<\/p>\n<div id=\"fluid-wrapper-counter-1\" class=\"g1-fluid-wrapper \" style=\"width:686px;\">\n<div style=\"padding-bottom:56.268221574344%;\"><iframe loading=\"lazy\" title=\"Sales Rabbit Training Video\" width=\"686\" height=\"386\" src=\"https:\/\/www.youtube.com\/embed\/39uRcv8C8C0?feature=oembed&amp;wmode=transparent&amp;autohide=1&amp;autoplay=0&amp;disablekb=0&amp;fs=1&amp;loop=0&amp;enablejsapi=1&amp;rel=0&amp;controls=2&amp;showinfo=0&amp;wmode=transparent&amp;autohide=2&amp;autoplay=0&amp;disablekb=0&amp;fs=1&amp;loop=0&amp;enablejsapi=1&amp;rel=0&amp;controls=2&amp;showinfo=1\" frameborder=\"0\" allow=\"accelerometer; autoplay; clipboard-write; encrypted-media; gyroscope; picture-in-picture\" allowfullscreen><\/iframe><\/div>\n<\/div>\n<h3>SALESRABBIT &#8211; CARATTERISTICHE<\/h3>\n<ul>\n<li><strong>Mappatura del territorio di vendita<\/strong>: semplifica la creazione e l&#8217;assegnazione di aree, il monitoraggio dei progressi, la visualizzazione della cronologia delle aree, la mappatura dei clienti e altro ancora<\/li>\n<li><strong>Classifiche<\/strong>: ricevi dati sulle prestazioni del rappresentante di vendita, in modo che tu possa utilizzarli per raccogliere dati, analizzare le prestazioni del tuo team e apportare modifiche di conseguenza<\/li>\n<li><strong>Messaggistica di squadra<\/strong>: mantieni tutti sulla stessa pagina con la messaggistica in-app. Usalo per comunicare rapidamente, trasmettere incentivi, inviare corsi di formazione e altro ancora<\/li>\n<li><strong>Monitoraggio del rappresentante di vendita<\/strong>: questo strumento ti aiuta a capire dove i rappresentanti trascorrono il loro tempo, come si comportano agli appuntamenti e come si classificano rispetto ai loro colleghi<\/li>\n<li><strong>Carica e organizza documenti PDF<\/strong>: rendi digitali tutte le tue slick e diapositive in modo da poterle visualizzare dal tuo dispositivo o inviarle a lead e clienti<\/li>\n<li><strong>Monitoraggio e disposizione dei lead<\/strong>: raccogli le informazioni sui lead e usale. Chiama, invia sms o un&#8217;email ai lead direttamente dall&#8217;app. Modifica gli stati dei lead e monitorali mentre li sposti attraverso la canalizzazione di vendita<\/li>\n<li><strong>Riproduci video di alta qualit\u00e0, anche quando sei in modalit\u00e0 offline<\/strong>: carica i tuoi video e presentali ovunque come strumento di marketing<\/li>\n<li><strong>Carica i tuoi materiali di reclutamento e formazione<\/strong>: mantieni tutti i tuoi team informati ed efficienti rendendo accessibili i tuoi strumenti di formazione<\/li>\n<li><strong>Crea contratti digitali personalizzati<\/strong>: l&#8217;app per la creazione di moduli consente a ogni azienda di creare moduli e contratti per soddisfare esattamente le tue esigenze<\/li>\n<li><strong>Sincronizza le informazioni in tutta l&#8217;azienda<\/strong>: quando tutti i dati dei tuoi clienti si trovano sulla stessa piattaforma, ridurrai gli errori di dati e aumenterai la soddisfazione del cliente<\/li>\n<li><strong>Firma elettronica mobile<\/strong>: usa l&#8217;app per raccogliere firme elettroniche ovunque ti trovi, cos\u00ec puoi concludere affari a casa o in viaggio.<\/li>\n<\/ul>\n<h4>LE RECENSIONI DEGLI UTENTI<\/h4>\n<p class=\"font-weight-bold mb-1 d-flex align-items-center\"><strong>William B.&#8221;Ottimo strumento per il team di vendita esterno&#8221;<\/strong><\/p>\n<p><strong>Commenti: <\/strong>Ottimo strumento per la gestione del territorio, divertiti a utilizzare questo strumento per riprogettare il rappresentante di vendita e i clienti.<\/p>\n<p><strong>Pro: <\/strong>L&#8217;uso del software e la capacit\u00e0 del team di vendita esterno di utilizzare questo software per preparare e fornire presentazioni con i clienti.<\/p>\n<p><strong>Contro: <\/strong>L&#8217;unico lato negativo di questo software \u00e8 l&#8217;accesso a Internet per gli elementi archiviati nel cloud e l&#8217;impossibilit\u00e0 di eseguire direttamente dal dispositivo personale accesso.<\/p>\n<p><strong>Justin D.\u00a0&#8220;Ottimo se non hai ancora provato nient&#8217;altro!&#8221;<\/strong><\/p>\n<p><strong>Commenti: <\/strong>Benissimo, ma una volta che sono passato a un&#8217;altra piattaforma, non ho mai avuto il desiderio di tornare indietro.<\/p>\n<p><strong>Vantaggi: <\/strong>Questo software \u00e8 stato tra i primi che ho utilizzato per il lavoro di appaltatore indipendente porta a porta. Ha funzionato bene per ci\u00f2 di cui aveva bisogno, la capacit\u00e0 di caricare immagini sui lead era forte, prendere appunti e anche le note principali specifiche era eccezionale.<\/p>\n<p><strong>Inconvenienti: <\/strong>La parte peggiore di questo software \u00e8 la batteria necessaria per eseguirlo &#8230; hai bisogno di uno o due caricabatterie portatili per rimanere in vita. Altre app simili sul mercato sembrano fornire servizi simili per un minore utilizzo della batteria.<\/p>\n<p class=\"font-weight-bold mb-1 d-flex align-items-center\"><strong>Franco I.&#8221;Ottimo strumento porta a porta&#8221;<\/strong><\/p>\n<p><strong>Commenti: <\/strong>nel complesso l&#8217;esperienza \u00e8 stata fantastica. \u00e8 un potente strumento per rappresentanti di vendita, manager. Pu\u00f2 anche aiutare a creare concorrenza con le classifiche, ecc. Se stai facendo vendite porta a porta, \u00e8 un must.<\/p>\n<p><strong>Pro: <\/strong>Sales Rabbit offre agli agenti di vendita un modo semplice per lavorare, soprattutto nel campo delle vendite porta a porta. Fornisce mappe dell&#8217;area, consente facili richieste di credito e firme di accordi. Aiuta i rappresentanti di vendita a organizzare i lead, le vendite ed essere in grado di tenere traccia delle persone con cui hanno parlato per strada, in modo che tutti i potenziali lead vengano contattati.<\/p>\n<p><strong>Contro: <\/strong>ci sono alcuni errori che il programma di vendita fa quando esegue il credito. Ma nel complesso, non c&#8217;\u00e8 molto da non amare<\/p>\n","protected":false},"excerpt":{"rendered":"<p>SalesRabbit \u00e8 una piattaforma affidabile per la gestione delle relazioni con i clienti progettata per aziende di tutte le dimensioni. Utilizza tecniche rivoluzionarie per supportare l&#8217;efficienza del team, la motivazione del rappresentante e la padronanza delle vendite dell&#8217;organizzazione con team di rappresentanti sul campo.<\/p>\n","protected":false},"author":19,"featured_media":40468,"parent":39847,"menu_order":0,"comment_status":"open","ping_status":"closed","template":"g1_template_page_review_new.php","meta":{"_acf_changed":false,"cwp_meta_box_check":"Yes","cwp_rev_product_name":"","cwp_rev_product_image":"","wppr_links":[],"cwp_rev_price":"","wppr_options":[],"wppr_pros":[],"wppr_cons":[],"_monsterinsights_skip_tracking":false,"_monsterinsights_sitenote_active":false,"_monsterinsights_sitenote_note":"","_monsterinsights_sitenote_category":0,"footnotes":""},"categories":[5626],"tags":[5768,5658,5649,5767,5647,5648],"features":[],"class_list":{"0":"post-40417","1":"page","2":"type-page","3":"status-publish","4":"has-post-thumbnail","6":"category-software-disinfestazioni-categoria","7":"tag-gestione-delle-relazioni-con-i-clienti","8":"tag-piattaforma-per-disinfestazione","9":"tag-programma-per-disinfestazione","10":"tag-salesrabbit","11":"tag-software-per-disinfestazione","12":"tag-soluzione-per-disinfestazione"},"wppr_data":{"cwp_meta_box_check":"Yes","cwp_rev_product_name":"","cwp_rev_product_image":"","cwp_image_link":"image","cwp_rev_price":"","wppr_rating":"0.00"},"acf":[],"yoast_head":"<!-- This site is optimized with the Yoast SEO plugin v27.4 - https:\/\/yoast.com\/product\/yoast-seo-wordpress\/ -->\n<title>SalesRabbit: recensione software disinfestazione - Accurate Reviews<\/title>\n<meta name=\"description\" content=\"SalesRabbit: recensione piattforma affidabile per la gestione delle relazioni con i clienti progettata per aziende di tutte le dimensioni.\" \/>\n<meta name=\"robots\" content=\"index, follow, max-snippet:-1, max-image-preview:large, max-video-preview:-1\" \/>\n<link rel=\"canonical\" href=\"https:\/\/www.accuratereviews.com\/it\/software-disinfestazioni\/salesrabbit-recensione\/\" \/>\n<meta property=\"og:locale\" content=\"it_IT\" \/>\n<meta property=\"og:type\" content=\"article\" \/>\n<meta property=\"og:title\" content=\"SalesRabbit: recensione software disinfestazione - Accurate Reviews\" \/>\n<meta property=\"og:description\" content=\"SalesRabbit: recensione piattforma affidabile per la gestione delle relazioni con i clienti progettata per aziende di tutte le dimensioni.\" \/>\n<meta property=\"og:url\" content=\"https:\/\/www.accuratereviews.com\/it\/software-disinfestazioni\/salesrabbit-recensione\/\" \/>\n<meta property=\"og:site_name\" content=\"Accurate Reviews\" \/>\n<meta property=\"article:modified_time\" content=\"2021-04-22T10:48:28+00:00\" \/>\n<meta property=\"og:image\" content=\"https:\/\/www.accuratereviews.com\/wp-content\/uploads\/2021\/04\/salesrabbit-1.png\" \/>\n\t<meta property=\"og:image:width\" content=\"256\" \/>\n\t<meta property=\"og:image:height\" content=\"256\" \/>\n\t<meta property=\"og:image:type\" content=\"image\/png\" \/>\n<meta name=\"twitter:card\" content=\"summary_large_image\" \/>\n<meta name=\"twitter:label1\" content=\"Tempo di lettura stimato\" \/>\n\t<meta name=\"twitter:data1\" content=\"4 minuti\" \/>\n<script type=\"application\/ld+json\" class=\"yoast-schema-graph\">{\"@context\":\"https:\\\/\\\/schema.org\",\"@graph\":[{\"@type\":\"WebPage\",\"@id\":\"https:\\\/\\\/www.accuratereviews.com\\\/it\\\/software-disinfestazioni\\\/salesrabbit-recensione\\\/\",\"url\":\"https:\\\/\\\/www.accuratereviews.com\\\/it\\\/software-disinfestazioni\\\/salesrabbit-recensione\\\/\",\"name\":\"SalesRabbit: recensione software disinfestazione - Accurate Reviews\",\"isPartOf\":{\"@id\":\"https:\\\/\\\/www.accuratereviews.com\\\/it\\\/#website\"},\"primaryImageOfPage\":{\"@id\":\"https:\\\/\\\/www.accuratereviews.com\\\/it\\\/software-disinfestazioni\\\/salesrabbit-recensione\\\/#primaryimage\"},\"image\":{\"@id\":\"https:\\\/\\\/www.accuratereviews.com\\\/it\\\/software-disinfestazioni\\\/salesrabbit-recensione\\\/#primaryimage\"},\"thumbnailUrl\":\"https:\\\/\\\/www.accuratereviews.com\\\/wp-content\\\/uploads\\\/2021\\\/04\\\/salesrabbit-1.png\",\"datePublished\":\"2021-04-20T12:06:20+00:00\",\"dateModified\":\"2021-04-22T10:48:28+00:00\",\"description\":\"SalesRabbit: recensione piattforma affidabile per la gestione delle relazioni con i clienti progettata per aziende di tutte le dimensioni.\",\"breadcrumb\":{\"@id\":\"https:\\\/\\\/www.accuratereviews.com\\\/it\\\/software-disinfestazioni\\\/salesrabbit-recensione\\\/#breadcrumb\"},\"inLanguage\":\"it-IT\",\"potentialAction\":[{\"@type\":\"ReadAction\",\"target\":[\"https:\\\/\\\/www.accuratereviews.com\\\/it\\\/software-disinfestazioni\\\/salesrabbit-recensione\\\/\"]}]},{\"@type\":\"ImageObject\",\"inLanguage\":\"it-IT\",\"@id\":\"https:\\\/\\\/www.accuratereviews.com\\\/it\\\/software-disinfestazioni\\\/salesrabbit-recensione\\\/#primaryimage\",\"url\":\"https:\\\/\\\/www.accuratereviews.com\\\/wp-content\\\/uploads\\\/2021\\\/04\\\/salesrabbit-1.png\",\"contentUrl\":\"https:\\\/\\\/www.accuratereviews.com\\\/wp-content\\\/uploads\\\/2021\\\/04\\\/salesrabbit-1.png\",\"width\":256,\"height\":256},{\"@type\":\"BreadcrumbList\",\"@id\":\"https:\\\/\\\/www.accuratereviews.com\\\/it\\\/software-disinfestazioni\\\/salesrabbit-recensione\\\/#breadcrumb\",\"itemListElement\":[{\"@type\":\"ListItem\",\"position\":1,\"name\":\"Home\",\"item\":\"https:\\\/\\\/www.accuratereviews.com\\\/it\\\/\"},{\"@type\":\"ListItem\",\"position\":2,\"name\":\"Software per le disinfestazioni\",\"item\":\"https:\\\/\\\/www.accuratereviews.com\\\/it\\\/software-disinfestazioni\\\/\"},{\"@type\":\"ListItem\",\"position\":3,\"name\":\"SalesRabbit\"}]},{\"@type\":\"WebSite\",\"@id\":\"https:\\\/\\\/www.accuratereviews.com\\\/it\\\/#website\",\"url\":\"https:\\\/\\\/www.accuratereviews.com\\\/it\\\/\",\"name\":\"Accurate Reviews\",\"description\":\"\",\"potentialAction\":[{\"@type\":\"SearchAction\",\"target\":{\"@type\":\"EntryPoint\",\"urlTemplate\":\"https:\\\/\\\/www.accuratereviews.com\\\/it\\\/?s={search_term_string}\"},\"query-input\":{\"@type\":\"PropertyValueSpecification\",\"valueRequired\":true,\"valueName\":\"search_term_string\"}}],\"inLanguage\":\"it-IT\"}]}<\/script>\n<!-- \/ Yoast SEO plugin. -->","yoast_head_json":{"title":"SalesRabbit: recensione software disinfestazione - Accurate Reviews","description":"SalesRabbit: recensione piattforma affidabile per la gestione delle relazioni con i clienti progettata per aziende di tutte le dimensioni.","robots":{"index":"index","follow":"follow","max-snippet":"max-snippet:-1","max-image-preview":"max-image-preview:large","max-video-preview":"max-video-preview:-1"},"canonical":"https:\/\/www.accuratereviews.com\/it\/software-disinfestazioni\/salesrabbit-recensione\/","og_locale":"it_IT","og_type":"article","og_title":"SalesRabbit: recensione software disinfestazione - Accurate Reviews","og_description":"SalesRabbit: recensione piattforma affidabile per la gestione delle relazioni con i clienti progettata per aziende di tutte le dimensioni.","og_url":"https:\/\/www.accuratereviews.com\/it\/software-disinfestazioni\/salesrabbit-recensione\/","og_site_name":"Accurate Reviews","article_modified_time":"2021-04-22T10:48:28+00:00","og_image":[{"width":256,"height":256,"url":"https:\/\/www.accuratereviews.com\/wp-content\/uploads\/2021\/04\/salesrabbit-1.png","type":"image\/png"}],"twitter_card":"summary_large_image","twitter_misc":{"Tempo di lettura stimato":"4 minuti"},"schema":{"@context":"https:\/\/schema.org","@graph":[{"@type":"WebPage","@id":"https:\/\/www.accuratereviews.com\/it\/software-disinfestazioni\/salesrabbit-recensione\/","url":"https:\/\/www.accuratereviews.com\/it\/software-disinfestazioni\/salesrabbit-recensione\/","name":"SalesRabbit: recensione software disinfestazione - Accurate Reviews","isPartOf":{"@id":"https:\/\/www.accuratereviews.com\/it\/#website"},"primaryImageOfPage":{"@id":"https:\/\/www.accuratereviews.com\/it\/software-disinfestazioni\/salesrabbit-recensione\/#primaryimage"},"image":{"@id":"https:\/\/www.accuratereviews.com\/it\/software-disinfestazioni\/salesrabbit-recensione\/#primaryimage"},"thumbnailUrl":"https:\/\/www.accuratereviews.com\/wp-content\/uploads\/2021\/04\/salesrabbit-1.png","datePublished":"2021-04-20T12:06:20+00:00","dateModified":"2021-04-22T10:48:28+00:00","description":"SalesRabbit: recensione piattforma affidabile per la gestione delle relazioni con i clienti progettata per aziende di tutte le dimensioni.","breadcrumb":{"@id":"https:\/\/www.accuratereviews.com\/it\/software-disinfestazioni\/salesrabbit-recensione\/#breadcrumb"},"inLanguage":"it-IT","potentialAction":[{"@type":"ReadAction","target":["https:\/\/www.accuratereviews.com\/it\/software-disinfestazioni\/salesrabbit-recensione\/"]}]},{"@type":"ImageObject","inLanguage":"it-IT","@id":"https:\/\/www.accuratereviews.com\/it\/software-disinfestazioni\/salesrabbit-recensione\/#primaryimage","url":"https:\/\/www.accuratereviews.com\/wp-content\/uploads\/2021\/04\/salesrabbit-1.png","contentUrl":"https:\/\/www.accuratereviews.com\/wp-content\/uploads\/2021\/04\/salesrabbit-1.png","width":256,"height":256},{"@type":"BreadcrumbList","@id":"https:\/\/www.accuratereviews.com\/it\/software-disinfestazioni\/salesrabbit-recensione\/#breadcrumb","itemListElement":[{"@type":"ListItem","position":1,"name":"Home","item":"https:\/\/www.accuratereviews.com\/it\/"},{"@type":"ListItem","position":2,"name":"Software per le disinfestazioni","item":"https:\/\/www.accuratereviews.com\/it\/software-disinfestazioni\/"},{"@type":"ListItem","position":3,"name":"SalesRabbit"}]},{"@type":"WebSite","@id":"https:\/\/www.accuratereviews.com\/it\/#website","url":"https:\/\/www.accuratereviews.com\/it\/","name":"Accurate Reviews","description":"","potentialAction":[{"@type":"SearchAction","target":{"@type":"EntryPoint","urlTemplate":"https:\/\/www.accuratereviews.com\/it\/?s={search_term_string}"},"query-input":{"@type":"PropertyValueSpecification","valueRequired":true,"valueName":"search_term_string"}}],"inLanguage":"it-IT"}]}},"_links":{"self":[{"href":"https:\/\/www.accuratereviews.com\/it\/wp-json\/wp\/v2\/pages\/40417","targetHints":{"allow":["GET"]}}],"collection":[{"href":"https:\/\/www.accuratereviews.com\/it\/wp-json\/wp\/v2\/pages"}],"about":[{"href":"https:\/\/www.accuratereviews.com\/it\/wp-json\/wp\/v2\/types\/page"}],"author":[{"embeddable":true,"href":"https:\/\/www.accuratereviews.com\/it\/wp-json\/wp\/v2\/users\/19"}],"replies":[{"embeddable":true,"href":"https:\/\/www.accuratereviews.com\/it\/wp-json\/wp\/v2\/comments?post=40417"}],"version-history":[{"count":12,"href":"https:\/\/www.accuratereviews.com\/it\/wp-json\/wp\/v2\/pages\/40417\/revisions"}],"predecessor-version":[{"id":40635,"href":"https:\/\/www.accuratereviews.com\/it\/wp-json\/wp\/v2\/pages\/40417\/revisions\/40635"}],"up":[{"embeddable":true,"href":"https:\/\/www.accuratereviews.com\/it\/wp-json\/wp\/v2\/pages\/39847"}],"wp:featuredmedia":[{"embeddable":true,"href":"https:\/\/www.accuratereviews.com\/it\/wp-json\/wp\/v2\/media\/40468"}],"wp:attachment":[{"href":"https:\/\/www.accuratereviews.com\/it\/wp-json\/wp\/v2\/media?parent=40417"}],"wp:term":[{"taxonomy":"category","embeddable":true,"href":"https:\/\/www.accuratereviews.com\/it\/wp-json\/wp\/v2\/categories?post=40417"},{"taxonomy":"post_tag","embeddable":true,"href":"https:\/\/www.accuratereviews.com\/it\/wp-json\/wp\/v2\/tags?post=40417"},{"taxonomy":"features","embeddable":true,"href":"https:\/\/www.accuratereviews.com\/it\/wp-json\/wp\/v2\/features?post=40417"}],"curies":[{"name":"wp","href":"https:\/\/api.w.org\/{rel}","templated":true}]}}