{"id":40419,"date":"2021-04-20T12:14:58","date_gmt":"2021-04-20T12:14:58","guid":{"rendered":"https:\/\/www.accuratereviews.com\/?page_id=40419"},"modified":"2021-04-22T10:23:52","modified_gmt":"2021-04-22T10:23:52","slug":"servicetitan-recensione","status":"publish","type":"page","link":"https:\/\/www.accuratereviews.com\/it\/software-disinfestazioni\/servicetitan-recensione\/","title":{"rendered":"ServiceTitan"},"content":{"rendered":"<p><strong>ServiceTitan<\/strong> \u00e8 il principale sistema di<strong> gestione dei servizi sul campo<\/strong> che offre una soluzione web all-in-one per la gestione della tua attivit\u00e0. Il software offre anche un&#8217;app per tablet pluripremiata per fornire ai tuoi tecnici gli strumenti di cui hanno bisogno per completare i lavori e ottenere il massimo valore da ogni cliente. Immagina di pianificare e inviare senza problemi chiamate, fatturare i clienti, elaborare i pagamenti sul campo, generare rapporti sulle prestazioni della tua azienda e analizzare i tuoi modelli di vendita con un&#8217;unica soluzione. Il software individuer\u00e0 le aree della tua attivit\u00e0 che possono essere migliorate, incluso come identificare la formazione specifica per il tuo personale. Tieni traccia dei canali di marketing che incentivano le telefonate per aiutarti a ottenere il massimo ritorno sull&#8217;investimento.<\/p>\n<h2>SERVICETITAN &#8211; TUTORIAL<\/h2>\n<p>Ecco un tutorial in mostra le funzioni di questo <strong>software per disinfestazione<\/strong>:<\/p>\n<div id=\"fluid-wrapper-counter-1\" class=\"g1-fluid-wrapper \" style=\"width:686px;\">\n<div style=\"padding-bottom:56.268221574344%;\"><iframe loading=\"lazy\" title=\"ServiceTitan Demo - HVAC\" width=\"686\" height=\"386\" src=\"https:\/\/www.youtube.com\/embed\/chc7hbth6TE?feature=oembed&amp;wmode=transparent&amp;autohide=1&amp;autoplay=0&amp;disablekb=0&amp;fs=1&amp;loop=0&amp;enablejsapi=1&amp;rel=0&amp;controls=2&amp;showinfo=0&amp;wmode=transparent&amp;autohide=2&amp;autoplay=0&amp;disablekb=0&amp;fs=1&amp;loop=0&amp;enablejsapi=1&amp;rel=0&amp;controls=2&amp;showinfo=1\" frameborder=\"0\" allow=\"accelerometer; autoplay; clipboard-write; encrypted-media; gyroscope; picture-in-picture\" allowfullscreen><\/iframe><\/div>\n<\/div>\n<h3>SERVICETITAN &#8211; CARATTERISTICHE<\/h3>\n<ul>\n<li>Migliora i tassi di conversione e le medie di lavoro con una potente esperienza di vendita visiva<\/li>\n<li>Pi\u00f9 opportunit\u00e0 monitorando il modo in cui il personale dell&#8217;ufficio converte le chiamate in appuntamenti<\/li>\n<li>Genera contatti misurando il successo di ogni campagna di marketing<\/li>\n<li>Visualizza le informazioni sui clienti (cronologia dei servizi, attrezzature e altro) quando chiamano<\/li>\n<li>Tieni traccia di tutte le attivit\u00e0, come registrazioni di chiamate e messaggi di testo, relative a ogni opportunit\u00e0<\/li>\n<li>Assicurati che i clienti siano felici dopo ogni appuntamento<\/li>\n<li>Applica le migliori pratiche del settore in ogni esperienza di servizio per migliorare i risultati<\/li>\n<li>Scopri come sta andando la tua attivit\u00e0 ovunque, in qualsiasi momento e in tempo reale<\/li>\n<li>Ricevi una notifica quando si verificano eventi importanti, come la chiusura di grandi vendite o gli appuntamenti annullati<\/li>\n<\/ul>\n<h4>LE RECENSIONI DEGLI UTENTI<\/h4>\n<p class=\"font-weight-bold mb-1 d-flex align-items-center\"><strong>Darius P.&#8221;Eccellente gestione del campo a un prezzo accessibile&#8221;<\/strong><\/p>\n<p><strong>Commenti: <\/strong>Nessuna soluzione software sar\u00e0 perfetta o gestir\u00e0 completamente tutto ci\u00f2 di cui hai bisogno (almeno non senza costi importanti!)<br \/>\nNel complesso ServiceTitan gestisce tutto ci\u00f2 di cui abbiamo bisogno e fornisce anche una contabilit\u00e0 accurata.<\/p>\n<p><strong>Pro: <\/strong>ServiceTitan eccelle davvero nel fornire ai tecnici sul campo gli strumenti di cui hanno bisogno per stimare, vendere e installare \/ riparare per i clienti residenziali. L&#8217;app mobile \u00e8 bella e facile da usare. Adoro il modo in cui i tecnici possono creare preventivi rapidi da modelli di stima, mostrare immagini e prezzi, opzioni e finanziamenti buoni \u00a0\/ migliori e persino accettare pagamenti e firme in movimento. Puoi persino creare moduli personalizzati come risoluzione dei problemi e moduli di arrivo \/ completamento del lavoro.<\/p>\n<p><strong>Contro: <\/strong>ServiceTitan non \u00e8 la soluzione migliore per le attivit\u00e0 commerciali. Creare preventivi dall&#8217;ufficio non \u00e8 ancora efficiente, potrebbe essere fatto in modo diverso. I lavori di pi\u00f9 giorni sono difficili da capire.<\/p>\n<p class=\"font-weight-bold mb-1 d-flex align-items-center\"><strong>Sheena P.&#8221;Ottimo software aziendale!&#8221;<\/strong><\/p>\n<p><strong>Commenti: <\/strong>\u00c8 un&#8217;esperienza di apprendimento continuo utilizzare ServiceTitan perch\u00e9 la piattaforma \u00e8 in continua evoluzione!<\/p>\n<p><strong>Pro: <\/strong>ServiceTitan \u00e8 lo strumento che utilizziamo per rendere la nostra attivit\u00e0 pi\u00f9 redditizia automatizzando ci\u00f2 che pu\u00f2 essere automatizzato in modo da poterci concentrare sulle prestazioni del nostro servizio e costruire relazioni durature con i nostri clienti!<\/p>\n<p><strong>Contro: <\/strong>Con qualsiasi software, ci saranno sempre bug e glitch; questa \u00e8 la cosa che preferisco meno del software.<\/p>\n<p class=\"font-weight-bold mb-1 d-flex align-items-center\"><strong>Jennifer P.&#8221;Adoro Service Titan!&#8221;<\/strong><\/p>\n<p><strong>Commenti: <\/strong>Penso che siano persone fantastiche e sempre alla ricerca di modi per migliorare le loro funzioni!<\/p>\n<p><strong>Pro: <\/strong>Adoro quanto sia facile la mia scheda di follow-up e tutti i modi in cui posso ordinare clienti e lavori.<\/p>\n<p><strong>Contro: <\/strong>L&#8217;aspetto della manutenzione \u00e8 molto confuso e non facilmente risolvibile. Rende davvero difficile il lavoro del mio collega.<\/p>\n","protected":false},"excerpt":{"rendered":"<p>ServiceTitan \u00e8 il principale sistema di gestione dei servizi sul campo che offre una soluzione web all-in-one per la gestione della tua attivit\u00e0. Il software. Il software offre anche un&#8217;app per tablet pluripremiata per fornire ai tuoi tecnici gli strumenti di cui hanno bisogno per completare i lavori e ottenere il massimo valore da ogni cliente.<\/p>\n","protected":false},"author":19,"featured_media":40431,"parent":39847,"menu_order":0,"comment_status":"open","ping_status":"closed","template":"g1_template_page_review_new.php","meta":{"_acf_changed":false,"cwp_meta_box_check":"Yes","cwp_rev_product_name":"","cwp_rev_product_image":"","wppr_links":[],"cwp_rev_price":"","wppr_options":[],"wppr_pros":[],"wppr_cons":[],"_monsterinsights_skip_tracking":false,"_monsterinsights_sitenote_active":false,"_monsterinsights_sitenote_note":"","_monsterinsights_sitenote_category":0,"footnotes":""},"categories":[5626],"tags":[5665,5658,5649,5766,5647,5648],"features":[],"class_list":{"0":"post-40419","1":"page","2":"type-page","3":"status-publish","4":"has-post-thumbnail","6":"category-software-disinfestazioni-categoria","7":"tag-gestione-dei-servizi-sul-campo","8":"tag-piattaforma-per-disinfestazione","9":"tag-programma-per-disinfestazione","10":"tag-servicetitan","11":"tag-software-per-disinfestazione","12":"tag-soluzione-per-disinfestazione"},"wppr_data":{"cwp_meta_box_check":"Yes","cwp_rev_product_name":"","cwp_rev_product_image":"","cwp_image_link":"image","cwp_rev_price":"","wppr_rating":"0.00"},"acf":[],"yoast_head":"<!-- This site is optimized with the Yoast SEO plugin v27.4 - https:\/\/yoast.com\/product\/yoast-seo-wordpress\/ -->\n<title>ServiceTitan: recensione software disinfestazione - Accurate Reviews<\/title>\n<meta name=\"description\" content=\"ServiceTitan: recensione sistema di gestione dei servizi sul campo che offre una soluzione web all-in-one per la gestione della tua attivit\u00e0.\" \/>\n<meta name=\"robots\" content=\"index, follow, max-snippet:-1, max-image-preview:large, max-video-preview:-1\" \/>\n<link rel=\"canonical\" href=\"https:\/\/www.accuratereviews.com\/it\/software-disinfestazioni\/servicetitan-recensione\/\" \/>\n<meta property=\"og:locale\" content=\"it_IT\" \/>\n<meta property=\"og:type\" content=\"article\" \/>\n<meta property=\"og:title\" content=\"ServiceTitan: recensione software disinfestazione - Accurate Reviews\" \/>\n<meta property=\"og:description\" content=\"ServiceTitan: recensione sistema di gestione dei servizi sul campo che offre una soluzione web all-in-one per la gestione della tua attivit\u00e0.\" \/>\n<meta property=\"og:url\" content=\"https:\/\/www.accuratereviews.com\/it\/software-disinfestazioni\/servicetitan-recensione\/\" \/>\n<meta property=\"og:site_name\" content=\"Accurate Reviews\" \/>\n<meta property=\"article:modified_time\" content=\"2021-04-22T10:23:52+00:00\" \/>\n<meta property=\"og:image\" content=\"https:\/\/www.accuratereviews.com\/wp-content\/uploads\/2021\/04\/servicetitan-logo-400.png\" \/>\n\t<meta property=\"og:image:width\" content=\"200\" \/>\n\t<meta property=\"og:image:height\" content=\"200\" \/>\n\t<meta property=\"og:image:type\" content=\"image\/png\" \/>\n<meta name=\"twitter:card\" content=\"summary_large_image\" \/>\n<meta name=\"twitter:label1\" content=\"Tempo di lettura stimato\" \/>\n\t<meta name=\"twitter:data1\" content=\"3 minuti\" \/>\n<script type=\"application\/ld+json\" class=\"yoast-schema-graph\">{\"@context\":\"https:\\\/\\\/schema.org\",\"@graph\":[{\"@type\":\"WebPage\",\"@id\":\"https:\\\/\\\/www.accuratereviews.com\\\/it\\\/software-disinfestazioni\\\/servicetitan-recensione\\\/\",\"url\":\"https:\\\/\\\/www.accuratereviews.com\\\/it\\\/software-disinfestazioni\\\/servicetitan-recensione\\\/\",\"name\":\"ServiceTitan: recensione software disinfestazione - Accurate Reviews\",\"isPartOf\":{\"@id\":\"https:\\\/\\\/www.accuratereviews.com\\\/it\\\/#website\"},\"primaryImageOfPage\":{\"@id\":\"https:\\\/\\\/www.accuratereviews.com\\\/it\\\/software-disinfestazioni\\\/servicetitan-recensione\\\/#primaryimage\"},\"image\":{\"@id\":\"https:\\\/\\\/www.accuratereviews.com\\\/it\\\/software-disinfestazioni\\\/servicetitan-recensione\\\/#primaryimage\"},\"thumbnailUrl\":\"https:\\\/\\\/www.accuratereviews.com\\\/wp-content\\\/uploads\\\/2021\\\/04\\\/servicetitan-logo-400.png\",\"datePublished\":\"2021-04-20T12:14:58+00:00\",\"dateModified\":\"2021-04-22T10:23:52+00:00\",\"description\":\"ServiceTitan: recensione sistema di gestione dei servizi sul campo che offre una soluzione web all-in-one per la gestione della tua attivit\u00e0.\",\"breadcrumb\":{\"@id\":\"https:\\\/\\\/www.accuratereviews.com\\\/it\\\/software-disinfestazioni\\\/servicetitan-recensione\\\/#breadcrumb\"},\"inLanguage\":\"it-IT\",\"potentialAction\":[{\"@type\":\"ReadAction\",\"target\":[\"https:\\\/\\\/www.accuratereviews.com\\\/it\\\/software-disinfestazioni\\\/servicetitan-recensione\\\/\"]}]},{\"@type\":\"ImageObject\",\"inLanguage\":\"it-IT\",\"@id\":\"https:\\\/\\\/www.accuratereviews.com\\\/it\\\/software-disinfestazioni\\\/servicetitan-recensione\\\/#primaryimage\",\"url\":\"https:\\\/\\\/www.accuratereviews.com\\\/wp-content\\\/uploads\\\/2021\\\/04\\\/servicetitan-logo-400.png\",\"contentUrl\":\"https:\\\/\\\/www.accuratereviews.com\\\/wp-content\\\/uploads\\\/2021\\\/04\\\/servicetitan-logo-400.png\",\"width\":200,\"height\":200},{\"@type\":\"BreadcrumbList\",\"@id\":\"https:\\\/\\\/www.accuratereviews.com\\\/it\\\/software-disinfestazioni\\\/servicetitan-recensione\\\/#breadcrumb\",\"itemListElement\":[{\"@type\":\"ListItem\",\"position\":1,\"name\":\"Home\",\"item\":\"https:\\\/\\\/www.accuratereviews.com\\\/it\\\/\"},{\"@type\":\"ListItem\",\"position\":2,\"name\":\"Software per le disinfestazioni\",\"item\":\"https:\\\/\\\/www.accuratereviews.com\\\/it\\\/software-disinfestazioni\\\/\"},{\"@type\":\"ListItem\",\"position\":3,\"name\":\"ServiceTitan\"}]},{\"@type\":\"WebSite\",\"@id\":\"https:\\\/\\\/www.accuratereviews.com\\\/it\\\/#website\",\"url\":\"https:\\\/\\\/www.accuratereviews.com\\\/it\\\/\",\"name\":\"Accurate Reviews\",\"description\":\"\",\"potentialAction\":[{\"@type\":\"SearchAction\",\"target\":{\"@type\":\"EntryPoint\",\"urlTemplate\":\"https:\\\/\\\/www.accuratereviews.com\\\/it\\\/?s={search_term_string}\"},\"query-input\":{\"@type\":\"PropertyValueSpecification\",\"valueRequired\":true,\"valueName\":\"search_term_string\"}}],\"inLanguage\":\"it-IT\"}]}<\/script>\n<!-- \/ Yoast SEO plugin. -->","yoast_head_json":{"title":"ServiceTitan: recensione software disinfestazione - Accurate Reviews","description":"ServiceTitan: recensione sistema di gestione dei servizi sul campo che offre una soluzione web all-in-one per la gestione della tua attivit\u00e0.","robots":{"index":"index","follow":"follow","max-snippet":"max-snippet:-1","max-image-preview":"max-image-preview:large","max-video-preview":"max-video-preview:-1"},"canonical":"https:\/\/www.accuratereviews.com\/it\/software-disinfestazioni\/servicetitan-recensione\/","og_locale":"it_IT","og_type":"article","og_title":"ServiceTitan: recensione software disinfestazione - Accurate Reviews","og_description":"ServiceTitan: recensione sistema di gestione dei servizi sul campo che offre una soluzione web all-in-one per la gestione della tua attivit\u00e0.","og_url":"https:\/\/www.accuratereviews.com\/it\/software-disinfestazioni\/servicetitan-recensione\/","og_site_name":"Accurate Reviews","article_modified_time":"2021-04-22T10:23:52+00:00","og_image":[{"width":200,"height":200,"url":"https:\/\/www.accuratereviews.com\/wp-content\/uploads\/2021\/04\/servicetitan-logo-400.png","type":"image\/png"}],"twitter_card":"summary_large_image","twitter_misc":{"Tempo di lettura stimato":"3 minuti"},"schema":{"@context":"https:\/\/schema.org","@graph":[{"@type":"WebPage","@id":"https:\/\/www.accuratereviews.com\/it\/software-disinfestazioni\/servicetitan-recensione\/","url":"https:\/\/www.accuratereviews.com\/it\/software-disinfestazioni\/servicetitan-recensione\/","name":"ServiceTitan: recensione software disinfestazione - Accurate Reviews","isPartOf":{"@id":"https:\/\/www.accuratereviews.com\/it\/#website"},"primaryImageOfPage":{"@id":"https:\/\/www.accuratereviews.com\/it\/software-disinfestazioni\/servicetitan-recensione\/#primaryimage"},"image":{"@id":"https:\/\/www.accuratereviews.com\/it\/software-disinfestazioni\/servicetitan-recensione\/#primaryimage"},"thumbnailUrl":"https:\/\/www.accuratereviews.com\/wp-content\/uploads\/2021\/04\/servicetitan-logo-400.png","datePublished":"2021-04-20T12:14:58+00:00","dateModified":"2021-04-22T10:23:52+00:00","description":"ServiceTitan: recensione sistema di gestione dei servizi sul campo che offre una soluzione web all-in-one per la gestione della tua attivit\u00e0.","breadcrumb":{"@id":"https:\/\/www.accuratereviews.com\/it\/software-disinfestazioni\/servicetitan-recensione\/#breadcrumb"},"inLanguage":"it-IT","potentialAction":[{"@type":"ReadAction","target":["https:\/\/www.accuratereviews.com\/it\/software-disinfestazioni\/servicetitan-recensione\/"]}]},{"@type":"ImageObject","inLanguage":"it-IT","@id":"https:\/\/www.accuratereviews.com\/it\/software-disinfestazioni\/servicetitan-recensione\/#primaryimage","url":"https:\/\/www.accuratereviews.com\/wp-content\/uploads\/2021\/04\/servicetitan-logo-400.png","contentUrl":"https:\/\/www.accuratereviews.com\/wp-content\/uploads\/2021\/04\/servicetitan-logo-400.png","width":200,"height":200},{"@type":"BreadcrumbList","@id":"https:\/\/www.accuratereviews.com\/it\/software-disinfestazioni\/servicetitan-recensione\/#breadcrumb","itemListElement":[{"@type":"ListItem","position":1,"name":"Home","item":"https:\/\/www.accuratereviews.com\/it\/"},{"@type":"ListItem","position":2,"name":"Software per le disinfestazioni","item":"https:\/\/www.accuratereviews.com\/it\/software-disinfestazioni\/"},{"@type":"ListItem","position":3,"name":"ServiceTitan"}]},{"@type":"WebSite","@id":"https:\/\/www.accuratereviews.com\/it\/#website","url":"https:\/\/www.accuratereviews.com\/it\/","name":"Accurate Reviews","description":"","potentialAction":[{"@type":"SearchAction","target":{"@type":"EntryPoint","urlTemplate":"https:\/\/www.accuratereviews.com\/it\/?s={search_term_string}"},"query-input":{"@type":"PropertyValueSpecification","valueRequired":true,"valueName":"search_term_string"}}],"inLanguage":"it-IT"}]}},"_links":{"self":[{"href":"https:\/\/www.accuratereviews.com\/it\/wp-json\/wp\/v2\/pages\/40419","targetHints":{"allow":["GET"]}}],"collection":[{"href":"https:\/\/www.accuratereviews.com\/it\/wp-json\/wp\/v2\/pages"}],"about":[{"href":"https:\/\/www.accuratereviews.com\/it\/wp-json\/wp\/v2\/types\/page"}],"author":[{"embeddable":true,"href":"https:\/\/www.accuratereviews.com\/it\/wp-json\/wp\/v2\/users\/19"}],"replies":[{"embeddable":true,"href":"https:\/\/www.accuratereviews.com\/it\/wp-json\/wp\/v2\/comments?post=40419"}],"version-history":[{"count":11,"href":"https:\/\/www.accuratereviews.com\/it\/wp-json\/wp\/v2\/pages\/40419\/revisions"}],"predecessor-version":[{"id":40626,"href":"https:\/\/www.accuratereviews.com\/it\/wp-json\/wp\/v2\/pages\/40419\/revisions\/40626"}],"up":[{"embeddable":true,"href":"https:\/\/www.accuratereviews.com\/it\/wp-json\/wp\/v2\/pages\/39847"}],"wp:featuredmedia":[{"embeddable":true,"href":"https:\/\/www.accuratereviews.com\/it\/wp-json\/wp\/v2\/media\/40431"}],"wp:attachment":[{"href":"https:\/\/www.accuratereviews.com\/it\/wp-json\/wp\/v2\/media?parent=40419"}],"wp:term":[{"taxonomy":"category","embeddable":true,"href":"https:\/\/www.accuratereviews.com\/it\/wp-json\/wp\/v2\/categories?post=40419"},{"taxonomy":"post_tag","embeddable":true,"href":"https:\/\/www.accuratereviews.com\/it\/wp-json\/wp\/v2\/tags?post=40419"},{"taxonomy":"features","embeddable":true,"href":"https:\/\/www.accuratereviews.com\/it\/wp-json\/wp\/v2\/features?post=40419"}],"curies":[{"name":"wp","href":"https:\/\/api.w.org\/{rel}","templated":true}]}}