{"id":40501,"date":"2021-04-21T11:36:53","date_gmt":"2021-04-21T11:36:53","guid":{"rendered":"https:\/\/www.accuratereviews.com\/?page_id=40501"},"modified":"2021-04-23T12:35:04","modified_gmt":"2021-04-23T12:35:04","slug":"service-autopilot-recensione","status":"publish","type":"page","link":"https:\/\/www.accuratereviews.com\/it\/software-disinfestazioni\/service-autopilot-recensione\/","title":{"rendered":"Service Autopilot"},"content":{"rendered":"<p><strong>Service Autopilot<\/strong> \u00e8 un software che fornisce soluzioni di gestione end-to-end per diversi servizi sul campo. Che tu possieda un&#8217;agenzia di pulizie, giardinaggio, disinfestazione o un&#8217;impresa di costruzioni, questa piattaforma ti fornir\u00e0 gli strumenti necessari per aumentare la produttivit\u00e0 dei dipendenti, rafforzare la gestione e supportare la crescita aziendale.\u00a0Tra le funzionalit\u00e0 principali di questo programma vi sono la gestione dell&#8217;acquisizione dei lead, la pianificazione e il reporting sulla produttivit\u00e0. Questi consistono in strumenti che possono essere personalizzati in base alle mutevoli esigenze delle vostre operazioni. Inoltre, avendo sviluppato le applicazioni<strong> Android<\/strong> e <strong>iOS<\/strong> native, il software pu\u00f2 garantire che i tuoi team possano accedere alla soluzione anche mentre sono sul campo.\u00a0In pi\u00f9, dispone di un sistema di notifica intuitivo per il calendario, l&#8217;elenco delle cose da fare e il sistema di comunicazione integrati. In questo modo, non perderai mai una chiamata, una riunione o una scadenza.<\/p>\n<h2>SERVICE AUTOPILOT &#8211; TUTORIAL<\/h2>\n<p>Creare preventivi con questo <strong>software per disinfestazione<\/strong> non mai stato cos\u00ec semplice:<\/p>\n<div id=\"fluid-wrapper-counter-1\" class=\"g1-fluid-wrapper \" style=\"width:686px;\">\n<div style=\"padding-bottom:56.268221574344%;\"><iframe loading=\"lazy\" title=\"Creating Estimates in Service Autopilot (how to)\" width=\"686\" height=\"386\" src=\"https:\/\/www.youtube.com\/embed\/Eqoq_WmgAic?feature=oembed&amp;wmode=transparent&amp;autohide=1&amp;autoplay=0&amp;disablekb=0&amp;fs=1&amp;loop=0&amp;enablejsapi=1&amp;rel=0&amp;controls=2&amp;showinfo=0&amp;wmode=transparent&amp;autohide=2&amp;autoplay=0&amp;disablekb=0&amp;fs=1&amp;loop=0&amp;enablejsapi=1&amp;rel=0&amp;controls=2&amp;showinfo=1\" frameborder=\"0\" allow=\"accelerometer; autoplay; clipboard-write; encrypted-media; gyroscope; picture-in-picture\" allowfullscreen><\/iframe><\/div>\n<\/div>\n<h3>SERVICE AUTOPILOT &#8211; CARATTERISTICHE<\/h3>\n<ul>\n<li><strong>Pianifica i lavori<\/strong>: con pochi clic, puoi facilmente pianificare i tuoi lavori occasionali e ricorrenti<\/li>\n<li><strong>Mappe intelligenti:<\/strong> ottimizza automaticamente i tuoi percorsi e acquisisci nuovi contatti in tempo reale risparmiando enormi quantit\u00e0 di tempo<\/li>\n<li><strong>Fatture istantaneamente<\/strong>: fatti pagare pi\u00f9 velocemente inviando fatture professionali<\/li>\n<li><strong>Rapporti aziendali<\/strong>: genera rapporti settimanali o mensili spedendoli automaticamente alla tua casella di posta<\/li>\n<li><strong>Cronologia account cliente<\/strong>: visualizza tutta la cronologia dell&#8217;account dei tuoi clienti (inclusi lavori, preventivi, fatture e note importanti)<\/li>\n<li><strong>Sincronizzazione QuickBooks bidirezionale<\/strong>: sincronizza automaticamente i tuoi account con la nostra sincronizzazione bidirezionale QuickBooks. Niente pi\u00f9 doppia immissione dei dati. Si sincronizza con QuickBooks Desktop e QuickBooks Online.<\/li>\n<li><strong>Tracciamento GPS<\/strong>: mantieni il tuo team in attivit\u00e0 e aggiornato con l&#8217;app mobile.<\/li>\n<\/ul>\n<h4>LE RECENSIONI DEGLI UTENTI<\/h4>\n<p class=\"font-weight-bold mb-1 d-flex align-items-center\"><strong>Freddy Z.&#8221;Il sistema \u00e8 fantastico. Inizialmente mi ero registrato per la funzione di spedizione dei fertilizzanti, ma ho ottenuto molto di pi\u00f9&#8221;<\/strong><\/p>\n<p><strong>Commenti: <\/strong>Aiuta a gestire la crescita e a organizzare i posti di lavoro e i dipendenti.<\/p>\n<p><strong>Pro: <\/strong>Durante l&#8217;inverno un operatore di spazzaneve \u00e8 stato accusato di urtare un&#8217;auto in un parcheggio. Dal momento che Service Autopilot ha una funzione di monitoraggio del tempo durante il lavoro, siamo stati in grado di dimostrare il tempo in cui ci trovavamo nella propriet\u00e0 ed esposto che il manager stava cercando di truffarci! Dal momento che hanno telecamere sulla propriet\u00e0 e abbiamo chiesto loro di mostrare a noi e al proprietario dell&#8217;auto il filmato del periodo di tempo da quando ci trovavamo effettivamente nella propriet\u00e0. In conclusione non hanno potuto dimostrare nulla.<\/p>\n<p><strong>Contro: <\/strong>Non proprio niente che posso sottolineare. Ha qualche problema tecnico occasionale, ma quale potente app \/ software non ha.<\/p>\n<p class=\"font-weight-bold mb-1 d-flex align-items-center\"><strong>Steve H.&#8221;Service Autopilot \u00e8 una manna dal cielo&#8221;<\/strong><\/p>\n<p><strong>Pro: <\/strong>Mi fa risparmiare 60 ore al mese. Non \u00e8 pi\u00f9 necessario fare affidamento su fogli di calcolo che impiegano un&#8217;eternit\u00e0 per l&#8217;aggiornamento quotidiano e settimanale. Ci ha permesso di espanderci; ho assunto due nuovi dipendenti che servono in media 40 yard al giorno (60+ il venerd\u00ec). Service Autopilot fornisce anche un&#8217;ampia consulenza e coaching su come espandere la nostra attivit\u00e0. Non \u00e8 economico, ma ottieni un ottimo rapporto qualit\u00e0-prezzo. Usiamo carte di credito per fatturare a tutti e con SA possiamo fatturare a tutti con un clic, e poich\u00e9 abbiamo contanti in entrata ogni giorno, non ci sono problemi con il flusso di cassa. Facciamo il lavoro, veniamo pagati lo stesso giorno o settimana.<\/p>\n<p><strong>Contro: <\/strong>Il loro software di routing computerizzato \u00e8 nella migliore delle ipotesi scadente. Per noi, facciamo pi\u00f9 di 20 fermate al giorno in due squadre, il software di routing SA \u00e8 un fallimento. Fortunatamente, avevo gi\u00e0 imparato a tracciare utilizzando Road Warrior.<\/p>\n<p class=\"font-weight-bold mb-1 d-flex align-items-center\"><strong>Nicholle G.&#8221;Sorprendente! Ha completamente razionalizzato i processi della nostra azienda.&#8221;<\/strong><\/p>\n<p><strong>Pro: <\/strong>La capacit\u00e0 di comunicare senza problemi tra il luogo di lavoro e l&#8217;ufficio tramite note di lavoro. Rende la comunicazione con i clienti cos\u00ec facile ed efficiente!<\/p>\n<p><strong>Contro: <\/strong>Niente! Il personale \u00e8 estremamente reattivo e sempre veloce nel risolvere e aiutare con qualsiasi problema.<\/p>\n","protected":false},"excerpt":{"rendered":"<p>Service Autopilot \u00e8 un software che fornisce soluzioni di gestione end-to-end per diversi servizi sul campo. Che tu possieda un&#8217;agenzia di pulizie, giardinaggio, disinfestazione o un&#8217;impresa di costruzioni, questa piattaforma ti fornir\u00e0 gli strumenti necessari per aumentare la produttivit\u00e0 dei dipendenti, rafforzare la gestione e supportare la crescita aziendale.\u00a0<\/p>\n","protected":false},"author":19,"featured_media":40516,"parent":39847,"menu_order":0,"comment_status":"open","ping_status":"closed","template":"g1_template_page_review_new.php","meta":{"_acf_changed":false,"cwp_meta_box_check":"Yes","cwp_rev_product_name":"","cwp_rev_product_image":"","wppr_links":[],"cwp_rev_price":"","wppr_options":[],"wppr_pros":[],"wppr_cons":[],"_monsterinsights_skip_tracking":false,"_monsterinsights_sitenote_active":false,"_monsterinsights_sitenote_note":"","_monsterinsights_sitenote_category":0,"footnotes":""},"categories":[5626],"tags":[396,5658,5649,5772,5647,5648],"features":[],"class_list":{"0":"post-40501","1":"page","2":"type-page","3":"status-publish","4":"has-post-thumbnail","6":"category-software-disinfestazioni-categoria","7":"tag-cloud","8":"tag-piattaforma-per-disinfestazione","9":"tag-programma-per-disinfestazione","10":"tag-service-autopilot","11":"tag-software-per-disinfestazione","12":"tag-soluzione-per-disinfestazione"},"wppr_data":{"cwp_meta_box_check":"Yes","cwp_rev_product_name":"","cwp_rev_product_image":"","cwp_image_link":"image","cwp_rev_price":"","wppr_rating":"0.00"},"acf":[],"yoast_head":"<!-- This site is optimized with the Yoast SEO plugin v27.4 - https:\/\/yoast.com\/product\/yoast-seo-wordpress\/ -->\n<title>Service Autopilot: recensione software disinfestazione - Accurate Reviews<\/title>\n<meta name=\"description\" content=\"Service Autopilot: recensione software che fornisce soluzioni di gestione end-to-end per diversi servizi sul campo.\" \/>\n<meta name=\"robots\" content=\"index, follow, max-snippet:-1, max-image-preview:large, max-video-preview:-1\" \/>\n<link rel=\"canonical\" href=\"https:\/\/www.accuratereviews.com\/it\/software-disinfestazioni\/service-autopilot-recensione\/\" \/>\n<meta property=\"og:locale\" content=\"it_IT\" \/>\n<meta property=\"og:type\" content=\"article\" \/>\n<meta property=\"og:title\" content=\"Service Autopilot: recensione software disinfestazione - Accurate Reviews\" \/>\n<meta property=\"og:description\" content=\"Service Autopilot: recensione software che fornisce soluzioni di gestione end-to-end per diversi servizi sul campo.\" \/>\n<meta property=\"og:url\" content=\"https:\/\/www.accuratereviews.com\/it\/software-disinfestazioni\/service-autopilot-recensione\/\" \/>\n<meta property=\"og:site_name\" content=\"Accurate Reviews\" \/>\n<meta property=\"article:modified_time\" content=\"2021-04-23T12:35:04+00:00\" \/>\n<meta property=\"og:image\" content=\"https:\/\/www.accuratereviews.com\/wp-content\/uploads\/2021\/04\/sa.png\" \/>\n\t<meta property=\"og:image:width\" content=\"1101\" \/>\n\t<meta property=\"og:image:height\" content=\"287\" \/>\n\t<meta property=\"og:image:type\" content=\"image\/png\" \/>\n<meta name=\"twitter:card\" content=\"summary_large_image\" \/>\n<meta name=\"twitter:label1\" content=\"Tempo di lettura stimato\" \/>\n\t<meta name=\"twitter:data1\" content=\"3 minuti\" \/>\n<script type=\"application\/ld+json\" class=\"yoast-schema-graph\">{\"@context\":\"https:\\\/\\\/schema.org\",\"@graph\":[{\"@type\":\"WebPage\",\"@id\":\"https:\\\/\\\/www.accuratereviews.com\\\/it\\\/software-disinfestazioni\\\/service-autopilot-recensione\\\/\",\"url\":\"https:\\\/\\\/www.accuratereviews.com\\\/it\\\/software-disinfestazioni\\\/service-autopilot-recensione\\\/\",\"name\":\"Service Autopilot: recensione software disinfestazione - Accurate Reviews\",\"isPartOf\":{\"@id\":\"https:\\\/\\\/www.accuratereviews.com\\\/it\\\/#website\"},\"primaryImageOfPage\":{\"@id\":\"https:\\\/\\\/www.accuratereviews.com\\\/it\\\/software-disinfestazioni\\\/service-autopilot-recensione\\\/#primaryimage\"},\"image\":{\"@id\":\"https:\\\/\\\/www.accuratereviews.com\\\/it\\\/software-disinfestazioni\\\/service-autopilot-recensione\\\/#primaryimage\"},\"thumbnailUrl\":\"https:\\\/\\\/www.accuratereviews.com\\\/wp-content\\\/uploads\\\/2021\\\/04\\\/sa.png\",\"datePublished\":\"2021-04-21T11:36:53+00:00\",\"dateModified\":\"2021-04-23T12:35:04+00:00\",\"description\":\"Service Autopilot: recensione software che fornisce soluzioni di gestione end-to-end per diversi servizi sul campo.\",\"breadcrumb\":{\"@id\":\"https:\\\/\\\/www.accuratereviews.com\\\/it\\\/software-disinfestazioni\\\/service-autopilot-recensione\\\/#breadcrumb\"},\"inLanguage\":\"it-IT\",\"potentialAction\":[{\"@type\":\"ReadAction\",\"target\":[\"https:\\\/\\\/www.accuratereviews.com\\\/it\\\/software-disinfestazioni\\\/service-autopilot-recensione\\\/\"]}]},{\"@type\":\"ImageObject\",\"inLanguage\":\"it-IT\",\"@id\":\"https:\\\/\\\/www.accuratereviews.com\\\/it\\\/software-disinfestazioni\\\/service-autopilot-recensione\\\/#primaryimage\",\"url\":\"https:\\\/\\\/www.accuratereviews.com\\\/wp-content\\\/uploads\\\/2021\\\/04\\\/sa.png\",\"contentUrl\":\"https:\\\/\\\/www.accuratereviews.com\\\/wp-content\\\/uploads\\\/2021\\\/04\\\/sa.png\",\"width\":1101,\"height\":287},{\"@type\":\"BreadcrumbList\",\"@id\":\"https:\\\/\\\/www.accuratereviews.com\\\/it\\\/software-disinfestazioni\\\/service-autopilot-recensione\\\/#breadcrumb\",\"itemListElement\":[{\"@type\":\"ListItem\",\"position\":1,\"name\":\"Home\",\"item\":\"https:\\\/\\\/www.accuratereviews.com\\\/it\\\/\"},{\"@type\":\"ListItem\",\"position\":2,\"name\":\"Software per le disinfestazioni\",\"item\":\"https:\\\/\\\/www.accuratereviews.com\\\/it\\\/software-disinfestazioni\\\/\"},{\"@type\":\"ListItem\",\"position\":3,\"name\":\"Service Autopilot\"}]},{\"@type\":\"WebSite\",\"@id\":\"https:\\\/\\\/www.accuratereviews.com\\\/it\\\/#website\",\"url\":\"https:\\\/\\\/www.accuratereviews.com\\\/it\\\/\",\"name\":\"Accurate Reviews\",\"description\":\"\",\"potentialAction\":[{\"@type\":\"SearchAction\",\"target\":{\"@type\":\"EntryPoint\",\"urlTemplate\":\"https:\\\/\\\/www.accuratereviews.com\\\/it\\\/?s={search_term_string}\"},\"query-input\":{\"@type\":\"PropertyValueSpecification\",\"valueRequired\":true,\"valueName\":\"search_term_string\"}}],\"inLanguage\":\"it-IT\"}]}<\/script>\n<!-- \/ Yoast SEO plugin. -->","yoast_head_json":{"title":"Service Autopilot: recensione software disinfestazione - Accurate Reviews","description":"Service Autopilot: recensione software che fornisce soluzioni di gestione end-to-end per diversi servizi sul campo.","robots":{"index":"index","follow":"follow","max-snippet":"max-snippet:-1","max-image-preview":"max-image-preview:large","max-video-preview":"max-video-preview:-1"},"canonical":"https:\/\/www.accuratereviews.com\/it\/software-disinfestazioni\/service-autopilot-recensione\/","og_locale":"it_IT","og_type":"article","og_title":"Service Autopilot: recensione software disinfestazione - Accurate Reviews","og_description":"Service Autopilot: recensione software che fornisce soluzioni di gestione end-to-end per diversi servizi sul campo.","og_url":"https:\/\/www.accuratereviews.com\/it\/software-disinfestazioni\/service-autopilot-recensione\/","og_site_name":"Accurate Reviews","article_modified_time":"2021-04-23T12:35:04+00:00","og_image":[{"width":1101,"height":287,"url":"https:\/\/www.accuratereviews.com\/wp-content\/uploads\/2021\/04\/sa.png","type":"image\/png"}],"twitter_card":"summary_large_image","twitter_misc":{"Tempo di lettura stimato":"3 minuti"},"schema":{"@context":"https:\/\/schema.org","@graph":[{"@type":"WebPage","@id":"https:\/\/www.accuratereviews.com\/it\/software-disinfestazioni\/service-autopilot-recensione\/","url":"https:\/\/www.accuratereviews.com\/it\/software-disinfestazioni\/service-autopilot-recensione\/","name":"Service Autopilot: recensione software disinfestazione - Accurate Reviews","isPartOf":{"@id":"https:\/\/www.accuratereviews.com\/it\/#website"},"primaryImageOfPage":{"@id":"https:\/\/www.accuratereviews.com\/it\/software-disinfestazioni\/service-autopilot-recensione\/#primaryimage"},"image":{"@id":"https:\/\/www.accuratereviews.com\/it\/software-disinfestazioni\/service-autopilot-recensione\/#primaryimage"},"thumbnailUrl":"https:\/\/www.accuratereviews.com\/wp-content\/uploads\/2021\/04\/sa.png","datePublished":"2021-04-21T11:36:53+00:00","dateModified":"2021-04-23T12:35:04+00:00","description":"Service Autopilot: recensione software che fornisce soluzioni di gestione end-to-end per diversi servizi sul campo.","breadcrumb":{"@id":"https:\/\/www.accuratereviews.com\/it\/software-disinfestazioni\/service-autopilot-recensione\/#breadcrumb"},"inLanguage":"it-IT","potentialAction":[{"@type":"ReadAction","target":["https:\/\/www.accuratereviews.com\/it\/software-disinfestazioni\/service-autopilot-recensione\/"]}]},{"@type":"ImageObject","inLanguage":"it-IT","@id":"https:\/\/www.accuratereviews.com\/it\/software-disinfestazioni\/service-autopilot-recensione\/#primaryimage","url":"https:\/\/www.accuratereviews.com\/wp-content\/uploads\/2021\/04\/sa.png","contentUrl":"https:\/\/www.accuratereviews.com\/wp-content\/uploads\/2021\/04\/sa.png","width":1101,"height":287},{"@type":"BreadcrumbList","@id":"https:\/\/www.accuratereviews.com\/it\/software-disinfestazioni\/service-autopilot-recensione\/#breadcrumb","itemListElement":[{"@type":"ListItem","position":1,"name":"Home","item":"https:\/\/www.accuratereviews.com\/it\/"},{"@type":"ListItem","position":2,"name":"Software per le disinfestazioni","item":"https:\/\/www.accuratereviews.com\/it\/software-disinfestazioni\/"},{"@type":"ListItem","position":3,"name":"Service Autopilot"}]},{"@type":"WebSite","@id":"https:\/\/www.accuratereviews.com\/it\/#website","url":"https:\/\/www.accuratereviews.com\/it\/","name":"Accurate Reviews","description":"","potentialAction":[{"@type":"SearchAction","target":{"@type":"EntryPoint","urlTemplate":"https:\/\/www.accuratereviews.com\/it\/?s={search_term_string}"},"query-input":{"@type":"PropertyValueSpecification","valueRequired":true,"valueName":"search_term_string"}}],"inLanguage":"it-IT"}]}},"_links":{"self":[{"href":"https:\/\/www.accuratereviews.com\/it\/wp-json\/wp\/v2\/pages\/40501","targetHints":{"allow":["GET"]}}],"collection":[{"href":"https:\/\/www.accuratereviews.com\/it\/wp-json\/wp\/v2\/pages"}],"about":[{"href":"https:\/\/www.accuratereviews.com\/it\/wp-json\/wp\/v2\/types\/page"}],"author":[{"embeddable":true,"href":"https:\/\/www.accuratereviews.com\/it\/wp-json\/wp\/v2\/users\/19"}],"replies":[{"embeddable":true,"href":"https:\/\/www.accuratereviews.com\/it\/wp-json\/wp\/v2\/comments?post=40501"}],"version-history":[{"count":13,"href":"https:\/\/www.accuratereviews.com\/it\/wp-json\/wp\/v2\/pages\/40501\/revisions"}],"predecessor-version":[{"id":40854,"href":"https:\/\/www.accuratereviews.com\/it\/wp-json\/wp\/v2\/pages\/40501\/revisions\/40854"}],"up":[{"embeddable":true,"href":"https:\/\/www.accuratereviews.com\/it\/wp-json\/wp\/v2\/pages\/39847"}],"wp:featuredmedia":[{"embeddable":true,"href":"https:\/\/www.accuratereviews.com\/it\/wp-json\/wp\/v2\/media\/40516"}],"wp:attachment":[{"href":"https:\/\/www.accuratereviews.com\/it\/wp-json\/wp\/v2\/media?parent=40501"}],"wp:term":[{"taxonomy":"category","embeddable":true,"href":"https:\/\/www.accuratereviews.com\/it\/wp-json\/wp\/v2\/categories?post=40501"},{"taxonomy":"post_tag","embeddable":true,"href":"https:\/\/www.accuratereviews.com\/it\/wp-json\/wp\/v2\/tags?post=40501"},{"taxonomy":"features","embeddable":true,"href":"https:\/\/www.accuratereviews.com\/it\/wp-json\/wp\/v2\/features?post=40501"}],"curies":[{"name":"wp","href":"https:\/\/api.w.org\/{rel}","templated":true}]}}