{"id":40503,"date":"2021-04-21T11:30:22","date_gmt":"2021-04-21T11:30:22","guid":{"rendered":"https:\/\/www.accuratereviews.com\/?page_id=40503"},"modified":"2021-04-23T11:45:27","modified_gmt":"2021-04-23T11:45:27","slug":"pestroutes-recensione","status":"publish","type":"page","link":"https:\/\/www.accuratereviews.com\/it\/software-disinfestazioni\/pestroutes-recensione\/","title":{"rendered":"PestRoutes"},"content":{"rendered":"<p><strong>PestRoutes<\/strong> \u00e8 un <strong>software di disinfestazione<\/strong> creato appositamente per le societ\u00e0 di controllo dei parassiti. La soluzione garantisce che i tuoi tecnici arrivino in tempo presso le sedi dei clienti e che completino le loro attivit\u00e0 entro tempi stabiliti. Inoltre, ci\u00f2 consente di soddisfare il maggior numero di utenti possibile durante la giornata, poich\u00e9 l&#8217;applicazione consente agli agenti di back-office di aggiungere pi\u00f9 fermate al percorso impostato. Anche la fatturazione \u00e8 semplificata poich\u00e9 <strong>PestRoutes<\/strong> dispone di un sistema di fatturazione elettronica integrato. In questo modo, dai ai clienti la possibilit\u00e0 di pagare online e di visualizzare la cronologia delle transazioni dal loro portale. In pi\u00f9 questo ti d\u00e0 la flessibilit\u00e0 di inviare fatture nelle date preferite per servizi una tantum, canoni mensili e canoni di abbonamento.<\/p>\n<h2>PESTROUTES &#8211; TUTORIAL<\/h2>\n<p>Guarda la demo gratuita per vedere come il software pu\u00f2 aiutare la tua <strong>attivit\u00e0 di disinfestazione<\/strong>:<\/p>\n<div id=\"fluid-wrapper-counter-1\" class=\"g1-fluid-wrapper \" style=\"width:686px;\">\n<div style=\"padding-bottom:56.268221574344%;\"><iframe loading=\"lazy\" title=\"Get Powerful Pest Control Software Built By Pest Control Experts\" width=\"686\" height=\"386\" src=\"https:\/\/www.youtube.com\/embed\/h3-Pn4dSz2A?feature=oembed&amp;wmode=transparent&amp;autohide=1&amp;autoplay=0&amp;disablekb=0&amp;fs=1&amp;loop=0&amp;enablejsapi=1&amp;rel=0&amp;controls=2&amp;showinfo=0&amp;wmode=transparent&amp;autohide=2&amp;autoplay=0&amp;disablekb=0&amp;fs=1&amp;loop=0&amp;enablejsapi=1&amp;rel=0&amp;controls=2&amp;showinfo=1\" frameborder=\"0\" allow=\"accelerometer; autoplay; clipboard-write; encrypted-media; gyroscope; picture-in-picture\" allowfullscreen><\/iframe><\/div>\n<\/div>\n<h3>PESTROUTES &#8211; CARATTERISTICHE<\/h3>\n<ul>\n<li>Fornisci trattamenti contro i parassiti pi\u00f9 efficaci<\/li>\n<li>Gestisci i dettagli degli appuntamento<\/li>\n<li>Visualizza e registra la cronologia dei servizi immobiliari<\/li>\n<li>Definisci aree, registra le attivit\u00e0, gestisci la conformit\u00e0<\/li>\n<li>Notifiche di servizio automatizzate<\/li>\n<li>Collega i canali social per le recensioni<\/li>\n<li>Ricevi e visualizza le recensioni dei clienti<\/li>\n<li>Profili utente, autorizzazioni e controlli di accesso<\/li>\n<li>Preferenze, branding e personalizzazione<\/li>\n<li>Modelli di contratto e servizi<\/li>\n<li>Ottimizzazione del percorso<\/li>\n<li>Trascina e rilascia gli appuntamenti<\/li>\n<li>Programma visualizzazione mappa<\/li>\n<li>Crea e attiva rapidamente nuovi profili cliente<\/li>\n<li>Supportare i clienti residenziali e commerciali<\/li>\n<li>Genera e condividi recensioni online<\/li>\n<li>Modelli di contratto, servizio e asset<\/li>\n<li>Fatture automatizzate e notifiche di servizio<\/li>\n<li>Appuntamento attivato e promemoria di pagamento<\/li>\n<li>Portale clienti online<\/li>\n<li>Pagamento automatico e piani di pagamento personalizzati<\/li>\n<li>Dashboard basato sui ruoli<\/li>\n<li>Visualizzazione dettagliata dei widget<\/li>\n<li>Approfondimenti utilizzabili<\/li>\n<li>Filtri e parametri con capacit\u00e0 di esportazione<\/li>\n<li>Reporting sulle tendenze commerciali<\/li>\n<li>Monitoraggio dei tecnici<\/li>\n<li>Reportistica completa sulle vendite, sui clienti, sulla finanza e sulle operazioni<\/li>\n<\/ul>\n<h4>LE RECENSIONI DEGLI UTENTI<\/h4>\n<p class=\"font-weight-bold mb-1 d-flex align-items-center\"><strong>Jeffrey R.&#8221;Controllo dei parassiti&#8221;<\/strong><\/p>\n<p><strong>Commenti: <\/strong>\u00e8 un ottimo strumento di pianificazione e monitoraggio, tuttavia la nostra mancanza di conoscenza su tutti i vantaggi che questo software ha e su come usarli potrebbe spingermi ad altri software in futuro.<\/p>\n<p><strong>Pro: <\/strong>I nostri tecnici sul campo lo trovano molto facile da usare. Ottimo per programmare percorsi.<\/p>\n<p><strong>Contro: <\/strong>Mancanza di formazione sull&#8217;uso quotidiano e funzionalit\u00e0 aggiuntive. Questo software \u00e8 ottimo per la nostra azienda, tuttavia mentre stiamo crescendo stiamo scoprendo altre esigenze software che non siamo sicuri offrano.<\/p>\n<p class=\"font-weight-bold mb-1 d-flex align-items-center\"><strong>Cliff K.&#8221;La migliore azienda di software per supportare le operazioni di controllo dei parassiti&#8221;<\/strong><\/p>\n<p><strong>Commenti: <\/strong>Tutte le nostre priorit\u00e0 principali erano parti fondamentali della versione web e della versione mobile. Questa era la decisione fondamentale di andare con PestRoutes.<\/p>\n<p><strong>Pro: <\/strong>Il loro supporto clienti \u00e8 il migliore che abbia mai visto.<\/p>\n<p><strong>Contro: <\/strong>Poich\u00e9 il software pu\u00f2 ospitare scenari complessi come la fatturazione ad altre parti, pi\u00f9 servizi, ecc., Molto complesso.<\/p>\n<p class=\"font-weight-bold mb-1 d-flex align-items-center\"><strong>Craig T.&#8221;Software di controllo dei parassiti&#8221;<\/strong><\/p>\n<p><strong>Commenti: <\/strong>Problemi di mappatura come la sovrapposizione di percorsi erano facili da individuare con lo schema di codifica a colori.<\/p>\n<p><strong>Pro: <\/strong>\u00c8 uno strumento facile da usare per i dipendenti di tutti i gradi. La mappatura era molto chiara, comprese cose come lo zoom.<\/p>\n<p><strong>Contro: <\/strong>Questo software va andare in crash troppo. A volte in un momento importanti della giornata. Inoltre era fermo per manutenzione durante l&#8217;orario d&#8217;ufficio. Preferirei che qualsiasi manutenzione fosse eseguita in altri momenti.<\/p>\n","protected":false},"excerpt":{"rendered":"<p>PestRoutes \u00e8 un software di disinfestazione creato appositamente per le societ\u00e0 di controllo dei parassiti. La soluzione garantisce che i tuoi tecnici arrivino in tempo presso le sedi dei clienti e che completino le loro attivit\u00e0 entro tempi stabiliti.<\/p>\n","protected":false},"author":19,"featured_media":40505,"parent":39847,"menu_order":0,"comment_status":"open","ping_status":"closed","template":"g1_template_page_review_new.php","meta":{"_acf_changed":false,"cwp_meta_box_check":"Yes","cwp_rev_product_name":"","cwp_rev_product_image":"","wppr_links":[],"cwp_rev_price":"","wppr_options":[],"wppr_pros":[],"wppr_cons":[],"_monsterinsights_skip_tracking":false,"_monsterinsights_sitenote_active":false,"_monsterinsights_sitenote_note":"","_monsterinsights_sitenote_category":0,"footnotes":""},"categories":[5626],"tags":[5771,5658,5649,5647,5648],"features":[],"class_list":{"0":"post-40503","1":"page","2":"type-page","3":"status-publish","4":"has-post-thumbnail","6":"category-software-disinfestazioni-categoria","7":"tag-pestroutes","8":"tag-piattaforma-per-disinfestazione","9":"tag-programma-per-disinfestazione","10":"tag-software-per-disinfestazione","11":"tag-soluzione-per-disinfestazione"},"wppr_data":{"cwp_meta_box_check":"Yes","cwp_rev_product_name":"","cwp_rev_product_image":"","cwp_image_link":"image","cwp_rev_price":"","wppr_rating":"0.00"},"acf":[],"yoast_head":"<!-- This site is optimized with the Yoast SEO plugin v27.4 - https:\/\/yoast.com\/product\/yoast-seo-wordpress\/ -->\n<title>PestRoutes: recensione software disinfestazione - Accurate Reviews<\/title>\n<meta name=\"description\" content=\"PestRoutes: recensione software di disinfestazione creato appositamente per le societ\u00e0 di controllo dei parassiti.\" \/>\n<meta name=\"robots\" content=\"index, follow, max-snippet:-1, max-image-preview:large, max-video-preview:-1\" \/>\n<link rel=\"canonical\" href=\"https:\/\/www.accuratereviews.com\/it\/software-disinfestazioni\/pestroutes-recensione\/\" \/>\n<meta property=\"og:locale\" content=\"it_IT\" \/>\n<meta property=\"og:type\" content=\"article\" \/>\n<meta property=\"og:title\" content=\"PestRoutes: recensione software disinfestazione - Accurate Reviews\" \/>\n<meta property=\"og:description\" content=\"PestRoutes: recensione software di disinfestazione creato appositamente per le societ\u00e0 di controllo dei parassiti.\" \/>\n<meta property=\"og:url\" content=\"https:\/\/www.accuratereviews.com\/it\/software-disinfestazioni\/pestroutes-recensione\/\" \/>\n<meta property=\"og:site_name\" content=\"Accurate Reviews\" \/>\n<meta property=\"article:modified_time\" content=\"2021-04-23T11:45:27+00:00\" \/>\n<meta property=\"og:image\" content=\"https:\/\/www.accuratereviews.com\/wp-content\/uploads\/2021\/04\/pestroutes.jpg\" \/>\n\t<meta property=\"og:image:width\" content=\"600\" \/>\n\t<meta property=\"og:image:height\" content=\"400\" \/>\n\t<meta property=\"og:image:type\" content=\"image\/jpeg\" \/>\n<meta name=\"twitter:card\" content=\"summary_large_image\" \/>\n<meta name=\"twitter:label1\" content=\"Tempo di lettura stimato\" \/>\n\t<meta name=\"twitter:data1\" content=\"3 minuti\" \/>\n<script type=\"application\/ld+json\" class=\"yoast-schema-graph\">{\"@context\":\"https:\\\/\\\/schema.org\",\"@graph\":[{\"@type\":\"WebPage\",\"@id\":\"https:\\\/\\\/www.accuratereviews.com\\\/it\\\/software-disinfestazioni\\\/pestroutes-recensione\\\/\",\"url\":\"https:\\\/\\\/www.accuratereviews.com\\\/it\\\/software-disinfestazioni\\\/pestroutes-recensione\\\/\",\"name\":\"PestRoutes: recensione software disinfestazione - Accurate Reviews\",\"isPartOf\":{\"@id\":\"https:\\\/\\\/www.accuratereviews.com\\\/it\\\/#website\"},\"primaryImageOfPage\":{\"@id\":\"https:\\\/\\\/www.accuratereviews.com\\\/it\\\/software-disinfestazioni\\\/pestroutes-recensione\\\/#primaryimage\"},\"image\":{\"@id\":\"https:\\\/\\\/www.accuratereviews.com\\\/it\\\/software-disinfestazioni\\\/pestroutes-recensione\\\/#primaryimage\"},\"thumbnailUrl\":\"https:\\\/\\\/www.accuratereviews.com\\\/wp-content\\\/uploads\\\/2021\\\/04\\\/pestroutes.jpg\",\"datePublished\":\"2021-04-21T11:30:22+00:00\",\"dateModified\":\"2021-04-23T11:45:27+00:00\",\"description\":\"PestRoutes: recensione software di disinfestazione creato appositamente per le societ\u00e0 di controllo dei parassiti.\",\"breadcrumb\":{\"@id\":\"https:\\\/\\\/www.accuratereviews.com\\\/it\\\/software-disinfestazioni\\\/pestroutes-recensione\\\/#breadcrumb\"},\"inLanguage\":\"it-IT\",\"potentialAction\":[{\"@type\":\"ReadAction\",\"target\":[\"https:\\\/\\\/www.accuratereviews.com\\\/it\\\/software-disinfestazioni\\\/pestroutes-recensione\\\/\"]}]},{\"@type\":\"ImageObject\",\"inLanguage\":\"it-IT\",\"@id\":\"https:\\\/\\\/www.accuratereviews.com\\\/it\\\/software-disinfestazioni\\\/pestroutes-recensione\\\/#primaryimage\",\"url\":\"https:\\\/\\\/www.accuratereviews.com\\\/wp-content\\\/uploads\\\/2021\\\/04\\\/pestroutes.jpg\",\"contentUrl\":\"https:\\\/\\\/www.accuratereviews.com\\\/wp-content\\\/uploads\\\/2021\\\/04\\\/pestroutes.jpg\",\"width\":600,\"height\":400},{\"@type\":\"BreadcrumbList\",\"@id\":\"https:\\\/\\\/www.accuratereviews.com\\\/it\\\/software-disinfestazioni\\\/pestroutes-recensione\\\/#breadcrumb\",\"itemListElement\":[{\"@type\":\"ListItem\",\"position\":1,\"name\":\"Home\",\"item\":\"https:\\\/\\\/www.accuratereviews.com\\\/it\\\/\"},{\"@type\":\"ListItem\",\"position\":2,\"name\":\"Software per le disinfestazioni\",\"item\":\"https:\\\/\\\/www.accuratereviews.com\\\/it\\\/software-disinfestazioni\\\/\"},{\"@type\":\"ListItem\",\"position\":3,\"name\":\"PestRoutes\"}]},{\"@type\":\"WebSite\",\"@id\":\"https:\\\/\\\/www.accuratereviews.com\\\/it\\\/#website\",\"url\":\"https:\\\/\\\/www.accuratereviews.com\\\/it\\\/\",\"name\":\"Accurate Reviews\",\"description\":\"\",\"potentialAction\":[{\"@type\":\"SearchAction\",\"target\":{\"@type\":\"EntryPoint\",\"urlTemplate\":\"https:\\\/\\\/www.accuratereviews.com\\\/it\\\/?s={search_term_string}\"},\"query-input\":{\"@type\":\"PropertyValueSpecification\",\"valueRequired\":true,\"valueName\":\"search_term_string\"}}],\"inLanguage\":\"it-IT\"}]}<\/script>\n<!-- \/ Yoast SEO plugin. -->","yoast_head_json":{"title":"PestRoutes: recensione software disinfestazione - Accurate Reviews","description":"PestRoutes: recensione software di disinfestazione creato appositamente per le societ\u00e0 di controllo dei parassiti.","robots":{"index":"index","follow":"follow","max-snippet":"max-snippet:-1","max-image-preview":"max-image-preview:large","max-video-preview":"max-video-preview:-1"},"canonical":"https:\/\/www.accuratereviews.com\/it\/software-disinfestazioni\/pestroutes-recensione\/","og_locale":"it_IT","og_type":"article","og_title":"PestRoutes: recensione software disinfestazione - Accurate Reviews","og_description":"PestRoutes: recensione software di disinfestazione creato appositamente per le societ\u00e0 di controllo dei parassiti.","og_url":"https:\/\/www.accuratereviews.com\/it\/software-disinfestazioni\/pestroutes-recensione\/","og_site_name":"Accurate Reviews","article_modified_time":"2021-04-23T11:45:27+00:00","og_image":[{"width":600,"height":400,"url":"https:\/\/www.accuratereviews.com\/wp-content\/uploads\/2021\/04\/pestroutes.jpg","type":"image\/jpeg"}],"twitter_card":"summary_large_image","twitter_misc":{"Tempo di lettura stimato":"3 minuti"},"schema":{"@context":"https:\/\/schema.org","@graph":[{"@type":"WebPage","@id":"https:\/\/www.accuratereviews.com\/it\/software-disinfestazioni\/pestroutes-recensione\/","url":"https:\/\/www.accuratereviews.com\/it\/software-disinfestazioni\/pestroutes-recensione\/","name":"PestRoutes: recensione software disinfestazione - Accurate Reviews","isPartOf":{"@id":"https:\/\/www.accuratereviews.com\/it\/#website"},"primaryImageOfPage":{"@id":"https:\/\/www.accuratereviews.com\/it\/software-disinfestazioni\/pestroutes-recensione\/#primaryimage"},"image":{"@id":"https:\/\/www.accuratereviews.com\/it\/software-disinfestazioni\/pestroutes-recensione\/#primaryimage"},"thumbnailUrl":"https:\/\/www.accuratereviews.com\/wp-content\/uploads\/2021\/04\/pestroutes.jpg","datePublished":"2021-04-21T11:30:22+00:00","dateModified":"2021-04-23T11:45:27+00:00","description":"PestRoutes: recensione software di disinfestazione creato appositamente per le societ\u00e0 di controllo dei parassiti.","breadcrumb":{"@id":"https:\/\/www.accuratereviews.com\/it\/software-disinfestazioni\/pestroutes-recensione\/#breadcrumb"},"inLanguage":"it-IT","potentialAction":[{"@type":"ReadAction","target":["https:\/\/www.accuratereviews.com\/it\/software-disinfestazioni\/pestroutes-recensione\/"]}]},{"@type":"ImageObject","inLanguage":"it-IT","@id":"https:\/\/www.accuratereviews.com\/it\/software-disinfestazioni\/pestroutes-recensione\/#primaryimage","url":"https:\/\/www.accuratereviews.com\/wp-content\/uploads\/2021\/04\/pestroutes.jpg","contentUrl":"https:\/\/www.accuratereviews.com\/wp-content\/uploads\/2021\/04\/pestroutes.jpg","width":600,"height":400},{"@type":"BreadcrumbList","@id":"https:\/\/www.accuratereviews.com\/it\/software-disinfestazioni\/pestroutes-recensione\/#breadcrumb","itemListElement":[{"@type":"ListItem","position":1,"name":"Home","item":"https:\/\/www.accuratereviews.com\/it\/"},{"@type":"ListItem","position":2,"name":"Software per le disinfestazioni","item":"https:\/\/www.accuratereviews.com\/it\/software-disinfestazioni\/"},{"@type":"ListItem","position":3,"name":"PestRoutes"}]},{"@type":"WebSite","@id":"https:\/\/www.accuratereviews.com\/it\/#website","url":"https:\/\/www.accuratereviews.com\/it\/","name":"Accurate Reviews","description":"","potentialAction":[{"@type":"SearchAction","target":{"@type":"EntryPoint","urlTemplate":"https:\/\/www.accuratereviews.com\/it\/?s={search_term_string}"},"query-input":{"@type":"PropertyValueSpecification","valueRequired":true,"valueName":"search_term_string"}}],"inLanguage":"it-IT"}]}},"_links":{"self":[{"href":"https:\/\/www.accuratereviews.com\/it\/wp-json\/wp\/v2\/pages\/40503","targetHints":{"allow":["GET"]}}],"collection":[{"href":"https:\/\/www.accuratereviews.com\/it\/wp-json\/wp\/v2\/pages"}],"about":[{"href":"https:\/\/www.accuratereviews.com\/it\/wp-json\/wp\/v2\/types\/page"}],"author":[{"embeddable":true,"href":"https:\/\/www.accuratereviews.com\/it\/wp-json\/wp\/v2\/users\/19"}],"replies":[{"embeddable":true,"href":"https:\/\/www.accuratereviews.com\/it\/wp-json\/wp\/v2\/comments?post=40503"}],"version-history":[{"count":13,"href":"https:\/\/www.accuratereviews.com\/it\/wp-json\/wp\/v2\/pages\/40503\/revisions"}],"predecessor-version":[{"id":40817,"href":"https:\/\/www.accuratereviews.com\/it\/wp-json\/wp\/v2\/pages\/40503\/revisions\/40817"}],"up":[{"embeddable":true,"href":"https:\/\/www.accuratereviews.com\/it\/wp-json\/wp\/v2\/pages\/39847"}],"wp:featuredmedia":[{"embeddable":true,"href":"https:\/\/www.accuratereviews.com\/it\/wp-json\/wp\/v2\/media\/40505"}],"wp:attachment":[{"href":"https:\/\/www.accuratereviews.com\/it\/wp-json\/wp\/v2\/media?parent=40503"}],"wp:term":[{"taxonomy":"category","embeddable":true,"href":"https:\/\/www.accuratereviews.com\/it\/wp-json\/wp\/v2\/categories?post=40503"},{"taxonomy":"post_tag","embeddable":true,"href":"https:\/\/www.accuratereviews.com\/it\/wp-json\/wp\/v2\/tags?post=40503"},{"taxonomy":"features","embeddable":true,"href":"https:\/\/www.accuratereviews.com\/it\/wp-json\/wp\/v2\/features?post=40503"}],"curies":[{"name":"wp","href":"https:\/\/api.w.org\/{rel}","templated":true}]}}