{"id":40526,"date":"2021-04-21T14:35:13","date_gmt":"2021-04-21T14:35:13","guid":{"rendered":"https:\/\/www.accuratereviews.com\/?page_id=40526"},"modified":"2021-04-21T14:35:13","modified_gmt":"2021-04-21T14:35:13","slug":"fieldaware-recensione","status":"publish","type":"page","link":"https:\/\/www.accuratereviews.com\/it\/software-disinfestazioni\/fieldaware-recensione\/","title":{"rendered":"FieldAware"},"content":{"rendered":"<p><strong>FieldAware<\/strong> \u00e8 un <strong>software di assistenza sul campo<\/strong> che permette di semplificare e ottimizzare il lavoro di imprese fornitrici di servizi esterni di moltissimi settori. Uno di questi riguarda la <strong>disinfestazione\u00a0<\/strong>e\u00a0sicuramente avere un programma che supporta questo tipo di lavoro garantisce la massima produttivit\u00e0 dei lavoratori. Si tratta di una<strong> soluzione per disinfestazione\u00a0<\/strong>innovativa, basata su cloud,\u00a0che gestisce gli ordini di lavoro, fornisce informazioni e report in tempo reale permettendo una migliore pianificazione del lavoro. <strong>FieldAware<\/strong> \u00e8 una piattaforma flessibile e personalizzabile con un&#8217;interfaccia user-friendly e pensata anche per i dispositivi mobile.<\/p>\n<h2>FIELDAWARE &#8211; TUTORIAL<\/h2>\n<div id=\"fluid-wrapper-counter-1\" class=\"g1-fluid-wrapper \" style=\"width:686px;\">\n<div style=\"padding-bottom:56.268221574344%;\"><iframe loading=\"lazy\" title=\"Work Order Management\" width=\"686\" height=\"386\" src=\"https:\/\/www.youtube.com\/embed\/A4iNLfCx0Yg?feature=oembed&amp;wmode=transparent&amp;autohide=1&amp;autoplay=0&amp;disablekb=0&amp;fs=1&amp;loop=0&amp;enablejsapi=1&amp;rel=0&amp;controls=2&amp;showinfo=0&amp;wmode=transparent&amp;autohide=2&amp;autoplay=0&amp;disablekb=0&amp;fs=1&amp;loop=0&amp;enablejsapi=1&amp;rel=0&amp;controls=2&amp;showinfo=1\" frameborder=\"0\" allow=\"accelerometer; autoplay; clipboard-write; encrypted-media; gyroscope; picture-in-picture\" allowfullscreen><\/iframe><\/div>\n<\/div>\n<h3>FIELDAWARE &#8211; CARATTERISTICHE<\/h3>\n<p>Di seguito le sue principali caratteristiche:<\/p>\n<ul>\n<li>Abilitazione del tecnico sul campo<\/li>\n<li>Moduli mobili<\/li>\n<li>Gestione della conoscenza<\/li>\n<li>Avvisi e notifiche<\/li>\n<li>Gestione del tempo<\/li>\n<li>Funzionalit\u00e0 offline<\/li>\n<li>Gestione delle risorse<\/li>\n<li>Gestione degli ordini di lavoro<\/li>\n<li>Pianificazione e spedizione<\/li>\n<li>Ottimizzazione di percorsi e orari<\/li>\n<li>Fatturazione<\/li>\n<li>Report e approfondimenti<\/li>\n<li>Portale clienti<\/li>\n<li>App per dispositivi mobili<\/li>\n<li>Estensioni<\/li>\n<\/ul>\n<h4>LE RECENSIONI DEGLI UTENTI<\/h4>\n<p><strong>Ben T. &#8220;Questo software ha permesso alla nostra azienda di automatizzare facilmente tutto il nostro processo&#8221;<\/strong><br \/>\nPRO: \u00e8 molto facile da usare sia in ufficio che sul campo. Il tempo di formazione \u00e8 molto basso per i miei tecnici. Non troppi bug. L&#8217;app mobile \u00e8 semplicissima da navigare e utilizzare<br \/>\nCONTRO: il software web mobile non \u00e8 utilizzabile al 100% in tutti i browser. Questa \u00e8 l&#8217;unica area che necessita di lavori. Se sono lontano dal mio laptop e provo a programmare il lavoro per i miei tecnici fuori orario, non \u00e8 facile per me usare il mio telefono o ipad<\/p>\n<p><strong>Carolyn M. &#8220;Non male per la pianificazione&#8221;<\/strong><br \/>\nPRO: Fieldaware \u00e8 molto facile da usare. Tuttavia, l&#8217;abbiamo utilizzato solo per inviare il lavoro ai nostri tecnici mobili e quella parte ha funzionato senza problemi. I tecnici hanno apprezzato la semplicit\u00e0 del software.<br \/>\nCONTRO: non comunica con QuickBooks.<\/p>\n<p><strong>Amy L. &#8220;\u00c8 necessario avere accesso per eliminare il cliente e altre cose.&#8221;<\/strong><br \/>\nPRO: una volta impostato \u00e8 facile da usare. \u00c8 facile inserire i miei lavori di cui ho bisogno. Facile trovare i lavori dopo averli inseriti.<br \/>\nCONTRO: dobbiamo essere in grado di eliminare i clienti e cancellare altre funzioni. O quello o inserire una sezione archivio per loro.<\/p>\n","protected":false},"excerpt":{"rendered":"<p>FieldAware \u00e8 un software di assistenza sul campo che permette di semplificare e ottimizzare il lavoro di imprese fornitrici di servizi esterni di moltissimi settori. Uno di questi riguarda la disinfestazione\u00a0e\u00a0sicuramente avere un programma che supporta questo tipo di lavoro garantisce la massima produttivit\u00e0 dei lavoratori.<\/p>\n","protected":false},"author":17,"featured_media":40531,"parent":39847,"menu_order":0,"comment_status":"open","ping_status":"closed","template":"g1_template_page_review_new.php","meta":{"_acf_changed":false,"cwp_meta_box_check":"No","cwp_rev_product_name":"","cwp_rev_product_image":"","wppr_links":[],"cwp_rev_price":"","wppr_options":[],"wppr_pros":[],"wppr_cons":[],"_monsterinsights_skip_tracking":false,"_monsterinsights_sitenote_active":false,"_monsterinsights_sitenote_note":"","_monsterinsights_sitenote_category":0,"footnotes":""},"categories":[5626],"tags":[5629,5644,5664,5649,5773,5631,5716,5632],"features":[],"class_list":{"0":"post-40526","1":"page","2":"type-page","3":"status-publish","4":"has-post-thumbnail","6":"category-software-disinfestazioni-categoria","7":"tag-disinfestazioni","8":"tag-imprese-di-disinfestazioni","9":"tag-piattaforma-per-disinfestazine","10":"tag-programma-per-disinfestazione","11":"tag-software-di-assistenza-sul-campo","12":"tag-software-disinfestazioni","13":"tag-software-per-disinfestazioni","14":"tag-soluzione-disinfestazioni"},"wppr_data":{"cwp_meta_box_check":"No"},"acf":[],"yoast_head":"<!-- This site is optimized with the Yoast SEO plugin v27.4 - https:\/\/yoast.com\/product\/yoast-seo-wordpress\/ -->\n<title>FieldAware: recensione software disinfestazione - Accurate Reviews<\/title>\n<meta name=\"description\" content=\"FieldAware \u00e8 un software di assistenza sul campo che permette di semplificare e ottimizzare il lavoro delle imprese di disinfestazione.\" \/>\n<meta name=\"robots\" content=\"index, follow, max-snippet:-1, max-image-preview:large, max-video-preview:-1\" \/>\n<link rel=\"canonical\" href=\"https:\/\/www.accuratereviews.com\/it\/software-disinfestazioni\/fieldaware-recensione\/\" \/>\n<meta property=\"og:locale\" content=\"it_IT\" \/>\n<meta property=\"og:type\" content=\"article\" \/>\n<meta property=\"og:title\" content=\"FieldAware: recensione software disinfestazione - Accurate Reviews\" \/>\n<meta property=\"og:description\" content=\"FieldAware \u00e8 un software di assistenza sul campo che permette di semplificare e ottimizzare il lavoro delle imprese di disinfestazione.\" \/>\n<meta property=\"og:url\" content=\"https:\/\/www.accuratereviews.com\/it\/software-disinfestazioni\/fieldaware-recensione\/\" \/>\n<meta property=\"og:site_name\" content=\"Accurate Reviews\" \/>\n<meta property=\"og:image\" content=\"https:\/\/www.accuratereviews.com\/wp-content\/uploads\/2021\/04\/Schermata-2021-04-21-alle-13.01.19-1.png\" \/>\n\t<meta property=\"og:image:width\" content=\"463\" \/>\n\t<meta property=\"og:image:height\" content=\"200\" \/>\n\t<meta property=\"og:image:type\" content=\"image\/png\" \/>\n<meta name=\"twitter:card\" content=\"summary_large_image\" \/>\n<meta name=\"twitter:label1\" content=\"Tempo di lettura stimato\" \/>\n\t<meta name=\"twitter:data1\" content=\"2 minuti\" \/>\n<script type=\"application\/ld+json\" class=\"yoast-schema-graph\">{\"@context\":\"https:\\\/\\\/schema.org\",\"@graph\":[{\"@type\":\"WebPage\",\"@id\":\"https:\\\/\\\/www.accuratereviews.com\\\/it\\\/software-disinfestazioni\\\/fieldaware-recensione\\\/\",\"url\":\"https:\\\/\\\/www.accuratereviews.com\\\/it\\\/software-disinfestazioni\\\/fieldaware-recensione\\\/\",\"name\":\"FieldAware: recensione software disinfestazione - Accurate Reviews\",\"isPartOf\":{\"@id\":\"https:\\\/\\\/www.accuratereviews.com\\\/it\\\/#website\"},\"primaryImageOfPage\":{\"@id\":\"https:\\\/\\\/www.accuratereviews.com\\\/it\\\/software-disinfestazioni\\\/fieldaware-recensione\\\/#primaryimage\"},\"image\":{\"@id\":\"https:\\\/\\\/www.accuratereviews.com\\\/it\\\/software-disinfestazioni\\\/fieldaware-recensione\\\/#primaryimage\"},\"thumbnailUrl\":\"https:\\\/\\\/www.accuratereviews.com\\\/wp-content\\\/uploads\\\/2021\\\/04\\\/Schermata-2021-04-21-alle-13.01.19-1.png\",\"datePublished\":\"2021-04-21T14:35:13+00:00\",\"description\":\"FieldAware \u00e8 un software di assistenza sul campo che permette di semplificare e ottimizzare il lavoro delle imprese di disinfestazione.\",\"breadcrumb\":{\"@id\":\"https:\\\/\\\/www.accuratereviews.com\\\/it\\\/software-disinfestazioni\\\/fieldaware-recensione\\\/#breadcrumb\"},\"inLanguage\":\"it-IT\",\"potentialAction\":[{\"@type\":\"ReadAction\",\"target\":[\"https:\\\/\\\/www.accuratereviews.com\\\/it\\\/software-disinfestazioni\\\/fieldaware-recensione\\\/\"]}]},{\"@type\":\"ImageObject\",\"inLanguage\":\"it-IT\",\"@id\":\"https:\\\/\\\/www.accuratereviews.com\\\/it\\\/software-disinfestazioni\\\/fieldaware-recensione\\\/#primaryimage\",\"url\":\"https:\\\/\\\/www.accuratereviews.com\\\/wp-content\\\/uploads\\\/2021\\\/04\\\/Schermata-2021-04-21-alle-13.01.19-1.png\",\"contentUrl\":\"https:\\\/\\\/www.accuratereviews.com\\\/wp-content\\\/uploads\\\/2021\\\/04\\\/Schermata-2021-04-21-alle-13.01.19-1.png\",\"width\":463,\"height\":200},{\"@type\":\"BreadcrumbList\",\"@id\":\"https:\\\/\\\/www.accuratereviews.com\\\/it\\\/software-disinfestazioni\\\/fieldaware-recensione\\\/#breadcrumb\",\"itemListElement\":[{\"@type\":\"ListItem\",\"position\":1,\"name\":\"Home\",\"item\":\"https:\\\/\\\/www.accuratereviews.com\\\/it\\\/\"},{\"@type\":\"ListItem\",\"position\":2,\"name\":\"Software per le disinfestazioni\",\"item\":\"https:\\\/\\\/www.accuratereviews.com\\\/it\\\/software-disinfestazioni\\\/\"},{\"@type\":\"ListItem\",\"position\":3,\"name\":\"FieldAware\"}]},{\"@type\":\"WebSite\",\"@id\":\"https:\\\/\\\/www.accuratereviews.com\\\/it\\\/#website\",\"url\":\"https:\\\/\\\/www.accuratereviews.com\\\/it\\\/\",\"name\":\"Accurate Reviews\",\"description\":\"\",\"potentialAction\":[{\"@type\":\"SearchAction\",\"target\":{\"@type\":\"EntryPoint\",\"urlTemplate\":\"https:\\\/\\\/www.accuratereviews.com\\\/it\\\/?s={search_term_string}\"},\"query-input\":{\"@type\":\"PropertyValueSpecification\",\"valueRequired\":true,\"valueName\":\"search_term_string\"}}],\"inLanguage\":\"it-IT\"}]}<\/script>\n<!-- \/ Yoast SEO plugin. -->","yoast_head_json":{"title":"FieldAware: recensione software disinfestazione - Accurate Reviews","description":"FieldAware \u00e8 un software di assistenza sul campo che permette di semplificare e ottimizzare il lavoro delle imprese di disinfestazione.","robots":{"index":"index","follow":"follow","max-snippet":"max-snippet:-1","max-image-preview":"max-image-preview:large","max-video-preview":"max-video-preview:-1"},"canonical":"https:\/\/www.accuratereviews.com\/it\/software-disinfestazioni\/fieldaware-recensione\/","og_locale":"it_IT","og_type":"article","og_title":"FieldAware: recensione software disinfestazione - Accurate Reviews","og_description":"FieldAware \u00e8 un software di assistenza sul campo che permette di semplificare e ottimizzare il lavoro delle imprese di disinfestazione.","og_url":"https:\/\/www.accuratereviews.com\/it\/software-disinfestazioni\/fieldaware-recensione\/","og_site_name":"Accurate Reviews","og_image":[{"width":463,"height":200,"url":"https:\/\/www.accuratereviews.com\/wp-content\/uploads\/2021\/04\/Schermata-2021-04-21-alle-13.01.19-1.png","type":"image\/png"}],"twitter_card":"summary_large_image","twitter_misc":{"Tempo di lettura stimato":"2 minuti"},"schema":{"@context":"https:\/\/schema.org","@graph":[{"@type":"WebPage","@id":"https:\/\/www.accuratereviews.com\/it\/software-disinfestazioni\/fieldaware-recensione\/","url":"https:\/\/www.accuratereviews.com\/it\/software-disinfestazioni\/fieldaware-recensione\/","name":"FieldAware: recensione software disinfestazione - Accurate Reviews","isPartOf":{"@id":"https:\/\/www.accuratereviews.com\/it\/#website"},"primaryImageOfPage":{"@id":"https:\/\/www.accuratereviews.com\/it\/software-disinfestazioni\/fieldaware-recensione\/#primaryimage"},"image":{"@id":"https:\/\/www.accuratereviews.com\/it\/software-disinfestazioni\/fieldaware-recensione\/#primaryimage"},"thumbnailUrl":"https:\/\/www.accuratereviews.com\/wp-content\/uploads\/2021\/04\/Schermata-2021-04-21-alle-13.01.19-1.png","datePublished":"2021-04-21T14:35:13+00:00","description":"FieldAware \u00e8 un software di assistenza sul campo che permette di semplificare e ottimizzare il lavoro delle imprese di disinfestazione.","breadcrumb":{"@id":"https:\/\/www.accuratereviews.com\/it\/software-disinfestazioni\/fieldaware-recensione\/#breadcrumb"},"inLanguage":"it-IT","potentialAction":[{"@type":"ReadAction","target":["https:\/\/www.accuratereviews.com\/it\/software-disinfestazioni\/fieldaware-recensione\/"]}]},{"@type":"ImageObject","inLanguage":"it-IT","@id":"https:\/\/www.accuratereviews.com\/it\/software-disinfestazioni\/fieldaware-recensione\/#primaryimage","url":"https:\/\/www.accuratereviews.com\/wp-content\/uploads\/2021\/04\/Schermata-2021-04-21-alle-13.01.19-1.png","contentUrl":"https:\/\/www.accuratereviews.com\/wp-content\/uploads\/2021\/04\/Schermata-2021-04-21-alle-13.01.19-1.png","width":463,"height":200},{"@type":"BreadcrumbList","@id":"https:\/\/www.accuratereviews.com\/it\/software-disinfestazioni\/fieldaware-recensione\/#breadcrumb","itemListElement":[{"@type":"ListItem","position":1,"name":"Home","item":"https:\/\/www.accuratereviews.com\/it\/"},{"@type":"ListItem","position":2,"name":"Software per le disinfestazioni","item":"https:\/\/www.accuratereviews.com\/it\/software-disinfestazioni\/"},{"@type":"ListItem","position":3,"name":"FieldAware"}]},{"@type":"WebSite","@id":"https:\/\/www.accuratereviews.com\/it\/#website","url":"https:\/\/www.accuratereviews.com\/it\/","name":"Accurate Reviews","description":"","potentialAction":[{"@type":"SearchAction","target":{"@type":"EntryPoint","urlTemplate":"https:\/\/www.accuratereviews.com\/it\/?s={search_term_string}"},"query-input":{"@type":"PropertyValueSpecification","valueRequired":true,"valueName":"search_term_string"}}],"inLanguage":"it-IT"}]}},"_links":{"self":[{"href":"https:\/\/www.accuratereviews.com\/it\/wp-json\/wp\/v2\/pages\/40526","targetHints":{"allow":["GET"]}}],"collection":[{"href":"https:\/\/www.accuratereviews.com\/it\/wp-json\/wp\/v2\/pages"}],"about":[{"href":"https:\/\/www.accuratereviews.com\/it\/wp-json\/wp\/v2\/types\/page"}],"author":[{"embeddable":true,"href":"https:\/\/www.accuratereviews.com\/it\/wp-json\/wp\/v2\/users\/17"}],"replies":[{"embeddable":true,"href":"https:\/\/www.accuratereviews.com\/it\/wp-json\/wp\/v2\/comments?post=40526"}],"version-history":[{"count":5,"href":"https:\/\/www.accuratereviews.com\/it\/wp-json\/wp\/v2\/pages\/40526\/revisions"}],"predecessor-version":[{"id":40566,"href":"https:\/\/www.accuratereviews.com\/it\/wp-json\/wp\/v2\/pages\/40526\/revisions\/40566"}],"up":[{"embeddable":true,"href":"https:\/\/www.accuratereviews.com\/it\/wp-json\/wp\/v2\/pages\/39847"}],"wp:featuredmedia":[{"embeddable":true,"href":"https:\/\/www.accuratereviews.com\/it\/wp-json\/wp\/v2\/media\/40531"}],"wp:attachment":[{"href":"https:\/\/www.accuratereviews.com\/it\/wp-json\/wp\/v2\/media?parent=40526"}],"wp:term":[{"taxonomy":"category","embeddable":true,"href":"https:\/\/www.accuratereviews.com\/it\/wp-json\/wp\/v2\/categories?post=40526"},{"taxonomy":"post_tag","embeddable":true,"href":"https:\/\/www.accuratereviews.com\/it\/wp-json\/wp\/v2\/tags?post=40526"},{"taxonomy":"features","embeddable":true,"href":"https:\/\/www.accuratereviews.com\/it\/wp-json\/wp\/v2\/features?post=40526"}],"curies":[{"name":"wp","href":"https:\/\/api.w.org\/{rel}","templated":true}]}}