{"id":40553,"date":"2021-04-21T14:40:25","date_gmt":"2021-04-21T14:40:25","guid":{"rendered":"https:\/\/www.accuratereviews.com\/?page_id=40553"},"modified":"2021-04-21T14:40:25","modified_gmt":"2021-04-21T14:40:25","slug":"synchroteam-recensione","status":"publish","type":"page","link":"https:\/\/www.accuratereviews.com\/it\/software-disinfestazioni\/synchroteam-recensione\/","title":{"rendered":"Synchroteam"},"content":{"rendered":"<p><strong>Synchroteam<\/strong> \u00e8 un programma per la <strong>gestione dei servizi esterni<\/strong>, basato su cloud,\u00a0che supporta imprese dei settori di manutenzione, sicurezza, idraulica, elettrica, <strong>disinfestazione<\/strong> e altri. Questo software ottimizzato anche per i dispositivi mobile iOS e Android, permette di ottimizzare e semplificare tutte la attivit\u00e0 aziendali che normalmente richiedono un investimento in termini di tempo ed energie. Grazia a <strong>Synchroteam<\/strong>, la tua <strong>impresa di disinfestazione<\/strong> potr\u00e0 avere accesso a funzionalit\u00e0 di pianificazione e gestione dei lavori, sistema reportisico e di fatturazione, CRM e molto altro che garantiranno maggiore efficienza e professionalit\u00e0.<\/p>\n<h2>SYNCHROTEAM &#8211; TUTORIAL<\/h2>\n<div id=\"fluid-wrapper-counter-1\" class=\"g1-fluid-wrapper \" style=\"width:686px;\">\n<div style=\"padding-bottom:56.268221574344%;\"><iframe loading=\"lazy\" title=\"Synchroteam Field Service Management solution\" width=\"686\" height=\"386\" src=\"https:\/\/www.youtube.com\/embed\/aKVBW1anEJ0?feature=oembed&amp;wmode=transparent&amp;autohide=1&amp;autoplay=0&amp;disablekb=0&amp;fs=1&amp;loop=0&amp;enablejsapi=1&amp;rel=0&amp;controls=2&amp;showinfo=0&amp;wmode=transparent&amp;autohide=2&amp;autoplay=0&amp;disablekb=0&amp;fs=1&amp;loop=0&amp;enablejsapi=1&amp;rel=0&amp;controls=2&amp;showinfo=1\" frameborder=\"0\" allow=\"accelerometer; autoplay; clipboard-write; encrypted-media; gyroscope; picture-in-picture\" allowfullscreen><\/iframe><\/div>\n<\/div>\n<h3>SYNCHROTEAM &#8211; CARATTERISTICHE<\/h3>\n<ul>\n<li><strong>Pianificazione e spedizion<\/strong>e: trascina e invia rapidamente i lavori in base alla disponibilit\u00e0, alle competenze e alla posizione<\/li>\n<li><strong>Mappa e localizzazione GPS<\/strong>: visualizza la posizione del tuo ufficio, dei lavoratori, dei percorsi e dei clienti<\/li>\n<li><strong>Prenotazione onlin<\/strong>e: ricevi prenotazioni online dai tuoi clienti. Imposta un modulo di prenotazione personalizzato che pu\u00f2 essere facilmente condiviso<\/li>\n<li><strong>Gestione dei lavori<\/strong>: trova i lavori in modo rapido ed efficiente grazie alla gestione e ricerca avanzata dei lavori<\/li>\n<li><strong>Moduli personalizzati<\/strong>: progetta moduli personalizzati per tutti i tipi di lavoro e acquisisci le giuste informazioni sul campo<\/li>\n<li><strong>Monitoraggio del tempo<\/strong>: monitora le ore regolari e straordinarie trascorse dalla tua squadra sul campo, su strada o in pausa. Genera riepiloghi dei costi associati<\/li>\n<li><strong>Field Service CRM<\/strong>: accedi al database completo dei clienti, completo di gestione del sito\/delle apparecchiature, etichettatura e filtraggio avanzati<\/li>\n<li><strong>Portale clienti<\/strong>: fornisci ai clienti un portale privato sicuro per creare lavori, consultare lavori esistenti e scaricare report PDF sui lavori<\/li>\n<li><strong>Gestione contratti<\/strong>: gestisci i contratti per i tuoi clienti. Definisci le regole per gli accordi sul livello di servizio e tieni traccia del numero di ore per la manutenzione correttiva e preventiva<\/li>\n<li><strong>Gestione dell&#8217;inventario<\/strong>: traccia l&#8217;inventario delle parti in depositi e veicoli per trasferire parti, definire i prezzi, impostare avvisi di quantit\u00e0 minima, tracciare per numero di serie e molto altro<\/li>\n<li><strong>Fatturazione<\/strong>: invia in modo sicuro i tuoi dati al tuo strumento di contabilit\u00e0 utilizzando i connettori gratuiti<\/li>\n<li><strong>Elaborazione dei pagamenti<\/strong>: raccogli fondi direttamente dal cantiere con il modulo di elaborazione dei pagamenti di Synchroteam<\/li>\n<li><strong>App mobile<\/strong>: resta in contatto con i lavoratori sul campo tramite le nostre app mobili, disponibili per iOS e Android<\/li>\n<li><strong>Personalizzazione<\/strong>: configura tutto, dai campi personalizzati alle impostazioni regionali, dai tag agli elenchi delle parti, dai client mobili alle tasse e altro ancora<\/li>\n<li><strong>Connessione con oltre 2000 app<\/strong>: crea automazione con le app pi\u00f9 popolari utilizzando l&#8217;integrazione Zapier e sposta le informazioni tra di esse.<\/li>\n<\/ul>\n<h4>LE RECENSIONI DEGLI UTENTI<\/h4>\n<p><strong>Ben W. &#8220;Software eccellente con un servizio eccellente&#8221;<\/strong><br \/>\nPRO: la pianificazione, i rapporti di lavoro personalizzati e il sycn automatico con Zoho.<br \/>\nE il supporto. Qualsiasi nuova integrazione necessita di supporto e il supporto Synchroteam \u00e8 sempre disponibile<br \/>\nCONTRO: \u00e8 un po&#8217; difficile capire parte della documentazione. Ci \u00e8 voluto del tempo per impostare un rapporto di lavoro personalizzato<\/p>\n<p><strong>Alejandro T. &#8220;Ha migliorato le nostre operazioni quotidiane rispetto al modo vecchio stile manuale che eravamo soliti avere.&#8221;<\/strong><br \/>\nCOMMENTI: eravamo soliti creare report di manutenzione inviando e-mail a un account univoco, ma non era cos\u00ec pratico da seguire, quindi passare a Synchroteam \u00e8 stato un grande miglioramento, ma ci sono ancora alcune cose che potrebbero essere migliori<br \/>\nPRO: questo software ci aiuta davvero a centralizzare tutti i report di manutenzione in un unico posto e semplifica il lavoro di gestione e tecnici<br \/>\nCONTRO: non mi piace il fatto che abbiamo problemi con l&#8217;app Android in alcuni telefoni, abbiamo anche avuto diversi problemi che sono durati un paio di giorni, quindi il supporto non \u00e8 stato cos\u00ec veloce, inoltre non puoi avere utenti con pi\u00f9 ruoli, solo i tecnici possono utilizzare l&#8217;app mobile, il report KPI \u00e8 molto limitato e non ha un monitoraggio GPS in tempo reale dei percorsi di guida dei tecnici.<\/p>\n<p><strong>Danson M. &#8220;Consente la gestione delle spedizioni in una modalit\u00e0 pi\u00f9 semplice&#8221;<\/strong><br \/>\nCOMMENTI: il flusso di lavoro \u00e8 fluido e gestibile<br \/>\nPRO: esiste una modalit\u00e0 di prova gratuita per il software prima di prendere la decisione finale di acquistare il prodotto<br \/>\n\u00c8 disponibile supporto in linea per i nuovi utenti<br \/>\nCONTRO: nelle aree in cui la connessione \u00e8 lenta, rintracciare i vari dipendenti pu\u00f2 essere difficile in quella situazione<\/p>\n","protected":false},"excerpt":{"rendered":"<p>Synchroteam \u00e8 un programma per la gestione dei servizi esterni, basato su cloud,\u00a0che supporta imprese dei settori di manutenzione, sicurezza, idraulica, elettrica, disinfestazione e altri. Questo software \u00e8 ottimizzato anche per i dispositivi mobile iOS e Android.<\/p>\n","protected":false},"author":17,"featured_media":40554,"parent":39847,"menu_order":0,"comment_status":"open","ping_status":"closed","template":"g1_template_page_review_new.php","meta":{"_acf_changed":false,"cwp_meta_box_check":"No","cwp_rev_product_name":"","cwp_rev_product_image":"","wppr_links":[],"cwp_rev_price":"","wppr_options":[],"wppr_pros":[],"wppr_cons":[],"_monsterinsights_skip_tracking":false,"_monsterinsights_sitenote_active":false,"_monsterinsights_sitenote_note":"","_monsterinsights_sitenote_category":0,"footnotes":""},"categories":[5626],"tags":[5629,5644,5658,5649,5631,5632],"features":[],"class_list":{"0":"post-40553","1":"page","2":"type-page","3":"status-publish","4":"has-post-thumbnail","6":"category-software-disinfestazioni-categoria","7":"tag-disinfestazioni","8":"tag-imprese-di-disinfestazioni","9":"tag-piattaforma-per-disinfestazione","10":"tag-programma-per-disinfestazione","11":"tag-software-disinfestazioni","12":"tag-soluzione-disinfestazioni"},"wppr_data":{"cwp_meta_box_check":"No"},"acf":[],"yoast_head":"<!-- This site is optimized with the Yoast SEO plugin v27.4 - https:\/\/yoast.com\/product\/yoast-seo-wordpress\/ -->\n<title>Synchroteam: recensione software disinfestazione - Accurate Reviews<\/title>\n<meta name=\"description\" content=\"Synchroteam \u00e8 un programma per la gestione dei servizi esterni che supporta le imprese di disinfestazione e di altri settori.\" \/>\n<meta name=\"robots\" content=\"index, follow, max-snippet:-1, max-image-preview:large, max-video-preview:-1\" \/>\n<link rel=\"canonical\" href=\"https:\/\/www.accuratereviews.com\/it\/software-disinfestazioni\/synchroteam-recensione\/\" \/>\n<meta property=\"og:locale\" content=\"it_IT\" \/>\n<meta property=\"og:type\" content=\"article\" \/>\n<meta property=\"og:title\" content=\"Synchroteam: recensione software disinfestazione - Accurate Reviews\" \/>\n<meta property=\"og:description\" content=\"Synchroteam \u00e8 un programma per la gestione dei servizi esterni che supporta le imprese di disinfestazione e di altri settori.\" \/>\n<meta property=\"og:url\" content=\"https:\/\/www.accuratereviews.com\/it\/software-disinfestazioni\/synchroteam-recensione\/\" \/>\n<meta property=\"og:site_name\" content=\"Accurate Reviews\" \/>\n<meta property=\"og:image\" content=\"https:\/\/www.accuratereviews.com\/wp-content\/uploads\/2021\/04\/Schermata-2021-04-21-alle-15.22.20.png\" \/>\n\t<meta property=\"og:image:width\" content=\"571\" \/>\n\t<meta property=\"og:image:height\" content=\"200\" \/>\n\t<meta property=\"og:image:type\" content=\"image\/png\" \/>\n<meta name=\"twitter:card\" content=\"summary_large_image\" \/>\n<meta name=\"twitter:label1\" content=\"Tempo di lettura stimato\" \/>\n\t<meta name=\"twitter:data1\" content=\"4 minuti\" \/>\n<script type=\"application\/ld+json\" class=\"yoast-schema-graph\">{\"@context\":\"https:\\\/\\\/schema.org\",\"@graph\":[{\"@type\":\"WebPage\",\"@id\":\"https:\\\/\\\/www.accuratereviews.com\\\/it\\\/software-disinfestazioni\\\/synchroteam-recensione\\\/\",\"url\":\"https:\\\/\\\/www.accuratereviews.com\\\/it\\\/software-disinfestazioni\\\/synchroteam-recensione\\\/\",\"name\":\"Synchroteam: recensione software disinfestazione - Accurate Reviews\",\"isPartOf\":{\"@id\":\"https:\\\/\\\/www.accuratereviews.com\\\/it\\\/#website\"},\"primaryImageOfPage\":{\"@id\":\"https:\\\/\\\/www.accuratereviews.com\\\/it\\\/software-disinfestazioni\\\/synchroteam-recensione\\\/#primaryimage\"},\"image\":{\"@id\":\"https:\\\/\\\/www.accuratereviews.com\\\/it\\\/software-disinfestazioni\\\/synchroteam-recensione\\\/#primaryimage\"},\"thumbnailUrl\":\"https:\\\/\\\/www.accuratereviews.com\\\/wp-content\\\/uploads\\\/2021\\\/04\\\/Schermata-2021-04-21-alle-15.22.20.png\",\"datePublished\":\"2021-04-21T14:40:25+00:00\",\"description\":\"Synchroteam \u00e8 un programma per la gestione dei servizi esterni che supporta le imprese di disinfestazione e di altri settori.\",\"breadcrumb\":{\"@id\":\"https:\\\/\\\/www.accuratereviews.com\\\/it\\\/software-disinfestazioni\\\/synchroteam-recensione\\\/#breadcrumb\"},\"inLanguage\":\"it-IT\",\"potentialAction\":[{\"@type\":\"ReadAction\",\"target\":[\"https:\\\/\\\/www.accuratereviews.com\\\/it\\\/software-disinfestazioni\\\/synchroteam-recensione\\\/\"]}]},{\"@type\":\"ImageObject\",\"inLanguage\":\"it-IT\",\"@id\":\"https:\\\/\\\/www.accuratereviews.com\\\/it\\\/software-disinfestazioni\\\/synchroteam-recensione\\\/#primaryimage\",\"url\":\"https:\\\/\\\/www.accuratereviews.com\\\/wp-content\\\/uploads\\\/2021\\\/04\\\/Schermata-2021-04-21-alle-15.22.20.png\",\"contentUrl\":\"https:\\\/\\\/www.accuratereviews.com\\\/wp-content\\\/uploads\\\/2021\\\/04\\\/Schermata-2021-04-21-alle-15.22.20.png\",\"width\":571,\"height\":200},{\"@type\":\"BreadcrumbList\",\"@id\":\"https:\\\/\\\/www.accuratereviews.com\\\/it\\\/software-disinfestazioni\\\/synchroteam-recensione\\\/#breadcrumb\",\"itemListElement\":[{\"@type\":\"ListItem\",\"position\":1,\"name\":\"Home\",\"item\":\"https:\\\/\\\/www.accuratereviews.com\\\/it\\\/\"},{\"@type\":\"ListItem\",\"position\":2,\"name\":\"Software per le disinfestazioni\",\"item\":\"https:\\\/\\\/www.accuratereviews.com\\\/it\\\/software-disinfestazioni\\\/\"},{\"@type\":\"ListItem\",\"position\":3,\"name\":\"Synchroteam\"}]},{\"@type\":\"WebSite\",\"@id\":\"https:\\\/\\\/www.accuratereviews.com\\\/it\\\/#website\",\"url\":\"https:\\\/\\\/www.accuratereviews.com\\\/it\\\/\",\"name\":\"Accurate Reviews\",\"description\":\"\",\"potentialAction\":[{\"@type\":\"SearchAction\",\"target\":{\"@type\":\"EntryPoint\",\"urlTemplate\":\"https:\\\/\\\/www.accuratereviews.com\\\/it\\\/?s={search_term_string}\"},\"query-input\":{\"@type\":\"PropertyValueSpecification\",\"valueRequired\":true,\"valueName\":\"search_term_string\"}}],\"inLanguage\":\"it-IT\"}]}<\/script>\n<!-- \/ Yoast SEO plugin. -->","yoast_head_json":{"title":"Synchroteam: recensione software disinfestazione - Accurate Reviews","description":"Synchroteam \u00e8 un programma per la gestione dei servizi esterni che supporta le imprese di disinfestazione e di altri settori.","robots":{"index":"index","follow":"follow","max-snippet":"max-snippet:-1","max-image-preview":"max-image-preview:large","max-video-preview":"max-video-preview:-1"},"canonical":"https:\/\/www.accuratereviews.com\/it\/software-disinfestazioni\/synchroteam-recensione\/","og_locale":"it_IT","og_type":"article","og_title":"Synchroteam: recensione software disinfestazione - Accurate Reviews","og_description":"Synchroteam \u00e8 un programma per la gestione dei servizi esterni che supporta le imprese di disinfestazione e di altri settori.","og_url":"https:\/\/www.accuratereviews.com\/it\/software-disinfestazioni\/synchroteam-recensione\/","og_site_name":"Accurate Reviews","og_image":[{"width":571,"height":200,"url":"https:\/\/www.accuratereviews.com\/wp-content\/uploads\/2021\/04\/Schermata-2021-04-21-alle-15.22.20.png","type":"image\/png"}],"twitter_card":"summary_large_image","twitter_misc":{"Tempo di lettura stimato":"4 minuti"},"schema":{"@context":"https:\/\/schema.org","@graph":[{"@type":"WebPage","@id":"https:\/\/www.accuratereviews.com\/it\/software-disinfestazioni\/synchroteam-recensione\/","url":"https:\/\/www.accuratereviews.com\/it\/software-disinfestazioni\/synchroteam-recensione\/","name":"Synchroteam: recensione software disinfestazione - Accurate Reviews","isPartOf":{"@id":"https:\/\/www.accuratereviews.com\/it\/#website"},"primaryImageOfPage":{"@id":"https:\/\/www.accuratereviews.com\/it\/software-disinfestazioni\/synchroteam-recensione\/#primaryimage"},"image":{"@id":"https:\/\/www.accuratereviews.com\/it\/software-disinfestazioni\/synchroteam-recensione\/#primaryimage"},"thumbnailUrl":"https:\/\/www.accuratereviews.com\/wp-content\/uploads\/2021\/04\/Schermata-2021-04-21-alle-15.22.20.png","datePublished":"2021-04-21T14:40:25+00:00","description":"Synchroteam \u00e8 un programma per la gestione dei servizi esterni che supporta le imprese di disinfestazione e di altri settori.","breadcrumb":{"@id":"https:\/\/www.accuratereviews.com\/it\/software-disinfestazioni\/synchroteam-recensione\/#breadcrumb"},"inLanguage":"it-IT","potentialAction":[{"@type":"ReadAction","target":["https:\/\/www.accuratereviews.com\/it\/software-disinfestazioni\/synchroteam-recensione\/"]}]},{"@type":"ImageObject","inLanguage":"it-IT","@id":"https:\/\/www.accuratereviews.com\/it\/software-disinfestazioni\/synchroteam-recensione\/#primaryimage","url":"https:\/\/www.accuratereviews.com\/wp-content\/uploads\/2021\/04\/Schermata-2021-04-21-alle-15.22.20.png","contentUrl":"https:\/\/www.accuratereviews.com\/wp-content\/uploads\/2021\/04\/Schermata-2021-04-21-alle-15.22.20.png","width":571,"height":200},{"@type":"BreadcrumbList","@id":"https:\/\/www.accuratereviews.com\/it\/software-disinfestazioni\/synchroteam-recensione\/#breadcrumb","itemListElement":[{"@type":"ListItem","position":1,"name":"Home","item":"https:\/\/www.accuratereviews.com\/it\/"},{"@type":"ListItem","position":2,"name":"Software per le disinfestazioni","item":"https:\/\/www.accuratereviews.com\/it\/software-disinfestazioni\/"},{"@type":"ListItem","position":3,"name":"Synchroteam"}]},{"@type":"WebSite","@id":"https:\/\/www.accuratereviews.com\/it\/#website","url":"https:\/\/www.accuratereviews.com\/it\/","name":"Accurate Reviews","description":"","potentialAction":[{"@type":"SearchAction","target":{"@type":"EntryPoint","urlTemplate":"https:\/\/www.accuratereviews.com\/it\/?s={search_term_string}"},"query-input":{"@type":"PropertyValueSpecification","valueRequired":true,"valueName":"search_term_string"}}],"inLanguage":"it-IT"}]}},"_links":{"self":[{"href":"https:\/\/www.accuratereviews.com\/it\/wp-json\/wp\/v2\/pages\/40553","targetHints":{"allow":["GET"]}}],"collection":[{"href":"https:\/\/www.accuratereviews.com\/it\/wp-json\/wp\/v2\/pages"}],"about":[{"href":"https:\/\/www.accuratereviews.com\/it\/wp-json\/wp\/v2\/types\/page"}],"author":[{"embeddable":true,"href":"https:\/\/www.accuratereviews.com\/it\/wp-json\/wp\/v2\/users\/17"}],"replies":[{"embeddable":true,"href":"https:\/\/www.accuratereviews.com\/it\/wp-json\/wp\/v2\/comments?post=40553"}],"version-history":[{"count":3,"href":"https:\/\/www.accuratereviews.com\/it\/wp-json\/wp\/v2\/pages\/40553\/revisions"}],"predecessor-version":[{"id":40568,"href":"https:\/\/www.accuratereviews.com\/it\/wp-json\/wp\/v2\/pages\/40553\/revisions\/40568"}],"up":[{"embeddable":true,"href":"https:\/\/www.accuratereviews.com\/it\/wp-json\/wp\/v2\/pages\/39847"}],"wp:featuredmedia":[{"embeddable":true,"href":"https:\/\/www.accuratereviews.com\/it\/wp-json\/wp\/v2\/media\/40554"}],"wp:attachment":[{"href":"https:\/\/www.accuratereviews.com\/it\/wp-json\/wp\/v2\/media?parent=40553"}],"wp:term":[{"taxonomy":"category","embeddable":true,"href":"https:\/\/www.accuratereviews.com\/it\/wp-json\/wp\/v2\/categories?post=40553"},{"taxonomy":"post_tag","embeddable":true,"href":"https:\/\/www.accuratereviews.com\/it\/wp-json\/wp\/v2\/tags?post=40553"},{"taxonomy":"features","embeddable":true,"href":"https:\/\/www.accuratereviews.com\/it\/wp-json\/wp\/v2\/features?post=40553"}],"curies":[{"name":"wp","href":"https:\/\/api.w.org\/{rel}","templated":true}]}}