{"id":40593,"date":"2021-04-22T11:36:14","date_gmt":"2021-04-22T11:36:14","guid":{"rendered":"https:\/\/www.accuratereviews.com\/?page_id=40593"},"modified":"2021-04-23T12:53:19","modified_gmt":"2021-04-23T12:53:19","slug":"the-service-program-recensione","status":"publish","type":"page","link":"https:\/\/www.accuratereviews.com\/it\/software-disinfestazioni\/the-service-program-recensione\/","title":{"rendered":"The Service Program"},"content":{"rendered":"<p><strong>The<\/strong>\u00a0<strong>Service Program<\/strong> \u00e8 un software aziendale di servizio aggiuntivo per desktop online e QuickBooks che aiuta le aziende a gestire i servizi in modo pi\u00f9 efficace e a migliorare le comunicazioni. Il software copre una vasta gamma di servizi, inclusa la comunicazione all&#8217;interno dell&#8217;organizzazione, l&#8217;instradamento, la pianificazione degli ordini di lavoro, le chiamate di servizio e il monitoraggio delle apparecchiature. Si integra perfettamente con QuickBooks, evitando allo staff di dover inserire informazioni pi\u00f9 volte. Il programma \u00e8 facile da configurare e viene fornito con opzioni di soluzioni mobili e portale clienti, semplificando l&#8217;organizzazione, il monitoraggio della redditivit\u00e0 dei clienti e il miglioramento delle comunicazioni. Le funzionalit\u00e0 di gestione dei servizi consentono ai membri del team di inserire ordini di lavoro sui propri computer o dal campo e di impostare facilmente attivit\u00e0 ricorrenti. Ci\u00f2 si traduce in migliori comunicazioni per i dipendenti, servizi e organizzazione migliori e instradamenti pi\u00f9 efficienti.<\/p>\n<h2>THE SERVICE PROGRAM &#8211; TUTORIAL<\/h2>\n<p>Guardiamo come mappare il percorso dei dipendenti utilizzando questo <strong>software per la disinfestazione<\/strong>:<\/p>\n<div id=\"fluid-wrapper-counter-1\" class=\"g1-fluid-wrapper \" style=\"width:686px;\">\n<div style=\"padding-bottom:56.268221574344%;\"><iframe loading=\"lazy\" title=\"Web Mapping - Additional Route Mapping Features\" width=\"686\" height=\"386\" src=\"https:\/\/www.youtube.com\/embed\/AIfLyd_0bq4?feature=oembed&amp;wmode=transparent&amp;autohide=1&amp;autoplay=0&amp;disablekb=0&amp;fs=1&amp;loop=0&amp;enablejsapi=1&amp;rel=0&amp;controls=2&amp;showinfo=0&amp;wmode=transparent&amp;autohide=2&amp;autoplay=0&amp;disablekb=0&amp;fs=1&amp;loop=0&amp;enablejsapi=1&amp;rel=0&amp;controls=2&amp;showinfo=1\" frameborder=\"0\" allow=\"accelerometer; autoplay; clipboard-write; encrypted-media; gyroscope; picture-in-picture\" allowfullscreen><\/iframe><\/div>\n<\/div>\n<h3>THE SERVICE PROGRAM &#8211; CARATTERISTICHE<\/h3>\n<ul>\n<li><strong>Integrazione QuickBooks<\/strong>: perfettamente integrato con QuickBooks. Genera fatture, bollette, cronometra il tempo dei dipendenti e non solo<\/li>\n<li><strong>Organizzazione:<\/strong> il software aziendale di assistenza consente di monitorare la redditivit\u00e0 dei clienti, migliorare le comunicazioni del personale e gestire in modo efficace i percorsi<\/li>\n<li><strong>Gestione del servizio<\/strong>: inserisci gli ordini di lavoro sul PC o sul campo e controlla rapidamente se qualcosa viene perso. Imposta attivit\u00e0 ricorrenti come modifiche annuali dei filtri o pianificazioni dei percorsi ottimizzate<\/li>\n<li><strong>Comunicazioni migliorate<\/strong>: immetti e completa attivit\u00e0 e ordini di lavoro. Scatta foto dei lavori, prima e dopo. Inserisci e visualizza l&#8217;attrezzatura del cliente<\/li>\n<li><strong>Gestione del percorso<\/strong>: ottimizza i percorsi per area, giorno e tecnologia. Visualizza i dettagli di ogni fermata, mappa o chiamata di servizio mentre sei in viaggio<\/li>\n<li><strong>Monitoraggio dell&#8217;attrezzatura<\/strong>: inserisci\/visualizza l&#8217;attrezzatura sul campo. Tieni traccia della cronologia delle riparazioni. Crea elenchi personalizzati in base ai tipi di attrezzatura.<\/li>\n<\/ul>\n<h4>LE RECENSIONI DEGLI UTENTI<\/h4>\n<h5 class=\"font-weight-bold mb-1 d-flex align-items-center\">Penny E.&#8221;Recensione The Service Program&#8221;<\/h5>\n<p><strong>Commenti: <\/strong>Siamo molto soddisfatti del programma di servizio e lo consigliamo.<\/p>\n<p><strong>Pro: <\/strong>Il programma di servizio \u00e8 molto facile da usare. Non abbiamo avuto problemi con l&#8217;interazione tra The Service Program e Quickbooks. Il trasferimento dal nostro vecchio database \u00e8 stato sorprendentemente facile. Il supporto tecnico per la maggior parte \u00e8 stato molto rapido e preciso ogni volta che abbiamo avuto un problema. Tutti i problemi che abbiamo avuto sono stati molto pochi e lontani tra loro e facilmente risolvibili.<\/p>\n<p><strong>Contro: <\/strong>Programma basato su Internet. Il nostro Internet qui \u00e8 orribile. Veniamo respinti dal programma di servizio quando la nostra connessione Internet non funziona.<\/p>\n<p class=\"font-weight-bold mb-1 d-flex align-items-center\"><strong>Patrick R.&#8221;Buon servizio, assistenza clienti eccezionale&#8221;<\/strong><\/p>\n<p><strong>Commenti: <\/strong>L&#8217;esperienza complessiva \u00e8 stata positiva. sono molte le funzionalit\u00e0 implementate dalla nostra azienda che hanno consentito di risparmiare tempo e risorse. La parte online ha permesso alla nostra azienda di eliminare quasi il 95% del nostro utilizzo di carta<\/p>\n<p><strong>Pro: <\/strong>Il prodotto \u00e8 facile da usare, con molte utili risorse online disponibili. I video di formazione sui prodotti aiutano enormemente a integrare i nuovi dipendenti nel software<\/p>\n<p><strong>Contro: <\/strong>Il software presenta anomalie come qualsiasi altro software. Normalmente i problemi vengono risolti entro il giorno corrente, ma a volte piccoli problemi persistono per alcuni giorni.<\/p>\n<div class=\"ml-4 pl-4 border-left border-left__dotted i18n-translation_vendor_container\" data-translation-id=\"2441946\" data-translation-vendor-target=\"original\">\n<div class=\"d-flex flex-wrap flex-md-nowrap align-items-center\">\n<p><strong>Patrick T.&#8221;Grande supporto&#8221;<\/strong><\/p>\n<p><strong>Commenti: <\/strong>Il loro supporto clienti \u00e8 una bomba! Sono sempre gentili e disponibili!<\/p>\n<p><strong>Pro: <\/strong>Sono passato a QB online e ho cambiato SP con esso. Quindi, dopo numerosi problemi con QB online (anche un supporto terribile), siamo tornati al desktop QB. In quel momento avevo bisogno di ripristinare l&#8217;SP. Sono stati davvero di supporto, lo hanno fatto durante il fine settimana e hanno controllato la nostra azienda in ogni momento. Hanno il miglior team IT e di supporto di sempre (forse QB dovrebbe assumerli-LOL). Consiglio vivamente SP per l&#8217;uso con una compagnia di piscine! Sono grandi.<\/p>\n<p><strong>Contro: <\/strong>Il sistema \u00e8 molto potente e ci vuole abituarsi. Ci sono molte funzionalit\u00e0 e talvolta confuse su come capirle tutte.<\/p>\n<\/div>\n<\/div>\n","protected":false},"excerpt":{"rendered":"<p>The\u00a0Service Program \u00e8 un software aziendale di servizio aggiuntivo per desktop online e QuickBooks che aiuta le aziende a gestire i servizi in modo pi\u00f9 efficace e a migliorare le comunicazioni. Il software copre una vasta gamma di servizi, inclusa la comunicazione all&#8217;interno dell&#8217;organizzazione, l&#8217;instradamento, la pianificazione degli ordini di lavoro, le chiamate di servizio e il monitoraggio delle apparecchiature.<\/p>\n","protected":false},"author":19,"featured_media":40603,"parent":39847,"menu_order":0,"comment_status":"open","ping_status":"closed","template":"g1_template_page_review_new.php","meta":{"_acf_changed":false,"cwp_meta_box_check":"Yes","cwp_rev_product_name":"","cwp_rev_product_image":"","wppr_links":[],"cwp_rev_price":"","wppr_options":[],"wppr_pros":[],"wppr_cons":[],"_monsterinsights_skip_tracking":false,"_monsterinsights_sitenote_active":false,"_monsterinsights_sitenote_note":"","_monsterinsights_sitenote_category":0,"footnotes":""},"categories":[5626],"tags":[5658,5649,5647,5648,5781],"features":[],"class_list":{"0":"post-40593","1":"page","2":"type-page","3":"status-publish","4":"has-post-thumbnail","6":"category-software-disinfestazioni-categoria","7":"tag-piattaforma-per-disinfestazione","8":"tag-programma-per-disinfestazione","9":"tag-software-per-disinfestazione","10":"tag-soluzione-per-disinfestazione","11":"tag-the-service-program"},"wppr_data":{"cwp_meta_box_check":"Yes","cwp_rev_product_name":"","cwp_rev_product_image":"","cwp_image_link":"image","cwp_rev_price":"","wppr_rating":"0.00"},"acf":[],"yoast_head":"<!-- This site is optimized with the Yoast SEO plugin v27.4 - https:\/\/yoast.com\/product\/yoast-seo-wordpress\/ -->\n<title>The\u00a0Service Program: recensione software disinfestazione<\/title>\n<meta name=\"description\" content=\"The\u00a0Service Program: recensione software per disinfestazione che aiuta le aziende a gestire i servizi in modo efficace.\" \/>\n<meta name=\"robots\" content=\"index, follow, max-snippet:-1, max-image-preview:large, max-video-preview:-1\" \/>\n<link rel=\"canonical\" href=\"https:\/\/www.accuratereviews.com\/it\/software-disinfestazioni\/the-service-program-recensione\/\" \/>\n<meta property=\"og:locale\" content=\"it_IT\" \/>\n<meta property=\"og:type\" content=\"article\" \/>\n<meta property=\"og:title\" content=\"The\u00a0Service Program: recensione software disinfestazione\" \/>\n<meta property=\"og:description\" content=\"The\u00a0Service Program: recensione software per disinfestazione che aiuta le aziende a gestire i servizi in modo efficace.\" \/>\n<meta property=\"og:url\" content=\"https:\/\/www.accuratereviews.com\/it\/software-disinfestazioni\/the-service-program-recensione\/\" \/>\n<meta property=\"og:site_name\" content=\"Accurate Reviews\" \/>\n<meta property=\"article:modified_time\" content=\"2021-04-23T12:53:19+00:00\" \/>\n<meta property=\"og:image\" content=\"https:\/\/www.accuratereviews.com\/wp-content\/uploads\/2021\/04\/SP.jpg\" \/>\n\t<meta property=\"og:image:width\" content=\"900\" \/>\n\t<meta property=\"og:image:height\" content=\"900\" \/>\n\t<meta property=\"og:image:type\" content=\"image\/jpeg\" \/>\n<meta name=\"twitter:card\" content=\"summary_large_image\" \/>\n<meta name=\"twitter:label1\" content=\"Tempo di lettura stimato\" \/>\n\t<meta name=\"twitter:data1\" content=\"3 minuti\" \/>\n<script type=\"application\/ld+json\" class=\"yoast-schema-graph\">{\"@context\":\"https:\\\/\\\/schema.org\",\"@graph\":[{\"@type\":\"WebPage\",\"@id\":\"https:\\\/\\\/www.accuratereviews.com\\\/it\\\/software-disinfestazioni\\\/the-service-program-recensione\\\/\",\"url\":\"https:\\\/\\\/www.accuratereviews.com\\\/it\\\/software-disinfestazioni\\\/the-service-program-recensione\\\/\",\"name\":\"The\u00a0Service Program: recensione software disinfestazione\",\"isPartOf\":{\"@id\":\"https:\\\/\\\/www.accuratereviews.com\\\/it\\\/#website\"},\"primaryImageOfPage\":{\"@id\":\"https:\\\/\\\/www.accuratereviews.com\\\/it\\\/software-disinfestazioni\\\/the-service-program-recensione\\\/#primaryimage\"},\"image\":{\"@id\":\"https:\\\/\\\/www.accuratereviews.com\\\/it\\\/software-disinfestazioni\\\/the-service-program-recensione\\\/#primaryimage\"},\"thumbnailUrl\":\"https:\\\/\\\/www.accuratereviews.com\\\/wp-content\\\/uploads\\\/2021\\\/04\\\/SP.jpg\",\"datePublished\":\"2021-04-22T11:36:14+00:00\",\"dateModified\":\"2021-04-23T12:53:19+00:00\",\"description\":\"The\u00a0Service Program: recensione software per disinfestazione che aiuta le aziende a gestire i servizi in modo efficace.\",\"breadcrumb\":{\"@id\":\"https:\\\/\\\/www.accuratereviews.com\\\/it\\\/software-disinfestazioni\\\/the-service-program-recensione\\\/#breadcrumb\"},\"inLanguage\":\"it-IT\",\"potentialAction\":[{\"@type\":\"ReadAction\",\"target\":[\"https:\\\/\\\/www.accuratereviews.com\\\/it\\\/software-disinfestazioni\\\/the-service-program-recensione\\\/\"]}]},{\"@type\":\"ImageObject\",\"inLanguage\":\"it-IT\",\"@id\":\"https:\\\/\\\/www.accuratereviews.com\\\/it\\\/software-disinfestazioni\\\/the-service-program-recensione\\\/#primaryimage\",\"url\":\"https:\\\/\\\/www.accuratereviews.com\\\/wp-content\\\/uploads\\\/2021\\\/04\\\/SP.jpg\",\"contentUrl\":\"https:\\\/\\\/www.accuratereviews.com\\\/wp-content\\\/uploads\\\/2021\\\/04\\\/SP.jpg\",\"width\":900,\"height\":900},{\"@type\":\"BreadcrumbList\",\"@id\":\"https:\\\/\\\/www.accuratereviews.com\\\/it\\\/software-disinfestazioni\\\/the-service-program-recensione\\\/#breadcrumb\",\"itemListElement\":[{\"@type\":\"ListItem\",\"position\":1,\"name\":\"Home\",\"item\":\"https:\\\/\\\/www.accuratereviews.com\\\/it\\\/\"},{\"@type\":\"ListItem\",\"position\":2,\"name\":\"Software per le disinfestazioni\",\"item\":\"https:\\\/\\\/www.accuratereviews.com\\\/it\\\/software-disinfestazioni\\\/\"},{\"@type\":\"ListItem\",\"position\":3,\"name\":\"The Service Program\"}]},{\"@type\":\"WebSite\",\"@id\":\"https:\\\/\\\/www.accuratereviews.com\\\/it\\\/#website\",\"url\":\"https:\\\/\\\/www.accuratereviews.com\\\/it\\\/\",\"name\":\"Accurate Reviews\",\"description\":\"\",\"potentialAction\":[{\"@type\":\"SearchAction\",\"target\":{\"@type\":\"EntryPoint\",\"urlTemplate\":\"https:\\\/\\\/www.accuratereviews.com\\\/it\\\/?s={search_term_string}\"},\"query-input\":{\"@type\":\"PropertyValueSpecification\",\"valueRequired\":true,\"valueName\":\"search_term_string\"}}],\"inLanguage\":\"it-IT\"}]}<\/script>\n<!-- \/ Yoast SEO plugin. -->","yoast_head_json":{"title":"The\u00a0Service Program: recensione software disinfestazione","description":"The\u00a0Service Program: recensione software per disinfestazione che aiuta le aziende a gestire i servizi in modo efficace.","robots":{"index":"index","follow":"follow","max-snippet":"max-snippet:-1","max-image-preview":"max-image-preview:large","max-video-preview":"max-video-preview:-1"},"canonical":"https:\/\/www.accuratereviews.com\/it\/software-disinfestazioni\/the-service-program-recensione\/","og_locale":"it_IT","og_type":"article","og_title":"The\u00a0Service Program: recensione software disinfestazione","og_description":"The\u00a0Service Program: recensione software per disinfestazione che aiuta le aziende a gestire i servizi in modo efficace.","og_url":"https:\/\/www.accuratereviews.com\/it\/software-disinfestazioni\/the-service-program-recensione\/","og_site_name":"Accurate Reviews","article_modified_time":"2021-04-23T12:53:19+00:00","og_image":[{"width":900,"height":900,"url":"https:\/\/www.accuratereviews.com\/wp-content\/uploads\/2021\/04\/SP.jpg","type":"image\/jpeg"}],"twitter_card":"summary_large_image","twitter_misc":{"Tempo di lettura stimato":"3 minuti"},"schema":{"@context":"https:\/\/schema.org","@graph":[{"@type":"WebPage","@id":"https:\/\/www.accuratereviews.com\/it\/software-disinfestazioni\/the-service-program-recensione\/","url":"https:\/\/www.accuratereviews.com\/it\/software-disinfestazioni\/the-service-program-recensione\/","name":"The\u00a0Service Program: recensione software disinfestazione","isPartOf":{"@id":"https:\/\/www.accuratereviews.com\/it\/#website"},"primaryImageOfPage":{"@id":"https:\/\/www.accuratereviews.com\/it\/software-disinfestazioni\/the-service-program-recensione\/#primaryimage"},"image":{"@id":"https:\/\/www.accuratereviews.com\/it\/software-disinfestazioni\/the-service-program-recensione\/#primaryimage"},"thumbnailUrl":"https:\/\/www.accuratereviews.com\/wp-content\/uploads\/2021\/04\/SP.jpg","datePublished":"2021-04-22T11:36:14+00:00","dateModified":"2021-04-23T12:53:19+00:00","description":"The\u00a0Service Program: recensione software per disinfestazione che aiuta le aziende a gestire i servizi in modo efficace.","breadcrumb":{"@id":"https:\/\/www.accuratereviews.com\/it\/software-disinfestazioni\/the-service-program-recensione\/#breadcrumb"},"inLanguage":"it-IT","potentialAction":[{"@type":"ReadAction","target":["https:\/\/www.accuratereviews.com\/it\/software-disinfestazioni\/the-service-program-recensione\/"]}]},{"@type":"ImageObject","inLanguage":"it-IT","@id":"https:\/\/www.accuratereviews.com\/it\/software-disinfestazioni\/the-service-program-recensione\/#primaryimage","url":"https:\/\/www.accuratereviews.com\/wp-content\/uploads\/2021\/04\/SP.jpg","contentUrl":"https:\/\/www.accuratereviews.com\/wp-content\/uploads\/2021\/04\/SP.jpg","width":900,"height":900},{"@type":"BreadcrumbList","@id":"https:\/\/www.accuratereviews.com\/it\/software-disinfestazioni\/the-service-program-recensione\/#breadcrumb","itemListElement":[{"@type":"ListItem","position":1,"name":"Home","item":"https:\/\/www.accuratereviews.com\/it\/"},{"@type":"ListItem","position":2,"name":"Software per le disinfestazioni","item":"https:\/\/www.accuratereviews.com\/it\/software-disinfestazioni\/"},{"@type":"ListItem","position":3,"name":"The Service Program"}]},{"@type":"WebSite","@id":"https:\/\/www.accuratereviews.com\/it\/#website","url":"https:\/\/www.accuratereviews.com\/it\/","name":"Accurate Reviews","description":"","potentialAction":[{"@type":"SearchAction","target":{"@type":"EntryPoint","urlTemplate":"https:\/\/www.accuratereviews.com\/it\/?s={search_term_string}"},"query-input":{"@type":"PropertyValueSpecification","valueRequired":true,"valueName":"search_term_string"}}],"inLanguage":"it-IT"}]}},"_links":{"self":[{"href":"https:\/\/www.accuratereviews.com\/it\/wp-json\/wp\/v2\/pages\/40593","targetHints":{"allow":["GET"]}}],"collection":[{"href":"https:\/\/www.accuratereviews.com\/it\/wp-json\/wp\/v2\/pages"}],"about":[{"href":"https:\/\/www.accuratereviews.com\/it\/wp-json\/wp\/v2\/types\/page"}],"author":[{"embeddable":true,"href":"https:\/\/www.accuratereviews.com\/it\/wp-json\/wp\/v2\/users\/19"}],"replies":[{"embeddable":true,"href":"https:\/\/www.accuratereviews.com\/it\/wp-json\/wp\/v2\/comments?post=40593"}],"version-history":[{"count":15,"href":"https:\/\/www.accuratereviews.com\/it\/wp-json\/wp\/v2\/pages\/40593\/revisions"}],"predecessor-version":[{"id":40880,"href":"https:\/\/www.accuratereviews.com\/it\/wp-json\/wp\/v2\/pages\/40593\/revisions\/40880"}],"up":[{"embeddable":true,"href":"https:\/\/www.accuratereviews.com\/it\/wp-json\/wp\/v2\/pages\/39847"}],"wp:featuredmedia":[{"embeddable":true,"href":"https:\/\/www.accuratereviews.com\/it\/wp-json\/wp\/v2\/media\/40603"}],"wp:attachment":[{"href":"https:\/\/www.accuratereviews.com\/it\/wp-json\/wp\/v2\/media?parent=40593"}],"wp:term":[{"taxonomy":"category","embeddable":true,"href":"https:\/\/www.accuratereviews.com\/it\/wp-json\/wp\/v2\/categories?post=40593"},{"taxonomy":"post_tag","embeddable":true,"href":"https:\/\/www.accuratereviews.com\/it\/wp-json\/wp\/v2\/tags?post=40593"},{"taxonomy":"features","embeddable":true,"href":"https:\/\/www.accuratereviews.com\/it\/wp-json\/wp\/v2\/features?post=40593"}],"curies":[{"name":"wp","href":"https:\/\/api.w.org\/{rel}","templated":true}]}}