{"id":40615,"date":"2021-04-22T11:31:51","date_gmt":"2021-04-22T11:31:51","guid":{"rendered":"https:\/\/www.accuratereviews.com\/?page_id=40615"},"modified":"2021-04-23T13:32:17","modified_gmt":"2021-04-23T13:32:17","slug":"kizeo-forms-recensione","status":"publish","type":"page","link":"https:\/\/www.accuratereviews.com\/it\/software-disinfestazioni\/kizeo-forms-recensione\/","title":{"rendered":"Kizeo Forms"},"content":{"rendered":"<p><strong>Kizeo Forms<\/strong> \u00e8 una <strong>soluzione di generazione di moduli mobili<\/strong> che consente ai membri del team di creare e condividere report personalizzati con tutte le parti interessate in pi\u00f9 formati di file, come excel, word e pdf. Il programma permette\u00a0ai leader di creare pi\u00f9 gruppi, impostare i diritti di autorizzazione, generare attivit\u00e0 e gestire i processi di trasferimento dei dati. Consente ai membri del personale di utilizzare un&#8217;interfaccia drag-and-drop per creare moduli con immagini, geolocalizzazione, codici a barre, liste di controllo, messaggi vocali e firme elettroniche. Inoltre, i supervisori possono accedere ai dati storici, identificare gli indici chiave delle prestazioni e recuperare informazioni specifiche.\u00a0<strong>Kizeo Forms<\/strong> viene fornito con un&#8217;API, che consente alle aziende di integrare la piattaforma con diverse soluzioni di terze parti.<\/p>\n<h2>KIZERO FORMS &#8211; TUTORIAL<\/h2>\n<p>Vediamo insieme come funziona questo <strong>software per disinfestazione<\/strong>:<\/p>\n<div id=\"fluid-wrapper-counter-1\" class=\"g1-fluid-wrapper \" style=\"width:686px;\">\n<div style=\"padding-bottom:56.268221574344%;\"><iframe loading=\"lazy\" title=\"Kizeo Forms new version: Walk-through of the application\" width=\"686\" height=\"386\" src=\"https:\/\/www.youtube.com\/embed\/0j89pnZVoyA?feature=oembed&amp;wmode=transparent&amp;autohide=1&amp;autoplay=0&amp;disablekb=0&amp;fs=1&amp;loop=0&amp;enablejsapi=1&amp;rel=0&amp;controls=2&amp;showinfo=0&amp;wmode=transparent&amp;autohide=2&amp;autoplay=0&amp;disablekb=0&amp;fs=1&amp;loop=0&amp;enablejsapi=1&amp;rel=0&amp;controls=2&amp;showinfo=1\" frameborder=\"0\" allow=\"accelerometer; autoplay; clipboard-write; encrypted-media; gyroscope; picture-in-picture\" allowfullscreen><\/iframe><\/div>\n<\/div>\n<h3>KIZERO FORMS &#8211; CARATTERISTICHE<\/h3>\n<ul>\n<li>Raccogli dati dettagliati sul campo<\/li>\n<li>Scansiona codici a barre, compila liste di controllo, firma i tuoi rapporti e allega registrazioni vocali<\/li>\n<li>Registra i tuoi dati anche in zone senza connessione internet grazie alla funzionalit\u00e0 offline<\/li>\n<li>Trasferisci i moduli precompilati<\/li>\n<li>Invia email automatiche e rapporti personalizzati al completamento del modulo<\/li>\n<li>Trasferisci i dati in tempo reale<\/li>\n<li>Raccogli e invia informazioni in qualsiasi momento da qualsiasi luogo tramite l&#8217;applicazione mobile<\/li>\n<li>Garantisci la disponibilit\u00e0 e la sicurezza dei dati<\/li>\n<li>Traccia, monitora e analizza i dati raccolti<\/li>\n<li>Regola il trasferimento dei dati tra i membri del team<\/li>\n<\/ul>\n<h4>LE RECENSIONI DEGLI UTENTI<\/h4>\n<p><strong>Fran\u00e7ois H.&#8221;Funzionalit\u00e0 di velocit\u00e0&#8221;<\/strong><\/p>\n<p><strong>Commenti: <\/strong>Un enorme risparmio di tempo (10 ore in meno in ufficio) a vantaggio del campo e dei dipendenti.<\/p>\n<p><strong>Pro: <\/strong>La velocit\u00e0 di diffusione delle informazioni raccolte, la portata dei dipendenti informati, il risparmio di tempo.<br \/>\nPossibilit\u00e0 di ricerca molto dettagliata e creazione di tabelle con foto raccolte sul sito.<\/p>\n<p><strong>Contro: <\/strong>No. Avvio rapido, aggiornamento regolare senza bug<\/p>\n<p class=\"font-weight-bold mb-1 d-flex align-items-center\"><strong>David C.&#8221;Kizeo Forms&#8221;<\/strong><\/p>\n<p><strong>Commenti: <\/strong>Utilizzando questo sistema, automatizziamo e ottimizziamo i processi di supporto e revisione sul campo.\u00a0Risparmiamo tempo e denaro nell&#8217;avere i report, ora sono online e in tempo reale<\/p>\n<p><strong>Pro: <\/strong>\u00c8 un sistema cloud, in spagnolo, che potrebbe essere adattato alle nostre esigenze specifiche.\u00a0Lavora online e offline.\u00a0Pu\u00f2 essere personalizzabile.\u00a0Il loro supporto tecnico \u00e8 molto buono, attento e professionale<\/p>\n<p><strong>Contro: <\/strong>Al momento, va tutto bene.\u00a0Il supporto che ci hanno dato per realizzare i moduli ha risolto i nostri dubbi<\/p>\n<p class=\"font-weight-bold mb-1 d-flex align-items-center\"><strong>Rodrigo M.&#8221;KIzeo&#8221;<\/strong><\/p>\n<p><strong>Commenti: <\/strong>Un&#8217;esperienza imbattibile, ho trovato un semplice software che con un po &#8216;di intuizione poteva risolvere problemi delle attivit\u00e0 che si svolgevano sul campo.\u00a0Oggi ho potuto generare nuovi progetti e imprese grazie all&#8217;applicazione che ho \u00a0&#8230; e la verit\u00e0 \u00e8 che c&#8217;\u00e8 ancora molto da imparare, esplorare e sfruttare.<\/p>\n<p><strong>Pro: <\/strong>Il sistema mi piace molto perch\u00e9 \u00e8 molto intuitivo e avere un piano per stabilire la logica con cui lavorare \u00e8 abbastanza semplice<\/p>\n<p><strong>Contro: <\/strong>All&#8217;inizio, essendo la societ\u00e0 madre in Francia, dovevi fare molti tentativi ed errori per impararlo, da quando hanno stabilito uffici in Cile, ci sono stati molti corsi di formazione, che \u00e8 molto pi\u00f9 facile da imparare e implementare.<\/p>\n","protected":false},"excerpt":{"rendered":"<p>Kizeo Forms \u00e8 una soluzione di generazione di moduli mobili\u00a0 che consente ai membri del team di creare e condividere report personalizzati con tutte le parti interessate in pi\u00f9 formati di file, come excel, word e pdf. Il programma permette\u00a0ai leader di creare pi\u00f9 gruppi, impostare i diritti di autorizzazione, generare attivit\u00e0 e gestire i processi di trasferimento dei dati.<\/p>\n","protected":false},"author":19,"featured_media":40617,"parent":39847,"menu_order":0,"comment_status":"open","ping_status":"closed","template":"g1_template_page_review_new.php","meta":{"_acf_changed":false,"cwp_meta_box_check":"Yes","cwp_rev_product_name":"","cwp_rev_product_image":"","wppr_links":[],"cwp_rev_price":"","wppr_options":[],"wppr_pros":[],"wppr_cons":[],"_monsterinsights_skip_tracking":false,"_monsterinsights_sitenote_active":false,"_monsterinsights_sitenote_note":"","_monsterinsights_sitenote_category":0,"footnotes":""},"categories":[5626],"tags":[5782,5783,5658,5649,5647,5648],"features":[],"class_list":{"0":"post-40615","1":"page","2":"type-page","3":"status-publish","4":"has-post-thumbnail","6":"category-software-disinfestazioni-categoria","7":"tag-gestione-sul-campo","8":"tag-kizeo-forms","9":"tag-piattaforma-per-disinfestazione","10":"tag-programma-per-disinfestazione","11":"tag-software-per-disinfestazione","12":"tag-soluzione-per-disinfestazione"},"wppr_data":{"cwp_meta_box_check":"Yes","cwp_rev_product_name":"","cwp_rev_product_image":"","cwp_image_link":"image","cwp_rev_price":"","wppr_rating":"0.00"},"acf":[],"yoast_head":"<!-- This site is optimized with the Yoast SEO plugin v27.4 - https:\/\/yoast.com\/product\/yoast-seo-wordpress\/ -->\n<title>Kizeo Forms: recensione software disinfestazione - Accurate Reviews<\/title>\n<meta name=\"description\" content=\"Kizeo Forms: recensione soluzione di disinfestazione che consente ai membri del team di creare e condividere report personalizzati.\" \/>\n<meta name=\"robots\" content=\"index, follow, max-snippet:-1, max-image-preview:large, max-video-preview:-1\" \/>\n<link rel=\"canonical\" href=\"https:\/\/www.accuratereviews.com\/it\/software-disinfestazioni\/kizeo-forms-recensione\/\" \/>\n<meta property=\"og:locale\" content=\"it_IT\" \/>\n<meta property=\"og:type\" content=\"article\" \/>\n<meta property=\"og:title\" content=\"Kizeo Forms: recensione software disinfestazione - Accurate Reviews\" \/>\n<meta property=\"og:description\" content=\"Kizeo Forms: recensione soluzione di disinfestazione che consente ai membri del team di creare e condividere report personalizzati.\" \/>\n<meta property=\"og:url\" content=\"https:\/\/www.accuratereviews.com\/it\/software-disinfestazioni\/kizeo-forms-recensione\/\" \/>\n<meta property=\"og:site_name\" content=\"Accurate Reviews\" \/>\n<meta property=\"article:modified_time\" content=\"2021-04-23T13:32:17+00:00\" \/>\n<meta property=\"og:image\" content=\"https:\/\/www.accuratereviews.com\/wp-content\/uploads\/2021\/04\/logo-KIZEO-forms.png\" \/>\n\t<meta property=\"og:image:width\" content=\"512\" \/>\n\t<meta property=\"og:image:height\" content=\"512\" \/>\n\t<meta property=\"og:image:type\" content=\"image\/png\" \/>\n<meta name=\"twitter:card\" content=\"summary_large_image\" \/>\n<meta name=\"twitter:label1\" content=\"Tempo di lettura stimato\" \/>\n\t<meta name=\"twitter:data1\" content=\"3 minuti\" \/>\n<script type=\"application\/ld+json\" class=\"yoast-schema-graph\">{\"@context\":\"https:\\\/\\\/schema.org\",\"@graph\":[{\"@type\":\"WebPage\",\"@id\":\"https:\\\/\\\/www.accuratereviews.com\\\/it\\\/software-disinfestazioni\\\/kizeo-forms-recensione\\\/\",\"url\":\"https:\\\/\\\/www.accuratereviews.com\\\/it\\\/software-disinfestazioni\\\/kizeo-forms-recensione\\\/\",\"name\":\"Kizeo Forms: recensione software disinfestazione - Accurate Reviews\",\"isPartOf\":{\"@id\":\"https:\\\/\\\/www.accuratereviews.com\\\/it\\\/#website\"},\"primaryImageOfPage\":{\"@id\":\"https:\\\/\\\/www.accuratereviews.com\\\/it\\\/software-disinfestazioni\\\/kizeo-forms-recensione\\\/#primaryimage\"},\"image\":{\"@id\":\"https:\\\/\\\/www.accuratereviews.com\\\/it\\\/software-disinfestazioni\\\/kizeo-forms-recensione\\\/#primaryimage\"},\"thumbnailUrl\":\"https:\\\/\\\/www.accuratereviews.com\\\/wp-content\\\/uploads\\\/2021\\\/04\\\/logo-KIZEO-forms.png\",\"datePublished\":\"2021-04-22T11:31:51+00:00\",\"dateModified\":\"2021-04-23T13:32:17+00:00\",\"description\":\"Kizeo Forms: recensione soluzione di disinfestazione che consente ai membri del team di creare e condividere report personalizzati.\",\"breadcrumb\":{\"@id\":\"https:\\\/\\\/www.accuratereviews.com\\\/it\\\/software-disinfestazioni\\\/kizeo-forms-recensione\\\/#breadcrumb\"},\"inLanguage\":\"it-IT\",\"potentialAction\":[{\"@type\":\"ReadAction\",\"target\":[\"https:\\\/\\\/www.accuratereviews.com\\\/it\\\/software-disinfestazioni\\\/kizeo-forms-recensione\\\/\"]}]},{\"@type\":\"ImageObject\",\"inLanguage\":\"it-IT\",\"@id\":\"https:\\\/\\\/www.accuratereviews.com\\\/it\\\/software-disinfestazioni\\\/kizeo-forms-recensione\\\/#primaryimage\",\"url\":\"https:\\\/\\\/www.accuratereviews.com\\\/wp-content\\\/uploads\\\/2021\\\/04\\\/logo-KIZEO-forms.png\",\"contentUrl\":\"https:\\\/\\\/www.accuratereviews.com\\\/wp-content\\\/uploads\\\/2021\\\/04\\\/logo-KIZEO-forms.png\",\"width\":512,\"height\":512},{\"@type\":\"BreadcrumbList\",\"@id\":\"https:\\\/\\\/www.accuratereviews.com\\\/it\\\/software-disinfestazioni\\\/kizeo-forms-recensione\\\/#breadcrumb\",\"itemListElement\":[{\"@type\":\"ListItem\",\"position\":1,\"name\":\"Home\",\"item\":\"https:\\\/\\\/www.accuratereviews.com\\\/it\\\/\"},{\"@type\":\"ListItem\",\"position\":2,\"name\":\"Software per le disinfestazioni\",\"item\":\"https:\\\/\\\/www.accuratereviews.com\\\/it\\\/software-disinfestazioni\\\/\"},{\"@type\":\"ListItem\",\"position\":3,\"name\":\"Kizeo Forms\"}]},{\"@type\":\"WebSite\",\"@id\":\"https:\\\/\\\/www.accuratereviews.com\\\/it\\\/#website\",\"url\":\"https:\\\/\\\/www.accuratereviews.com\\\/it\\\/\",\"name\":\"Accurate Reviews\",\"description\":\"\",\"potentialAction\":[{\"@type\":\"SearchAction\",\"target\":{\"@type\":\"EntryPoint\",\"urlTemplate\":\"https:\\\/\\\/www.accuratereviews.com\\\/it\\\/?s={search_term_string}\"},\"query-input\":{\"@type\":\"PropertyValueSpecification\",\"valueRequired\":true,\"valueName\":\"search_term_string\"}}],\"inLanguage\":\"it-IT\"}]}<\/script>\n<!-- \/ Yoast SEO plugin. -->","yoast_head_json":{"title":"Kizeo Forms: recensione software disinfestazione - Accurate Reviews","description":"Kizeo Forms: recensione soluzione di disinfestazione che consente ai membri del team di creare e condividere report personalizzati.","robots":{"index":"index","follow":"follow","max-snippet":"max-snippet:-1","max-image-preview":"max-image-preview:large","max-video-preview":"max-video-preview:-1"},"canonical":"https:\/\/www.accuratereviews.com\/it\/software-disinfestazioni\/kizeo-forms-recensione\/","og_locale":"it_IT","og_type":"article","og_title":"Kizeo Forms: recensione software disinfestazione - Accurate Reviews","og_description":"Kizeo Forms: recensione soluzione di disinfestazione che consente ai membri del team di creare e condividere report personalizzati.","og_url":"https:\/\/www.accuratereviews.com\/it\/software-disinfestazioni\/kizeo-forms-recensione\/","og_site_name":"Accurate Reviews","article_modified_time":"2021-04-23T13:32:17+00:00","og_image":[{"width":512,"height":512,"url":"https:\/\/www.accuratereviews.com\/wp-content\/uploads\/2021\/04\/logo-KIZEO-forms.png","type":"image\/png"}],"twitter_card":"summary_large_image","twitter_misc":{"Tempo di lettura stimato":"3 minuti"},"schema":{"@context":"https:\/\/schema.org","@graph":[{"@type":"WebPage","@id":"https:\/\/www.accuratereviews.com\/it\/software-disinfestazioni\/kizeo-forms-recensione\/","url":"https:\/\/www.accuratereviews.com\/it\/software-disinfestazioni\/kizeo-forms-recensione\/","name":"Kizeo Forms: recensione software disinfestazione - Accurate Reviews","isPartOf":{"@id":"https:\/\/www.accuratereviews.com\/it\/#website"},"primaryImageOfPage":{"@id":"https:\/\/www.accuratereviews.com\/it\/software-disinfestazioni\/kizeo-forms-recensione\/#primaryimage"},"image":{"@id":"https:\/\/www.accuratereviews.com\/it\/software-disinfestazioni\/kizeo-forms-recensione\/#primaryimage"},"thumbnailUrl":"https:\/\/www.accuratereviews.com\/wp-content\/uploads\/2021\/04\/logo-KIZEO-forms.png","datePublished":"2021-04-22T11:31:51+00:00","dateModified":"2021-04-23T13:32:17+00:00","description":"Kizeo Forms: recensione soluzione di disinfestazione che consente ai membri del team di creare e condividere report personalizzati.","breadcrumb":{"@id":"https:\/\/www.accuratereviews.com\/it\/software-disinfestazioni\/kizeo-forms-recensione\/#breadcrumb"},"inLanguage":"it-IT","potentialAction":[{"@type":"ReadAction","target":["https:\/\/www.accuratereviews.com\/it\/software-disinfestazioni\/kizeo-forms-recensione\/"]}]},{"@type":"ImageObject","inLanguage":"it-IT","@id":"https:\/\/www.accuratereviews.com\/it\/software-disinfestazioni\/kizeo-forms-recensione\/#primaryimage","url":"https:\/\/www.accuratereviews.com\/wp-content\/uploads\/2021\/04\/logo-KIZEO-forms.png","contentUrl":"https:\/\/www.accuratereviews.com\/wp-content\/uploads\/2021\/04\/logo-KIZEO-forms.png","width":512,"height":512},{"@type":"BreadcrumbList","@id":"https:\/\/www.accuratereviews.com\/it\/software-disinfestazioni\/kizeo-forms-recensione\/#breadcrumb","itemListElement":[{"@type":"ListItem","position":1,"name":"Home","item":"https:\/\/www.accuratereviews.com\/it\/"},{"@type":"ListItem","position":2,"name":"Software per le disinfestazioni","item":"https:\/\/www.accuratereviews.com\/it\/software-disinfestazioni\/"},{"@type":"ListItem","position":3,"name":"Kizeo Forms"}]},{"@type":"WebSite","@id":"https:\/\/www.accuratereviews.com\/it\/#website","url":"https:\/\/www.accuratereviews.com\/it\/","name":"Accurate Reviews","description":"","potentialAction":[{"@type":"SearchAction","target":{"@type":"EntryPoint","urlTemplate":"https:\/\/www.accuratereviews.com\/it\/?s={search_term_string}"},"query-input":{"@type":"PropertyValueSpecification","valueRequired":true,"valueName":"search_term_string"}}],"inLanguage":"it-IT"}]}},"_links":{"self":[{"href":"https:\/\/www.accuratereviews.com\/it\/wp-json\/wp\/v2\/pages\/40615","targetHints":{"allow":["GET"]}}],"collection":[{"href":"https:\/\/www.accuratereviews.com\/it\/wp-json\/wp\/v2\/pages"}],"about":[{"href":"https:\/\/www.accuratereviews.com\/it\/wp-json\/wp\/v2\/types\/page"}],"author":[{"embeddable":true,"href":"https:\/\/www.accuratereviews.com\/it\/wp-json\/wp\/v2\/users\/19"}],"replies":[{"embeddable":true,"href":"https:\/\/www.accuratereviews.com\/it\/wp-json\/wp\/v2\/comments?post=40615"}],"version-history":[{"count":13,"href":"https:\/\/www.accuratereviews.com\/it\/wp-json\/wp\/v2\/pages\/40615\/revisions"}],"predecessor-version":[{"id":40922,"href":"https:\/\/www.accuratereviews.com\/it\/wp-json\/wp\/v2\/pages\/40615\/revisions\/40922"}],"up":[{"embeddable":true,"href":"https:\/\/www.accuratereviews.com\/it\/wp-json\/wp\/v2\/pages\/39847"}],"wp:featuredmedia":[{"embeddable":true,"href":"https:\/\/www.accuratereviews.com\/it\/wp-json\/wp\/v2\/media\/40617"}],"wp:attachment":[{"href":"https:\/\/www.accuratereviews.com\/it\/wp-json\/wp\/v2\/media?parent=40615"}],"wp:term":[{"taxonomy":"category","embeddable":true,"href":"https:\/\/www.accuratereviews.com\/it\/wp-json\/wp\/v2\/categories?post=40615"},{"taxonomy":"post_tag","embeddable":true,"href":"https:\/\/www.accuratereviews.com\/it\/wp-json\/wp\/v2\/tags?post=40615"},{"taxonomy":"features","embeddable":true,"href":"https:\/\/www.accuratereviews.com\/it\/wp-json\/wp\/v2\/features?post=40615"}],"curies":[{"name":"wp","href":"https:\/\/api.w.org\/{rel}","templated":true}]}}