{"id":40798,"date":"2021-04-23T11:10:57","date_gmt":"2021-04-23T11:10:57","guid":{"rendered":"https:\/\/www.accuratereviews.com\/?page_id=40798"},"modified":"2021-04-23T11:10:57","modified_gmt":"2021-04-23T11:10:57","slug":"pocomos-recensione","status":"publish","type":"page","link":"https:\/\/www.accuratereviews.com\/it\/software-disinfestazioni\/pocomos-recensione\/","title":{"rendered":"Pocomos"},"content":{"rendered":"<p><strong>Pocomos<\/strong> \u00e8 una <strong>soluzione di gestione aziendale<\/strong> focalizzata sul cliente per il <strong>settore della disinfestazione<\/strong> che offre strumenti per la gestione delle vendite sul campo, il monitoraggio delle entrate, la comunicazione con i clienti, la pianificazione degli appuntamenti, l&#8217;elaborazione dei pagamenti e il monitoraggio delle prestazioni aziendali. Il tutto da un&#8217;unica piattaforma centrale. La soluzione basata su <strong>cloud<\/strong> \u00e8 ottimizzata per tutti i sistemi operativi, inclusi desktop e dispositivi mobili, il che significa che pu\u00f2 essere utilizzata dai lavoratori sul campo per gestire le vendite, i contratti e la pianificazione del percorso durante gli spostamenti.\u00a0Al fine di fornire una soluzione incentrata sul cliente, <strong>Pocomos<\/strong> offre strumenti come email, sms e comunicazioni telefoniche, marketing multicanale, un database di clienti e altro ancora. Consente agli utenti di accedere a tutta la cronologia del cliente prima o durante qualsiasi appuntamento.<\/p>\n<h2>POCOMOS &#8211; TUTORIAL<\/h2>\n<p>Questo <strong>software per disinfestazione<\/strong> dispone di strumenti di reclutamento e vendita che ti aiuteranno a gestire il tuo team, ridurre i costi, migliorare l&#8217;esperienza dei dipendenti con la tua azienda e aumentare la loro produttivit\u00e0 con il monitoraggio degli obiettivi. Guardiamo insieme questo breve tutorial:<\/p>\n<div id=\"fluid-wrapper-counter-1\" class=\"g1-fluid-wrapper \" style=\"width:686px;\">\n<div style=\"padding-bottom:56.268221574344%;\"><iframe loading=\"lazy\" title=\"Pocomos Door-to-Door\" width=\"686\" height=\"386\" src=\"https:\/\/www.youtube.com\/embed\/QaFVRf1tANA?feature=oembed&amp;wmode=transparent&amp;autohide=1&amp;autoplay=0&amp;disablekb=0&amp;fs=1&amp;loop=0&amp;enablejsapi=1&amp;rel=0&amp;controls=2&amp;showinfo=0&amp;wmode=transparent&amp;autohide=2&amp;autoplay=0&amp;disablekb=0&amp;fs=1&amp;loop=0&amp;enablejsapi=1&amp;rel=0&amp;controls=2&amp;showinfo=1\" frameborder=\"0\" allow=\"accelerometer; autoplay; clipboard-write; encrypted-media; gyroscope; picture-in-picture\" allowfullscreen><\/iframe><\/div>\n<\/div>\n<h3>POCOMOS &#8211; CARATTERISTICHE<\/h3>\n<ul>\n<li><strong>Tieni traccia della tua canalizzazione di vendita:<\/strong> monitora e traccia i tuoi contatti di vendita, i metodi e l&#8217;efficacia. Aumenta immediatamente le tue vendite<\/li>\n<li><strong>Crea contratti elettronici:<\/strong> genera e modifica contratti elettronici e ordini di lavoro e raccogli firme digitali. Stupisci i tuoi clienti con questa tecnologia<\/li>\n<li><strong>Raccogli i pagamenti sul campo<\/strong>: tieni traccia di contanti, assegni e altri metodi di pagamento. Addebita carte di credito ed esegui bonifici bancari<\/li>\n<li><strong>Visualizza il tuo ufficio in tempo reale<\/strong>: monitora i progressi dell&#8217;intera azienda in tempo reale. Aumenta la produzione e l&#8217;efficienza di tecnici e dipendenti<\/li>\n<li><strong>Piattaforma multipla<\/strong>: usa qualsiasi dispositivo su una piattaforma straordinariamente reattiva e adattabile<\/li>\n<li><strong>Attenzione al cliente<\/strong>: comunica con i tuoi clienti come mai prima d&#8217;ora. Invia messaggi di posta elettronica, messaggi di testo o chiamali per promemoria di servizio, marketing incrociato e altro ancora.<\/li>\n<\/ul>\n<h4>LE RECENSIONI DEGLI UTENTI<\/h4>\n<p class=\"font-weight-bold mb-1 d-flex align-items-center\"><strong>William S.&#8221;Software semplice, completo e moderno a prezzi ragionevoli&#8221;<\/strong><\/p>\n<p><strong>Commenti: <\/strong>Facile da usare, meno costoso e facile da adattare.<\/p>\n<p><strong>Pro: <\/strong>Il prezzo si basa sulla base di clienti attivi. Funziona allo stesso modo su tutte le piattaforme. Moderno e di facile adattamento.<\/p>\n<p><strong>Contro: <\/strong>Non c&#8217;\u00e8 davvero nulla a cui riesca a pensare, abbiamo avuto alcuni articoli che volevamo cambiare e di solito rispondono alle nostre esigenze in modo tempestivo<\/p>\n<p class=\"font-weight-bold mb-1 d-flex align-items-center\"><strong>Michael S.&#8221;Software dinamico&#8221;<\/strong><\/p>\n<p><strong>Commenti: <\/strong>Uso Pocomos da oltre 5 anni ed \u00e8 chiaramente il miglior software di controllo dei parassiti finora.<\/p>\n<p><strong>Pro: <\/strong>Pocomos \u00e8 un software dinamico. Quando sorgono le necessit\u00e0, adattano il programma. Inoltre, le funzionalit\u00e0 standard non vengono aggiunte ai moduli come altre societ\u00e0 di software per il controllo dei parassiti. Ho provato tutti quelli pi\u00f9 grandi. Hai una domanda o un problema, nessun problema. Chatta con loro direttamente su tutti gli schermi. Rispondono entro 10 minuti mentre continui a lavorare! Le ripetizioni sono sempre cos\u00ec veloci nel rispondere.<\/p>\n<p><strong>Contro: <\/strong>\u00c8 all&#8217;inizio, le app Android non funzionavano bene come Apple. Quei primi problemi sono stati risolti da tempo.<\/p>\n<p class=\"font-weight-bold mb-1 d-flex align-items-center\"><strong>Katie H.\u00a0&#8220;Pocomos ha un eccellente servizio clienti!&#8221;<\/strong><\/p>\n<p><strong>Commenti: <\/strong>Ho dato diversi suggerimenti per lo sviluppo del loro software e mi hanno ascoltato e sento sempre che il mio feedback \u00e8 prezioso.<\/p>\n<p><strong>Pro: <\/strong>Mi piacciono le mappe visive e i percorsi visivi. Sono facili da capire. Mi piace anche poter apportare modifiche specifiche e modelli progettati per i nostri clienti e le loro esigenze.<\/p>\n<p><strong>Contro: <\/strong>Se c&#8217;\u00e8 qualcosa che non mi piace, lo dico e lo risolvono abbastanza rapidamente. Di tanto in tanto mi imbatto in un piccolo problema tecnico dopo un aggiornamento, ma \u00e8 normale vengono sistemati al pi\u00f9 presto. Sarebbe bello se potessimo vedere gli emoji che i clienti ci inviano.<\/p>\n<p>&nbsp;<\/p>\n<p>&nbsp;<\/p>\n","protected":false},"excerpt":{"rendered":"<p>Pocomos \u00e8 una soluzione di gestione aziendale focalizzata sul cliente per il settore della disinfestazione che offre strumenti per la gestione delle vendite sul campo, il monitoraggio delle entrate, la comunicazione con i clienti, la pianificazione degli appuntamenti, l&#8217;elaborazione dei pagamenti e il monitoraggio delle prestazioni aziendali, il tutto da un&#8217;unica piattaforma centrale.<\/p>\n","protected":false},"author":16,"featured_media":40809,"parent":39847,"menu_order":0,"comment_status":"open","ping_status":"closed","template":"g1_template_page_review_new.php","meta":{"_acf_changed":false,"cwp_meta_box_check":"Yes","cwp_rev_product_name":"","cwp_rev_product_image":"","wppr_links":[],"cwp_rev_price":"","wppr_options":[],"wppr_pros":[],"wppr_cons":[],"_monsterinsights_skip_tracking":false,"_monsterinsights_sitenote_active":false,"_monsterinsights_sitenote_note":"","_monsterinsights_sitenote_category":0,"footnotes":""},"categories":[5626],"tags":[396,5700,5787,5649,5647,5648],"features":[],"class_list":{"0":"post-40798","1":"page","2":"type-page","3":"status-publish","4":"has-post-thumbnail","6":"category-software-disinfestazioni-categoria","7":"tag-cloud","8":"tag-piattaforma-per-disifestazione","9":"tag-pocomos","10":"tag-programma-per-disinfestazione","11":"tag-software-per-disinfestazione","12":"tag-soluzione-per-disinfestazione"},"wppr_data":{"cwp_meta_box_check":"Yes","cwp_rev_product_name":"","cwp_rev_product_image":"","cwp_image_link":"image","cwp_rev_price":"","wppr_rating":"0.00"},"acf":[],"yoast_head":"<!-- This site is optimized with the Yoast SEO plugin v27.4 - https:\/\/yoast.com\/product\/yoast-seo-wordpress\/ -->\n<title>Pocomos: recensione software disinfestazione - Accurate Reviews<\/title>\n<meta name=\"description\" content=\"Pocomos: recensione soluzione di gestione aziendale focalizzata sul cliente per il settore della disinfestazione.\" \/>\n<meta name=\"robots\" content=\"index, follow, max-snippet:-1, max-image-preview:large, max-video-preview:-1\" \/>\n<link rel=\"canonical\" href=\"https:\/\/www.accuratereviews.com\/it\/software-disinfestazioni\/pocomos-recensione\/\" \/>\n<meta property=\"og:locale\" content=\"it_IT\" \/>\n<meta property=\"og:type\" content=\"article\" \/>\n<meta property=\"og:title\" content=\"Pocomos: recensione software disinfestazione - Accurate Reviews\" \/>\n<meta property=\"og:description\" content=\"Pocomos: recensione soluzione di gestione aziendale focalizzata sul cliente per il settore della disinfestazione.\" \/>\n<meta property=\"og:url\" content=\"https:\/\/www.accuratereviews.com\/it\/software-disinfestazioni\/pocomos-recensione\/\" \/>\n<meta property=\"og:site_name\" content=\"Accurate Reviews\" \/>\n<meta property=\"og:image\" content=\"https:\/\/www.accuratereviews.com\/wp-content\/uploads\/2021\/04\/pocomos.png\" \/>\n\t<meta property=\"og:image:width\" content=\"571\" \/>\n\t<meta property=\"og:image:height\" content=\"569\" \/>\n\t<meta property=\"og:image:type\" content=\"image\/png\" \/>\n<meta name=\"twitter:card\" content=\"summary_large_image\" \/>\n<meta name=\"twitter:label1\" content=\"Tempo di lettura stimato\" \/>\n\t<meta name=\"twitter:data1\" content=\"3 minuti\" \/>\n<script type=\"application\/ld+json\" class=\"yoast-schema-graph\">{\"@context\":\"https:\\\/\\\/schema.org\",\"@graph\":[{\"@type\":\"WebPage\",\"@id\":\"https:\\\/\\\/www.accuratereviews.com\\\/it\\\/software-disinfestazioni\\\/pocomos-recensione\\\/\",\"url\":\"https:\\\/\\\/www.accuratereviews.com\\\/it\\\/software-disinfestazioni\\\/pocomos-recensione\\\/\",\"name\":\"Pocomos: recensione software disinfestazione - Accurate Reviews\",\"isPartOf\":{\"@id\":\"https:\\\/\\\/www.accuratereviews.com\\\/it\\\/#website\"},\"primaryImageOfPage\":{\"@id\":\"https:\\\/\\\/www.accuratereviews.com\\\/it\\\/software-disinfestazioni\\\/pocomos-recensione\\\/#primaryimage\"},\"image\":{\"@id\":\"https:\\\/\\\/www.accuratereviews.com\\\/it\\\/software-disinfestazioni\\\/pocomos-recensione\\\/#primaryimage\"},\"thumbnailUrl\":\"https:\\\/\\\/www.accuratereviews.com\\\/wp-content\\\/uploads\\\/2021\\\/04\\\/pocomos.png\",\"datePublished\":\"2021-04-23T11:10:57+00:00\",\"description\":\"Pocomos: recensione soluzione di gestione aziendale focalizzata sul cliente per il settore della disinfestazione.\",\"breadcrumb\":{\"@id\":\"https:\\\/\\\/www.accuratereviews.com\\\/it\\\/software-disinfestazioni\\\/pocomos-recensione\\\/#breadcrumb\"},\"inLanguage\":\"it-IT\",\"potentialAction\":[{\"@type\":\"ReadAction\",\"target\":[\"https:\\\/\\\/www.accuratereviews.com\\\/it\\\/software-disinfestazioni\\\/pocomos-recensione\\\/\"]}]},{\"@type\":\"ImageObject\",\"inLanguage\":\"it-IT\",\"@id\":\"https:\\\/\\\/www.accuratereviews.com\\\/it\\\/software-disinfestazioni\\\/pocomos-recensione\\\/#primaryimage\",\"url\":\"https:\\\/\\\/www.accuratereviews.com\\\/wp-content\\\/uploads\\\/2021\\\/04\\\/pocomos.png\",\"contentUrl\":\"https:\\\/\\\/www.accuratereviews.com\\\/wp-content\\\/uploads\\\/2021\\\/04\\\/pocomos.png\",\"width\":571,\"height\":569},{\"@type\":\"BreadcrumbList\",\"@id\":\"https:\\\/\\\/www.accuratereviews.com\\\/it\\\/software-disinfestazioni\\\/pocomos-recensione\\\/#breadcrumb\",\"itemListElement\":[{\"@type\":\"ListItem\",\"position\":1,\"name\":\"Home\",\"item\":\"https:\\\/\\\/www.accuratereviews.com\\\/it\\\/\"},{\"@type\":\"ListItem\",\"position\":2,\"name\":\"Software per le disinfestazioni\",\"item\":\"https:\\\/\\\/www.accuratereviews.com\\\/it\\\/software-disinfestazioni\\\/\"},{\"@type\":\"ListItem\",\"position\":3,\"name\":\"Pocomos\"}]},{\"@type\":\"WebSite\",\"@id\":\"https:\\\/\\\/www.accuratereviews.com\\\/it\\\/#website\",\"url\":\"https:\\\/\\\/www.accuratereviews.com\\\/it\\\/\",\"name\":\"Accurate Reviews\",\"description\":\"\",\"potentialAction\":[{\"@type\":\"SearchAction\",\"target\":{\"@type\":\"EntryPoint\",\"urlTemplate\":\"https:\\\/\\\/www.accuratereviews.com\\\/it\\\/?s={search_term_string}\"},\"query-input\":{\"@type\":\"PropertyValueSpecification\",\"valueRequired\":true,\"valueName\":\"search_term_string\"}}],\"inLanguage\":\"it-IT\"}]}<\/script>\n<!-- \/ Yoast SEO plugin. -->","yoast_head_json":{"title":"Pocomos: recensione software disinfestazione - Accurate Reviews","description":"Pocomos: recensione soluzione di gestione aziendale focalizzata sul cliente per il settore della disinfestazione.","robots":{"index":"index","follow":"follow","max-snippet":"max-snippet:-1","max-image-preview":"max-image-preview:large","max-video-preview":"max-video-preview:-1"},"canonical":"https:\/\/www.accuratereviews.com\/it\/software-disinfestazioni\/pocomos-recensione\/","og_locale":"it_IT","og_type":"article","og_title":"Pocomos: recensione software disinfestazione - Accurate Reviews","og_description":"Pocomos: recensione soluzione di gestione aziendale focalizzata sul cliente per il settore della disinfestazione.","og_url":"https:\/\/www.accuratereviews.com\/it\/software-disinfestazioni\/pocomos-recensione\/","og_site_name":"Accurate Reviews","og_image":[{"width":571,"height":569,"url":"https:\/\/www.accuratereviews.com\/wp-content\/uploads\/2021\/04\/pocomos.png","type":"image\/png"}],"twitter_card":"summary_large_image","twitter_misc":{"Tempo di lettura stimato":"3 minuti"},"schema":{"@context":"https:\/\/schema.org","@graph":[{"@type":"WebPage","@id":"https:\/\/www.accuratereviews.com\/it\/software-disinfestazioni\/pocomos-recensione\/","url":"https:\/\/www.accuratereviews.com\/it\/software-disinfestazioni\/pocomos-recensione\/","name":"Pocomos: recensione software disinfestazione - Accurate Reviews","isPartOf":{"@id":"https:\/\/www.accuratereviews.com\/it\/#website"},"primaryImageOfPage":{"@id":"https:\/\/www.accuratereviews.com\/it\/software-disinfestazioni\/pocomos-recensione\/#primaryimage"},"image":{"@id":"https:\/\/www.accuratereviews.com\/it\/software-disinfestazioni\/pocomos-recensione\/#primaryimage"},"thumbnailUrl":"https:\/\/www.accuratereviews.com\/wp-content\/uploads\/2021\/04\/pocomos.png","datePublished":"2021-04-23T11:10:57+00:00","description":"Pocomos: recensione soluzione di gestione aziendale focalizzata sul cliente per il settore della disinfestazione.","breadcrumb":{"@id":"https:\/\/www.accuratereviews.com\/it\/software-disinfestazioni\/pocomos-recensione\/#breadcrumb"},"inLanguage":"it-IT","potentialAction":[{"@type":"ReadAction","target":["https:\/\/www.accuratereviews.com\/it\/software-disinfestazioni\/pocomos-recensione\/"]}]},{"@type":"ImageObject","inLanguage":"it-IT","@id":"https:\/\/www.accuratereviews.com\/it\/software-disinfestazioni\/pocomos-recensione\/#primaryimage","url":"https:\/\/www.accuratereviews.com\/wp-content\/uploads\/2021\/04\/pocomos.png","contentUrl":"https:\/\/www.accuratereviews.com\/wp-content\/uploads\/2021\/04\/pocomos.png","width":571,"height":569},{"@type":"BreadcrumbList","@id":"https:\/\/www.accuratereviews.com\/it\/software-disinfestazioni\/pocomos-recensione\/#breadcrumb","itemListElement":[{"@type":"ListItem","position":1,"name":"Home","item":"https:\/\/www.accuratereviews.com\/it\/"},{"@type":"ListItem","position":2,"name":"Software per le disinfestazioni","item":"https:\/\/www.accuratereviews.com\/it\/software-disinfestazioni\/"},{"@type":"ListItem","position":3,"name":"Pocomos"}]},{"@type":"WebSite","@id":"https:\/\/www.accuratereviews.com\/it\/#website","url":"https:\/\/www.accuratereviews.com\/it\/","name":"Accurate Reviews","description":"","potentialAction":[{"@type":"SearchAction","target":{"@type":"EntryPoint","urlTemplate":"https:\/\/www.accuratereviews.com\/it\/?s={search_term_string}"},"query-input":{"@type":"PropertyValueSpecification","valueRequired":true,"valueName":"search_term_string"}}],"inLanguage":"it-IT"}]}},"_links":{"self":[{"href":"https:\/\/www.accuratereviews.com\/it\/wp-json\/wp\/v2\/pages\/40798","targetHints":{"allow":["GET"]}}],"collection":[{"href":"https:\/\/www.accuratereviews.com\/it\/wp-json\/wp\/v2\/pages"}],"about":[{"href":"https:\/\/www.accuratereviews.com\/it\/wp-json\/wp\/v2\/types\/page"}],"author":[{"embeddable":true,"href":"https:\/\/www.accuratereviews.com\/it\/wp-json\/wp\/v2\/users\/16"}],"replies":[{"embeddable":true,"href":"https:\/\/www.accuratereviews.com\/it\/wp-json\/wp\/v2\/comments?post=40798"}],"version-history":[{"count":10,"href":"https:\/\/www.accuratereviews.com\/it\/wp-json\/wp\/v2\/pages\/40798\/revisions"}],"predecessor-version":[{"id":40845,"href":"https:\/\/www.accuratereviews.com\/it\/wp-json\/wp\/v2\/pages\/40798\/revisions\/40845"}],"up":[{"embeddable":true,"href":"https:\/\/www.accuratereviews.com\/it\/wp-json\/wp\/v2\/pages\/39847"}],"wp:featuredmedia":[{"embeddable":true,"href":"https:\/\/www.accuratereviews.com\/it\/wp-json\/wp\/v2\/media\/40809"}],"wp:attachment":[{"href":"https:\/\/www.accuratereviews.com\/it\/wp-json\/wp\/v2\/media?parent=40798"}],"wp:term":[{"taxonomy":"category","embeddable":true,"href":"https:\/\/www.accuratereviews.com\/it\/wp-json\/wp\/v2\/categories?post=40798"},{"taxonomy":"post_tag","embeddable":true,"href":"https:\/\/www.accuratereviews.com\/it\/wp-json\/wp\/v2\/tags?post=40798"},{"taxonomy":"features","embeddable":true,"href":"https:\/\/www.accuratereviews.com\/it\/wp-json\/wp\/v2\/features?post=40798"}],"curies":[{"name":"wp","href":"https:\/\/api.w.org\/{rel}","templated":true}]}}