{"id":40801,"date":"2021-04-23T11:13:28","date_gmt":"2021-04-23T11:13:28","guid":{"rendered":"https:\/\/www.accuratereviews.com\/?page_id=40801"},"modified":"2021-04-26T08:38:23","modified_gmt":"2021-04-26T08:38:23","slug":"service-assistant-recensione","status":"publish","type":"page","link":"https:\/\/www.accuratereviews.com\/it\/software-disinfestazioni\/service-assistant-recensione\/","title":{"rendered":"Service Assistant"},"content":{"rendered":"<p><strong>Service Assistant<\/strong> \u00e8 una <strong>soluzione basata<\/strong> su <strong>cloud<\/strong> progettata per aiutare le aziende di servizi come cura del prato, paesaggistica, pulizia di tappeti, HVAC o disinfestatori a gestire i tecnici sul campo, creare stime e conservare i dati dei clienti su una piattaforma centralizzata. Le caratteristiche includono il monitoraggio dei veicoli, l&#8217;ottimizzazione del percorso, la mappatura, il registro delle chiamate e l&#8217;elaborazione delle fatture.\u00a0L&#8217;applicazione consente alle organizzazioni di pianificare pi\u00f9 lavori e identificare percorsi ottimali per i tecnici. Gli esperti di marketing possono utilizzare <strong>Service Assistant<\/strong> per promuovere l&#8217;azienda e connettersi con i clienti tramite email. I lavoratori sul campo possono utilizzare i dispositivi mobili per accedere agli ordini di lavoro e inserire i dettagli dei pagamenti. Utilizzando l&#8217;Assistente referral, i clienti possono anche promuovere servizi e ricevere premi in cambio. I clienti possono anche effettuare pagamenti online e richiedere servizi tramite il sito Web dell&#8217;assistente clienti (CAW).<\/p>\n<h2>SERVICE ASSISTANT &#8211; TUTORIAL<\/h2>\n<div id=\"fluid-wrapper-counter-1\" class=\"g1-fluid-wrapper \" style=\"width:686px;\">\n<div style=\"padding-bottom:56.268221574344%;\"><iframe loading=\"lazy\" title=\"Brief Introduction to SA5\" width=\"686\" height=\"386\" src=\"https:\/\/www.youtube.com\/embed\/EpHXKpcnWIU?feature=oembed&amp;wmode=transparent&amp;autohide=1&amp;autoplay=0&amp;disablekb=0&amp;fs=1&amp;loop=0&amp;enablejsapi=1&amp;rel=0&amp;controls=2&amp;showinfo=0&amp;wmode=transparent&amp;autohide=2&amp;autoplay=0&amp;disablekb=0&amp;fs=1&amp;loop=0&amp;enablejsapi=1&amp;rel=0&amp;controls=2&amp;showinfo=1\" frameborder=\"0\" allow=\"accelerometer; autoplay; clipboard-write; encrypted-media; gyroscope; picture-in-picture\" allowfullscreen><\/iframe><\/div>\n<\/div>\n<h3>SERVICE ASSISTANT &#8211; CARATTERISTICHE<\/h3>\n<ul>\n<li>Utilizza il software di stima per fornire preventivi ai clienti in pochi secondi. Ti consente di misurare con precisione qualsiasi propriet\u00e0 o luogo e in ogni momento, con qualsiasi condizione atmosferica, in pochi clic. Concludi pi\u00f9 vendite con stime rapide e accurate<\/li>\n<li>Con Routing Assistant, dedichi meno tempo alla mappatura e alla pianificazione dei percorsi e hai pi\u00f9 tempo per acquisire clienti<\/li>\n<li>Mobile Live \u00e8 l&#8217;applicazione di assistenza in tempo reale, basato su iOS e Android, che ti consente di vedere cosa sta succedendo sul campo. Con il monitoraggio dei camion, l&#8217;ottimizzazione del percorso e altro, aumenta la capacit\u00e0 di prendere decisioni aziendali informate in un attimo risparmiando tempo e denaro<\/li>\n<li>Offri ai clienti un comodo accesso all&#8217;account online tramite il sito web che consente ai clienti di pagare e ordinare servizi aggiuntivi 24 ore su 24, 7 giorni su 7, senza chiamare il tuo ufficio<\/li>\n<li>Gestisci i dati dei clienti e sponsorizza la tua attivit\u00e0. Il software di marketing automatizzato di Real Green Systems offre una promozione completa della tua impresa. Con la gestione del territorio, i dati demografici del marketing e la pianificazione strategica semplifica la gestione della crescita aziendale e del ciclo di vita dei clienti.<\/li>\n<\/ul>\n<h4>LE RECENSIONI DEGLI UTENTI<\/h4>\n<p class=\"font-weight-bold mb-1 d-flex align-items-center\"><strong>Carey P.&#8221;Programma prato estremamente approfondito con MOLTE funzioni !!!&#8221;<\/strong><\/p>\n<p><strong>Commenti: <\/strong>Siamo in grado di mantenere una cronologia cos\u00ec dettagliata sui nostri clienti e, ancora meglio, che i nostri tecnici possano persino accedervi sul campo con Mobile Live!<\/p>\n<p><strong>Pro: <\/strong>Questo software ha cos\u00ec tanti diversi &#8220;livelli&#8221; che ti permettono di fare cos\u00ec tante cose. Ci sono un sacco di rapporti, oltre a tutto ci\u00f2 che ha da offrire. \u00c8 un enorme risparmio di tempo per la nostra azienda e non riesco a immaginare che saremmo in grado di gestire la quantit\u00e0 di clienti attuali che abbiamo senza un programma come questo. Usiamo cos\u00ec tante funzionalit\u00e0 nel programma cos\u00ec come funzionalit\u00e0 estese (CAW solo per i pagamenti, Mobile Live, Routing &#8230;).<\/p>\n<p><strong>Contro: <\/strong>Al momento abbiamo ancora SA4, quindi non ci sono pi\u00f9 aggiornamenti. \u00c8 anche un programma MOLTO complicato da imparare, ma ne vale davvero la pena !! I tecnici di Real Green sono meravigliosi nell&#8217;aiutarti a superare gli ostacoli che potresti incontrare.<\/p>\n<p class=\"h5 font-weight-bold flex-grow-1 mb-4\"><strong>Thomas S.&#8221;Buono ma lento&#8221;<\/strong><\/p>\n<p><strong>Pro: <\/strong>Facilit\u00e0 di utilizzo. Ottimo supporto clienti. Le chiamate vengono restituite entro un&#8217;ora.<\/p>\n<p><strong>Contro: <\/strong>Molto costoso. Il software \u00e8 estremamente lento. Attendi fino a un minuto o pi\u00f9 per il caricamento delle pagine. Non va bene quando hai clienti \/ potenziali clienti in attesa di risposte. Devo guadare molte schermate per accedere alle informazioni.<\/p>\n<p class=\"font-weight-bold mb-1 d-flex align-items-center\"><strong>Andrew W.&#8221;A &amp; A Cura del prato&#8221;<\/strong><\/p>\n<p><strong>Pro: <\/strong>Come aiuta il personale dell&#8217;ufficio a comunicare con il cliente utilizzando AMA. E tutte le funzioni di marketing.<\/p>\n<p><strong>Contro: <\/strong>Miglioramenti con le funzionalit\u00e0 di contabilit\u00e0. Pi\u00f9 facilit\u00e0 nell&#8217;applicazione delle rate alle fatture piuttosto che al saldo. Migliore comunicazione con il software di contabilit\u00e0 per trasferire GL. Sento che per farlo correttamente devi avere molto background in materia di contabilit\u00e0. Mentre le aziende pi\u00f9 grandi hanno un reparto in grado di appaltare questo, gli utenti pi\u00f9 piccoli hanno difficolt\u00e0. Abbiamo avuto questo problema all&#8217;inizio quando la societ\u00e0 si stava formando.<\/p>\n","protected":false},"excerpt":{"rendered":"<p>Service Assistant \u00e8 una soluzione basata su cloud progettata per aiutare le aziende di servizi come cura del prato, paesaggistica, pulizia di tappeti, HVAC o disinfestatori a gestire i tecnici sul campo, creare stime e conservare i dati dei clienti su una piattaforma centralizzata. Le caratteristiche includono il monitoraggio dei veicoli, l&#8217;ottimizzazione del percorso, la mappatura, il registro delle chiamate e l&#8217;elaborazione delle fatture.<\/p>\n","protected":false},"author":16,"featured_media":40827,"parent":39847,"menu_order":0,"comment_status":"open","ping_status":"closed","template":"g1_template_page_review_new.php","meta":{"_acf_changed":false,"cwp_meta_box_check":"No","cwp_rev_product_name":"","cwp_rev_product_image":"","wppr_links":[],"cwp_rev_price":"","wppr_options":[],"wppr_pros":[],"wppr_cons":[],"_monsterinsights_skip_tracking":false,"_monsterinsights_sitenote_active":false,"_monsterinsights_sitenote_note":"","_monsterinsights_sitenote_category":0,"footnotes":""},"categories":[5626],"tags":[396,5782,5658,5649,5788,5647,5648],"features":[],"class_list":{"0":"post-40801","1":"page","2":"type-page","3":"status-publish","4":"has-post-thumbnail","6":"category-software-disinfestazioni-categoria","7":"tag-cloud","8":"tag-gestione-sul-campo","9":"tag-piattaforma-per-disinfestazione","10":"tag-programma-per-disinfestazione","11":"tag-service-assistant","12":"tag-software-per-disinfestazione","13":"tag-soluzione-per-disinfestazione"},"wppr_data":{"cwp_meta_box_check":"No"},"acf":[],"yoast_head":"<!-- This site is optimized with the Yoast SEO plugin v27.4 - https:\/\/yoast.com\/product\/yoast-seo-wordpress\/ -->\n<title>Service Assistant: recensione software disinfestazione - Accurate Reviews<\/title>\n<meta name=\"description\" content=\"Service Assistant: recensione soluzione basata su cloud progettata per aiutare le aziende di servizi a gestire i tecnici sul campo.\" \/>\n<meta name=\"robots\" content=\"index, follow, max-snippet:-1, max-image-preview:large, max-video-preview:-1\" \/>\n<link rel=\"canonical\" href=\"https:\/\/www.accuratereviews.com\/it\/software-disinfestazioni\/service-assistant-recensione\/\" \/>\n<meta property=\"og:locale\" content=\"it_IT\" \/>\n<meta property=\"og:type\" content=\"article\" \/>\n<meta property=\"og:title\" content=\"Service Assistant: recensione software disinfestazione - Accurate Reviews\" \/>\n<meta property=\"og:description\" content=\"Service Assistant: recensione soluzione basata su cloud progettata per aiutare le aziende di servizi a gestire i tecnici sul campo.\" \/>\n<meta property=\"og:url\" content=\"https:\/\/www.accuratereviews.com\/it\/software-disinfestazioni\/service-assistant-recensione\/\" \/>\n<meta property=\"og:site_name\" content=\"Accurate Reviews\" \/>\n<meta property=\"article:modified_time\" content=\"2021-04-26T08:38:23+00:00\" \/>\n<meta property=\"og:image\" content=\"https:\/\/www.accuratereviews.com\/wp-content\/uploads\/2021\/04\/real_green650.jpg\" \/>\n\t<meta property=\"og:image:width\" content=\"650\" \/>\n\t<meta property=\"og:image:height\" content=\"320\" \/>\n\t<meta property=\"og:image:type\" content=\"image\/jpeg\" \/>\n<meta name=\"twitter:card\" content=\"summary_large_image\" \/>\n<meta name=\"twitter:label1\" content=\"Tempo di lettura stimato\" \/>\n\t<meta name=\"twitter:data1\" content=\"3 minuti\" \/>\n<script type=\"application\/ld+json\" class=\"yoast-schema-graph\">{\"@context\":\"https:\\\/\\\/schema.org\",\"@graph\":[{\"@type\":\"WebPage\",\"@id\":\"https:\\\/\\\/www.accuratereviews.com\\\/it\\\/software-disinfestazioni\\\/service-assistant-recensione\\\/\",\"url\":\"https:\\\/\\\/www.accuratereviews.com\\\/it\\\/software-disinfestazioni\\\/service-assistant-recensione\\\/\",\"name\":\"Service Assistant: recensione software disinfestazione - Accurate Reviews\",\"isPartOf\":{\"@id\":\"https:\\\/\\\/www.accuratereviews.com\\\/it\\\/#website\"},\"primaryImageOfPage\":{\"@id\":\"https:\\\/\\\/www.accuratereviews.com\\\/it\\\/software-disinfestazioni\\\/service-assistant-recensione\\\/#primaryimage\"},\"image\":{\"@id\":\"https:\\\/\\\/www.accuratereviews.com\\\/it\\\/software-disinfestazioni\\\/service-assistant-recensione\\\/#primaryimage\"},\"thumbnailUrl\":\"https:\\\/\\\/www.accuratereviews.com\\\/wp-content\\\/uploads\\\/2021\\\/04\\\/real_green650.jpg\",\"datePublished\":\"2021-04-23T11:13:28+00:00\",\"dateModified\":\"2021-04-26T08:38:23+00:00\",\"description\":\"Service Assistant: recensione soluzione basata su cloud progettata per aiutare le aziende di servizi a gestire i tecnici sul campo.\",\"breadcrumb\":{\"@id\":\"https:\\\/\\\/www.accuratereviews.com\\\/it\\\/software-disinfestazioni\\\/service-assistant-recensione\\\/#breadcrumb\"},\"inLanguage\":\"it-IT\",\"potentialAction\":[{\"@type\":\"ReadAction\",\"target\":[\"https:\\\/\\\/www.accuratereviews.com\\\/it\\\/software-disinfestazioni\\\/service-assistant-recensione\\\/\"]}]},{\"@type\":\"ImageObject\",\"inLanguage\":\"it-IT\",\"@id\":\"https:\\\/\\\/www.accuratereviews.com\\\/it\\\/software-disinfestazioni\\\/service-assistant-recensione\\\/#primaryimage\",\"url\":\"https:\\\/\\\/www.accuratereviews.com\\\/wp-content\\\/uploads\\\/2021\\\/04\\\/real_green650.jpg\",\"contentUrl\":\"https:\\\/\\\/www.accuratereviews.com\\\/wp-content\\\/uploads\\\/2021\\\/04\\\/real_green650.jpg\",\"width\":650,\"height\":320},{\"@type\":\"BreadcrumbList\",\"@id\":\"https:\\\/\\\/www.accuratereviews.com\\\/it\\\/software-disinfestazioni\\\/service-assistant-recensione\\\/#breadcrumb\",\"itemListElement\":[{\"@type\":\"ListItem\",\"position\":1,\"name\":\"Home\",\"item\":\"https:\\\/\\\/www.accuratereviews.com\\\/it\\\/\"},{\"@type\":\"ListItem\",\"position\":2,\"name\":\"Software per le disinfestazioni\",\"item\":\"https:\\\/\\\/www.accuratereviews.com\\\/it\\\/software-disinfestazioni\\\/\"},{\"@type\":\"ListItem\",\"position\":3,\"name\":\"Service Assistant\"}]},{\"@type\":\"WebSite\",\"@id\":\"https:\\\/\\\/www.accuratereviews.com\\\/it\\\/#website\",\"url\":\"https:\\\/\\\/www.accuratereviews.com\\\/it\\\/\",\"name\":\"Accurate Reviews\",\"description\":\"\",\"potentialAction\":[{\"@type\":\"SearchAction\",\"target\":{\"@type\":\"EntryPoint\",\"urlTemplate\":\"https:\\\/\\\/www.accuratereviews.com\\\/it\\\/?s={search_term_string}\"},\"query-input\":{\"@type\":\"PropertyValueSpecification\",\"valueRequired\":true,\"valueName\":\"search_term_string\"}}],\"inLanguage\":\"it-IT\"}]}<\/script>\n<!-- \/ Yoast SEO plugin. -->","yoast_head_json":{"title":"Service Assistant: recensione software disinfestazione - Accurate Reviews","description":"Service Assistant: recensione soluzione basata su cloud progettata per aiutare le aziende di servizi a gestire i tecnici sul campo.","robots":{"index":"index","follow":"follow","max-snippet":"max-snippet:-1","max-image-preview":"max-image-preview:large","max-video-preview":"max-video-preview:-1"},"canonical":"https:\/\/www.accuratereviews.com\/it\/software-disinfestazioni\/service-assistant-recensione\/","og_locale":"it_IT","og_type":"article","og_title":"Service Assistant: recensione software disinfestazione - Accurate Reviews","og_description":"Service Assistant: recensione soluzione basata su cloud progettata per aiutare le aziende di servizi a gestire i tecnici sul campo.","og_url":"https:\/\/www.accuratereviews.com\/it\/software-disinfestazioni\/service-assistant-recensione\/","og_site_name":"Accurate Reviews","article_modified_time":"2021-04-26T08:38:23+00:00","og_image":[{"width":650,"height":320,"url":"https:\/\/www.accuratereviews.com\/wp-content\/uploads\/2021\/04\/real_green650.jpg","type":"image\/jpeg"}],"twitter_card":"summary_large_image","twitter_misc":{"Tempo di lettura stimato":"3 minuti"},"schema":{"@context":"https:\/\/schema.org","@graph":[{"@type":"WebPage","@id":"https:\/\/www.accuratereviews.com\/it\/software-disinfestazioni\/service-assistant-recensione\/","url":"https:\/\/www.accuratereviews.com\/it\/software-disinfestazioni\/service-assistant-recensione\/","name":"Service Assistant: recensione software disinfestazione - Accurate Reviews","isPartOf":{"@id":"https:\/\/www.accuratereviews.com\/it\/#website"},"primaryImageOfPage":{"@id":"https:\/\/www.accuratereviews.com\/it\/software-disinfestazioni\/service-assistant-recensione\/#primaryimage"},"image":{"@id":"https:\/\/www.accuratereviews.com\/it\/software-disinfestazioni\/service-assistant-recensione\/#primaryimage"},"thumbnailUrl":"https:\/\/www.accuratereviews.com\/wp-content\/uploads\/2021\/04\/real_green650.jpg","datePublished":"2021-04-23T11:13:28+00:00","dateModified":"2021-04-26T08:38:23+00:00","description":"Service Assistant: recensione soluzione basata su cloud progettata per aiutare le aziende di servizi a gestire i tecnici sul campo.","breadcrumb":{"@id":"https:\/\/www.accuratereviews.com\/it\/software-disinfestazioni\/service-assistant-recensione\/#breadcrumb"},"inLanguage":"it-IT","potentialAction":[{"@type":"ReadAction","target":["https:\/\/www.accuratereviews.com\/it\/software-disinfestazioni\/service-assistant-recensione\/"]}]},{"@type":"ImageObject","inLanguage":"it-IT","@id":"https:\/\/www.accuratereviews.com\/it\/software-disinfestazioni\/service-assistant-recensione\/#primaryimage","url":"https:\/\/www.accuratereviews.com\/wp-content\/uploads\/2021\/04\/real_green650.jpg","contentUrl":"https:\/\/www.accuratereviews.com\/wp-content\/uploads\/2021\/04\/real_green650.jpg","width":650,"height":320},{"@type":"BreadcrumbList","@id":"https:\/\/www.accuratereviews.com\/it\/software-disinfestazioni\/service-assistant-recensione\/#breadcrumb","itemListElement":[{"@type":"ListItem","position":1,"name":"Home","item":"https:\/\/www.accuratereviews.com\/it\/"},{"@type":"ListItem","position":2,"name":"Software per le disinfestazioni","item":"https:\/\/www.accuratereviews.com\/it\/software-disinfestazioni\/"},{"@type":"ListItem","position":3,"name":"Service Assistant"}]},{"@type":"WebSite","@id":"https:\/\/www.accuratereviews.com\/it\/#website","url":"https:\/\/www.accuratereviews.com\/it\/","name":"Accurate Reviews","description":"","potentialAction":[{"@type":"SearchAction","target":{"@type":"EntryPoint","urlTemplate":"https:\/\/www.accuratereviews.com\/it\/?s={search_term_string}"},"query-input":{"@type":"PropertyValueSpecification","valueRequired":true,"valueName":"search_term_string"}}],"inLanguage":"it-IT"}]}},"_links":{"self":[{"href":"https:\/\/www.accuratereviews.com\/it\/wp-json\/wp\/v2\/pages\/40801","targetHints":{"allow":["GET"]}}],"collection":[{"href":"https:\/\/www.accuratereviews.com\/it\/wp-json\/wp\/v2\/pages"}],"about":[{"href":"https:\/\/www.accuratereviews.com\/it\/wp-json\/wp\/v2\/types\/page"}],"author":[{"embeddable":true,"href":"https:\/\/www.accuratereviews.com\/it\/wp-json\/wp\/v2\/users\/16"}],"replies":[{"embeddable":true,"href":"https:\/\/www.accuratereviews.com\/it\/wp-json\/wp\/v2\/comments?post=40801"}],"version-history":[{"count":11,"href":"https:\/\/www.accuratereviews.com\/it\/wp-json\/wp\/v2\/pages\/40801\/revisions"}],"predecessor-version":[{"id":41027,"href":"https:\/\/www.accuratereviews.com\/it\/wp-json\/wp\/v2\/pages\/40801\/revisions\/41027"}],"up":[{"embeddable":true,"href":"https:\/\/www.accuratereviews.com\/it\/wp-json\/wp\/v2\/pages\/39847"}],"wp:featuredmedia":[{"embeddable":true,"href":"https:\/\/www.accuratereviews.com\/it\/wp-json\/wp\/v2\/media\/40827"}],"wp:attachment":[{"href":"https:\/\/www.accuratereviews.com\/it\/wp-json\/wp\/v2\/media?parent=40801"}],"wp:term":[{"taxonomy":"category","embeddable":true,"href":"https:\/\/www.accuratereviews.com\/it\/wp-json\/wp\/v2\/categories?post=40801"},{"taxonomy":"post_tag","embeddable":true,"href":"https:\/\/www.accuratereviews.com\/it\/wp-json\/wp\/v2\/tags?post=40801"},{"taxonomy":"features","embeddable":true,"href":"https:\/\/www.accuratereviews.com\/it\/wp-json\/wp\/v2\/features?post=40801"}],"curies":[{"name":"wp","href":"https:\/\/api.w.org\/{rel}","templated":true}]}}