{"id":41048,"date":"2021-04-26T11:39:39","date_gmt":"2021-04-26T11:39:39","guid":{"rendered":"https:\/\/www.accuratereviews.com\/?page_id=41048"},"modified":"2021-04-26T11:39:39","modified_gmt":"2021-04-26T11:39:39","slug":"fieldwork-recensione","status":"publish","type":"page","link":"https:\/\/www.accuratereviews.com\/it\/software-disinfestazioni\/fieldwork-recensione\/","title":{"rendered":"Fieldwork"},"content":{"rendered":"<p><strong>Fieldwork<\/strong> \u00e8 un<strong> software gestionale dell&#8217;assistenza sul campo<\/strong> che permette di migliorare la gestione dei tuoi dipendenti, dei tuoi lavori, dei tuoi clienti e dei tuoi report. Questo programma, basato su cloud, \u00e8 creato principalmente per <strong>imprese<\/strong>\u00a0<strong>di disinfestazione<\/strong>, ma anche societ\u00e0 di manutenzione di prati, piscine e servizi generali. Grazie a questa <strong>soluzione<\/strong>, non ci saranno pi\u00f9 problemi di comunicazione perch\u00e9 tutto il team sar\u00e0 sincronizzato sul calendario, sulle attivit\u00e0, sulle note e su tutto quello che riguarda il lavoro. Inoltre il <strong>CRM<\/strong> semplifica la creazione di profili dei clienti, la pianificazione di appuntamenti ricorrenti o una tantum, l&#8217;invio di promemoria di appuntamenti e la redazione di fatture e altro ancora.<\/p>\n<h2>FIELWORK &#8211; TUTORIAL<\/h2>\n<p>Ecco un breve tutorial che ci mostra come funziona:<\/p>\n<div id=\"fluid-wrapper-counter-1\" class=\"g1-fluid-wrapper \" style=\"width:686px;\">\n<div style=\"padding-bottom:56.268221574344%;\"><iframe loading=\"lazy\" title=\"Fieldwork Pest Control Software Introduction\" width=\"515\" height=\"386\" src=\"https:\/\/www.youtube.com\/embed\/PFB79DM057w?feature=oembed&amp;wmode=transparent&amp;autohide=1&amp;autoplay=0&amp;disablekb=0&amp;fs=1&amp;loop=0&amp;enablejsapi=1&amp;rel=0&amp;controls=2&amp;showinfo=0&amp;wmode=transparent&amp;autohide=2&amp;autoplay=0&amp;disablekb=0&amp;fs=1&amp;loop=0&amp;enablejsapi=1&amp;rel=0&amp;controls=2&amp;showinfo=1\" frameborder=\"0\" allow=\"accelerometer; autoplay; clipboard-write; encrypted-media; gyroscope; picture-in-picture\" allowfullscreen><\/iframe><\/div>\n<\/div>\n<h3>FIELDWORK &#8211; CARATTERISTICHE<\/h3>\n<ul>\n<li>CRM<\/li>\n<li>Promemoria<\/li>\n<li>Dashboard<\/li>\n<li>Compiti<\/li>\n<li>Campagne di marketing<\/li>\n<li>Calendario e pianificazione<\/li>\n<li>Pagamenti con carta di credito<\/li>\n<li>Recensioni in linea<\/li>\n<li>Reporting chimico<\/li>\n<li>Gestione degli ordini di lavoro<\/li>\n<li>Fatturazione<\/li>\n<li>Portale clienti<\/li>\n<li>Sistema reportisico<\/li>\n<li>Gestione dei file<\/li>\n<li>Moduli personalizzati<\/li>\n<li>Diagrammi<\/li>\n<li>Quickbooks Online Sync<\/li>\n<li>Fotografie<\/li>\n<li>Ottimizzazione del percorso<\/li>\n<li>Registro digitale<\/li>\n<li>Gestione dei dispositivi<\/li>\n<li>Google Maps<\/li>\n<li>Edifici multi-unit\u00e0<\/li>\n<li>Utilizzo multi-ufficio<\/li>\n<li>API e integrazioni<\/li>\n<li>Monitoraggio dei tecnici<\/li>\n<\/ul>\n<h4>LE RECENSIONI DEGLI UTENTI<\/h4>\n<p><strong>Sylvette F. &#8220;Software facile da usare!&#8221;<\/strong><br \/>\nPRO: il software non \u00e8 difficile, FeildWork ha fatto un ottimo lavoro nel mantenerlo semplice e genuino!<br \/>\nCONTRO: non ne ho ancora trovati dopo 2 anni di utilizzo. L&#8217;assistenza clienti ha svolto un lavoro impressionante con i tempi di risposta e la funzionalit\u00e0 di chat in-app \u00e8 stata un ottimo componente aggiuntivo.<\/p>\n<p><strong>Shula S. &#8220;Soluzione software avanzata&#8221;<\/strong><br \/>\nCOMMENTI: le nostre parti che assumono spesso hanno comitati di supervisione per garantire che gli standard siano rispettati. Con il portale clienti, non \u00e8 pi\u00f9 necessario inviare report alla sede centrale. Condividono il portale e la sede centrale pu\u00f2 visualizzare report dettagliati con immagini per mostrare la conformit\u00e0<br \/>\nPRO: tutto ci\u00f2 che pensiamo o chiediamo \u00e8 gi\u00e0 disponibile o lo sviluppano in modo molto tempestivo. Si prendono il tempo per risolvere i problemi che stiamo avendo e trovare una soluzione duratura<br \/>\nCONTRO: il passaggio \u00e8 molto laborioso ma ne vale la pena. \u00c8 un software con cui puoi crescere e restare.<\/p>\n<p><strong>Jon J. &#8220;Ottimo prodotto, ottimo servizio clienti&#8221;<\/strong><br \/>\nCOMMENTI: ottimo servizio e prodotto<br \/>\nPRO: \u00e8 molto pi\u00f9 facile da usare rispetto al nostro vecchio, anche pi\u00f9 organizzato<br \/>\nCONTRO: a volte il sistema pu\u00f2 essere un po&#8217; lento<\/p>\n","protected":false},"excerpt":{"rendered":"<p>Fieldwork \u00e8 un software gestionale dell&#8217;assistenza sul campo che permette di migliorare la gestione dei tuoi dipendenti, dei tuoi lavori, dei tuoi clienti e dei tuoi report. Questo programma, basato su cloud, \u00e8 creato principalmente per imprese\u00a0di disinfestazione, ma anche societ\u00e0 di manutenzione di prati, piscine e servizi generali.<\/p>\n","protected":false},"author":17,"featured_media":41052,"parent":39847,"menu_order":0,"comment_status":"open","ping_status":"closed","template":"g1_template_page_review_new.php","meta":{"_acf_changed":false,"cwp_meta_box_check":"No","cwp_rev_product_name":"","cwp_rev_product_image":"","wppr_links":[],"cwp_rev_price":"","wppr_options":[],"wppr_pros":[],"wppr_cons":[],"_monsterinsights_skip_tracking":false,"_monsterinsights_sitenote_active":false,"_monsterinsights_sitenote_note":"","_monsterinsights_sitenote_category":0,"footnotes":""},"categories":[5626],"tags":[5629,5644,5658,5773,5631,5632],"features":[],"class_list":{"0":"post-41048","1":"page","2":"type-page","3":"status-publish","4":"has-post-thumbnail","6":"category-software-disinfestazioni-categoria","7":"tag-disinfestazioni","8":"tag-imprese-di-disinfestazioni","9":"tag-piattaforma-per-disinfestazione","10":"tag-software-di-assistenza-sul-campo","11":"tag-software-disinfestazioni","12":"tag-soluzione-disinfestazioni"},"wppr_data":{"cwp_meta_box_check":"No"},"acf":[],"yoast_head":"<!-- This site is optimized with the Yoast SEO plugin v27.4 - https:\/\/yoast.com\/product\/yoast-seo-wordpress\/ -->\n<title>Fieldwork : recensione software disinfestazione - Accurate Reviews<\/title>\n<meta name=\"description\" content=\"Fieldwork: recensione del software per disinfestazione che permette di migliorare la gestione dei tuoi dipendenti, lavori e clienti.\" \/>\n<meta name=\"robots\" content=\"index, follow, max-snippet:-1, max-image-preview:large, max-video-preview:-1\" \/>\n<link rel=\"canonical\" href=\"https:\/\/www.accuratereviews.com\/it\/software-disinfestazioni\/fieldwork-recensione\/\" \/>\n<meta property=\"og:locale\" content=\"it_IT\" \/>\n<meta property=\"og:type\" content=\"article\" \/>\n<meta property=\"og:title\" content=\"Fieldwork : recensione software disinfestazione - Accurate Reviews\" \/>\n<meta property=\"og:description\" content=\"Fieldwork: recensione del software per disinfestazione che permette di migliorare la gestione dei tuoi dipendenti, lavori e clienti.\" \/>\n<meta property=\"og:url\" content=\"https:\/\/www.accuratereviews.com\/it\/software-disinfestazioni\/fieldwork-recensione\/\" \/>\n<meta property=\"og:site_name\" content=\"Accurate Reviews\" \/>\n<meta property=\"og:image\" content=\"https:\/\/www.accuratereviews.com\/wp-content\/uploads\/2021\/04\/Schermata-2021-04-26-alle-11.28.25.png\" \/>\n\t<meta property=\"og:image:width\" content=\"520\" \/>\n\t<meta property=\"og:image:height\" content=\"200\" \/>\n\t<meta property=\"og:image:type\" content=\"image\/png\" \/>\n<meta name=\"twitter:card\" content=\"summary_large_image\" \/>\n<meta name=\"twitter:label1\" content=\"Tempo di lettura stimato\" \/>\n\t<meta name=\"twitter:data1\" content=\"2 minuti\" \/>\n<script type=\"application\/ld+json\" class=\"yoast-schema-graph\">{\"@context\":\"https:\\\/\\\/schema.org\",\"@graph\":[{\"@type\":\"WebPage\",\"@id\":\"https:\\\/\\\/www.accuratereviews.com\\\/it\\\/software-disinfestazioni\\\/fieldwork-recensione\\\/\",\"url\":\"https:\\\/\\\/www.accuratereviews.com\\\/it\\\/software-disinfestazioni\\\/fieldwork-recensione\\\/\",\"name\":\"Fieldwork : recensione software disinfestazione - Accurate Reviews\",\"isPartOf\":{\"@id\":\"https:\\\/\\\/www.accuratereviews.com\\\/it\\\/#website\"},\"primaryImageOfPage\":{\"@id\":\"https:\\\/\\\/www.accuratereviews.com\\\/it\\\/software-disinfestazioni\\\/fieldwork-recensione\\\/#primaryimage\"},\"image\":{\"@id\":\"https:\\\/\\\/www.accuratereviews.com\\\/it\\\/software-disinfestazioni\\\/fieldwork-recensione\\\/#primaryimage\"},\"thumbnailUrl\":\"https:\\\/\\\/www.accuratereviews.com\\\/wp-content\\\/uploads\\\/2021\\\/04\\\/Schermata-2021-04-26-alle-11.28.25.png\",\"datePublished\":\"2021-04-26T11:39:39+00:00\",\"description\":\"Fieldwork: recensione del software per disinfestazione che permette di migliorare la gestione dei tuoi dipendenti, lavori e clienti.\",\"breadcrumb\":{\"@id\":\"https:\\\/\\\/www.accuratereviews.com\\\/it\\\/software-disinfestazioni\\\/fieldwork-recensione\\\/#breadcrumb\"},\"inLanguage\":\"it-IT\",\"potentialAction\":[{\"@type\":\"ReadAction\",\"target\":[\"https:\\\/\\\/www.accuratereviews.com\\\/it\\\/software-disinfestazioni\\\/fieldwork-recensione\\\/\"]}]},{\"@type\":\"ImageObject\",\"inLanguage\":\"it-IT\",\"@id\":\"https:\\\/\\\/www.accuratereviews.com\\\/it\\\/software-disinfestazioni\\\/fieldwork-recensione\\\/#primaryimage\",\"url\":\"https:\\\/\\\/www.accuratereviews.com\\\/wp-content\\\/uploads\\\/2021\\\/04\\\/Schermata-2021-04-26-alle-11.28.25.png\",\"contentUrl\":\"https:\\\/\\\/www.accuratereviews.com\\\/wp-content\\\/uploads\\\/2021\\\/04\\\/Schermata-2021-04-26-alle-11.28.25.png\",\"width\":520,\"height\":200},{\"@type\":\"BreadcrumbList\",\"@id\":\"https:\\\/\\\/www.accuratereviews.com\\\/it\\\/software-disinfestazioni\\\/fieldwork-recensione\\\/#breadcrumb\",\"itemListElement\":[{\"@type\":\"ListItem\",\"position\":1,\"name\":\"Home\",\"item\":\"https:\\\/\\\/www.accuratereviews.com\\\/it\\\/\"},{\"@type\":\"ListItem\",\"position\":2,\"name\":\"Software per le disinfestazioni\",\"item\":\"https:\\\/\\\/www.accuratereviews.com\\\/it\\\/software-disinfestazioni\\\/\"},{\"@type\":\"ListItem\",\"position\":3,\"name\":\"Fieldwork\"}]},{\"@type\":\"WebSite\",\"@id\":\"https:\\\/\\\/www.accuratereviews.com\\\/it\\\/#website\",\"url\":\"https:\\\/\\\/www.accuratereviews.com\\\/it\\\/\",\"name\":\"Accurate Reviews\",\"description\":\"\",\"potentialAction\":[{\"@type\":\"SearchAction\",\"target\":{\"@type\":\"EntryPoint\",\"urlTemplate\":\"https:\\\/\\\/www.accuratereviews.com\\\/it\\\/?s={search_term_string}\"},\"query-input\":{\"@type\":\"PropertyValueSpecification\",\"valueRequired\":true,\"valueName\":\"search_term_string\"}}],\"inLanguage\":\"it-IT\"}]}<\/script>\n<!-- \/ Yoast SEO plugin. -->","yoast_head_json":{"title":"Fieldwork : recensione software disinfestazione - Accurate Reviews","description":"Fieldwork: recensione del software per disinfestazione che permette di migliorare la gestione dei tuoi dipendenti, lavori e clienti.","robots":{"index":"index","follow":"follow","max-snippet":"max-snippet:-1","max-image-preview":"max-image-preview:large","max-video-preview":"max-video-preview:-1"},"canonical":"https:\/\/www.accuratereviews.com\/it\/software-disinfestazioni\/fieldwork-recensione\/","og_locale":"it_IT","og_type":"article","og_title":"Fieldwork : recensione software disinfestazione - Accurate Reviews","og_description":"Fieldwork: recensione del software per disinfestazione che permette di migliorare la gestione dei tuoi dipendenti, lavori e clienti.","og_url":"https:\/\/www.accuratereviews.com\/it\/software-disinfestazioni\/fieldwork-recensione\/","og_site_name":"Accurate Reviews","og_image":[{"width":520,"height":200,"url":"https:\/\/www.accuratereviews.com\/wp-content\/uploads\/2021\/04\/Schermata-2021-04-26-alle-11.28.25.png","type":"image\/png"}],"twitter_card":"summary_large_image","twitter_misc":{"Tempo di lettura stimato":"2 minuti"},"schema":{"@context":"https:\/\/schema.org","@graph":[{"@type":"WebPage","@id":"https:\/\/www.accuratereviews.com\/it\/software-disinfestazioni\/fieldwork-recensione\/","url":"https:\/\/www.accuratereviews.com\/it\/software-disinfestazioni\/fieldwork-recensione\/","name":"Fieldwork : recensione software disinfestazione - Accurate Reviews","isPartOf":{"@id":"https:\/\/www.accuratereviews.com\/it\/#website"},"primaryImageOfPage":{"@id":"https:\/\/www.accuratereviews.com\/it\/software-disinfestazioni\/fieldwork-recensione\/#primaryimage"},"image":{"@id":"https:\/\/www.accuratereviews.com\/it\/software-disinfestazioni\/fieldwork-recensione\/#primaryimage"},"thumbnailUrl":"https:\/\/www.accuratereviews.com\/wp-content\/uploads\/2021\/04\/Schermata-2021-04-26-alle-11.28.25.png","datePublished":"2021-04-26T11:39:39+00:00","description":"Fieldwork: recensione del software per disinfestazione che permette di migliorare la gestione dei tuoi dipendenti, lavori e clienti.","breadcrumb":{"@id":"https:\/\/www.accuratereviews.com\/it\/software-disinfestazioni\/fieldwork-recensione\/#breadcrumb"},"inLanguage":"it-IT","potentialAction":[{"@type":"ReadAction","target":["https:\/\/www.accuratereviews.com\/it\/software-disinfestazioni\/fieldwork-recensione\/"]}]},{"@type":"ImageObject","inLanguage":"it-IT","@id":"https:\/\/www.accuratereviews.com\/it\/software-disinfestazioni\/fieldwork-recensione\/#primaryimage","url":"https:\/\/www.accuratereviews.com\/wp-content\/uploads\/2021\/04\/Schermata-2021-04-26-alle-11.28.25.png","contentUrl":"https:\/\/www.accuratereviews.com\/wp-content\/uploads\/2021\/04\/Schermata-2021-04-26-alle-11.28.25.png","width":520,"height":200},{"@type":"BreadcrumbList","@id":"https:\/\/www.accuratereviews.com\/it\/software-disinfestazioni\/fieldwork-recensione\/#breadcrumb","itemListElement":[{"@type":"ListItem","position":1,"name":"Home","item":"https:\/\/www.accuratereviews.com\/it\/"},{"@type":"ListItem","position":2,"name":"Software per le disinfestazioni","item":"https:\/\/www.accuratereviews.com\/it\/software-disinfestazioni\/"},{"@type":"ListItem","position":3,"name":"Fieldwork"}]},{"@type":"WebSite","@id":"https:\/\/www.accuratereviews.com\/it\/#website","url":"https:\/\/www.accuratereviews.com\/it\/","name":"Accurate Reviews","description":"","potentialAction":[{"@type":"SearchAction","target":{"@type":"EntryPoint","urlTemplate":"https:\/\/www.accuratereviews.com\/it\/?s={search_term_string}"},"query-input":{"@type":"PropertyValueSpecification","valueRequired":true,"valueName":"search_term_string"}}],"inLanguage":"it-IT"}]}},"_links":{"self":[{"href":"https:\/\/www.accuratereviews.com\/it\/wp-json\/wp\/v2\/pages\/41048","targetHints":{"allow":["GET"]}}],"collection":[{"href":"https:\/\/www.accuratereviews.com\/it\/wp-json\/wp\/v2\/pages"}],"about":[{"href":"https:\/\/www.accuratereviews.com\/it\/wp-json\/wp\/v2\/types\/page"}],"author":[{"embeddable":true,"href":"https:\/\/www.accuratereviews.com\/it\/wp-json\/wp\/v2\/users\/17"}],"replies":[{"embeddable":true,"href":"https:\/\/www.accuratereviews.com\/it\/wp-json\/wp\/v2\/comments?post=41048"}],"version-history":[{"count":4,"href":"https:\/\/www.accuratereviews.com\/it\/wp-json\/wp\/v2\/pages\/41048\/revisions"}],"predecessor-version":[{"id":41088,"href":"https:\/\/www.accuratereviews.com\/it\/wp-json\/wp\/v2\/pages\/41048\/revisions\/41088"}],"up":[{"embeddable":true,"href":"https:\/\/www.accuratereviews.com\/it\/wp-json\/wp\/v2\/pages\/39847"}],"wp:featuredmedia":[{"embeddable":true,"href":"https:\/\/www.accuratereviews.com\/it\/wp-json\/wp\/v2\/media\/41052"}],"wp:attachment":[{"href":"https:\/\/www.accuratereviews.com\/it\/wp-json\/wp\/v2\/media?parent=41048"}],"wp:term":[{"taxonomy":"category","embeddable":true,"href":"https:\/\/www.accuratereviews.com\/it\/wp-json\/wp\/v2\/categories?post=41048"},{"taxonomy":"post_tag","embeddable":true,"href":"https:\/\/www.accuratereviews.com\/it\/wp-json\/wp\/v2\/tags?post=41048"},{"taxonomy":"features","embeddable":true,"href":"https:\/\/www.accuratereviews.com\/it\/wp-json\/wp\/v2\/features?post=41048"}],"curies":[{"name":"wp","href":"https:\/\/api.w.org\/{rel}","templated":true}]}}