{"id":41066,"date":"2021-04-26T11:43:32","date_gmt":"2021-04-26T11:43:32","guid":{"rendered":"https:\/\/www.accuratereviews.com\/?page_id=41066"},"modified":"2021-04-26T11:43:32","modified_gmt":"2021-04-26T11:43:32","slug":"servicetracker-recensione","status":"publish","type":"page","link":"https:\/\/www.accuratereviews.com\/it\/software-disinfestazioni\/servicetracker-recensione\/","title":{"rendered":"ServiceTracker"},"content":{"rendered":"<p><strong>ServiceTracker<\/strong> \u00e8 una soluzione all-in-one progettata direttamente da chi si occupa della lotta contro i parassiti per le <strong>imprese di disinfestazione<\/strong>. Ha l&#8217;obiettivo di migliorare la gestione del lavoro, semplificando tutta la parte amministrativa che richiede molto tempo, investibile maggiormente nell&#8217;attenzione verso i clienti. <strong>ServiceTracker<\/strong> \u00e8 una soluzione all-in-one progettata direttamente da chi si occupa della lotta contro i parassiti per le <strong>imprese di disinfestazione<\/strong>. Ha l&#8217;obiettivo di migliorare la gestione del lavoro, semplificando tutta la parte amministrativa. Grazie anche all&#8217;app mobile disponibile per dispositivi<strong> iOS e Android<\/strong>, i risultati saranno eccellenti: maggiori profitti, vendite pi\u00f9 rapide, aumento del flusso di cassa e meno tempo in viaggio.<\/p>\n<h2>SERVICETRACKER &#8211; TUTORIAL<\/h2>\n<div id=\"fluid-wrapper-counter-1\" class=\"g1-fluid-wrapper \" style=\"width:686px;\">\n<div style=\"padding-bottom:56.268221574344%;\"><iframe loading=\"lazy\" title=\"Getting Started With ServiceTracker Lite\" width=\"686\" height=\"386\" src=\"https:\/\/www.youtube.com\/embed\/lbyOSzB0h1A?feature=oembed&amp;wmode=transparent&amp;autohide=1&amp;autoplay=0&amp;disablekb=0&amp;fs=1&amp;loop=0&amp;enablejsapi=1&amp;rel=0&amp;controls=2&amp;showinfo=0&amp;wmode=transparent&amp;autohide=2&amp;autoplay=0&amp;disablekb=0&amp;fs=1&amp;loop=0&amp;enablejsapi=1&amp;rel=0&amp;controls=2&amp;showinfo=1\" frameborder=\"0\" allow=\"accelerometer; autoplay; clipboard-write; encrypted-media; gyroscope; picture-in-picture\" allowfullscreen><\/iframe><\/div>\n<\/div>\n<h3>SERVICETRACKER &#8211; CARATTERISTICHE<\/h3>\n<ul>\n<li><strong>Pianificazione di lavori e contratti<\/strong>: tieni traccia dei lavori, chiamate, follow-up, lavori su contratto, ispezioni dei clienti, riduci la quantit\u00e0 di documenti, minimizza i viaggi sul campo e ottieni vantaggi nell&#8217;ottimizzazione del percorso e molto altro<\/li>\n<li><strong>Gestione dello stato di servizio<\/strong>: la direzione sa immediatamente se i trattamenti sono in ritardo o se i follow-up non sono stati seguiti. Fornisci ai tuoi clienti l&#8217;accesso in linea quando sono stati raggiunti livelli di servizio soddisfacenti<\/li>\n<li><strong>Gestione della valutazione dei biologi<\/strong>: include pianificazione della gestione, gestione delle ispezioni, archivi di dati e reportistica completa<\/li>\n<li><strong>Piano d&#8217;azione dei risultati significativi<\/strong>: fornisce una visibilit\u00e0 a 360 gradi di tutti gli ordini di lavoro e dei dettagli di completamento delle visite, inclusi i risultati delle ispezioni, i certificati e le registrazioni della formazione<\/li>\n<li><strong>Acquisizione firme<\/strong>: acquisisci le firme dei clienti direttamente dall&#8217;app mobile e crea rapporti di servizio elettronici<\/li>\n<li><strong>Acquisizione di foto con tag<\/strong>: scatta tutte le foto di cui hai bisogno e collegale ad azioni, ispezioni o visite. Tagga qualsiasi foto con un tag standard o testo libero<\/li>\n<li><strong>Analisi<\/strong>: la suite di reportistica e analisi di ServiceTracker, insieme alla gestione delle azioni automatizzata, alle notifiche email e al nostro portale clienti, ti consente di garantire che le misure di controllo siano seguite, che vi sia una conformit\u00e0 completa in tutta l&#8217;azienda e in tutti i siti dei clienti<\/li>\n<li><strong>Gestione del progetto<\/strong>: ServiceTracker gestir\u00e0 efficacemente qualsiasi progetto e lavori reattivi, dalla quotazione all&#8217;implementazione e pu\u00f2 essere personalizzato per soddisfare le vostre esigenze specifiche.<\/li>\n<li><strong>Gestione dei documenti<\/strong>: la gestione dei documenti \u00e8 integrata in Salesforce consentendo archivi per planimetrie, piani di fuga di emergenza, rapporti sulla strategia antincendio, audit di salute e sicurezza e registrazioni di formazione, tutti accessibili tramite il portale del cliente.<\/li>\n<\/ul>\n<h4>LE RECENSIONI DEGLI UTENTI<\/h4>\n<p><strong>Jonathan R. &#8220;Recensione&#8221;<\/strong><br \/>\nCOMMENTI: il supporto del tracker del servizio \u00e8 brillante, molto cordiale e disponibile a risolvere immediatamente i problemi.<br \/>\nPRO: il fatto che puoi registrare molte informazioni che aiutano l&#8217;azienda a funzionare in modo pi\u00f9 fluido!<br \/>\nCONTRO: la preoccupazione di capire il sistema con cui iniziare. Ma con la formazione e il supporto di Service Tracker \u00e8 stato un gioco da ragazzi.<\/p>\n<p><strong>Gareth T. &#8220;La migliore app per il controllo dei parassiti su misura&#8221;<\/strong><br \/>\nCOMMENTI: il team di servicetracker \u00e8 reattivo e sempre disponibile a far fronte alle richieste.<br \/>\nPRO: la nostra azienda ha indagato su molte app software di sistema di segnalazione dei parassiti e alla fine si \u00e8 procurata Servicetracker per il suo utilizzo intuitivo e per il fatto che era rivolto alla nostra attivit\u00e0. I nostri clienti adorano il fatto di ricevere report PDF leggibili e completi insieme a immagini probatorie di supporto.<br \/>\nCONTRO: non abbiamo lamentele su questo software.<\/p>\n<p><strong>Carl O. &#8220;Service Tracker per Legionella &amp; Water Hygiene Management&#8221;<\/strong><br \/>\nCOMMENTI: molto buono. \u00c8 stato fondamentale nei progressi che abbiamo fatto negli ultimi 4 anni.<br \/>\nPRO: la caratteristica migliore \u00e8 il fatto che l&#8217;intera operazione della nostra attivit\u00e0 pu\u00f2 essere gestita attraverso una schermata. Ci\u00f2 include l&#8217;emissione del lavoro, la gestione dei programmi, la quotazione delle non conformit\u00e0 e la fatturazione.<br \/>\nCONTRO: vorremmo incorporare report pi\u00f9 ampi come valutazioni del rischio attraverso lo stesso software o disporre di una piattaforma che dialoghi con il Service Tracker per rendere quella parte della nostra attivit\u00e0 senza soluzione di continuit\u00e0.<\/p>\n","protected":false},"excerpt":{"rendered":"<p>ServiceTracker \u00e8 una soluzione all-in-one progettata direttamente da chi si occupa della lotta contro i parassiti per le imprese di disinfestazione. Ha l&#8217;obiettivo\u00a0di migliorare la gestione del lavoro, semplificando tutta la parte amministrativa che richiede molto tempo che si pu\u00f2 investire maggiormente nell&#8217;attenzione verso i clienti.<\/p>\n","protected":false},"author":17,"featured_media":41068,"parent":39847,"menu_order":0,"comment_status":"open","ping_status":"closed","template":"g1_template_page_review_new.php","meta":{"_acf_changed":false,"cwp_meta_box_check":"No","cwp_rev_product_name":"","cwp_rev_product_image":"","wppr_links":[],"cwp_rev_price":"","wppr_options":[],"wppr_pros":[],"wppr_cons":[],"_monsterinsights_skip_tracking":false,"_monsterinsights_sitenote_active":false,"_monsterinsights_sitenote_note":"","_monsterinsights_sitenote_category":0,"footnotes":""},"categories":[5626],"tags":[5629,5644,5664,5630,5631,5648],"features":[],"class_list":{"0":"post-41066","1":"page","2":"type-page","3":"status-publish","4":"has-post-thumbnail","6":"category-software-disinfestazioni-categoria","7":"tag-disinfestazioni","8":"tag-imprese-di-disinfestazioni","9":"tag-piattaforma-per-disinfestazine","10":"tag-programma-per-disinfestazioni","11":"tag-software-disinfestazioni","12":"tag-soluzione-per-disinfestazione"},"wppr_data":{"cwp_meta_box_check":"No"},"acf":[],"yoast_head":"<!-- This site is optimized with the Yoast SEO plugin v27.4 - https:\/\/yoast.com\/product\/yoast-seo-wordpress\/ -->\n<title>ServiceTracker: recensione software disinfestazione - Accurate Reviews<\/title>\n<meta name=\"description\" content=\"ServiceTracker \u00e8 una soluzione all-in-one progettata per migliorare la gestione del lavoro delle imprese di disinfestazione.\" \/>\n<meta name=\"robots\" content=\"index, follow, max-snippet:-1, max-image-preview:large, max-video-preview:-1\" \/>\n<link rel=\"canonical\" href=\"https:\/\/www.accuratereviews.com\/it\/software-disinfestazioni\/servicetracker-recensione\/\" \/>\n<meta property=\"og:locale\" content=\"it_IT\" \/>\n<meta property=\"og:type\" content=\"article\" \/>\n<meta property=\"og:title\" content=\"ServiceTracker: recensione software disinfestazione - Accurate Reviews\" \/>\n<meta property=\"og:description\" content=\"ServiceTracker \u00e8 una soluzione all-in-one progettata per migliorare la gestione del lavoro delle imprese di disinfestazione.\" \/>\n<meta property=\"og:url\" content=\"https:\/\/www.accuratereviews.com\/it\/software-disinfestazioni\/servicetracker-recensione\/\" \/>\n<meta property=\"og:site_name\" content=\"Accurate Reviews\" \/>\n<meta property=\"og:image\" content=\"https:\/\/www.accuratereviews.com\/wp-content\/uploads\/2021\/04\/ServiceTrackerHeader-1-e1613564731522.jpg\" \/>\n\t<meta property=\"og:image:width\" content=\"450\" \/>\n\t<meta property=\"og:image:height\" content=\"200\" \/>\n\t<meta property=\"og:image:type\" content=\"image\/jpeg\" \/>\n<meta name=\"twitter:card\" content=\"summary_large_image\" \/>\n<meta name=\"twitter:label1\" content=\"Tempo di lettura stimato\" \/>\n\t<meta name=\"twitter:data1\" content=\"3 minuti\" \/>\n<script type=\"application\/ld+json\" class=\"yoast-schema-graph\">{\"@context\":\"https:\\\/\\\/schema.org\",\"@graph\":[{\"@type\":\"WebPage\",\"@id\":\"https:\\\/\\\/www.accuratereviews.com\\\/it\\\/software-disinfestazioni\\\/servicetracker-recensione\\\/\",\"url\":\"https:\\\/\\\/www.accuratereviews.com\\\/it\\\/software-disinfestazioni\\\/servicetracker-recensione\\\/\",\"name\":\"ServiceTracker: recensione software disinfestazione - Accurate Reviews\",\"isPartOf\":{\"@id\":\"https:\\\/\\\/www.accuratereviews.com\\\/it\\\/#website\"},\"primaryImageOfPage\":{\"@id\":\"https:\\\/\\\/www.accuratereviews.com\\\/it\\\/software-disinfestazioni\\\/servicetracker-recensione\\\/#primaryimage\"},\"image\":{\"@id\":\"https:\\\/\\\/www.accuratereviews.com\\\/it\\\/software-disinfestazioni\\\/servicetracker-recensione\\\/#primaryimage\"},\"thumbnailUrl\":\"https:\\\/\\\/www.accuratereviews.com\\\/wp-content\\\/uploads\\\/2021\\\/04\\\/ServiceTrackerHeader-1-e1613564731522.jpg\",\"datePublished\":\"2021-04-26T11:43:32+00:00\",\"description\":\"ServiceTracker \u00e8 una soluzione all-in-one progettata per migliorare la gestione del lavoro delle imprese di disinfestazione.\",\"breadcrumb\":{\"@id\":\"https:\\\/\\\/www.accuratereviews.com\\\/it\\\/software-disinfestazioni\\\/servicetracker-recensione\\\/#breadcrumb\"},\"inLanguage\":\"it-IT\",\"potentialAction\":[{\"@type\":\"ReadAction\",\"target\":[\"https:\\\/\\\/www.accuratereviews.com\\\/it\\\/software-disinfestazioni\\\/servicetracker-recensione\\\/\"]}]},{\"@type\":\"ImageObject\",\"inLanguage\":\"it-IT\",\"@id\":\"https:\\\/\\\/www.accuratereviews.com\\\/it\\\/software-disinfestazioni\\\/servicetracker-recensione\\\/#primaryimage\",\"url\":\"https:\\\/\\\/www.accuratereviews.com\\\/wp-content\\\/uploads\\\/2021\\\/04\\\/ServiceTrackerHeader-1-e1613564731522.jpg\",\"contentUrl\":\"https:\\\/\\\/www.accuratereviews.com\\\/wp-content\\\/uploads\\\/2021\\\/04\\\/ServiceTrackerHeader-1-e1613564731522.jpg\",\"width\":450,\"height\":200},{\"@type\":\"BreadcrumbList\",\"@id\":\"https:\\\/\\\/www.accuratereviews.com\\\/it\\\/software-disinfestazioni\\\/servicetracker-recensione\\\/#breadcrumb\",\"itemListElement\":[{\"@type\":\"ListItem\",\"position\":1,\"name\":\"Home\",\"item\":\"https:\\\/\\\/www.accuratereviews.com\\\/it\\\/\"},{\"@type\":\"ListItem\",\"position\":2,\"name\":\"Software per le disinfestazioni\",\"item\":\"https:\\\/\\\/www.accuratereviews.com\\\/it\\\/software-disinfestazioni\\\/\"},{\"@type\":\"ListItem\",\"position\":3,\"name\":\"ServiceTracker\"}]},{\"@type\":\"WebSite\",\"@id\":\"https:\\\/\\\/www.accuratereviews.com\\\/it\\\/#website\",\"url\":\"https:\\\/\\\/www.accuratereviews.com\\\/it\\\/\",\"name\":\"Accurate Reviews\",\"description\":\"\",\"potentialAction\":[{\"@type\":\"SearchAction\",\"target\":{\"@type\":\"EntryPoint\",\"urlTemplate\":\"https:\\\/\\\/www.accuratereviews.com\\\/it\\\/?s={search_term_string}\"},\"query-input\":{\"@type\":\"PropertyValueSpecification\",\"valueRequired\":true,\"valueName\":\"search_term_string\"}}],\"inLanguage\":\"it-IT\"}]}<\/script>\n<!-- \/ Yoast SEO plugin. -->","yoast_head_json":{"title":"ServiceTracker: recensione software disinfestazione - Accurate Reviews","description":"ServiceTracker \u00e8 una soluzione all-in-one progettata per migliorare la gestione del lavoro delle imprese di disinfestazione.","robots":{"index":"index","follow":"follow","max-snippet":"max-snippet:-1","max-image-preview":"max-image-preview:large","max-video-preview":"max-video-preview:-1"},"canonical":"https:\/\/www.accuratereviews.com\/it\/software-disinfestazioni\/servicetracker-recensione\/","og_locale":"it_IT","og_type":"article","og_title":"ServiceTracker: recensione software disinfestazione - Accurate Reviews","og_description":"ServiceTracker \u00e8 una soluzione all-in-one progettata per migliorare la gestione del lavoro delle imprese di disinfestazione.","og_url":"https:\/\/www.accuratereviews.com\/it\/software-disinfestazioni\/servicetracker-recensione\/","og_site_name":"Accurate Reviews","og_image":[{"width":450,"height":200,"url":"https:\/\/www.accuratereviews.com\/wp-content\/uploads\/2021\/04\/ServiceTrackerHeader-1-e1613564731522.jpg","type":"image\/jpeg"}],"twitter_card":"summary_large_image","twitter_misc":{"Tempo di lettura stimato":"3 minuti"},"schema":{"@context":"https:\/\/schema.org","@graph":[{"@type":"WebPage","@id":"https:\/\/www.accuratereviews.com\/it\/software-disinfestazioni\/servicetracker-recensione\/","url":"https:\/\/www.accuratereviews.com\/it\/software-disinfestazioni\/servicetracker-recensione\/","name":"ServiceTracker: recensione software disinfestazione - Accurate Reviews","isPartOf":{"@id":"https:\/\/www.accuratereviews.com\/it\/#website"},"primaryImageOfPage":{"@id":"https:\/\/www.accuratereviews.com\/it\/software-disinfestazioni\/servicetracker-recensione\/#primaryimage"},"image":{"@id":"https:\/\/www.accuratereviews.com\/it\/software-disinfestazioni\/servicetracker-recensione\/#primaryimage"},"thumbnailUrl":"https:\/\/www.accuratereviews.com\/wp-content\/uploads\/2021\/04\/ServiceTrackerHeader-1-e1613564731522.jpg","datePublished":"2021-04-26T11:43:32+00:00","description":"ServiceTracker \u00e8 una soluzione all-in-one progettata per migliorare la gestione del lavoro delle imprese di disinfestazione.","breadcrumb":{"@id":"https:\/\/www.accuratereviews.com\/it\/software-disinfestazioni\/servicetracker-recensione\/#breadcrumb"},"inLanguage":"it-IT","potentialAction":[{"@type":"ReadAction","target":["https:\/\/www.accuratereviews.com\/it\/software-disinfestazioni\/servicetracker-recensione\/"]}]},{"@type":"ImageObject","inLanguage":"it-IT","@id":"https:\/\/www.accuratereviews.com\/it\/software-disinfestazioni\/servicetracker-recensione\/#primaryimage","url":"https:\/\/www.accuratereviews.com\/wp-content\/uploads\/2021\/04\/ServiceTrackerHeader-1-e1613564731522.jpg","contentUrl":"https:\/\/www.accuratereviews.com\/wp-content\/uploads\/2021\/04\/ServiceTrackerHeader-1-e1613564731522.jpg","width":450,"height":200},{"@type":"BreadcrumbList","@id":"https:\/\/www.accuratereviews.com\/it\/software-disinfestazioni\/servicetracker-recensione\/#breadcrumb","itemListElement":[{"@type":"ListItem","position":1,"name":"Home","item":"https:\/\/www.accuratereviews.com\/it\/"},{"@type":"ListItem","position":2,"name":"Software per le disinfestazioni","item":"https:\/\/www.accuratereviews.com\/it\/software-disinfestazioni\/"},{"@type":"ListItem","position":3,"name":"ServiceTracker"}]},{"@type":"WebSite","@id":"https:\/\/www.accuratereviews.com\/it\/#website","url":"https:\/\/www.accuratereviews.com\/it\/","name":"Accurate Reviews","description":"","potentialAction":[{"@type":"SearchAction","target":{"@type":"EntryPoint","urlTemplate":"https:\/\/www.accuratereviews.com\/it\/?s={search_term_string}"},"query-input":{"@type":"PropertyValueSpecification","valueRequired":true,"valueName":"search_term_string"}}],"inLanguage":"it-IT"}]}},"_links":{"self":[{"href":"https:\/\/www.accuratereviews.com\/it\/wp-json\/wp\/v2\/pages\/41066","targetHints":{"allow":["GET"]}}],"collection":[{"href":"https:\/\/www.accuratereviews.com\/it\/wp-json\/wp\/v2\/pages"}],"about":[{"href":"https:\/\/www.accuratereviews.com\/it\/wp-json\/wp\/v2\/types\/page"}],"author":[{"embeddable":true,"href":"https:\/\/www.accuratereviews.com\/it\/wp-json\/wp\/v2\/users\/17"}],"replies":[{"embeddable":true,"href":"https:\/\/www.accuratereviews.com\/it\/wp-json\/wp\/v2\/comments?post=41066"}],"version-history":[{"count":5,"href":"https:\/\/www.accuratereviews.com\/it\/wp-json\/wp\/v2\/pages\/41066\/revisions"}],"predecessor-version":[{"id":41090,"href":"https:\/\/www.accuratereviews.com\/it\/wp-json\/wp\/v2\/pages\/41066\/revisions\/41090"}],"up":[{"embeddable":true,"href":"https:\/\/www.accuratereviews.com\/it\/wp-json\/wp\/v2\/pages\/39847"}],"wp:featuredmedia":[{"embeddable":true,"href":"https:\/\/www.accuratereviews.com\/it\/wp-json\/wp\/v2\/media\/41068"}],"wp:attachment":[{"href":"https:\/\/www.accuratereviews.com\/it\/wp-json\/wp\/v2\/media?parent=41066"}],"wp:term":[{"taxonomy":"category","embeddable":true,"href":"https:\/\/www.accuratereviews.com\/it\/wp-json\/wp\/v2\/categories?post=41066"},{"taxonomy":"post_tag","embeddable":true,"href":"https:\/\/www.accuratereviews.com\/it\/wp-json\/wp\/v2\/tags?post=41066"},{"taxonomy":"features","embeddable":true,"href":"https:\/\/www.accuratereviews.com\/it\/wp-json\/wp\/v2\/features?post=41066"}],"curies":[{"name":"wp","href":"https:\/\/api.w.org\/{rel}","templated":true}]}}