{"id":41108,"date":"2021-04-27T10:27:55","date_gmt":"2021-04-27T10:27:55","guid":{"rendered":"https:\/\/www.accuratereviews.com\/?page_id=41108"},"modified":"2021-04-27T10:27:55","modified_gmt":"2021-04-27T10:27:55","slug":"key-7-software-recensione","status":"publish","type":"page","link":"https:\/\/www.accuratereviews.com\/it\/software-disinfestazioni\/key-7-software-recensione\/","title":{"rendered":"Key 7 software"},"content":{"rendered":"<p>Il <strong>software Key 7<\/strong> \u00e8 una soluzione basata su <strong>cloud<\/strong> che consente alle piccole e medie imprese di <strong>disinfestazione<\/strong> di gestire accordi, lead, comunicazioni, pagamenti, percorsi e altre operazioni. Le caratteristiche principali includono la gestione dei clienti, il portale delle vendite, la pianificazione dei servizi, la fatturazione e i rapporti.\u00a0Il software aiuta le aziende a gestire gli appuntamenti e a comunicare i programmi dei servizi ai clienti. Con un sistema di ticketing online, sia i clienti che i team interni possono creare e assegnare ticket di servizio agli agenti sul campo. La soluzione tiene traccia di ogni ticket, dalla creazione all&#8217;assegnazione e alla risoluzione.\u00a0<strong>Key 7 Software<\/strong> offre un portale dedicato al personale di vendita per acquisire lead e aggiungerli alla pipeline di vendita. Con lo strumento di gestione dei documenti, gli utenti possono creare contratti di servizio e condividerli digitalmente con i clienti per l&#8217;approvazione elettronica.<\/p>\n<h2><a href=\"https:\/\/www.accuratereviews.com\/wp-content\/uploads\/2021\/04\/Schermata-2021-04-27-alle-09.48.06.png\"><img loading=\"lazy\" decoding=\"async\" class=\"size-full wp-image-41115 aligncenter\" src=\"https:\/\/www.accuratereviews.com\/wp-content\/uploads\/2021\/04\/Schermata-2021-04-27-alle-09.48.06.png\" alt=\"\" width=\"1804\" height=\"1270\" srcset=\"https:\/\/www.accuratereviews.com\/wp-content\/uploads\/2021\/04\/Schermata-2021-04-27-alle-09.48.06.png 1804w, https:\/\/www.accuratereviews.com\/wp-content\/uploads\/2021\/04\/Schermata-2021-04-27-alle-09.48.06-300x211.png 300w, https:\/\/www.accuratereviews.com\/wp-content\/uploads\/2021\/04\/Schermata-2021-04-27-alle-09.48.06-1024x721.png 1024w, https:\/\/www.accuratereviews.com\/wp-content\/uploads\/2021\/04\/Schermata-2021-04-27-alle-09.48.06-768x541.png 768w, https:\/\/www.accuratereviews.com\/wp-content\/uploads\/2021\/04\/Schermata-2021-04-27-alle-09.48.06-1536x1081.png 1536w, https:\/\/www.accuratereviews.com\/wp-content\/uploads\/2021\/04\/Schermata-2021-04-27-alle-09.48.06-178x125.png 178w, https:\/\/www.accuratereviews.com\/wp-content\/uploads\/2021\/04\/Schermata-2021-04-27-alle-09.48.06-50x35.png 50w, https:\/\/www.accuratereviews.com\/wp-content\/uploads\/2021\/04\/Schermata-2021-04-27-alle-09.48.06-968x681.png 968w, https:\/\/www.accuratereviews.com\/wp-content\/uploads\/2021\/04\/Schermata-2021-04-27-alle-09.48.06-636x448.png 636w, https:\/\/www.accuratereviews.com\/wp-content\/uploads\/2021\/04\/Schermata-2021-04-27-alle-09.48.06-320x225.png 320w, https:\/\/www.accuratereviews.com\/wp-content\/uploads\/2021\/04\/Schermata-2021-04-27-alle-09.48.06-239x168.png 239w\" sizes=\"auto, (max-width: 1804px) 100vw, 1804px\" \/><\/a><\/h2>\n<h2>KEY 7 SOFTWARE &#8211; CARATTERISTICHE<\/h2>\n<ul>\n<li>App mobile per dispositivi Android e Apple<\/li>\n<li>Servizio di log dal campo<\/li>\n<li>Semplifica la comunicazione con l&#8217;ufficio<\/li>\n<li>Geolocalizzazione per propriet\u00e0<\/li>\n<li>Strumenti di routing visivo<\/li>\n<li>Funzionalit\u00e0 di pianificazione rapida<\/li>\n<li>Flusso di lavoro mobile commerciale<\/li>\n<li>Registro in linea<\/li>\n<li>Rapporti sulle tendenze<\/li>\n<li>Invia notifiche di servizio<\/li>\n<li>Portale clienti in linea<\/li>\n<li>Notifiche di servizio dall&#8217;app<\/li>\n<li>Opinioni dei clienti<\/li>\n<li>Cronologia dettagliata del cliente<\/li>\n<li>Sistema di ticketing per la comunicazione interna<\/li>\n<li>Email automatizzate per iniziative di vendita<\/li>\n<li>Integrazione con Microsoft Power BI<\/li>\n<li>Reportistica configurabile<\/li>\n<li>Business Insights direttamente dal tuo telefono<\/li>\n<li>Reporting giornaliero standard<\/li>\n<li>Crea rapporti personalizzati<\/li>\n<li>Rapporti sulle tendenze<\/li>\n<li>Portale di vendita integrato<\/li>\n<li>Tieni traccia delle attivit\u00e0 di vendita e dei lead<\/li>\n<li>Reportistica sui salari delle vendite<\/li>\n<li>Automatizza la fatturazione<\/li>\n<li>Pagamenti online facili<\/li>\n<li>Tieni traccia degli account scaduti<\/li>\n<li>Consigli per il cross-sell<\/li>\n<li>Cronologia del servizio clienti<\/li>\n<li>Flusso di lavoro mobile commerciale<\/li>\n<li>Registro in linea<\/li>\n<\/ul>\n<h4>LE RECENSIONI DEGLI UTENTI<\/h4>\n<p class=\"font-weight-bold mb-1 d-flex align-items-center\"><strong>Tim K.&#8221;grande!&#8221;<\/strong><\/p>\n<p><strong>Commenti: <\/strong>molto soddisfatto<\/p>\n<p><strong>Pro: <\/strong>Facilit\u00e0 di utilizzo su base giornaliera. rende il lavoro facile<\/p>\n<p><strong>Contro: <\/strong>Non riesco a pensare a un singolo commento negativo<\/p>\n<p class=\"font-weight-bold mb-1 d-flex align-items-center\"><strong>Tracy h R.&#8221;Eccellente software&#8221;<\/strong><\/p>\n<p><strong>Commenti: <\/strong>Devo dire che puoi trovare difetti in qualsiasi prodotto, quindi i pro qui superano di gran lunga i contro. Questo \u00e8 un ottimo prodotto per il prezzo e siamo rimasti estremamente soddisfatti del prodotto e del team Key 7.<\/p>\n<p><strong>Pro:\u00a0<\/strong>La pianificazione \u00e8 semplice e veloce. I report sono dettagliati e facili da eseguire. Siamo stati molto contenti della risposta dei team di Key 7 alle nostre esigenze. Possiedono ottime capacit\u00e0 di problem solving e rispondono molto rapidamente. Di gran lunga il miglior supporto clienti di qualsiasi fornitore di software che abbiamo avuto.<\/p>\n<p><strong>Contro: <\/strong>Quando si apportano modifiche a propriet\u00e0 o servizi all&#8217;interno di un account, \u00e8 possibile che vengano semplificati pi\u00f9 passaggi. Comprendo che Key 7 sta lavorando su tale questione.\u00a0Di tanto in tanto gli aggiornamenti diurni nel sistema utente ci hanno espulso dal sistema.<\/p>\n<p class=\"font-weight-bold mb-1 d-flex align-items-center\"><strong>Beth S.&#8221;Key 7 recensione&#8221;<\/strong><\/p>\n<p><strong>Commenti: <\/strong>Il software \u00e8 stato un salvavita quando si \u00e8 fuori ufficio o per i tecnici sul campo. Dato che siamo un&#8217;azienda cos\u00ec piccola, essere fuori citt\u00e0 o semplicemente fare commissioni molto meno stressante quando \u00e8 tutto accessibile dal telefono o IPAD.\u00a0\u00c8 incredibile lavorare con il personale.<\/p>\n<p><strong>Pro: <\/strong>Mobilit\u00e0, servizio clienti e continui aggiornamenti \/ modifiche al software corrente. Lo staff \u00e8 sempre in ascolto dei propri clienti per apportare modifiche \/ ritocchi per migliorare il software e renderlo pi\u00f9 facile da usare.<\/p>\n<p><strong>Contro: <\/strong>Non avere la possibilit\u00e0 di aumentare i prezzi su tutta la linea senza coinvolgere l&#8217;assistenza clienti.\u00a0Alcune delle azioni dell&#8217;amministratore creano confusione quando si desidera apportare modifiche. In particolare, le informazioni di testo di promemoria inviate al cliente non sono facilmente reperibili.<\/p>\n","protected":false},"excerpt":{"rendered":"<p>Il software Key 7 \u00e8 una soluzione basata su cloud che consente alle piccole e medie imprese di disinfestazione di gestire accordi, lead, comunicazioni, pagamenti, percorsi e altre operazioni. Le caratteristiche principali includono la gestione dei clienti, il portale delle vendite, la pianificazione dei servizi, la fatturazione e i rapporti.\u00a0<\/p>\n","protected":false},"author":19,"featured_media":41110,"parent":39847,"menu_order":0,"comment_status":"open","ping_status":"closed","template":"g1_template_page_review_new.php","meta":{"_acf_changed":false,"cwp_meta_box_check":"Yes","cwp_rev_product_name":"","cwp_rev_product_image":"","wppr_links":[],"cwp_rev_price":"","wppr_options":[],"wppr_pros":[],"wppr_cons":[],"_monsterinsights_skip_tracking":false,"_monsterinsights_sitenote_active":false,"_monsterinsights_sitenote_note":"","_monsterinsights_sitenote_category":0,"footnotes":""},"categories":[5626],"tags":[396,5782,5658,5649,5798,5647,5648],"features":[],"class_list":{"0":"post-41108","1":"page","2":"type-page","3":"status-publish","4":"has-post-thumbnail","6":"category-software-disinfestazioni-categoria","7":"tag-cloud","8":"tag-gestione-sul-campo","9":"tag-piattaforma-per-disinfestazione","10":"tag-programma-per-disinfestazione","11":"tag-software-key7","12":"tag-software-per-disinfestazione","13":"tag-soluzione-per-disinfestazione"},"wppr_data":{"cwp_meta_box_check":"Yes","cwp_rev_product_name":"","cwp_rev_product_image":"","cwp_image_link":"image","cwp_rev_price":"","wppr_rating":"0.00"},"acf":[],"yoast_head":"<!-- This site is optimized with the Yoast SEO plugin v27.4 - https:\/\/yoast.com\/product\/yoast-seo-wordpress\/ -->\n<title>Software Key 7: recensione software disinfestazione - Accurate Reviews<\/title>\n<meta name=\"description\" content=\"Software Key 7: recensione soluzione basata su cloud che consente alle imprese di disinfestazione di gestire accordi, lead e comunicazioni.\" \/>\n<meta name=\"robots\" content=\"index, follow, max-snippet:-1, max-image-preview:large, max-video-preview:-1\" \/>\n<link rel=\"canonical\" href=\"https:\/\/www.accuratereviews.com\/it\/software-disinfestazioni\/key-7-software-recensione\/\" \/>\n<meta property=\"og:locale\" content=\"it_IT\" \/>\n<meta property=\"og:type\" content=\"article\" \/>\n<meta property=\"og:title\" content=\"Software Key 7: recensione software disinfestazione - Accurate Reviews\" \/>\n<meta property=\"og:description\" content=\"Software Key 7: recensione soluzione basata su cloud che consente alle imprese di disinfestazione di gestire accordi, lead e comunicazioni.\" \/>\n<meta property=\"og:url\" content=\"https:\/\/www.accuratereviews.com\/it\/software-disinfestazioni\/key-7-software-recensione\/\" \/>\n<meta property=\"og:site_name\" content=\"Accurate Reviews\" \/>\n<meta property=\"og:image\" content=\"https:\/\/www.accuratereviews.com\/wp-content\/uploads\/2021\/04\/7software-key.png\" \/>\n\t<meta property=\"og:image:width\" content=\"200\" \/>\n\t<meta property=\"og:image:height\" content=\"200\" \/>\n\t<meta property=\"og:image:type\" content=\"image\/png\" \/>\n<meta name=\"twitter:card\" content=\"summary_large_image\" \/>\n<meta name=\"twitter:label1\" content=\"Tempo di lettura stimato\" \/>\n\t<meta name=\"twitter:data1\" content=\"3 minuti\" \/>\n<script type=\"application\/ld+json\" class=\"yoast-schema-graph\">{\"@context\":\"https:\\\/\\\/schema.org\",\"@graph\":[{\"@type\":\"WebPage\",\"@id\":\"https:\\\/\\\/www.accuratereviews.com\\\/it\\\/software-disinfestazioni\\\/key-7-software-recensione\\\/\",\"url\":\"https:\\\/\\\/www.accuratereviews.com\\\/it\\\/software-disinfestazioni\\\/key-7-software-recensione\\\/\",\"name\":\"Software Key 7: recensione software disinfestazione - Accurate Reviews\",\"isPartOf\":{\"@id\":\"https:\\\/\\\/www.accuratereviews.com\\\/it\\\/#website\"},\"primaryImageOfPage\":{\"@id\":\"https:\\\/\\\/www.accuratereviews.com\\\/it\\\/software-disinfestazioni\\\/key-7-software-recensione\\\/#primaryimage\"},\"image\":{\"@id\":\"https:\\\/\\\/www.accuratereviews.com\\\/it\\\/software-disinfestazioni\\\/key-7-software-recensione\\\/#primaryimage\"},\"thumbnailUrl\":\"https:\\\/\\\/www.accuratereviews.com\\\/wp-content\\\/uploads\\\/2021\\\/04\\\/7software-key.png\",\"datePublished\":\"2021-04-27T10:27:55+00:00\",\"description\":\"Software Key 7: recensione soluzione basata su cloud che consente alle imprese di disinfestazione di gestire accordi, lead e comunicazioni.\",\"breadcrumb\":{\"@id\":\"https:\\\/\\\/www.accuratereviews.com\\\/it\\\/software-disinfestazioni\\\/key-7-software-recensione\\\/#breadcrumb\"},\"inLanguage\":\"it-IT\",\"potentialAction\":[{\"@type\":\"ReadAction\",\"target\":[\"https:\\\/\\\/www.accuratereviews.com\\\/it\\\/software-disinfestazioni\\\/key-7-software-recensione\\\/\"]}]},{\"@type\":\"ImageObject\",\"inLanguage\":\"it-IT\",\"@id\":\"https:\\\/\\\/www.accuratereviews.com\\\/it\\\/software-disinfestazioni\\\/key-7-software-recensione\\\/#primaryimage\",\"url\":\"https:\\\/\\\/www.accuratereviews.com\\\/wp-content\\\/uploads\\\/2021\\\/04\\\/7software-key.png\",\"contentUrl\":\"https:\\\/\\\/www.accuratereviews.com\\\/wp-content\\\/uploads\\\/2021\\\/04\\\/7software-key.png\",\"width\":200,\"height\":200},{\"@type\":\"BreadcrumbList\",\"@id\":\"https:\\\/\\\/www.accuratereviews.com\\\/it\\\/software-disinfestazioni\\\/key-7-software-recensione\\\/#breadcrumb\",\"itemListElement\":[{\"@type\":\"ListItem\",\"position\":1,\"name\":\"Home\",\"item\":\"https:\\\/\\\/www.accuratereviews.com\\\/it\\\/\"},{\"@type\":\"ListItem\",\"position\":2,\"name\":\"Software per le disinfestazioni\",\"item\":\"https:\\\/\\\/www.accuratereviews.com\\\/it\\\/software-disinfestazioni\\\/\"},{\"@type\":\"ListItem\",\"position\":3,\"name\":\"Key 7 software\"}]},{\"@type\":\"WebSite\",\"@id\":\"https:\\\/\\\/www.accuratereviews.com\\\/it\\\/#website\",\"url\":\"https:\\\/\\\/www.accuratereviews.com\\\/it\\\/\",\"name\":\"Accurate Reviews\",\"description\":\"\",\"potentialAction\":[{\"@type\":\"SearchAction\",\"target\":{\"@type\":\"EntryPoint\",\"urlTemplate\":\"https:\\\/\\\/www.accuratereviews.com\\\/it\\\/?s={search_term_string}\"},\"query-input\":{\"@type\":\"PropertyValueSpecification\",\"valueRequired\":true,\"valueName\":\"search_term_string\"}}],\"inLanguage\":\"it-IT\"}]}<\/script>\n<!-- \/ Yoast SEO plugin. -->","yoast_head_json":{"title":"Software Key 7: recensione software disinfestazione - Accurate Reviews","description":"Software Key 7: recensione soluzione basata su cloud che consente alle imprese di disinfestazione di gestire accordi, lead e comunicazioni.","robots":{"index":"index","follow":"follow","max-snippet":"max-snippet:-1","max-image-preview":"max-image-preview:large","max-video-preview":"max-video-preview:-1"},"canonical":"https:\/\/www.accuratereviews.com\/it\/software-disinfestazioni\/key-7-software-recensione\/","og_locale":"it_IT","og_type":"article","og_title":"Software Key 7: recensione software disinfestazione - Accurate Reviews","og_description":"Software Key 7: recensione soluzione basata su cloud che consente alle imprese di disinfestazione di gestire accordi, lead e comunicazioni.","og_url":"https:\/\/www.accuratereviews.com\/it\/software-disinfestazioni\/key-7-software-recensione\/","og_site_name":"Accurate Reviews","og_image":[{"width":200,"height":200,"url":"https:\/\/www.accuratereviews.com\/wp-content\/uploads\/2021\/04\/7software-key.png","type":"image\/png"}],"twitter_card":"summary_large_image","twitter_misc":{"Tempo di lettura stimato":"3 minuti"},"schema":{"@context":"https:\/\/schema.org","@graph":[{"@type":"WebPage","@id":"https:\/\/www.accuratereviews.com\/it\/software-disinfestazioni\/key-7-software-recensione\/","url":"https:\/\/www.accuratereviews.com\/it\/software-disinfestazioni\/key-7-software-recensione\/","name":"Software Key 7: recensione software disinfestazione - Accurate Reviews","isPartOf":{"@id":"https:\/\/www.accuratereviews.com\/it\/#website"},"primaryImageOfPage":{"@id":"https:\/\/www.accuratereviews.com\/it\/software-disinfestazioni\/key-7-software-recensione\/#primaryimage"},"image":{"@id":"https:\/\/www.accuratereviews.com\/it\/software-disinfestazioni\/key-7-software-recensione\/#primaryimage"},"thumbnailUrl":"https:\/\/www.accuratereviews.com\/wp-content\/uploads\/2021\/04\/7software-key.png","datePublished":"2021-04-27T10:27:55+00:00","description":"Software Key 7: recensione soluzione basata su cloud che consente alle imprese di disinfestazione di gestire accordi, lead e comunicazioni.","breadcrumb":{"@id":"https:\/\/www.accuratereviews.com\/it\/software-disinfestazioni\/key-7-software-recensione\/#breadcrumb"},"inLanguage":"it-IT","potentialAction":[{"@type":"ReadAction","target":["https:\/\/www.accuratereviews.com\/it\/software-disinfestazioni\/key-7-software-recensione\/"]}]},{"@type":"ImageObject","inLanguage":"it-IT","@id":"https:\/\/www.accuratereviews.com\/it\/software-disinfestazioni\/key-7-software-recensione\/#primaryimage","url":"https:\/\/www.accuratereviews.com\/wp-content\/uploads\/2021\/04\/7software-key.png","contentUrl":"https:\/\/www.accuratereviews.com\/wp-content\/uploads\/2021\/04\/7software-key.png","width":200,"height":200},{"@type":"BreadcrumbList","@id":"https:\/\/www.accuratereviews.com\/it\/software-disinfestazioni\/key-7-software-recensione\/#breadcrumb","itemListElement":[{"@type":"ListItem","position":1,"name":"Home","item":"https:\/\/www.accuratereviews.com\/it\/"},{"@type":"ListItem","position":2,"name":"Software per le disinfestazioni","item":"https:\/\/www.accuratereviews.com\/it\/software-disinfestazioni\/"},{"@type":"ListItem","position":3,"name":"Key 7 software"}]},{"@type":"WebSite","@id":"https:\/\/www.accuratereviews.com\/it\/#website","url":"https:\/\/www.accuratereviews.com\/it\/","name":"Accurate Reviews","description":"","potentialAction":[{"@type":"SearchAction","target":{"@type":"EntryPoint","urlTemplate":"https:\/\/www.accuratereviews.com\/it\/?s={search_term_string}"},"query-input":{"@type":"PropertyValueSpecification","valueRequired":true,"valueName":"search_term_string"}}],"inLanguage":"it-IT"}]}},"_links":{"self":[{"href":"https:\/\/www.accuratereviews.com\/it\/wp-json\/wp\/v2\/pages\/41108","targetHints":{"allow":["GET"]}}],"collection":[{"href":"https:\/\/www.accuratereviews.com\/it\/wp-json\/wp\/v2\/pages"}],"about":[{"href":"https:\/\/www.accuratereviews.com\/it\/wp-json\/wp\/v2\/types\/page"}],"author":[{"embeddable":true,"href":"https:\/\/www.accuratereviews.com\/it\/wp-json\/wp\/v2\/users\/19"}],"replies":[{"embeddable":true,"href":"https:\/\/www.accuratereviews.com\/it\/wp-json\/wp\/v2\/comments?post=41108"}],"version-history":[{"count":16,"href":"https:\/\/www.accuratereviews.com\/it\/wp-json\/wp\/v2\/pages\/41108\/revisions"}],"predecessor-version":[{"id":41164,"href":"https:\/\/www.accuratereviews.com\/it\/wp-json\/wp\/v2\/pages\/41108\/revisions\/41164"}],"up":[{"embeddable":true,"href":"https:\/\/www.accuratereviews.com\/it\/wp-json\/wp\/v2\/pages\/39847"}],"wp:featuredmedia":[{"embeddable":true,"href":"https:\/\/www.accuratereviews.com\/it\/wp-json\/wp\/v2\/media\/41110"}],"wp:attachment":[{"href":"https:\/\/www.accuratereviews.com\/it\/wp-json\/wp\/v2\/media?parent=41108"}],"wp:term":[{"taxonomy":"category","embeddable":true,"href":"https:\/\/www.accuratereviews.com\/it\/wp-json\/wp\/v2\/categories?post=41108"},{"taxonomy":"post_tag","embeddable":true,"href":"https:\/\/www.accuratereviews.com\/it\/wp-json\/wp\/v2\/tags?post=41108"},{"taxonomy":"features","embeddable":true,"href":"https:\/\/www.accuratereviews.com\/it\/wp-json\/wp\/v2\/features?post=41108"}],"curies":[{"name":"wp","href":"https:\/\/api.w.org\/{rel}","templated":true}]}}