{"id":41132,"date":"2021-04-27T10:21:53","date_gmt":"2021-04-27T10:21:53","guid":{"rendered":"https:\/\/www.accuratereviews.com\/?page_id=41132"},"modified":"2021-04-27T10:21:53","modified_gmt":"2021-04-27T10:21:53","slug":"reachout-suite-recensione","status":"publish","type":"page","link":"https:\/\/www.accuratereviews.com\/it\/software-disinfestazioni\/reachout-suite-recensione\/","title":{"rendered":"ReachOut Suite"},"content":{"rendered":"<p><strong>ReachOut Suite<\/strong> \u00e8 una soluzione basata su <strong>cloud<\/strong> per la gestione servizi di disinfestazione sul campo. Le caratteristiche principali includono audit e ispezioni, gestione degli ordini di lavoro e sondaggi. Il software include strumenti per aiutare gli utenti a organizzare, programmare, inviare e monitorare il lavoro, nonch\u00e9 fornire e analizzare servizi sul posto. Gli utenti possono gestire il propio team e assegnare il lavoro utilizzando un&#8217;interfaccia drag and drop. Le app mobili per iOS e Android consentono al personale di aggiornare le informazioni sui lavori da effettuare e eventuali modifiche in tempo reale. Il repository dei clienti ReachOut memorizza la cronologia delle interazioni dei clienti e gli utenti possono visualizzare le attivit\u00e0 precedenti o gli acquisti precedenti dei clienti da un unica dashboard.<\/p>\n<h2>REACHOUT SUITE &#8211; TUTORIAL<\/h2>\n<p>Guardiamo i benefici di usare questo <strong>software di disinfestazione<\/strong>:<\/p>\n<div id=\"fluid-wrapper-counter-1\" class=\"g1-fluid-wrapper \" style=\"width:686px;\">\n<div style=\"padding-bottom:56.268221574344%;\"><iframe loading=\"lazy\" title=\"Advanced Cloud-Based Field Service Software | ReachOut Suite\" width=\"686\" height=\"386\" src=\"https:\/\/www.youtube.com\/embed\/i-1r3-sUNh4?feature=oembed&amp;wmode=transparent&amp;autohide=1&amp;autoplay=0&amp;disablekb=0&amp;fs=1&amp;loop=0&amp;enablejsapi=1&amp;rel=0&amp;controls=2&amp;showinfo=0&amp;wmode=transparent&amp;autohide=2&amp;autoplay=0&amp;disablekb=0&amp;fs=1&amp;loop=0&amp;enablejsapi=1&amp;rel=0&amp;controls=2&amp;showinfo=1\" frameborder=\"0\" allow=\"accelerometer; autoplay; clipboard-write; encrypted-media; gyroscope; picture-in-picture\" allowfullscreen><\/iframe><\/div>\n<\/div>\n<h3>REACHOUT SUITE &#8211; CARATTERISTICHE<\/h3>\n<ul>\n<li><strong>Organizza e semplifica le tue ispezioni e la pianificazione degli audit:<\/strong> il software di gestione delle ispezioni fornisce un&#8217;interfaccia visiva chiara per darti il \u200b\u200bcontrollo. Le visualizzazioni del calendario con pianificazione delle ispezioni mediante trascinamento della selezione ti aiutano a rimanere organizzato e a gestire l&#8217;utilizzo del team<\/li>\n<li><strong>Crea moduli e liste di controllo semplici o scegli opzioni pi\u00f9 complesse:<\/strong> pi\u00f9 sezioni, logica condizionale, domande obbligatorie, requisiti fotografici e altro ancora. Struttura dei questionari per la valutazione della conformit\u00e0, il punteggio quantitativo o entrambi. Collega le ispezioni con azioni di follow-up come azioni correttive e valuta i risultati con un ricco motore di reporting. Includi pi\u00f9 moduli in una singola ispezione, oltre a elementi opzionali come una firma, una fattura o un cronometraggio in loco<\/li>\n<li><strong>App per iOS e Android:<\/strong> gli ispettori possono visualizzare la loro pianificazione con mesi di anticipo e ricevere notifiche istantanee degli aggiornamenti, aiutandoli a rimanere organizzati. I moduli vengono ottimizzati automaticamente per i dispositivi mobili. Lavora offline e sincronizza i dati quando torni online. Memorizzare le bozze di ispezione sul dispositivo. Aggiungi immagini a specifici elementi della lista di controllo. Aggiungi materiali, manodopera e costi generali o stime<\/li>\n<li><strong>Infrastruttura moderna e altamente sicura:<\/strong> ottieni tutte le informazioni aggiunte da te e dal tuo team. Esegui backup regolari dei dati che vengono crittografati e archiviati per un rapido recupero quando necessario<\/li>\n<li><strong>Piattaforma integrata<\/strong> che fornisce un accesso rapido a tutte le informazioni su qualsiasi cliente, posizione, sito o entit\u00e0 attraverso ispezioni, ticket e ordini di lavoro. Funzionalit\u00e0 semplici ma potenti consentono di eseguire rapidamente il drill down da panoramiche di ispezione di alto livello a informazioni dettagliate su problemi e non conformit\u00e0. Invia report con foto, preventivi e fatture direttamente ai tuoi clienti<\/li>\n<li><strong>Scatta foto, annotale ed etichettale, per mostrare la prova di un lavoro ben fatto.<\/strong> Aggiungi materiali, manodopera e costi generali o stime. Integrazione con mappe, notifiche push e molte altre funzionalit\u00e0 disponibili.<\/li>\n<\/ul>\n<h4>LE RECENSIONI DEGLI UTENTI<\/h4>\n<p class=\"font-weight-bold mb-1 d-flex align-items-center\"><strong>Ronan H.&#8221;App, che ci fa risparmiare tempo e denaro da oltre 2 anni&#8221;<\/strong><\/p>\n<p><strong>Commenti: <\/strong>Abbiamo eliminato gli ordini di lavoro cartacei e le schede delle ore, il che ha migliorato la precisione e la facilit\u00e0 d&#8217;uso. La funzione di tempo sull&#8217;app mostra al cliente esattamente per quanto tempo un tecnico dell&#8217;assistenza \u00e8 stato al lavoro.<\/p>\n<p><strong>Pro: <\/strong>Economico e davvero facile da usare. Ha eliminato la necessit\u00e0 di carta per i tecnici dell&#8217;assistenza. Tutti gli ordini di lavoro vengono ora eseguiti online con fatturazione istantanea dei clienti e report che includono immagini di qualsiasi lavoro aggiuntivo necessario e inviati immediatamente tramite e-mail. Non posso elogiare abbastanza questa app !!<\/p>\n<p><strong>Contro: <\/strong>Gli ordini di lavoro di un cliente non sono datati quando li guardi in vista di riepilogo, il che pu\u00f2 essere fastidioso quando stai cercando di trovare un ordine di lavoro per data, ma questo \u00e8 un piccolo inconveniente per quella che \u00e8 un&#8217;app davvero brillante nel complesso.<\/p>\n<p class=\"font-weight-bold mb-1 d-flex align-items-center\"><strong>Akbulut K.&#8221;Facile da usare, tutte le funzionalit\u00e0 necessarie.&#8221;<\/strong><\/p>\n<p><strong>Commenti: <\/strong>Progettiamo due diversi modelli di business e siamo riusciti ad adattare facilmente il sistema per attivit\u00e0 completamente diverse.<\/p>\n<p><strong>Pro: <\/strong>Assistenza clienti molto facile da usare, perfetta e super veloce. Tutte le funzionalit\u00e0 necessarie sono incluse nella versione gratuita senza alcuna limitazione.<\/p>\n<p><strong>Contro: <\/strong>Il modulo di preventivo non \u00e8 incluso nella versione gratuita. Sarebbe fantastico se fosse disponibile una maggiore personalizzazione per la progettazione di moduli, fatture, rapporti, ecc.<\/p>\n<p class=\"font-weight-bold mb-1 d-flex align-items-center\"><strong>Michael S.&#8221;Questo programma mantiene la comunicazione, l&#8217;organizzazione e il sistema di moduli utili&#8221;<\/strong><\/p>\n<p><strong>Commenti: <\/strong>Comunicazione pi\u00f9 efficiente tra l&#8217;ufficio e il personale sul campo<\/p>\n<p><strong>Pro: <\/strong>la comunicazione tra il nostro ufficio e le squadre sul campo, la tempistica precisa quando gli ordini sono dovuti, la capacit\u00e0 di spostare l&#8217;ordine di lavoro.<\/p>\n<p><strong>Contro: <\/strong>il sistema delle foto. non \u00e8 facile scaricare solo le foto devi scaricare l&#8217;intero report &#8230;..<\/p>\n<div class=\"ml-4 pl-4 border-left border-left__dotted i18n-translation_vendor_container\" data-translation-id=\"1342809\" data-translation-vendor-target=\"original\">\n<div class=\"d-flex flex-wrap flex-md-nowrap align-items-center\">\n<h4 class=\"h5 font-weight-bold\"><\/h4>\n<\/div>\n<\/div>\n<p>&nbsp;<\/p>\n","protected":false},"excerpt":{"rendered":"<p>ReachOut Suite \u00e8 una soluzione basata su cloud per la gestione servizi di disinfestazione sul campo. Le caratteristiche principali includono audit e ispezioni, gestione degli ordini di lavoro e sondaggi. Il software include strumenti per aiutare gli utenti a organizzare, programmare, inviare e monitorare il lavoro, nonch\u00e9 fornire e analizzare servizi sul campo.<\/p>\n","protected":false},"author":19,"featured_media":41137,"parent":39847,"menu_order":0,"comment_status":"open","ping_status":"closed","template":"g1_template_page_review_new.php","meta":{"_acf_changed":false,"cwp_meta_box_check":"Yes","cwp_rev_product_name":"","cwp_rev_product_image":"","wppr_links":[],"cwp_rev_price":"","wppr_options":[],"wppr_pros":[],"wppr_cons":[],"_monsterinsights_skip_tracking":false,"_monsterinsights_sitenote_active":false,"_monsterinsights_sitenote_note":"","_monsterinsights_sitenote_category":0,"footnotes":""},"categories":[5626],"tags":[396,5658,5649,5801,5647,5648],"features":[],"class_list":{"0":"post-41132","1":"page","2":"type-page","3":"status-publish","4":"has-post-thumbnail","6":"category-software-disinfestazioni-categoria","7":"tag-cloud","8":"tag-piattaforma-per-disinfestazione","9":"tag-programma-per-disinfestazione","10":"tag-reachout-suite","11":"tag-software-per-disinfestazione","12":"tag-soluzione-per-disinfestazione"},"wppr_data":{"cwp_meta_box_check":"Yes","cwp_rev_product_name":"","cwp_rev_product_image":"","cwp_image_link":"image","cwp_rev_price":"","wppr_rating":"0.00"},"acf":[],"yoast_head":"<!-- This site is optimized with the Yoast SEO plugin v27.4 - https:\/\/yoast.com\/product\/yoast-seo-wordpress\/ -->\n<title>ReachOut Suite: recensione software disinfestazione - Accurate Reviews<\/title>\n<meta name=\"description\" content=\"ReachOut Suite: recensione soluzione basata su cloud per la gestione servizi di disinfestazione sul campo.\" \/>\n<meta name=\"robots\" content=\"index, follow, max-snippet:-1, max-image-preview:large, max-video-preview:-1\" \/>\n<link rel=\"canonical\" href=\"https:\/\/www.accuratereviews.com\/it\/software-disinfestazioni\/reachout-suite-recensione\/\" \/>\n<meta property=\"og:locale\" content=\"it_IT\" \/>\n<meta property=\"og:type\" content=\"article\" \/>\n<meta property=\"og:title\" content=\"ReachOut Suite: recensione software disinfestazione - Accurate Reviews\" \/>\n<meta property=\"og:description\" content=\"ReachOut Suite: recensione soluzione basata su cloud per la gestione servizi di disinfestazione sul campo.\" \/>\n<meta property=\"og:url\" content=\"https:\/\/www.accuratereviews.com\/it\/software-disinfestazioni\/reachout-suite-recensione\/\" \/>\n<meta property=\"og:site_name\" content=\"Accurate Reviews\" \/>\n<meta property=\"og:image\" content=\"https:\/\/www.accuratereviews.com\/wp-content\/uploads\/2021\/04\/reachout-suite.png\" \/>\n\t<meta property=\"og:image:width\" content=\"600\" \/>\n\t<meta property=\"og:image:height\" content=\"315\" \/>\n\t<meta property=\"og:image:type\" content=\"image\/png\" \/>\n<meta name=\"twitter:card\" content=\"summary_large_image\" \/>\n<meta name=\"twitter:label1\" content=\"Tempo di lettura stimato\" \/>\n\t<meta name=\"twitter:data1\" content=\"4 minuti\" \/>\n<script type=\"application\/ld+json\" class=\"yoast-schema-graph\">{\"@context\":\"https:\\\/\\\/schema.org\",\"@graph\":[{\"@type\":\"WebPage\",\"@id\":\"https:\\\/\\\/www.accuratereviews.com\\\/it\\\/software-disinfestazioni\\\/reachout-suite-recensione\\\/\",\"url\":\"https:\\\/\\\/www.accuratereviews.com\\\/it\\\/software-disinfestazioni\\\/reachout-suite-recensione\\\/\",\"name\":\"ReachOut Suite: recensione software disinfestazione - Accurate Reviews\",\"isPartOf\":{\"@id\":\"https:\\\/\\\/www.accuratereviews.com\\\/it\\\/#website\"},\"primaryImageOfPage\":{\"@id\":\"https:\\\/\\\/www.accuratereviews.com\\\/it\\\/software-disinfestazioni\\\/reachout-suite-recensione\\\/#primaryimage\"},\"image\":{\"@id\":\"https:\\\/\\\/www.accuratereviews.com\\\/it\\\/software-disinfestazioni\\\/reachout-suite-recensione\\\/#primaryimage\"},\"thumbnailUrl\":\"https:\\\/\\\/www.accuratereviews.com\\\/wp-content\\\/uploads\\\/2021\\\/04\\\/reachout-suite.png\",\"datePublished\":\"2021-04-27T10:21:53+00:00\",\"description\":\"ReachOut Suite: recensione soluzione basata su cloud per la gestione servizi di disinfestazione sul campo.\",\"breadcrumb\":{\"@id\":\"https:\\\/\\\/www.accuratereviews.com\\\/it\\\/software-disinfestazioni\\\/reachout-suite-recensione\\\/#breadcrumb\"},\"inLanguage\":\"it-IT\",\"potentialAction\":[{\"@type\":\"ReadAction\",\"target\":[\"https:\\\/\\\/www.accuratereviews.com\\\/it\\\/software-disinfestazioni\\\/reachout-suite-recensione\\\/\"]}]},{\"@type\":\"ImageObject\",\"inLanguage\":\"it-IT\",\"@id\":\"https:\\\/\\\/www.accuratereviews.com\\\/it\\\/software-disinfestazioni\\\/reachout-suite-recensione\\\/#primaryimage\",\"url\":\"https:\\\/\\\/www.accuratereviews.com\\\/wp-content\\\/uploads\\\/2021\\\/04\\\/reachout-suite.png\",\"contentUrl\":\"https:\\\/\\\/www.accuratereviews.com\\\/wp-content\\\/uploads\\\/2021\\\/04\\\/reachout-suite.png\",\"width\":600,\"height\":315},{\"@type\":\"BreadcrumbList\",\"@id\":\"https:\\\/\\\/www.accuratereviews.com\\\/it\\\/software-disinfestazioni\\\/reachout-suite-recensione\\\/#breadcrumb\",\"itemListElement\":[{\"@type\":\"ListItem\",\"position\":1,\"name\":\"Home\",\"item\":\"https:\\\/\\\/www.accuratereviews.com\\\/it\\\/\"},{\"@type\":\"ListItem\",\"position\":2,\"name\":\"Software per le disinfestazioni\",\"item\":\"https:\\\/\\\/www.accuratereviews.com\\\/it\\\/software-disinfestazioni\\\/\"},{\"@type\":\"ListItem\",\"position\":3,\"name\":\"ReachOut Suite\"}]},{\"@type\":\"WebSite\",\"@id\":\"https:\\\/\\\/www.accuratereviews.com\\\/it\\\/#website\",\"url\":\"https:\\\/\\\/www.accuratereviews.com\\\/it\\\/\",\"name\":\"Accurate Reviews\",\"description\":\"\",\"potentialAction\":[{\"@type\":\"SearchAction\",\"target\":{\"@type\":\"EntryPoint\",\"urlTemplate\":\"https:\\\/\\\/www.accuratereviews.com\\\/it\\\/?s={search_term_string}\"},\"query-input\":{\"@type\":\"PropertyValueSpecification\",\"valueRequired\":true,\"valueName\":\"search_term_string\"}}],\"inLanguage\":\"it-IT\"}]}<\/script>\n<!-- \/ Yoast SEO plugin. -->","yoast_head_json":{"title":"ReachOut Suite: recensione software disinfestazione - Accurate Reviews","description":"ReachOut Suite: recensione soluzione basata su cloud per la gestione servizi di disinfestazione sul campo.","robots":{"index":"index","follow":"follow","max-snippet":"max-snippet:-1","max-image-preview":"max-image-preview:large","max-video-preview":"max-video-preview:-1"},"canonical":"https:\/\/www.accuratereviews.com\/it\/software-disinfestazioni\/reachout-suite-recensione\/","og_locale":"it_IT","og_type":"article","og_title":"ReachOut Suite: recensione software disinfestazione - Accurate Reviews","og_description":"ReachOut Suite: recensione soluzione basata su cloud per la gestione servizi di disinfestazione sul campo.","og_url":"https:\/\/www.accuratereviews.com\/it\/software-disinfestazioni\/reachout-suite-recensione\/","og_site_name":"Accurate Reviews","og_image":[{"width":600,"height":315,"url":"https:\/\/www.accuratereviews.com\/wp-content\/uploads\/2021\/04\/reachout-suite.png","type":"image\/png"}],"twitter_card":"summary_large_image","twitter_misc":{"Tempo di lettura stimato":"4 minuti"},"schema":{"@context":"https:\/\/schema.org","@graph":[{"@type":"WebPage","@id":"https:\/\/www.accuratereviews.com\/it\/software-disinfestazioni\/reachout-suite-recensione\/","url":"https:\/\/www.accuratereviews.com\/it\/software-disinfestazioni\/reachout-suite-recensione\/","name":"ReachOut Suite: recensione software disinfestazione - Accurate Reviews","isPartOf":{"@id":"https:\/\/www.accuratereviews.com\/it\/#website"},"primaryImageOfPage":{"@id":"https:\/\/www.accuratereviews.com\/it\/software-disinfestazioni\/reachout-suite-recensione\/#primaryimage"},"image":{"@id":"https:\/\/www.accuratereviews.com\/it\/software-disinfestazioni\/reachout-suite-recensione\/#primaryimage"},"thumbnailUrl":"https:\/\/www.accuratereviews.com\/wp-content\/uploads\/2021\/04\/reachout-suite.png","datePublished":"2021-04-27T10:21:53+00:00","description":"ReachOut Suite: recensione soluzione basata su cloud per la gestione servizi di disinfestazione sul campo.","breadcrumb":{"@id":"https:\/\/www.accuratereviews.com\/it\/software-disinfestazioni\/reachout-suite-recensione\/#breadcrumb"},"inLanguage":"it-IT","potentialAction":[{"@type":"ReadAction","target":["https:\/\/www.accuratereviews.com\/it\/software-disinfestazioni\/reachout-suite-recensione\/"]}]},{"@type":"ImageObject","inLanguage":"it-IT","@id":"https:\/\/www.accuratereviews.com\/it\/software-disinfestazioni\/reachout-suite-recensione\/#primaryimage","url":"https:\/\/www.accuratereviews.com\/wp-content\/uploads\/2021\/04\/reachout-suite.png","contentUrl":"https:\/\/www.accuratereviews.com\/wp-content\/uploads\/2021\/04\/reachout-suite.png","width":600,"height":315},{"@type":"BreadcrumbList","@id":"https:\/\/www.accuratereviews.com\/it\/software-disinfestazioni\/reachout-suite-recensione\/#breadcrumb","itemListElement":[{"@type":"ListItem","position":1,"name":"Home","item":"https:\/\/www.accuratereviews.com\/it\/"},{"@type":"ListItem","position":2,"name":"Software per le disinfestazioni","item":"https:\/\/www.accuratereviews.com\/it\/software-disinfestazioni\/"},{"@type":"ListItem","position":3,"name":"ReachOut Suite"}]},{"@type":"WebSite","@id":"https:\/\/www.accuratereviews.com\/it\/#website","url":"https:\/\/www.accuratereviews.com\/it\/","name":"Accurate Reviews","description":"","potentialAction":[{"@type":"SearchAction","target":{"@type":"EntryPoint","urlTemplate":"https:\/\/www.accuratereviews.com\/it\/?s={search_term_string}"},"query-input":{"@type":"PropertyValueSpecification","valueRequired":true,"valueName":"search_term_string"}}],"inLanguage":"it-IT"}]}},"_links":{"self":[{"href":"https:\/\/www.accuratereviews.com\/it\/wp-json\/wp\/v2\/pages\/41132","targetHints":{"allow":["GET"]}}],"collection":[{"href":"https:\/\/www.accuratereviews.com\/it\/wp-json\/wp\/v2\/pages"}],"about":[{"href":"https:\/\/www.accuratereviews.com\/it\/wp-json\/wp\/v2\/types\/page"}],"author":[{"embeddable":true,"href":"https:\/\/www.accuratereviews.com\/it\/wp-json\/wp\/v2\/users\/19"}],"replies":[{"embeddable":true,"href":"https:\/\/www.accuratereviews.com\/it\/wp-json\/wp\/v2\/comments?post=41132"}],"version-history":[{"count":10,"href":"https:\/\/www.accuratereviews.com\/it\/wp-json\/wp\/v2\/pages\/41132\/revisions"}],"predecessor-version":[{"id":41161,"href":"https:\/\/www.accuratereviews.com\/it\/wp-json\/wp\/v2\/pages\/41132\/revisions\/41161"}],"up":[{"embeddable":true,"href":"https:\/\/www.accuratereviews.com\/it\/wp-json\/wp\/v2\/pages\/39847"}],"wp:featuredmedia":[{"embeddable":true,"href":"https:\/\/www.accuratereviews.com\/it\/wp-json\/wp\/v2\/media\/41137"}],"wp:attachment":[{"href":"https:\/\/www.accuratereviews.com\/it\/wp-json\/wp\/v2\/media?parent=41132"}],"wp:term":[{"taxonomy":"category","embeddable":true,"href":"https:\/\/www.accuratereviews.com\/it\/wp-json\/wp\/v2\/categories?post=41132"},{"taxonomy":"post_tag","embeddable":true,"href":"https:\/\/www.accuratereviews.com\/it\/wp-json\/wp\/v2\/tags?post=41132"},{"taxonomy":"features","embeddable":true,"href":"https:\/\/www.accuratereviews.com\/it\/wp-json\/wp\/v2\/features?post=41132"}],"curies":[{"name":"wp","href":"https:\/\/api.w.org\/{rel}","templated":true}]}}