{"id":41224,"date":"2021-04-28T11:06:32","date_gmt":"2021-04-28T11:06:32","guid":{"rendered":"https:\/\/www.accuratereviews.com\/?page_id=41224"},"modified":"2021-04-29T07:37:15","modified_gmt":"2021-04-29T07:37:15","slug":"groundskeeper-pro-recensione","status":"publish","type":"page","link":"https:\/\/www.accuratereviews.com\/it\/software-disinfestazioni\/groundskeeper-pro-recensione\/","title":{"rendered":"Groundskeeper Pro"},"content":{"rendered":"<p><strong>Groundskeeper Pro<\/strong> \u00e8 un <strong>software per la cura del prato e la disinfestazione<\/strong> in loco su misura per le piccole e medie imprese nei settori del giardinaggio, antiparassitari e paesaggistica. Le funzioni chiave includono fatturazione, pianificazione, instradamento, stima e monitoraggio di tempi e materiali. Il sistema dispone di un&#8217;applicazione di contabilit\u00e0 che tiene traccia delle spese aziendali, elabora i pagamenti tramite carte di debito e di credito e fornisce statistiche sui ricavi. Gli utenti possono stampare o inviare tramite email estratti conto mensili ai propri clienti. La soluzione offre funzionalit\u00e0 di branding personalizzate, consentendo alle aziende di personalizzare fatture con logo aziendale, colore e immagini.<\/p>\n<h2>GROUNDSKEEPER PRO &#8211; TUTORIAL<\/h2>\n<p>Ecco un video in cui illustra le principali funzioni di questo <strong>software per disinfestazione<\/strong>:<\/p>\n<div id=\"fluid-wrapper-counter-1\" class=\"g1-fluid-wrapper \" style=\"width:686px;\">\n<div style=\"padding-bottom:56.268221574344%;\"><iframe loading=\"lazy\" title=\"GroundsKeeper Pro - Important Concepts of the Software\" width=\"686\" height=\"386\" src=\"https:\/\/www.youtube.com\/embed\/lJu3JhnZyTU?feature=oembed&amp;wmode=transparent&amp;autohide=1&amp;autoplay=0&amp;disablekb=0&amp;fs=1&amp;loop=0&amp;enablejsapi=1&amp;rel=0&amp;controls=2&amp;showinfo=0&amp;wmode=transparent&amp;autohide=2&amp;autoplay=0&amp;disablekb=0&amp;fs=1&amp;loop=0&amp;enablejsapi=1&amp;rel=0&amp;controls=2&amp;showinfo=1\" frameborder=\"0\" allow=\"accelerometer; autoplay; clipboard-write; encrypted-media; gyroscope; picture-in-picture\" allowfullscreen><\/iframe><\/div>\n<\/div>\n<h3>GROUNDSKEEPER PRO &#8211; CARATTERISTICHE<\/h3>\n<ul>\n<li>Interfaccia software aziendale facile da usare<\/li>\n<li>Crea fatture professionali<\/li>\n<li>Accetta pagamenti con ACH, debito e carta di credito<\/li>\n<li>Logo aziendale su fatture, preventivi e contratti<\/li>\n<li>Stampa fatture o estratti conto e inviali via mail<\/li>\n<li>Determina i clienti che pagano in ritardo, applica le tariffe in ritardo e stampa gli estratti conto<\/li>\n<li>Visualizza, stampa e invia per posta elettronica duplicati di fatture passate inviate per un cliente<\/li>\n<li>Pianificazione<\/li>\n<li>Visualizza e stampa i programmi di manutenzione giornalieri<\/li>\n<li>Nota di cortesia drop-off<\/li>\n<li>Assegna servizi pianificati a percorsi<\/li>\n<li>Routing<\/li>\n<li>Procedura guidata per registrare automaticamente gli addebiti da pianificazione, instradamento e stima<\/li>\n<li>Reporting sulle imposte sulle vendite<\/li>\n<li>Tieni traccia delle spese del libro paga<\/li>\n<li>Elenchi clienti personalizzati<\/li>\n<li>Registra commenti e conversazioni dei clienti<\/li>\n<li>Monitoraggio e reportistica delle applicazioni chimiche<\/li>\n<li>Backup e ripristino dei dati<\/li>\n<li>Esporta dati<\/li>\n<li>Importa clienti QuickBooks<\/li>\n<\/ul>\n<h4>LE RECENSIONI DEGLI UTENTI<\/h4>\n<p class=\"font-weight-bold mb-1 d-flex align-items-center\"><strong>Derek D.&#8221;Software molto semplice e diretto e prezzo molto economico per imprese piccole.&#8221;<\/strong><\/p>\n<p><strong>Commenti: <\/strong>Lo uso dal 2007. GK Pro mi ha aiutato a crescere di $ 60.000 anno per anno. Da allora altri fattori hanno limitato la crescita dell&#8217;azienda. Ma se desideri un software semplice da usare per 1 singola tariffa economica (rispetto ai software a prezzo mensile), questa \u00e8 una scelta solida.<\/p>\n<p><strong>Pro: <\/strong>La facilit\u00e0 d&#8217;uso \u00e8 inavvicinabile rispetto ad alcuni di questi prodotti software &#8220;intelligenti&#8221;. Ho provato RG e SAP &#8230; non sono paragonabili alla semplicit\u00e0 di Groundskeeper Pro. La configurazione su GK Pro \u00e8 una piccola frazione rispetto a questi altri.<\/p>\n<p><strong>Contro: <\/strong>Sarebbe bello se questo avesse alcune delle funzioni &#8220;intelligenti&#8221; di altri software, ma se cos\u00ec fosse, sarebbe altrettanto complesso e difficile da configurare e apprendere come il resto di loro.<\/p>\n<p class=\"font-weight-bold mb-1 d-flex align-items-center\"><strong>Robert P.&#8221;Groundskeeper Pro &#8211; Molto facile da usare&#8221;<\/strong><\/p>\n<p><strong>Commenti: <\/strong>Uso Groundskeeper Pro da 15 anni e ogni tanto escono con aggiornamenti e versioni pi\u00f9 recenti. Anche l&#8217;assistenza clienti \u00e8 molto rapida e amichevole.<\/p>\n<p><strong>Pro: <\/strong>L&#8217;uso della gestione della mia attivit\u00e0 quotidiana e l&#8217;invio di fatture avviene senza sforzo con questo software.\u00a0Ci sono molte societ\u00e0 di software per l&#8217;attivit\u00e0 di cura del prato, ma sono contento di aver scelto Groundskeeper Pro.<\/p>\n<p><strong>Contro: <\/strong>L&#8217;accesso basato sul Web \/ cloud \u00e8 un po &#8216;costoso rispetto ad altri software.<\/p>\n<p class=\"font-weight-bold mb-1 d-flex align-items-center\"><strong>Dan D.&#8221;Aggiornamenti&#8221;<\/strong><\/p>\n<p><strong>Commenti: <\/strong>Devi avere la possibilit\u00e0 di inviare fatture a pi\u00f9 di 1 account email .. scopri come ottimizzare la pianificazione, cos\u00ec usi un punto di partenza e l&#8217;elenco ottimizzer\u00e0 il viaggio ..\u00a0Ultimo ma meno importante &#8230; \u00e8 necessario creare un&#8217;app per il telefono, in modo che i miei lavoratori possano utilizzare i telefoni l\u00ec, invece di stampare il programma per ogni persona.<\/p>\n<p><strong>Pro: <\/strong>Ottimo, ha solo bisogno di alcuni nuovi aggiornamenti che ho elencato di seguito. Quindi fatemi sapere se sono in lavorazione<\/p>\n<p><strong>Contro: <\/strong>Pianificazione, necessit\u00e0 di ottimizzare i miei programmi in modo che i miei autisti guidino da un punto di partenza a ciascuna propriet\u00e0 .. Devo usare le mappe di Google.<\/p>\n<p>&nbsp;<\/p>\n<p>&nbsp;<\/p>\n<p>&nbsp;<\/p>\n","protected":false},"excerpt":{"rendered":"<p>Groundskeeper Pro \u00e8 un software per la cura del prato e la disinfestazione in loco su misura per le piccole e medie imprese nei settori del giardinaggio, antiparassitari e paesaggistica. Le funzioni chiave includono fatturazione, pianificazione, instradamento, stima e monitoraggio di tempi e materiali.<\/p>\n","protected":false},"author":16,"featured_media":41225,"parent":39847,"menu_order":0,"comment_status":"open","ping_status":"closed","template":"g1_template_page_review_new.php","meta":{"_acf_changed":false,"cwp_meta_box_check":"Yes","cwp_rev_product_name":"","cwp_rev_product_image":"","wppr_links":[],"cwp_rev_price":"","wppr_options":[],"wppr_pros":[],"wppr_cons":[],"_monsterinsights_skip_tracking":false,"_monsterinsights_sitenote_active":false,"_monsterinsights_sitenote_note":"","_monsterinsights_sitenote_category":0,"footnotes":""},"categories":[5626],"tags":[5806,5658,5649,5647,5648],"features":[],"class_list":{"0":"post-41224","1":"page","2":"type-page","3":"status-publish","4":"has-post-thumbnail","6":"category-software-disinfestazioni-categoria","7":"tag-groundskeeper-pro","8":"tag-piattaforma-per-disinfestazione","9":"tag-programma-per-disinfestazione","10":"tag-software-per-disinfestazione","11":"tag-soluzione-per-disinfestazione"},"wppr_data":{"cwp_meta_box_check":"Yes","cwp_rev_product_name":"","cwp_rev_product_image":"","cwp_image_link":"image","cwp_rev_price":"","wppr_rating":"0.00"},"acf":[],"yoast_head":"<!-- This site is optimized with the Yoast SEO plugin v27.4 - https:\/\/yoast.com\/product\/yoast-seo-wordpress\/ -->\n<title>Groundskeeper Pro: recensione per disinfestazione - Accurate Reviews<\/title>\n<meta name=\"description\" content=\"Groundskeeper Pro: recensione software per la cura del prato e la disinfestazione in loco su misura per le piccole e medie imprese.\" \/>\n<meta name=\"robots\" content=\"index, follow, max-snippet:-1, max-image-preview:large, max-video-preview:-1\" \/>\n<link rel=\"canonical\" href=\"https:\/\/www.accuratereviews.com\/it\/software-disinfestazioni\/groundskeeper-pro-recensione\/\" \/>\n<meta property=\"og:locale\" content=\"it_IT\" \/>\n<meta property=\"og:type\" content=\"article\" \/>\n<meta property=\"og:title\" content=\"Groundskeeper Pro: recensione per disinfestazione - Accurate Reviews\" \/>\n<meta property=\"og:description\" content=\"Groundskeeper Pro: recensione software per la cura del prato e la disinfestazione in loco su misura per le piccole e medie imprese.\" \/>\n<meta property=\"og:url\" content=\"https:\/\/www.accuratereviews.com\/it\/software-disinfestazioni\/groundskeeper-pro-recensione\/\" \/>\n<meta property=\"og:site_name\" content=\"Accurate Reviews\" \/>\n<meta property=\"article:modified_time\" content=\"2021-04-29T07:37:15+00:00\" \/>\n<meta property=\"og:image\" content=\"https:\/\/www.accuratereviews.com\/wp-content\/uploads\/2021\/04\/groundskeeper-pro.jpg\" \/>\n\t<meta property=\"og:image:width\" content=\"600\" \/>\n\t<meta property=\"og:image:height\" content=\"315\" \/>\n\t<meta property=\"og:image:type\" content=\"image\/jpeg\" \/>\n<meta name=\"twitter:card\" content=\"summary_large_image\" \/>\n<meta name=\"twitter:label1\" content=\"Tempo di lettura stimato\" \/>\n\t<meta name=\"twitter:data1\" content=\"3 minuti\" \/>\n<script type=\"application\/ld+json\" class=\"yoast-schema-graph\">{\"@context\":\"https:\\\/\\\/schema.org\",\"@graph\":[{\"@type\":\"WebPage\",\"@id\":\"https:\\\/\\\/www.accuratereviews.com\\\/it\\\/software-disinfestazioni\\\/groundskeeper-pro-recensione\\\/\",\"url\":\"https:\\\/\\\/www.accuratereviews.com\\\/it\\\/software-disinfestazioni\\\/groundskeeper-pro-recensione\\\/\",\"name\":\"Groundskeeper Pro: recensione per disinfestazione - Accurate Reviews\",\"isPartOf\":{\"@id\":\"https:\\\/\\\/www.accuratereviews.com\\\/it\\\/#website\"},\"primaryImageOfPage\":{\"@id\":\"https:\\\/\\\/www.accuratereviews.com\\\/it\\\/software-disinfestazioni\\\/groundskeeper-pro-recensione\\\/#primaryimage\"},\"image\":{\"@id\":\"https:\\\/\\\/www.accuratereviews.com\\\/it\\\/software-disinfestazioni\\\/groundskeeper-pro-recensione\\\/#primaryimage\"},\"thumbnailUrl\":\"https:\\\/\\\/www.accuratereviews.com\\\/wp-content\\\/uploads\\\/2021\\\/04\\\/groundskeeper-pro.jpg\",\"datePublished\":\"2021-04-28T11:06:32+00:00\",\"dateModified\":\"2021-04-29T07:37:15+00:00\",\"description\":\"Groundskeeper Pro: recensione software per la cura del prato e la disinfestazione in loco su misura per le piccole e medie imprese.\",\"breadcrumb\":{\"@id\":\"https:\\\/\\\/www.accuratereviews.com\\\/it\\\/software-disinfestazioni\\\/groundskeeper-pro-recensione\\\/#breadcrumb\"},\"inLanguage\":\"it-IT\",\"potentialAction\":[{\"@type\":\"ReadAction\",\"target\":[\"https:\\\/\\\/www.accuratereviews.com\\\/it\\\/software-disinfestazioni\\\/groundskeeper-pro-recensione\\\/\"]}]},{\"@type\":\"ImageObject\",\"inLanguage\":\"it-IT\",\"@id\":\"https:\\\/\\\/www.accuratereviews.com\\\/it\\\/software-disinfestazioni\\\/groundskeeper-pro-recensione\\\/#primaryimage\",\"url\":\"https:\\\/\\\/www.accuratereviews.com\\\/wp-content\\\/uploads\\\/2021\\\/04\\\/groundskeeper-pro.jpg\",\"contentUrl\":\"https:\\\/\\\/www.accuratereviews.com\\\/wp-content\\\/uploads\\\/2021\\\/04\\\/groundskeeper-pro.jpg\",\"width\":600,\"height\":315},{\"@type\":\"BreadcrumbList\",\"@id\":\"https:\\\/\\\/www.accuratereviews.com\\\/it\\\/software-disinfestazioni\\\/groundskeeper-pro-recensione\\\/#breadcrumb\",\"itemListElement\":[{\"@type\":\"ListItem\",\"position\":1,\"name\":\"Home\",\"item\":\"https:\\\/\\\/www.accuratereviews.com\\\/it\\\/\"},{\"@type\":\"ListItem\",\"position\":2,\"name\":\"Software per le disinfestazioni\",\"item\":\"https:\\\/\\\/www.accuratereviews.com\\\/it\\\/software-disinfestazioni\\\/\"},{\"@type\":\"ListItem\",\"position\":3,\"name\":\"Groundskeeper Pro\"}]},{\"@type\":\"WebSite\",\"@id\":\"https:\\\/\\\/www.accuratereviews.com\\\/it\\\/#website\",\"url\":\"https:\\\/\\\/www.accuratereviews.com\\\/it\\\/\",\"name\":\"Accurate Reviews\",\"description\":\"\",\"potentialAction\":[{\"@type\":\"SearchAction\",\"target\":{\"@type\":\"EntryPoint\",\"urlTemplate\":\"https:\\\/\\\/www.accuratereviews.com\\\/it\\\/?s={search_term_string}\"},\"query-input\":{\"@type\":\"PropertyValueSpecification\",\"valueRequired\":true,\"valueName\":\"search_term_string\"}}],\"inLanguage\":\"it-IT\"}]}<\/script>\n<!-- \/ Yoast SEO plugin. -->","yoast_head_json":{"title":"Groundskeeper Pro: recensione per disinfestazione - Accurate Reviews","description":"Groundskeeper Pro: recensione software per la cura del prato e la disinfestazione in loco su misura per le piccole e medie imprese.","robots":{"index":"index","follow":"follow","max-snippet":"max-snippet:-1","max-image-preview":"max-image-preview:large","max-video-preview":"max-video-preview:-1"},"canonical":"https:\/\/www.accuratereviews.com\/it\/software-disinfestazioni\/groundskeeper-pro-recensione\/","og_locale":"it_IT","og_type":"article","og_title":"Groundskeeper Pro: recensione per disinfestazione - Accurate Reviews","og_description":"Groundskeeper Pro: recensione software per la cura del prato e la disinfestazione in loco su misura per le piccole e medie imprese.","og_url":"https:\/\/www.accuratereviews.com\/it\/software-disinfestazioni\/groundskeeper-pro-recensione\/","og_site_name":"Accurate Reviews","article_modified_time":"2021-04-29T07:37:15+00:00","og_image":[{"width":600,"height":315,"url":"https:\/\/www.accuratereviews.com\/wp-content\/uploads\/2021\/04\/groundskeeper-pro.jpg","type":"image\/jpeg"}],"twitter_card":"summary_large_image","twitter_misc":{"Tempo di lettura stimato":"3 minuti"},"schema":{"@context":"https:\/\/schema.org","@graph":[{"@type":"WebPage","@id":"https:\/\/www.accuratereviews.com\/it\/software-disinfestazioni\/groundskeeper-pro-recensione\/","url":"https:\/\/www.accuratereviews.com\/it\/software-disinfestazioni\/groundskeeper-pro-recensione\/","name":"Groundskeeper Pro: recensione per disinfestazione - Accurate Reviews","isPartOf":{"@id":"https:\/\/www.accuratereviews.com\/it\/#website"},"primaryImageOfPage":{"@id":"https:\/\/www.accuratereviews.com\/it\/software-disinfestazioni\/groundskeeper-pro-recensione\/#primaryimage"},"image":{"@id":"https:\/\/www.accuratereviews.com\/it\/software-disinfestazioni\/groundskeeper-pro-recensione\/#primaryimage"},"thumbnailUrl":"https:\/\/www.accuratereviews.com\/wp-content\/uploads\/2021\/04\/groundskeeper-pro.jpg","datePublished":"2021-04-28T11:06:32+00:00","dateModified":"2021-04-29T07:37:15+00:00","description":"Groundskeeper Pro: recensione software per la cura del prato e la disinfestazione in loco su misura per le piccole e medie imprese.","breadcrumb":{"@id":"https:\/\/www.accuratereviews.com\/it\/software-disinfestazioni\/groundskeeper-pro-recensione\/#breadcrumb"},"inLanguage":"it-IT","potentialAction":[{"@type":"ReadAction","target":["https:\/\/www.accuratereviews.com\/it\/software-disinfestazioni\/groundskeeper-pro-recensione\/"]}]},{"@type":"ImageObject","inLanguage":"it-IT","@id":"https:\/\/www.accuratereviews.com\/it\/software-disinfestazioni\/groundskeeper-pro-recensione\/#primaryimage","url":"https:\/\/www.accuratereviews.com\/wp-content\/uploads\/2021\/04\/groundskeeper-pro.jpg","contentUrl":"https:\/\/www.accuratereviews.com\/wp-content\/uploads\/2021\/04\/groundskeeper-pro.jpg","width":600,"height":315},{"@type":"BreadcrumbList","@id":"https:\/\/www.accuratereviews.com\/it\/software-disinfestazioni\/groundskeeper-pro-recensione\/#breadcrumb","itemListElement":[{"@type":"ListItem","position":1,"name":"Home","item":"https:\/\/www.accuratereviews.com\/it\/"},{"@type":"ListItem","position":2,"name":"Software per le disinfestazioni","item":"https:\/\/www.accuratereviews.com\/it\/software-disinfestazioni\/"},{"@type":"ListItem","position":3,"name":"Groundskeeper Pro"}]},{"@type":"WebSite","@id":"https:\/\/www.accuratereviews.com\/it\/#website","url":"https:\/\/www.accuratereviews.com\/it\/","name":"Accurate Reviews","description":"","potentialAction":[{"@type":"SearchAction","target":{"@type":"EntryPoint","urlTemplate":"https:\/\/www.accuratereviews.com\/it\/?s={search_term_string}"},"query-input":{"@type":"PropertyValueSpecification","valueRequired":true,"valueName":"search_term_string"}}],"inLanguage":"it-IT"}]}},"_links":{"self":[{"href":"https:\/\/www.accuratereviews.com\/it\/wp-json\/wp\/v2\/pages\/41224","targetHints":{"allow":["GET"]}}],"collection":[{"href":"https:\/\/www.accuratereviews.com\/it\/wp-json\/wp\/v2\/pages"}],"about":[{"href":"https:\/\/www.accuratereviews.com\/it\/wp-json\/wp\/v2\/types\/page"}],"author":[{"embeddable":true,"href":"https:\/\/www.accuratereviews.com\/it\/wp-json\/wp\/v2\/users\/16"}],"replies":[{"embeddable":true,"href":"https:\/\/www.accuratereviews.com\/it\/wp-json\/wp\/v2\/comments?post=41224"}],"version-history":[{"count":9,"href":"https:\/\/www.accuratereviews.com\/it\/wp-json\/wp\/v2\/pages\/41224\/revisions"}],"predecessor-version":[{"id":41323,"href":"https:\/\/www.accuratereviews.com\/it\/wp-json\/wp\/v2\/pages\/41224\/revisions\/41323"}],"up":[{"embeddable":true,"href":"https:\/\/www.accuratereviews.com\/it\/wp-json\/wp\/v2\/pages\/39847"}],"wp:featuredmedia":[{"embeddable":true,"href":"https:\/\/www.accuratereviews.com\/it\/wp-json\/wp\/v2\/media\/41225"}],"wp:attachment":[{"href":"https:\/\/www.accuratereviews.com\/it\/wp-json\/wp\/v2\/media?parent=41224"}],"wp:term":[{"taxonomy":"category","embeddable":true,"href":"https:\/\/www.accuratereviews.com\/it\/wp-json\/wp\/v2\/categories?post=41224"},{"taxonomy":"post_tag","embeddable":true,"href":"https:\/\/www.accuratereviews.com\/it\/wp-json\/wp\/v2\/tags?post=41224"},{"taxonomy":"features","embeddable":true,"href":"https:\/\/www.accuratereviews.com\/it\/wp-json\/wp\/v2\/features?post=41224"}],"curies":[{"name":"wp","href":"https:\/\/api.w.org\/{rel}","templated":true}]}}