{"id":41319,"date":"2021-04-30T05:57:41","date_gmt":"2021-04-30T05:57:41","guid":{"rendered":"https:\/\/www.accuratereviews.com\/?page_id=41319"},"modified":"2021-05-21T14:59:10","modified_gmt":"2021-05-21T14:59:10","slug":"the-mortgage-office-recensione","status":"publish","type":"page","link":"https:\/\/www.accuratereviews.com\/it\/software-erogazione-prestiti\/the-mortgage-office-recensione\/","title":{"rendered":"The Mortgage Office"},"content":{"rendered":"<p><strong>The Mortgage Office<\/strong>, sviluppato da Applied Business Software, \u00e8 un programma integrato per la<strong> gestione di mutui e prestiti<\/strong> per aziende di tutte le dimensioni. La soluzione comprende pi\u00f9 moduli per la creazione e il controllo dei prestiti, la contabilit\u00e0 fiduciaria, l&#8217;amministrazione dell&#8217;impegno e offre moduli aggiuntivi per la gestione dei tassi ipotecari, la segnalazione del credito e altro ancora. Il modulo di creazione di prestiti \u00e8 adatto per prestiti finanziati da istituti di credito privati \u200b\u200be aiuta a preparare i documenti per garantire che i clienti possano chiudere pi\u00f9 prestiti in meno tempo con documenti accurati. Il modulo di servizio di prestito aiuta a monitorare con precisione le spese di prestito, elaborare i pagamenti con molte opzioni flessibili e scaricare gli ultimi valori dell&#8217;indice ARM direttamente nel sistema.<\/p>\n<h2>THE MORTGAGE OFFICE &#8211; TUTORIAL<\/h2>\n<p>Ecco un video in cui illustra i benefici di usare questo <strong>software per l&#8217;erogazione di prestiti<\/strong>:<\/p>\n<div id=\"fluid-wrapper-counter-1\" class=\"g1-fluid-wrapper \" style=\"width:686px;\">\n<div style=\"padding-bottom:56.268221574344%;\"><iframe loading=\"lazy\" title=\"The Mortgage Office - Loan Servicing Software\" width=\"686\" height=\"386\" src=\"https:\/\/www.youtube.com\/embed\/t1QKhKffrVk?feature=oembed&amp;wmode=transparent&amp;autohide=1&amp;autoplay=0&amp;disablekb=0&amp;fs=1&amp;loop=0&amp;enablejsapi=1&amp;rel=0&amp;controls=2&amp;showinfo=0&amp;wmode=transparent&amp;autohide=2&amp;autoplay=0&amp;disablekb=0&amp;fs=1&amp;loop=0&amp;enablejsapi=1&amp;rel=0&amp;controls=2&amp;showinfo=1\" frameborder=\"0\" allow=\"accelerometer; autoplay; clipboard-write; encrypted-media; gyroscope; picture-in-picture\" allowfullscreen><\/iframe><\/div>\n<\/div>\n<h3>THE MORTGAGE OFFICE &#8211; CARATTERISTICHE<\/h3>\n<ul>\n<li><strong>Flessibile<\/strong>: gestisci prestiti di solo interesse semplici o prestiti commerciali complessi. Questo software \u00e8 oggi il pi\u00f9 flessibile del settore<\/li>\n<li><strong>Facile da usare<\/strong>: invia facilmente tramite email estratti conto, scansiona documenti ed esegui molte funzioni con un semplice clic<\/li>\n<li><strong>Maggiore produttivit\u00e0 e precisione<\/strong>: automatizza e semplifica il processo di assistenza dei prestiti in modo che la tua attivit\u00e0 possa essere eseguita in modo pi\u00f9 efficiente<\/li>\n<li><strong>Abilit\u00e0 di report e previsioni migliorate<\/strong>: produci report dettagliati per la direzione e gli investitori che possono essere forniti giornalmente, settimanalmente o mensilmente. Scegli tra centinaia di rapporti integrati o creane uno tuo<\/li>\n<li><strong>Conformit\u00e0 federale e locale<\/strong>: goditi la tranquillit\u00e0 durante gli audit sapendo che stai rispettando le normative<\/li>\n<li><strong>Scalabilit\u00e0<\/strong>: acquista solo ci\u00f2 di cui hai bisogno. Man mano che la tua attivit\u00e0 e i tuoi servizi crescono il software crescere con te, rendendolo un investimento che ti servir\u00e0 per la vita della tua attivit\u00e0<\/li>\n<li><strong>Supporto software live<\/strong>: assistenza e supporto personalizzati da parte di esperti del settore<\/li>\n<li><strong>Integrazione con Quickbooks<\/strong>: elimina le perdite di tempo, gli sforzi e gli errori<\/li>\n<li><strong>Messaggistica<\/strong>: avvisa quando i pagamenti vengono effettuati, quando vengono inviati gli estratti conto, vengono effettuati depositi ACH, addebiti ACH imminenti (AutoPay) e molto altro<\/li>\n<li><strong>Pagamenti online<\/strong>: elabora pagamenti in tempo reale con carta di credito ed EFT attraverso tutte le schermate di immissione dei pagamenti<\/li>\n<li><strong>Firma elettronica<\/strong>: invia i tuoi documenti per la firma elettronica direttamente dall&#8217;ufficio mutui<\/li>\n<li><strong>Tasso predefinito<\/strong>: gestisci facilmente prestiti con parametri e condizioni di interessi di mora.<\/li>\n<\/ul>\n<h4>LE RECENSIONI DEGLI UTENTI<\/h4>\n<p class=\"font-weight-bold mb-1 d-flex align-items-center\"><strong>Audrey M.&#8221;Nessun software \u00e8 perfetto &#8230; ma questo \u00e8 abbastanza vicino &#8230; e l&#8217;assistenza clienti \u00e8 di prim&#8217;ordine!&#8221;<\/strong><\/p>\n<p><strong>Commenti: <\/strong>Abbiamo avuto un enorme risparmio di tempo utilizzando The Mortgage Office. Il file ACH viene generato automaticamente con un clic di un pulsante. L&#8217;inserimento del pagamento del prestito \u00e8 semplice. I rapporti mensili ai nostri istituti di credito vengono generati e inviati tramite email direttamente dal sistema. In passato dovevamo scansionare i rapporti e inviarli tramite posta elettronica alle persone giuste utilizzando il nostro vecchio sistema.<\/p>\n<p><strong>Pro: <\/strong>Il software rende l&#8217;applicazione dei pagamenti del prestito un gioco da ragazzi. Utilizziamo ACH Express per rimettere i pagamenti mensili ai nostri istituti di credito. Questo processo \u00e8 relativamente facile. La creazione automatica del file NACHA da parte del sistema ci ha fatto risparmiare cos\u00ec tanto tempo. Prima dovevamo caricare manualmente quelle informazioni, aprendoci all&#8217;errore umano.<\/p>\n<p><strong>Contro: <\/strong>Gli elementi cliccabili sul lato sinistro della schermata iniziale sono un po &#8216;goffi. Tendiamo a utilizzare maggiormente Attivit\u00e0 e rapporti e a volte ho difficolt\u00e0 a trovarlo perch\u00e9 \u00e8 in fondo alla lista e non si distingue.<\/p>\n<p class=\"font-weight-bold mb-1 d-flex align-items-center\"><strong>Amy S.&#8221;Facilit\u00e0 d&#8217;uso per la manutenzione dei prestiti residenziali&#8221;<\/strong><\/p>\n<p><strong>Commenti: <\/strong>Negli ultimi 13 anni abbiamo ampliato la nostra attivit\u00e0 con The Mortgage Office. Apprezzo il team di supporto quando abbiamo domande o problemi. Godiamo del servizio di stampa e posta per gli anni 1999\/1998. La funzionalit\u00e0 Lettere e rapporti personalizzati che utilizza le funzionalit\u00e0 di stampa unione di Word.<\/p>\n<p><strong>Pro: <\/strong>Dalla creazione di un prestito all&#8217;applicazione dei pagamenti e all&#8217;esecuzione dell&#8217;analisi dell&#8217;impegno. Il software \u00e8 ricco di funzionalit\u00e0: tassi di interesse regolabili collegati a WSJ: non \u00e8 un problema! Una delle migliori caratteristiche \u00e8 il portale sia per i finanziatori che per i proprietari di case. Anche i proprietari di abitazione possono effettuare i pagamenti online!<\/p>\n<p><strong>Contro: <\/strong>Vorrei poter aggiungere le informazioni sull&#8217;assicurazione sul portale. Il portale ha continuato ad espandersi negli ultimi anni. Mi piacciono molto le informazioni disponibili sul portale.<\/p>\n<p class=\"font-weight-bold mb-1 d-flex align-items-center\"><strong>Juanna H.&#8221;Funzionale&#8221;<\/strong><\/p>\n<p><strong>Commenti: <\/strong>Il team IT \u00e8 sempre disponibile per aiutare a risolvere i nostri problemi. Le spiegazioni sono semplici ed esaurienti. Adoriamo il team IT!<\/p>\n<p><strong>Pro: <\/strong>L&#8217;accessibilit\u00e0 per navigare tra i prestiti \u00e8 facile. \u00c8 semplice da capire e da cui imparare.<\/p>\n<p><strong>Contro: <\/strong>Ogni volta che c&#8217;\u00e8 un aggiornamento, vengono con molti glitch che ci impediscono di procedere con la nostra normale giornata lavorativa. Trascorriamo diverse ore con lo stupendo team IT.<\/p>\n","protected":false},"excerpt":{"rendered":"<p>The Mortgage Office\u00a0sviluppato da Applied Business Software \u00e8 un programma integrato per la gestione di mutui e prestiti per aziende di tutte le dimensioni. La soluzione comprende pi\u00f9 moduli per la creazione e il controllo dei prestiti, la contabilit\u00e0 fiduciaria, l&#8217;amministrazione dell&#8217;impegno e offre moduli aggiuntivi per la gestione dei tassi ipotecari, la segnalazione del credito e altro ancora.<\/p>\n","protected":false},"author":16,"featured_media":41345,"parent":41330,"menu_order":0,"comment_status":"open","ping_status":"closed","template":"g1_template_page_review_new.php","meta":{"_acf_changed":false,"cwp_meta_box_check":"Yes","cwp_rev_product_name":"","cwp_rev_product_image":"","wppr_links":[],"cwp_rev_price":"","wppr_options":[],"wppr_pros":[],"wppr_cons":[],"_monsterinsights_skip_tracking":false,"_monsterinsights_sitenote_active":false,"_monsterinsights_sitenote_note":"","_monsterinsights_sitenote_category":0,"footnotes":""},"categories":[5815],"tags":[5840,5839,5837,5838,5841],"features":[],"class_list":{"0":"post-41319","1":"page","2":"type-page","3":"status-publish","4":"has-post-thumbnail","6":"category-software-per-erogazione-prestiti-categoria","7":"tag-piattaforma-erogazione-prestiti","8":"tag-programma-erogazione-prestiti","9":"tag-software-erogazione-prestiti","10":"tag-soluzione-erogazione-prestiti","11":"tag-the-mortgage-office"},"wppr_data":{"cwp_meta_box_check":"Yes","cwp_rev_product_name":"","cwp_rev_product_image":"","cwp_image_link":"image","cwp_rev_price":"","wppr_rating":"0.00"},"acf":[],"yoast_head":"<!-- This site is optimized with the Yoast SEO plugin v27.4 - https:\/\/yoast.com\/product\/yoast-seo-wordpress\/ -->\n<title>The Mortgage Office: recensione software prestiti - Accurate Reviews<\/title>\n<meta name=\"description\" content=\"The Mortgage Office: recensione programma integrato per la gestione di mutui e prestiti per aziende di tutte le dimensioni.\" \/>\n<meta name=\"robots\" content=\"index, follow, max-snippet:-1, max-image-preview:large, max-video-preview:-1\" \/>\n<link rel=\"canonical\" href=\"https:\/\/www.accuratereviews.com\/it\/software-erogazione-prestiti\/the-mortgage-office-recensione\/\" \/>\n<meta property=\"og:locale\" content=\"it_IT\" \/>\n<meta property=\"og:type\" content=\"article\" \/>\n<meta property=\"og:title\" content=\"The Mortgage Office: recensione software prestiti - Accurate Reviews\" \/>\n<meta property=\"og:description\" content=\"The Mortgage Office: recensione programma integrato per la gestione di mutui e prestiti per aziende di tutte le dimensioni.\" \/>\n<meta property=\"og:url\" content=\"https:\/\/www.accuratereviews.com\/it\/software-erogazione-prestiti\/the-mortgage-office-recensione\/\" \/>\n<meta property=\"og:site_name\" content=\"Accurate Reviews\" \/>\n<meta property=\"article:modified_time\" content=\"2021-05-21T14:59:10+00:00\" \/>\n<meta property=\"og:image\" content=\"https:\/\/www.accuratereviews.com\/wp-content\/uploads\/2021\/04\/theMortgageOffice.jpg\" \/>\n\t<meta property=\"og:image:width\" content=\"1172\" \/>\n\t<meta property=\"og:image:height\" content=\"614\" \/>\n\t<meta property=\"og:image:type\" content=\"image\/jpeg\" \/>\n<meta name=\"twitter:card\" content=\"summary_large_image\" \/>\n<meta name=\"twitter:label1\" content=\"Tempo di lettura stimato\" \/>\n\t<meta name=\"twitter:data1\" content=\"4 minuti\" \/>\n<script type=\"application\/ld+json\" class=\"yoast-schema-graph\">{\"@context\":\"https:\\\/\\\/schema.org\",\"@graph\":[{\"@type\":\"WebPage\",\"@id\":\"https:\\\/\\\/www.accuratereviews.com\\\/it\\\/software-erogazione-prestiti\\\/the-mortgage-office-recensione\\\/\",\"url\":\"https:\\\/\\\/www.accuratereviews.com\\\/it\\\/software-erogazione-prestiti\\\/the-mortgage-office-recensione\\\/\",\"name\":\"The Mortgage Office: recensione software prestiti - Accurate Reviews\",\"isPartOf\":{\"@id\":\"https:\\\/\\\/www.accuratereviews.com\\\/it\\\/#website\"},\"primaryImageOfPage\":{\"@id\":\"https:\\\/\\\/www.accuratereviews.com\\\/it\\\/software-erogazione-prestiti\\\/the-mortgage-office-recensione\\\/#primaryimage\"},\"image\":{\"@id\":\"https:\\\/\\\/www.accuratereviews.com\\\/it\\\/software-erogazione-prestiti\\\/the-mortgage-office-recensione\\\/#primaryimage\"},\"thumbnailUrl\":\"https:\\\/\\\/www.accuratereviews.com\\\/wp-content\\\/uploads\\\/2021\\\/04\\\/theMortgageOffice.jpg\",\"datePublished\":\"2021-04-30T05:57:41+00:00\",\"dateModified\":\"2021-05-21T14:59:10+00:00\",\"description\":\"The Mortgage Office: recensione programma integrato per la gestione di mutui e prestiti per aziende di tutte le dimensioni.\",\"breadcrumb\":{\"@id\":\"https:\\\/\\\/www.accuratereviews.com\\\/it\\\/software-erogazione-prestiti\\\/the-mortgage-office-recensione\\\/#breadcrumb\"},\"inLanguage\":\"it-IT\",\"potentialAction\":[{\"@type\":\"ReadAction\",\"target\":[\"https:\\\/\\\/www.accuratereviews.com\\\/it\\\/software-erogazione-prestiti\\\/the-mortgage-office-recensione\\\/\"]}]},{\"@type\":\"ImageObject\",\"inLanguage\":\"it-IT\",\"@id\":\"https:\\\/\\\/www.accuratereviews.com\\\/it\\\/software-erogazione-prestiti\\\/the-mortgage-office-recensione\\\/#primaryimage\",\"url\":\"https:\\\/\\\/www.accuratereviews.com\\\/wp-content\\\/uploads\\\/2021\\\/04\\\/theMortgageOffice.jpg\",\"contentUrl\":\"https:\\\/\\\/www.accuratereviews.com\\\/wp-content\\\/uploads\\\/2021\\\/04\\\/theMortgageOffice.jpg\",\"width\":1172,\"height\":614,\"caption\":\"The Mortgage Office\"},{\"@type\":\"BreadcrumbList\",\"@id\":\"https:\\\/\\\/www.accuratereviews.com\\\/it\\\/software-erogazione-prestiti\\\/the-mortgage-office-recensione\\\/#breadcrumb\",\"itemListElement\":[{\"@type\":\"ListItem\",\"position\":1,\"name\":\"Home\",\"item\":\"https:\\\/\\\/www.accuratereviews.com\\\/it\\\/\"},{\"@type\":\"ListItem\",\"position\":2,\"name\":\"Software per l&#8217;erogazione dei prestiti\",\"item\":\"https:\\\/\\\/www.accuratereviews.com\\\/it\\\/software-erogazione-prestiti\\\/\"},{\"@type\":\"ListItem\",\"position\":3,\"name\":\"The Mortgage Office\"}]},{\"@type\":\"WebSite\",\"@id\":\"https:\\\/\\\/www.accuratereviews.com\\\/it\\\/#website\",\"url\":\"https:\\\/\\\/www.accuratereviews.com\\\/it\\\/\",\"name\":\"Accurate Reviews\",\"description\":\"\",\"potentialAction\":[{\"@type\":\"SearchAction\",\"target\":{\"@type\":\"EntryPoint\",\"urlTemplate\":\"https:\\\/\\\/www.accuratereviews.com\\\/it\\\/?s={search_term_string}\"},\"query-input\":{\"@type\":\"PropertyValueSpecification\",\"valueRequired\":true,\"valueName\":\"search_term_string\"}}],\"inLanguage\":\"it-IT\"}]}<\/script>\n<!-- \/ Yoast SEO plugin. -->","yoast_head_json":{"title":"The Mortgage Office: recensione software prestiti - Accurate Reviews","description":"The Mortgage Office: recensione programma integrato per la gestione di mutui e prestiti per aziende di tutte le dimensioni.","robots":{"index":"index","follow":"follow","max-snippet":"max-snippet:-1","max-image-preview":"max-image-preview:large","max-video-preview":"max-video-preview:-1"},"canonical":"https:\/\/www.accuratereviews.com\/it\/software-erogazione-prestiti\/the-mortgage-office-recensione\/","og_locale":"it_IT","og_type":"article","og_title":"The Mortgage Office: recensione software prestiti - Accurate Reviews","og_description":"The Mortgage Office: recensione programma integrato per la gestione di mutui e prestiti per aziende di tutte le dimensioni.","og_url":"https:\/\/www.accuratereviews.com\/it\/software-erogazione-prestiti\/the-mortgage-office-recensione\/","og_site_name":"Accurate Reviews","article_modified_time":"2021-05-21T14:59:10+00:00","og_image":[{"width":1172,"height":614,"url":"https:\/\/www.accuratereviews.com\/wp-content\/uploads\/2021\/04\/theMortgageOffice.jpg","type":"image\/jpeg"}],"twitter_card":"summary_large_image","twitter_misc":{"Tempo di lettura stimato":"4 minuti"},"schema":{"@context":"https:\/\/schema.org","@graph":[{"@type":"WebPage","@id":"https:\/\/www.accuratereviews.com\/it\/software-erogazione-prestiti\/the-mortgage-office-recensione\/","url":"https:\/\/www.accuratereviews.com\/it\/software-erogazione-prestiti\/the-mortgage-office-recensione\/","name":"The Mortgage Office: recensione software prestiti - Accurate Reviews","isPartOf":{"@id":"https:\/\/www.accuratereviews.com\/it\/#website"},"primaryImageOfPage":{"@id":"https:\/\/www.accuratereviews.com\/it\/software-erogazione-prestiti\/the-mortgage-office-recensione\/#primaryimage"},"image":{"@id":"https:\/\/www.accuratereviews.com\/it\/software-erogazione-prestiti\/the-mortgage-office-recensione\/#primaryimage"},"thumbnailUrl":"https:\/\/www.accuratereviews.com\/wp-content\/uploads\/2021\/04\/theMortgageOffice.jpg","datePublished":"2021-04-30T05:57:41+00:00","dateModified":"2021-05-21T14:59:10+00:00","description":"The Mortgage Office: recensione programma integrato per la gestione di mutui e prestiti per aziende di tutte le dimensioni.","breadcrumb":{"@id":"https:\/\/www.accuratereviews.com\/it\/software-erogazione-prestiti\/the-mortgage-office-recensione\/#breadcrumb"},"inLanguage":"it-IT","potentialAction":[{"@type":"ReadAction","target":["https:\/\/www.accuratereviews.com\/it\/software-erogazione-prestiti\/the-mortgage-office-recensione\/"]}]},{"@type":"ImageObject","inLanguage":"it-IT","@id":"https:\/\/www.accuratereviews.com\/it\/software-erogazione-prestiti\/the-mortgage-office-recensione\/#primaryimage","url":"https:\/\/www.accuratereviews.com\/wp-content\/uploads\/2021\/04\/theMortgageOffice.jpg","contentUrl":"https:\/\/www.accuratereviews.com\/wp-content\/uploads\/2021\/04\/theMortgageOffice.jpg","width":1172,"height":614,"caption":"The Mortgage Office"},{"@type":"BreadcrumbList","@id":"https:\/\/www.accuratereviews.com\/it\/software-erogazione-prestiti\/the-mortgage-office-recensione\/#breadcrumb","itemListElement":[{"@type":"ListItem","position":1,"name":"Home","item":"https:\/\/www.accuratereviews.com\/it\/"},{"@type":"ListItem","position":2,"name":"Software per l&#8217;erogazione dei prestiti","item":"https:\/\/www.accuratereviews.com\/it\/software-erogazione-prestiti\/"},{"@type":"ListItem","position":3,"name":"The Mortgage Office"}]},{"@type":"WebSite","@id":"https:\/\/www.accuratereviews.com\/it\/#website","url":"https:\/\/www.accuratereviews.com\/it\/","name":"Accurate Reviews","description":"","potentialAction":[{"@type":"SearchAction","target":{"@type":"EntryPoint","urlTemplate":"https:\/\/www.accuratereviews.com\/it\/?s={search_term_string}"},"query-input":{"@type":"PropertyValueSpecification","valueRequired":true,"valueName":"search_term_string"}}],"inLanguage":"it-IT"}]}},"_links":{"self":[{"href":"https:\/\/www.accuratereviews.com\/it\/wp-json\/wp\/v2\/pages\/41319","targetHints":{"allow":["GET"]}}],"collection":[{"href":"https:\/\/www.accuratereviews.com\/it\/wp-json\/wp\/v2\/pages"}],"about":[{"href":"https:\/\/www.accuratereviews.com\/it\/wp-json\/wp\/v2\/types\/page"}],"author":[{"embeddable":true,"href":"https:\/\/www.accuratereviews.com\/it\/wp-json\/wp\/v2\/users\/16"}],"replies":[{"embeddable":true,"href":"https:\/\/www.accuratereviews.com\/it\/wp-json\/wp\/v2\/comments?post=41319"}],"version-history":[{"count":14,"href":"https:\/\/www.accuratereviews.com\/it\/wp-json\/wp\/v2\/pages\/41319\/revisions"}],"predecessor-version":[{"id":43167,"href":"https:\/\/www.accuratereviews.com\/it\/wp-json\/wp\/v2\/pages\/41319\/revisions\/43167"}],"up":[{"embeddable":true,"href":"https:\/\/www.accuratereviews.com\/it\/wp-json\/wp\/v2\/pages\/41330"}],"wp:featuredmedia":[{"embeddable":true,"href":"https:\/\/www.accuratereviews.com\/it\/wp-json\/wp\/v2\/media\/41345"}],"wp:attachment":[{"href":"https:\/\/www.accuratereviews.com\/it\/wp-json\/wp\/v2\/media?parent=41319"}],"wp:term":[{"taxonomy":"category","embeddable":true,"href":"https:\/\/www.accuratereviews.com\/it\/wp-json\/wp\/v2\/categories?post=41319"},{"taxonomy":"post_tag","embeddable":true,"href":"https:\/\/www.accuratereviews.com\/it\/wp-json\/wp\/v2\/tags?post=41319"},{"taxonomy":"features","embeddable":true,"href":"https:\/\/www.accuratereviews.com\/it\/wp-json\/wp\/v2\/features?post=41319"}],"curies":[{"name":"wp","href":"https:\/\/api.w.org\/{rel}","templated":true}]}}