{"id":41372,"date":"2021-04-30T05:52:20","date_gmt":"2021-04-30T05:52:20","guid":{"rendered":"https:\/\/www.accuratereviews.com\/?page_id=41372"},"modified":"2021-05-21T15:00:34","modified_gmt":"2021-05-21T15:00:34","slug":"abcoa-deal-pack-recensione","status":"publish","type":"page","link":"https:\/\/www.accuratereviews.com\/it\/software-erogazione-prestiti\/abcoa-deal-pack-recensione\/","title":{"rendered":"Abcoa Deal Pack"},"content":{"rendered":"<p><strong>Abcoa Deal Pack<\/strong> \u00e8 una <strong>soluzione di gestione aziendale<\/strong> che aiuta i concessionari automobilistici e le aziende finanziarie a gestire lead, finanziamenti, campagne, flussi di lavoro, pagamenti, reclami e altro su una piattaforma centralizzata. La funzionalit\u00e0 di contabilit\u00e0 incorporata consente ai membri del personale di gestire bilanci, conti economici, flussi di cassa, bilanci di verifica e contabilit\u00e0 generale. Il software\u00a0consente ai membri del team di conservare i record dell&#8217;inventario con dettagli, come la cronologia delle riparazioni, il modello, il colore, la marca, la data di stock, l&#8217;ubicazione, il prezzo al dettaglio e altre informazioni rilevanti. Consente ai dipendenti di gestire la <strong>manutenzione dei prestiti<\/strong>, le fatture di riparazione, l&#8217;assicurazione, le ricevute di pagamento e gli incarichi di riscossione. Inoltre, il modulo leasing consente ai supervisori di monitorare gli acquisti di leasing, i resi, l&#8217;ammortamento dei beni e l&#8217;allocazione delle imposte sulle vendite.<\/p>\n<h2>ABCOA DEAL PACK &#8211; TUTORIAL<\/h2>\n<p>Ecco un tutorial che presenta questo <strong>software di erogazione di prestiti<\/strong>:<\/p>\n<div id=\"fluid-wrapper-counter-1\" class=\"g1-fluid-wrapper \" style=\"width:686px;\">\n<div style=\"padding-bottom:56.268221574344%;\"><iframe loading=\"lazy\" title=\"ABCoA\" width=\"686\" height=\"386\" src=\"https:\/\/www.youtube.com\/embed\/-87_Fdw7bXg?feature=oembed&amp;wmode=transparent&amp;autohide=1&amp;autoplay=0&amp;disablekb=0&amp;fs=1&amp;loop=0&amp;enablejsapi=1&amp;rel=0&amp;controls=2&amp;showinfo=0&amp;wmode=transparent&amp;autohide=2&amp;autoplay=0&amp;disablekb=0&amp;fs=1&amp;loop=0&amp;enablejsapi=1&amp;rel=0&amp;controls=2&amp;showinfo=1\" frameborder=\"0\" allow=\"accelerometer; autoplay; clipboard-write; encrypted-media; gyroscope; picture-in-picture\" allowfullscreen><\/iframe><\/div>\n<\/div>\n<h3>ABCOA DEAL PACK &#8211; CARATTERISTICHE<\/h3>\n<ul>\n<li><strong>Lead Management:<\/strong> ricevi lead da qualsiasi fonte. Assegnali automaticamente ai tuoi rappresentanti di vendita. Tieni traccia di tutta l&#8217;attivit\u00e0 del rappresentante di vendita e del ROI. Le dashboard in tempo reale tengono traccia delle metriche delle prestazioni chiave. Cattura i veicoli e la lista dei desideri interessati del tuo cliente. Automatizza l&#8217;interazione con i clienti con flussi di lavoro personalizzati. Gestisci la conformit\u00e0 per la tua base di clienti. Ricevi notifiche per appuntamenti, potenziali clienti e altro ancora<\/li>\n<li><strong>Contabilit\u00e0<\/strong>: completamente automatizzato e integrato in modo da poter stampare lo stato patrimoniale, il conto economico, il rendiconto finanziario, il bilancio di verifica e il piano dei conti in tempo reale per monitorare i dati finanziari<\/li>\n<li><strong>Gestione dei reclami<\/strong>: identifica le aree vitali per il miglioramento del servizio. Migliora la comunicazione con i clienti e fidelizzali<\/li>\n<li><strong>Report:<\/strong> centinaia di report, esportazione diretta su Excel. Utilizzando DMS Dashboard, i report critici e i rendiconti finanziari vengono archiviati automaticamente, fornendo agli utenti un backup basato su cloud gratuito<\/li>\n<li><strong>Email e messaggi di testo<\/strong>: invia messaggi di testo (SMS) ed email in blocco. Invia messaggi di testo con immagini del veicolo (MMS) e relativi media. Crea modelli di email e SMS personalizzati. Accedi a una libreria di email e modelli SMS stagionali e per occasioni speciali. Automatizza promemoria di pagamento e di scadenza assicurativa e altri modelli personalizzati<\/li>\n<li><strong>Processo di pagamento<\/strong>: la piattaforma di pagamento eAP gestisce l&#8217;elaborazione dei pagamenti con ACH e carta di credito completamente integrata tramite telefono-in, walk-in, ricorrente, portale online, IVR e AutoIVR. eAP invia anche messaggi di testo automatici e promemoria di pagamento tramite posta elettronica.<\/li>\n<\/ul>\n<h4>LE RECENSIONI DEGLI UTENTI<\/h4>\n<p class=\"font-weight-bold mb-1 d-flex align-items-center\"><strong>Todd W.&#8221;Dealpack&#8221;<\/strong><\/p>\n<p><strong>Commenti: <\/strong>La nostra capacit\u00e0 di separare completamente il nostro lato finanziario da quello delle vendite, pur integrandoli, \u00e8 stato magnifico<\/p>\n<p><strong>Pro: <\/strong>I processi ponderati dietro il software sono molto approfonditi. Puoi immergerti quanto vuoi e non trovare mai veramente il fondo delle capacit\u00e0 del prodotto<\/p>\n<p><strong>Contro: <\/strong>La combinazione di vendite e contabilit\u00e0 pu\u00f2 creare un processo da 2 a 3 a volte lunghe per attivit\u00e0 apparentemente semplici che possono impantanare un utente non familiare o paziente nei i processi necessari del sistema.<\/p>\n<p class=\"font-weight-bold mb-1 d-flex align-items-center\"><strong>Vicky B.&#8221;Il miglior software che conosciamo !!&#8221;<\/strong><\/p>\n<p><strong>Commenti: <\/strong>5 stelle!<\/p>\n<p><strong>Pro: <\/strong>Posso accedervi online da qualsiasi luogo.\u00a0Quindi \u00e8 pi\u00f9 facile gestire e trovare le cose, non molte scorciatoie da ricordare &#8211; se voglio accettare un pagamento &#8211; devo solo andare a &#8220;pagamenti&#8221;.\u00a0Inoltre, il servizio clienti \u00e8 il migliore, cos\u00ec cordiale e aiuta cos\u00ec velocemente !!<\/p>\n<p><strong>Contro: <\/strong>Non penso che ci sia alcun problema o qualcosa che non ci piace &#8211; ricevono aggiornamenti sul prodotto ogni mese &#8211; e ascoltano e risolvono i nostri problemi se ne abbiamo.<\/p>\n<p class=\"font-weight-bold mb-1 d-flex align-items-center\"><strong>Kevin V.&#8221;Ottimo software con il miglior supporto della categoria.&#8221;<\/strong><\/p>\n<p><strong>Pro: <\/strong>Utilizziamo DealPack da circa 7 anni ed \u00e8 un ottimo software. Il motivo principale per cui l&#8217;abbiamo acquistato era per la contabilit\u00e0 completamente integrata. Il loro supporto \u00e8 stato costantemente eccellente per tutto il tempo in cui siamo stati clienti. Sono reattivi e seguono sempre. Il migliore che abbia mai visto. I rapporti sono molto personalizzabili e forniscono un&#8217;eccezionale flessibilit\u00e0.<\/p>\n<p><strong>Contro: <\/strong>La versione attuale ha cos\u00ec tante funzionalit\u00e0 che i flussi di lavoro possono sembrare un po &#8216;goffi.<\/p>\n","protected":false},"excerpt":{"rendered":"<p>Abcoa Deal Pack \u00e8 una soluzione di gestione aziendale che aiuta i concessionari automobilistici e le aziende finanziarie a gestire lead, finanziamenti, campagne, flussi di lavoro, pagamenti, reclami e altro su una piattaforma centralizzata. La funzionalit\u00e0 di contabilit\u00e0 incorporata consente ai membri del personale di gestire bilanci, conti economici, flussi di cassa, bilanci di verifica e contabilit\u00e0 generale.<\/p>\n","protected":false},"author":16,"featured_media":41376,"parent":41330,"menu_order":0,"comment_status":"open","ping_status":"closed","template":"g1_template_page_review_new.php","meta":{"_acf_changed":false,"cwp_meta_box_check":"No","cwp_rev_product_name":"","cwp_rev_product_image":"","wppr_links":[],"cwp_rev_price":"","wppr_options":[],"wppr_pros":[],"wppr_cons":[],"_monsterinsights_skip_tracking":false,"_monsterinsights_sitenote_active":false,"_monsterinsights_sitenote_note":"","_monsterinsights_sitenote_category":0,"footnotes":""},"categories":[5815],"tags":[5850,5848,5849,5820,5847],"features":[],"class_list":{"0":"post-41372","1":"page","2":"type-page","3":"status-publish","4":"has-post-thumbnail","6":"category-software-per-erogazione-prestiti-categoria","7":"tag-abcoa-deal-pack","8":"tag-piattaforma-per-erogazione-prestiti","9":"tag-programma-per-erogazione-prestiti","10":"tag-software-per-erogazione-prestiti","11":"tag-soluzione-per-erogazione-prestiti"},"wppr_data":{"cwp_meta_box_check":"No"},"acf":[],"yoast_head":"<!-- This site is optimized with the Yoast SEO plugin v27.4 - https:\/\/yoast.com\/product\/yoast-seo-wordpress\/ -->\n<title>Abcoa Deal Pack: recensione software prestiti - Accurate Reviews<\/title>\n<meta name=\"description\" content=\"Abcoa Deal Pack: recensione della soluzione di gestione aziendale sviluppata per concessionari automobilistici e aziende finanziarie.\" \/>\n<meta name=\"robots\" content=\"index, follow, max-snippet:-1, max-image-preview:large, max-video-preview:-1\" \/>\n<link rel=\"canonical\" href=\"https:\/\/www.accuratereviews.com\/it\/software-erogazione-prestiti\/abcoa-deal-pack-recensione\/\" \/>\n<meta property=\"og:locale\" content=\"it_IT\" \/>\n<meta property=\"og:type\" content=\"article\" \/>\n<meta property=\"og:title\" content=\"Abcoa Deal Pack: recensione software prestiti - Accurate Reviews\" \/>\n<meta property=\"og:description\" content=\"Abcoa Deal Pack: recensione della soluzione di gestione aziendale sviluppata per concessionari automobilistici e aziende finanziarie.\" \/>\n<meta property=\"og:url\" content=\"https:\/\/www.accuratereviews.com\/it\/software-erogazione-prestiti\/abcoa-deal-pack-recensione\/\" \/>\n<meta property=\"og:site_name\" content=\"Accurate Reviews\" \/>\n<meta property=\"article:modified_time\" content=\"2021-05-21T15:00:34+00:00\" \/>\n<meta property=\"og:image\" content=\"https:\/\/www.accuratereviews.com\/wp-content\/uploads\/2021\/04\/abcoa_dealpack_Logo.jpg\" \/>\n\t<meta property=\"og:image:width\" content=\"596\" \/>\n\t<meta property=\"og:image:height\" content=\"315\" \/>\n\t<meta property=\"og:image:type\" content=\"image\/jpeg\" \/>\n<meta name=\"twitter:card\" content=\"summary_large_image\" \/>\n<meta name=\"twitter:label1\" content=\"Tempo di lettura stimato\" \/>\n\t<meta name=\"twitter:data1\" content=\"4 minuti\" \/>\n<script type=\"application\/ld+json\" class=\"yoast-schema-graph\">{\"@context\":\"https:\\\/\\\/schema.org\",\"@graph\":[{\"@type\":\"WebPage\",\"@id\":\"https:\\\/\\\/www.accuratereviews.com\\\/it\\\/software-erogazione-prestiti\\\/abcoa-deal-pack-recensione\\\/\",\"url\":\"https:\\\/\\\/www.accuratereviews.com\\\/it\\\/software-erogazione-prestiti\\\/abcoa-deal-pack-recensione\\\/\",\"name\":\"Abcoa Deal Pack: recensione software prestiti - Accurate Reviews\",\"isPartOf\":{\"@id\":\"https:\\\/\\\/www.accuratereviews.com\\\/it\\\/#website\"},\"primaryImageOfPage\":{\"@id\":\"https:\\\/\\\/www.accuratereviews.com\\\/it\\\/software-erogazione-prestiti\\\/abcoa-deal-pack-recensione\\\/#primaryimage\"},\"image\":{\"@id\":\"https:\\\/\\\/www.accuratereviews.com\\\/it\\\/software-erogazione-prestiti\\\/abcoa-deal-pack-recensione\\\/#primaryimage\"},\"thumbnailUrl\":\"https:\\\/\\\/www.accuratereviews.com\\\/wp-content\\\/uploads\\\/2021\\\/04\\\/abcoa_dealpack_Logo.jpg\",\"datePublished\":\"2021-04-30T05:52:20+00:00\",\"dateModified\":\"2021-05-21T15:00:34+00:00\",\"description\":\"Abcoa Deal Pack: recensione della soluzione di gestione aziendale sviluppata per concessionari automobilistici e aziende finanziarie.\",\"breadcrumb\":{\"@id\":\"https:\\\/\\\/www.accuratereviews.com\\\/it\\\/software-erogazione-prestiti\\\/abcoa-deal-pack-recensione\\\/#breadcrumb\"},\"inLanguage\":\"it-IT\",\"potentialAction\":[{\"@type\":\"ReadAction\",\"target\":[\"https:\\\/\\\/www.accuratereviews.com\\\/it\\\/software-erogazione-prestiti\\\/abcoa-deal-pack-recensione\\\/\"]}]},{\"@type\":\"ImageObject\",\"inLanguage\":\"it-IT\",\"@id\":\"https:\\\/\\\/www.accuratereviews.com\\\/it\\\/software-erogazione-prestiti\\\/abcoa-deal-pack-recensione\\\/#primaryimage\",\"url\":\"https:\\\/\\\/www.accuratereviews.com\\\/wp-content\\\/uploads\\\/2021\\\/04\\\/abcoa_dealpack_Logo.jpg\",\"contentUrl\":\"https:\\\/\\\/www.accuratereviews.com\\\/wp-content\\\/uploads\\\/2021\\\/04\\\/abcoa_dealpack_Logo.jpg\",\"width\":596,\"height\":315,\"caption\":\"Deal Pack Web is an all-in-one software handling every aspect of retail, BHPH, leasing, direct and indirect lending, and rentals with built-in accounting.\"},{\"@type\":\"BreadcrumbList\",\"@id\":\"https:\\\/\\\/www.accuratereviews.com\\\/it\\\/software-erogazione-prestiti\\\/abcoa-deal-pack-recensione\\\/#breadcrumb\",\"itemListElement\":[{\"@type\":\"ListItem\",\"position\":1,\"name\":\"Home\",\"item\":\"https:\\\/\\\/www.accuratereviews.com\\\/it\\\/\"},{\"@type\":\"ListItem\",\"position\":2,\"name\":\"Software per l&#8217;erogazione dei prestiti\",\"item\":\"https:\\\/\\\/www.accuratereviews.com\\\/it\\\/software-erogazione-prestiti\\\/\"},{\"@type\":\"ListItem\",\"position\":3,\"name\":\"Abcoa Deal Pack\"}]},{\"@type\":\"WebSite\",\"@id\":\"https:\\\/\\\/www.accuratereviews.com\\\/it\\\/#website\",\"url\":\"https:\\\/\\\/www.accuratereviews.com\\\/it\\\/\",\"name\":\"Accurate Reviews\",\"description\":\"\",\"potentialAction\":[{\"@type\":\"SearchAction\",\"target\":{\"@type\":\"EntryPoint\",\"urlTemplate\":\"https:\\\/\\\/www.accuratereviews.com\\\/it\\\/?s={search_term_string}\"},\"query-input\":{\"@type\":\"PropertyValueSpecification\",\"valueRequired\":true,\"valueName\":\"search_term_string\"}}],\"inLanguage\":\"it-IT\"}]}<\/script>\n<!-- \/ Yoast SEO plugin. -->","yoast_head_json":{"title":"Abcoa Deal Pack: recensione software prestiti - Accurate Reviews","description":"Abcoa Deal Pack: recensione della soluzione di gestione aziendale sviluppata per concessionari automobilistici e aziende finanziarie.","robots":{"index":"index","follow":"follow","max-snippet":"max-snippet:-1","max-image-preview":"max-image-preview:large","max-video-preview":"max-video-preview:-1"},"canonical":"https:\/\/www.accuratereviews.com\/it\/software-erogazione-prestiti\/abcoa-deal-pack-recensione\/","og_locale":"it_IT","og_type":"article","og_title":"Abcoa Deal Pack: recensione software prestiti - Accurate Reviews","og_description":"Abcoa Deal Pack: recensione della soluzione di gestione aziendale sviluppata per concessionari automobilistici e aziende finanziarie.","og_url":"https:\/\/www.accuratereviews.com\/it\/software-erogazione-prestiti\/abcoa-deal-pack-recensione\/","og_site_name":"Accurate Reviews","article_modified_time":"2021-05-21T15:00:34+00:00","og_image":[{"width":596,"height":315,"url":"https:\/\/www.accuratereviews.com\/wp-content\/uploads\/2021\/04\/abcoa_dealpack_Logo.jpg","type":"image\/jpeg"}],"twitter_card":"summary_large_image","twitter_misc":{"Tempo di lettura stimato":"4 minuti"},"schema":{"@context":"https:\/\/schema.org","@graph":[{"@type":"WebPage","@id":"https:\/\/www.accuratereviews.com\/it\/software-erogazione-prestiti\/abcoa-deal-pack-recensione\/","url":"https:\/\/www.accuratereviews.com\/it\/software-erogazione-prestiti\/abcoa-deal-pack-recensione\/","name":"Abcoa Deal Pack: recensione software prestiti - Accurate Reviews","isPartOf":{"@id":"https:\/\/www.accuratereviews.com\/it\/#website"},"primaryImageOfPage":{"@id":"https:\/\/www.accuratereviews.com\/it\/software-erogazione-prestiti\/abcoa-deal-pack-recensione\/#primaryimage"},"image":{"@id":"https:\/\/www.accuratereviews.com\/it\/software-erogazione-prestiti\/abcoa-deal-pack-recensione\/#primaryimage"},"thumbnailUrl":"https:\/\/www.accuratereviews.com\/wp-content\/uploads\/2021\/04\/abcoa_dealpack_Logo.jpg","datePublished":"2021-04-30T05:52:20+00:00","dateModified":"2021-05-21T15:00:34+00:00","description":"Abcoa Deal Pack: recensione della soluzione di gestione aziendale sviluppata per concessionari automobilistici e aziende finanziarie.","breadcrumb":{"@id":"https:\/\/www.accuratereviews.com\/it\/software-erogazione-prestiti\/abcoa-deal-pack-recensione\/#breadcrumb"},"inLanguage":"it-IT","potentialAction":[{"@type":"ReadAction","target":["https:\/\/www.accuratereviews.com\/it\/software-erogazione-prestiti\/abcoa-deal-pack-recensione\/"]}]},{"@type":"ImageObject","inLanguage":"it-IT","@id":"https:\/\/www.accuratereviews.com\/it\/software-erogazione-prestiti\/abcoa-deal-pack-recensione\/#primaryimage","url":"https:\/\/www.accuratereviews.com\/wp-content\/uploads\/2021\/04\/abcoa_dealpack_Logo.jpg","contentUrl":"https:\/\/www.accuratereviews.com\/wp-content\/uploads\/2021\/04\/abcoa_dealpack_Logo.jpg","width":596,"height":315,"caption":"Deal Pack Web is an all-in-one software handling every aspect of retail, BHPH, leasing, direct and indirect lending, and rentals with built-in accounting."},{"@type":"BreadcrumbList","@id":"https:\/\/www.accuratereviews.com\/it\/software-erogazione-prestiti\/abcoa-deal-pack-recensione\/#breadcrumb","itemListElement":[{"@type":"ListItem","position":1,"name":"Home","item":"https:\/\/www.accuratereviews.com\/it\/"},{"@type":"ListItem","position":2,"name":"Software per l&#8217;erogazione dei prestiti","item":"https:\/\/www.accuratereviews.com\/it\/software-erogazione-prestiti\/"},{"@type":"ListItem","position":3,"name":"Abcoa Deal Pack"}]},{"@type":"WebSite","@id":"https:\/\/www.accuratereviews.com\/it\/#website","url":"https:\/\/www.accuratereviews.com\/it\/","name":"Accurate Reviews","description":"","potentialAction":[{"@type":"SearchAction","target":{"@type":"EntryPoint","urlTemplate":"https:\/\/www.accuratereviews.com\/it\/?s={search_term_string}"},"query-input":{"@type":"PropertyValueSpecification","valueRequired":true,"valueName":"search_term_string"}}],"inLanguage":"it-IT"}]}},"_links":{"self":[{"href":"https:\/\/www.accuratereviews.com\/it\/wp-json\/wp\/v2\/pages\/41372","targetHints":{"allow":["GET"]}}],"collection":[{"href":"https:\/\/www.accuratereviews.com\/it\/wp-json\/wp\/v2\/pages"}],"about":[{"href":"https:\/\/www.accuratereviews.com\/it\/wp-json\/wp\/v2\/types\/page"}],"author":[{"embeddable":true,"href":"https:\/\/www.accuratereviews.com\/it\/wp-json\/wp\/v2\/users\/16"}],"replies":[{"embeddable":true,"href":"https:\/\/www.accuratereviews.com\/it\/wp-json\/wp\/v2\/comments?post=41372"}],"version-history":[{"count":15,"href":"https:\/\/www.accuratereviews.com\/it\/wp-json\/wp\/v2\/pages\/41372\/revisions"}],"predecessor-version":[{"id":43169,"href":"https:\/\/www.accuratereviews.com\/it\/wp-json\/wp\/v2\/pages\/41372\/revisions\/43169"}],"up":[{"embeddable":true,"href":"https:\/\/www.accuratereviews.com\/it\/wp-json\/wp\/v2\/pages\/41330"}],"wp:featuredmedia":[{"embeddable":true,"href":"https:\/\/www.accuratereviews.com\/it\/wp-json\/wp\/v2\/media\/41376"}],"wp:attachment":[{"href":"https:\/\/www.accuratereviews.com\/it\/wp-json\/wp\/v2\/media?parent=41372"}],"wp:term":[{"taxonomy":"category","embeddable":true,"href":"https:\/\/www.accuratereviews.com\/it\/wp-json\/wp\/v2\/categories?post=41372"},{"taxonomy":"post_tag","embeddable":true,"href":"https:\/\/www.accuratereviews.com\/it\/wp-json\/wp\/v2\/tags?post=41372"},{"taxonomy":"features","embeddable":true,"href":"https:\/\/www.accuratereviews.com\/it\/wp-json\/wp\/v2\/features?post=41372"}],"curies":[{"name":"wp","href":"https:\/\/api.w.org\/{rel}","templated":true}]}}