{"id":41534,"date":"2021-04-30T11:18:14","date_gmt":"2021-04-30T11:18:14","guid":{"rendered":"https:\/\/www.accuratereviews.com\/?page_id=41534"},"modified":"2021-05-21T15:06:51","modified_gmt":"2021-05-21T15:06:51","slug":"the-nortridge-loan-system-recensione","status":"publish","type":"page","link":"https:\/\/www.accuratereviews.com\/it\/software-erogazione-prestiti\/the-nortridge-loan-system-recensione\/","title":{"rendered":"The Nortridge Loan System"},"content":{"rendered":"<p><strong>The Nortridge Loan System<\/strong> \u00e8 una <strong>piattaforma per la concessione e la creazione di prestiti<\/strong> che aiuta gli istituti di credito e le organizzazioni di assistenza per i prestiti a monitorare, gestire e fornire un servizio ai portafogli di prestiti. Le caratteristiche principali includono la gestione delle relazioni con i clienti (CRM), l&#8217;assistenza e le raccolte, moduli per contabilit\u00e0 multi-libro, deposito a garanzia e un portale per i clienti. Gli utenti sono in grado di creare, fornire assistenza, raccogliere e creare report su una moltitudine di tipi di portafoglio di prestiti. Possono inoltre scegliere tra metodi di interesse, calcolati in qualsiasi giorno preferito e impostare tassi di interesse e periodi di pagamento con commissioni di ritardo automatiche. Gli utenti possono pianificare automaticamente oltre un centinaio di report standard predefiniti con oltre 40 criteri di filtro per l&#8217;ordinamento e la selezione dei dati e salvare i parametri per un altro report.<\/p>\n<h2>THE NORTRIDGE LOAN SYSTEM &#8211; TUTORIAL<\/h2>\n<p>Guardiamo il breve video su questo <strong>software per l&#8217;erogazione di prestiti<\/strong>:<\/p>\n<div id=\"fluid-wrapper-counter-1\" class=\"g1-fluid-wrapper \" style=\"width:686px;\">\n<div style=\"padding-bottom:56.268221574344%;\"><iframe loading=\"lazy\" title=\"Nortridge Product Video - Full Version\" width=\"686\" height=\"386\" src=\"https:\/\/www.youtube.com\/embed\/pctRrwo18Oo?feature=oembed&amp;wmode=transparent&amp;autohide=1&amp;autoplay=0&amp;disablekb=0&amp;fs=1&amp;loop=0&amp;enablejsapi=1&amp;rel=0&amp;controls=2&amp;showinfo=0&amp;wmode=transparent&amp;autohide=2&amp;autoplay=0&amp;disablekb=0&amp;fs=1&amp;loop=0&amp;enablejsapi=1&amp;rel=0&amp;controls=2&amp;showinfo=1\" frameborder=\"0\" allow=\"accelerometer; autoplay; clipboard-write; encrypted-media; gyroscope; picture-in-picture\" allowfullscreen><\/iframe><\/div>\n<\/div>\n<h3>THE NORTRIDGE LOAN SYSTEM &#8211; CARATTERISTICHE<\/h3>\n<ul>\n<li>Gestione del prestito<\/li>\n<li>Supporta pi\u00f9 prodotti di prestito, tipi di interesse<\/li>\n<li>Segnalazione\/estrazione di crediti<\/li>\n<li>Automazione degli estratti conto di stampa e posta<\/li>\n<li>Portale mutuatario<\/li>\n<li>Motore di reportistica<\/li>\n<li>Gestione contatti<\/li>\n<li>Record di contatti personalizzati<\/li>\n<li>Verifica dell&#8217;indirizzo<\/li>\n<li>Campi definiti dall&#8217;utente<\/li>\n<li>Archiviazione di documenti<\/li>\n<li>Processo di pagamento<\/li>\n<li>Motore delle regole di pagamento<\/li>\n<li>Distribuzione a cascata dei pagamenti<\/li>\n<li>Elaborazione ACH nativa<\/li>\n<li>Carta di debito e credito<\/li>\n<li>Integrazioni native del processore<\/li>\n<li>Registratore di cassa<\/li>\n<li>Valute multiple<\/li>\n<li>Controlli di sicurezza aziendale<\/li>\n<li>Crittografia a 256 bit dei dati inattivi<\/li>\n<li>Controlli di accesso basati sui ruoli<\/li>\n<li>Opzioni di sicurezza a livello di campo<\/li>\n<li>Controllo di audit<\/li>\n<li>Registri cronologici dettagliati<\/li>\n<li>Gestione predefinita<\/li>\n<li>Automazione fallimentare<\/li>\n<li>API REST<\/li>\n<li>Scripting in-app<\/li>\n<li>Accesso diretto al database<\/li>\n<li>Automazione<\/li>\n<li>Motore del flusso di lavoro<\/li>\n<\/ul>\n<h4>LE RECENSIONE DEGLI UTENTI<\/h4>\n<p class=\"font-weight-bold mb-1 d-flex align-items-center\"><strong>Jeremy S.&#8221;Software di gestione del prestito molto potente&#8221;<\/strong><\/p>\n<p><strong>Commenti: <\/strong>La nostra capacit\u00e0 di creare la piattaforma personalizzata per la gestione dei prestiti \u00e8 eccezionale e il supporto \u00e8 stato straordinario.<\/p>\n<p><strong>Pro: <\/strong>NLS \u00e8 molto personalizzabile fino al livello di campo. \u00c8 possibile aggiungere script in molte aree consentendo di creare una potente piattaforma utente per soddisfare le proprie esigenze<\/p>\n<p><strong>Contro: <\/strong>Gli aggiornamenti possono essere problematici a seconda del livello di personalizzazione effettuato. Richiede molti test in un ambiente di sviluppo.<\/p>\n<p class=\"font-weight-bold mb-1 d-flex align-items-center\"><strong>Carolyn S.&#8221;Recensione&#8221;<\/strong><\/p>\n<p><strong>Commenti: <\/strong>L&#8217;esperienza complessiva \u00e8 stata fantastica! \u00c8 stato fantastico lavorare con il team di Nortridge e ci sentiamo veramente preoccupati per le nostre esigenze generali come azienda non solo da mantenere, ma da crescere in aree che non eravamo in grado di gestire nel nostro sistema legacy.<\/p>\n<p><strong>Pro: <\/strong>La possibilit\u00e0 di personalizzare quasi tutto<\/p>\n<p><strong>Contro: <\/strong>Le opzioni limitate sulla sicurezza e il reporting delle filiali.<\/p>\n<p class=\"font-weight-bold mb-1 d-flex align-items-center\"><strong>Joel K.&#8221;Nortridge for Loan Servicing&#8221;<\/strong><\/p>\n<p><strong>Commenti: <\/strong>Eccezionale. Sono stato in grado di ottenere un posto quando la mia attivit\u00e0 era piccola e di crescere in modo semplice ed economico. Il sistema \u00e8 altamente stabile, ben supportato e facile da integrare e facile da usare per i collezionisti.<\/p>\n<p><strong>Pro: <\/strong>Facilit\u00e0 di reporting, facilit\u00e0 di configurazione e gestione delle modifiche, eccezionali capacit\u00e0 di contabilit\u00e0 dei prestiti, valore<\/p>\n<p><strong>Contro: <\/strong>La maggior parte dei CFO vorrebbe avere un modulo GL<\/p>\n","protected":false},"excerpt":{"rendered":"<p>The Nortridge Loan System \u00e8 una piattaforma per la concessione e la creazione di prestiti che aiuta gli istituti di credito e le organizzazioni di assistenza per i prestiti a monitorare, gestire e fornire un servizio ai portafogli di prestiti. Le caratteristiche principali includono la gestione delle relazioni con i clienti (CRM), \u00a0l&#8217;assistenza e le raccolte, moduli per contabilit\u00e0 multi-libro, deposito a garanzia e un portale per i clienti.<\/p>\n","protected":false},"author":16,"featured_media":41538,"parent":41330,"menu_order":0,"comment_status":"open","ping_status":"closed","template":"g1_template_page_review_new.php","meta":{"_acf_changed":false,"cwp_meta_box_check":"Yes","cwp_rev_product_name":"","cwp_rev_product_image":"","wppr_links":[],"cwp_rev_price":"","wppr_options":[],"wppr_pros":[],"wppr_cons":[],"_monsterinsights_skip_tracking":false,"_monsterinsights_sitenote_active":false,"_monsterinsights_sitenote_note":"","_monsterinsights_sitenote_category":0,"footnotes":""},"categories":[5815],"tags":[5848,5849,5837,5838,5866],"features":[],"class_list":{"0":"post-41534","1":"page","2":"type-page","3":"status-publish","4":"has-post-thumbnail","6":"category-software-per-erogazione-prestiti-categoria","7":"tag-piattaforma-per-erogazione-prestiti","8":"tag-programma-per-erogazione-prestiti","9":"tag-software-erogazione-prestiti","10":"tag-soluzione-erogazione-prestiti","11":"tag-the-nortridge-loan-system"},"wppr_data":{"cwp_meta_box_check":"Yes","cwp_rev_product_name":"","cwp_rev_product_image":"","cwp_image_link":"image","cwp_rev_price":"","wppr_rating":"0.00"},"acf":[],"yoast_head":"<!-- This site is optimized with the Yoast SEO plugin v27.4 - https:\/\/yoast.com\/product\/yoast-seo-wordpress\/ -->\n<title>The Nortridge Loan System: recensione software erogazione prestiti<\/title>\n<meta name=\"description\" content=\"The Nortridge Loan System: recensione software per la concessione e la creazione di prestiti agli istituti di credito.\" \/>\n<meta name=\"robots\" content=\"index, follow, max-snippet:-1, max-image-preview:large, max-video-preview:-1\" \/>\n<link rel=\"canonical\" href=\"https:\/\/www.accuratereviews.com\/it\/software-erogazione-prestiti\/the-nortridge-loan-system-recensione\/\" \/>\n<meta property=\"og:locale\" content=\"it_IT\" \/>\n<meta property=\"og:type\" content=\"article\" \/>\n<meta property=\"og:title\" content=\"The Nortridge Loan System: recensione software erogazione prestiti\" \/>\n<meta property=\"og:description\" content=\"The Nortridge Loan System: recensione software per la concessione e la creazione di prestiti agli istituti di credito.\" \/>\n<meta property=\"og:url\" content=\"https:\/\/www.accuratereviews.com\/it\/software-erogazione-prestiti\/the-nortridge-loan-system-recensione\/\" \/>\n<meta property=\"og:site_name\" content=\"Accurate Reviews\" \/>\n<meta property=\"article:modified_time\" content=\"2021-05-21T15:06:51+00:00\" \/>\n<meta property=\"og:image\" content=\"https:\/\/www.accuratereviews.com\/wp-content\/uploads\/2021\/04\/nortridge-loan-servicing.png\" \/>\n\t<meta property=\"og:image:width\" content=\"600\" \/>\n\t<meta property=\"og:image:height\" content=\"315\" \/>\n\t<meta property=\"og:image:type\" content=\"image\/png\" \/>\n<meta name=\"twitter:card\" content=\"summary_large_image\" \/>\n<meta name=\"twitter:label1\" content=\"Tempo di lettura stimato\" \/>\n\t<meta name=\"twitter:data1\" content=\"3 minuti\" \/>\n<script type=\"application\/ld+json\" class=\"yoast-schema-graph\">{\"@context\":\"https:\\\/\\\/schema.org\",\"@graph\":[{\"@type\":\"WebPage\",\"@id\":\"https:\\\/\\\/www.accuratereviews.com\\\/it\\\/software-erogazione-prestiti\\\/the-nortridge-loan-system-recensione\\\/\",\"url\":\"https:\\\/\\\/www.accuratereviews.com\\\/it\\\/software-erogazione-prestiti\\\/the-nortridge-loan-system-recensione\\\/\",\"name\":\"The Nortridge Loan System: recensione software erogazione prestiti\",\"isPartOf\":{\"@id\":\"https:\\\/\\\/www.accuratereviews.com\\\/it\\\/#website\"},\"primaryImageOfPage\":{\"@id\":\"https:\\\/\\\/www.accuratereviews.com\\\/it\\\/software-erogazione-prestiti\\\/the-nortridge-loan-system-recensione\\\/#primaryimage\"},\"image\":{\"@id\":\"https:\\\/\\\/www.accuratereviews.com\\\/it\\\/software-erogazione-prestiti\\\/the-nortridge-loan-system-recensione\\\/#primaryimage\"},\"thumbnailUrl\":\"https:\\\/\\\/www.accuratereviews.com\\\/wp-content\\\/uploads\\\/2021\\\/04\\\/nortridge-loan-servicing.png\",\"datePublished\":\"2021-04-30T11:18:14+00:00\",\"dateModified\":\"2021-05-21T15:06:51+00:00\",\"description\":\"The Nortridge Loan System: recensione software per la concessione e la creazione di prestiti agli istituti di credito.\",\"breadcrumb\":{\"@id\":\"https:\\\/\\\/www.accuratereviews.com\\\/it\\\/software-erogazione-prestiti\\\/the-nortridge-loan-system-recensione\\\/#breadcrumb\"},\"inLanguage\":\"it-IT\",\"potentialAction\":[{\"@type\":\"ReadAction\",\"target\":[\"https:\\\/\\\/www.accuratereviews.com\\\/it\\\/software-erogazione-prestiti\\\/the-nortridge-loan-system-recensione\\\/\"]}]},{\"@type\":\"ImageObject\",\"inLanguage\":\"it-IT\",\"@id\":\"https:\\\/\\\/www.accuratereviews.com\\\/it\\\/software-erogazione-prestiti\\\/the-nortridge-loan-system-recensione\\\/#primaryimage\",\"url\":\"https:\\\/\\\/www.accuratereviews.com\\\/wp-content\\\/uploads\\\/2021\\\/04\\\/nortridge-loan-servicing.png\",\"contentUrl\":\"https:\\\/\\\/www.accuratereviews.com\\\/wp-content\\\/uploads\\\/2021\\\/04\\\/nortridge-loan-servicing.png\",\"width\":600,\"height\":315},{\"@type\":\"BreadcrumbList\",\"@id\":\"https:\\\/\\\/www.accuratereviews.com\\\/it\\\/software-erogazione-prestiti\\\/the-nortridge-loan-system-recensione\\\/#breadcrumb\",\"itemListElement\":[{\"@type\":\"ListItem\",\"position\":1,\"name\":\"Home\",\"item\":\"https:\\\/\\\/www.accuratereviews.com\\\/it\\\/\"},{\"@type\":\"ListItem\",\"position\":2,\"name\":\"Software per l&#8217;erogazione dei prestiti\",\"item\":\"https:\\\/\\\/www.accuratereviews.com\\\/it\\\/software-erogazione-prestiti\\\/\"},{\"@type\":\"ListItem\",\"position\":3,\"name\":\"The Nortridge Loan System\"}]},{\"@type\":\"WebSite\",\"@id\":\"https:\\\/\\\/www.accuratereviews.com\\\/it\\\/#website\",\"url\":\"https:\\\/\\\/www.accuratereviews.com\\\/it\\\/\",\"name\":\"Accurate Reviews\",\"description\":\"\",\"potentialAction\":[{\"@type\":\"SearchAction\",\"target\":{\"@type\":\"EntryPoint\",\"urlTemplate\":\"https:\\\/\\\/www.accuratereviews.com\\\/it\\\/?s={search_term_string}\"},\"query-input\":{\"@type\":\"PropertyValueSpecification\",\"valueRequired\":true,\"valueName\":\"search_term_string\"}}],\"inLanguage\":\"it-IT\"}]}<\/script>\n<!-- \/ Yoast SEO plugin. -->","yoast_head_json":{"title":"The Nortridge Loan System: recensione software erogazione prestiti","description":"The Nortridge Loan System: recensione software per la concessione e la creazione di prestiti agli istituti di credito.","robots":{"index":"index","follow":"follow","max-snippet":"max-snippet:-1","max-image-preview":"max-image-preview:large","max-video-preview":"max-video-preview:-1"},"canonical":"https:\/\/www.accuratereviews.com\/it\/software-erogazione-prestiti\/the-nortridge-loan-system-recensione\/","og_locale":"it_IT","og_type":"article","og_title":"The Nortridge Loan System: recensione software erogazione prestiti","og_description":"The Nortridge Loan System: recensione software per la concessione e la creazione di prestiti agli istituti di credito.","og_url":"https:\/\/www.accuratereviews.com\/it\/software-erogazione-prestiti\/the-nortridge-loan-system-recensione\/","og_site_name":"Accurate Reviews","article_modified_time":"2021-05-21T15:06:51+00:00","og_image":[{"width":600,"height":315,"url":"https:\/\/www.accuratereviews.com\/wp-content\/uploads\/2021\/04\/nortridge-loan-servicing.png","type":"image\/png"}],"twitter_card":"summary_large_image","twitter_misc":{"Tempo di lettura stimato":"3 minuti"},"schema":{"@context":"https:\/\/schema.org","@graph":[{"@type":"WebPage","@id":"https:\/\/www.accuratereviews.com\/it\/software-erogazione-prestiti\/the-nortridge-loan-system-recensione\/","url":"https:\/\/www.accuratereviews.com\/it\/software-erogazione-prestiti\/the-nortridge-loan-system-recensione\/","name":"The Nortridge Loan System: recensione software erogazione prestiti","isPartOf":{"@id":"https:\/\/www.accuratereviews.com\/it\/#website"},"primaryImageOfPage":{"@id":"https:\/\/www.accuratereviews.com\/it\/software-erogazione-prestiti\/the-nortridge-loan-system-recensione\/#primaryimage"},"image":{"@id":"https:\/\/www.accuratereviews.com\/it\/software-erogazione-prestiti\/the-nortridge-loan-system-recensione\/#primaryimage"},"thumbnailUrl":"https:\/\/www.accuratereviews.com\/wp-content\/uploads\/2021\/04\/nortridge-loan-servicing.png","datePublished":"2021-04-30T11:18:14+00:00","dateModified":"2021-05-21T15:06:51+00:00","description":"The Nortridge Loan System: recensione software per la concessione e la creazione di prestiti agli istituti di credito.","breadcrumb":{"@id":"https:\/\/www.accuratereviews.com\/it\/software-erogazione-prestiti\/the-nortridge-loan-system-recensione\/#breadcrumb"},"inLanguage":"it-IT","potentialAction":[{"@type":"ReadAction","target":["https:\/\/www.accuratereviews.com\/it\/software-erogazione-prestiti\/the-nortridge-loan-system-recensione\/"]}]},{"@type":"ImageObject","inLanguage":"it-IT","@id":"https:\/\/www.accuratereviews.com\/it\/software-erogazione-prestiti\/the-nortridge-loan-system-recensione\/#primaryimage","url":"https:\/\/www.accuratereviews.com\/wp-content\/uploads\/2021\/04\/nortridge-loan-servicing.png","contentUrl":"https:\/\/www.accuratereviews.com\/wp-content\/uploads\/2021\/04\/nortridge-loan-servicing.png","width":600,"height":315},{"@type":"BreadcrumbList","@id":"https:\/\/www.accuratereviews.com\/it\/software-erogazione-prestiti\/the-nortridge-loan-system-recensione\/#breadcrumb","itemListElement":[{"@type":"ListItem","position":1,"name":"Home","item":"https:\/\/www.accuratereviews.com\/it\/"},{"@type":"ListItem","position":2,"name":"Software per l&#8217;erogazione dei prestiti","item":"https:\/\/www.accuratereviews.com\/it\/software-erogazione-prestiti\/"},{"@type":"ListItem","position":3,"name":"The Nortridge Loan System"}]},{"@type":"WebSite","@id":"https:\/\/www.accuratereviews.com\/it\/#website","url":"https:\/\/www.accuratereviews.com\/it\/","name":"Accurate Reviews","description":"","potentialAction":[{"@type":"SearchAction","target":{"@type":"EntryPoint","urlTemplate":"https:\/\/www.accuratereviews.com\/it\/?s={search_term_string}"},"query-input":{"@type":"PropertyValueSpecification","valueRequired":true,"valueName":"search_term_string"}}],"inLanguage":"it-IT"}]}},"_links":{"self":[{"href":"https:\/\/www.accuratereviews.com\/it\/wp-json\/wp\/v2\/pages\/41534","targetHints":{"allow":["GET"]}}],"collection":[{"href":"https:\/\/www.accuratereviews.com\/it\/wp-json\/wp\/v2\/pages"}],"about":[{"href":"https:\/\/www.accuratereviews.com\/it\/wp-json\/wp\/v2\/types\/page"}],"author":[{"embeddable":true,"href":"https:\/\/www.accuratereviews.com\/it\/wp-json\/wp\/v2\/users\/16"}],"replies":[{"embeddable":true,"href":"https:\/\/www.accuratereviews.com\/it\/wp-json\/wp\/v2\/comments?post=41534"}],"version-history":[{"count":12,"href":"https:\/\/www.accuratereviews.com\/it\/wp-json\/wp\/v2\/pages\/41534\/revisions"}],"predecessor-version":[{"id":43179,"href":"https:\/\/www.accuratereviews.com\/it\/wp-json\/wp\/v2\/pages\/41534\/revisions\/43179"}],"up":[{"embeddable":true,"href":"https:\/\/www.accuratereviews.com\/it\/wp-json\/wp\/v2\/pages\/41330"}],"wp:featuredmedia":[{"embeddable":true,"href":"https:\/\/www.accuratereviews.com\/it\/wp-json\/wp\/v2\/media\/41538"}],"wp:attachment":[{"href":"https:\/\/www.accuratereviews.com\/it\/wp-json\/wp\/v2\/media?parent=41534"}],"wp:term":[{"taxonomy":"category","embeddable":true,"href":"https:\/\/www.accuratereviews.com\/it\/wp-json\/wp\/v2\/categories?post=41534"},{"taxonomy":"post_tag","embeddable":true,"href":"https:\/\/www.accuratereviews.com\/it\/wp-json\/wp\/v2\/tags?post=41534"},{"taxonomy":"features","embeddable":true,"href":"https:\/\/www.accuratereviews.com\/it\/wp-json\/wp\/v2\/features?post=41534"}],"curies":[{"name":"wp","href":"https:\/\/api.w.org\/{rel}","templated":true}]}}