{"id":41544,"date":"2021-04-30T11:23:30","date_gmt":"2021-04-30T11:23:30","guid":{"rendered":"https:\/\/www.accuratereviews.com\/?page_id=41544"},"modified":"2021-05-21T15:06:05","modified_gmt":"2021-05-21T15:06:05","slug":"fileinvite-recensione","status":"publish","type":"page","link":"https:\/\/www.accuratereviews.com\/it\/software-erogazione-prestiti\/fileinvite-recensione\/","title":{"rendered":"FileInvite"},"content":{"rendered":"<p><strong>FileInvite<\/strong> \u00e8 una <strong>soluzione per la richiesta di informazioni<\/strong> e documenti per qualsiasi azienda che desideri automatizzare il processo su una base di clienti. Offrendo particolare idoneit\u00e0 a quei settori coinvolti in <strong>servizi finanziari, prestiti e richieste di mutui<\/strong>, il software \u00e8 aperto a tutti con prezzi scalabili basati su abbonamento. Il servizio promette una maggiore sicurezza sulla trasmissione e archiviazione dei dati rispetto ai metodi di posta elettronica tradizionali, aggiungendo la crittografia SSL\/HTTPS per mantenere riservate le informazioni sensibili. Questo, insieme alla possibilit\u00e0 di effettuare pi\u00f9 richieste in un colpo mentre si tiene traccia dei progressi, consente un approccio pi\u00f9 efficiente alla raccolta dei dati. \u00c8 possibile impostare promemoria automatici tramite posta elettronica per richiedere il completamento tempestivo del cliente in base alle date di scadenza stabilite.<\/p>\n<h2>FILEINVITE &#8211; TUTORIAL<\/h2>\n<p>Questo video illustra le principali modifiche e le nuove versioni di questo <strong>software per erogazione di prestiti<\/strong> e archiviazione dati:<\/p>\n<div id=\"fluid-wrapper-counter-1\" class=\"g1-fluid-wrapper \" style=\"width:686px;\">\n<div style=\"padding-bottom:56.268221574344%;\"><iframe loading=\"lazy\" title=\"2nd December Multi Party Multi Signature Release\" width=\"686\" height=\"386\" src=\"https:\/\/www.youtube.com\/embed\/FtDvkFOPMmc?feature=oembed&amp;wmode=transparent&amp;autohide=1&amp;autoplay=0&amp;disablekb=0&amp;fs=1&amp;loop=0&amp;enablejsapi=1&amp;rel=0&amp;controls=2&amp;showinfo=0&amp;wmode=transparent&amp;autohide=2&amp;autoplay=0&amp;disablekb=0&amp;fs=1&amp;loop=0&amp;enablejsapi=1&amp;rel=0&amp;controls=2&amp;showinfo=1\" frameborder=\"0\" allow=\"accelerometer; autoplay; clipboard-write; encrypted-media; gyroscope; picture-in-picture\" allowfullscreen><\/iframe><\/div>\n<\/div>\n<h3>FILEINVITE &#8211; CARATTERISTICHE<\/h3>\n<ul>\n<li>Crea versioni digitali dei tuoi moduli di domanda cartacei e chiedi ai tuoi clienti di completarli online. Utilizza i modelli o carica i tuoi moduli PDF e non utilizzare la carta in modo che i clienti possano rispondere alle domande nel contesto<\/li>\n<li>Ottieni firme elettroniche sui contratti con l&#8217;autenticazione della firma digitale. Puoi anche far firmare pi\u00f9 parti, senza installare Adobe Acrobat o altri software PDF<\/li>\n<li>Riutilizza facilmente tutti i dati raccolti tramite i moduli scaricando il file PDF completato o un file CSV con tutti i punti dati<\/li>\n<li>Ottimo per calcoli o importazione su altri sistemi<\/li>\n<li>Fornisci ai tuoi clienti un modo sicuro e intuitivo per caricare i dati<\/li>\n<li>Ottieni i documenti in tempo con date di scadenza e promemoria automatici<\/li>\n<li>Guadagna visibilmente su tutte le tue pipeline di prestiti. Scopri a che punto \u00e8 ogni affare nel processo ed elimina la doppia gestione nei flussi di lavoro amministrativi.<\/li>\n<li>Aiuta i tuoi addetti ai prestiti a concludere in media il 30% in pi\u00f9 di affari, migliorando drasticamente la velocit\u00e0 di vendita.<\/li>\n<li>Ottieni pi\u00f9 offerte e migliora l&#8217;esperienza del cliente per\u00a0trasformare queste offerte in clienti referenti a tutti gli effetti.<\/li>\n<li>Accessibile in pochi secondi su qualsiasi dispositivo, il portale client remoto e contactless fa un&#8217;ottima prima impressione sui clienti.<\/li>\n<\/ul>\n<h4>LE RECENSIONE DEGLI UTENTI<\/h4>\n<p class=\"font-weight-bold mb-1 d-flex align-items-center\"><strong>Steve L.&#8221;Ottimo software&#8221;<\/strong><\/p>\n<p><strong>Commenti: <\/strong>In grado di ottenere i documenti richiesti dai clienti tutto in un unico portale. I clienti possono compilare un PDF e persino aggiungere una firma elettronica ai moduli.<\/p>\n<p><strong>Pro: <\/strong>Aiuta il processo di ottenimento dei documenti necessari e richiesti per i clienti. Il widget che puoi inserire nel tuo sito web aziendale \u00e8 inestimabile. Una volta superata la curva di apprendimento, \u00e8 facile da usare e ai tuoi clienti piacer\u00e0 usarlo. Il supporto \u00e8 incredibilmente utile e rapido.<\/p>\n<p><strong>Contro: <\/strong>Nessuno di quello che riesco a vedere, a parte la curva di apprendimento, avrebbe potuto essere pi\u00f9 breve, ma credo che una parte sia un problema mio.<\/p>\n<p class=\"font-weight-bold mb-1 d-flex align-items-center\"><strong>Louise L.\u00a0&#8220;\u00c8 la soluzione migliore e semplice che risolve un grosso problema&#8221;<\/strong><\/p>\n<p><strong>Commenti: <\/strong>Lo adoro: il team \u00e8 disponibile e lo usiamo ogni giorno e anche i clienti lo adorano perch\u00e9 abbiamo un aspetto pi\u00f9 professionale.<\/p>\n<p><strong>Pro: <\/strong>Funziona cos\u00ec bene con bankstatementscom.au e qualsiasi membro del team pu\u00f2 usarlo<\/p>\n<p><strong>Contro: <\/strong>Vorrei creare un modulo che includa domande a risposta obbligatoria come i dettagli del lavoro degli ultimi tre anni<\/p>\n<p class=\"font-weight-bold mb-1 d-flex align-items-center\"><strong>Courtney F.&#8221;Ottimo software&#8221;<\/strong><\/p>\n<p><strong>Commenti: <\/strong>Ho trovato FileInvite molto facile da usare. I modelli sono fantastici e un invito a un file non richiede pi\u00f9 di 5 minuti. Lo uso tutti i giorni per controllare i progressi e creare nuovi inviti per conto dei 2 broker ipotecari per cui lavoro.<\/p>\n<p><strong>Vantaggi: <\/strong>Mi piace che i nostri clienti possano utilizzare questo simpatico e semplice software per tenere traccia di quali documenti sono necessari per la loro richiesta di prestito.<\/p>\n<p><strong>Inconvenienti: <\/strong>Credo che l&#8217;opzione di avere pi\u00f9 di un broker all&#8217;accesso e di avere un amministratore venga fornita con la versione completa a pagamento , ma questa \u00e8 il mio unico contro in questa fase poich\u00e9 non possiamo vedere se funzioner\u00e0 per il nostro gruppo.<\/p>\n<div class=\"ml-4 pl-4 border-left border-left__dotted i18n-translation_vendor_container\" data-translation-id=\"2387409\" data-translation-vendor-target=\"original\">\n<div class=\"d-flex flex-wrap flex-md-nowrap align-items-center\">\n<h4 class=\"h5 font-weight-bold\"><\/h4>\n<\/div>\n<\/div>\n","protected":false},"excerpt":{"rendered":"<p>FileInvite \u00e8 una soluzione per la richiesta di informazioni e documenti per qualsiasi azienda che desideri automatizzare il processo su una base di clienti. Offrendo particolare idoneit\u00e0 a quei settori coinvolti in servizi finanziari, prestiti e richieste di mutui, ad esempio, il software \u00e8 infatti aperto a tutti con prezzi scalabili basati su abbonamento.<\/p>\n","protected":false},"author":16,"featured_media":41570,"parent":41330,"menu_order":0,"comment_status":"open","ping_status":"closed","template":"g1_template_page_review_new.php","meta":{"_acf_changed":false,"cwp_meta_box_check":"No","cwp_rev_product_name":"","cwp_rev_product_image":"","wppr_links":[],"cwp_rev_price":"","wppr_options":[],"wppr_pros":[],"wppr_cons":[],"_monsterinsights_skip_tracking":false,"_monsterinsights_sitenote_active":false,"_monsterinsights_sitenote_note":"","_monsterinsights_sitenote_category":0,"footnotes":""},"categories":[5815],"tags":[5867,5848,5849,5820,5847],"features":[],"class_list":{"0":"post-41544","1":"page","2":"type-page","3":"status-publish","4":"has-post-thumbnail","6":"category-software-per-erogazione-prestiti-categoria","7":"tag-fileinvite","8":"tag-piattaforma-per-erogazione-prestiti","9":"tag-programma-per-erogazione-prestiti","10":"tag-software-per-erogazione-prestiti","11":"tag-soluzione-per-erogazione-prestiti"},"wppr_data":{"cwp_meta_box_check":"No"},"acf":[],"yoast_head":"<!-- This site is optimized with the Yoast SEO plugin v27.4 - https:\/\/yoast.com\/product\/yoast-seo-wordpress\/ -->\n<title>FileInvite: recensione software erogazione prestiti - Accurate Reviews<\/title>\n<meta name=\"description\" content=\"FileInvite: recensione soluzione di erogazione prestiti per automatizzare il processo di richiesta dati di potenziali clienti.\" \/>\n<meta name=\"robots\" content=\"index, follow, max-snippet:-1, max-image-preview:large, max-video-preview:-1\" \/>\n<link rel=\"canonical\" href=\"https:\/\/www.accuratereviews.com\/it\/software-erogazione-prestiti\/fileinvite-recensione\/\" \/>\n<meta property=\"og:locale\" content=\"it_IT\" \/>\n<meta property=\"og:type\" content=\"article\" \/>\n<meta property=\"og:title\" content=\"FileInvite: recensione software erogazione prestiti - Accurate Reviews\" \/>\n<meta property=\"og:description\" content=\"FileInvite: recensione soluzione di erogazione prestiti per automatizzare il processo di richiesta dati di potenziali clienti.\" \/>\n<meta property=\"og:url\" content=\"https:\/\/www.accuratereviews.com\/it\/software-erogazione-prestiti\/fileinvite-recensione\/\" \/>\n<meta property=\"og:site_name\" content=\"Accurate Reviews\" \/>\n<meta property=\"article:modified_time\" content=\"2021-05-21T15:06:05+00:00\" \/>\n<meta property=\"og:image\" content=\"https:\/\/www.accuratereviews.com\/wp-content\/uploads\/2021\/04\/file.png\" \/>\n\t<meta property=\"og:image:width\" content=\"200\" \/>\n\t<meta property=\"og:image:height\" content=\"200\" \/>\n\t<meta property=\"og:image:type\" content=\"image\/png\" \/>\n<meta name=\"twitter:card\" content=\"summary_large_image\" \/>\n<meta name=\"twitter:label1\" content=\"Tempo di lettura stimato\" \/>\n\t<meta name=\"twitter:data1\" content=\"3 minuti\" \/>\n<script type=\"application\/ld+json\" class=\"yoast-schema-graph\">{\"@context\":\"https:\\\/\\\/schema.org\",\"@graph\":[{\"@type\":\"WebPage\",\"@id\":\"https:\\\/\\\/www.accuratereviews.com\\\/it\\\/software-erogazione-prestiti\\\/fileinvite-recensione\\\/\",\"url\":\"https:\\\/\\\/www.accuratereviews.com\\\/it\\\/software-erogazione-prestiti\\\/fileinvite-recensione\\\/\",\"name\":\"FileInvite: recensione software erogazione prestiti - Accurate Reviews\",\"isPartOf\":{\"@id\":\"https:\\\/\\\/www.accuratereviews.com\\\/it\\\/#website\"},\"primaryImageOfPage\":{\"@id\":\"https:\\\/\\\/www.accuratereviews.com\\\/it\\\/software-erogazione-prestiti\\\/fileinvite-recensione\\\/#primaryimage\"},\"image\":{\"@id\":\"https:\\\/\\\/www.accuratereviews.com\\\/it\\\/software-erogazione-prestiti\\\/fileinvite-recensione\\\/#primaryimage\"},\"thumbnailUrl\":\"https:\\\/\\\/www.accuratereviews.com\\\/wp-content\\\/uploads\\\/2021\\\/04\\\/file.png\",\"datePublished\":\"2021-04-30T11:23:30+00:00\",\"dateModified\":\"2021-05-21T15:06:05+00:00\",\"description\":\"FileInvite: recensione soluzione di erogazione prestiti per automatizzare il processo di richiesta dati di potenziali clienti.\",\"breadcrumb\":{\"@id\":\"https:\\\/\\\/www.accuratereviews.com\\\/it\\\/software-erogazione-prestiti\\\/fileinvite-recensione\\\/#breadcrumb\"},\"inLanguage\":\"it-IT\",\"potentialAction\":[{\"@type\":\"ReadAction\",\"target\":[\"https:\\\/\\\/www.accuratereviews.com\\\/it\\\/software-erogazione-prestiti\\\/fileinvite-recensione\\\/\"]}]},{\"@type\":\"ImageObject\",\"inLanguage\":\"it-IT\",\"@id\":\"https:\\\/\\\/www.accuratereviews.com\\\/it\\\/software-erogazione-prestiti\\\/fileinvite-recensione\\\/#primaryimage\",\"url\":\"https:\\\/\\\/www.accuratereviews.com\\\/wp-content\\\/uploads\\\/2021\\\/04\\\/file.png\",\"contentUrl\":\"https:\\\/\\\/www.accuratereviews.com\\\/wp-content\\\/uploads\\\/2021\\\/04\\\/file.png\",\"width\":200,\"height\":200},{\"@type\":\"BreadcrumbList\",\"@id\":\"https:\\\/\\\/www.accuratereviews.com\\\/it\\\/software-erogazione-prestiti\\\/fileinvite-recensione\\\/#breadcrumb\",\"itemListElement\":[{\"@type\":\"ListItem\",\"position\":1,\"name\":\"Home\",\"item\":\"https:\\\/\\\/www.accuratereviews.com\\\/it\\\/\"},{\"@type\":\"ListItem\",\"position\":2,\"name\":\"Software per l&#8217;erogazione dei prestiti\",\"item\":\"https:\\\/\\\/www.accuratereviews.com\\\/it\\\/software-erogazione-prestiti\\\/\"},{\"@type\":\"ListItem\",\"position\":3,\"name\":\"FileInvite\"}]},{\"@type\":\"WebSite\",\"@id\":\"https:\\\/\\\/www.accuratereviews.com\\\/it\\\/#website\",\"url\":\"https:\\\/\\\/www.accuratereviews.com\\\/it\\\/\",\"name\":\"Accurate Reviews\",\"description\":\"\",\"potentialAction\":[{\"@type\":\"SearchAction\",\"target\":{\"@type\":\"EntryPoint\",\"urlTemplate\":\"https:\\\/\\\/www.accuratereviews.com\\\/it\\\/?s={search_term_string}\"},\"query-input\":{\"@type\":\"PropertyValueSpecification\",\"valueRequired\":true,\"valueName\":\"search_term_string\"}}],\"inLanguage\":\"it-IT\"}]}<\/script>\n<!-- \/ Yoast SEO plugin. -->","yoast_head_json":{"title":"FileInvite: recensione software erogazione prestiti - Accurate Reviews","description":"FileInvite: recensione soluzione di erogazione prestiti per automatizzare il processo di richiesta dati di potenziali clienti.","robots":{"index":"index","follow":"follow","max-snippet":"max-snippet:-1","max-image-preview":"max-image-preview:large","max-video-preview":"max-video-preview:-1"},"canonical":"https:\/\/www.accuratereviews.com\/it\/software-erogazione-prestiti\/fileinvite-recensione\/","og_locale":"it_IT","og_type":"article","og_title":"FileInvite: recensione software erogazione prestiti - Accurate Reviews","og_description":"FileInvite: recensione soluzione di erogazione prestiti per automatizzare il processo di richiesta dati di potenziali clienti.","og_url":"https:\/\/www.accuratereviews.com\/it\/software-erogazione-prestiti\/fileinvite-recensione\/","og_site_name":"Accurate Reviews","article_modified_time":"2021-05-21T15:06:05+00:00","og_image":[{"width":200,"height":200,"url":"https:\/\/www.accuratereviews.com\/wp-content\/uploads\/2021\/04\/file.png","type":"image\/png"}],"twitter_card":"summary_large_image","twitter_misc":{"Tempo di lettura stimato":"3 minuti"},"schema":{"@context":"https:\/\/schema.org","@graph":[{"@type":"WebPage","@id":"https:\/\/www.accuratereviews.com\/it\/software-erogazione-prestiti\/fileinvite-recensione\/","url":"https:\/\/www.accuratereviews.com\/it\/software-erogazione-prestiti\/fileinvite-recensione\/","name":"FileInvite: recensione software erogazione prestiti - Accurate Reviews","isPartOf":{"@id":"https:\/\/www.accuratereviews.com\/it\/#website"},"primaryImageOfPage":{"@id":"https:\/\/www.accuratereviews.com\/it\/software-erogazione-prestiti\/fileinvite-recensione\/#primaryimage"},"image":{"@id":"https:\/\/www.accuratereviews.com\/it\/software-erogazione-prestiti\/fileinvite-recensione\/#primaryimage"},"thumbnailUrl":"https:\/\/www.accuratereviews.com\/wp-content\/uploads\/2021\/04\/file.png","datePublished":"2021-04-30T11:23:30+00:00","dateModified":"2021-05-21T15:06:05+00:00","description":"FileInvite: recensione soluzione di erogazione prestiti per automatizzare il processo di richiesta dati di potenziali clienti.","breadcrumb":{"@id":"https:\/\/www.accuratereviews.com\/it\/software-erogazione-prestiti\/fileinvite-recensione\/#breadcrumb"},"inLanguage":"it-IT","potentialAction":[{"@type":"ReadAction","target":["https:\/\/www.accuratereviews.com\/it\/software-erogazione-prestiti\/fileinvite-recensione\/"]}]},{"@type":"ImageObject","inLanguage":"it-IT","@id":"https:\/\/www.accuratereviews.com\/it\/software-erogazione-prestiti\/fileinvite-recensione\/#primaryimage","url":"https:\/\/www.accuratereviews.com\/wp-content\/uploads\/2021\/04\/file.png","contentUrl":"https:\/\/www.accuratereviews.com\/wp-content\/uploads\/2021\/04\/file.png","width":200,"height":200},{"@type":"BreadcrumbList","@id":"https:\/\/www.accuratereviews.com\/it\/software-erogazione-prestiti\/fileinvite-recensione\/#breadcrumb","itemListElement":[{"@type":"ListItem","position":1,"name":"Home","item":"https:\/\/www.accuratereviews.com\/it\/"},{"@type":"ListItem","position":2,"name":"Software per l&#8217;erogazione dei prestiti","item":"https:\/\/www.accuratereviews.com\/it\/software-erogazione-prestiti\/"},{"@type":"ListItem","position":3,"name":"FileInvite"}]},{"@type":"WebSite","@id":"https:\/\/www.accuratereviews.com\/it\/#website","url":"https:\/\/www.accuratereviews.com\/it\/","name":"Accurate Reviews","description":"","potentialAction":[{"@type":"SearchAction","target":{"@type":"EntryPoint","urlTemplate":"https:\/\/www.accuratereviews.com\/it\/?s={search_term_string}"},"query-input":{"@type":"PropertyValueSpecification","valueRequired":true,"valueName":"search_term_string"}}],"inLanguage":"it-IT"}]}},"_links":{"self":[{"href":"https:\/\/www.accuratereviews.com\/it\/wp-json\/wp\/v2\/pages\/41544","targetHints":{"allow":["GET"]}}],"collection":[{"href":"https:\/\/www.accuratereviews.com\/it\/wp-json\/wp\/v2\/pages"}],"about":[{"href":"https:\/\/www.accuratereviews.com\/it\/wp-json\/wp\/v2\/types\/page"}],"author":[{"embeddable":true,"href":"https:\/\/www.accuratereviews.com\/it\/wp-json\/wp\/v2\/users\/16"}],"replies":[{"embeddable":true,"href":"https:\/\/www.accuratereviews.com\/it\/wp-json\/wp\/v2\/comments?post=41544"}],"version-history":[{"count":10,"href":"https:\/\/www.accuratereviews.com\/it\/wp-json\/wp\/v2\/pages\/41544\/revisions"}],"predecessor-version":[{"id":43177,"href":"https:\/\/www.accuratereviews.com\/it\/wp-json\/wp\/v2\/pages\/41544\/revisions\/43177"}],"up":[{"embeddable":true,"href":"https:\/\/www.accuratereviews.com\/it\/wp-json\/wp\/v2\/pages\/41330"}],"wp:featuredmedia":[{"embeddable":true,"href":"https:\/\/www.accuratereviews.com\/it\/wp-json\/wp\/v2\/media\/41570"}],"wp:attachment":[{"href":"https:\/\/www.accuratereviews.com\/it\/wp-json\/wp\/v2\/media?parent=41544"}],"wp:term":[{"taxonomy":"category","embeddable":true,"href":"https:\/\/www.accuratereviews.com\/it\/wp-json\/wp\/v2\/categories?post=41544"},{"taxonomy":"post_tag","embeddable":true,"href":"https:\/\/www.accuratereviews.com\/it\/wp-json\/wp\/v2\/tags?post=41544"},{"taxonomy":"features","embeddable":true,"href":"https:\/\/www.accuratereviews.com\/it\/wp-json\/wp\/v2\/features?post=41544"}],"curies":[{"name":"wp","href":"https:\/\/api.w.org\/{rel}","templated":true}]}}