{"id":41560,"date":"2021-04-30T14:29:06","date_gmt":"2021-04-30T14:29:06","guid":{"rendered":"https:\/\/www.accuratereviews.com\/?page_id=41560"},"modified":"2021-05-21T15:02:09","modified_gmt":"2021-05-21T15:02:09","slug":"autopal-software-recensione","status":"publish","type":"page","link":"https:\/\/www.accuratereviews.com\/it\/software-erogazione-prestiti\/autopal-software-recensione\/","title":{"rendered":"AutoPal Software"},"content":{"rendered":"<p><strong>AutoPal Software<\/strong> \u00e8 una piattaforma online realizzata da istituti di credito con l&#8217;obiettivo di migliorare la<strong> gestione dei prestiti<\/strong> e tutte le attivit\u00e0 che riguardano questo servizio. Si tratta di un <strong>software per l&#8217;erogazione di prestiti<\/strong> che offre numerose funzionalit\u00e0 utili per monitorare i pagamenti, le commissioni, le transazioni, archiviare i documenti, inviare notifiche email personalizzate e analizzare i dati attraverso report precisi e dettagliati.<br \/>\nEssendo basato su cloud, questo <strong>programma di ammortamento del prestito<\/strong> \u00e8 sicuro poich\u00e8 protegge i tuoi dati ed \u00e8 accessibile ovunque, da qualsiasi postazione di lavoro.<\/p>\n<h2>AUTOPAL SOFTWARE &#8211; TUTORIAL<\/h2>\n<p>Ecco un video che ci mostra come funziona questo software:<\/p>\n<div id=\"fluid-wrapper-counter-1\" class=\"g1-fluid-wrapper \" style=\"width:686px;\">\n<div style=\"padding-bottom:56.268221574344%;\"><iframe loading=\"lazy\" title=\"Custom Forms - Manual Creation\" width=\"686\" height=\"386\" src=\"https:\/\/www.youtube.com\/embed\/9Ny0bRRoX9A?feature=oembed&amp;wmode=transparent&amp;autohide=1&amp;autoplay=0&amp;disablekb=0&amp;fs=1&amp;loop=0&amp;enablejsapi=1&amp;rel=0&amp;controls=2&amp;showinfo=0&amp;wmode=transparent&amp;autohide=2&amp;autoplay=0&amp;disablekb=0&amp;fs=1&amp;loop=0&amp;enablejsapi=1&amp;rel=0&amp;controls=2&amp;showinfo=1\" frameborder=\"0\" allow=\"accelerometer; autoplay; clipboard-write; encrypted-media; gyroscope; picture-in-picture\" allowfullscreen><\/iframe><\/div>\n<\/div>\n<h3>AUTOPAL SOFTWARE &#8211; CARATTERISTICHE<\/h3>\n<ul>\n<li>Sito web personalizzabile in cui i tuoi clienti possono accedere<\/li>\n<li>Messaggi di testo SMS per una rapida comunicazione con i clienti<\/li>\n<li>Numero illimitato di utenti senza costi aggiuntivi<\/li>\n<li>Notifiche e-mail automatizzate<\/li>\n<li>Ritiro automatico dei pagamenti dei clienti<\/li>\n<li>Pagamenti con carta di credito\/debito<\/li>\n<li>Strumenti contabili<\/li>\n<li>Archiviazione dei documenti<\/li>\n<li>Firma elettronica<\/li>\n<li>Tariffe personalizzate automatiche<\/li>\n<li>Monitoraggio della fonte di prestito<\/li>\n<li>Robusto sistema di reportistica<\/li>\n<\/ul>\n<h4>LE RECENSIONI DEGLI UTENTI<\/h4>\n<p><strong>Cosonya J. &#8220;ogni volta che chiamo trovo sempre qualcuno che dedica del tempo per aiutarmi&#8221;.<\/strong><br \/>\nPRO: facile da imparare, il sistema di pagamento e i moduli del cliente sono proprio l\u00ec. Mi piace che la scheda delle transazioni ti mostri come il prezzo e gli interessi siano stati applicati sul conto e le commissioni per il ritardo.<br \/>\nCONTRO: a volte funziona lentamente. Nel complesso penso che sia un software abbastanza buono da usare quotidianamente. Non ho altri svantaggi su questo software.<\/p>\n<p><strong>Mario M. &#8220;Ottimo servizio clienti&#8221;<\/strong><br \/>\nPRO: il software \u00e8 molto facile da usare. I video di formazione facilitano la formazione del nostro personale. Inoltre, quando abbiamo dubbi o domande, torniamo a usarli come riferimento.<br \/>\nCONTRO: quando pi\u00f9 di un dipendente sta lavorando dallo stesso account, dovrebbero mostrare qualche tipo di avviso.<\/p>\n<p><strong>Desiree C. &#8220;AutoPal \u00e8 fantastico&#8221;<\/strong><br \/>\nCOMMENTI: questo software \u00e8 molto facile da usare e ogni volta che ho una domanda, il team di supporto fornisce sempre una soluzione.<br \/>\nPRO: molto facile da usare e semplice da navigare<br \/>\nCONTRO: finora non ne ho identificati, \u00e8 tutto fantastico.<\/p>\n","protected":false},"excerpt":{"rendered":"<p>AutoPal Software \u00e8 una piattaforma online realizzata da istituti di credito con l&#8217;obiettivo di migliorare la gestione dei prestiti e tutte le attivit\u00e0 che riguardano questo servizio. Si tratta di un software per l&#8217;erogazione di prestiti che offre numerose funzionalit\u00e0 utili per monitorare i pagamenti, le commissioni, le transazioni, archiviare i documenti, inviare notifiche email personalizzate e analizzare i dati attraverso report precisi e dettagliati.<\/p>\n","protected":false},"author":17,"featured_media":41561,"parent":41330,"menu_order":0,"comment_status":"open","ping_status":"closed","template":"g1_template_page_review_new.php","meta":{"_acf_changed":false,"cwp_meta_box_check":"No","cwp_rev_product_name":"","cwp_rev_product_image":"","wppr_links":[],"cwp_rev_price":"","wppr_options":[],"wppr_pros":[],"wppr_cons":[],"_monsterinsights_skip_tracking":false,"_monsterinsights_sitenote_active":false,"_monsterinsights_sitenote_note":"","_monsterinsights_sitenote_category":0,"footnotes":""},"categories":[5815],"tags":[5868,5819,5818,5823,5849,5820,5838],"features":[],"class_list":{"0":"post-41560","1":"page","2":"type-page","3":"status-publish","4":"has-post-thumbnail","6":"category-software-per-erogazione-prestiti-categoria","7":"tag-autopal-software","8":"tag-erogazione-prestito","9":"tag-prestito","10":"tag-programma-erogazione-prestito","11":"tag-programma-per-erogazione-prestiti","12":"tag-software-per-erogazione-prestiti","13":"tag-soluzione-erogazione-prestiti"},"wppr_data":{"cwp_meta_box_check":"No"},"acf":[],"yoast_head":"<!-- This site is optimized with the Yoast SEO plugin v27.4 - https:\/\/yoast.com\/product\/yoast-seo-wordpress\/ -->\n<title>AutoPal Software: recensione programma prestiti - Accurate Reviews<\/title>\n<meta name=\"description\" content=\"AutoPal Software \u00e8 una piattaforma online realizzata da istituti di credito con l&#039;obiettivo di migliorare la gestione dei prestiti.\" \/>\n<meta name=\"robots\" content=\"index, follow, max-snippet:-1, max-image-preview:large, max-video-preview:-1\" \/>\n<link rel=\"canonical\" href=\"https:\/\/www.accuratereviews.com\/it\/software-erogazione-prestiti\/autopal-software-recensione\/\" \/>\n<meta property=\"og:locale\" content=\"it_IT\" \/>\n<meta property=\"og:type\" content=\"article\" \/>\n<meta property=\"og:title\" content=\"AutoPal Software: recensione programma prestiti - Accurate Reviews\" \/>\n<meta property=\"og:description\" content=\"AutoPal Software \u00e8 una piattaforma online realizzata da istituti di credito con l&#039;obiettivo di migliorare la gestione dei prestiti.\" \/>\n<meta property=\"og:url\" content=\"https:\/\/www.accuratereviews.com\/it\/software-erogazione-prestiti\/autopal-software-recensione\/\" \/>\n<meta property=\"og:site_name\" content=\"Accurate Reviews\" \/>\n<meta property=\"article:modified_time\" content=\"2021-05-21T15:02:09+00:00\" \/>\n<meta property=\"og:image\" content=\"https:\/\/www.accuratereviews.com\/wp-content\/uploads\/2021\/04\/1519902059049.png\" \/>\n\t<meta property=\"og:image:width\" content=\"200\" \/>\n\t<meta property=\"og:image:height\" content=\"200\" \/>\n\t<meta property=\"og:image:type\" content=\"image\/png\" \/>\n<meta name=\"twitter:card\" content=\"summary_large_image\" \/>\n<meta name=\"twitter:label1\" content=\"Tempo di lettura stimato\" \/>\n\t<meta name=\"twitter:data1\" content=\"2 minuti\" \/>\n<script type=\"application\/ld+json\" class=\"yoast-schema-graph\">{\"@context\":\"https:\\\/\\\/schema.org\",\"@graph\":[{\"@type\":\"WebPage\",\"@id\":\"https:\\\/\\\/www.accuratereviews.com\\\/it\\\/software-erogazione-prestiti\\\/autopal-software-recensione\\\/\",\"url\":\"https:\\\/\\\/www.accuratereviews.com\\\/it\\\/software-erogazione-prestiti\\\/autopal-software-recensione\\\/\",\"name\":\"AutoPal Software: recensione programma prestiti - Accurate Reviews\",\"isPartOf\":{\"@id\":\"https:\\\/\\\/www.accuratereviews.com\\\/it\\\/#website\"},\"primaryImageOfPage\":{\"@id\":\"https:\\\/\\\/www.accuratereviews.com\\\/it\\\/software-erogazione-prestiti\\\/autopal-software-recensione\\\/#primaryimage\"},\"image\":{\"@id\":\"https:\\\/\\\/www.accuratereviews.com\\\/it\\\/software-erogazione-prestiti\\\/autopal-software-recensione\\\/#primaryimage\"},\"thumbnailUrl\":\"https:\\\/\\\/www.accuratereviews.com\\\/wp-content\\\/uploads\\\/2021\\\/04\\\/1519902059049.png\",\"datePublished\":\"2021-04-30T14:29:06+00:00\",\"dateModified\":\"2021-05-21T15:02:09+00:00\",\"description\":\"AutoPal Software \u00e8 una piattaforma online realizzata da istituti di credito con l'obiettivo di migliorare la gestione dei prestiti.\",\"breadcrumb\":{\"@id\":\"https:\\\/\\\/www.accuratereviews.com\\\/it\\\/software-erogazione-prestiti\\\/autopal-software-recensione\\\/#breadcrumb\"},\"inLanguage\":\"it-IT\",\"potentialAction\":[{\"@type\":\"ReadAction\",\"target\":[\"https:\\\/\\\/www.accuratereviews.com\\\/it\\\/software-erogazione-prestiti\\\/autopal-software-recensione\\\/\"]}]},{\"@type\":\"ImageObject\",\"inLanguage\":\"it-IT\",\"@id\":\"https:\\\/\\\/www.accuratereviews.com\\\/it\\\/software-erogazione-prestiti\\\/autopal-software-recensione\\\/#primaryimage\",\"url\":\"https:\\\/\\\/www.accuratereviews.com\\\/wp-content\\\/uploads\\\/2021\\\/04\\\/1519902059049.png\",\"contentUrl\":\"https:\\\/\\\/www.accuratereviews.com\\\/wp-content\\\/uploads\\\/2021\\\/04\\\/1519902059049.png\",\"width\":200,\"height\":200},{\"@type\":\"BreadcrumbList\",\"@id\":\"https:\\\/\\\/www.accuratereviews.com\\\/it\\\/software-erogazione-prestiti\\\/autopal-software-recensione\\\/#breadcrumb\",\"itemListElement\":[{\"@type\":\"ListItem\",\"position\":1,\"name\":\"Home\",\"item\":\"https:\\\/\\\/www.accuratereviews.com\\\/it\\\/\"},{\"@type\":\"ListItem\",\"position\":2,\"name\":\"Software per l&#8217;erogazione dei prestiti\",\"item\":\"https:\\\/\\\/www.accuratereviews.com\\\/it\\\/software-erogazione-prestiti\\\/\"},{\"@type\":\"ListItem\",\"position\":3,\"name\":\"AutoPal Software\"}]},{\"@type\":\"WebSite\",\"@id\":\"https:\\\/\\\/www.accuratereviews.com\\\/it\\\/#website\",\"url\":\"https:\\\/\\\/www.accuratereviews.com\\\/it\\\/\",\"name\":\"Accurate Reviews\",\"description\":\"\",\"potentialAction\":[{\"@type\":\"SearchAction\",\"target\":{\"@type\":\"EntryPoint\",\"urlTemplate\":\"https:\\\/\\\/www.accuratereviews.com\\\/it\\\/?s={search_term_string}\"},\"query-input\":{\"@type\":\"PropertyValueSpecification\",\"valueRequired\":true,\"valueName\":\"search_term_string\"}}],\"inLanguage\":\"it-IT\"}]}<\/script>\n<!-- \/ Yoast SEO plugin. -->","yoast_head_json":{"title":"AutoPal Software: recensione programma prestiti - Accurate Reviews","description":"AutoPal Software \u00e8 una piattaforma online realizzata da istituti di credito con l'obiettivo di migliorare la gestione dei prestiti.","robots":{"index":"index","follow":"follow","max-snippet":"max-snippet:-1","max-image-preview":"max-image-preview:large","max-video-preview":"max-video-preview:-1"},"canonical":"https:\/\/www.accuratereviews.com\/it\/software-erogazione-prestiti\/autopal-software-recensione\/","og_locale":"it_IT","og_type":"article","og_title":"AutoPal Software: recensione programma prestiti - Accurate Reviews","og_description":"AutoPal Software \u00e8 una piattaforma online realizzata da istituti di credito con l'obiettivo di migliorare la gestione dei prestiti.","og_url":"https:\/\/www.accuratereviews.com\/it\/software-erogazione-prestiti\/autopal-software-recensione\/","og_site_name":"Accurate Reviews","article_modified_time":"2021-05-21T15:02:09+00:00","og_image":[{"width":200,"height":200,"url":"https:\/\/www.accuratereviews.com\/wp-content\/uploads\/2021\/04\/1519902059049.png","type":"image\/png"}],"twitter_card":"summary_large_image","twitter_misc":{"Tempo di lettura stimato":"2 minuti"},"schema":{"@context":"https:\/\/schema.org","@graph":[{"@type":"WebPage","@id":"https:\/\/www.accuratereviews.com\/it\/software-erogazione-prestiti\/autopal-software-recensione\/","url":"https:\/\/www.accuratereviews.com\/it\/software-erogazione-prestiti\/autopal-software-recensione\/","name":"AutoPal Software: recensione programma prestiti - Accurate Reviews","isPartOf":{"@id":"https:\/\/www.accuratereviews.com\/it\/#website"},"primaryImageOfPage":{"@id":"https:\/\/www.accuratereviews.com\/it\/software-erogazione-prestiti\/autopal-software-recensione\/#primaryimage"},"image":{"@id":"https:\/\/www.accuratereviews.com\/it\/software-erogazione-prestiti\/autopal-software-recensione\/#primaryimage"},"thumbnailUrl":"https:\/\/www.accuratereviews.com\/wp-content\/uploads\/2021\/04\/1519902059049.png","datePublished":"2021-04-30T14:29:06+00:00","dateModified":"2021-05-21T15:02:09+00:00","description":"AutoPal Software \u00e8 una piattaforma online realizzata da istituti di credito con l'obiettivo di migliorare la gestione dei prestiti.","breadcrumb":{"@id":"https:\/\/www.accuratereviews.com\/it\/software-erogazione-prestiti\/autopal-software-recensione\/#breadcrumb"},"inLanguage":"it-IT","potentialAction":[{"@type":"ReadAction","target":["https:\/\/www.accuratereviews.com\/it\/software-erogazione-prestiti\/autopal-software-recensione\/"]}]},{"@type":"ImageObject","inLanguage":"it-IT","@id":"https:\/\/www.accuratereviews.com\/it\/software-erogazione-prestiti\/autopal-software-recensione\/#primaryimage","url":"https:\/\/www.accuratereviews.com\/wp-content\/uploads\/2021\/04\/1519902059049.png","contentUrl":"https:\/\/www.accuratereviews.com\/wp-content\/uploads\/2021\/04\/1519902059049.png","width":200,"height":200},{"@type":"BreadcrumbList","@id":"https:\/\/www.accuratereviews.com\/it\/software-erogazione-prestiti\/autopal-software-recensione\/#breadcrumb","itemListElement":[{"@type":"ListItem","position":1,"name":"Home","item":"https:\/\/www.accuratereviews.com\/it\/"},{"@type":"ListItem","position":2,"name":"Software per l&#8217;erogazione dei prestiti","item":"https:\/\/www.accuratereviews.com\/it\/software-erogazione-prestiti\/"},{"@type":"ListItem","position":3,"name":"AutoPal Software"}]},{"@type":"WebSite","@id":"https:\/\/www.accuratereviews.com\/it\/#website","url":"https:\/\/www.accuratereviews.com\/it\/","name":"Accurate Reviews","description":"","potentialAction":[{"@type":"SearchAction","target":{"@type":"EntryPoint","urlTemplate":"https:\/\/www.accuratereviews.com\/it\/?s={search_term_string}"},"query-input":{"@type":"PropertyValueSpecification","valueRequired":true,"valueName":"search_term_string"}}],"inLanguage":"it-IT"}]}},"_links":{"self":[{"href":"https:\/\/www.accuratereviews.com\/it\/wp-json\/wp\/v2\/pages\/41560","targetHints":{"allow":["GET"]}}],"collection":[{"href":"https:\/\/www.accuratereviews.com\/it\/wp-json\/wp\/v2\/pages"}],"about":[{"href":"https:\/\/www.accuratereviews.com\/it\/wp-json\/wp\/v2\/types\/page"}],"author":[{"embeddable":true,"href":"https:\/\/www.accuratereviews.com\/it\/wp-json\/wp\/v2\/users\/17"}],"replies":[{"embeddable":true,"href":"https:\/\/www.accuratereviews.com\/it\/wp-json\/wp\/v2\/comments?post=41560"}],"version-history":[{"count":8,"href":"https:\/\/www.accuratereviews.com\/it\/wp-json\/wp\/v2\/pages\/41560\/revisions"}],"predecessor-version":[{"id":43171,"href":"https:\/\/www.accuratereviews.com\/it\/wp-json\/wp\/v2\/pages\/41560\/revisions\/43171"}],"up":[{"embeddable":true,"href":"https:\/\/www.accuratereviews.com\/it\/wp-json\/wp\/v2\/pages\/41330"}],"wp:featuredmedia":[{"embeddable":true,"href":"https:\/\/www.accuratereviews.com\/it\/wp-json\/wp\/v2\/media\/41561"}],"wp:attachment":[{"href":"https:\/\/www.accuratereviews.com\/it\/wp-json\/wp\/v2\/media?parent=41560"}],"wp:term":[{"taxonomy":"category","embeddable":true,"href":"https:\/\/www.accuratereviews.com\/it\/wp-json\/wp\/v2\/categories?post=41560"},{"taxonomy":"post_tag","embeddable":true,"href":"https:\/\/www.accuratereviews.com\/it\/wp-json\/wp\/v2\/tags?post=41560"},{"taxonomy":"features","embeddable":true,"href":"https:\/\/www.accuratereviews.com\/it\/wp-json\/wp\/v2\/features?post=41560"}],"curies":[{"name":"wp","href":"https:\/\/api.w.org\/{rel}","templated":true}]}}