{"id":41645,"date":"2021-05-03T12:43:11","date_gmt":"2021-05-03T12:43:11","guid":{"rendered":"https:\/\/www.accuratereviews.com\/?page_id=41645"},"modified":"2021-05-21T15:08:45","modified_gmt":"2021-05-21T15:08:45","slug":"the-loan-office-recensione","status":"publish","type":"page","link":"https:\/\/www.accuratereviews.com\/it\/software-erogazione-prestiti\/the-loan-office-recensione\/","title":{"rendered":"The Loan Office"},"content":{"rendered":"<p><strong>The Loan Office<\/strong> \u00e8 una<strong> soluzione di servizio di prestito<\/strong> on-premise basata su <strong>cloud<\/strong> per aziende di tutte le dimensioni. \u00c8 adatto per societ\u00e0 di prestito, mutui e servizi finanziari. Le caratteristiche principali includono la gestione dei prestiti, la contabilit\u00e0, l&#8217;addebito automatico (ACH) \/ EFT, il calcolatore finanziario, i rapporti e le previsioni.\u00a0Altre caratteristiche includono la conformit\u00e0 federale e locale, i registri delle conversazioni, la gestione dei documenti e l&#8217;elaborazione dei pagamenti.\u00a0L&#8217;ufficio prestiti consente agli utenti di stampare, gestire e archiviare i propri moduli fiscali come 1098s, 1099s e Canadian T5 dall&#8217;interno della soluzione. Offre integrazione con QuickBooks, Microsoft Excel e Microsoft Word.<\/p>\n<h2>THE LOAN OFFICE &#8211; TUTORIAL<\/h2>\n<p>Man mano che la tua attivit\u00e0 e i tuoi servizi crescono, il tuo <strong>software per l&#8217;erogazione dei prestiti<\/strong> cresce con esso, rendendolo un investimento che ti servir\u00e0 per la vita della tua attivit\u00e0. Ecco come funziona:<\/p>\n<div id=\"fluid-wrapper-counter-1\" class=\"g1-fluid-wrapper \" style=\"width:686px;\">\n<div style=\"padding-bottom:56.268221574344%;\"><iframe loading=\"lazy\" title=\"The Loan Office Video\" width=\"686\" height=\"386\" src=\"https:\/\/www.youtube.com\/embed\/r3DfxLXGvg0?feature=oembed&amp;wmode=transparent&amp;autohide=1&amp;autoplay=0&amp;disablekb=0&amp;fs=1&amp;loop=0&amp;enablejsapi=1&amp;rel=0&amp;controls=2&amp;showinfo=0&amp;wmode=transparent&amp;autohide=2&amp;autoplay=0&amp;disablekb=0&amp;fs=1&amp;loop=0&amp;enablejsapi=1&amp;rel=0&amp;controls=2&amp;showinfo=1\" frameborder=\"0\" allow=\"accelerometer; autoplay; clipboard-write; encrypted-media; gyroscope; picture-in-picture\" allowfullscreen><\/iframe><\/div>\n<\/div>\n<h3>THE LOAN OFFICE &#8211; CARATTERISTICHE<\/h3>\n<ul>\n<li>Dichiarazioni, ricevute e coupon conformi a Dodd-Frank<\/li>\n<li>Conserva registrazioni dettagliate di tutti i pagamenti effettuati dai mutuatari<\/li>\n<li>Stampa, gestisci e archivia i moduli fiscali 1098s, 1099s e canadesi T5<\/li>\n<li>Contabilit\u00e0 e amministrazione a garanzia completa<\/li>\n<li>Integrazione con QuickBooks<\/li>\n<li>Raccogli elettronicamente i pagamenti dai conti del mutuatario (ACH)<\/li>\n<li>Document imaging e sistema di gestione completamente integrato<\/li>\n<li>Crea modelli di prestito per coerenza e facilit\u00e0 di immissione dei dati<\/li>\n<li>Tieni traccia con precisione delle spese e degli anticipi sui prestiti<\/li>\n<li>Definisci le commissioni per la gestione dei prestiti flessibili in base al prestito<\/li>\n<li>Tieni traccia delle insolvenze e genera notifiche in ritardo<\/li>\n<li>Elabora senza sforzo NSF, storni, svalutazioni, pagamenti e altro ancora<\/li>\n<li>Pianifica un promemoria una tantum, ricorrente o basato su eventi<\/li>\n<li>Stampa facilmente o invia tramite email avvisi e dichiarazioni dall&#8217;interno del software<\/li>\n<li>Con un clic di un pulsante stampa le ricevute di pagamento e i libri dei buoni di pagamento<\/li>\n<li>Conserva i registri delle conversazioni delle comunicazioni con mutuatari e prestatori<\/li>\n<li>Stampa estratti conto del mutuatario, piani di ammortamento, libri coupon ed etichette postali<\/li>\n<li>Completa amministrazione di escrow di sequestri e riserve<\/li>\n<li>Elaborazione dei pagamenti veloce e flessibile NSF e Payoff<\/li>\n<\/ul>\n<h4>LE RECENSIONI DEGLI UTENTI<\/h4>\n<p class=\"font-weight-bold mb-1 d-flex align-items-center\"><strong>Jorge T.&#8221;Ottimo software per prestiti&#8221;<\/strong><\/p>\n<p><strong>Pro: <\/strong>Mi piace molto il fatto che tu possa avere database separati per i clienti a seconda dell&#8217;azienda che stai utilizzando. La possibilit\u00e0 di modificare le lettere, i rapporti e il prezzo<\/p>\n<p><strong>Contro: <\/strong>Che non si integra con un account online per consentire al cliente di visualizzare i propri saldi ed effettuare i pagamenti<\/p>\n<p class=\"font-weight-bold mb-1 d-flex align-items-center\"><strong>Prince B.&#8221;Un incredibile software per servizi di prestito&#8221;<\/strong><\/p>\n<p><strong>Commenti: <\/strong>Nella nostra organizzazione abbiamo riscontrato alcuni errori sulla fornitura di servizi di prestito e ci ha richiesto molto tempo per il monitoraggio, ma quando abbiamo introdotto questo programma, il problema \u00e8 stato risolto poich\u00e9 fa tutte le pratiche burocratiche di cui abbiamo bisogno per la gestione dei prestiti, quindi consente di risparmiare tempo e denaro .<\/p>\n<p><strong>Pro: <\/strong>Questo software \u00e8 il migliore in modo tale da essere molto completo e facile da usare. Risparmia tempo e fa completamente il lavoro per te. Fornisce inoltre tutti i rapporti in modo rapido e semplice.<\/p>\n<p><strong>Contro: <\/strong>Il suo software molto carino d\u00e0 i migliori risultati a meno che tu non ne abbia abbastanza conoscenza e gadget ben funzionanti.<\/p>\n<p class=\"font-weight-bold mb-1 d-flex align-items-center\"><strong>Beth S.&#8221;Facile da usare e conveniente&#8221;<\/strong><\/p>\n<p><strong>Commenti: <\/strong>Abbiamo solo un piccolo numero di mutui ipotecari che forniamo e questo software era estremamente conveniente e molto pi\u00f9 facile da usare rispetto al nostro software precedente o ad altri che abbiamo trovato nella nostra ricerca.<\/p>\n<p><strong>Pro: <\/strong>Questo software \u00e8 molto facile da usare e intuitivo. Se \u00e8 necessario aiuto, la Guida per gli utenti dell&#8217;ufficio prestiti \u00e8 molto utile.<\/p>\n<p><strong>Contro: <\/strong>Non esiste una funzione di reportistica personalizzata facile da usare, tuttavia ci \u00e8 stato detto in anticipo.<\/p>\n","protected":false},"excerpt":{"rendered":"<p>AutoPal Software \u00e8 una soluzione di servizio di prestito basata su cloud per istituti finanziari e bancari per aiutarli a tenere traccia delle rate del prestito e registrare i pagamenti. La soluzione integrata offre strumenti per progettare siti web aziendali personalizzabili, inviare avvisi SMS, creare portali clienti, condividere notifiche email, accettare pagamenti e molto altro.<\/p>\n","protected":false},"author":19,"featured_media":41662,"parent":41330,"menu_order":0,"comment_status":"open","ping_status":"closed","template":"g1_template_page_review_new.php","meta":{"_acf_changed":false,"cwp_meta_box_check":"Yes","cwp_rev_product_name":"","cwp_rev_product_image":"","wppr_links":[],"cwp_rev_price":"","wppr_options":[],"wppr_pros":[],"wppr_cons":[],"_monsterinsights_skip_tracking":false,"_monsterinsights_sitenote_active":false,"_monsterinsights_sitenote_note":"","_monsterinsights_sitenote_category":0,"footnotes":""},"categories":[5815],"tags":[396,5848,5849,5820,5847,5885],"features":[],"class_list":{"0":"post-41645","1":"page","2":"type-page","3":"status-publish","4":"has-post-thumbnail","6":"category-software-per-erogazione-prestiti-categoria","7":"tag-cloud","8":"tag-piattaforma-per-erogazione-prestiti","9":"tag-programma-per-erogazione-prestiti","10":"tag-software-per-erogazione-prestiti","11":"tag-soluzione-per-erogazione-prestiti","12":"tag-the-loan-office"},"wppr_data":{"cwp_meta_box_check":"Yes","cwp_rev_product_name":"","cwp_rev_product_image":"","cwp_image_link":"image","cwp_rev_price":"","wppr_rating":"0.00"},"acf":[],"yoast_head":"<!-- This site is optimized with the Yoast SEO plugin v27.4 - https:\/\/yoast.com\/product\/yoast-seo-wordpress\/ -->\n<title>The Loan Office: software per erogazione prestiti - Accurate Reviews<\/title>\n<meta name=\"description\" content=\"The Loan Office: recensione soluzione di servizio di prestito basata su cloud per istituti finanziari e bancari.\" \/>\n<meta name=\"robots\" content=\"index, follow, max-snippet:-1, max-image-preview:large, max-video-preview:-1\" \/>\n<link rel=\"canonical\" href=\"https:\/\/www.accuratereviews.com\/it\/software-erogazione-prestiti\/the-loan-office-recensione\/\" \/>\n<meta property=\"og:locale\" content=\"it_IT\" \/>\n<meta property=\"og:type\" content=\"article\" \/>\n<meta property=\"og:title\" content=\"The Loan Office: software per erogazione prestiti - Accurate Reviews\" \/>\n<meta property=\"og:description\" content=\"The Loan Office: recensione soluzione di servizio di prestito basata su cloud per istituti finanziari e bancari.\" \/>\n<meta property=\"og:url\" content=\"https:\/\/www.accuratereviews.com\/it\/software-erogazione-prestiti\/the-loan-office-recensione\/\" \/>\n<meta property=\"og:site_name\" content=\"Accurate Reviews\" \/>\n<meta property=\"article:modified_time\" content=\"2021-05-21T15:08:45+00:00\" \/>\n<meta property=\"og:image\" content=\"https:\/\/www.accuratereviews.com\/wp-content\/uploads\/2021\/05\/the-loan.jpg\" \/>\n\t<meta property=\"og:image:width\" content=\"1214\" \/>\n\t<meta property=\"og:image:height\" content=\"497\" \/>\n\t<meta property=\"og:image:type\" content=\"image\/jpeg\" \/>\n<meta name=\"twitter:card\" content=\"summary_large_image\" \/>\n<meta name=\"twitter:label1\" content=\"Tempo di lettura stimato\" \/>\n\t<meta name=\"twitter:data1\" content=\"3 minuti\" \/>\n<script type=\"application\/ld+json\" class=\"yoast-schema-graph\">{\"@context\":\"https:\\\/\\\/schema.org\",\"@graph\":[{\"@type\":\"WebPage\",\"@id\":\"https:\\\/\\\/www.accuratereviews.com\\\/it\\\/software-erogazione-prestiti\\\/the-loan-office-recensione\\\/\",\"url\":\"https:\\\/\\\/www.accuratereviews.com\\\/it\\\/software-erogazione-prestiti\\\/the-loan-office-recensione\\\/\",\"name\":\"The Loan Office: software per erogazione prestiti - Accurate Reviews\",\"isPartOf\":{\"@id\":\"https:\\\/\\\/www.accuratereviews.com\\\/it\\\/#website\"},\"primaryImageOfPage\":{\"@id\":\"https:\\\/\\\/www.accuratereviews.com\\\/it\\\/software-erogazione-prestiti\\\/the-loan-office-recensione\\\/#primaryimage\"},\"image\":{\"@id\":\"https:\\\/\\\/www.accuratereviews.com\\\/it\\\/software-erogazione-prestiti\\\/the-loan-office-recensione\\\/#primaryimage\"},\"thumbnailUrl\":\"https:\\\/\\\/www.accuratereviews.com\\\/wp-content\\\/uploads\\\/2021\\\/05\\\/the-loan.jpg\",\"datePublished\":\"2021-05-03T12:43:11+00:00\",\"dateModified\":\"2021-05-21T15:08:45+00:00\",\"description\":\"The Loan Office: recensione soluzione di servizio di prestito basata su cloud per istituti finanziari e bancari.\",\"breadcrumb\":{\"@id\":\"https:\\\/\\\/www.accuratereviews.com\\\/it\\\/software-erogazione-prestiti\\\/the-loan-office-recensione\\\/#breadcrumb\"},\"inLanguage\":\"it-IT\",\"potentialAction\":[{\"@type\":\"ReadAction\",\"target\":[\"https:\\\/\\\/www.accuratereviews.com\\\/it\\\/software-erogazione-prestiti\\\/the-loan-office-recensione\\\/\"]}]},{\"@type\":\"ImageObject\",\"inLanguage\":\"it-IT\",\"@id\":\"https:\\\/\\\/www.accuratereviews.com\\\/it\\\/software-erogazione-prestiti\\\/the-loan-office-recensione\\\/#primaryimage\",\"url\":\"https:\\\/\\\/www.accuratereviews.com\\\/wp-content\\\/uploads\\\/2021\\\/05\\\/the-loan.jpg\",\"contentUrl\":\"https:\\\/\\\/www.accuratereviews.com\\\/wp-content\\\/uploads\\\/2021\\\/05\\\/the-loan.jpg\",\"width\":1214,\"height\":497,\"caption\":\"Robust Loan Servicing Software\"},{\"@type\":\"BreadcrumbList\",\"@id\":\"https:\\\/\\\/www.accuratereviews.com\\\/it\\\/software-erogazione-prestiti\\\/the-loan-office-recensione\\\/#breadcrumb\",\"itemListElement\":[{\"@type\":\"ListItem\",\"position\":1,\"name\":\"Home\",\"item\":\"https:\\\/\\\/www.accuratereviews.com\\\/it\\\/\"},{\"@type\":\"ListItem\",\"position\":2,\"name\":\"Software per l&#8217;erogazione dei prestiti\",\"item\":\"https:\\\/\\\/www.accuratereviews.com\\\/it\\\/software-erogazione-prestiti\\\/\"},{\"@type\":\"ListItem\",\"position\":3,\"name\":\"The Loan Office\"}]},{\"@type\":\"WebSite\",\"@id\":\"https:\\\/\\\/www.accuratereviews.com\\\/it\\\/#website\",\"url\":\"https:\\\/\\\/www.accuratereviews.com\\\/it\\\/\",\"name\":\"Accurate Reviews\",\"description\":\"\",\"potentialAction\":[{\"@type\":\"SearchAction\",\"target\":{\"@type\":\"EntryPoint\",\"urlTemplate\":\"https:\\\/\\\/www.accuratereviews.com\\\/it\\\/?s={search_term_string}\"},\"query-input\":{\"@type\":\"PropertyValueSpecification\",\"valueRequired\":true,\"valueName\":\"search_term_string\"}}],\"inLanguage\":\"it-IT\"}]}<\/script>\n<!-- \/ Yoast SEO plugin. -->","yoast_head_json":{"title":"The Loan Office: software per erogazione prestiti - Accurate Reviews","description":"The Loan Office: recensione soluzione di servizio di prestito basata su cloud per istituti finanziari e bancari.","robots":{"index":"index","follow":"follow","max-snippet":"max-snippet:-1","max-image-preview":"max-image-preview:large","max-video-preview":"max-video-preview:-1"},"canonical":"https:\/\/www.accuratereviews.com\/it\/software-erogazione-prestiti\/the-loan-office-recensione\/","og_locale":"it_IT","og_type":"article","og_title":"The Loan Office: software per erogazione prestiti - Accurate Reviews","og_description":"The Loan Office: recensione soluzione di servizio di prestito basata su cloud per istituti finanziari e bancari.","og_url":"https:\/\/www.accuratereviews.com\/it\/software-erogazione-prestiti\/the-loan-office-recensione\/","og_site_name":"Accurate Reviews","article_modified_time":"2021-05-21T15:08:45+00:00","og_image":[{"width":1214,"height":497,"url":"https:\/\/www.accuratereviews.com\/wp-content\/uploads\/2021\/05\/the-loan.jpg","type":"image\/jpeg"}],"twitter_card":"summary_large_image","twitter_misc":{"Tempo di lettura stimato":"3 minuti"},"schema":{"@context":"https:\/\/schema.org","@graph":[{"@type":"WebPage","@id":"https:\/\/www.accuratereviews.com\/it\/software-erogazione-prestiti\/the-loan-office-recensione\/","url":"https:\/\/www.accuratereviews.com\/it\/software-erogazione-prestiti\/the-loan-office-recensione\/","name":"The Loan Office: software per erogazione prestiti - Accurate Reviews","isPartOf":{"@id":"https:\/\/www.accuratereviews.com\/it\/#website"},"primaryImageOfPage":{"@id":"https:\/\/www.accuratereviews.com\/it\/software-erogazione-prestiti\/the-loan-office-recensione\/#primaryimage"},"image":{"@id":"https:\/\/www.accuratereviews.com\/it\/software-erogazione-prestiti\/the-loan-office-recensione\/#primaryimage"},"thumbnailUrl":"https:\/\/www.accuratereviews.com\/wp-content\/uploads\/2021\/05\/the-loan.jpg","datePublished":"2021-05-03T12:43:11+00:00","dateModified":"2021-05-21T15:08:45+00:00","description":"The Loan Office: recensione soluzione di servizio di prestito basata su cloud per istituti finanziari e bancari.","breadcrumb":{"@id":"https:\/\/www.accuratereviews.com\/it\/software-erogazione-prestiti\/the-loan-office-recensione\/#breadcrumb"},"inLanguage":"it-IT","potentialAction":[{"@type":"ReadAction","target":["https:\/\/www.accuratereviews.com\/it\/software-erogazione-prestiti\/the-loan-office-recensione\/"]}]},{"@type":"ImageObject","inLanguage":"it-IT","@id":"https:\/\/www.accuratereviews.com\/it\/software-erogazione-prestiti\/the-loan-office-recensione\/#primaryimage","url":"https:\/\/www.accuratereviews.com\/wp-content\/uploads\/2021\/05\/the-loan.jpg","contentUrl":"https:\/\/www.accuratereviews.com\/wp-content\/uploads\/2021\/05\/the-loan.jpg","width":1214,"height":497,"caption":"Robust Loan Servicing Software"},{"@type":"BreadcrumbList","@id":"https:\/\/www.accuratereviews.com\/it\/software-erogazione-prestiti\/the-loan-office-recensione\/#breadcrumb","itemListElement":[{"@type":"ListItem","position":1,"name":"Home","item":"https:\/\/www.accuratereviews.com\/it\/"},{"@type":"ListItem","position":2,"name":"Software per l&#8217;erogazione dei prestiti","item":"https:\/\/www.accuratereviews.com\/it\/software-erogazione-prestiti\/"},{"@type":"ListItem","position":3,"name":"The Loan Office"}]},{"@type":"WebSite","@id":"https:\/\/www.accuratereviews.com\/it\/#website","url":"https:\/\/www.accuratereviews.com\/it\/","name":"Accurate Reviews","description":"","potentialAction":[{"@type":"SearchAction","target":{"@type":"EntryPoint","urlTemplate":"https:\/\/www.accuratereviews.com\/it\/?s={search_term_string}"},"query-input":{"@type":"PropertyValueSpecification","valueRequired":true,"valueName":"search_term_string"}}],"inLanguage":"it-IT"}]}},"_links":{"self":[{"href":"https:\/\/www.accuratereviews.com\/it\/wp-json\/wp\/v2\/pages\/41645","targetHints":{"allow":["GET"]}}],"collection":[{"href":"https:\/\/www.accuratereviews.com\/it\/wp-json\/wp\/v2\/pages"}],"about":[{"href":"https:\/\/www.accuratereviews.com\/it\/wp-json\/wp\/v2\/types\/page"}],"author":[{"embeddable":true,"href":"https:\/\/www.accuratereviews.com\/it\/wp-json\/wp\/v2\/users\/19"}],"replies":[{"embeddable":true,"href":"https:\/\/www.accuratereviews.com\/it\/wp-json\/wp\/v2\/comments?post=41645"}],"version-history":[{"count":21,"href":"https:\/\/www.accuratereviews.com\/it\/wp-json\/wp\/v2\/pages\/41645\/revisions"}],"predecessor-version":[{"id":43183,"href":"https:\/\/www.accuratereviews.com\/it\/wp-json\/wp\/v2\/pages\/41645\/revisions\/43183"}],"up":[{"embeddable":true,"href":"https:\/\/www.accuratereviews.com\/it\/wp-json\/wp\/v2\/pages\/41330"}],"wp:featuredmedia":[{"embeddable":true,"href":"https:\/\/www.accuratereviews.com\/it\/wp-json\/wp\/v2\/media\/41662"}],"wp:attachment":[{"href":"https:\/\/www.accuratereviews.com\/it\/wp-json\/wp\/v2\/media?parent=41645"}],"wp:term":[{"taxonomy":"category","embeddable":true,"href":"https:\/\/www.accuratereviews.com\/it\/wp-json\/wp\/v2\/categories?post=41645"},{"taxonomy":"post_tag","embeddable":true,"href":"https:\/\/www.accuratereviews.com\/it\/wp-json\/wp\/v2\/tags?post=41645"},{"taxonomy":"features","embeddable":true,"href":"https:\/\/www.accuratereviews.com\/it\/wp-json\/wp\/v2\/features?post=41645"}],"curies":[{"name":"wp","href":"https:\/\/api.w.org\/{rel}","templated":true}]}}