{"id":41648,"date":"2021-05-03T12:56:13","date_gmt":"2021-05-03T12:56:13","guid":{"rendered":"https:\/\/www.accuratereviews.com\/?page_id=41648"},"modified":"2021-05-21T15:12:10","modified_gmt":"2021-05-21T15:12:10","slug":"margill-loan-manager-recensione","status":"publish","type":"page","link":"https:\/\/www.accuratereviews.com\/it\/software-erogazione-prestiti\/margill-loan-manager-recensione\/","title":{"rendered":"Margill Loan Manager"},"content":{"rendered":"<p><strong>Margill Loan Manager<\/strong> \u00e8 una <strong>soluzione di servizio di prestito<\/strong> basata su <strong>cloud<\/strong>, che assiste gli istituti di credito con la manutenzione di prestiti, linee di credito, mutui, crediti e leasing. Le caratteristiche principali includono il calcolo degli interessi, i campi personalizzati, l&#8217;esportazione dei dati, il supporto multivaluta, i rapporti personalizzabili e il monitoraggio delle entrate. L&#8217;applicazione consente agli utenti di importare i dettagli del mutuatario, prestiti irregolari e pagamenti da fogli Excel, creando campi personalizzati e menu a scorrimento. Lo strumento di unione dei documenti aiuta i team a produrre contratti, lettere, fatture ed estratti conto, semplificando il processo di creazione del prestito. I team di credito possono automatizzare il calcolo di interessi e commissioni, nonch\u00e9 inviare pagamenti e dettagli delle commissioni in blocco. I manager possono generare report personalizzabili su proiezioni finanziarie, transazioni, programmi di pagamento, deposito a garanzia e altro ancora.<\/p>\n<h2>MARGILL LOAN MANAGER &#8211; TUTORIAL<\/h2>\n<p>Vediamo il video della presentazione di questo <strong>software per erogazione di prestiti:<\/strong><\/p>\n<div id=\"fluid-wrapper-counter-1\" class=\"g1-fluid-wrapper \" style=\"width:686px;\">\n<div style=\"padding-bottom:56.268221574344%;\"><iframe loading=\"lazy\" title=\"Margill Loan Manager Overview\" width=\"686\" height=\"386\" src=\"https:\/\/www.youtube.com\/embed\/OKuyIqnnqtM?feature=oembed&amp;wmode=transparent&amp;autohide=1&amp;autoplay=0&amp;disablekb=0&amp;fs=1&amp;loop=0&amp;enablejsapi=1&amp;rel=0&amp;controls=2&amp;showinfo=0&amp;wmode=transparent&amp;autohide=2&amp;autoplay=0&amp;disablekb=0&amp;fs=1&amp;loop=0&amp;enablejsapi=1&amp;rel=0&amp;controls=2&amp;showinfo=1\" frameborder=\"0\" allow=\"accelerometer; autoplay; clipboard-write; encrypted-media; gyroscope; picture-in-picture\" allowfullscreen><\/iframe><\/div>\n<\/div>\n<h3>MARGILL LOAN MANAGER &#8211; CARATTERISTICHE<\/h3>\n<ul>\n<li>Riduci il rischio e i crediti inesigibili<\/li>\n<li>Risparmia tempo prezioso per il personale e semplifica le loro attivit\u00e0<\/li>\n<li>Ottieni accesso istantaneo a informazioni critiche e consolidate, in qualsiasi momento<\/li>\n<li>Riduci il tempo di reporting contabile, aumenta la sua precisione<\/li>\n<li>Aumenta le entrate: monitora i pagamenti effettivi e le commissioni automatiche per i pagamenti in ritardo o non pagati<\/li>\n<li>Multivaluta<\/li>\n<li>Allega e scansiona documenti<\/li>\n<li>Dashboard utilizzando i widget<\/li>\n<li>Proiezioni finanziarie<\/li>\n<li>Produci e invia tramite posta elettronica fatture, estratti conto, lettere, contratti<\/li>\n<li>Dichiarazioni degli investitori<\/li>\n<li>Report prodotti automaticamente<\/li>\n<li>Crea documenti di prestito<\/li>\n<li>Personalizzazione definita dall&#8217;utente<\/li>\n<li>Integrazione di Salesforce CRM tramite API<\/li>\n<\/ul>\n<h4>LE RECENSIONI DEGLI UTENTI<\/h4>\n<p class=\"font-weight-bold mb-1 d-flex align-items-center\"><strong>Christopher C.&#8221;Margill ottimo rapporto qualit\u00e0-prezzo&#8221;<\/strong><\/p>\n<p><strong>Commenti: <\/strong>Margill \u00e8 stato fantastico ed \u00e8 un&#8217;opzione gradita per noi. Ci vuole un po &#8216;per abituarsi, ma il suo valore e la sua funzionalit\u00e0 sono ci\u00f2 che fa funzionare bene il sistema.<\/p>\n<p><strong>Pro: <\/strong>Il prezzo, la facilit\u00e0 d&#8217;uso e la funzionalit\u00e0. Ha le dimensioni giuste per la mia azienda e ha molte fantastiche funzionalit\u00e0 come l&#8217;unione dei documenti e la personalizzazione versatile.<\/p>\n<p><strong>Contro: <\/strong>Il modo in cui vengono presentate le informazioni richiede un po &#8216;di tempo per abituarsi e ci sono alcuni dettagli del sistema che non concordano con il modo in cui le informazioni dovrebbero essere presentate o con ci\u00f2 che ci si aspetta. Margill ci ha offerto diverse soluzioni e stiamo esaminando queste opzioni ora.<\/p>\n<p class=\"font-weight-bold mb-1 d-flex align-items-center\"><strong>Arlyn P.&#8221;Ottimo software per la gestione del prestito&#8221;<\/strong><\/p>\n<p><strong>Commenti: <\/strong>Margill Loan Manager ha semplificato il modo in cui gestiamo i nostri prestiti, facendoci risparmiare tempo in quanto non dobbiamo creare tabelle di ammortamento Excel separate o andare in documenti separati per pubblicare interessi; possiamo conservare tutte le informazioni sul prestito in un unico posto e le informazioni \/ rapporti sono accurati. Ottimo software e eccellente servizio clienti!<\/p>\n<p><strong>Pro: <\/strong>Mi piace che questo software sia facile da usare, facile da usare, da apprendere e da gestire i dati del prestito.<\/p>\n<p><strong>Contro: <\/strong>Finora, questo software \u00e8 perfetto per la nostra azienda; l&#8217;unico inconveniente che ho riscontrato \u00e8 che quando si elencano diversi pagamenti dovuti nella stessa data, il rapporto prende solo il primo importo elencato.<\/p>\n<p class=\"font-weight-bold mb-1 d-flex align-items-center\"><strong>Maxime S.&#8221;La soluzione giusta per una piccola societ\u00e0 di mutui ipotecari come Financi\u00e8re Victoria&#8221;<\/strong><\/p>\n<p><strong>Pro: <\/strong>Non riesco a immaginare di tornare a un Excel e controllare il protocollo. Margill ha permesso alla nostra azienda di crescere e snellire il processo. \u00c8 molto facile da usare per me e per i miei assistenti.<\/p>\n<p><strong>Contro: <\/strong>La possibilit\u00e0 di accedere al database da remoto potrebbe essere un must, soprattutto in epoca Covid.<\/p>\n","protected":false},"excerpt":{"rendered":"<p>Margill Loan Manager \u00e8 una soluzione di servizio di prestito basata su cloud, che assiste gli istituti di credito con la manutenzione di prestiti, linee di credito, mutui, crediti e leasing. Le caratteristiche principali includono il calcolo degli interessi, i campi personalizzati, l&#8217;esportazione dei dati, il supporto multivaluta, i rapporti personalizzabili e il monitoraggio delle entrate.<\/p>\n","protected":false},"author":19,"featured_media":41674,"parent":41330,"menu_order":0,"comment_status":"open","ping_status":"closed","template":"g1_template_page_review_new.php","meta":{"_acf_changed":false,"cwp_meta_box_check":"Yes","cwp_rev_product_name":"","cwp_rev_product_image":"","wppr_links":[],"cwp_rev_price":"","wppr_options":[],"wppr_pros":[],"wppr_cons":[],"_monsterinsights_skip_tracking":false,"_monsterinsights_sitenote_active":false,"_monsterinsights_sitenote_note":"","_monsterinsights_sitenote_category":0,"footnotes":""},"categories":[5815],"tags":[5942,5901,5937,5886,5840,5891,5837],"features":[],"class_list":{"0":"post-41648","1":"page","2":"type-page","3":"status-publish","4":"has-post-thumbnail","6":"category-software-per-erogazione-prestiti-categoria","7":"tag-erogazione-prestiti","8":"tag-gestionale-prestiti","9":"tag-gestione-del-prestito","10":"tag-margill-loan-manager","11":"tag-piattaforma-erogazione-prestiti","12":"tag-programmi-erogazione-prestiti","13":"tag-software-erogazione-prestiti"},"wppr_data":{"cwp_meta_box_check":"Yes","cwp_rev_product_name":"","cwp_rev_product_image":"","cwp_image_link":"image","cwp_rev_price":"","wppr_rating":"0.00"},"acf":[],"yoast_head":"<!-- This site is optimized with the Yoast SEO plugin v27.4 - https:\/\/yoast.com\/product\/yoast-seo-wordpress\/ -->\n<title>Margill Loan Manager: recensione software erogazione prestiti<\/title>\n<meta name=\"description\" content=\"Margill Loan Manager: recensione soluzione di servizio di prestito basata su cloud che assiste gli istituti di credito.\" \/>\n<meta name=\"robots\" content=\"index, follow, max-snippet:-1, max-image-preview:large, max-video-preview:-1\" \/>\n<link rel=\"canonical\" href=\"https:\/\/www.accuratereviews.com\/it\/software-erogazione-prestiti\/margill-loan-manager-recensione\/\" \/>\n<meta property=\"og:locale\" content=\"it_IT\" \/>\n<meta property=\"og:type\" content=\"article\" \/>\n<meta property=\"og:title\" content=\"Margill Loan Manager: recensione software erogazione prestiti\" \/>\n<meta property=\"og:description\" content=\"Margill Loan Manager: recensione soluzione di servizio di prestito basata su cloud che assiste gli istituti di credito.\" \/>\n<meta property=\"og:url\" content=\"https:\/\/www.accuratereviews.com\/it\/software-erogazione-prestiti\/margill-loan-manager-recensione\/\" \/>\n<meta property=\"og:site_name\" content=\"Accurate Reviews\" \/>\n<meta property=\"article:modified_time\" content=\"2021-05-21T15:12:10+00:00\" \/>\n<meta property=\"og:image\" content=\"https:\/\/www.accuratereviews.com\/wp-content\/uploads\/2021\/05\/margill-loan-manager.jpg\" \/>\n\t<meta property=\"og:image:width\" content=\"600\" \/>\n\t<meta property=\"og:image:height\" content=\"315\" \/>\n\t<meta property=\"og:image:type\" content=\"image\/jpeg\" \/>\n<meta name=\"twitter:card\" content=\"summary_large_image\" \/>\n<meta name=\"twitter:label1\" content=\"Tempo di lettura stimato\" \/>\n\t<meta name=\"twitter:data1\" content=\"3 minuti\" \/>\n<script type=\"application\/ld+json\" class=\"yoast-schema-graph\">{\"@context\":\"https:\\\/\\\/schema.org\",\"@graph\":[{\"@type\":\"WebPage\",\"@id\":\"https:\\\/\\\/www.accuratereviews.com\\\/it\\\/software-erogazione-prestiti\\\/margill-loan-manager-recensione\\\/\",\"url\":\"https:\\\/\\\/www.accuratereviews.com\\\/it\\\/software-erogazione-prestiti\\\/margill-loan-manager-recensione\\\/\",\"name\":\"Margill Loan Manager: recensione software erogazione prestiti\",\"isPartOf\":{\"@id\":\"https:\\\/\\\/www.accuratereviews.com\\\/it\\\/#website\"},\"primaryImageOfPage\":{\"@id\":\"https:\\\/\\\/www.accuratereviews.com\\\/it\\\/software-erogazione-prestiti\\\/margill-loan-manager-recensione\\\/#primaryimage\"},\"image\":{\"@id\":\"https:\\\/\\\/www.accuratereviews.com\\\/it\\\/software-erogazione-prestiti\\\/margill-loan-manager-recensione\\\/#primaryimage\"},\"thumbnailUrl\":\"https:\\\/\\\/www.accuratereviews.com\\\/wp-content\\\/uploads\\\/2021\\\/05\\\/margill-loan-manager.jpg\",\"datePublished\":\"2021-05-03T12:56:13+00:00\",\"dateModified\":\"2021-05-21T15:12:10+00:00\",\"description\":\"Margill Loan Manager: recensione soluzione di servizio di prestito basata su cloud che assiste gli istituti di credito.\",\"breadcrumb\":{\"@id\":\"https:\\\/\\\/www.accuratereviews.com\\\/it\\\/software-erogazione-prestiti\\\/margill-loan-manager-recensione\\\/#breadcrumb\"},\"inLanguage\":\"it-IT\",\"potentialAction\":[{\"@type\":\"ReadAction\",\"target\":[\"https:\\\/\\\/www.accuratereviews.com\\\/it\\\/software-erogazione-prestiti\\\/margill-loan-manager-recensione\\\/\"]}]},{\"@type\":\"ImageObject\",\"inLanguage\":\"it-IT\",\"@id\":\"https:\\\/\\\/www.accuratereviews.com\\\/it\\\/software-erogazione-prestiti\\\/margill-loan-manager-recensione\\\/#primaryimage\",\"url\":\"https:\\\/\\\/www.accuratereviews.com\\\/wp-content\\\/uploads\\\/2021\\\/05\\\/margill-loan-manager.jpg\",\"contentUrl\":\"https:\\\/\\\/www.accuratereviews.com\\\/wp-content\\\/uploads\\\/2021\\\/05\\\/margill-loan-manager.jpg\",\"width\":600,\"height\":315},{\"@type\":\"BreadcrumbList\",\"@id\":\"https:\\\/\\\/www.accuratereviews.com\\\/it\\\/software-erogazione-prestiti\\\/margill-loan-manager-recensione\\\/#breadcrumb\",\"itemListElement\":[{\"@type\":\"ListItem\",\"position\":1,\"name\":\"Home\",\"item\":\"https:\\\/\\\/www.accuratereviews.com\\\/it\\\/\"},{\"@type\":\"ListItem\",\"position\":2,\"name\":\"Software per l&#8217;erogazione dei prestiti\",\"item\":\"https:\\\/\\\/www.accuratereviews.com\\\/it\\\/software-erogazione-prestiti\\\/\"},{\"@type\":\"ListItem\",\"position\":3,\"name\":\"Margill Loan Manager\"}]},{\"@type\":\"WebSite\",\"@id\":\"https:\\\/\\\/www.accuratereviews.com\\\/it\\\/#website\",\"url\":\"https:\\\/\\\/www.accuratereviews.com\\\/it\\\/\",\"name\":\"Accurate Reviews\",\"description\":\"\",\"potentialAction\":[{\"@type\":\"SearchAction\",\"target\":{\"@type\":\"EntryPoint\",\"urlTemplate\":\"https:\\\/\\\/www.accuratereviews.com\\\/it\\\/?s={search_term_string}\"},\"query-input\":{\"@type\":\"PropertyValueSpecification\",\"valueRequired\":true,\"valueName\":\"search_term_string\"}}],\"inLanguage\":\"it-IT\"}]}<\/script>\n<!-- \/ Yoast SEO plugin. -->","yoast_head_json":{"title":"Margill Loan Manager: recensione software erogazione prestiti","description":"Margill Loan Manager: recensione soluzione di servizio di prestito basata su cloud che assiste gli istituti di credito.","robots":{"index":"index","follow":"follow","max-snippet":"max-snippet:-1","max-image-preview":"max-image-preview:large","max-video-preview":"max-video-preview:-1"},"canonical":"https:\/\/www.accuratereviews.com\/it\/software-erogazione-prestiti\/margill-loan-manager-recensione\/","og_locale":"it_IT","og_type":"article","og_title":"Margill Loan Manager: recensione software erogazione prestiti","og_description":"Margill Loan Manager: recensione soluzione di servizio di prestito basata su cloud che assiste gli istituti di credito.","og_url":"https:\/\/www.accuratereviews.com\/it\/software-erogazione-prestiti\/margill-loan-manager-recensione\/","og_site_name":"Accurate Reviews","article_modified_time":"2021-05-21T15:12:10+00:00","og_image":[{"width":600,"height":315,"url":"https:\/\/www.accuratereviews.com\/wp-content\/uploads\/2021\/05\/margill-loan-manager.jpg","type":"image\/jpeg"}],"twitter_card":"summary_large_image","twitter_misc":{"Tempo di lettura stimato":"3 minuti"},"schema":{"@context":"https:\/\/schema.org","@graph":[{"@type":"WebPage","@id":"https:\/\/www.accuratereviews.com\/it\/software-erogazione-prestiti\/margill-loan-manager-recensione\/","url":"https:\/\/www.accuratereviews.com\/it\/software-erogazione-prestiti\/margill-loan-manager-recensione\/","name":"Margill Loan Manager: recensione software erogazione prestiti","isPartOf":{"@id":"https:\/\/www.accuratereviews.com\/it\/#website"},"primaryImageOfPage":{"@id":"https:\/\/www.accuratereviews.com\/it\/software-erogazione-prestiti\/margill-loan-manager-recensione\/#primaryimage"},"image":{"@id":"https:\/\/www.accuratereviews.com\/it\/software-erogazione-prestiti\/margill-loan-manager-recensione\/#primaryimage"},"thumbnailUrl":"https:\/\/www.accuratereviews.com\/wp-content\/uploads\/2021\/05\/margill-loan-manager.jpg","datePublished":"2021-05-03T12:56:13+00:00","dateModified":"2021-05-21T15:12:10+00:00","description":"Margill Loan Manager: recensione soluzione di servizio di prestito basata su cloud che assiste gli istituti di credito.","breadcrumb":{"@id":"https:\/\/www.accuratereviews.com\/it\/software-erogazione-prestiti\/margill-loan-manager-recensione\/#breadcrumb"},"inLanguage":"it-IT","potentialAction":[{"@type":"ReadAction","target":["https:\/\/www.accuratereviews.com\/it\/software-erogazione-prestiti\/margill-loan-manager-recensione\/"]}]},{"@type":"ImageObject","inLanguage":"it-IT","@id":"https:\/\/www.accuratereviews.com\/it\/software-erogazione-prestiti\/margill-loan-manager-recensione\/#primaryimage","url":"https:\/\/www.accuratereviews.com\/wp-content\/uploads\/2021\/05\/margill-loan-manager.jpg","contentUrl":"https:\/\/www.accuratereviews.com\/wp-content\/uploads\/2021\/05\/margill-loan-manager.jpg","width":600,"height":315},{"@type":"BreadcrumbList","@id":"https:\/\/www.accuratereviews.com\/it\/software-erogazione-prestiti\/margill-loan-manager-recensione\/#breadcrumb","itemListElement":[{"@type":"ListItem","position":1,"name":"Home","item":"https:\/\/www.accuratereviews.com\/it\/"},{"@type":"ListItem","position":2,"name":"Software per l&#8217;erogazione dei prestiti","item":"https:\/\/www.accuratereviews.com\/it\/software-erogazione-prestiti\/"},{"@type":"ListItem","position":3,"name":"Margill Loan Manager"}]},{"@type":"WebSite","@id":"https:\/\/www.accuratereviews.com\/it\/#website","url":"https:\/\/www.accuratereviews.com\/it\/","name":"Accurate Reviews","description":"","potentialAction":[{"@type":"SearchAction","target":{"@type":"EntryPoint","urlTemplate":"https:\/\/www.accuratereviews.com\/it\/?s={search_term_string}"},"query-input":{"@type":"PropertyValueSpecification","valueRequired":true,"valueName":"search_term_string"}}],"inLanguage":"it-IT"}]}},"_links":{"self":[{"href":"https:\/\/www.accuratereviews.com\/it\/wp-json\/wp\/v2\/pages\/41648","targetHints":{"allow":["GET"]}}],"collection":[{"href":"https:\/\/www.accuratereviews.com\/it\/wp-json\/wp\/v2\/pages"}],"about":[{"href":"https:\/\/www.accuratereviews.com\/it\/wp-json\/wp\/v2\/types\/page"}],"author":[{"embeddable":true,"href":"https:\/\/www.accuratereviews.com\/it\/wp-json\/wp\/v2\/users\/19"}],"replies":[{"embeddable":true,"href":"https:\/\/www.accuratereviews.com\/it\/wp-json\/wp\/v2\/comments?post=41648"}],"version-history":[{"count":12,"href":"https:\/\/www.accuratereviews.com\/it\/wp-json\/wp\/v2\/pages\/41648\/revisions"}],"predecessor-version":[{"id":43186,"href":"https:\/\/www.accuratereviews.com\/it\/wp-json\/wp\/v2\/pages\/41648\/revisions\/43186"}],"up":[{"embeddable":true,"href":"https:\/\/www.accuratereviews.com\/it\/wp-json\/wp\/v2\/pages\/41330"}],"wp:featuredmedia":[{"embeddable":true,"href":"https:\/\/www.accuratereviews.com\/it\/wp-json\/wp\/v2\/media\/41674"}],"wp:attachment":[{"href":"https:\/\/www.accuratereviews.com\/it\/wp-json\/wp\/v2\/media?parent=41648"}],"wp:term":[{"taxonomy":"category","embeddable":true,"href":"https:\/\/www.accuratereviews.com\/it\/wp-json\/wp\/v2\/categories?post=41648"},{"taxonomy":"post_tag","embeddable":true,"href":"https:\/\/www.accuratereviews.com\/it\/wp-json\/wp\/v2\/tags?post=41648"},{"taxonomy":"features","embeddable":true,"href":"https:\/\/www.accuratereviews.com\/it\/wp-json\/wp\/v2\/features?post=41648"}],"curies":[{"name":"wp","href":"https:\/\/api.w.org\/{rel}","templated":true}]}}