{"id":41694,"date":"2021-05-03T17:26:50","date_gmt":"2021-05-03T17:26:50","guid":{"rendered":"https:\/\/www.accuratereviews.com\/?page_id=41694"},"modified":"2021-05-21T15:15:17","modified_gmt":"2021-05-21T15:15:17","slug":"lendingpad-recensione","status":"publish","type":"page","link":"https:\/\/www.accuratereviews.com\/it\/software-erogazione-prestiti\/lendingpad-recensione\/","title":{"rendered":"LendingPad"},"content":{"rendered":"<p>LendingPad \u00e8 un\u00a0<strong>programma per l&#8217;erogazione di prestiti<\/strong> sviluppato per semplificare e ottimizzare il lavoro di istituzioni bancarie, di credito e broker ipotecari. Si tratta di una piattaforma basata su <strong>cloud<\/strong>, che offre la possibilit\u00e0 di creare un prestito ovunque con una connessione internet sicura, da qualsiasi luogo e con qualsiasi browser. Di facile configurazione, <strong>LendingPad<\/strong> dispone di un&#8217;interfaccia utente intuitiva, \u00e8 completamente integrato con i fornitori e offre anche un&#8217;app mobile per<strong> dispositivi iOS e Android<\/strong>.<\/p>\n<h2>LENDINGPAD &#8211; TUTORIAL<\/h2>\n<p>Di seguito un video in cui viene mostrato come utilizzare questo <strong>software per l&#8217;erogazione di prestiti<\/strong>:<\/p>\n<div id=\"fluid-wrapper-counter-1\" class=\"g1-fluid-wrapper \" style=\"width:686px;\">\n<div style=\"padding-bottom:56.268221574344%;\"><iframe loading=\"lazy\" title=\"LendingPad Loan Origination System - Overview\" width=\"686\" height=\"386\" src=\"https:\/\/www.youtube.com\/embed\/xtyt_5xvu38?feature=oembed&amp;wmode=transparent&amp;autohide=1&amp;autoplay=0&amp;disablekb=0&amp;fs=1&amp;loop=0&amp;enablejsapi=1&amp;rel=0&amp;controls=2&amp;showinfo=0&amp;wmode=transparent&amp;autohide=2&amp;autoplay=0&amp;disablekb=0&amp;fs=1&amp;loop=0&amp;enablejsapi=1&amp;rel=0&amp;controls=2&amp;showinfo=1\" frameborder=\"0\" allow=\"accelerometer; autoplay; clipboard-write; encrypted-media; gyroscope; picture-in-picture\" allowfullscreen><\/iframe><\/div>\n<\/div>\n<h3>LENDINGPAD &#8211; CARATTERISTICHE<\/h3>\n<ul>\n<li>Numero illimitato di utenti, filiali<\/li>\n<li>Flusso di lavoro a livello di ruolo utente e gestione dei documenti<\/li>\n<li>Gestione della campagna, connessione in tempo reale ai fornitori di piombo<\/li>\n<li>Potenti strumenti disponibili per le istituzioni pi\u00f9 grandi<\/li>\n<li>Approvato dalla National Association of Mortgage Brokers. NAMB Edition for Brokers \u00e8 disponibile per i membri NAMB.<\/li>\n<li>Funzioni secondarie, QC, chiusura, magazzino e chiusura postale<\/li>\n<li>Flussi di lavoro e configurazioni personalizzate<\/li>\n<li>Account manager dedicati, SSAE16 Type 2 SOC 2 Report<\/li>\n<li>Canali diretti e di terze parti (all&#8217;ingrosso e corrispondente)<\/li>\n<li>Utenti illimitati, documenti, trasferimento dati e opzioni di archiviazione<\/li>\n<li>Personalizzazione di funzionalit\u00e0 e flussi di lavoro<\/li>\n<li>Accordi sul livello di servizio<\/li>\n<li>Server dedicati e monitoraggio delle prestazioni<\/li>\n<li>Trasferimenti e migrazioni regolari dei dati<\/li>\n<li>API Enterprise per scambio dati sincrono.<\/li>\n<\/ul>\n<h4>LE RECENSIONI DEGLI UTENTI<\/h4>\n<p><strong>Judy D. &#8220;Ottimo supporto tecnico&#8221;<\/strong><br \/>\nCOMMENTI: ottimo, molto utile<br \/>\nPRO: l&#8217;intregrazione \u00e8 stata ottima per la mia attivit\u00e0, molto user friendly<br \/>\nCONTRO: non ho lamentele, il prodotto funziona benissimo<\/p>\n<p><strong>Brian B. &#8220;Facile da imparare, facile da usare.&#8221;<\/strong><br \/>\nCOMMENTI: essere in grado di collegare LendingPad al nostro CRM \u00e8 stato prezioso per servire la nostra base di clienti.<br \/>\nPRO: LendingPad ha in mente l&#8217;utente, \u00e8 facile da usare e da imparare. Il servizio clienti \u00e8 stato fenomenale. Sono pronti ad aiutare e hanno risposte a quasi tutte le nostre domande!<br \/>\nCONTRO: mi piacerebbe un&#8217;interfaccia cliente in cui i clienti possono inviare informazioni direttamente a LendingPad<\/p>\n<p><strong>Jay D. &#8220;Una soluzione chiavi in mano per una mediazione di start up&#8221;<\/strong><br \/>\nCOMMENTI: LendingPad porta a termine il lavoro e la funzione di segnalazione delle chiamate \u00e8 sorprendente<br \/>\nPRO: Lending Pad \u00e8 facile da usare e la struttura dei prezzi rispetto ad altri fornitori &#8220;legacy&#8221; \u00e8 molto favorevole<br \/>\nCONTRO: l&#8217;interfaccia non \u00e8 cos\u00ec intuitiva come altre soluzioni a cui pu\u00f2 volerci un po&#8217; di tempo per abituarsi.<\/p>\n","protected":false},"excerpt":{"rendered":"<p>LendingPad \u00e8 un programma per l&#8217;erogazione di prestiti sviluppato per semplificare e ottimizzare il lavoro di istituzioni bancarie, di credito e broker ipotecari. Si tratta di una piattaforma basata su cloud, che offre la possibilit\u00e0 di creare un prestito ovunque con una connessione internet sicura, da qualsiasi luogo e con qualsiasi browser<\/p>\n","protected":false},"author":17,"featured_media":41695,"parent":41330,"menu_order":0,"comment_status":"open","ping_status":"closed","template":"g1_template_page_review_new.php","meta":{"_acf_changed":false,"cwp_meta_box_check":"No","cwp_rev_product_name":"","cwp_rev_product_image":"","wppr_links":[],"cwp_rev_price":"","wppr_options":[],"wppr_pros":[],"wppr_cons":[],"_monsterinsights_skip_tracking":false,"_monsterinsights_sitenote_active":false,"_monsterinsights_sitenote_note":"","_monsterinsights_sitenote_category":0,"footnotes":""},"categories":[5815],"tags":[5819,5840,5818,5839,5837,5822],"features":[],"class_list":{"0":"post-41694","1":"page","2":"type-page","3":"status-publish","4":"has-post-thumbnail","6":"category-software-per-erogazione-prestiti-categoria","7":"tag-erogazione-prestito","8":"tag-piattaforma-erogazione-prestiti","9":"tag-prestito","10":"tag-programma-erogazione-prestiti","11":"tag-software-erogazione-prestiti","12":"tag-soluzione-erogazione-prestito"},"wppr_data":{"cwp_meta_box_check":"No"},"acf":[],"yoast_head":"<!-- This site is optimized with the Yoast SEO plugin v27.4 - https:\/\/yoast.com\/product\/yoast-seo-wordpress\/ -->\n<title>LendingPad: recensione software erogazione prestiti - Accurate Reviews<\/title>\n<meta name=\"description\" content=\"LendingPad \u00e8 un programma per l&#039;erogazione di prestiti sviluppato per semplificare e automatizzare il lavoro di banche e di broker ipotecari.\" \/>\n<meta name=\"robots\" content=\"index, follow, max-snippet:-1, max-image-preview:large, max-video-preview:-1\" \/>\n<link rel=\"canonical\" href=\"https:\/\/www.accuratereviews.com\/it\/software-erogazione-prestiti\/lendingpad-recensione\/\" \/>\n<meta property=\"og:locale\" content=\"it_IT\" \/>\n<meta property=\"og:type\" content=\"article\" \/>\n<meta property=\"og:title\" content=\"LendingPad: recensione software erogazione prestiti - Accurate Reviews\" \/>\n<meta property=\"og:description\" content=\"LendingPad \u00e8 un programma per l&#039;erogazione di prestiti sviluppato per semplificare e automatizzare il lavoro di banche e di broker ipotecari.\" \/>\n<meta property=\"og:url\" content=\"https:\/\/www.accuratereviews.com\/it\/software-erogazione-prestiti\/lendingpad-recensione\/\" \/>\n<meta property=\"og:site_name\" content=\"Accurate Reviews\" \/>\n<meta property=\"article:modified_time\" content=\"2021-05-21T15:15:17+00:00\" \/>\n<meta property=\"og:image\" content=\"https:\/\/www.accuratereviews.com\/wp-content\/uploads\/2021\/05\/Schermata-2021-05-03-alle-13.58.59.png\" \/>\n\t<meta property=\"og:image:width\" content=\"728\" \/>\n\t<meta property=\"og:image:height\" content=\"200\" \/>\n\t<meta property=\"og:image:type\" content=\"image\/png\" \/>\n<meta name=\"twitter:card\" content=\"summary_large_image\" \/>\n<meta name=\"twitter:label1\" content=\"Tempo di lettura stimato\" \/>\n\t<meta name=\"twitter:data1\" content=\"2 minuti\" \/>\n<script type=\"application\/ld+json\" class=\"yoast-schema-graph\">{\"@context\":\"https:\\\/\\\/schema.org\",\"@graph\":[{\"@type\":\"WebPage\",\"@id\":\"https:\\\/\\\/www.accuratereviews.com\\\/it\\\/software-erogazione-prestiti\\\/lendingpad-recensione\\\/\",\"url\":\"https:\\\/\\\/www.accuratereviews.com\\\/it\\\/software-erogazione-prestiti\\\/lendingpad-recensione\\\/\",\"name\":\"LendingPad: recensione software erogazione prestiti - Accurate Reviews\",\"isPartOf\":{\"@id\":\"https:\\\/\\\/www.accuratereviews.com\\\/it\\\/#website\"},\"primaryImageOfPage\":{\"@id\":\"https:\\\/\\\/www.accuratereviews.com\\\/it\\\/software-erogazione-prestiti\\\/lendingpad-recensione\\\/#primaryimage\"},\"image\":{\"@id\":\"https:\\\/\\\/www.accuratereviews.com\\\/it\\\/software-erogazione-prestiti\\\/lendingpad-recensione\\\/#primaryimage\"},\"thumbnailUrl\":\"https:\\\/\\\/www.accuratereviews.com\\\/wp-content\\\/uploads\\\/2021\\\/05\\\/Schermata-2021-05-03-alle-13.58.59.png\",\"datePublished\":\"2021-05-03T17:26:50+00:00\",\"dateModified\":\"2021-05-21T15:15:17+00:00\",\"description\":\"LendingPad \u00e8 un programma per l'erogazione di prestiti sviluppato per semplificare e automatizzare il lavoro di banche e di broker ipotecari.\",\"breadcrumb\":{\"@id\":\"https:\\\/\\\/www.accuratereviews.com\\\/it\\\/software-erogazione-prestiti\\\/lendingpad-recensione\\\/#breadcrumb\"},\"inLanguage\":\"it-IT\",\"potentialAction\":[{\"@type\":\"ReadAction\",\"target\":[\"https:\\\/\\\/www.accuratereviews.com\\\/it\\\/software-erogazione-prestiti\\\/lendingpad-recensione\\\/\"]}]},{\"@type\":\"ImageObject\",\"inLanguage\":\"it-IT\",\"@id\":\"https:\\\/\\\/www.accuratereviews.com\\\/it\\\/software-erogazione-prestiti\\\/lendingpad-recensione\\\/#primaryimage\",\"url\":\"https:\\\/\\\/www.accuratereviews.com\\\/wp-content\\\/uploads\\\/2021\\\/05\\\/Schermata-2021-05-03-alle-13.58.59.png\",\"contentUrl\":\"https:\\\/\\\/www.accuratereviews.com\\\/wp-content\\\/uploads\\\/2021\\\/05\\\/Schermata-2021-05-03-alle-13.58.59.png\",\"width\":728,\"height\":200},{\"@type\":\"BreadcrumbList\",\"@id\":\"https:\\\/\\\/www.accuratereviews.com\\\/it\\\/software-erogazione-prestiti\\\/lendingpad-recensione\\\/#breadcrumb\",\"itemListElement\":[{\"@type\":\"ListItem\",\"position\":1,\"name\":\"Home\",\"item\":\"https:\\\/\\\/www.accuratereviews.com\\\/it\\\/\"},{\"@type\":\"ListItem\",\"position\":2,\"name\":\"Software per l&#8217;erogazione dei prestiti\",\"item\":\"https:\\\/\\\/www.accuratereviews.com\\\/it\\\/software-erogazione-prestiti\\\/\"},{\"@type\":\"ListItem\",\"position\":3,\"name\":\"LendingPad\"}]},{\"@type\":\"WebSite\",\"@id\":\"https:\\\/\\\/www.accuratereviews.com\\\/it\\\/#website\",\"url\":\"https:\\\/\\\/www.accuratereviews.com\\\/it\\\/\",\"name\":\"Accurate Reviews\",\"description\":\"\",\"potentialAction\":[{\"@type\":\"SearchAction\",\"target\":{\"@type\":\"EntryPoint\",\"urlTemplate\":\"https:\\\/\\\/www.accuratereviews.com\\\/it\\\/?s={search_term_string}\"},\"query-input\":{\"@type\":\"PropertyValueSpecification\",\"valueRequired\":true,\"valueName\":\"search_term_string\"}}],\"inLanguage\":\"it-IT\"}]}<\/script>\n<!-- \/ Yoast SEO plugin. -->","yoast_head_json":{"title":"LendingPad: recensione software erogazione prestiti - Accurate Reviews","description":"LendingPad \u00e8 un programma per l'erogazione di prestiti sviluppato per semplificare e automatizzare il lavoro di banche e di broker ipotecari.","robots":{"index":"index","follow":"follow","max-snippet":"max-snippet:-1","max-image-preview":"max-image-preview:large","max-video-preview":"max-video-preview:-1"},"canonical":"https:\/\/www.accuratereviews.com\/it\/software-erogazione-prestiti\/lendingpad-recensione\/","og_locale":"it_IT","og_type":"article","og_title":"LendingPad: recensione software erogazione prestiti - Accurate Reviews","og_description":"LendingPad \u00e8 un programma per l'erogazione di prestiti sviluppato per semplificare e automatizzare il lavoro di banche e di broker ipotecari.","og_url":"https:\/\/www.accuratereviews.com\/it\/software-erogazione-prestiti\/lendingpad-recensione\/","og_site_name":"Accurate Reviews","article_modified_time":"2021-05-21T15:15:17+00:00","og_image":[{"width":728,"height":200,"url":"https:\/\/www.accuratereviews.com\/wp-content\/uploads\/2021\/05\/Schermata-2021-05-03-alle-13.58.59.png","type":"image\/png"}],"twitter_card":"summary_large_image","twitter_misc":{"Tempo di lettura stimato":"2 minuti"},"schema":{"@context":"https:\/\/schema.org","@graph":[{"@type":"WebPage","@id":"https:\/\/www.accuratereviews.com\/it\/software-erogazione-prestiti\/lendingpad-recensione\/","url":"https:\/\/www.accuratereviews.com\/it\/software-erogazione-prestiti\/lendingpad-recensione\/","name":"LendingPad: recensione software erogazione prestiti - Accurate Reviews","isPartOf":{"@id":"https:\/\/www.accuratereviews.com\/it\/#website"},"primaryImageOfPage":{"@id":"https:\/\/www.accuratereviews.com\/it\/software-erogazione-prestiti\/lendingpad-recensione\/#primaryimage"},"image":{"@id":"https:\/\/www.accuratereviews.com\/it\/software-erogazione-prestiti\/lendingpad-recensione\/#primaryimage"},"thumbnailUrl":"https:\/\/www.accuratereviews.com\/wp-content\/uploads\/2021\/05\/Schermata-2021-05-03-alle-13.58.59.png","datePublished":"2021-05-03T17:26:50+00:00","dateModified":"2021-05-21T15:15:17+00:00","description":"LendingPad \u00e8 un programma per l'erogazione di prestiti sviluppato per semplificare e automatizzare il lavoro di banche e di broker ipotecari.","breadcrumb":{"@id":"https:\/\/www.accuratereviews.com\/it\/software-erogazione-prestiti\/lendingpad-recensione\/#breadcrumb"},"inLanguage":"it-IT","potentialAction":[{"@type":"ReadAction","target":["https:\/\/www.accuratereviews.com\/it\/software-erogazione-prestiti\/lendingpad-recensione\/"]}]},{"@type":"ImageObject","inLanguage":"it-IT","@id":"https:\/\/www.accuratereviews.com\/it\/software-erogazione-prestiti\/lendingpad-recensione\/#primaryimage","url":"https:\/\/www.accuratereviews.com\/wp-content\/uploads\/2021\/05\/Schermata-2021-05-03-alle-13.58.59.png","contentUrl":"https:\/\/www.accuratereviews.com\/wp-content\/uploads\/2021\/05\/Schermata-2021-05-03-alle-13.58.59.png","width":728,"height":200},{"@type":"BreadcrumbList","@id":"https:\/\/www.accuratereviews.com\/it\/software-erogazione-prestiti\/lendingpad-recensione\/#breadcrumb","itemListElement":[{"@type":"ListItem","position":1,"name":"Home","item":"https:\/\/www.accuratereviews.com\/it\/"},{"@type":"ListItem","position":2,"name":"Software per l&#8217;erogazione dei prestiti","item":"https:\/\/www.accuratereviews.com\/it\/software-erogazione-prestiti\/"},{"@type":"ListItem","position":3,"name":"LendingPad"}]},{"@type":"WebSite","@id":"https:\/\/www.accuratereviews.com\/it\/#website","url":"https:\/\/www.accuratereviews.com\/it\/","name":"Accurate Reviews","description":"","potentialAction":[{"@type":"SearchAction","target":{"@type":"EntryPoint","urlTemplate":"https:\/\/www.accuratereviews.com\/it\/?s={search_term_string}"},"query-input":{"@type":"PropertyValueSpecification","valueRequired":true,"valueName":"search_term_string"}}],"inLanguage":"it-IT"}]}},"_links":{"self":[{"href":"https:\/\/www.accuratereviews.com\/it\/wp-json\/wp\/v2\/pages\/41694","targetHints":{"allow":["GET"]}}],"collection":[{"href":"https:\/\/www.accuratereviews.com\/it\/wp-json\/wp\/v2\/pages"}],"about":[{"href":"https:\/\/www.accuratereviews.com\/it\/wp-json\/wp\/v2\/types\/page"}],"author":[{"embeddable":true,"href":"https:\/\/www.accuratereviews.com\/it\/wp-json\/wp\/v2\/users\/17"}],"replies":[{"embeddable":true,"href":"https:\/\/www.accuratereviews.com\/it\/wp-json\/wp\/v2\/comments?post=41694"}],"version-history":[{"count":4,"href":"https:\/\/www.accuratereviews.com\/it\/wp-json\/wp\/v2\/pages\/41694\/revisions"}],"predecessor-version":[{"id":43190,"href":"https:\/\/www.accuratereviews.com\/it\/wp-json\/wp\/v2\/pages\/41694\/revisions\/43190"}],"up":[{"embeddable":true,"href":"https:\/\/www.accuratereviews.com\/it\/wp-json\/wp\/v2\/pages\/41330"}],"wp:featuredmedia":[{"embeddable":true,"href":"https:\/\/www.accuratereviews.com\/it\/wp-json\/wp\/v2\/media\/41695"}],"wp:attachment":[{"href":"https:\/\/www.accuratereviews.com\/it\/wp-json\/wp\/v2\/media?parent=41694"}],"wp:term":[{"taxonomy":"category","embeddable":true,"href":"https:\/\/www.accuratereviews.com\/it\/wp-json\/wp\/v2\/categories?post=41694"},{"taxonomy":"post_tag","embeddable":true,"href":"https:\/\/www.accuratereviews.com\/it\/wp-json\/wp\/v2\/tags?post=41694"},{"taxonomy":"features","embeddable":true,"href":"https:\/\/www.accuratereviews.com\/it\/wp-json\/wp\/v2\/features?post=41694"}],"curies":[{"name":"wp","href":"https:\/\/api.w.org\/{rel}","templated":true}]}}