{"id":41725,"date":"2021-05-04T10:44:28","date_gmt":"2021-05-04T10:44:28","guid":{"rendered":"https:\/\/www.accuratereviews.com\/?page_id=41725"},"modified":"2021-05-04T10:49:33","modified_gmt":"2021-05-04T10:49:33","slug":"loanpro-recensione","status":"publish","type":"page","link":"https:\/\/www.accuratereviews.com\/it\/software-erogazione-prestiti\/loanpro-recensione\/","title":{"rendered":"LoanPro"},"content":{"rendered":"<p><strong>LoanPro<\/strong> \u00e8 un <strong>software di gestione dei prestiti<\/strong> completo che consente alle organizzazioni di creare, fornire assistenza e riscuotere automatizzando le attivit\u00e0 di comunicazione di routine. La soluzione serve una variet\u00e0 di organizzazioni di prestito tra cui auto, consumo, immobili, mutuo, titoli, medico e altro ancora. Il programma \u00e8 personalizzabile per soddisfare le esigenze di qualsiasi azienda e viene fornito con funzionalit\u00e0 avanzate come ammortamento in tempo reale, rapporti personalizzati, elaborazione dei pagamenti, comunicazione con i clienti e notifiche avanzate. Consente inoltre alle organizzazioni di creare moduli di domanda online personalizzati per raccogliere le informazioni richieste dai mutuatari. Le funzionalit\u00e0 di comunicazione avanzate consentono agli utenti di creare messaggi modello e di inviarli automaticamente in base a eventi specifici, ad esempio quando viene effettuato un pagamento, un prestito diventa insolvente o una carta di credito scade.<\/p>\n<h2>LOANPRO &#8211; TUTORIAL<\/h2>\n<p>Questo video fornisce istruzioni su come configurare il tuo dell&#8217;account e quali sono i passaggi successivi nell&#8217;utilizzo di questo <strong>software per erogazione di prestiti<\/strong>:<\/p>\n<div id=\"fluid-wrapper-counter-1\" class=\"g1-fluid-wrapper \" style=\"width:686px;\">\n<div style=\"padding-bottom:56.268221574344%;\"><iframe loading=\"lazy\" title=\"Getting Started With LoanPro\" width=\"686\" height=\"386\" src=\"https:\/\/www.youtube.com\/embed\/ABUXQm0RsH4?feature=oembed&amp;wmode=transparent&amp;autohide=1&amp;autoplay=0&amp;disablekb=0&amp;fs=1&amp;loop=0&amp;enablejsapi=1&amp;rel=0&amp;controls=2&amp;showinfo=0&amp;wmode=transparent&amp;autohide=2&amp;autoplay=0&amp;disablekb=0&amp;fs=1&amp;loop=0&amp;enablejsapi=1&amp;rel=0&amp;controls=2&amp;showinfo=1\" frameborder=\"0\" allow=\"accelerometer; autoplay; clipboard-write; encrypted-media; gyroscope; picture-in-picture\" allowfullscreen><\/iframe><\/div>\n<\/div>\n<h3>LOANPRO &#8211; CARATTERISTICHE<\/h3>\n<ul>\n<li>Aggiungi facilmente il software direttamente ai tuoi sistemi e processi esistenti tramite l&#8217;integrazione API<\/li>\n<li>Basato sul cloud e progettato per ospitare aziende di qualsiasi dimensione<\/li>\n<li>Lascia che le procedure guidate configurabili siano una guida passo passo attraverso i tuoi processi di prestito<\/li>\n<li>Utilizza le impostazioni predefinite specifiche per tipo di prestito e lascia che il team di onboarding ti aiuti ad adattarle alle tue esigenze.<\/li>\n<li>Calcola, monitora e domina. Rendi uniformi i tuoi processi di prestito, automatizza i pagamenti e la comunicazione e fai muovere il tuo team di recupero crediti<\/li>\n<li>Rimani aggiornato sullo stato dei tuoi prestiti, che tu sia in ufficio o in viaggio<\/li>\n<li>Automatizza le interazioni con i clienti in base a eventi o trigger di prestito<\/li>\n<li>Portale in cui i tuoi clienti possono effettuare pagamenti e visualizzare i dati sui prestiti<\/li>\n<li>Crea pi\u00f9 account utente con restrizioni personalizzabili.<\/li>\n<\/ul>\n<h4>LE RECENSIONI DEGLI UTENTI<\/h4>\n<p class=\"font-weight-bold mb-1 d-flex align-items-center\"><strong>Jorge U.&#8221;Software promettente&#8221;<\/strong><\/p>\n<p><strong>Commenti: <\/strong>LoanPro complessivo pu\u00f2 fornire un grande valore per gli istituti di credito. Tuttavia ho sentito che non posso fidarmi del programma per funzionare quando pi\u00f9 necessario. Ci sono stati diversi casi in cui il programma si \u00e8 bloccato durante l&#8217;orario di ufficio e ha dovuto allontanare i clienti. Sicuramente non posso prestare affidarmi completamente.<\/p>\n<p><strong>Pro: <\/strong>Le funzionalit\u00e0 coprono quasi tutto ci\u00f2 di cui ha bisogno un istituto di credito.<\/p>\n<p><strong>Contro: <\/strong>Lo strumento Mail House pu\u00f2 inviare solo a indirizzi primari e non indirizzi postali. Formati variabili incoerenti e documentazione obsoleta sull&#8217;uso delle variabili. Il tempo di attivit\u00e0 non \u00e8 del 99,9%. Non riescono ad aggiornare le interruzioni del servizio sulla loro pagina di stato. Lo strumento \u00a0del servizio di raccolta non funziona. La manutenzione giornaliera viene eseguita durante l&#8217;orario di ufficio; che fa avanzare il programma al giorno successivo. Impossibile mantenere le promesse su nuove funzionalit\u00e0<\/p>\n<p class=\"font-weight-bold mb-1 d-flex align-items-center\"><strong>Evan C.&#8221;Recensione LoanPro&#8221;<\/strong><\/p>\n<p><strong>Pro: <\/strong>Siamo stati in grado di automatizzare grandi porzioni del flusso di lavoro del nostro centro di assistenza, il che ci sta aiutando a realizzare risparmi significativi man mano che scaliamo, oltre a evitare lunghe integrazioni di terze parti. Il livello di visibilit\u00e0 dei dati integrato nella piattaforma \u00e8 sostanziale. LoanPro offre diverse gerarchie flessibili in cui raggruppare i prestiti rendendo facile segmentare il nostro portafoglio e estrarre i dati rilevanti di cui abbiamo bisogno. Il team di supporto di LoanPro \u00e8 molto ben informato sul prodotto ed \u00e8 stato determinante per far s\u00ec che la nostra organizzazione accelerasse la post-integrazione, aiutandoci a creare strumenti per ottimizzare i flussi di lavoro dei collettori, a guidare il modo in cui abbiamo progettato i nostri processi aziendali nella piattaforma.<\/p>\n<p><strong>Contro: <\/strong>Alcune funzionalit\u00e0 di reporting aggiuntive sarebbero ottime, ma siamo in grado di creare ci\u00f2 di cui abbiamo bisogno dall&#8217;accesso al database fornito.<\/p>\n<p class=\"font-weight-bold mb-1 d-flex align-items-center\"><strong>Chris D.&#8221;Fantastico prodotto&#8221;<\/strong><\/p>\n<p><strong>Pro: <\/strong>Il prodotto dispone di una suite completa di endpoint API.\u00a0Applicazione facile da usare.\u00a0Molto flessibile con le esigenze di business.\u00a0Facile iniziare a usare il programma.<\/p>\n<p><strong>Contro: <\/strong>Nessuno, fin dall&#8217;inizio il prodotto e il team LoanPro sono stati fantastici ogni volta che ho lavorato con loro.<\/p>\n","protected":false},"excerpt":{"rendered":"<p>LoanPro \u00e8 un software di gestione dei prestiti\u00a0un servizio completo che consente alle organizzazioni di creare, fornire assistenza e riscuotere prestiti automatizzando le attivit\u00e0 di comunicazione di routine. La soluzione serve una variet\u00e0 di organizzazioni di prestito tra cui auto, consumo, immobili, mutuo, titoli, medico e altro ancora.<\/p>\n","protected":false},"author":19,"featured_media":41745,"parent":41330,"menu_order":0,"comment_status":"open","ping_status":"closed","template":"g1_template_page_review_new.php","meta":{"_acf_changed":false,"cwp_meta_box_check":"Yes","cwp_rev_product_name":"","cwp_rev_product_image":"","wppr_links":[],"cwp_rev_price":"","wppr_options":[],"wppr_pros":[],"wppr_cons":[],"_monsterinsights_skip_tracking":false,"_monsterinsights_sitenote_active":false,"_monsterinsights_sitenote_note":"","_monsterinsights_sitenote_category":0,"footnotes":""},"categories":[5815],"tags":[5888,5840,5839,5837,5838],"features":[],"class_list":{"0":"post-41725","1":"page","2":"type-page","3":"status-publish","4":"has-post-thumbnail","6":"category-software-per-erogazione-prestiti-categoria","7":"tag-loanpro","8":"tag-piattaforma-erogazione-prestiti","9":"tag-programma-erogazione-prestiti","10":"tag-software-erogazione-prestiti","11":"tag-soluzione-erogazione-prestiti"},"wppr_data":{"cwp_meta_box_check":"Yes","cwp_rev_product_name":"","cwp_rev_product_image":"","cwp_image_link":"image","cwp_rev_price":"","wppr_rating":"0.00"},"acf":[],"yoast_head":"<!-- This site is optimized with the Yoast SEO plugin v27.4 - https:\/\/yoast.com\/product\/yoast-seo-wordpress\/ -->\n<title>LoanPro: recensione software erogazione prestiti - Accurate Reviews<\/title>\n<meta name=\"description\" content=\"LoanPro: recensione software di gestione dei prestiti che consente alle organizzazioni di creare, fornire assistenza e riscuotere prestiti.\" \/>\n<meta name=\"robots\" content=\"index, follow, max-snippet:-1, max-image-preview:large, max-video-preview:-1\" \/>\n<link rel=\"canonical\" href=\"https:\/\/www.accuratereviews.com\/it\/software-erogazione-prestiti\/loanpro-recensione\/\" \/>\n<meta property=\"og:locale\" content=\"it_IT\" \/>\n<meta property=\"og:type\" content=\"article\" \/>\n<meta property=\"og:title\" content=\"LoanPro: recensione software erogazione prestiti - Accurate Reviews\" \/>\n<meta property=\"og:description\" content=\"LoanPro: recensione software di gestione dei prestiti che consente alle organizzazioni di creare, fornire assistenza e riscuotere prestiti.\" \/>\n<meta property=\"og:url\" content=\"https:\/\/www.accuratereviews.com\/it\/software-erogazione-prestiti\/loanpro-recensione\/\" \/>\n<meta property=\"og:site_name\" content=\"Accurate Reviews\" \/>\n<meta property=\"article:modified_time\" content=\"2021-05-04T10:49:33+00:00\" \/>\n<meta property=\"og:image\" content=\"https:\/\/www.accuratereviews.com\/wp-content\/uploads\/2021\/05\/LoanPro_Logo.jpg\" \/>\n\t<meta property=\"og:image:width\" content=\"480\" \/>\n\t<meta property=\"og:image:height\" content=\"252\" \/>\n\t<meta property=\"og:image:type\" content=\"image\/jpeg\" \/>\n<meta name=\"twitter:card\" content=\"summary_large_image\" \/>\n<meta name=\"twitter:label1\" content=\"Tempo di lettura stimato\" \/>\n\t<meta name=\"twitter:data1\" content=\"3 minuti\" \/>\n<script type=\"application\/ld+json\" class=\"yoast-schema-graph\">{\"@context\":\"https:\\\/\\\/schema.org\",\"@graph\":[{\"@type\":\"WebPage\",\"@id\":\"https:\\\/\\\/www.accuratereviews.com\\\/it\\\/software-erogazione-prestiti\\\/loanpro-recensione\\\/\",\"url\":\"https:\\\/\\\/www.accuratereviews.com\\\/it\\\/software-erogazione-prestiti\\\/loanpro-recensione\\\/\",\"name\":\"LoanPro: recensione software erogazione prestiti - Accurate Reviews\",\"isPartOf\":{\"@id\":\"https:\\\/\\\/www.accuratereviews.com\\\/it\\\/#website\"},\"primaryImageOfPage\":{\"@id\":\"https:\\\/\\\/www.accuratereviews.com\\\/it\\\/software-erogazione-prestiti\\\/loanpro-recensione\\\/#primaryimage\"},\"image\":{\"@id\":\"https:\\\/\\\/www.accuratereviews.com\\\/it\\\/software-erogazione-prestiti\\\/loanpro-recensione\\\/#primaryimage\"},\"thumbnailUrl\":\"https:\\\/\\\/www.accuratereviews.com\\\/wp-content\\\/uploads\\\/2021\\\/05\\\/LoanPro_Logo.jpg\",\"datePublished\":\"2021-05-04T10:44:28+00:00\",\"dateModified\":\"2021-05-04T10:49:33+00:00\",\"description\":\"LoanPro: recensione software di gestione dei prestiti che consente alle organizzazioni di creare, fornire assistenza e riscuotere prestiti.\",\"breadcrumb\":{\"@id\":\"https:\\\/\\\/www.accuratereviews.com\\\/it\\\/software-erogazione-prestiti\\\/loanpro-recensione\\\/#breadcrumb\"},\"inLanguage\":\"it-IT\",\"potentialAction\":[{\"@type\":\"ReadAction\",\"target\":[\"https:\\\/\\\/www.accuratereviews.com\\\/it\\\/software-erogazione-prestiti\\\/loanpro-recensione\\\/\"]}]},{\"@type\":\"ImageObject\",\"inLanguage\":\"it-IT\",\"@id\":\"https:\\\/\\\/www.accuratereviews.com\\\/it\\\/software-erogazione-prestiti\\\/loanpro-recensione\\\/#primaryimage\",\"url\":\"https:\\\/\\\/www.accuratereviews.com\\\/wp-content\\\/uploads\\\/2021\\\/05\\\/LoanPro_Logo.jpg\",\"contentUrl\":\"https:\\\/\\\/www.accuratereviews.com\\\/wp-content\\\/uploads\\\/2021\\\/05\\\/LoanPro_Logo.jpg\",\"width\":480,\"height\":252,\"caption\":\"Lend, Service, Collect\"},{\"@type\":\"BreadcrumbList\",\"@id\":\"https:\\\/\\\/www.accuratereviews.com\\\/it\\\/software-erogazione-prestiti\\\/loanpro-recensione\\\/#breadcrumb\",\"itemListElement\":[{\"@type\":\"ListItem\",\"position\":1,\"name\":\"Home\",\"item\":\"https:\\\/\\\/www.accuratereviews.com\\\/it\\\/\"},{\"@type\":\"ListItem\",\"position\":2,\"name\":\"Software per l&#8217;erogazione dei prestiti\",\"item\":\"https:\\\/\\\/www.accuratereviews.com\\\/it\\\/software-erogazione-prestiti\\\/\"},{\"@type\":\"ListItem\",\"position\":3,\"name\":\"LoanPro\"}]},{\"@type\":\"WebSite\",\"@id\":\"https:\\\/\\\/www.accuratereviews.com\\\/it\\\/#website\",\"url\":\"https:\\\/\\\/www.accuratereviews.com\\\/it\\\/\",\"name\":\"Accurate Reviews\",\"description\":\"\",\"potentialAction\":[{\"@type\":\"SearchAction\",\"target\":{\"@type\":\"EntryPoint\",\"urlTemplate\":\"https:\\\/\\\/www.accuratereviews.com\\\/it\\\/?s={search_term_string}\"},\"query-input\":{\"@type\":\"PropertyValueSpecification\",\"valueRequired\":true,\"valueName\":\"search_term_string\"}}],\"inLanguage\":\"it-IT\"}]}<\/script>\n<!-- \/ Yoast SEO plugin. -->","yoast_head_json":{"title":"LoanPro: recensione software erogazione prestiti - Accurate Reviews","description":"LoanPro: recensione software di gestione dei prestiti che consente alle organizzazioni di creare, fornire assistenza e riscuotere prestiti.","robots":{"index":"index","follow":"follow","max-snippet":"max-snippet:-1","max-image-preview":"max-image-preview:large","max-video-preview":"max-video-preview:-1"},"canonical":"https:\/\/www.accuratereviews.com\/it\/software-erogazione-prestiti\/loanpro-recensione\/","og_locale":"it_IT","og_type":"article","og_title":"LoanPro: recensione software erogazione prestiti - Accurate Reviews","og_description":"LoanPro: recensione software di gestione dei prestiti che consente alle organizzazioni di creare, fornire assistenza e riscuotere prestiti.","og_url":"https:\/\/www.accuratereviews.com\/it\/software-erogazione-prestiti\/loanpro-recensione\/","og_site_name":"Accurate Reviews","article_modified_time":"2021-05-04T10:49:33+00:00","og_image":[{"width":480,"height":252,"url":"https:\/\/www.accuratereviews.com\/wp-content\/uploads\/2021\/05\/LoanPro_Logo.jpg","type":"image\/jpeg"}],"twitter_card":"summary_large_image","twitter_misc":{"Tempo di lettura stimato":"3 minuti"},"schema":{"@context":"https:\/\/schema.org","@graph":[{"@type":"WebPage","@id":"https:\/\/www.accuratereviews.com\/it\/software-erogazione-prestiti\/loanpro-recensione\/","url":"https:\/\/www.accuratereviews.com\/it\/software-erogazione-prestiti\/loanpro-recensione\/","name":"LoanPro: recensione software erogazione prestiti - Accurate Reviews","isPartOf":{"@id":"https:\/\/www.accuratereviews.com\/it\/#website"},"primaryImageOfPage":{"@id":"https:\/\/www.accuratereviews.com\/it\/software-erogazione-prestiti\/loanpro-recensione\/#primaryimage"},"image":{"@id":"https:\/\/www.accuratereviews.com\/it\/software-erogazione-prestiti\/loanpro-recensione\/#primaryimage"},"thumbnailUrl":"https:\/\/www.accuratereviews.com\/wp-content\/uploads\/2021\/05\/LoanPro_Logo.jpg","datePublished":"2021-05-04T10:44:28+00:00","dateModified":"2021-05-04T10:49:33+00:00","description":"LoanPro: recensione software di gestione dei prestiti che consente alle organizzazioni di creare, fornire assistenza e riscuotere prestiti.","breadcrumb":{"@id":"https:\/\/www.accuratereviews.com\/it\/software-erogazione-prestiti\/loanpro-recensione\/#breadcrumb"},"inLanguage":"it-IT","potentialAction":[{"@type":"ReadAction","target":["https:\/\/www.accuratereviews.com\/it\/software-erogazione-prestiti\/loanpro-recensione\/"]}]},{"@type":"ImageObject","inLanguage":"it-IT","@id":"https:\/\/www.accuratereviews.com\/it\/software-erogazione-prestiti\/loanpro-recensione\/#primaryimage","url":"https:\/\/www.accuratereviews.com\/wp-content\/uploads\/2021\/05\/LoanPro_Logo.jpg","contentUrl":"https:\/\/www.accuratereviews.com\/wp-content\/uploads\/2021\/05\/LoanPro_Logo.jpg","width":480,"height":252,"caption":"Lend, Service, Collect"},{"@type":"BreadcrumbList","@id":"https:\/\/www.accuratereviews.com\/it\/software-erogazione-prestiti\/loanpro-recensione\/#breadcrumb","itemListElement":[{"@type":"ListItem","position":1,"name":"Home","item":"https:\/\/www.accuratereviews.com\/it\/"},{"@type":"ListItem","position":2,"name":"Software per l&#8217;erogazione dei prestiti","item":"https:\/\/www.accuratereviews.com\/it\/software-erogazione-prestiti\/"},{"@type":"ListItem","position":3,"name":"LoanPro"}]},{"@type":"WebSite","@id":"https:\/\/www.accuratereviews.com\/it\/#website","url":"https:\/\/www.accuratereviews.com\/it\/","name":"Accurate Reviews","description":"","potentialAction":[{"@type":"SearchAction","target":{"@type":"EntryPoint","urlTemplate":"https:\/\/www.accuratereviews.com\/it\/?s={search_term_string}"},"query-input":{"@type":"PropertyValueSpecification","valueRequired":true,"valueName":"search_term_string"}}],"inLanguage":"it-IT"}]}},"_links":{"self":[{"href":"https:\/\/www.accuratereviews.com\/it\/wp-json\/wp\/v2\/pages\/41725","targetHints":{"allow":["GET"]}}],"collection":[{"href":"https:\/\/www.accuratereviews.com\/it\/wp-json\/wp\/v2\/pages"}],"about":[{"href":"https:\/\/www.accuratereviews.com\/it\/wp-json\/wp\/v2\/types\/page"}],"author":[{"embeddable":true,"href":"https:\/\/www.accuratereviews.com\/it\/wp-json\/wp\/v2\/users\/19"}],"replies":[{"embeddable":true,"href":"https:\/\/www.accuratereviews.com\/it\/wp-json\/wp\/v2\/comments?post=41725"}],"version-history":[{"count":12,"href":"https:\/\/www.accuratereviews.com\/it\/wp-json\/wp\/v2\/pages\/41725\/revisions"}],"predecessor-version":[{"id":41762,"href":"https:\/\/www.accuratereviews.com\/it\/wp-json\/wp\/v2\/pages\/41725\/revisions\/41762"}],"up":[{"embeddable":true,"href":"https:\/\/www.accuratereviews.com\/it\/wp-json\/wp\/v2\/pages\/41330"}],"wp:featuredmedia":[{"embeddable":true,"href":"https:\/\/www.accuratereviews.com\/it\/wp-json\/wp\/v2\/media\/41745"}],"wp:attachment":[{"href":"https:\/\/www.accuratereviews.com\/it\/wp-json\/wp\/v2\/media?parent=41725"}],"wp:term":[{"taxonomy":"category","embeddable":true,"href":"https:\/\/www.accuratereviews.com\/it\/wp-json\/wp\/v2\/categories?post=41725"},{"taxonomy":"post_tag","embeddable":true,"href":"https:\/\/www.accuratereviews.com\/it\/wp-json\/wp\/v2\/tags?post=41725"},{"taxonomy":"features","embeddable":true,"href":"https:\/\/www.accuratereviews.com\/it\/wp-json\/wp\/v2\/features?post=41725"}],"curies":[{"name":"wp","href":"https:\/\/api.w.org\/{rel}","templated":true}]}}