{"id":41739,"date":"2021-05-04T10:53:57","date_gmt":"2021-05-04T10:53:57","guid":{"rendered":"https:\/\/www.accuratereviews.com\/?page_id=41739"},"modified":"2021-05-05T08:50:04","modified_gmt":"2021-05-05T08:50:04","slug":"loandisk-recensione","status":"publish","type":"page","link":"https:\/\/www.accuratereviews.com\/it\/software-erogazione-prestiti\/loandisk-recensione\/","title":{"rendered":"Loandisk"},"content":{"rendered":"<p><strong>Loandisk<\/strong> \u00e8 un <strong>software di gestione dei prestiti<\/strong> che ti permette di gestire tutti i prestiti e i risparmi dei clienti in un&#8217;unica posizione. Si tratta di una piattaforma online, basata su cloud, sviluppata per aziende di piccole e medie dimensioni che si occupano dell&#8217;<strong>erogazione di prestiti<\/strong> e di microfinanza. Offre numerose funzionalit\u00e0 che permettono di visualizzare i dettagli inclusi rimborsi, termini del prestito, programma del prestito, garanzie, file e commenti. Inoltre \u00e8 possibile creare un conto di risparmio per i tuoi clienti e aggiungere transazioni come depositi e prelievi.<br \/>\n<strong>Loandisk<\/strong> ti aiuta ad automatizzare tutte queste procedure che normalmente richiedono tempi lunghi.<\/p>\n<h2>LOANDISK &#8211; TUTORIAL<\/h2>\n<p>Di seguito un video che mostra come funziona questo <strong>programma di erogazione dei presiti<\/strong>:<\/p>\n<div id=\"fluid-wrapper-counter-1\" class=\"g1-fluid-wrapper \" style=\"width:686px;\">\n<div style=\"padding-bottom:56.268221574344%;\"><iframe loading=\"lazy\" title=\"Loandisk Features Video\" src=\"https:\/\/player.vimeo.com\/video\/180554192?dnt=1&amp;app_id=122963?title=0&amp;byline=0&amp;portrait=0\" width=\"686\" height=\"358\" frameborder=\"0\" allow=\"autoplay; fullscreen; picture-in-picture\" allowfullscreen><\/iframe><\/div>\n<\/div>\n<h3>LOANDISK &#8211; CARATTERISTICHE<\/h3>\n<ul>\n<li><strong>Gestione dei prestiti<\/strong>: aggiungi e gestisci prestiti, accedi al registro delle garanzie, visualizza prestiti scaduti, contratti e modelli di prestito<\/li>\n<li><strong>Prodotto e conto di risparmio<\/strong>: aggiungi prodotti di risparmio, imposta il tasso di interesse, imposta la frequenza di registrazione degli interessi, imposta il saldo minimo richiesto, imposta le commissioni di risparmio, aggiungi il conto di risparmio, aggiungi transazione come deposito, prelievo e importo degli interessi, stampa l&#8217;estratto conto di risparmio<\/li>\n<li><strong>Spese e buste paga<\/strong>: gestisci spese, buste paga, altre entrate e gestione patrimoniale<\/li>\n<li><strong>Report<\/strong>: accedi a grafici, download estratti conto\/ricevute, report e integrazione contabile<\/li>\n<li><strong>Filiali e utenti<\/strong>: aggiungi filiali illimitate, imposta importi minimi di prestito e tassi di interesse, imposta vacanze di filiale, aggiungi capitale di filiale e altro ancora.<\/li>\n<\/ul>\n<h4>LE RECENSIONI DEGLI UTENTI<\/h4>\n<p><strong>Otimeyin I. &#8220;Ottimo strumento per i tuoi microprestiti&#8221;<\/strong><br \/>\nCOMMENTI: ottimi<br \/>\nPRO: l&#8217;analisi del dashboard e le classificazioni sul portafoglio a rischio. L&#8217;intero software \u00e8 abbastanza brillante con la sua integrazione contabile.<br \/>\nCONTRO: finora \u00e8 andata bene<\/p>\n<p><strong>Dune K. &#8220;Recensione&#8221;<\/strong><br \/>\nCOMMENTI: eccezionali<br \/>\nPRO: facilit\u00e0 d&#8217;uso, creazione di prestiti flessibile, ecc.<br \/>\nCONTRO: raccolta fogli-caratteristiche pi\u00f9 migliorare<\/p>\n<p><strong>Nicolas U. &#8220;App molto funzionale&#8221;<\/strong><br \/>\nCOMMENTI: Landisk \u00e8 stata un&#8217;ottima alternativa per la mia attivit\u00e0 di prestito. \u00c8 robusto e con una buona scalabilit\u00e0<br \/>\nPRO: quello che ci \u00e8 piaciuto di pi\u00f9 del software \u00e8 la facilit\u00e0 d&#8217;uso e la scalabilit\u00e0<br \/>\nCONTRO: ci sono margini di miglioramento in termini di funzionalit\u00e0 API<\/p>\n","protected":false},"excerpt":{"rendered":"<p>Loandisk \u00e8 un software di gestione dei prestiti che ti permette di gestire tutti i prestiti e i risparmi dei clienti in un&#8217;unica posizione. Si tratta di una piattaforma online, basata su cloud, sviluppata per aziende di piccole e medie dimensioni che si occupano dell&#8217;erogazione di prestiti e di microfinanza.<\/p>\n","protected":false},"author":17,"featured_media":41741,"parent":41330,"menu_order":0,"comment_status":"open","ping_status":"closed","template":"g1_template_page_review_new.php","meta":{"_acf_changed":false,"cwp_meta_box_check":"No","cwp_rev_product_name":"","cwp_rev_product_image":"","wppr_links":[],"cwp_rev_price":"","wppr_options":[],"wppr_pros":[],"wppr_cons":[],"_monsterinsights_skip_tracking":false,"_monsterinsights_sitenote_active":false,"_monsterinsights_sitenote_note":"","_monsterinsights_sitenote_category":0,"footnotes":""},"categories":[5815],"tags":[5819,5840,5823,5820,5822],"features":[],"class_list":{"0":"post-41739","1":"page","2":"type-page","3":"status-publish","4":"has-post-thumbnail","6":"category-software-per-erogazione-prestiti-categoria","7":"tag-erogazione-prestito","8":"tag-piattaforma-erogazione-prestiti","9":"tag-programma-erogazione-prestito","10":"tag-software-per-erogazione-prestiti","11":"tag-soluzione-erogazione-prestito"},"wppr_data":{"cwp_meta_box_check":"No"},"acf":[],"yoast_head":"<!-- This site is optimized with the Yoast SEO plugin v27.4 - https:\/\/yoast.com\/product\/yoast-seo-wordpress\/ -->\n<title>Loandisk: recensione software erogazione prestiti - Accurate Reviews<\/title>\n<meta name=\"description\" content=\"Loandisk \u00e8 un software di gestione dei prestiti che ti permette di gestire tutti i prestiti e i risparmi dei clienti in un&#039;unica posizione.\" \/>\n<meta name=\"robots\" content=\"index, follow, max-snippet:-1, max-image-preview:large, max-video-preview:-1\" \/>\n<link rel=\"canonical\" href=\"https:\/\/www.accuratereviews.com\/it\/software-erogazione-prestiti\/loandisk-recensione\/\" \/>\n<meta property=\"og:locale\" content=\"it_IT\" \/>\n<meta property=\"og:type\" content=\"article\" \/>\n<meta property=\"og:title\" content=\"Loandisk: recensione software erogazione prestiti - Accurate Reviews\" \/>\n<meta property=\"og:description\" content=\"Loandisk \u00e8 un software di gestione dei prestiti che ti permette di gestire tutti i prestiti e i risparmi dei clienti in un&#039;unica posizione.\" \/>\n<meta property=\"og:url\" content=\"https:\/\/www.accuratereviews.com\/it\/software-erogazione-prestiti\/loandisk-recensione\/\" \/>\n<meta property=\"og:site_name\" content=\"Accurate Reviews\" \/>\n<meta property=\"article:modified_time\" content=\"2021-05-05T08:50:04+00:00\" \/>\n<meta property=\"og:image\" content=\"https:\/\/www.accuratereviews.com\/wp-content\/uploads\/2021\/05\/Schermata-2021-05-04-alle-11.10.10.png\" \/>\n\t<meta property=\"og:image:width\" content=\"600\" \/>\n\t<meta property=\"og:image:height\" content=\"200\" \/>\n\t<meta property=\"og:image:type\" content=\"image\/png\" \/>\n<meta name=\"twitter:card\" content=\"summary_large_image\" \/>\n<meta name=\"twitter:label1\" content=\"Tempo di lettura stimato\" \/>\n\t<meta name=\"twitter:data1\" content=\"2 minuti\" \/>\n<script type=\"application\/ld+json\" class=\"yoast-schema-graph\">{\"@context\":\"https:\\\/\\\/schema.org\",\"@graph\":[{\"@type\":\"WebPage\",\"@id\":\"https:\\\/\\\/www.accuratereviews.com\\\/it\\\/software-erogazione-prestiti\\\/loandisk-recensione\\\/\",\"url\":\"https:\\\/\\\/www.accuratereviews.com\\\/it\\\/software-erogazione-prestiti\\\/loandisk-recensione\\\/\",\"name\":\"Loandisk: recensione software erogazione prestiti - Accurate Reviews\",\"isPartOf\":{\"@id\":\"https:\\\/\\\/www.accuratereviews.com\\\/it\\\/#website\"},\"primaryImageOfPage\":{\"@id\":\"https:\\\/\\\/www.accuratereviews.com\\\/it\\\/software-erogazione-prestiti\\\/loandisk-recensione\\\/#primaryimage\"},\"image\":{\"@id\":\"https:\\\/\\\/www.accuratereviews.com\\\/it\\\/software-erogazione-prestiti\\\/loandisk-recensione\\\/#primaryimage\"},\"thumbnailUrl\":\"https:\\\/\\\/www.accuratereviews.com\\\/wp-content\\\/uploads\\\/2021\\\/05\\\/Schermata-2021-05-04-alle-11.10.10.png\",\"datePublished\":\"2021-05-04T10:53:57+00:00\",\"dateModified\":\"2021-05-05T08:50:04+00:00\",\"description\":\"Loandisk \u00e8 un software di gestione dei prestiti che ti permette di gestire tutti i prestiti e i risparmi dei clienti in un'unica posizione.\",\"breadcrumb\":{\"@id\":\"https:\\\/\\\/www.accuratereviews.com\\\/it\\\/software-erogazione-prestiti\\\/loandisk-recensione\\\/#breadcrumb\"},\"inLanguage\":\"it-IT\",\"potentialAction\":[{\"@type\":\"ReadAction\",\"target\":[\"https:\\\/\\\/www.accuratereviews.com\\\/it\\\/software-erogazione-prestiti\\\/loandisk-recensione\\\/\"]}]},{\"@type\":\"ImageObject\",\"inLanguage\":\"it-IT\",\"@id\":\"https:\\\/\\\/www.accuratereviews.com\\\/it\\\/software-erogazione-prestiti\\\/loandisk-recensione\\\/#primaryimage\",\"url\":\"https:\\\/\\\/www.accuratereviews.com\\\/wp-content\\\/uploads\\\/2021\\\/05\\\/Schermata-2021-05-04-alle-11.10.10.png\",\"contentUrl\":\"https:\\\/\\\/www.accuratereviews.com\\\/wp-content\\\/uploads\\\/2021\\\/05\\\/Schermata-2021-05-04-alle-11.10.10.png\",\"width\":600,\"height\":200},{\"@type\":\"BreadcrumbList\",\"@id\":\"https:\\\/\\\/www.accuratereviews.com\\\/it\\\/software-erogazione-prestiti\\\/loandisk-recensione\\\/#breadcrumb\",\"itemListElement\":[{\"@type\":\"ListItem\",\"position\":1,\"name\":\"Home\",\"item\":\"https:\\\/\\\/www.accuratereviews.com\\\/it\\\/\"},{\"@type\":\"ListItem\",\"position\":2,\"name\":\"Software per l&#8217;erogazione dei prestiti\",\"item\":\"https:\\\/\\\/www.accuratereviews.com\\\/it\\\/software-erogazione-prestiti\\\/\"},{\"@type\":\"ListItem\",\"position\":3,\"name\":\"Loandisk\"}]},{\"@type\":\"WebSite\",\"@id\":\"https:\\\/\\\/www.accuratereviews.com\\\/it\\\/#website\",\"url\":\"https:\\\/\\\/www.accuratereviews.com\\\/it\\\/\",\"name\":\"Accurate Reviews\",\"description\":\"\",\"potentialAction\":[{\"@type\":\"SearchAction\",\"target\":{\"@type\":\"EntryPoint\",\"urlTemplate\":\"https:\\\/\\\/www.accuratereviews.com\\\/it\\\/?s={search_term_string}\"},\"query-input\":{\"@type\":\"PropertyValueSpecification\",\"valueRequired\":true,\"valueName\":\"search_term_string\"}}],\"inLanguage\":\"it-IT\"}]}<\/script>\n<!-- \/ Yoast SEO plugin. -->","yoast_head_json":{"title":"Loandisk: recensione software erogazione prestiti - Accurate Reviews","description":"Loandisk \u00e8 un software di gestione dei prestiti che ti permette di gestire tutti i prestiti e i risparmi dei clienti in un'unica posizione.","robots":{"index":"index","follow":"follow","max-snippet":"max-snippet:-1","max-image-preview":"max-image-preview:large","max-video-preview":"max-video-preview:-1"},"canonical":"https:\/\/www.accuratereviews.com\/it\/software-erogazione-prestiti\/loandisk-recensione\/","og_locale":"it_IT","og_type":"article","og_title":"Loandisk: recensione software erogazione prestiti - Accurate Reviews","og_description":"Loandisk \u00e8 un software di gestione dei prestiti che ti permette di gestire tutti i prestiti e i risparmi dei clienti in un'unica posizione.","og_url":"https:\/\/www.accuratereviews.com\/it\/software-erogazione-prestiti\/loandisk-recensione\/","og_site_name":"Accurate Reviews","article_modified_time":"2021-05-05T08:50:04+00:00","og_image":[{"width":600,"height":200,"url":"https:\/\/www.accuratereviews.com\/wp-content\/uploads\/2021\/05\/Schermata-2021-05-04-alle-11.10.10.png","type":"image\/png"}],"twitter_card":"summary_large_image","twitter_misc":{"Tempo di lettura stimato":"2 minuti"},"schema":{"@context":"https:\/\/schema.org","@graph":[{"@type":"WebPage","@id":"https:\/\/www.accuratereviews.com\/it\/software-erogazione-prestiti\/loandisk-recensione\/","url":"https:\/\/www.accuratereviews.com\/it\/software-erogazione-prestiti\/loandisk-recensione\/","name":"Loandisk: recensione software erogazione prestiti - Accurate Reviews","isPartOf":{"@id":"https:\/\/www.accuratereviews.com\/it\/#website"},"primaryImageOfPage":{"@id":"https:\/\/www.accuratereviews.com\/it\/software-erogazione-prestiti\/loandisk-recensione\/#primaryimage"},"image":{"@id":"https:\/\/www.accuratereviews.com\/it\/software-erogazione-prestiti\/loandisk-recensione\/#primaryimage"},"thumbnailUrl":"https:\/\/www.accuratereviews.com\/wp-content\/uploads\/2021\/05\/Schermata-2021-05-04-alle-11.10.10.png","datePublished":"2021-05-04T10:53:57+00:00","dateModified":"2021-05-05T08:50:04+00:00","description":"Loandisk \u00e8 un software di gestione dei prestiti che ti permette di gestire tutti i prestiti e i risparmi dei clienti in un'unica posizione.","breadcrumb":{"@id":"https:\/\/www.accuratereviews.com\/it\/software-erogazione-prestiti\/loandisk-recensione\/#breadcrumb"},"inLanguage":"it-IT","potentialAction":[{"@type":"ReadAction","target":["https:\/\/www.accuratereviews.com\/it\/software-erogazione-prestiti\/loandisk-recensione\/"]}]},{"@type":"ImageObject","inLanguage":"it-IT","@id":"https:\/\/www.accuratereviews.com\/it\/software-erogazione-prestiti\/loandisk-recensione\/#primaryimage","url":"https:\/\/www.accuratereviews.com\/wp-content\/uploads\/2021\/05\/Schermata-2021-05-04-alle-11.10.10.png","contentUrl":"https:\/\/www.accuratereviews.com\/wp-content\/uploads\/2021\/05\/Schermata-2021-05-04-alle-11.10.10.png","width":600,"height":200},{"@type":"BreadcrumbList","@id":"https:\/\/www.accuratereviews.com\/it\/software-erogazione-prestiti\/loandisk-recensione\/#breadcrumb","itemListElement":[{"@type":"ListItem","position":1,"name":"Home","item":"https:\/\/www.accuratereviews.com\/it\/"},{"@type":"ListItem","position":2,"name":"Software per l&#8217;erogazione dei prestiti","item":"https:\/\/www.accuratereviews.com\/it\/software-erogazione-prestiti\/"},{"@type":"ListItem","position":3,"name":"Loandisk"}]},{"@type":"WebSite","@id":"https:\/\/www.accuratereviews.com\/it\/#website","url":"https:\/\/www.accuratereviews.com\/it\/","name":"Accurate Reviews","description":"","potentialAction":[{"@type":"SearchAction","target":{"@type":"EntryPoint","urlTemplate":"https:\/\/www.accuratereviews.com\/it\/?s={search_term_string}"},"query-input":{"@type":"PropertyValueSpecification","valueRequired":true,"valueName":"search_term_string"}}],"inLanguage":"it-IT"}]}},"_links":{"self":[{"href":"https:\/\/www.accuratereviews.com\/it\/wp-json\/wp\/v2\/pages\/41739","targetHints":{"allow":["GET"]}}],"collection":[{"href":"https:\/\/www.accuratereviews.com\/it\/wp-json\/wp\/v2\/pages"}],"about":[{"href":"https:\/\/www.accuratereviews.com\/it\/wp-json\/wp\/v2\/types\/page"}],"author":[{"embeddable":true,"href":"https:\/\/www.accuratereviews.com\/it\/wp-json\/wp\/v2\/users\/17"}],"replies":[{"embeddable":true,"href":"https:\/\/www.accuratereviews.com\/it\/wp-json\/wp\/v2\/comments?post=41739"}],"version-history":[{"count":3,"href":"https:\/\/www.accuratereviews.com\/it\/wp-json\/wp\/v2\/pages\/41739\/revisions"}],"predecessor-version":[{"id":41764,"href":"https:\/\/www.accuratereviews.com\/it\/wp-json\/wp\/v2\/pages\/41739\/revisions\/41764"}],"up":[{"embeddable":true,"href":"https:\/\/www.accuratereviews.com\/it\/wp-json\/wp\/v2\/pages\/41330"}],"wp:featuredmedia":[{"embeddable":true,"href":"https:\/\/www.accuratereviews.com\/it\/wp-json\/wp\/v2\/media\/41741"}],"wp:attachment":[{"href":"https:\/\/www.accuratereviews.com\/it\/wp-json\/wp\/v2\/media?parent=41739"}],"wp:term":[{"taxonomy":"category","embeddable":true,"href":"https:\/\/www.accuratereviews.com\/it\/wp-json\/wp\/v2\/categories?post=41739"},{"taxonomy":"post_tag","embeddable":true,"href":"https:\/\/www.accuratereviews.com\/it\/wp-json\/wp\/v2\/tags?post=41739"},{"taxonomy":"features","embeddable":true,"href":"https:\/\/www.accuratereviews.com\/it\/wp-json\/wp\/v2\/features?post=41739"}],"curies":[{"name":"wp","href":"https:\/\/api.w.org\/{rel}","templated":true}]}}