{"id":41892,"date":"2021-05-05T15:14:46","date_gmt":"2021-05-05T15:14:46","guid":{"rendered":"https:\/\/www.accuratereviews.com\/?page_id=41892"},"modified":"2021-05-05T15:14:46","modified_gmt":"2021-05-05T15:14:46","slug":"loan-servicing-soft-recensione","status":"publish","type":"page","link":"https:\/\/www.accuratereviews.com\/it\/software-erogazione-prestiti\/loan-servicing-soft-recensione\/","title":{"rendered":"Loan servicing soft"},"content":{"rendered":"<p><strong>Loan servicing soft<\/strong> \u00e8 una <strong>soluzione di creazione di prestiti<\/strong>, servizi di prestito e gestione dei fondi basata su <strong>cloud<\/strong> progettata per aiutare le istituzioni finanziarie di piccole e grandi dimensioni a gestire la creazione di prestiti, il monitoraggio, gli investitori, le raccolte e i rapporti. La piattaforma offre applicazioni web personalizzabili e portali web live oltre alle funzionalit\u00e0 standard. Le principali funzioni di creazione di prestiti del programma \u00a0includono schermate di immissione dati, applicazioni web, richiami automatici di credito, email automatiche, divulgazioni e chiusura anticipata dei contratti. Per il servizio di prestito, la piattaforma offre la fatturazione automatizzata tramite fatture stampate, fatture email, ACH, coupon book, avvisi in ritardo, riscossioni, payoff e molto altro.<\/p>\n<h2>LOAN SERVICING SOFT &#8211; TUTORIAL<\/h2>\n<p>Guarda come \u00e8 semplice inserire un nuovo cliente in questo <strong>software per erogazione prestiti<\/strong>:<\/p>\n<div id=\"fluid-wrapper-counter-1\" class=\"g1-fluid-wrapper \" style=\"width:686px;\">\n<div style=\"padding-bottom:56.268221574344%;\"><iframe loading=\"lazy\" title=\"LOAN SERVICING SOFT, Adding A Borrower\" width=\"686\" height=\"386\" src=\"https:\/\/www.youtube.com\/embed\/upTXjYLva9g?feature=oembed&amp;wmode=transparent&amp;autohide=1&amp;autoplay=0&amp;disablekb=0&amp;fs=1&amp;loop=0&amp;enablejsapi=1&amp;rel=0&amp;controls=2&amp;showinfo=0&amp;wmode=transparent&amp;autohide=2&amp;autoplay=0&amp;disablekb=0&amp;fs=1&amp;loop=0&amp;enablejsapi=1&amp;rel=0&amp;controls=2&amp;showinfo=1\" frameborder=\"0\" allow=\"accelerometer; autoplay; clipboard-write; encrypted-media; gyroscope; picture-in-picture\" allowfullscreen><\/iframe><\/div>\n<\/div>\n<h3>LOAN SERVICING SOFT &#8211; CARATTERISTICHE<\/h3>\n<ul>\n<li>Software completo per la creazione di prestiti o una soluzione LOS<\/li>\n<li>Applicazione e estrazione automatica del credito<\/li>\n<li>Decisione automatica, divulgazioni e gestione dei documenti: AutoLOS<\/li>\n<li>I portali web configurabili e facili da usare per mutuatari offrono un processo automatizzato di creazione del prestito<\/li>\n<li>Doc Prep automatizzato<\/li>\n<li>Flusso di lavoro e gestione delle attivit\u00e0<\/li>\n<li>Invia attivit\u00e0 a singoli o gruppi<\/li>\n<li>Rapporti estremamente flessibili: preconfigurati o personalizzati<\/li>\n<li>Mutuatario, Investitore, Back Office, Conformit\u00e0<\/li>\n<li>Monitoraggio della promessa di pagamento: semplifica le attivit\u00e0 di riscossione<\/li>\n<li>Gestione del flusso di lavoro e delle attivit\u00e0 &#8211; Pannelli di controllo del dashboard<\/li>\n<li>Dialer Integration &#8211; Integrazione software TAPI<\/li>\n<li>Contabilit\u00e0 fiduciaria completamente integrata<\/li>\n<li>Chiusura delle transazioni, amministrazione dell&#8217;impegno, gestione dei fondi in entrata e in uscita per un numero illimitato di clienti<\/li>\n<\/ul>\n<h4>LE RECENSIONI DEGLI UTENTI<\/h4>\n<p class=\"font-weight-bold mb-1 d-flex align-items-center\"><strong>Matthew L.&#8221;Un potente strumento per la gestione dei prestiti con molta flessibilit\u00e0.&#8221;<\/strong><\/p>\n<p><strong>Pro: <\/strong>Ottima interfaccia utente. Funzionalit\u00e0 aziendale. Personalizzabile. Personalizzabile.<\/p>\n<p><strong>Contro: <\/strong>\u00c8 stato un inferno farlo migrare da NoteSmith. Penso che ci sia stato assegnato l&#8217;ingegnere sbagliato per iniziare. Alla fine LSS ha fatto bene.<\/p>\n<p class=\"font-weight-bold mb-1 d-flex align-items-center\"><strong>Rhonda W.&#8221;Vorrei che avessimo apportato il cambiamento prima &#8230;&#8221;<\/strong><\/p>\n<p><strong>Commenti: <\/strong>Sul mio software precedente dovevo mantenere diversi fogli di calcolo per il monitoraggio della scadenza dell&#8217;assicurazione, l&#8217;analisi dell&#8217;escrow, le tariffe future programmate, ecc. Tutte queste funzioni possono essere eseguite tramite LSS eliminando un bel po &#8216;di lavoro extra.<\/p>\n<p><strong>Pro: <\/strong>LSS \u00e8 molto personalizzato per la nostra azienda. Gestisce ogni aspetto dell&#8217;assistenza, delle informazioni sull&#8217;assicurazione, dell&#8217;analisi del deposito a garanzia, ecc. Il supporto clienti \u00e8 eccezionale. Ho lavorato con Rep durante l&#8217;installazione e l&#8217;allenamento, ed era ben informato, paziente e simpatico. Imparare un nuovo software \u00e8 un lavoro impegnativo, ma Rep lo ha reso la migliore esperienza possibile. Sono molto a mio agio sapendo che il nostro nuovo software ha un supporto di prim&#8217;ordine.<\/p>\n<p><strong>Contro: <\/strong>Serviamo prestiti per pi\u00f9 di un investitore. I miei investitori hanno bisogno di rapporti per i loro portafogli di prestiti (ordinati per investitore \/ prestatore). Stiamo personalizzando i rapporti noi stessi, poich\u00e9 questa non \u00e8 una richiesta standard. LSS pu\u00f2 e personalizzer\u00e0 i rapporti a un prezzo, ma fortunatamente i rapporti LSS offrono la possibilit\u00e0 di personalizzare se hai le conoscenze e le capacit\u00e0.<\/p>\n<p class=\"h5 font-weight-bold flex-grow-1 mb-4\"><strong>Mary L.&#8221;Lavorare con LSS&#8221;<\/strong><\/p>\n<p><strong>Commenti: <\/strong>LSS \u00e8 stato un ottimo partner per la nostra organizzazione. Sono stati molto disponibili a lavorare con noi per i pochi problemi che abbiamo avuto con il software per servire i nostri clienti al meglio.<\/p>\n<p><strong>Pro: <\/strong>Il software \u00e8 flessibile e consente all&#8217;utente di aggiungere i dati necessari per prendere decisioni.<\/p>\n<p><strong>Contro: <\/strong>L&#8217;aggiornamento del software deve essere effettuato su base individuale e pu\u00f2 rallentare la giornata.<\/p>\n","protected":false},"excerpt":{"rendered":"<p>Loan servicing soft \u00e8 una soluzione di creazione di prestiti, servizi di prestito e gestione dei fondi basata su cloud\u00a0progettata per aiutare le istituzioni finanziarie di piccole e grandi dimensioni a gestire la creazione di prestiti, il monitoraggio, gli investitori, le raccolte, i rapporti, ecc. La piattaforma offre applicazioni web personalizzabili e portali web live oltre alle funzionalit\u00e0 standard.\u00a0<\/p>\n","protected":false},"author":16,"featured_media":41906,"parent":41330,"menu_order":0,"comment_status":"open","ping_status":"closed","template":"g1_template_page_review_new.php","meta":{"_acf_changed":false,"cwp_meta_box_check":"Yes","cwp_rev_product_name":"","cwp_rev_product_image":"","wppr_links":[],"cwp_rev_price":"","wppr_options":[],"wppr_pros":[],"wppr_cons":[],"_monsterinsights_skip_tracking":false,"_monsterinsights_sitenote_active":false,"_monsterinsights_sitenote_note":"","_monsterinsights_sitenote_category":0,"footnotes":""},"categories":[5815],"tags":[396,5892,5840,5891,5837,5838],"features":[],"class_list":{"0":"post-41892","1":"page","2":"type-page","3":"status-publish","4":"has-post-thumbnail","6":"category-software-per-erogazione-prestiti-categoria","7":"tag-cloud","8":"tag-loan-servicing-soft","9":"tag-piattaforma-erogazione-prestiti","10":"tag-programmi-erogazione-prestiti","11":"tag-software-erogazione-prestiti","12":"tag-soluzione-erogazione-prestiti"},"wppr_data":{"cwp_meta_box_check":"Yes","cwp_rev_product_name":"","cwp_rev_product_image":"","cwp_image_link":"image","cwp_rev_price":"","wppr_rating":"0.00"},"acf":[],"yoast_head":"<!-- This site is optimized with the Yoast SEO plugin v27.4 - https:\/\/yoast.com\/product\/yoast-seo-wordpress\/ -->\n<title>Loan servicing soft: recensione software erogazione prestiti<\/title>\n<meta name=\"description\" content=\"Loan servicing soft: recensione soluzione di creazione di prestiti e gestione dei fondi basata su cloud per aiutare gli istituti finanziari.\" \/>\n<meta name=\"robots\" content=\"index, follow, max-snippet:-1, max-image-preview:large, max-video-preview:-1\" \/>\n<link rel=\"canonical\" href=\"https:\/\/www.accuratereviews.com\/it\/software-erogazione-prestiti\/loan-servicing-soft-recensione\/\" \/>\n<meta property=\"og:locale\" content=\"it_IT\" \/>\n<meta property=\"og:type\" content=\"article\" \/>\n<meta property=\"og:title\" content=\"Loan servicing soft: recensione software erogazione prestiti\" \/>\n<meta property=\"og:description\" content=\"Loan servicing soft: recensione soluzione di creazione di prestiti e gestione dei fondi basata su cloud per aiutare gli istituti finanziari.\" \/>\n<meta property=\"og:url\" content=\"https:\/\/www.accuratereviews.com\/it\/software-erogazione-prestiti\/loan-servicing-soft-recensione\/\" \/>\n<meta property=\"og:site_name\" content=\"Accurate Reviews\" \/>\n<meta property=\"og:image\" content=\"https:\/\/www.accuratereviews.com\/wp-content\/uploads\/2021\/05\/1571253556253.png\" \/>\n\t<meta property=\"og:image:width\" content=\"200\" \/>\n\t<meta property=\"og:image:height\" content=\"200\" \/>\n\t<meta property=\"og:image:type\" content=\"image\/png\" \/>\n<meta name=\"twitter:card\" content=\"summary_large_image\" \/>\n<meta name=\"twitter:label1\" content=\"Tempo di lettura stimato\" \/>\n\t<meta name=\"twitter:data1\" content=\"3 minuti\" \/>\n<script type=\"application\/ld+json\" class=\"yoast-schema-graph\">{\"@context\":\"https:\\\/\\\/schema.org\",\"@graph\":[{\"@type\":\"WebPage\",\"@id\":\"https:\\\/\\\/www.accuratereviews.com\\\/it\\\/software-erogazione-prestiti\\\/loan-servicing-soft-recensione\\\/\",\"url\":\"https:\\\/\\\/www.accuratereviews.com\\\/it\\\/software-erogazione-prestiti\\\/loan-servicing-soft-recensione\\\/\",\"name\":\"Loan servicing soft: recensione software erogazione prestiti\",\"isPartOf\":{\"@id\":\"https:\\\/\\\/www.accuratereviews.com\\\/it\\\/#website\"},\"primaryImageOfPage\":{\"@id\":\"https:\\\/\\\/www.accuratereviews.com\\\/it\\\/software-erogazione-prestiti\\\/loan-servicing-soft-recensione\\\/#primaryimage\"},\"image\":{\"@id\":\"https:\\\/\\\/www.accuratereviews.com\\\/it\\\/software-erogazione-prestiti\\\/loan-servicing-soft-recensione\\\/#primaryimage\"},\"thumbnailUrl\":\"https:\\\/\\\/www.accuratereviews.com\\\/wp-content\\\/uploads\\\/2021\\\/05\\\/1571253556253.png\",\"datePublished\":\"2021-05-05T15:14:46+00:00\",\"description\":\"Loan servicing soft: recensione soluzione di creazione di prestiti e gestione dei fondi basata su cloud per aiutare gli istituti finanziari.\",\"breadcrumb\":{\"@id\":\"https:\\\/\\\/www.accuratereviews.com\\\/it\\\/software-erogazione-prestiti\\\/loan-servicing-soft-recensione\\\/#breadcrumb\"},\"inLanguage\":\"it-IT\",\"potentialAction\":[{\"@type\":\"ReadAction\",\"target\":[\"https:\\\/\\\/www.accuratereviews.com\\\/it\\\/software-erogazione-prestiti\\\/loan-servicing-soft-recensione\\\/\"]}]},{\"@type\":\"ImageObject\",\"inLanguage\":\"it-IT\",\"@id\":\"https:\\\/\\\/www.accuratereviews.com\\\/it\\\/software-erogazione-prestiti\\\/loan-servicing-soft-recensione\\\/#primaryimage\",\"url\":\"https:\\\/\\\/www.accuratereviews.com\\\/wp-content\\\/uploads\\\/2021\\\/05\\\/1571253556253.png\",\"contentUrl\":\"https:\\\/\\\/www.accuratereviews.com\\\/wp-content\\\/uploads\\\/2021\\\/05\\\/1571253556253.png\",\"width\":200,\"height\":200},{\"@type\":\"BreadcrumbList\",\"@id\":\"https:\\\/\\\/www.accuratereviews.com\\\/it\\\/software-erogazione-prestiti\\\/loan-servicing-soft-recensione\\\/#breadcrumb\",\"itemListElement\":[{\"@type\":\"ListItem\",\"position\":1,\"name\":\"Home\",\"item\":\"https:\\\/\\\/www.accuratereviews.com\\\/it\\\/\"},{\"@type\":\"ListItem\",\"position\":2,\"name\":\"Software per l&#8217;erogazione dei prestiti\",\"item\":\"https:\\\/\\\/www.accuratereviews.com\\\/it\\\/software-erogazione-prestiti\\\/\"},{\"@type\":\"ListItem\",\"position\":3,\"name\":\"Loan servicing soft\"}]},{\"@type\":\"WebSite\",\"@id\":\"https:\\\/\\\/www.accuratereviews.com\\\/it\\\/#website\",\"url\":\"https:\\\/\\\/www.accuratereviews.com\\\/it\\\/\",\"name\":\"Accurate Reviews\",\"description\":\"\",\"potentialAction\":[{\"@type\":\"SearchAction\",\"target\":{\"@type\":\"EntryPoint\",\"urlTemplate\":\"https:\\\/\\\/www.accuratereviews.com\\\/it\\\/?s={search_term_string}\"},\"query-input\":{\"@type\":\"PropertyValueSpecification\",\"valueRequired\":true,\"valueName\":\"search_term_string\"}}],\"inLanguage\":\"it-IT\"}]}<\/script>\n<!-- \/ Yoast SEO plugin. -->","yoast_head_json":{"title":"Loan servicing soft: recensione software erogazione prestiti","description":"Loan servicing soft: recensione soluzione di creazione di prestiti e gestione dei fondi basata su cloud per aiutare gli istituti finanziari.","robots":{"index":"index","follow":"follow","max-snippet":"max-snippet:-1","max-image-preview":"max-image-preview:large","max-video-preview":"max-video-preview:-1"},"canonical":"https:\/\/www.accuratereviews.com\/it\/software-erogazione-prestiti\/loan-servicing-soft-recensione\/","og_locale":"it_IT","og_type":"article","og_title":"Loan servicing soft: recensione software erogazione prestiti","og_description":"Loan servicing soft: recensione soluzione di creazione di prestiti e gestione dei fondi basata su cloud per aiutare gli istituti finanziari.","og_url":"https:\/\/www.accuratereviews.com\/it\/software-erogazione-prestiti\/loan-servicing-soft-recensione\/","og_site_name":"Accurate Reviews","og_image":[{"width":200,"height":200,"url":"https:\/\/www.accuratereviews.com\/wp-content\/uploads\/2021\/05\/1571253556253.png","type":"image\/png"}],"twitter_card":"summary_large_image","twitter_misc":{"Tempo di lettura stimato":"3 minuti"},"schema":{"@context":"https:\/\/schema.org","@graph":[{"@type":"WebPage","@id":"https:\/\/www.accuratereviews.com\/it\/software-erogazione-prestiti\/loan-servicing-soft-recensione\/","url":"https:\/\/www.accuratereviews.com\/it\/software-erogazione-prestiti\/loan-servicing-soft-recensione\/","name":"Loan servicing soft: recensione software erogazione prestiti","isPartOf":{"@id":"https:\/\/www.accuratereviews.com\/it\/#website"},"primaryImageOfPage":{"@id":"https:\/\/www.accuratereviews.com\/it\/software-erogazione-prestiti\/loan-servicing-soft-recensione\/#primaryimage"},"image":{"@id":"https:\/\/www.accuratereviews.com\/it\/software-erogazione-prestiti\/loan-servicing-soft-recensione\/#primaryimage"},"thumbnailUrl":"https:\/\/www.accuratereviews.com\/wp-content\/uploads\/2021\/05\/1571253556253.png","datePublished":"2021-05-05T15:14:46+00:00","description":"Loan servicing soft: recensione soluzione di creazione di prestiti e gestione dei fondi basata su cloud per aiutare gli istituti finanziari.","breadcrumb":{"@id":"https:\/\/www.accuratereviews.com\/it\/software-erogazione-prestiti\/loan-servicing-soft-recensione\/#breadcrumb"},"inLanguage":"it-IT","potentialAction":[{"@type":"ReadAction","target":["https:\/\/www.accuratereviews.com\/it\/software-erogazione-prestiti\/loan-servicing-soft-recensione\/"]}]},{"@type":"ImageObject","inLanguage":"it-IT","@id":"https:\/\/www.accuratereviews.com\/it\/software-erogazione-prestiti\/loan-servicing-soft-recensione\/#primaryimage","url":"https:\/\/www.accuratereviews.com\/wp-content\/uploads\/2021\/05\/1571253556253.png","contentUrl":"https:\/\/www.accuratereviews.com\/wp-content\/uploads\/2021\/05\/1571253556253.png","width":200,"height":200},{"@type":"BreadcrumbList","@id":"https:\/\/www.accuratereviews.com\/it\/software-erogazione-prestiti\/loan-servicing-soft-recensione\/#breadcrumb","itemListElement":[{"@type":"ListItem","position":1,"name":"Home","item":"https:\/\/www.accuratereviews.com\/it\/"},{"@type":"ListItem","position":2,"name":"Software per l&#8217;erogazione dei prestiti","item":"https:\/\/www.accuratereviews.com\/it\/software-erogazione-prestiti\/"},{"@type":"ListItem","position":3,"name":"Loan servicing soft"}]},{"@type":"WebSite","@id":"https:\/\/www.accuratereviews.com\/it\/#website","url":"https:\/\/www.accuratereviews.com\/it\/","name":"Accurate Reviews","description":"","potentialAction":[{"@type":"SearchAction","target":{"@type":"EntryPoint","urlTemplate":"https:\/\/www.accuratereviews.com\/it\/?s={search_term_string}"},"query-input":{"@type":"PropertyValueSpecification","valueRequired":true,"valueName":"search_term_string"}}],"inLanguage":"it-IT"}]}},"_links":{"self":[{"href":"https:\/\/www.accuratereviews.com\/it\/wp-json\/wp\/v2\/pages\/41892","targetHints":{"allow":["GET"]}}],"collection":[{"href":"https:\/\/www.accuratereviews.com\/it\/wp-json\/wp\/v2\/pages"}],"about":[{"href":"https:\/\/www.accuratereviews.com\/it\/wp-json\/wp\/v2\/types\/page"}],"author":[{"embeddable":true,"href":"https:\/\/www.accuratereviews.com\/it\/wp-json\/wp\/v2\/users\/16"}],"replies":[{"embeddable":true,"href":"https:\/\/www.accuratereviews.com\/it\/wp-json\/wp\/v2\/comments?post=41892"}],"version-history":[{"count":10,"href":"https:\/\/www.accuratereviews.com\/it\/wp-json\/wp\/v2\/pages\/41892\/revisions"}],"predecessor-version":[{"id":41939,"href":"https:\/\/www.accuratereviews.com\/it\/wp-json\/wp\/v2\/pages\/41892\/revisions\/41939"}],"up":[{"embeddable":true,"href":"https:\/\/www.accuratereviews.com\/it\/wp-json\/wp\/v2\/pages\/41330"}],"wp:featuredmedia":[{"embeddable":true,"href":"https:\/\/www.accuratereviews.com\/it\/wp-json\/wp\/v2\/media\/41906"}],"wp:attachment":[{"href":"https:\/\/www.accuratereviews.com\/it\/wp-json\/wp\/v2\/media?parent=41892"}],"wp:term":[{"taxonomy":"category","embeddable":true,"href":"https:\/\/www.accuratereviews.com\/it\/wp-json\/wp\/v2\/categories?post=41892"},{"taxonomy":"post_tag","embeddable":true,"href":"https:\/\/www.accuratereviews.com\/it\/wp-json\/wp\/v2\/tags?post=41892"},{"taxonomy":"features","embeddable":true,"href":"https:\/\/www.accuratereviews.com\/it\/wp-json\/wp\/v2\/features?post=41892"}],"curies":[{"name":"wp","href":"https:\/\/api.w.org\/{rel}","templated":true}]}}