{"id":41894,"date":"2021-05-05T14:39:56","date_gmt":"2021-05-05T14:39:56","guid":{"rendered":"https:\/\/www.accuratereviews.com\/?page_id=41894"},"modified":"2021-05-05T15:08:28","modified_gmt":"2021-05-05T15:08:28","slug":"loanassistant-software-recensione","status":"publish","type":"page","link":"https:\/\/www.accuratereviews.com\/it\/software-erogazione-prestiti\/loanassistant-software-recensione\/","title":{"rendered":"LoanAssistant Software"},"content":{"rendered":"<p><strong>LoanAssistant<\/strong> \u00e8 una soluzione per la <strong>gestione dei prestiti<\/strong> per QuickBooks che assiste le attivit\u00e0 di prestito in vari segmenti tra cui mutui residenziali, prestiti per l&#8217;istruzione e vendite rateali. Consente di amministrare le linee di credito e di tracciare e monitorare le transazioni in tempo reale. L&#8217;applicazione permette ai team finanziari di condurre registri di controllo e calcolare gli interessi in base ai metodi Actual \/ 365, Actual \/ 360 e 30\/365. Le caratteristiche di <strong>LoanAssistant<\/strong> includono contabilit\u00e0, avvisi automatici, gestione del mutuatario, monitoraggio delle garanzie e altro ancora. Inoltre, viene fornito con un modulo di reportistica, che consente ai supervisori di generare report relativi a estratti conto, raccolta dell&#8217;impegno, riepilogo del portafoglio e pagamenti dovuti.<\/p>\n<h2>LOANASSISTAN &#8211; TUTORIAL<\/h2>\n<p>Guardiamo insieme questo breve tutorial che mostra come gestire un cliente con questo software per la <strong>gestione dei prestiti<\/strong>:<\/p>\n<div id=\"fluid-wrapper-counter-1\" class=\"g1-fluid-wrapper \" style=\"width:686px;\">\n<div style=\"padding-bottom:56.268221574344%;\"><iframe loading=\"lazy\" title=\"Loan Payoff Tutorial\" width=\"686\" height=\"386\" src=\"https:\/\/www.youtube.com\/embed\/WFxQZxmZRd8?feature=oembed&amp;wmode=transparent&amp;autohide=1&amp;autoplay=0&amp;disablekb=0&amp;fs=1&amp;loop=0&amp;enablejsapi=1&amp;rel=0&amp;controls=2&amp;showinfo=0&amp;wmode=transparent&amp;autohide=2&amp;autoplay=0&amp;disablekb=0&amp;fs=1&amp;loop=0&amp;enablejsapi=1&amp;rel=0&amp;controls=2&amp;showinfo=1\" frameborder=\"0\" allow=\"accelerometer; autoplay; clipboard-write; encrypted-media; gyroscope; picture-in-picture\" allowfullscreen><\/iframe><\/div>\n<\/div>\n<h3>LOANASSISTAN &#8211; CARATTERISTICHE<\/h3>\n<ul>\n<li>Numero illimitato di prestiti e linee di credito<\/li>\n<li>Integrazione semplice e intuitiva con un numero illimitato di file QuickBooks Online \/ QuickBooks Desktop<\/li>\n<li>Report combinato di portafogli di prestiti da diversi file QuickBooks<\/li>\n<li>Tabelle di ammortamento e cedole di pagamento<\/li>\n<li>Rendiconti di fatturazione completi<\/li>\n<li>Dichiarazioni di pay-off<\/li>\n<li>Estratti conto del mutuatario<\/li>\n<li>Rapporti manageriali e\u00a0riepilogo dei pagamenti<\/li>\n<li>Raccolta dell&#8217;impegno e rapporti sui pagamenti<\/li>\n<li>Riepilogo conti in ritardo e rapporti sui pagamenti dovuti<\/li>\n<li>Moduli IRS 1098 e 1096: raccolta \/ segnalazione automatica dei dati ai mutuatari (modulo 1098) e dichiarazione sugli interessi ipotecari (modulo 1096)<\/li>\n<li>Accesso a un&#8217;ampia gamma di funzionalit\u00e0 di reportistica QuickBooks\u00ae<\/li>\n<li>Cessione di pi\u00f9 mutuatari e garanti a un unico finanziamento<\/li>\n<li>Modulo di deposito a garanzia per pagamenti di terze parti come tasse e assicurazioni<\/li>\n<li>Configurazione di rete multiutente<\/li>\n<li>Tracciabilit\u00e0 LTV con pi\u00f9 elementi collaterali riferiti a conti specifici<\/li>\n<li>Note e immagini di tracciamento possono essere timbrate con il nome utente e la data per scopi di controllo<\/li>\n<li>Attivit\u00e0, immagini e scadenze assegnate a diversi utenti tramite Microsoft Outlook<\/li>\n<li>Fino a tre livelli di sicurezza per gli amministratori<\/li>\n<li>Modifica di molti parametri di prestito in futuro<\/li>\n<li>Calcolo degli interessi basato su Actual \/ 365, Actual \/ 360 e 30\/365, 30\/360<\/li>\n<li>Compensazione degli interessi con impostazioni flessibili<\/li>\n<li>Supporto per prestiti a tasso variabile con variazioni di tasso periodiche e casuali<\/li>\n<li>Differimento di interessi e importi del prestito infruttifero<\/li>\n<li>Monitoraggio dei certificati di deposito degli investitori<\/li>\n<li>Pool di partecipazione con uno o pi\u00f9 investitori<\/li>\n<li>Allocazione degli investitori basata su percentuali fisse o sull&#8217;ammontare del capitale investito<\/li>\n<li>Molteplici opzioni di commissione di gestione registrate automaticamente in QuickBooks<\/li>\n<li>Report completi sulla partecipazione degli investitori esportabili in Excel.<\/li>\n<\/ul>\n<h4>LE RECENSIONI DEGLI UTENTI<\/h4>\n<p class=\"font-weight-bold mb-1 d-flex align-items-center\"><strong>Kathleen W.&#8221;Software per mutui ipotecari integrato con Quickbooks&#8221;<\/strong><\/p>\n<p><strong>Commenti: <\/strong>Sono rimasto molto colpito dall&#8217;intero processo di Loan Assistant. Utilizziamo questo programma da oltre 3 anni. La nostra azienda ha affrontato problemi, dato idee e chiesto aiuto molte volte. Il team di Loan Assistant risponde sempre prontamente e con risoluzioni alle nostre domande o dubbi. Quando qualcosa non funziona come ne abbiamo bisogno, hanno sempre fornito assistenza e consigli sulla possibilit\u00e0 di apportare modifiche al software per soddisfare le nostre esigenze. Servizio eccezionale!<\/p>\n<p><strong>Pro: <\/strong>L&#8217;integrazione con il nostro software di contabilit\u00e0 esistente (Quickbooks) \u00e8 l&#8217;aspetto pi\u00f9 importante per noi che utilizziamo questo software. La facilit\u00e0 e la semplicit\u00e0 del programma sono importanti e anche il prezzo accessibile \u00e8 importante. Il programma offre la personalizzazione alle vostre esigenze specifiche, se necessario. La reattivit\u00e0 del servizio clienti superiore \u00e8 sorprendente. Non ho mai aspettato a lungo una risposta e il personale \u00e8 sempre gentile.<\/p>\n<p><strong>Contro: <\/strong>L&#8217;unico svantaggio sarebbe che non ho utilizzato un altro programma software per la manutenzione dei prestiti &#8230; quindi non posso offrire confronti.<\/p>\n<p class=\"font-weight-bold mb-1 d-flex align-items-center\"><strong>Nitish B.&#8221;Buon software per la gestione dei prestiti&#8221;<\/strong><\/p>\n<p><strong>Commenti: <\/strong>Nel complesso \u00e8 un ottimo software su cui lavorare in quanto pu\u00f2 ridurre al laborioso lavoro di gestione dei prestiti in quello semplice.<\/p>\n<p><strong>Pro: <\/strong>Loan Assistant \u00e8 un software di gestione dei prestiti che il nostro team consiglia e suggerisce ai nostri clienti. La funzione pi\u00f9 importante di questo software \u00e8\u00a0organizzare grandi prestiti che sono molto difficili per un lavoro manuale. \u00c8 semplice da usare e imparare. Pu\u00f2 gestire facilmente le bollette e il piano di ammortamento e funziona bene con QuickBooks.<\/p>\n<p><strong>Contro: <\/strong>Pu\u00f2 essere utilizzato solo su piattaforma Windows, cosa che alcuni potrebbero trovare uno svantaggio, ma la maggior parte degli utenti non se ne preoccupa. L&#8217;assistenza clienti \u00e8 importante ma manca ancora nel suo servizio.<\/p>\n<p class=\"font-weight-bold mb-1 d-flex align-items-center\"><strong>Maria M.&#8221;Ottimo software!&#8221;<\/strong><\/p>\n<p><strong>Commenti: <\/strong>Molto soddisfatto.<\/p>\n<p><strong>Pro: <\/strong>Loan Assistant \u00e8 un ottimo strumento per monitorare l&#8217;attivit\u00e0 di prestito. Ha sicuramente semplificato il mio lavoro registrare i pagamenti e automatizzare \/ aggiornare i piani di ammortamento. Anche la segnalazione nel sistema \u00e8 molto semplice e utile.<\/p>\n<p><strong>Contro: <\/strong>A volte il sistema si chiude da solo, ma tutto sommato il software \u00e8 molto utile. In caso di problemi, il nostro rappresentante \u00e8 molto disponibile e competente. Sempre pronto ad aiutare in modo rapido ed efficiente.<\/p>\n<p>&nbsp;<\/p>\n","protected":false},"excerpt":{"rendered":"<p>LoanAssistant \u00e8 una soluzione per la gestione dei prestiti per QuickBooks che assiste le attivit\u00e0 di prestito in vari segmenti tra cui mutui residenziali, prestiti per l&#8217;istruzione e vendite rateali con preparazione e gestione dei prestiti. Consente di amministrare le linee di credito e di tracciare e monitorare le transazioni in tempo reale.<\/p>\n","protected":false},"author":16,"featured_media":41896,"parent":41330,"menu_order":0,"comment_status":"open","ping_status":"closed","template":"g1_template_page_review_new.php","meta":{"_acf_changed":false,"cwp_meta_box_check":"Yes","cwp_rev_product_name":"","cwp_rev_product_image":"","wppr_links":[],"cwp_rev_price":"","wppr_options":[],"wppr_pros":[],"wppr_cons":[],"_monsterinsights_skip_tracking":false,"_monsterinsights_sitenote_active":false,"_monsterinsights_sitenote_note":"","_monsterinsights_sitenote_category":0,"footnotes":""},"categories":[5815],"tags":[5889,5890,5840,5839,5837,5838],"features":[],"class_list":{"0":"post-41894","1":"page","2":"type-page","3":"status-publish","4":"has-post-thumbnail","6":"category-software-per-erogazione-prestiti-categoria","7":"tag-gestione-prestiti","8":"tag-loanassistant","9":"tag-piattaforma-erogazione-prestiti","10":"tag-programma-erogazione-prestiti","11":"tag-software-erogazione-prestiti","12":"tag-soluzione-erogazione-prestiti"},"wppr_data":{"cwp_meta_box_check":"Yes","cwp_rev_product_name":"","cwp_rev_product_image":"","cwp_image_link":"image","cwp_rev_price":"","wppr_rating":"0.00"},"acf":[],"yoast_head":"<!-- This site is optimized with the Yoast SEO plugin v27.4 - https:\/\/yoast.com\/product\/yoast-seo-wordpress\/ -->\n<title>LoanAssistant: recensione software erogazione prestiti - Accurate Reviews<\/title>\n<meta name=\"description\" content=\"LoanAssistant: recensione soluzione per la gestione dei prestiti per QuickBooks che assiste le attivit\u00e0 in vari segmenti.\" \/>\n<meta name=\"robots\" content=\"index, follow, max-snippet:-1, max-image-preview:large, max-video-preview:-1\" \/>\n<link rel=\"canonical\" href=\"https:\/\/www.accuratereviews.com\/it\/software-erogazione-prestiti\/loanassistant-software-recensione\/\" \/>\n<meta property=\"og:locale\" content=\"it_IT\" \/>\n<meta property=\"og:type\" content=\"article\" \/>\n<meta property=\"og:title\" content=\"LoanAssistant: recensione software erogazione prestiti - Accurate Reviews\" \/>\n<meta property=\"og:description\" content=\"LoanAssistant: recensione soluzione per la gestione dei prestiti per QuickBooks che assiste le attivit\u00e0 in vari segmenti.\" \/>\n<meta property=\"og:url\" content=\"https:\/\/www.accuratereviews.com\/it\/software-erogazione-prestiti\/loanassistant-software-recensione\/\" \/>\n<meta property=\"og:site_name\" content=\"Accurate Reviews\" \/>\n<meta property=\"article:modified_time\" content=\"2021-05-05T15:08:28+00:00\" \/>\n<meta property=\"og:image\" content=\"https:\/\/www.accuratereviews.com\/wp-content\/uploads\/2021\/05\/loanassistant.png\" \/>\n\t<meta property=\"og:image:width\" content=\"278\" \/>\n\t<meta property=\"og:image:height\" content=\"276\" \/>\n\t<meta property=\"og:image:type\" content=\"image\/png\" \/>\n<meta name=\"twitter:card\" content=\"summary_large_image\" \/>\n<meta name=\"twitter:label1\" content=\"Tempo di lettura stimato\" \/>\n\t<meta name=\"twitter:data1\" content=\"4 minuti\" \/>\n<script type=\"application\/ld+json\" class=\"yoast-schema-graph\">{\"@context\":\"https:\\\/\\\/schema.org\",\"@graph\":[{\"@type\":\"WebPage\",\"@id\":\"https:\\\/\\\/www.accuratereviews.com\\\/it\\\/software-erogazione-prestiti\\\/loanassistant-software-recensione\\\/\",\"url\":\"https:\\\/\\\/www.accuratereviews.com\\\/it\\\/software-erogazione-prestiti\\\/loanassistant-software-recensione\\\/\",\"name\":\"LoanAssistant: recensione software erogazione prestiti - Accurate Reviews\",\"isPartOf\":{\"@id\":\"https:\\\/\\\/www.accuratereviews.com\\\/it\\\/#website\"},\"primaryImageOfPage\":{\"@id\":\"https:\\\/\\\/www.accuratereviews.com\\\/it\\\/software-erogazione-prestiti\\\/loanassistant-software-recensione\\\/#primaryimage\"},\"image\":{\"@id\":\"https:\\\/\\\/www.accuratereviews.com\\\/it\\\/software-erogazione-prestiti\\\/loanassistant-software-recensione\\\/#primaryimage\"},\"thumbnailUrl\":\"https:\\\/\\\/www.accuratereviews.com\\\/wp-content\\\/uploads\\\/2021\\\/05\\\/loanassistant.png\",\"datePublished\":\"2021-05-05T14:39:56+00:00\",\"dateModified\":\"2021-05-05T15:08:28+00:00\",\"description\":\"LoanAssistant: recensione soluzione per la gestione dei prestiti per QuickBooks che assiste le attivit\u00e0 in vari segmenti.\",\"breadcrumb\":{\"@id\":\"https:\\\/\\\/www.accuratereviews.com\\\/it\\\/software-erogazione-prestiti\\\/loanassistant-software-recensione\\\/#breadcrumb\"},\"inLanguage\":\"it-IT\",\"potentialAction\":[{\"@type\":\"ReadAction\",\"target\":[\"https:\\\/\\\/www.accuratereviews.com\\\/it\\\/software-erogazione-prestiti\\\/loanassistant-software-recensione\\\/\"]}]},{\"@type\":\"ImageObject\",\"inLanguage\":\"it-IT\",\"@id\":\"https:\\\/\\\/www.accuratereviews.com\\\/it\\\/software-erogazione-prestiti\\\/loanassistant-software-recensione\\\/#primaryimage\",\"url\":\"https:\\\/\\\/www.accuratereviews.com\\\/wp-content\\\/uploads\\\/2021\\\/05\\\/loanassistant.png\",\"contentUrl\":\"https:\\\/\\\/www.accuratereviews.com\\\/wp-content\\\/uploads\\\/2021\\\/05\\\/loanassistant.png\",\"width\":278,\"height\":276},{\"@type\":\"BreadcrumbList\",\"@id\":\"https:\\\/\\\/www.accuratereviews.com\\\/it\\\/software-erogazione-prestiti\\\/loanassistant-software-recensione\\\/#breadcrumb\",\"itemListElement\":[{\"@type\":\"ListItem\",\"position\":1,\"name\":\"Home\",\"item\":\"https:\\\/\\\/www.accuratereviews.com\\\/it\\\/\"},{\"@type\":\"ListItem\",\"position\":2,\"name\":\"Software per l&#8217;erogazione dei prestiti\",\"item\":\"https:\\\/\\\/www.accuratereviews.com\\\/it\\\/software-erogazione-prestiti\\\/\"},{\"@type\":\"ListItem\",\"position\":3,\"name\":\"LoanAssistant Software\"}]},{\"@type\":\"WebSite\",\"@id\":\"https:\\\/\\\/www.accuratereviews.com\\\/it\\\/#website\",\"url\":\"https:\\\/\\\/www.accuratereviews.com\\\/it\\\/\",\"name\":\"Accurate Reviews\",\"description\":\"\",\"potentialAction\":[{\"@type\":\"SearchAction\",\"target\":{\"@type\":\"EntryPoint\",\"urlTemplate\":\"https:\\\/\\\/www.accuratereviews.com\\\/it\\\/?s={search_term_string}\"},\"query-input\":{\"@type\":\"PropertyValueSpecification\",\"valueRequired\":true,\"valueName\":\"search_term_string\"}}],\"inLanguage\":\"it-IT\"}]}<\/script>\n<!-- \/ Yoast SEO plugin. -->","yoast_head_json":{"title":"LoanAssistant: recensione software erogazione prestiti - Accurate Reviews","description":"LoanAssistant: recensione soluzione per la gestione dei prestiti per QuickBooks che assiste le attivit\u00e0 in vari segmenti.","robots":{"index":"index","follow":"follow","max-snippet":"max-snippet:-1","max-image-preview":"max-image-preview:large","max-video-preview":"max-video-preview:-1"},"canonical":"https:\/\/www.accuratereviews.com\/it\/software-erogazione-prestiti\/loanassistant-software-recensione\/","og_locale":"it_IT","og_type":"article","og_title":"LoanAssistant: recensione software erogazione prestiti - Accurate Reviews","og_description":"LoanAssistant: recensione soluzione per la gestione dei prestiti per QuickBooks che assiste le attivit\u00e0 in vari segmenti.","og_url":"https:\/\/www.accuratereviews.com\/it\/software-erogazione-prestiti\/loanassistant-software-recensione\/","og_site_name":"Accurate Reviews","article_modified_time":"2021-05-05T15:08:28+00:00","og_image":[{"width":278,"height":276,"url":"https:\/\/www.accuratereviews.com\/wp-content\/uploads\/2021\/05\/loanassistant.png","type":"image\/png"}],"twitter_card":"summary_large_image","twitter_misc":{"Tempo di lettura stimato":"4 minuti"},"schema":{"@context":"https:\/\/schema.org","@graph":[{"@type":"WebPage","@id":"https:\/\/www.accuratereviews.com\/it\/software-erogazione-prestiti\/loanassistant-software-recensione\/","url":"https:\/\/www.accuratereviews.com\/it\/software-erogazione-prestiti\/loanassistant-software-recensione\/","name":"LoanAssistant: recensione software erogazione prestiti - Accurate Reviews","isPartOf":{"@id":"https:\/\/www.accuratereviews.com\/it\/#website"},"primaryImageOfPage":{"@id":"https:\/\/www.accuratereviews.com\/it\/software-erogazione-prestiti\/loanassistant-software-recensione\/#primaryimage"},"image":{"@id":"https:\/\/www.accuratereviews.com\/it\/software-erogazione-prestiti\/loanassistant-software-recensione\/#primaryimage"},"thumbnailUrl":"https:\/\/www.accuratereviews.com\/wp-content\/uploads\/2021\/05\/loanassistant.png","datePublished":"2021-05-05T14:39:56+00:00","dateModified":"2021-05-05T15:08:28+00:00","description":"LoanAssistant: recensione soluzione per la gestione dei prestiti per QuickBooks che assiste le attivit\u00e0 in vari segmenti.","breadcrumb":{"@id":"https:\/\/www.accuratereviews.com\/it\/software-erogazione-prestiti\/loanassistant-software-recensione\/#breadcrumb"},"inLanguage":"it-IT","potentialAction":[{"@type":"ReadAction","target":["https:\/\/www.accuratereviews.com\/it\/software-erogazione-prestiti\/loanassistant-software-recensione\/"]}]},{"@type":"ImageObject","inLanguage":"it-IT","@id":"https:\/\/www.accuratereviews.com\/it\/software-erogazione-prestiti\/loanassistant-software-recensione\/#primaryimage","url":"https:\/\/www.accuratereviews.com\/wp-content\/uploads\/2021\/05\/loanassistant.png","contentUrl":"https:\/\/www.accuratereviews.com\/wp-content\/uploads\/2021\/05\/loanassistant.png","width":278,"height":276},{"@type":"BreadcrumbList","@id":"https:\/\/www.accuratereviews.com\/it\/software-erogazione-prestiti\/loanassistant-software-recensione\/#breadcrumb","itemListElement":[{"@type":"ListItem","position":1,"name":"Home","item":"https:\/\/www.accuratereviews.com\/it\/"},{"@type":"ListItem","position":2,"name":"Software per l&#8217;erogazione dei prestiti","item":"https:\/\/www.accuratereviews.com\/it\/software-erogazione-prestiti\/"},{"@type":"ListItem","position":3,"name":"LoanAssistant Software"}]},{"@type":"WebSite","@id":"https:\/\/www.accuratereviews.com\/it\/#website","url":"https:\/\/www.accuratereviews.com\/it\/","name":"Accurate Reviews","description":"","potentialAction":[{"@type":"SearchAction","target":{"@type":"EntryPoint","urlTemplate":"https:\/\/www.accuratereviews.com\/it\/?s={search_term_string}"},"query-input":{"@type":"PropertyValueSpecification","valueRequired":true,"valueName":"search_term_string"}}],"inLanguage":"it-IT"}]}},"_links":{"self":[{"href":"https:\/\/www.accuratereviews.com\/it\/wp-json\/wp\/v2\/pages\/41894","targetHints":{"allow":["GET"]}}],"collection":[{"href":"https:\/\/www.accuratereviews.com\/it\/wp-json\/wp\/v2\/pages"}],"about":[{"href":"https:\/\/www.accuratereviews.com\/it\/wp-json\/wp\/v2\/types\/page"}],"author":[{"embeddable":true,"href":"https:\/\/www.accuratereviews.com\/it\/wp-json\/wp\/v2\/users\/16"}],"replies":[{"embeddable":true,"href":"https:\/\/www.accuratereviews.com\/it\/wp-json\/wp\/v2\/comments?post=41894"}],"version-history":[{"count":9,"href":"https:\/\/www.accuratereviews.com\/it\/wp-json\/wp\/v2\/pages\/41894\/revisions"}],"predecessor-version":[{"id":41924,"href":"https:\/\/www.accuratereviews.com\/it\/wp-json\/wp\/v2\/pages\/41894\/revisions\/41924"}],"up":[{"embeddable":true,"href":"https:\/\/www.accuratereviews.com\/it\/wp-json\/wp\/v2\/pages\/41330"}],"wp:featuredmedia":[{"embeddable":true,"href":"https:\/\/www.accuratereviews.com\/it\/wp-json\/wp\/v2\/media\/41896"}],"wp:attachment":[{"href":"https:\/\/www.accuratereviews.com\/it\/wp-json\/wp\/v2\/media?parent=41894"}],"wp:term":[{"taxonomy":"category","embeddable":true,"href":"https:\/\/www.accuratereviews.com\/it\/wp-json\/wp\/v2\/categories?post=41894"},{"taxonomy":"post_tag","embeddable":true,"href":"https:\/\/www.accuratereviews.com\/it\/wp-json\/wp\/v2\/tags?post=41894"},{"taxonomy":"features","embeddable":true,"href":"https:\/\/www.accuratereviews.com\/it\/wp-json\/wp\/v2\/features?post=41894"}],"curies":[{"name":"wp","href":"https:\/\/api.w.org\/{rel}","templated":true}]}}