{"id":41999,"date":"2021-05-06T11:10:07","date_gmt":"2021-05-06T11:10:07","guid":{"rendered":"https:\/\/www.accuratereviews.com\/?page_id=41999"},"modified":"2021-05-06T11:10:07","modified_gmt":"2021-05-06T11:10:07","slug":"fps-gold-core-recensione","status":"publish","type":"page","link":"https:\/\/www.accuratereviews.com\/it\/software-erogazione-prestiti\/fps-gold-core-recensione\/","title":{"rendered":"Fps Gold Core"},"content":{"rendered":"<p><strong>Fps Gold Core<\/strong> \u00e8 una <strong>soluzione bancaria<\/strong> di base progettata per le banche comunitarie con strumenti per CRM, gestione dei depositi, <strong>pianificazione dei prestiti<\/strong>, contabilit\u00e0, reporting e altro ancora. Le banche comunitarie possono trarre vantaggio dalle funzionalit\u00e0 della soluzione per fornire un&#8217;esperienza cliente semplificata utilizzando strumenti come l&#8217;identificazione delle opportunit\u00e0 di cross-selling, un database di account cliente, servizi di prestito, gestione di sportelli e piattaforme, contabilit\u00e0 generale, gestione dei depositi, creazione di documenti e altro ancora.\u00a0Le banche possono gestire i propri clienti con lo strumento <strong>Fps Gold CRM<\/strong> integrato che fornisce un database di account cliente che consolida importanti informazioni di contatto per ciascun cliente, inclusi dettagli di contatto, account, relazioni con altri clienti, documenti e altro. Il CRM identifica inoltre automaticamente i clienti fedeli e le opportunit\u00e0 di cross-selling in modo che le aziende possano pianificare trattamenti personalizzati e follow-up per aumentare le entrate.<\/p>\n<h2>FPS GOLD CORE &#8211; TUTORIAL<\/h2>\n<p>Il video illustra l&#8217;accesso rapido e conveniente ai tuoi conti in qualsiasi momento e da qualsiasi luogo:<\/p>\n<div id=\"fluid-wrapper-counter-1\" class=\"g1-fluid-wrapper \" style=\"width:686px;\">\n<div style=\"padding-bottom:56.268221574344%;\"><iframe loading=\"lazy\" title=\"FPS GOLD - Internet Banking\" width=\"686\" height=\"386\" src=\"https:\/\/www.youtube.com\/embed\/wNcOdnqlh2g?feature=oembed&amp;wmode=transparent&amp;autohide=1&amp;autoplay=0&amp;disablekb=0&amp;fs=1&amp;loop=0&amp;enablejsapi=1&amp;rel=0&amp;controls=2&amp;showinfo=0&amp;wmode=transparent&amp;autohide=2&amp;autoplay=0&amp;disablekb=0&amp;fs=1&amp;loop=0&amp;enablejsapi=1&amp;rel=0&amp;controls=2&amp;showinfo=1\" frameborder=\"0\" allow=\"accelerometer; autoplay; clipboard-write; encrypted-media; gyroscope; picture-in-picture\" allowfullscreen><\/iframe><\/div>\n<\/div>\n<h3>FPS GOLD CORE &#8211; CARATTERISTICHE<\/h3>\n<ul>\n<li><strong>Carte<\/strong>: elaborazione opzioni di pagamento tramite una variet\u00e0 di processori di carte e ISO. Questi processi di pagamento in tempo reale sono integrati direttamente nei siti web e software<\/li>\n<li><strong>ACH<\/strong>: i pagamenti ACH possono essere instradati tramite una banca corrispondente scelta dal tuo istituto o direttamente tramite la Federal Reserve Bank<\/li>\n<li><strong>Contanti<\/strong>: l&#8217;intuitivo sistema Teller calcola i contanti in base all&#8217;inserimento dei dati<\/li>\n<li><strong>Opzioni di transazione:<\/strong> ti d\u00e0 la possibilit\u00e0 di creare opzioni di transazione in base alle procedure e alle specifiche del tuo istituto per i tuoi mutuatari<\/li>\n<li><strong>Pianifica i pagamenti<\/strong>: imposta un programma di pagamento pi\u00f9 adatto al tuo mutuatario. Dal normale, ricorrente, una tantum, payoff e pay-to-zero il sistema pu\u00f2 fare tutto<\/li>\n<li><strong>Email<\/strong>: \u00e8 un ottimo modo per inviare contenuti pertinenti e utilizzabili in pochi secondi. E il sistema di notifica ti consente di farlo<\/li>\n<li><strong>Testo<\/strong>: informa i tuoi mutuatari su sicurezza, prevenzione delle frodi, elusione delle commissioni, addebiti in ritardo e pagamenti in ritardo in tempo reale con un semplice testo<\/li>\n<li><strong>Voce<\/strong>: la composizione di massa ti d\u00e0 la possibilit\u00e0 di inviare chiamate telefoniche automatiche a un elenco di contatti e puoi registrare quelle chiamate<\/li>\n<li><strong>Posta diretta<\/strong>: la funzione di posta diretta \u00e8 completamente integrata nel sistema di notifica e ti consente di inviare qualsiasi lettera o notifica (dichiarazione, lettera di evento, ecc.) tramite il servizio postale<\/li>\n<li><strong>Conformit\u00e0<\/strong>: rispetto di tutte le norme<\/li>\n<\/ul>\n<h4>LE RECENSIONI DEGLI UTENTI<\/h4>\n<p class=\"font-weight-bold mb-1 d-flex align-items-center\"><strong>Ricardo P.&#8221;Il personale di FPS \u00e8 fantastico con cui lavorare! Sono pronti a rispondere e aiutano con il processo di risoluzione.&#8221;<\/strong><\/p>\n<p><strong>Pro: <\/strong>La facilit\u00e0 di personalizzazione consentita da FPS \u00e8 eccezionale! Consente alla banca di avere voce in capitolo su come il software dovrebbe funzionare per massimizzare gli sforzi della banca all&#8217;interno del mercato in cui opera. Il passaggio da Fiserv a FPS \u00e8 stata una grande mossa a causa di tutte le funzionalit\u00e0 aggiuntive e del supporto clienti che riceviamo dal personale e il nostro account manager. Il nostro account manager sostiene le nostre esigenze e risponde alle nostre richieste.<\/p>\n<p><strong>Contro: <\/strong>Ci sono ancora miglioramenti che possono essere apportati. La nostra banca \u00e8 pi\u00f9 focalizzata sul commercio rispetto ai clienti al dettaglio. L&#8217;aggiunta di funzionalit\u00e0 per competere con le banche pi\u00f9 grandi \u00e8 garantita.<\/p>\n<p class=\"font-weight-bold mb-1 d-flex align-items-center\"><strong>Naher E.&#8221;L&#8217;esperienza complessiva \u00e8 positiva, ottima funzionalit\u00e0 e facile da usare.&#8221;<\/strong><\/p>\n<p><strong>Pro: <\/strong>La parte migliore del sistema \u00e8 la facilit\u00e0 d&#8217;uso. Le schede e la funzione di ricerca facilitano la ricerca delle informazioni necessarie ma ci sono molte schede che potrebbero essere eliminate se i campi fossero combinati all&#8217;interno di altre schede<\/p>\n<p><strong>Contro: <\/strong>\u00c8 necessaria molta navigazione per recuperare le informazioni che potrebbero essere trovate in un&#8217;area. Il sistema potrebbe comunicare meglio al suo interno per eliminare i requisiti di manutenzione dei file duplicati. Le schermate della guida e l&#8217;online banking (registri delle attivit\u00e0) dovrebbero essere aggiornati per facilit\u00e0 d&#8217;uso.<\/p>\n<p class=\"font-weight-bold mb-1 d-flex align-items-center\"><strong>Patrick K.&#8221;La risposta dello staff di FPS \u00e8 eccellente&#8221;<\/strong><\/p>\n<p><strong>Pro: <\/strong>FPS Gold \u00e8 un unico fornitore che pu\u00f2 fare tutto ci\u00f2 che vuole. Mentre ci sono altri fornitori che si collegano per fornire servizi accessori, ci siamo allontanati da 10 aziende che puntano il dito l&#8217;una contro l&#8217;altra quando c&#8217;\u00e8 un problema &#8230; gestione semplificata dei fornitori.<\/p>\n<p><strong>Contro: <\/strong>Siamo una piccola banca e il costo di tutte le notifiche che i clienti desiderano \u00e8 scoraggiante indipendentemente dal venditore.<\/p>\n<p>&nbsp;<\/p>\n","protected":false},"excerpt":{"rendered":"<p>Fps Gold Core \u00e8 una soluzione bancaria di base progettata per le banche comunitarie con strumenti per CRM, gestione dei depositi, pianificazione dei prestiti, contabilit\u00e0, reporting e altro ancora. Le banche comunitarie possono trarre vantaggio dalle funzionalit\u00e0 della soluzione per fornire un&#8217;esperienza cliente semplificata utilizzando strumenti come l&#8217;identificazione delle opportunit\u00e0 di cross-selling, un database di account cliente, servizi di prestito, gestione di sportelli e piattaforme, contabilit\u00e0 generale, gestione dei depositi, creazione di documenti e altro ancora.<\/p>\n","protected":false},"author":16,"featured_media":42000,"parent":41330,"menu_order":0,"comment_status":"open","ping_status":"closed","template":"g1_template_page_review_new.php","meta":{"_acf_changed":false,"cwp_meta_box_check":"Yes","cwp_rev_product_name":"","cwp_rev_product_image":"","wppr_links":[],"cwp_rev_price":"","wppr_options":[],"wppr_pros":[],"wppr_cons":[],"_monsterinsights_skip_tracking":false,"_monsterinsights_sitenote_active":false,"_monsterinsights_sitenote_note":"","_monsterinsights_sitenote_category":0,"footnotes":""},"categories":[5815],"tags":[5902,5901,5840,5839,5837,5838],"features":[],"class_list":{"0":"post-41999","1":"page","2":"type-page","3":"status-publish","4":"has-post-thumbnail","6":"category-software-per-erogazione-prestiti-categoria","7":"tag-fps-gold-core","8":"tag-gestionale-prestiti","9":"tag-piattaforma-erogazione-prestiti","10":"tag-programma-erogazione-prestiti","11":"tag-software-erogazione-prestiti","12":"tag-soluzione-erogazione-prestiti"},"wppr_data":{"cwp_meta_box_check":"Yes","cwp_rev_product_name":"","cwp_rev_product_image":"","cwp_image_link":"image","cwp_rev_price":"","wppr_rating":"0.00"},"acf":[],"yoast_head":"<!-- This site is optimized with the Yoast SEO plugin v27.4 - https:\/\/yoast.com\/product\/yoast-seo-wordpress\/ -->\n<title>Fps Gold Core: recensione software erogazioni prestiti - Accurate Reviews<\/title>\n<meta name=\"description\" content=\"Fps Gold Core: recensione soluzione bancaria di base progettata per le banche comunitarie con strumenti da sfruttare.\" \/>\n<meta name=\"robots\" content=\"index, follow, max-snippet:-1, max-image-preview:large, max-video-preview:-1\" \/>\n<link rel=\"canonical\" href=\"https:\/\/www.accuratereviews.com\/it\/software-erogazione-prestiti\/fps-gold-core-recensione\/\" \/>\n<meta property=\"og:locale\" content=\"it_IT\" \/>\n<meta property=\"og:type\" content=\"article\" \/>\n<meta property=\"og:title\" content=\"Fps Gold Core: recensione software erogazioni prestiti - Accurate Reviews\" \/>\n<meta property=\"og:description\" content=\"Fps Gold Core: recensione soluzione bancaria di base progettata per le banche comunitarie con strumenti da sfruttare.\" \/>\n<meta property=\"og:url\" content=\"https:\/\/www.accuratereviews.com\/it\/software-erogazione-prestiti\/fps-gold-core-recensione\/\" \/>\n<meta property=\"og:site_name\" content=\"Accurate Reviews\" \/>\n<meta property=\"og:image\" content=\"https:\/\/www.accuratereviews.com\/wp-content\/uploads\/2021\/05\/FPS-GOLD.png\" \/>\n\t<meta property=\"og:image:width\" content=\"200\" \/>\n\t<meta property=\"og:image:height\" content=\"200\" \/>\n\t<meta property=\"og:image:type\" content=\"image\/png\" \/>\n<meta name=\"twitter:card\" content=\"summary_large_image\" \/>\n<meta name=\"twitter:label1\" content=\"Tempo di lettura stimato\" \/>\n\t<meta name=\"twitter:data1\" content=\"4 minuti\" \/>\n<script type=\"application\/ld+json\" class=\"yoast-schema-graph\">{\"@context\":\"https:\\\/\\\/schema.org\",\"@graph\":[{\"@type\":\"WebPage\",\"@id\":\"https:\\\/\\\/www.accuratereviews.com\\\/it\\\/software-erogazione-prestiti\\\/fps-gold-core-recensione\\\/\",\"url\":\"https:\\\/\\\/www.accuratereviews.com\\\/it\\\/software-erogazione-prestiti\\\/fps-gold-core-recensione\\\/\",\"name\":\"Fps Gold Core: recensione software erogazioni prestiti - Accurate Reviews\",\"isPartOf\":{\"@id\":\"https:\\\/\\\/www.accuratereviews.com\\\/it\\\/#website\"},\"primaryImageOfPage\":{\"@id\":\"https:\\\/\\\/www.accuratereviews.com\\\/it\\\/software-erogazione-prestiti\\\/fps-gold-core-recensione\\\/#primaryimage\"},\"image\":{\"@id\":\"https:\\\/\\\/www.accuratereviews.com\\\/it\\\/software-erogazione-prestiti\\\/fps-gold-core-recensione\\\/#primaryimage\"},\"thumbnailUrl\":\"https:\\\/\\\/www.accuratereviews.com\\\/wp-content\\\/uploads\\\/2021\\\/05\\\/FPS-GOLD.png\",\"datePublished\":\"2021-05-06T11:10:07+00:00\",\"description\":\"Fps Gold Core: recensione soluzione bancaria di base progettata per le banche comunitarie con strumenti da sfruttare.\",\"breadcrumb\":{\"@id\":\"https:\\\/\\\/www.accuratereviews.com\\\/it\\\/software-erogazione-prestiti\\\/fps-gold-core-recensione\\\/#breadcrumb\"},\"inLanguage\":\"it-IT\",\"potentialAction\":[{\"@type\":\"ReadAction\",\"target\":[\"https:\\\/\\\/www.accuratereviews.com\\\/it\\\/software-erogazione-prestiti\\\/fps-gold-core-recensione\\\/\"]}]},{\"@type\":\"ImageObject\",\"inLanguage\":\"it-IT\",\"@id\":\"https:\\\/\\\/www.accuratereviews.com\\\/it\\\/software-erogazione-prestiti\\\/fps-gold-core-recensione\\\/#primaryimage\",\"url\":\"https:\\\/\\\/www.accuratereviews.com\\\/wp-content\\\/uploads\\\/2021\\\/05\\\/FPS-GOLD.png\",\"contentUrl\":\"https:\\\/\\\/www.accuratereviews.com\\\/wp-content\\\/uploads\\\/2021\\\/05\\\/FPS-GOLD.png\",\"width\":200,\"height\":200},{\"@type\":\"BreadcrumbList\",\"@id\":\"https:\\\/\\\/www.accuratereviews.com\\\/it\\\/software-erogazione-prestiti\\\/fps-gold-core-recensione\\\/#breadcrumb\",\"itemListElement\":[{\"@type\":\"ListItem\",\"position\":1,\"name\":\"Home\",\"item\":\"https:\\\/\\\/www.accuratereviews.com\\\/it\\\/\"},{\"@type\":\"ListItem\",\"position\":2,\"name\":\"Software per l&#8217;erogazione dei prestiti\",\"item\":\"https:\\\/\\\/www.accuratereviews.com\\\/it\\\/software-erogazione-prestiti\\\/\"},{\"@type\":\"ListItem\",\"position\":3,\"name\":\"Fps Gold Core\"}]},{\"@type\":\"WebSite\",\"@id\":\"https:\\\/\\\/www.accuratereviews.com\\\/it\\\/#website\",\"url\":\"https:\\\/\\\/www.accuratereviews.com\\\/it\\\/\",\"name\":\"Accurate Reviews\",\"description\":\"\",\"potentialAction\":[{\"@type\":\"SearchAction\",\"target\":{\"@type\":\"EntryPoint\",\"urlTemplate\":\"https:\\\/\\\/www.accuratereviews.com\\\/it\\\/?s={search_term_string}\"},\"query-input\":{\"@type\":\"PropertyValueSpecification\",\"valueRequired\":true,\"valueName\":\"search_term_string\"}}],\"inLanguage\":\"it-IT\"}]}<\/script>\n<!-- \/ Yoast SEO plugin. -->","yoast_head_json":{"title":"Fps Gold Core: recensione software erogazioni prestiti - Accurate Reviews","description":"Fps Gold Core: recensione soluzione bancaria di base progettata per le banche comunitarie con strumenti da sfruttare.","robots":{"index":"index","follow":"follow","max-snippet":"max-snippet:-1","max-image-preview":"max-image-preview:large","max-video-preview":"max-video-preview:-1"},"canonical":"https:\/\/www.accuratereviews.com\/it\/software-erogazione-prestiti\/fps-gold-core-recensione\/","og_locale":"it_IT","og_type":"article","og_title":"Fps Gold Core: recensione software erogazioni prestiti - Accurate Reviews","og_description":"Fps Gold Core: recensione soluzione bancaria di base progettata per le banche comunitarie con strumenti da sfruttare.","og_url":"https:\/\/www.accuratereviews.com\/it\/software-erogazione-prestiti\/fps-gold-core-recensione\/","og_site_name":"Accurate Reviews","og_image":[{"width":200,"height":200,"url":"https:\/\/www.accuratereviews.com\/wp-content\/uploads\/2021\/05\/FPS-GOLD.png","type":"image\/png"}],"twitter_card":"summary_large_image","twitter_misc":{"Tempo di lettura stimato":"4 minuti"},"schema":{"@context":"https:\/\/schema.org","@graph":[{"@type":"WebPage","@id":"https:\/\/www.accuratereviews.com\/it\/software-erogazione-prestiti\/fps-gold-core-recensione\/","url":"https:\/\/www.accuratereviews.com\/it\/software-erogazione-prestiti\/fps-gold-core-recensione\/","name":"Fps Gold Core: recensione software erogazioni prestiti - Accurate Reviews","isPartOf":{"@id":"https:\/\/www.accuratereviews.com\/it\/#website"},"primaryImageOfPage":{"@id":"https:\/\/www.accuratereviews.com\/it\/software-erogazione-prestiti\/fps-gold-core-recensione\/#primaryimage"},"image":{"@id":"https:\/\/www.accuratereviews.com\/it\/software-erogazione-prestiti\/fps-gold-core-recensione\/#primaryimage"},"thumbnailUrl":"https:\/\/www.accuratereviews.com\/wp-content\/uploads\/2021\/05\/FPS-GOLD.png","datePublished":"2021-05-06T11:10:07+00:00","description":"Fps Gold Core: recensione soluzione bancaria di base progettata per le banche comunitarie con strumenti da sfruttare.","breadcrumb":{"@id":"https:\/\/www.accuratereviews.com\/it\/software-erogazione-prestiti\/fps-gold-core-recensione\/#breadcrumb"},"inLanguage":"it-IT","potentialAction":[{"@type":"ReadAction","target":["https:\/\/www.accuratereviews.com\/it\/software-erogazione-prestiti\/fps-gold-core-recensione\/"]}]},{"@type":"ImageObject","inLanguage":"it-IT","@id":"https:\/\/www.accuratereviews.com\/it\/software-erogazione-prestiti\/fps-gold-core-recensione\/#primaryimage","url":"https:\/\/www.accuratereviews.com\/wp-content\/uploads\/2021\/05\/FPS-GOLD.png","contentUrl":"https:\/\/www.accuratereviews.com\/wp-content\/uploads\/2021\/05\/FPS-GOLD.png","width":200,"height":200},{"@type":"BreadcrumbList","@id":"https:\/\/www.accuratereviews.com\/it\/software-erogazione-prestiti\/fps-gold-core-recensione\/#breadcrumb","itemListElement":[{"@type":"ListItem","position":1,"name":"Home","item":"https:\/\/www.accuratereviews.com\/it\/"},{"@type":"ListItem","position":2,"name":"Software per l&#8217;erogazione dei prestiti","item":"https:\/\/www.accuratereviews.com\/it\/software-erogazione-prestiti\/"},{"@type":"ListItem","position":3,"name":"Fps Gold Core"}]},{"@type":"WebSite","@id":"https:\/\/www.accuratereviews.com\/it\/#website","url":"https:\/\/www.accuratereviews.com\/it\/","name":"Accurate Reviews","description":"","potentialAction":[{"@type":"SearchAction","target":{"@type":"EntryPoint","urlTemplate":"https:\/\/www.accuratereviews.com\/it\/?s={search_term_string}"},"query-input":{"@type":"PropertyValueSpecification","valueRequired":true,"valueName":"search_term_string"}}],"inLanguage":"it-IT"}]}},"_links":{"self":[{"href":"https:\/\/www.accuratereviews.com\/it\/wp-json\/wp\/v2\/pages\/41999","targetHints":{"allow":["GET"]}}],"collection":[{"href":"https:\/\/www.accuratereviews.com\/it\/wp-json\/wp\/v2\/pages"}],"about":[{"href":"https:\/\/www.accuratereviews.com\/it\/wp-json\/wp\/v2\/types\/page"}],"author":[{"embeddable":true,"href":"https:\/\/www.accuratereviews.com\/it\/wp-json\/wp\/v2\/users\/16"}],"replies":[{"embeddable":true,"href":"https:\/\/www.accuratereviews.com\/it\/wp-json\/wp\/v2\/comments?post=41999"}],"version-history":[{"count":7,"href":"https:\/\/www.accuratereviews.com\/it\/wp-json\/wp\/v2\/pages\/41999\/revisions"}],"predecessor-version":[{"id":42024,"href":"https:\/\/www.accuratereviews.com\/it\/wp-json\/wp\/v2\/pages\/41999\/revisions\/42024"}],"up":[{"embeddable":true,"href":"https:\/\/www.accuratereviews.com\/it\/wp-json\/wp\/v2\/pages\/41330"}],"wp:featuredmedia":[{"embeddable":true,"href":"https:\/\/www.accuratereviews.com\/it\/wp-json\/wp\/v2\/media\/42000"}],"wp:attachment":[{"href":"https:\/\/www.accuratereviews.com\/it\/wp-json\/wp\/v2\/media?parent=41999"}],"wp:term":[{"taxonomy":"category","embeddable":true,"href":"https:\/\/www.accuratereviews.com\/it\/wp-json\/wp\/v2\/categories?post=41999"},{"taxonomy":"post_tag","embeddable":true,"href":"https:\/\/www.accuratereviews.com\/it\/wp-json\/wp\/v2\/tags?post=41999"},{"taxonomy":"features","embeddable":true,"href":"https:\/\/www.accuratereviews.com\/it\/wp-json\/wp\/v2\/features?post=41999"}],"curies":[{"name":"wp","href":"https:\/\/api.w.org\/{rel}","templated":true}]}}