{"id":42005,"date":"2021-05-06T11:04:12","date_gmt":"2021-05-06T11:04:12","guid":{"rendered":"https:\/\/www.accuratereviews.com\/?page_id=42005"},"modified":"2021-05-06T11:04:12","modified_gmt":"2021-05-06T11:04:12","slug":"construction-loan-management-recensione","status":"publish","type":"page","link":"https:\/\/www.accuratereviews.com\/it\/software-erogazione-prestiti\/construction-loan-management-recensione\/","title":{"rendered":"Construction Loan Management"},"content":{"rendered":"<p><strong>Construction Loan Management<\/strong> \u00e8 una <strong>soluzione di servizio di prestito<\/strong> basata su <strong>cloud<\/strong> per societ\u00e0 di costruzioni e ristrutturazioni di tutte le dimensioni. Le caratteristiche principali includono la gestione dei prestiti in stile pipeline, l&#8217;amministrazione degli ordini, il monitoraggio del budget e dei documenti, la gestione della contabilit\u00e0, i rapporti e gli estratti conto di fatturazione degli interessi.\u00a0Consente alle organizzazioni di gestire il processo di prestito edile e visualizzare e controllare la pipeline di prestiti. Altre caratteristiche includono il monitoraggio del progetto, il controllo dei rischi, la gestione della conformit\u00e0, il registro delle note di prestito, gli avvisi e i controlli basati sugli utenti.<\/p>\n<h2>CONSTRUCTION LOAN MANAGEMENT &#8211; TUTORIAL<\/h2>\n<p>Ecco un video in cui mostra come questo software di erogazione prestiti pu\u00f2 aiutarti a gestire la tua attivit\u00e0:<\/p>\n<div id=\"fluid-wrapper-counter-1\" class=\"g1-fluid-wrapper \" style=\"width:686px;\">\n<div style=\"padding-bottom:56.268221574344%;\"><iframe loading=\"lazy\" title=\"Construction Loan Software\" width=\"686\" height=\"386\" src=\"https:\/\/www.youtube.com\/embed\/uRxjF5B09VU?feature=oembed&amp;wmode=transparent&amp;autohide=1&amp;autoplay=0&amp;disablekb=0&amp;fs=1&amp;loop=0&amp;enablejsapi=1&amp;rel=0&amp;controls=2&amp;showinfo=0&amp;wmode=transparent&amp;autohide=2&amp;autoplay=0&amp;disablekb=0&amp;fs=1&amp;loop=0&amp;enablejsapi=1&amp;rel=0&amp;controls=2&amp;showinfo=1\" frameborder=\"0\" allow=\"accelerometer; autoplay; clipboard-write; encrypted-media; gyroscope; picture-in-picture\" allowfullscreen><\/iframe><\/div>\n<\/div>\n<h3>CONSTRUCTION LOAN MANAGEMENT &#8211; CARATTERISTICHE<\/h3>\n<ul>\n<li>Orientamento e gestione del prestito finale<\/li>\n<li>Automazione delle ispezioni<\/li>\n<li>Monitoraggio del progetto per lotti e unit\u00e0<\/li>\n<li>Rendicontazione crediti e suddivisioni<\/li>\n<li>Molteplici fonti di finanziamento per il prestito di partecipazione<\/li>\n<li>Monitoraggio del patrimonio netto del mutuatario<\/li>\n<li>Funzionalit\u00e0 di erogazione dei voucher<\/li>\n<li>Monitoraggio della conservazione<\/li>\n<li>Modifica tracciamento dell&#8217;ordine<\/li>\n<li>OneSite web e app mobile per i clienti<\/li>\n<li>Funzionalit\u00e0 di servizio di prestito<\/li>\n<li>Reportistica della pipeline<\/li>\n<li>Portale degli investitori<\/li>\n<li>Linee guida per monitorare i limiti di prestito pre-approvati<\/li>\n<\/ul>\n<h4>LE RECENSIONI DEGLI UTENTI<\/h4>\n<p class=\"font-weight-bold mb-1 d-flex align-items-center\"><strong>Jesse W.&#8221;Va bene&#8221;<\/strong><\/p>\n<p><strong>Commenti: <\/strong>Ci \u00e8 voluto un po &#8216;prima che il mio login funzionasse e mi abituassi al programma. Lo consiglierei a qualcuno il cui unico compito \u00e8 occuparsi di aspetti finanziari dal lato della costruzione, ma per qualcuno come me che se ne occupa solo un po &#8216;ogni tanto sembrava opprimente.<\/p>\n<p><strong>Pro: <\/strong>La quantit\u00e0 di funzioni di questo programma \u00e8 sorprendente.<\/p>\n<p><strong>Contro: <\/strong>C&#8217;erano cos\u00ec tante cose da fare che la facilit\u00e0 d&#8217;uso a volte diventava molto difficile cercando di navigare nel programma e ottenere ci\u00f2 di cui avevo bisogno per farlo funzionare.<\/p>\n<p class=\"font-weight-bold mb-1 d-flex align-items-center\"><strong>Shannon B.&#8221;Ottimo programma, ma ha margini di miglioramento.&#8221;<\/strong><\/p>\n<p><strong>Commenti: <\/strong>Nel complesso, questo \u00e8 un ottimo programma. Tuttavia, ci sono carenze che sono state una scoperta deludente col passare del tempo. Ci sono rapporti che hanno immagini ampie, note sufficienti e ci tornano in modo tempestivo e questo \u00e8 FANTASTICO! Tuttavia, ci sono quei casi (che sono pi\u00f9 frequenti di quanto vorremmo) che tornano in ritardo, mancano articoli e hanno scarse note che non ci danno un quadro chiaro di ci\u00f2 che ha visto l&#8217;ispettore. Quelle ci confondono davvero. Abbiamo un programma serrato e errori del genere ci sono costati la fiducia dei nostri mutuatari. Abbiamo promesso di fornire su un programma specifico se fanno tutto ci\u00f2 che abbiamo chiesto, e quando non siamo in grado di fornire, danneggia la nostra credibilit\u00e0.<\/p>\n<p><strong>Pro: <\/strong>Il nuovo centro documenti \u00e8 fantastico! Non era cos\u00ec facile da usare prima quando tutti i documenti non potevano essere archiviati insieme.<\/p>\n<p><strong>Contro: <\/strong>Le opzioni dei rapporti non offrono realmente i rapporti di cui abbiamo bisogno.<\/p>\n<p class=\"font-weight-bold mb-1 d-flex align-items-center\"><strong>Tim H.&#8221;6 mesi di utilizzo&#8221;<\/strong><\/p>\n<p><strong>Commenti: <\/strong>Utilizziamo il programma da 6 mesi ormai ed \u00e8 stato estremamente utile. Il team di Land Gorilla \u00e8 stato estremamente utile per apportare modifiche al programma che aiutano a utilizzare un monitor e monitorare le nostre condutture. Non vedo l&#8217;ora di iniziare a utilizzare altre funzionalit\u00e0<\/p>\n<p><strong>Pro: <\/strong>Estremamente user-friendly, le modifiche apportate al sistema entrano in vigore rapidamente<\/p>\n<p><strong>Contro: <\/strong>Impostazione del budget<\/p>\n","protected":false},"excerpt":{"rendered":"<p>Construction Loan Management \u00e8 una soluzione di servizio di prestito basata su cloud per societ\u00e0 di costruzioni e ristrutturazioni di tutte le dimensioni. Le caratteristiche principali includono la gestione dei prestiti in stile pipeline, l&#8217;amministrazione degli ordini, il monitoraggio del budget e dei documenti, la gestione della contabilit\u00e0, i rapporti e gli estratti conto di fatturazione degli interessi.\u00a0<\/p>\n","protected":false},"author":16,"featured_media":42007,"parent":41330,"menu_order":0,"comment_status":"open","ping_status":"closed","template":"g1_template_page_review_new.php","meta":{"_acf_changed":false,"cwp_meta_box_check":"Yes","cwp_rev_product_name":"","cwp_rev_product_image":"","wppr_links":[],"cwp_rev_price":"","wppr_options":[],"wppr_pros":[],"wppr_cons":[],"_monsterinsights_skip_tracking":false,"_monsterinsights_sitenote_active":false,"_monsterinsights_sitenote_note":"","_monsterinsights_sitenote_category":0,"footnotes":""},"categories":[5815],"tags":[5900,5889,5840,5839,5837,5838],"features":[],"class_list":{"0":"post-42005","1":"page","2":"type-page","3":"status-publish","4":"has-post-thumbnail","6":"category-software-per-erogazione-prestiti-categoria","7":"tag-construction-loan-management","8":"tag-gestione-prestiti","9":"tag-piattaforma-erogazione-prestiti","10":"tag-programma-erogazione-prestiti","11":"tag-software-erogazione-prestiti","12":"tag-soluzione-erogazione-prestiti"},"wppr_data":{"cwp_meta_box_check":"Yes","cwp_rev_product_name":"","cwp_rev_product_image":"","cwp_image_link":"image","cwp_rev_price":"","wppr_rating":"0.00"},"acf":[],"yoast_head":"<!-- This site is optimized with the Yoast SEO plugin v27.4 - https:\/\/yoast.com\/product\/yoast-seo-wordpress\/ -->\n<title>Construction Loan Management: software erogazione prestiti<\/title>\n<meta name=\"description\" content=\"Construction Loan Management: recensione soluzione di servizio di prestito basata su cloud per societ\u00e0 di costruzioni e ristrutturazioni.\" \/>\n<meta name=\"robots\" content=\"index, follow, max-snippet:-1, max-image-preview:large, max-video-preview:-1\" \/>\n<link rel=\"canonical\" href=\"https:\/\/www.accuratereviews.com\/it\/software-erogazione-prestiti\/construction-loan-management-recensione\/\" \/>\n<meta property=\"og:locale\" content=\"it_IT\" \/>\n<meta property=\"og:type\" content=\"article\" \/>\n<meta property=\"og:title\" content=\"Construction Loan Management: software erogazione prestiti\" \/>\n<meta property=\"og:description\" content=\"Construction Loan Management: recensione soluzione di servizio di prestito basata su cloud per societ\u00e0 di costruzioni e ristrutturazioni.\" \/>\n<meta property=\"og:url\" content=\"https:\/\/www.accuratereviews.com\/it\/software-erogazione-prestiti\/construction-loan-management-recensione\/\" \/>\n<meta property=\"og:site_name\" content=\"Accurate Reviews\" \/>\n<meta property=\"og:image\" content=\"https:\/\/www.accuratereviews.com\/wp-content\/uploads\/2021\/05\/construction-loan-manager.jpg\" \/>\n\t<meta property=\"og:image:width\" content=\"364\" \/>\n\t<meta property=\"og:image:height\" content=\"364\" \/>\n\t<meta property=\"og:image:type\" content=\"image\/jpeg\" \/>\n<meta name=\"twitter:card\" content=\"summary_large_image\" \/>\n<meta name=\"twitter:label1\" content=\"Tempo di lettura stimato\" \/>\n\t<meta name=\"twitter:data1\" content=\"3 minuti\" \/>\n<script type=\"application\/ld+json\" class=\"yoast-schema-graph\">{\"@context\":\"https:\\\/\\\/schema.org\",\"@graph\":[{\"@type\":\"WebPage\",\"@id\":\"https:\\\/\\\/www.accuratereviews.com\\\/it\\\/software-erogazione-prestiti\\\/construction-loan-management-recensione\\\/\",\"url\":\"https:\\\/\\\/www.accuratereviews.com\\\/it\\\/software-erogazione-prestiti\\\/construction-loan-management-recensione\\\/\",\"name\":\"Construction Loan Management: software erogazione prestiti\",\"isPartOf\":{\"@id\":\"https:\\\/\\\/www.accuratereviews.com\\\/it\\\/#website\"},\"primaryImageOfPage\":{\"@id\":\"https:\\\/\\\/www.accuratereviews.com\\\/it\\\/software-erogazione-prestiti\\\/construction-loan-management-recensione\\\/#primaryimage\"},\"image\":{\"@id\":\"https:\\\/\\\/www.accuratereviews.com\\\/it\\\/software-erogazione-prestiti\\\/construction-loan-management-recensione\\\/#primaryimage\"},\"thumbnailUrl\":\"https:\\\/\\\/www.accuratereviews.com\\\/wp-content\\\/uploads\\\/2021\\\/05\\\/construction-loan-manager.jpg\",\"datePublished\":\"2021-05-06T11:04:12+00:00\",\"description\":\"Construction Loan Management: recensione soluzione di servizio di prestito basata su cloud per societ\u00e0 di costruzioni e ristrutturazioni.\",\"breadcrumb\":{\"@id\":\"https:\\\/\\\/www.accuratereviews.com\\\/it\\\/software-erogazione-prestiti\\\/construction-loan-management-recensione\\\/#breadcrumb\"},\"inLanguage\":\"it-IT\",\"potentialAction\":[{\"@type\":\"ReadAction\",\"target\":[\"https:\\\/\\\/www.accuratereviews.com\\\/it\\\/software-erogazione-prestiti\\\/construction-loan-management-recensione\\\/\"]}]},{\"@type\":\"ImageObject\",\"inLanguage\":\"it-IT\",\"@id\":\"https:\\\/\\\/www.accuratereviews.com\\\/it\\\/software-erogazione-prestiti\\\/construction-loan-management-recensione\\\/#primaryimage\",\"url\":\"https:\\\/\\\/www.accuratereviews.com\\\/wp-content\\\/uploads\\\/2021\\\/05\\\/construction-loan-manager.jpg\",\"contentUrl\":\"https:\\\/\\\/www.accuratereviews.com\\\/wp-content\\\/uploads\\\/2021\\\/05\\\/construction-loan-manager.jpg\",\"width\":364,\"height\":364},{\"@type\":\"BreadcrumbList\",\"@id\":\"https:\\\/\\\/www.accuratereviews.com\\\/it\\\/software-erogazione-prestiti\\\/construction-loan-management-recensione\\\/#breadcrumb\",\"itemListElement\":[{\"@type\":\"ListItem\",\"position\":1,\"name\":\"Home\",\"item\":\"https:\\\/\\\/www.accuratereviews.com\\\/it\\\/\"},{\"@type\":\"ListItem\",\"position\":2,\"name\":\"Software per l&#8217;erogazione dei prestiti\",\"item\":\"https:\\\/\\\/www.accuratereviews.com\\\/it\\\/software-erogazione-prestiti\\\/\"},{\"@type\":\"ListItem\",\"position\":3,\"name\":\"Construction Loan Management\"}]},{\"@type\":\"WebSite\",\"@id\":\"https:\\\/\\\/www.accuratereviews.com\\\/it\\\/#website\",\"url\":\"https:\\\/\\\/www.accuratereviews.com\\\/it\\\/\",\"name\":\"Accurate Reviews\",\"description\":\"\",\"potentialAction\":[{\"@type\":\"SearchAction\",\"target\":{\"@type\":\"EntryPoint\",\"urlTemplate\":\"https:\\\/\\\/www.accuratereviews.com\\\/it\\\/?s={search_term_string}\"},\"query-input\":{\"@type\":\"PropertyValueSpecification\",\"valueRequired\":true,\"valueName\":\"search_term_string\"}}],\"inLanguage\":\"it-IT\"}]}<\/script>\n<!-- \/ Yoast SEO plugin. -->","yoast_head_json":{"title":"Construction Loan Management: software erogazione prestiti","description":"Construction Loan Management: recensione soluzione di servizio di prestito basata su cloud per societ\u00e0 di costruzioni e ristrutturazioni.","robots":{"index":"index","follow":"follow","max-snippet":"max-snippet:-1","max-image-preview":"max-image-preview:large","max-video-preview":"max-video-preview:-1"},"canonical":"https:\/\/www.accuratereviews.com\/it\/software-erogazione-prestiti\/construction-loan-management-recensione\/","og_locale":"it_IT","og_type":"article","og_title":"Construction Loan Management: software erogazione prestiti","og_description":"Construction Loan Management: recensione soluzione di servizio di prestito basata su cloud per societ\u00e0 di costruzioni e ristrutturazioni.","og_url":"https:\/\/www.accuratereviews.com\/it\/software-erogazione-prestiti\/construction-loan-management-recensione\/","og_site_name":"Accurate Reviews","og_image":[{"width":364,"height":364,"url":"https:\/\/www.accuratereviews.com\/wp-content\/uploads\/2021\/05\/construction-loan-manager.jpg","type":"image\/jpeg"}],"twitter_card":"summary_large_image","twitter_misc":{"Tempo di lettura stimato":"3 minuti"},"schema":{"@context":"https:\/\/schema.org","@graph":[{"@type":"WebPage","@id":"https:\/\/www.accuratereviews.com\/it\/software-erogazione-prestiti\/construction-loan-management-recensione\/","url":"https:\/\/www.accuratereviews.com\/it\/software-erogazione-prestiti\/construction-loan-management-recensione\/","name":"Construction Loan Management: software erogazione prestiti","isPartOf":{"@id":"https:\/\/www.accuratereviews.com\/it\/#website"},"primaryImageOfPage":{"@id":"https:\/\/www.accuratereviews.com\/it\/software-erogazione-prestiti\/construction-loan-management-recensione\/#primaryimage"},"image":{"@id":"https:\/\/www.accuratereviews.com\/it\/software-erogazione-prestiti\/construction-loan-management-recensione\/#primaryimage"},"thumbnailUrl":"https:\/\/www.accuratereviews.com\/wp-content\/uploads\/2021\/05\/construction-loan-manager.jpg","datePublished":"2021-05-06T11:04:12+00:00","description":"Construction Loan Management: recensione soluzione di servizio di prestito basata su cloud per societ\u00e0 di costruzioni e ristrutturazioni.","breadcrumb":{"@id":"https:\/\/www.accuratereviews.com\/it\/software-erogazione-prestiti\/construction-loan-management-recensione\/#breadcrumb"},"inLanguage":"it-IT","potentialAction":[{"@type":"ReadAction","target":["https:\/\/www.accuratereviews.com\/it\/software-erogazione-prestiti\/construction-loan-management-recensione\/"]}]},{"@type":"ImageObject","inLanguage":"it-IT","@id":"https:\/\/www.accuratereviews.com\/it\/software-erogazione-prestiti\/construction-loan-management-recensione\/#primaryimage","url":"https:\/\/www.accuratereviews.com\/wp-content\/uploads\/2021\/05\/construction-loan-manager.jpg","contentUrl":"https:\/\/www.accuratereviews.com\/wp-content\/uploads\/2021\/05\/construction-loan-manager.jpg","width":364,"height":364},{"@type":"BreadcrumbList","@id":"https:\/\/www.accuratereviews.com\/it\/software-erogazione-prestiti\/construction-loan-management-recensione\/#breadcrumb","itemListElement":[{"@type":"ListItem","position":1,"name":"Home","item":"https:\/\/www.accuratereviews.com\/it\/"},{"@type":"ListItem","position":2,"name":"Software per l&#8217;erogazione dei prestiti","item":"https:\/\/www.accuratereviews.com\/it\/software-erogazione-prestiti\/"},{"@type":"ListItem","position":3,"name":"Construction Loan Management"}]},{"@type":"WebSite","@id":"https:\/\/www.accuratereviews.com\/it\/#website","url":"https:\/\/www.accuratereviews.com\/it\/","name":"Accurate Reviews","description":"","potentialAction":[{"@type":"SearchAction","target":{"@type":"EntryPoint","urlTemplate":"https:\/\/www.accuratereviews.com\/it\/?s={search_term_string}"},"query-input":{"@type":"PropertyValueSpecification","valueRequired":true,"valueName":"search_term_string"}}],"inLanguage":"it-IT"}]}},"_links":{"self":[{"href":"https:\/\/www.accuratereviews.com\/it\/wp-json\/wp\/v2\/pages\/42005","targetHints":{"allow":["GET"]}}],"collection":[{"href":"https:\/\/www.accuratereviews.com\/it\/wp-json\/wp\/v2\/pages"}],"about":[{"href":"https:\/\/www.accuratereviews.com\/it\/wp-json\/wp\/v2\/types\/page"}],"author":[{"embeddable":true,"href":"https:\/\/www.accuratereviews.com\/it\/wp-json\/wp\/v2\/users\/16"}],"replies":[{"embeddable":true,"href":"https:\/\/www.accuratereviews.com\/it\/wp-json\/wp\/v2\/comments?post=42005"}],"version-history":[{"count":10,"href":"https:\/\/www.accuratereviews.com\/it\/wp-json\/wp\/v2\/pages\/42005\/revisions"}],"predecessor-version":[{"id":42105,"href":"https:\/\/www.accuratereviews.com\/it\/wp-json\/wp\/v2\/pages\/42005\/revisions\/42105"}],"up":[{"embeddable":true,"href":"https:\/\/www.accuratereviews.com\/it\/wp-json\/wp\/v2\/pages\/41330"}],"wp:featuredmedia":[{"embeddable":true,"href":"https:\/\/www.accuratereviews.com\/it\/wp-json\/wp\/v2\/media\/42007"}],"wp:attachment":[{"href":"https:\/\/www.accuratereviews.com\/it\/wp-json\/wp\/v2\/media?parent=42005"}],"wp:term":[{"taxonomy":"category","embeddable":true,"href":"https:\/\/www.accuratereviews.com\/it\/wp-json\/wp\/v2\/categories?post=42005"},{"taxonomy":"post_tag","embeddable":true,"href":"https:\/\/www.accuratereviews.com\/it\/wp-json\/wp\/v2\/tags?post=42005"},{"taxonomy":"features","embeddable":true,"href":"https:\/\/www.accuratereviews.com\/it\/wp-json\/wp\/v2\/features?post=42005"}],"curies":[{"name":"wp","href":"https:\/\/api.w.org\/{rel}","templated":true}]}}