{"id":42081,"date":"2021-05-07T12:08:03","date_gmt":"2021-05-07T12:08:03","guid":{"rendered":"https:\/\/www.accuratereviews.com\/?page_id=42081"},"modified":"2021-05-07T12:08:03","modified_gmt":"2021-05-07T12:08:03","slug":"loancirrus-recensione","status":"publish","type":"page","link":"https:\/\/www.accuratereviews.com\/it\/software-erogazione-prestiti\/loancirrus-recensione\/","title":{"rendered":"LoanCirrus"},"content":{"rendered":"<p><strong>LoanCirrus<\/strong> \u00e8 una <strong>piattaforma di gestione dei prestiti<\/strong> che aiuta gli istituti di credito a gestire le loro operazioni da qualsiasi luogo, offrendo un&#8217;ampia gamma di funzioni scalabili per una variet\u00e0 di aziende. Gli strumenti includono notifiche SMS ed email automatiche, flussi di lavoro personalizzabili, funzionalit\u00e0 di valutazione del rischio, promemoria automatici e altro ancora. Il software\u00a0fornisce alle organizzazioni funzionalit\u00e0 di comunicazione intelligenti che ricordano agli utenti quando la data di scadenza di una valutazione di un documento tramite un&#8217;email al cliente. La piattaforma include tutte le funzionalit\u00e0 necessarie per servire con successo i mutuatari, inclusa l&#8217;amministrazione completa del prestito, il calcolo degli interessi multipli, le valute, la gestione dei documenti e altro ancora.\u00a0La soluzione consente agli utenti di creare flussi di lavoro personalizzati, nonch\u00e9 di configurare e impostare controlli di processo per ogni ruolo nel team.<\/p>\n<h2>LOANCIRRUS &#8211; TUTORIAL<\/h2>\n<p>Diamo un occhiata ai principali strumenti di questo <strong>software per la gestione dei prestiti:<\/strong><\/p>\n<div id=\"fluid-wrapper-counter-1\" class=\"g1-fluid-wrapper \" style=\"width:686px;\">\n<div style=\"padding-bottom:56.268221574344%;\"><iframe loading=\"lazy\" title=\"LoanCirrus Overview Video\" width=\"686\" height=\"386\" src=\"https:\/\/www.youtube.com\/embed\/pIGaoUeYGAs?feature=oembed&amp;wmode=transparent&amp;autohide=1&amp;autoplay=0&amp;disablekb=0&amp;fs=1&amp;loop=0&amp;enablejsapi=1&amp;rel=0&amp;controls=2&amp;showinfo=0&amp;wmode=transparent&amp;autohide=2&amp;autoplay=0&amp;disablekb=0&amp;fs=1&amp;loop=0&amp;enablejsapi=1&amp;rel=0&amp;controls=2&amp;showinfo=1\" frameborder=\"0\" allow=\"accelerometer; autoplay; clipboard-write; encrypted-media; gyroscope; picture-in-picture\" allowfullscreen><\/iframe><\/div>\n<\/div>\n<h3>LOANCIRRUS &#8211; CARATTERISTICHE<\/h3>\n<ul>\n<li><strong>Acquisisci clienti<\/strong>: pi\u00f9 tempo con i mutuatari, meno tempo con carta e fogli di calcolo. I tuoi mutuatari possono connettersi con te dal tuo sito web e condividere informazioni<\/li>\n<li><strong>Onboarding in filiale<\/strong>: autorizza gli utenti a creare clienti. Definisci i requisiti in modo da soddisfare gli obblighi di &#8220;Conosci il tuo cliente&#8221; (KYC). Aggiungi tutte le informazioni non standard di cui hai bisogno con la nostra funzione Campo personalizzato. Estendi e integra con altre soluzioni e attira clienti da fonti di terze parti<\/li>\n<li><strong>Prestito su misura<\/strong>: flessibile e potente. Ogni opzione ti consente di personalizzare e definire come dovrebbe funzionare un prodotto di prestito. Puoi anche definire il messaggio che un mutuatario dovrebbe ricevere in base al prodotto che ha con te<\/li>\n<li><strong>Onboarding online<\/strong>: ai clienti piace la comodit\u00e0 di accedere autonomamente al tuo portale o sito web. L&#8217;integrazione con LoanCirrus e BankCirrus fornisce una condivisione delle informazioni istantanea e in tempo reale<\/li>\n<li><strong>Banche e prestiti<\/strong>: creazione di regole di processo personalizzate, gestione delle penalit\u00e0 e delle tasse, email e comunicazioni via sms guidate dagli eventi, creazione di rapporti personalizzati e molto altro ancora<\/li>\n<li><strong>Core Banking<\/strong>:\u00a0significa che i tuoi clienti ottengono un core digitale con controlli di processo e commissioni robuste, penali, scoperti di conto, calcolo degli interessi e gestione dei documenti.<\/li>\n<\/ul>\n<h4>LE RECENSIONI DEI CLIENTI<\/h4>\n<p class=\"font-weight-bold mb-1 d-flex align-items-center\"><strong>Max J.&#8221;Amo il software e ci\u00f2 che fa per la nostra attivit\u00e0. Aiuta davvero semplicemente il nostro lavoro&#8221;<\/strong><\/p>\n<p><strong>Commenti: <\/strong>Mi ha aiutato a ridurre la quantit\u00e0 di carta che usavo nella mia attivit\u00e0 e mi ha fatto risparmiare migliaia all&#8217;anno sui costi di tecnologia e software<\/p>\n<p><strong>Pro: <\/strong>LoanCirrus \u00e8 molto facile da usare, l&#8217;interfaccia \u00e8 molto invitante e il modello di prezzo \u00e8 eccellente per un&#8217;azienda in crescita<\/p>\n<p><strong>Contro: <\/strong>La funzione di prestito P2P sarebbe eccezionale. Tuttavia, indicano che avranno questa capacit\u00e0 molto presto<\/p>\n<p class=\"font-weight-bold mb-1 d-flex align-items-center\"><strong>Christopher C.&#8221;Moderno, facile da usare e ottimo supporto&#8221;<\/strong><\/p>\n<p><strong>Commenti: <\/strong>Ha eliminato la carta e aumentato la nostra velocit\u00e0 di prestito. Una volta che il servizio di front-end \u00e8 pronto, dovrebbe consentirci di comunicare facilmente con i nostri clienti<\/p>\n<p><strong>Pro: <\/strong>L&#8217;interfaccia utente \u00e8 fantastica.\u00a0La facilit\u00e0 d&#8217;uso \u00e8 la migliore che abbia mai visto sul mercato.\u00a0I controlli del processo del flusso di lavoro consentono davvero la disciplina nell&#8217;organizzazione.\u00a0La potente configurazione dell&#8217;amministratore consente agli utenti di personalizzare l&#8217;applicazione.<\/p>\n<p><strong>Contro: <\/strong>Front end e non ancora pronto. Ancora in fase di sviluppo. Dicono che lo avranno presto e consentiranno il collegamento del tuo sito Web esistente a LoanCirrus oppure puoi utilizzare uno dei loro modelli.<\/p>\n<p class=\"font-weight-bold mb-1 d-flex align-items-center\"><strong>Kimar F.&#8221;Soddisfa le esigenze aziendali&#8221;<\/strong><\/p>\n<p><strong>Commenti: <\/strong>Ha offerto ai nostri clienti uno strumento per prendere grandi decisioni aziendali.<\/p>\n<p><strong>Pro : <\/strong>L&#8217;interfaccia utente \u00e8 semplice. Mantiene la sua promessa. Lo usiamo da un po &#8216;di tempo e lo abbiamo trovato molto facile da usare e vale la pena acquistarlo.<\/p>\n<p><strong>Contro: <\/strong>Capacit\u00e0 di integrazione nel sistema operativo principale. I nostri sistemi principali hanno porte uniche, quindi ottenere l&#8217;integrazione del software su alcune delle porte dei nostri clienti si \u00e8 rivelato inutile. Tuttavia ha offerto soluzioni di best practice.<\/p>\n<p>&nbsp;<\/p>\n","protected":false},"excerpt":{"rendered":"<p>LoanCirrus \u00e8 una piattaforma di gestione dei prestiti che aiuta gli istituti di credito a gestire le loro operazioni da qualsiasi luogo, offrendo un&#8217;ampia gamma di funzioni scalabili per una variet\u00e0 di aziende. Gli strumenti includono notifiche SMS ed email automatiche, flussi di lavoro personalizzabili, funzionalit\u00e0 di valutazione del rischio, promemoria automatici e altro ancora.<\/p>\n","protected":false},"author":16,"featured_media":42089,"parent":41330,"menu_order":0,"comment_status":"open","ping_status":"closed","template":"g1_template_page_review_new.php","meta":{"_acf_changed":false,"cwp_meta_box_check":"Yes","cwp_rev_product_name":"","cwp_rev_product_image":"","wppr_links":[],"cwp_rev_price":"","wppr_options":[],"wppr_pros":[],"wppr_cons":[],"_monsterinsights_skip_tracking":false,"_monsterinsights_sitenote_active":false,"_monsterinsights_sitenote_note":"","_monsterinsights_sitenote_category":0,"footnotes":""},"categories":[5815],"tags":[5911,5840,5839,5837,5838],"features":[],"class_list":{"0":"post-42081","1":"page","2":"type-page","3":"status-publish","4":"has-post-thumbnail","6":"category-software-per-erogazione-prestiti-categoria","7":"tag-loancirrus","8":"tag-piattaforma-erogazione-prestiti","9":"tag-programma-erogazione-prestiti","10":"tag-software-erogazione-prestiti","11":"tag-soluzione-erogazione-prestiti"},"wppr_data":{"cwp_meta_box_check":"Yes","cwp_rev_product_name":"","cwp_rev_product_image":"","cwp_image_link":"image","cwp_rev_price":"","wppr_rating":"0.00"},"acf":[],"yoast_head":"<!-- This site is optimized with the Yoast SEO plugin v27.4 - https:\/\/yoast.com\/product\/yoast-seo-wordpress\/ -->\n<title>LoanCirrus: recensione software erogazione prestiti - Accurate Reviews<\/title>\n<meta name=\"description\" content=\"LoanCirrus: recensione piattaforma di gestione dei prestiti che aiuta gli istituti di credito a gestire le loro operazioni da qualsiasi luogo.\" \/>\n<meta name=\"robots\" content=\"index, follow, max-snippet:-1, max-image-preview:large, max-video-preview:-1\" \/>\n<link rel=\"canonical\" href=\"https:\/\/www.accuratereviews.com\/it\/software-erogazione-prestiti\/loancirrus-recensione\/\" \/>\n<meta property=\"og:locale\" content=\"it_IT\" \/>\n<meta property=\"og:type\" content=\"article\" \/>\n<meta property=\"og:title\" content=\"LoanCirrus: recensione software erogazione prestiti - Accurate Reviews\" \/>\n<meta property=\"og:description\" content=\"LoanCirrus: recensione piattaforma di gestione dei prestiti che aiuta gli istituti di credito a gestire le loro operazioni da qualsiasi luogo.\" \/>\n<meta property=\"og:url\" content=\"https:\/\/www.accuratereviews.com\/it\/software-erogazione-prestiti\/loancirrus-recensione\/\" \/>\n<meta property=\"og:site_name\" content=\"Accurate Reviews\" \/>\n<meta property=\"og:image\" content=\"https:\/\/www.accuratereviews.com\/wp-content\/uploads\/2021\/05\/loancirrus2.jpg\" \/>\n\t<meta property=\"og:image:width\" content=\"600\" \/>\n\t<meta property=\"og:image:height\" content=\"315\" \/>\n\t<meta property=\"og:image:type\" content=\"image\/jpeg\" \/>\n<meta name=\"twitter:card\" content=\"summary_large_image\" \/>\n<meta name=\"twitter:label1\" content=\"Tempo di lettura stimato\" \/>\n\t<meta name=\"twitter:data1\" content=\"3 minuti\" \/>\n<script type=\"application\/ld+json\" class=\"yoast-schema-graph\">{\"@context\":\"https:\\\/\\\/schema.org\",\"@graph\":[{\"@type\":\"WebPage\",\"@id\":\"https:\\\/\\\/www.accuratereviews.com\\\/it\\\/software-erogazione-prestiti\\\/loancirrus-recensione\\\/\",\"url\":\"https:\\\/\\\/www.accuratereviews.com\\\/it\\\/software-erogazione-prestiti\\\/loancirrus-recensione\\\/\",\"name\":\"LoanCirrus: recensione software erogazione prestiti - Accurate Reviews\",\"isPartOf\":{\"@id\":\"https:\\\/\\\/www.accuratereviews.com\\\/it\\\/#website\"},\"primaryImageOfPage\":{\"@id\":\"https:\\\/\\\/www.accuratereviews.com\\\/it\\\/software-erogazione-prestiti\\\/loancirrus-recensione\\\/#primaryimage\"},\"image\":{\"@id\":\"https:\\\/\\\/www.accuratereviews.com\\\/it\\\/software-erogazione-prestiti\\\/loancirrus-recensione\\\/#primaryimage\"},\"thumbnailUrl\":\"https:\\\/\\\/www.accuratereviews.com\\\/wp-content\\\/uploads\\\/2021\\\/05\\\/loancirrus2.jpg\",\"datePublished\":\"2021-05-07T12:08:03+00:00\",\"description\":\"LoanCirrus: recensione piattaforma di gestione dei prestiti che aiuta gli istituti di credito a gestire le loro operazioni da qualsiasi luogo.\",\"breadcrumb\":{\"@id\":\"https:\\\/\\\/www.accuratereviews.com\\\/it\\\/software-erogazione-prestiti\\\/loancirrus-recensione\\\/#breadcrumb\"},\"inLanguage\":\"it-IT\",\"potentialAction\":[{\"@type\":\"ReadAction\",\"target\":[\"https:\\\/\\\/www.accuratereviews.com\\\/it\\\/software-erogazione-prestiti\\\/loancirrus-recensione\\\/\"]}]},{\"@type\":\"ImageObject\",\"inLanguage\":\"it-IT\",\"@id\":\"https:\\\/\\\/www.accuratereviews.com\\\/it\\\/software-erogazione-prestiti\\\/loancirrus-recensione\\\/#primaryimage\",\"url\":\"https:\\\/\\\/www.accuratereviews.com\\\/wp-content\\\/uploads\\\/2021\\\/05\\\/loancirrus2.jpg\",\"contentUrl\":\"https:\\\/\\\/www.accuratereviews.com\\\/wp-content\\\/uploads\\\/2021\\\/05\\\/loancirrus2.jpg\",\"width\":600,\"height\":315},{\"@type\":\"BreadcrumbList\",\"@id\":\"https:\\\/\\\/www.accuratereviews.com\\\/it\\\/software-erogazione-prestiti\\\/loancirrus-recensione\\\/#breadcrumb\",\"itemListElement\":[{\"@type\":\"ListItem\",\"position\":1,\"name\":\"Home\",\"item\":\"https:\\\/\\\/www.accuratereviews.com\\\/it\\\/\"},{\"@type\":\"ListItem\",\"position\":2,\"name\":\"Software per l&#8217;erogazione dei prestiti\",\"item\":\"https:\\\/\\\/www.accuratereviews.com\\\/it\\\/software-erogazione-prestiti\\\/\"},{\"@type\":\"ListItem\",\"position\":3,\"name\":\"LoanCirrus\"}]},{\"@type\":\"WebSite\",\"@id\":\"https:\\\/\\\/www.accuratereviews.com\\\/it\\\/#website\",\"url\":\"https:\\\/\\\/www.accuratereviews.com\\\/it\\\/\",\"name\":\"Accurate Reviews\",\"description\":\"\",\"potentialAction\":[{\"@type\":\"SearchAction\",\"target\":{\"@type\":\"EntryPoint\",\"urlTemplate\":\"https:\\\/\\\/www.accuratereviews.com\\\/it\\\/?s={search_term_string}\"},\"query-input\":{\"@type\":\"PropertyValueSpecification\",\"valueRequired\":true,\"valueName\":\"search_term_string\"}}],\"inLanguage\":\"it-IT\"}]}<\/script>\n<!-- \/ Yoast SEO plugin. -->","yoast_head_json":{"title":"LoanCirrus: recensione software erogazione prestiti - Accurate Reviews","description":"LoanCirrus: recensione piattaforma di gestione dei prestiti che aiuta gli istituti di credito a gestire le loro operazioni da qualsiasi luogo.","robots":{"index":"index","follow":"follow","max-snippet":"max-snippet:-1","max-image-preview":"max-image-preview:large","max-video-preview":"max-video-preview:-1"},"canonical":"https:\/\/www.accuratereviews.com\/it\/software-erogazione-prestiti\/loancirrus-recensione\/","og_locale":"it_IT","og_type":"article","og_title":"LoanCirrus: recensione software erogazione prestiti - Accurate Reviews","og_description":"LoanCirrus: recensione piattaforma di gestione dei prestiti che aiuta gli istituti di credito a gestire le loro operazioni da qualsiasi luogo.","og_url":"https:\/\/www.accuratereviews.com\/it\/software-erogazione-prestiti\/loancirrus-recensione\/","og_site_name":"Accurate Reviews","og_image":[{"width":600,"height":315,"url":"https:\/\/www.accuratereviews.com\/wp-content\/uploads\/2021\/05\/loancirrus2.jpg","type":"image\/jpeg"}],"twitter_card":"summary_large_image","twitter_misc":{"Tempo di lettura stimato":"3 minuti"},"schema":{"@context":"https:\/\/schema.org","@graph":[{"@type":"WebPage","@id":"https:\/\/www.accuratereviews.com\/it\/software-erogazione-prestiti\/loancirrus-recensione\/","url":"https:\/\/www.accuratereviews.com\/it\/software-erogazione-prestiti\/loancirrus-recensione\/","name":"LoanCirrus: recensione software erogazione prestiti - Accurate Reviews","isPartOf":{"@id":"https:\/\/www.accuratereviews.com\/it\/#website"},"primaryImageOfPage":{"@id":"https:\/\/www.accuratereviews.com\/it\/software-erogazione-prestiti\/loancirrus-recensione\/#primaryimage"},"image":{"@id":"https:\/\/www.accuratereviews.com\/it\/software-erogazione-prestiti\/loancirrus-recensione\/#primaryimage"},"thumbnailUrl":"https:\/\/www.accuratereviews.com\/wp-content\/uploads\/2021\/05\/loancirrus2.jpg","datePublished":"2021-05-07T12:08:03+00:00","description":"LoanCirrus: recensione piattaforma di gestione dei prestiti che aiuta gli istituti di credito a gestire le loro operazioni da qualsiasi luogo.","breadcrumb":{"@id":"https:\/\/www.accuratereviews.com\/it\/software-erogazione-prestiti\/loancirrus-recensione\/#breadcrumb"},"inLanguage":"it-IT","potentialAction":[{"@type":"ReadAction","target":["https:\/\/www.accuratereviews.com\/it\/software-erogazione-prestiti\/loancirrus-recensione\/"]}]},{"@type":"ImageObject","inLanguage":"it-IT","@id":"https:\/\/www.accuratereviews.com\/it\/software-erogazione-prestiti\/loancirrus-recensione\/#primaryimage","url":"https:\/\/www.accuratereviews.com\/wp-content\/uploads\/2021\/05\/loancirrus2.jpg","contentUrl":"https:\/\/www.accuratereviews.com\/wp-content\/uploads\/2021\/05\/loancirrus2.jpg","width":600,"height":315},{"@type":"BreadcrumbList","@id":"https:\/\/www.accuratereviews.com\/it\/software-erogazione-prestiti\/loancirrus-recensione\/#breadcrumb","itemListElement":[{"@type":"ListItem","position":1,"name":"Home","item":"https:\/\/www.accuratereviews.com\/it\/"},{"@type":"ListItem","position":2,"name":"Software per l&#8217;erogazione dei prestiti","item":"https:\/\/www.accuratereviews.com\/it\/software-erogazione-prestiti\/"},{"@type":"ListItem","position":3,"name":"LoanCirrus"}]},{"@type":"WebSite","@id":"https:\/\/www.accuratereviews.com\/it\/#website","url":"https:\/\/www.accuratereviews.com\/it\/","name":"Accurate Reviews","description":"","potentialAction":[{"@type":"SearchAction","target":{"@type":"EntryPoint","urlTemplate":"https:\/\/www.accuratereviews.com\/it\/?s={search_term_string}"},"query-input":{"@type":"PropertyValueSpecification","valueRequired":true,"valueName":"search_term_string"}}],"inLanguage":"it-IT"}]}},"_links":{"self":[{"href":"https:\/\/www.accuratereviews.com\/it\/wp-json\/wp\/v2\/pages\/42081","targetHints":{"allow":["GET"]}}],"collection":[{"href":"https:\/\/www.accuratereviews.com\/it\/wp-json\/wp\/v2\/pages"}],"about":[{"href":"https:\/\/www.accuratereviews.com\/it\/wp-json\/wp\/v2\/types\/page"}],"author":[{"embeddable":true,"href":"https:\/\/www.accuratereviews.com\/it\/wp-json\/wp\/v2\/users\/16"}],"replies":[{"embeddable":true,"href":"https:\/\/www.accuratereviews.com\/it\/wp-json\/wp\/v2\/comments?post=42081"}],"version-history":[{"count":12,"href":"https:\/\/www.accuratereviews.com\/it\/wp-json\/wp\/v2\/pages\/42081\/revisions"}],"predecessor-version":[{"id":42124,"href":"https:\/\/www.accuratereviews.com\/it\/wp-json\/wp\/v2\/pages\/42081\/revisions\/42124"}],"up":[{"embeddable":true,"href":"https:\/\/www.accuratereviews.com\/it\/wp-json\/wp\/v2\/pages\/41330"}],"wp:featuredmedia":[{"embeddable":true,"href":"https:\/\/www.accuratereviews.com\/it\/wp-json\/wp\/v2\/media\/42089"}],"wp:attachment":[{"href":"https:\/\/www.accuratereviews.com\/it\/wp-json\/wp\/v2\/media?parent=42081"}],"wp:term":[{"taxonomy":"category","embeddable":true,"href":"https:\/\/www.accuratereviews.com\/it\/wp-json\/wp\/v2\/categories?post=42081"},{"taxonomy":"post_tag","embeddable":true,"href":"https:\/\/www.accuratereviews.com\/it\/wp-json\/wp\/v2\/tags?post=42081"},{"taxonomy":"features","embeddable":true,"href":"https:\/\/www.accuratereviews.com\/it\/wp-json\/wp\/v2\/features?post=42081"}],"curies":[{"name":"wp","href":"https:\/\/api.w.org\/{rel}","templated":true}]}}