{"id":42258,"date":"2021-05-10T09:22:19","date_gmt":"2021-05-10T09:22:19","guid":{"rendered":"https:\/\/www.accuratereviews.com\/?page_id=42258"},"modified":"2021-05-10T09:31:42","modified_gmt":"2021-05-10T09:31:42","slug":"perfectlo-recensione","status":"publish","type":"page","link":"https:\/\/www.accuratereviews.com\/it\/software-erogazione-prestiti\/perfectlo-recensione\/","title":{"rendered":"PerfectLO"},"content":{"rendered":"<p><strong>PerfectLO<\/strong> \u00e8 una <strong>soluzione di mutuo e prestito<\/strong> per mediatori ipotecari di piccole e medie dimensioni e banchieri progettata per semplificare e accelerare il processo di richiesta di prestito digitale. Il software offre un questionario interattivo che pone sistematicamente e in modo intelligente ai mutuatari le domande necessarie per completare il loro profilo di prestito, inclusa una dettagliata lista di controllo dei documenti.\u00a0La lista pu\u00f2 includere un paragrafo di benvenuto, promemoria, cose da fare e da non fare e qualsiasi altra informazione pertinente per il mutuatario. Gli utenti possono anche personalizzare l&#8217;intestazione e il pi\u00e8 di pagina di ogni pagina a livello di azienda. Ogni contratto \u00e8 dotato di un collegamento univoco che consente di allegare una firma email, pagine di social media e altro, e porta i mutuatari direttamente al portale del sistema. <strong>PerfectLO<\/strong> fornisce inoltre alle organizzazioni un url personalizzato da incorporare nel proprio sito web aziendale.<\/p>\n<h2>PERFECTLO &#8211; TUTORIAL<\/h2>\n<p>Guarda come \u00e8 semplice compilare un contratto con questo <strong>software per erogazione dei prestiti:<\/strong><\/p>\n<div id=\"fluid-wrapper-counter-1\" class=\"g1-fluid-wrapper \" style=\"width:686px;\">\n<div style=\"padding-bottom:56.268221574344%;\"><iframe loading=\"lazy\" title=\"Take a quick peek of the PerfectLO experience\" width=\"686\" height=\"386\" src=\"https:\/\/www.youtube.com\/embed\/X_ogUuvZfUY?feature=oembed&amp;wmode=transparent&amp;autohide=1&amp;autoplay=0&amp;disablekb=0&amp;fs=1&amp;loop=0&amp;enablejsapi=1&amp;rel=0&amp;controls=2&amp;showinfo=0&amp;wmode=transparent&amp;autohide=2&amp;autoplay=0&amp;disablekb=0&amp;fs=1&amp;loop=0&amp;enablejsapi=1&amp;rel=0&amp;controls=2&amp;showinfo=1\" frameborder=\"0\" allow=\"accelerometer; autoplay; clipboard-write; encrypted-media; gyroscope; picture-in-picture\" allowfullscreen><\/iframe><\/div>\n<\/div>\n<h3>PERFECTLO &#8211; CARATTERISTICHE<\/h3>\n<ul>\n<li>Software interattivo e di facile utilizzo che consente ai mutuatari di completare il questionario approfondito sul prestito a loro piacimento su qualsiasi dispositivo mobile o desktop<\/li>\n<li>L&#8217;originatore pu\u00f2 anche intervistare l&#8217;utente in &#8220;live&#8221; seguendo il processo sistematico e infallibile<\/li>\n<li>I promotori di prestiti sono in grado di comprendere appieno le esigenze e il rischio di un mutuatario, senza attivare TRID<\/li>\n<li>La soluzione fornisce un riepilogo delle informazioni chiave ai promotori del prestito ed esporta i risultati nel loro software di origine del prestito (LOS)<\/li>\n<li>Fornisce ai mutuatari una lista di controllo della documentazione necessaria in base alle loro risposte<\/li>\n<li>Rimuove l&#8217;inefficiente avanti e indietro tra l&#8217;autore del prestito, il processore, il sottoscrittore e il mutuatario<\/li>\n<li>Il software \u00e8 progettato per gestire i mutuatari pi\u00f9 complicati<\/li>\n<li>Document Centre per scaricare e caricare in modo sicuro i documenti tra il mutuatario<\/li>\n<li>L&#8217;etichettatura bianca consente di personalizzare l&#8217;intestazione e il pi\u00e8 di pagina a livello di societ\u00e0 e di originatore del prestito<\/li>\n<li>Viene creato un collegamento univoco per ciascun cedente di prestito da allegare alla propria firma email, pagine di social media e molto altro<\/li>\n<li>Le notifiche tramite posta elettronica e sms vengono inviate all&#8217;originatore del prestito quando il mutuatario avvia il questionario e nuovamente quando lo invia<\/li>\n<li>Personalizza la lista di controllo dei documenti dei mutuatari con un paragrafo di benvenuto e\/o di chiusura, aggiungi promemoria e qualsiasi altra informazione pertinente<\/li>\n<li>Viene creato un URL personalizzato per le aziende da incorporare nel proprio sito web in cui i mutuatari hanno la possibilit\u00e0 di scegliere il creatore del prestito con cui desiderano lavorare<\/li>\n<li>Personalizza un&#8217;email inviata automaticamente da te ai mutuatari quando completano una domanda e aggiungi l&#8217;elenco di controllo del documento con un collegamento al Document Centre<\/li>\n<li>Il Document Centre elenca tutti i documenti necessari dalle risposte dei mutuatari e consente loro di caricare in modo sicuro quei documenti<\/li>\n<li>I mutuatari possono completare il questionario e ricevere la lista di controllo nella lingua preferita impostata dalle impostazioni del browser.<\/li>\n<\/ul>\n<h4>LE RECENSIONI DEGLI UTENTI<\/h4>\n<p class=\"font-weight-bold mb-1 d-flex align-items-center\"><strong>Brenda P.&#8221;Questo software ti render\u00e0 uno dei preferiti tra i tuoi sottoscrittori&#8221;<\/strong><\/p>\n<p><strong>Pro: <\/strong>Mi \u00e8 piaciuta molto la funzionalit\u00e0 che suggerisce all&#8217;utente le domande di secondo livello e i requisiti di documentazione. Consente all&#8217;ufficiale addetto ai prestiti e all&#8217;elaboratore di inviare un file molto pi\u00f9 completo rendendolo vantaggioso per entrambi sia per l&#8217;ufficiale di prestito che per i loro partner di riferimento<\/p>\n<p><strong>Contro: <\/strong>Nessun contro per il software. Se vuoi portare la tua attivit\u00e0 al livello successivo e aumentare la tua produzione, questo software ti porter\u00e0 l\u00ec<\/p>\n<p class=\"font-weight-bold mb-1 d-flex align-items-center\"><strong>Steve S.&#8221;Migliore domanda di prestito POS&#8221;<\/strong><\/p>\n<p><strong>Commenti: <\/strong>Formazione, personale pi\u00f9 efficiente. pi\u00f9 rinvii. utile per i mutuatari multilingue.<\/p>\n<p><strong>Contro: <\/strong>Nessuno, come ho detto, finalmente una tecnologia che ha davvero valore. un 1003 completato \u00e8 inutile, la lista di controllo e la personalizzazione che Perfectlo ha creato non \u00e8 seconda a nessuno.<\/p>\n<p class=\"font-weight-bold mb-1 d-flex align-items-center\"><strong>Matthew T.&#8221;Mi ha fatto passare pi\u00f9 tempo sulle vendite piuttosto che sulle scartoffie!&#8221;<\/strong><\/p>\n<p><strong>Commenti: <\/strong>Rende il mio flusso di lavoro semplice e veloce<\/p>\n<p><strong>Pro: <\/strong>Facile da usare! Seamless funziona con encompass. Lo mando ai miei agenti immobiliari per inviarlo ai loro contatti. Risparmia tempo chiamandomi le loro informazioni<\/p>\n<p><strong>Contro: <\/strong>Non c&#8217;\u00e8 niente da odiare su questo software. Rende il mio lavoro pi\u00f9 facile, quindi non posso dire niente di negativo al riguardo<\/p>\n","protected":false},"excerpt":{"rendered":"<p>PerfectLO \u00e8 una soluzione di mutuo e prestito per mediatori ipotecari di piccole e medie dimensioni e banchieri progettata per semplificare e accelerare il processo di richiesta di prestito digitale. Il software offre un questionario interattivo che pone sistematicamente e in modo intelligente ai mutuatari le domande necessarie per completare il loro profilo di prestito, inclusa una dettagliata lista di controllo dei documenti.\u00a0<\/p>\n","protected":false},"author":16,"featured_media":42259,"parent":41330,"menu_order":0,"comment_status":"open","ping_status":"closed","template":"g1_template_page_review_new.php","meta":{"_acf_changed":false,"cwp_meta_box_check":"Yes","cwp_rev_product_name":"","cwp_rev_product_image":"","wppr_links":[],"cwp_rev_price":"","wppr_options":[],"wppr_pros":[],"wppr_cons":[],"_monsterinsights_skip_tracking":false,"_monsterinsights_sitenote_active":false,"_monsterinsights_sitenote_note":"","_monsterinsights_sitenote_category":0,"footnotes":""},"categories":[5815],"tags":[5920,5840,5839,5837,5838],"features":[],"class_list":{"0":"post-42258","1":"page","2":"type-page","3":"status-publish","4":"has-post-thumbnail","6":"category-software-per-erogazione-prestiti-categoria","7":"tag-perfectlo","8":"tag-piattaforma-erogazione-prestiti","9":"tag-programma-erogazione-prestiti","10":"tag-software-erogazione-prestiti","11":"tag-soluzione-erogazione-prestiti"},"wppr_data":{"cwp_meta_box_check":"Yes","cwp_rev_product_name":"","cwp_rev_product_image":"","cwp_image_link":"image","cwp_rev_price":"","wppr_rating":"0.00"},"acf":[],"yoast_head":"<!-- This site is optimized with the Yoast SEO plugin v27.4 - https:\/\/yoast.com\/product\/yoast-seo-wordpress\/ -->\n<title>PerfectLO: recensione software erogazione prestito - Accurate Reviews<\/title>\n<meta name=\"description\" content=\"PerfectLO: recensione soluzione di mutuo e prestito per mediatori ipotecari di piccole e medie dimensioni e banche.\" \/>\n<meta name=\"robots\" content=\"index, follow, max-snippet:-1, max-image-preview:large, max-video-preview:-1\" \/>\n<link rel=\"canonical\" href=\"https:\/\/www.accuratereviews.com\/it\/software-erogazione-prestiti\/perfectlo-recensione\/\" \/>\n<meta property=\"og:locale\" content=\"it_IT\" \/>\n<meta property=\"og:type\" content=\"article\" \/>\n<meta property=\"og:title\" content=\"PerfectLO: recensione software erogazione prestito - Accurate Reviews\" \/>\n<meta property=\"og:description\" content=\"PerfectLO: recensione soluzione di mutuo e prestito per mediatori ipotecari di piccole e medie dimensioni e banche.\" \/>\n<meta property=\"og:url\" content=\"https:\/\/www.accuratereviews.com\/it\/software-erogazione-prestiti\/perfectlo-recensione\/\" \/>\n<meta property=\"og:site_name\" content=\"Accurate Reviews\" \/>\n<meta property=\"article:modified_time\" content=\"2021-05-10T09:31:42+00:00\" \/>\n<meta property=\"og:image\" content=\"https:\/\/www.accuratereviews.com\/wp-content\/uploads\/2021\/05\/Schermata-2021-05-08-alle-10.31.30.png\" \/>\n\t<meta property=\"og:image:width\" content=\"492\" \/>\n\t<meta property=\"og:image:height\" content=\"208\" \/>\n\t<meta property=\"og:image:type\" content=\"image\/png\" \/>\n<meta name=\"twitter:card\" content=\"summary_large_image\" \/>\n<meta name=\"twitter:label1\" content=\"Tempo di lettura stimato\" \/>\n\t<meta name=\"twitter:data1\" content=\"4 minuti\" \/>\n<script type=\"application\/ld+json\" class=\"yoast-schema-graph\">{\"@context\":\"https:\\\/\\\/schema.org\",\"@graph\":[{\"@type\":\"WebPage\",\"@id\":\"https:\\\/\\\/www.accuratereviews.com\\\/it\\\/software-erogazione-prestiti\\\/perfectlo-recensione\\\/\",\"url\":\"https:\\\/\\\/www.accuratereviews.com\\\/it\\\/software-erogazione-prestiti\\\/perfectlo-recensione\\\/\",\"name\":\"PerfectLO: recensione software erogazione prestito - Accurate Reviews\",\"isPartOf\":{\"@id\":\"https:\\\/\\\/www.accuratereviews.com\\\/it\\\/#website\"},\"primaryImageOfPage\":{\"@id\":\"https:\\\/\\\/www.accuratereviews.com\\\/it\\\/software-erogazione-prestiti\\\/perfectlo-recensione\\\/#primaryimage\"},\"image\":{\"@id\":\"https:\\\/\\\/www.accuratereviews.com\\\/it\\\/software-erogazione-prestiti\\\/perfectlo-recensione\\\/#primaryimage\"},\"thumbnailUrl\":\"https:\\\/\\\/www.accuratereviews.com\\\/wp-content\\\/uploads\\\/2021\\\/05\\\/Schermata-2021-05-08-alle-10.31.30.png\",\"datePublished\":\"2021-05-10T09:22:19+00:00\",\"dateModified\":\"2021-05-10T09:31:42+00:00\",\"description\":\"PerfectLO: recensione soluzione di mutuo e prestito per mediatori ipotecari di piccole e medie dimensioni e banche.\",\"breadcrumb\":{\"@id\":\"https:\\\/\\\/www.accuratereviews.com\\\/it\\\/software-erogazione-prestiti\\\/perfectlo-recensione\\\/#breadcrumb\"},\"inLanguage\":\"it-IT\",\"potentialAction\":[{\"@type\":\"ReadAction\",\"target\":[\"https:\\\/\\\/www.accuratereviews.com\\\/it\\\/software-erogazione-prestiti\\\/perfectlo-recensione\\\/\"]}]},{\"@type\":\"ImageObject\",\"inLanguage\":\"it-IT\",\"@id\":\"https:\\\/\\\/www.accuratereviews.com\\\/it\\\/software-erogazione-prestiti\\\/perfectlo-recensione\\\/#primaryimage\",\"url\":\"https:\\\/\\\/www.accuratereviews.com\\\/wp-content\\\/uploads\\\/2021\\\/05\\\/Schermata-2021-05-08-alle-10.31.30.png\",\"contentUrl\":\"https:\\\/\\\/www.accuratereviews.com\\\/wp-content\\\/uploads\\\/2021\\\/05\\\/Schermata-2021-05-08-alle-10.31.30.png\",\"width\":492,\"height\":208},{\"@type\":\"BreadcrumbList\",\"@id\":\"https:\\\/\\\/www.accuratereviews.com\\\/it\\\/software-erogazione-prestiti\\\/perfectlo-recensione\\\/#breadcrumb\",\"itemListElement\":[{\"@type\":\"ListItem\",\"position\":1,\"name\":\"Home\",\"item\":\"https:\\\/\\\/www.accuratereviews.com\\\/it\\\/\"},{\"@type\":\"ListItem\",\"position\":2,\"name\":\"Software per l&#8217;erogazione dei prestiti\",\"item\":\"https:\\\/\\\/www.accuratereviews.com\\\/it\\\/software-erogazione-prestiti\\\/\"},{\"@type\":\"ListItem\",\"position\":3,\"name\":\"PerfectLO\"}]},{\"@type\":\"WebSite\",\"@id\":\"https:\\\/\\\/www.accuratereviews.com\\\/it\\\/#website\",\"url\":\"https:\\\/\\\/www.accuratereviews.com\\\/it\\\/\",\"name\":\"Accurate Reviews\",\"description\":\"\",\"potentialAction\":[{\"@type\":\"SearchAction\",\"target\":{\"@type\":\"EntryPoint\",\"urlTemplate\":\"https:\\\/\\\/www.accuratereviews.com\\\/it\\\/?s={search_term_string}\"},\"query-input\":{\"@type\":\"PropertyValueSpecification\",\"valueRequired\":true,\"valueName\":\"search_term_string\"}}],\"inLanguage\":\"it-IT\"}]}<\/script>\n<!-- \/ Yoast SEO plugin. -->","yoast_head_json":{"title":"PerfectLO: recensione software erogazione prestito - Accurate Reviews","description":"PerfectLO: recensione soluzione di mutuo e prestito per mediatori ipotecari di piccole e medie dimensioni e banche.","robots":{"index":"index","follow":"follow","max-snippet":"max-snippet:-1","max-image-preview":"max-image-preview:large","max-video-preview":"max-video-preview:-1"},"canonical":"https:\/\/www.accuratereviews.com\/it\/software-erogazione-prestiti\/perfectlo-recensione\/","og_locale":"it_IT","og_type":"article","og_title":"PerfectLO: recensione software erogazione prestito - Accurate Reviews","og_description":"PerfectLO: recensione soluzione di mutuo e prestito per mediatori ipotecari di piccole e medie dimensioni e banche.","og_url":"https:\/\/www.accuratereviews.com\/it\/software-erogazione-prestiti\/perfectlo-recensione\/","og_site_name":"Accurate Reviews","article_modified_time":"2021-05-10T09:31:42+00:00","og_image":[{"width":492,"height":208,"url":"https:\/\/www.accuratereviews.com\/wp-content\/uploads\/2021\/05\/Schermata-2021-05-08-alle-10.31.30.png","type":"image\/png"}],"twitter_card":"summary_large_image","twitter_misc":{"Tempo di lettura stimato":"4 minuti"},"schema":{"@context":"https:\/\/schema.org","@graph":[{"@type":"WebPage","@id":"https:\/\/www.accuratereviews.com\/it\/software-erogazione-prestiti\/perfectlo-recensione\/","url":"https:\/\/www.accuratereviews.com\/it\/software-erogazione-prestiti\/perfectlo-recensione\/","name":"PerfectLO: recensione software erogazione prestito - Accurate Reviews","isPartOf":{"@id":"https:\/\/www.accuratereviews.com\/it\/#website"},"primaryImageOfPage":{"@id":"https:\/\/www.accuratereviews.com\/it\/software-erogazione-prestiti\/perfectlo-recensione\/#primaryimage"},"image":{"@id":"https:\/\/www.accuratereviews.com\/it\/software-erogazione-prestiti\/perfectlo-recensione\/#primaryimage"},"thumbnailUrl":"https:\/\/www.accuratereviews.com\/wp-content\/uploads\/2021\/05\/Schermata-2021-05-08-alle-10.31.30.png","datePublished":"2021-05-10T09:22:19+00:00","dateModified":"2021-05-10T09:31:42+00:00","description":"PerfectLO: recensione soluzione di mutuo e prestito per mediatori ipotecari di piccole e medie dimensioni e banche.","breadcrumb":{"@id":"https:\/\/www.accuratereviews.com\/it\/software-erogazione-prestiti\/perfectlo-recensione\/#breadcrumb"},"inLanguage":"it-IT","potentialAction":[{"@type":"ReadAction","target":["https:\/\/www.accuratereviews.com\/it\/software-erogazione-prestiti\/perfectlo-recensione\/"]}]},{"@type":"ImageObject","inLanguage":"it-IT","@id":"https:\/\/www.accuratereviews.com\/it\/software-erogazione-prestiti\/perfectlo-recensione\/#primaryimage","url":"https:\/\/www.accuratereviews.com\/wp-content\/uploads\/2021\/05\/Schermata-2021-05-08-alle-10.31.30.png","contentUrl":"https:\/\/www.accuratereviews.com\/wp-content\/uploads\/2021\/05\/Schermata-2021-05-08-alle-10.31.30.png","width":492,"height":208},{"@type":"BreadcrumbList","@id":"https:\/\/www.accuratereviews.com\/it\/software-erogazione-prestiti\/perfectlo-recensione\/#breadcrumb","itemListElement":[{"@type":"ListItem","position":1,"name":"Home","item":"https:\/\/www.accuratereviews.com\/it\/"},{"@type":"ListItem","position":2,"name":"Software per l&#8217;erogazione dei prestiti","item":"https:\/\/www.accuratereviews.com\/it\/software-erogazione-prestiti\/"},{"@type":"ListItem","position":3,"name":"PerfectLO"}]},{"@type":"WebSite","@id":"https:\/\/www.accuratereviews.com\/it\/#website","url":"https:\/\/www.accuratereviews.com\/it\/","name":"Accurate Reviews","description":"","potentialAction":[{"@type":"SearchAction","target":{"@type":"EntryPoint","urlTemplate":"https:\/\/www.accuratereviews.com\/it\/?s={search_term_string}"},"query-input":{"@type":"PropertyValueSpecification","valueRequired":true,"valueName":"search_term_string"}}],"inLanguage":"it-IT"}]}},"_links":{"self":[{"href":"https:\/\/www.accuratereviews.com\/it\/wp-json\/wp\/v2\/pages\/42258","targetHints":{"allow":["GET"]}}],"collection":[{"href":"https:\/\/www.accuratereviews.com\/it\/wp-json\/wp\/v2\/pages"}],"about":[{"href":"https:\/\/www.accuratereviews.com\/it\/wp-json\/wp\/v2\/types\/page"}],"author":[{"embeddable":true,"href":"https:\/\/www.accuratereviews.com\/it\/wp-json\/wp\/v2\/users\/16"}],"replies":[{"embeddable":true,"href":"https:\/\/www.accuratereviews.com\/it\/wp-json\/wp\/v2\/comments?post=42258"}],"version-history":[{"count":10,"href":"https:\/\/www.accuratereviews.com\/it\/wp-json\/wp\/v2\/pages\/42258\/revisions"}],"predecessor-version":[{"id":42307,"href":"https:\/\/www.accuratereviews.com\/it\/wp-json\/wp\/v2\/pages\/42258\/revisions\/42307"}],"up":[{"embeddable":true,"href":"https:\/\/www.accuratereviews.com\/it\/wp-json\/wp\/v2\/pages\/41330"}],"wp:featuredmedia":[{"embeddable":true,"href":"https:\/\/www.accuratereviews.com\/it\/wp-json\/wp\/v2\/media\/42259"}],"wp:attachment":[{"href":"https:\/\/www.accuratereviews.com\/it\/wp-json\/wp\/v2\/media?parent=42258"}],"wp:term":[{"taxonomy":"category","embeddable":true,"href":"https:\/\/www.accuratereviews.com\/it\/wp-json\/wp\/v2\/categories?post=42258"},{"taxonomy":"post_tag","embeddable":true,"href":"https:\/\/www.accuratereviews.com\/it\/wp-json\/wp\/v2\/tags?post=42258"},{"taxonomy":"features","embeddable":true,"href":"https:\/\/www.accuratereviews.com\/it\/wp-json\/wp\/v2\/features?post=42258"}],"curies":[{"name":"wp","href":"https:\/\/api.w.org\/{rel}","templated":true}]}}