{"id":42264,"date":"2021-05-10T09:29:11","date_gmt":"2021-05-10T09:29:11","guid":{"rendered":"https:\/\/www.accuratereviews.com\/?page_id=42264"},"modified":"2021-05-10T09:29:11","modified_gmt":"2021-05-10T09:29:11","slug":"mortgage-care-recensione","status":"publish","type":"page","link":"https:\/\/www.accuratereviews.com\/it\/software-erogazione-prestiti\/mortgage-care-recensione\/","title":{"rendered":"Mortgage + Care"},"content":{"rendered":"<p><strong>Mortgage + Care<\/strong> \u00e8 una <strong>soluzione basata su cloud<\/strong>\u00a0per l&#8217;erogazione dei prestiti. Le caratteristiche principali includono la gestione delle applicazioni, l&#8217;importazione dei dati, l&#8217;elaborazione dei pagamenti, l&#8217;archiviazione dei documenti e il reporting di cassa.\u00a0La piattaforma consente agli amministratori di importare i dati dalle applicazioni online, estrarre i punteggi di credito dei richiedenti e gestire i documenti per la divulgazione e la chiusura dei prestiti. Consente ai manager di creare flussi di lavoro di elaborazione dei prestiti, assegnare attivit\u00e0 a individui o gruppi, definire le condizioni per la decisione sui prestiti e allegare note speciali per gli investitori. Inoltre, il sistema aiuta i team a tenere traccia della cronologia dei pagamenti del mutuatario e dei saldi dei prestiti in sospeso. In pi\u00f9 le aziende possono generare report di cassa giornalieri, estratti conto di riconciliazione bancaria, report tickler per le scadenze dei prestiti e del portafoglio totale.<\/p>\n<h2>MORTGAGE + CARE &#8211; TUTORIAL<\/h2>\n<p>Questo breve tutorial illustra come inserire un nuovo cliente su questo<strong> software per l&#8217;erogazione del credito:<\/strong><\/p>\n<div id=\"fluid-wrapper-counter-1\" class=\"g1-fluid-wrapper \" style=\"width:686px;\">\n<div style=\"padding-bottom:56.268221574344%;\"><iframe loading=\"lazy\" title=\"Mortgage+Care Loan Servicing Software\" width=\"686\" height=\"386\" src=\"https:\/\/www.youtube.com\/embed\/D02XtuYOPWA?feature=oembed&amp;wmode=transparent&amp;autohide=1&amp;autoplay=0&amp;disablekb=0&amp;fs=1&amp;loop=0&amp;enablejsapi=1&amp;rel=0&amp;controls=2&amp;showinfo=0&amp;wmode=transparent&amp;autohide=2&amp;autoplay=0&amp;disablekb=0&amp;fs=1&amp;loop=0&amp;enablejsapi=1&amp;rel=0&amp;controls=2&amp;showinfo=1\" frameborder=\"0\" allow=\"accelerometer; autoplay; clipboard-write; encrypted-media; gyroscope; picture-in-picture\" allowfullscreen><\/iframe><\/div>\n<\/div>\n<h3>MORTGAGE + CARE &#8211; CARATTERISTICHE<\/h3>\n<ul>\n<li><strong>Creazione di prestiti<\/strong>: dall&#8217;applicazione ai documenti, modelli semplici, decisioni online complesse e portali web self-service, documenti elettronici e molto altro<\/li>\n<li><strong>Semplifica l&#8217;intera operazione di assistenza dei prestiti<\/strong>: fatturazione, elaborazione dei pagamenti, rimesse di investitori e depositi, rapporti e non solo<\/li>\n<li><strong>Investitori e pool<\/strong>: supporto completo per gli investitori. Pagamenti e rapporti automatizzati sia per gli investitori assegnati direttamente che per i membri del pool\/fondo<\/li>\n<li><strong>Contabilit\u00e0 fiduciaria<\/strong>: contabilit\u00e0 e rendicontazione sussidiaria. Completamente conforme a RESPA, flessibile e configurabile. Disponibile anche interfaccia GL<\/li>\n<li><strong>Raccolte integrate e gestione predefinita<\/strong>: oltre alla funzionalit\u00e0 standard di servizio di prestito, la soluzione fornisce una soluzione completa per gli incassi e la gestione dei default. Supporta anche la modifica del prestito. I rapporti includono foglio chiamate e avvisi tardivi<\/li>\n<li><strong>Rapporti<\/strong>: soluzione di reporting veramente completa e integrata direttamente nel sistema. Creazione, assistenza e riscossione prestiti<\/li>\n<\/ul>\n<h4>LA RECENSIONE DEGLI UTENTI<\/h4>\n<p class=\"font-weight-bold mb-1 d-flex align-items-center\"><strong>Krystyna R.&#8221;Software accurato, facile e intuitivo&#8221;<\/strong><\/p>\n<p><strong>Commenti: <\/strong>Sono molto soddisfatto dell&#8217;implementazione del software e dei primi risultati che posso gi\u00e0 sperimentare.<\/p>\n<p><strong>Pro: <\/strong>Software molto facile da imparare e intuitivo che fornisce e compila tutte le informazioni di cui ho bisogno per gestire qualsiasi chiamata dell&#8217;investitore.<\/p>\n<p><strong>Contro: <\/strong>I primi passi nell&#8217;implementazione di qualsiasi software non sono mai facili.\u00a0Ma il team del servizio clienti di Mortgage + Care ha reso il processo indolore e quasi piacevole.<\/p>\n<p class=\"font-weight-bold mb-1 d-flex align-items-center\"><strong>Andriy L.&#8221;Ottimo software, ottimo rapporto qualit\u00e0-prezzo!&#8221;<\/strong><\/p>\n<p><strong>Commenti: <\/strong>L&#8217;assistenza ipotecaria offre il miglior valore a una piccola o media impresa.<\/p>\n<p><strong>Pro: <\/strong>La parte migliore dell&#8217;assistenza ipotecaria \u00e8 che offre ai suoi utenti la possibilit\u00e0 di personalizzarla per soddisfare le loro esigenze specifiche. \u00c8 semplice da usare ed \u00e8 abbastanza versatile. Il personale di supporto \u00e8 reattivo e competente.<\/p>\n<p><strong>Contro: <\/strong>Sebbene sia facile da apprendere e utilizzare, un manuale completo o un menu di aiuto sarebbe utile per quelle situazioni &#8220;fuori dalla norma&#8221;.<\/p>\n<p class=\"font-weight-bold mb-1 d-flex align-items-center\"><strong>Carrie J.&#8221;Questo prodotto ha il supporto del produttore \/ proprietario disponibile in ogni momento.&#8221;<\/strong><\/p>\n<p><strong>Commenti: <\/strong>Questo prodotto ha il supporto del produttore \/ proprietario disponibile in ogni momento. Il prodotto \u00e8 semplice e non richiede una grande spesa per iniziare. Contratto semplice e diretto senza problemi legali allegati.<\/p>\n<p><strong>Pro: <\/strong>Sistema chiavi in mano con abbondanza di accorgimenti a disposizione dell&#8217;utente. Pu\u00f2 essere facilmente configurato per l&#8217;applicazione degli utenti. Supporto in corso tramite telefono e mail in caso di necessit\u00e0. Prezzi competitivi per soddisfare qualsiasi applicazione.<\/p>\n<p><strong>Contro: <\/strong>Senza una formazione adeguata, possono verificarsi errori e problemi complessi. Problemi con alcuni calcoli.<\/p>\n<p>&nbsp;<\/p>\n","protected":false},"excerpt":{"rendered":"<p>Mortgage + Care \u00e8 una soluzione basata su cloud\u00a0per l&#8217;erogazione dei prestiti. Le caratteristiche principali includono la gestione delle applicazioni, l&#8217;importazione dei dati, l&#8217;elaborazione dei pagamenti, l&#8217;archiviazione dei documenti e il reporting di cassa.\u00a0<\/p>\n","protected":false},"author":16,"featured_media":42270,"parent":41330,"menu_order":0,"comment_status":"open","ping_status":"closed","template":"g1_template_page_review_new.php","meta":{"_acf_changed":false,"cwp_meta_box_check":"Yes","cwp_rev_product_name":"","cwp_rev_product_image":"","wppr_links":[],"cwp_rev_price":"","wppr_options":[],"wppr_pros":[],"wppr_cons":[],"_monsterinsights_skip_tracking":false,"_monsterinsights_sitenote_active":false,"_monsterinsights_sitenote_note":"","_monsterinsights_sitenote_category":0,"footnotes":""},"categories":[5815],"tags":[5889,5923,5840,5839,5837,5838],"features":[],"class_list":{"0":"post-42264","1":"page","2":"type-page","3":"status-publish","4":"has-post-thumbnail","6":"category-software-per-erogazione-prestiti-categoria","7":"tag-gestione-prestiti","8":"tag-mortgage-care","9":"tag-piattaforma-erogazione-prestiti","10":"tag-programma-erogazione-prestiti","11":"tag-software-erogazione-prestiti","12":"tag-soluzione-erogazione-prestiti"},"wppr_data":{"cwp_meta_box_check":"Yes","cwp_rev_product_name":"","cwp_rev_product_image":"","cwp_image_link":"image","cwp_rev_price":"","wppr_rating":"0.00"},"acf":[],"yoast_head":"<!-- This site is optimized with the Yoast SEO plugin v27.4 - https:\/\/yoast.com\/product\/yoast-seo-wordpress\/ -->\n<title>Mortgage + Care: recensione software erogazione prestiti<\/title>\n<meta name=\"description\" content=\"Mortgage + Care: recensione soluzione basata su cloud\u00a0per l&#039;erogazione dei prestiti per assistere istituti di credito e banche.\" \/>\n<meta name=\"robots\" content=\"index, follow, max-snippet:-1, max-image-preview:large, max-video-preview:-1\" \/>\n<link rel=\"canonical\" href=\"https:\/\/www.accuratereviews.com\/it\/software-erogazione-prestiti\/mortgage-care-recensione\/\" \/>\n<meta property=\"og:locale\" content=\"it_IT\" \/>\n<meta property=\"og:type\" content=\"article\" \/>\n<meta property=\"og:title\" content=\"Mortgage + Care: recensione software erogazione prestiti\" \/>\n<meta property=\"og:description\" content=\"Mortgage + Care: recensione soluzione basata su cloud\u00a0per l&#039;erogazione dei prestiti per assistere istituti di credito e banche.\" \/>\n<meta property=\"og:url\" content=\"https:\/\/www.accuratereviews.com\/it\/software-erogazione-prestiti\/mortgage-care-recensione\/\" \/>\n<meta property=\"og:site_name\" content=\"Accurate Reviews\" \/>\n<meta property=\"og:image\" content=\"https:\/\/www.accuratereviews.com\/wp-content\/uploads\/2021\/05\/Schermata-2021-05-08-alle-10.54.40.png\" \/>\n\t<meta property=\"og:image:width\" content=\"814\" \/>\n\t<meta property=\"og:image:height\" content=\"252\" \/>\n\t<meta property=\"og:image:type\" content=\"image\/png\" \/>\n<meta name=\"twitter:card\" content=\"summary_large_image\" \/>\n<meta name=\"twitter:label1\" content=\"Tempo di lettura stimato\" \/>\n\t<meta name=\"twitter:data1\" content=\"3 minuti\" \/>\n<script type=\"application\/ld+json\" class=\"yoast-schema-graph\">{\"@context\":\"https:\\\/\\\/schema.org\",\"@graph\":[{\"@type\":\"WebPage\",\"@id\":\"https:\\\/\\\/www.accuratereviews.com\\\/it\\\/software-erogazione-prestiti\\\/mortgage-care-recensione\\\/\",\"url\":\"https:\\\/\\\/www.accuratereviews.com\\\/it\\\/software-erogazione-prestiti\\\/mortgage-care-recensione\\\/\",\"name\":\"Mortgage + Care: recensione software erogazione prestiti\",\"isPartOf\":{\"@id\":\"https:\\\/\\\/www.accuratereviews.com\\\/it\\\/#website\"},\"primaryImageOfPage\":{\"@id\":\"https:\\\/\\\/www.accuratereviews.com\\\/it\\\/software-erogazione-prestiti\\\/mortgage-care-recensione\\\/#primaryimage\"},\"image\":{\"@id\":\"https:\\\/\\\/www.accuratereviews.com\\\/it\\\/software-erogazione-prestiti\\\/mortgage-care-recensione\\\/#primaryimage\"},\"thumbnailUrl\":\"https:\\\/\\\/www.accuratereviews.com\\\/wp-content\\\/uploads\\\/2021\\\/05\\\/Schermata-2021-05-08-alle-10.54.40.png\",\"datePublished\":\"2021-05-10T09:29:11+00:00\",\"description\":\"Mortgage + Care: recensione soluzione basata su cloud\u00a0per l'erogazione dei prestiti per assistere istituti di credito e banche.\",\"breadcrumb\":{\"@id\":\"https:\\\/\\\/www.accuratereviews.com\\\/it\\\/software-erogazione-prestiti\\\/mortgage-care-recensione\\\/#breadcrumb\"},\"inLanguage\":\"it-IT\",\"potentialAction\":[{\"@type\":\"ReadAction\",\"target\":[\"https:\\\/\\\/www.accuratereviews.com\\\/it\\\/software-erogazione-prestiti\\\/mortgage-care-recensione\\\/\"]}]},{\"@type\":\"ImageObject\",\"inLanguage\":\"it-IT\",\"@id\":\"https:\\\/\\\/www.accuratereviews.com\\\/it\\\/software-erogazione-prestiti\\\/mortgage-care-recensione\\\/#primaryimage\",\"url\":\"https:\\\/\\\/www.accuratereviews.com\\\/wp-content\\\/uploads\\\/2021\\\/05\\\/Schermata-2021-05-08-alle-10.54.40.png\",\"contentUrl\":\"https:\\\/\\\/www.accuratereviews.com\\\/wp-content\\\/uploads\\\/2021\\\/05\\\/Schermata-2021-05-08-alle-10.54.40.png\",\"width\":814,\"height\":252},{\"@type\":\"BreadcrumbList\",\"@id\":\"https:\\\/\\\/www.accuratereviews.com\\\/it\\\/software-erogazione-prestiti\\\/mortgage-care-recensione\\\/#breadcrumb\",\"itemListElement\":[{\"@type\":\"ListItem\",\"position\":1,\"name\":\"Home\",\"item\":\"https:\\\/\\\/www.accuratereviews.com\\\/it\\\/\"},{\"@type\":\"ListItem\",\"position\":2,\"name\":\"Software per l&#8217;erogazione dei prestiti\",\"item\":\"https:\\\/\\\/www.accuratereviews.com\\\/it\\\/software-erogazione-prestiti\\\/\"},{\"@type\":\"ListItem\",\"position\":3,\"name\":\"Mortgage + Care\"}]},{\"@type\":\"WebSite\",\"@id\":\"https:\\\/\\\/www.accuratereviews.com\\\/it\\\/#website\",\"url\":\"https:\\\/\\\/www.accuratereviews.com\\\/it\\\/\",\"name\":\"Accurate Reviews\",\"description\":\"\",\"potentialAction\":[{\"@type\":\"SearchAction\",\"target\":{\"@type\":\"EntryPoint\",\"urlTemplate\":\"https:\\\/\\\/www.accuratereviews.com\\\/it\\\/?s={search_term_string}\"},\"query-input\":{\"@type\":\"PropertyValueSpecification\",\"valueRequired\":true,\"valueName\":\"search_term_string\"}}],\"inLanguage\":\"it-IT\"}]}<\/script>\n<!-- \/ Yoast SEO plugin. -->","yoast_head_json":{"title":"Mortgage + Care: recensione software erogazione prestiti","description":"Mortgage + Care: recensione soluzione basata su cloud\u00a0per l'erogazione dei prestiti per assistere istituti di credito e banche.","robots":{"index":"index","follow":"follow","max-snippet":"max-snippet:-1","max-image-preview":"max-image-preview:large","max-video-preview":"max-video-preview:-1"},"canonical":"https:\/\/www.accuratereviews.com\/it\/software-erogazione-prestiti\/mortgage-care-recensione\/","og_locale":"it_IT","og_type":"article","og_title":"Mortgage + Care: recensione software erogazione prestiti","og_description":"Mortgage + Care: recensione soluzione basata su cloud\u00a0per l'erogazione dei prestiti per assistere istituti di credito e banche.","og_url":"https:\/\/www.accuratereviews.com\/it\/software-erogazione-prestiti\/mortgage-care-recensione\/","og_site_name":"Accurate Reviews","og_image":[{"width":814,"height":252,"url":"https:\/\/www.accuratereviews.com\/wp-content\/uploads\/2021\/05\/Schermata-2021-05-08-alle-10.54.40.png","type":"image\/png"}],"twitter_card":"summary_large_image","twitter_misc":{"Tempo di lettura stimato":"3 minuti"},"schema":{"@context":"https:\/\/schema.org","@graph":[{"@type":"WebPage","@id":"https:\/\/www.accuratereviews.com\/it\/software-erogazione-prestiti\/mortgage-care-recensione\/","url":"https:\/\/www.accuratereviews.com\/it\/software-erogazione-prestiti\/mortgage-care-recensione\/","name":"Mortgage + Care: recensione software erogazione prestiti","isPartOf":{"@id":"https:\/\/www.accuratereviews.com\/it\/#website"},"primaryImageOfPage":{"@id":"https:\/\/www.accuratereviews.com\/it\/software-erogazione-prestiti\/mortgage-care-recensione\/#primaryimage"},"image":{"@id":"https:\/\/www.accuratereviews.com\/it\/software-erogazione-prestiti\/mortgage-care-recensione\/#primaryimage"},"thumbnailUrl":"https:\/\/www.accuratereviews.com\/wp-content\/uploads\/2021\/05\/Schermata-2021-05-08-alle-10.54.40.png","datePublished":"2021-05-10T09:29:11+00:00","description":"Mortgage + Care: recensione soluzione basata su cloud\u00a0per l'erogazione dei prestiti per assistere istituti di credito e banche.","breadcrumb":{"@id":"https:\/\/www.accuratereviews.com\/it\/software-erogazione-prestiti\/mortgage-care-recensione\/#breadcrumb"},"inLanguage":"it-IT","potentialAction":[{"@type":"ReadAction","target":["https:\/\/www.accuratereviews.com\/it\/software-erogazione-prestiti\/mortgage-care-recensione\/"]}]},{"@type":"ImageObject","inLanguage":"it-IT","@id":"https:\/\/www.accuratereviews.com\/it\/software-erogazione-prestiti\/mortgage-care-recensione\/#primaryimage","url":"https:\/\/www.accuratereviews.com\/wp-content\/uploads\/2021\/05\/Schermata-2021-05-08-alle-10.54.40.png","contentUrl":"https:\/\/www.accuratereviews.com\/wp-content\/uploads\/2021\/05\/Schermata-2021-05-08-alle-10.54.40.png","width":814,"height":252},{"@type":"BreadcrumbList","@id":"https:\/\/www.accuratereviews.com\/it\/software-erogazione-prestiti\/mortgage-care-recensione\/#breadcrumb","itemListElement":[{"@type":"ListItem","position":1,"name":"Home","item":"https:\/\/www.accuratereviews.com\/it\/"},{"@type":"ListItem","position":2,"name":"Software per l&#8217;erogazione dei prestiti","item":"https:\/\/www.accuratereviews.com\/it\/software-erogazione-prestiti\/"},{"@type":"ListItem","position":3,"name":"Mortgage + Care"}]},{"@type":"WebSite","@id":"https:\/\/www.accuratereviews.com\/it\/#website","url":"https:\/\/www.accuratereviews.com\/it\/","name":"Accurate Reviews","description":"","potentialAction":[{"@type":"SearchAction","target":{"@type":"EntryPoint","urlTemplate":"https:\/\/www.accuratereviews.com\/it\/?s={search_term_string}"},"query-input":{"@type":"PropertyValueSpecification","valueRequired":true,"valueName":"search_term_string"}}],"inLanguage":"it-IT"}]}},"_links":{"self":[{"href":"https:\/\/www.accuratereviews.com\/it\/wp-json\/wp\/v2\/pages\/42264","targetHints":{"allow":["GET"]}}],"collection":[{"href":"https:\/\/www.accuratereviews.com\/it\/wp-json\/wp\/v2\/pages"}],"about":[{"href":"https:\/\/www.accuratereviews.com\/it\/wp-json\/wp\/v2\/types\/page"}],"author":[{"embeddable":true,"href":"https:\/\/www.accuratereviews.com\/it\/wp-json\/wp\/v2\/users\/16"}],"replies":[{"embeddable":true,"href":"https:\/\/www.accuratereviews.com\/it\/wp-json\/wp\/v2\/comments?post=42264"}],"version-history":[{"count":12,"href":"https:\/\/www.accuratereviews.com\/it\/wp-json\/wp\/v2\/pages\/42264\/revisions"}],"predecessor-version":[{"id":42309,"href":"https:\/\/www.accuratereviews.com\/it\/wp-json\/wp\/v2\/pages\/42264\/revisions\/42309"}],"up":[{"embeddable":true,"href":"https:\/\/www.accuratereviews.com\/it\/wp-json\/wp\/v2\/pages\/41330"}],"wp:featuredmedia":[{"embeddable":true,"href":"https:\/\/www.accuratereviews.com\/it\/wp-json\/wp\/v2\/media\/42270"}],"wp:attachment":[{"href":"https:\/\/www.accuratereviews.com\/it\/wp-json\/wp\/v2\/media?parent=42264"}],"wp:term":[{"taxonomy":"category","embeddable":true,"href":"https:\/\/www.accuratereviews.com\/it\/wp-json\/wp\/v2\/categories?post=42264"},{"taxonomy":"post_tag","embeddable":true,"href":"https:\/\/www.accuratereviews.com\/it\/wp-json\/wp\/v2\/tags?post=42264"},{"taxonomy":"features","embeddable":true,"href":"https:\/\/www.accuratereviews.com\/it\/wp-json\/wp\/v2\/features?post=42264"}],"curies":[{"name":"wp","href":"https:\/\/api.w.org\/{rel}","templated":true}]}}