{"id":42333,"date":"2021-05-10T15:12:09","date_gmt":"2021-05-10T15:12:09","guid":{"rendered":"https:\/\/www.accuratereviews.com\/?page_id=42333"},"modified":"2021-05-10T15:12:09","modified_gmt":"2021-05-10T15:12:09","slug":"creditonline-recensione","status":"publish","type":"page","link":"https:\/\/www.accuratereviews.com\/it\/software-erogazione-prestiti\/creditonline-recensione\/","title":{"rendered":"Creditonline"},"content":{"rendered":"<p><strong>Creditonline<\/strong> \u00e8 un <strong>software per l&#8217;erogazione di prestiti<\/strong> che automatizza il lavoro di investitori e imprese di prestito di qualsiasi dimensione. Grazie alle sue innovative<strong> tecnologie di prestito<\/strong>, soluzioni e partnership, potrai migliorare i tuoi prodotti, espandere il portafoglio dei tuoi servizi e, di conseguenza, incrementare il numero dei tuoi clienti.<br \/>\nOltre a rendere i processi gestionali pi\u00f9 semplici e intuitivi, <strong>Creditonline<\/strong> ti permette di risparmiare tempo che potrai impiegare in altro. Questo programma si pone lo scopo di andare incontro alle esigenze di tutti offrendo supervisione e supporto qualificati ai propri clienti e mettendo a disposizione l&#8217;app mobile sia per dispositivi iOS che per Android.<\/p>\n<h2>CREDITONLINE &#8211; TUTORIAL<\/h2>\n<p>Ecco come funziona questo<strong> programma di prestit<\/strong>i:<\/p>\n<div id=\"fluid-wrapper-counter-1\" class=\"g1-fluid-wrapper \" style=\"width:686px;\">\n<div style=\"padding-bottom:56.268221574344%;\"><iframe loading=\"lazy\" title=\"About Creditonline loan business software: What is Creditonline?\" width=\"686\" height=\"386\" src=\"https:\/\/www.youtube.com\/embed\/oODOEzFEZvA?feature=oembed&amp;wmode=transparent&amp;autohide=1&amp;autoplay=0&amp;disablekb=0&amp;fs=1&amp;loop=0&amp;enablejsapi=1&amp;rel=0&amp;controls=2&amp;showinfo=0&amp;wmode=transparent&amp;autohide=2&amp;autoplay=0&amp;disablekb=0&amp;fs=1&amp;loop=0&amp;enablejsapi=1&amp;rel=0&amp;controls=2&amp;showinfo=1\" frameborder=\"0\" allow=\"accelerometer; autoplay; clipboard-write; encrypted-media; gyroscope; picture-in-picture\" allowfullscreen><\/iframe><\/div>\n<\/div>\n<h3>CREDITONLINE &#8211; CARATTERISTICHE<\/h3>\n<ul>\n<li><strong>Consulenze dettagliate<\/strong>: consulenza giuridica specifica e aziendale relativa al software di prestito<\/li>\n<li><strong>Sistema di gestione del prestito<\/strong>: un sistema completo di gestione del cliente e del prestito che funziona sulla base di un modello SaaS<\/li>\n<li><strong>Flessibile ed estendibile<\/strong>: adattamento del sistema in base alle tue esigenze aziendali<\/li>\n<li><strong>Sistema di supporto<\/strong>: help desk attivo 24 ore su 24, 7 giorni su 7. Monitoraggio diretto dei servizi<\/li>\n<li><strong>Aggiornamenti di sistem<\/strong>a: aggiornamenti periodici tenendo conto degli atti legali e delle esigenze del mercato<\/li>\n<li><strong>Host del servizio di privacy virtuale (VPS)<\/strong>: host di server privato virtuale dedicato ad alta sicurezza<\/li>\n<li><strong>Formazione dipendenti<\/strong>: corso completo di formazione sul funzionamento del sistema Creditonline<\/li>\n<li><strong>Backup regolari<\/strong>: backup frequenti dei dati di sistema e dei database<\/li>\n<li><strong>Sistema di gestione dei contenuti Web e Mobile<\/strong>: capacit\u00e0 di modificare e modificare il contenuto di pagine web e mobile<\/li>\n<li><strong>Pacchetto di comunicazione completo<\/strong>: CRA, email, SMS, VoIP e cos\u00ec via<\/li>\n<li><strong>Pacchetto di sicurezza completo<\/strong>: SSL, PCI DSS e altre soluzioni di sicurezza certificate ISO<\/li>\n<li><strong>Servizi di progettazione aggiuntivi<\/strong>: offriamo servizi di progettazione come servizio aggiuntivo.<\/li>\n<\/ul>\n<h4>LE RECENSIONI DEGLI UTENTI<\/h4>\n<p><strong>Oriol C. &#8220;CREDITONLINE&#8221;<\/strong><br \/>\nCOMMENTI: facile da usare. Strumento potente per l&#8217;uso quotidiano. Ottimo design e funzionalit\u00e0. Migliore scelta qualit\u00e0\/prezzo<br \/>\nPRO: questo software ha molti strumenti che devi utilizzare per le attivit\u00e0 di prestito. Ha un ottimo servizio di assistenza clienti 24 ore su 24, 7 giorni su 7<br \/>\nCONTRO: i report personalizzati devono essere programmati separatamente.<\/p>\n<p><strong>Josep E. &#8220;Recensione di Creditonline&#8221;<\/strong><br \/>\nCOMMENTI: miglior rapporto qualit\u00e0\/prezzo, buon software per l&#8217;uso quotidiano<br \/>\nPRO: il software ha molte funzionalit\u00e0 di cui le societ\u00e0 finanziarie hanno bisogno<br \/>\nCONTRO: il modulo report \u00e8 molto debole, non \u00e8 possibile costruire report che ti servono manualmente e devi programmarli. Inoltre, il report non pu\u00f2 essere scaricato in formato Excel, di cui hai davvero bisogno quando lavori con i numeri.<\/p>\n<p><strong>Tomas S. &#8220;Software Creditonline&#8221;<\/strong><br \/>\nCOMMENTI: vantaggi: software affidabile e di facile utilizzo<br \/>\nPRO: funzionalit\u00e0 e semplicit\u00e0 di utilizzo, ottimo rapporto qualit\u00e0 prezzo<br \/>\nCONTRO: programmazione aggiuntiva, a volte richiede tempo per spiegare il problema.<\/p>\n","protected":false},"excerpt":{"rendered":"<p>Creditonline \u00e8 un software per l&#8217;erogazione di prestiti che automatizza il lavoro di investitori e imprese di prestito di qualsiasi dimensione. Grazie alle sue innovative tecnologie di prestito, soluzioni e partnership, potrai migliorare i tuoi prodotti, espandere il portafoglio dei tuoi servizi e, di conseguenza, incrementare il numero dei tuoi clienti.<\/p>\n","protected":false},"author":17,"featured_media":42337,"parent":41330,"menu_order":0,"comment_status":"open","ping_status":"closed","template":"g1_template_page_review_new.php","meta":{"_acf_changed":false,"cwp_meta_box_check":"No","cwp_rev_product_name":"","cwp_rev_product_image":"","wppr_links":[],"cwp_rev_price":"","wppr_options":[],"wppr_pros":[],"wppr_cons":[],"_monsterinsights_skip_tracking":false,"_monsterinsights_sitenote_active":false,"_monsterinsights_sitenote_note":"","_monsterinsights_sitenote_category":0,"footnotes":""},"categories":[5815],"tags":[5924,5819,5872,5840,5839,5820,5847],"features":[],"class_list":{"0":"post-42333","1":"page","2":"type-page","3":"status-publish","4":"has-post-thumbnail","6":"category-software-per-erogazione-prestiti-categoria","7":"tag-creditonline","8":"tag-erogazione-prestito","9":"tag-istituti-di-credito","10":"tag-piattaforma-erogazione-prestiti","11":"tag-programma-erogazione-prestiti","12":"tag-software-per-erogazione-prestiti","13":"tag-soluzione-per-erogazione-prestiti"},"wppr_data":{"cwp_meta_box_check":"No"},"acf":[],"yoast_head":"<!-- This site is optimized with the Yoast SEO plugin v27.4 - https:\/\/yoast.com\/product\/yoast-seo-wordpress\/ -->\n<title>Creditonline: recensione software erogazione prestiti - Accurate Reviews<\/title>\n<meta name=\"description\" content=\"Creditonline \u00e8 un software per l&#039;erogazione di prestiti che automatizza il lavoro di investitori e imprese di prestito.\" \/>\n<meta name=\"robots\" content=\"index, follow, max-snippet:-1, max-image-preview:large, max-video-preview:-1\" \/>\n<link rel=\"canonical\" href=\"https:\/\/www.accuratereviews.com\/it\/software-erogazione-prestiti\/creditonline-recensione\/\" \/>\n<meta property=\"og:locale\" content=\"it_IT\" \/>\n<meta property=\"og:type\" content=\"article\" \/>\n<meta property=\"og:title\" content=\"Creditonline: recensione software erogazione prestiti - Accurate Reviews\" \/>\n<meta property=\"og:description\" content=\"Creditonline \u00e8 un software per l&#039;erogazione di prestiti che automatizza il lavoro di investitori e imprese di prestito.\" \/>\n<meta property=\"og:url\" content=\"https:\/\/www.accuratereviews.com\/it\/software-erogazione-prestiti\/creditonline-recensione\/\" \/>\n<meta property=\"og:site_name\" content=\"Accurate Reviews\" \/>\n<meta property=\"og:image\" content=\"https:\/\/www.accuratereviews.com\/wp-content\/uploads\/2021\/05\/creditonline.png\" \/>\n\t<meta property=\"og:image:width\" content=\"500\" \/>\n\t<meta property=\"og:image:height\" content=\"411\" \/>\n\t<meta property=\"og:image:type\" content=\"image\/png\" \/>\n<meta name=\"twitter:card\" content=\"summary_large_image\" \/>\n<meta name=\"twitter:label1\" content=\"Tempo di lettura stimato\" \/>\n\t<meta name=\"twitter:data1\" content=\"2 minuti\" \/>\n<script type=\"application\/ld+json\" class=\"yoast-schema-graph\">{\"@context\":\"https:\\\/\\\/schema.org\",\"@graph\":[{\"@type\":\"WebPage\",\"@id\":\"https:\\\/\\\/www.accuratereviews.com\\\/it\\\/software-erogazione-prestiti\\\/creditonline-recensione\\\/\",\"url\":\"https:\\\/\\\/www.accuratereviews.com\\\/it\\\/software-erogazione-prestiti\\\/creditonline-recensione\\\/\",\"name\":\"Creditonline: recensione software erogazione prestiti - Accurate Reviews\",\"isPartOf\":{\"@id\":\"https:\\\/\\\/www.accuratereviews.com\\\/it\\\/#website\"},\"primaryImageOfPage\":{\"@id\":\"https:\\\/\\\/www.accuratereviews.com\\\/it\\\/software-erogazione-prestiti\\\/creditonline-recensione\\\/#primaryimage\"},\"image\":{\"@id\":\"https:\\\/\\\/www.accuratereviews.com\\\/it\\\/software-erogazione-prestiti\\\/creditonline-recensione\\\/#primaryimage\"},\"thumbnailUrl\":\"https:\\\/\\\/www.accuratereviews.com\\\/wp-content\\\/uploads\\\/2021\\\/05\\\/creditonline.png\",\"datePublished\":\"2021-05-10T15:12:09+00:00\",\"description\":\"Creditonline \u00e8 un software per l'erogazione di prestiti che automatizza il lavoro di investitori e imprese di prestito.\",\"breadcrumb\":{\"@id\":\"https:\\\/\\\/www.accuratereviews.com\\\/it\\\/software-erogazione-prestiti\\\/creditonline-recensione\\\/#breadcrumb\"},\"inLanguage\":\"it-IT\",\"potentialAction\":[{\"@type\":\"ReadAction\",\"target\":[\"https:\\\/\\\/www.accuratereviews.com\\\/it\\\/software-erogazione-prestiti\\\/creditonline-recensione\\\/\"]}]},{\"@type\":\"ImageObject\",\"inLanguage\":\"it-IT\",\"@id\":\"https:\\\/\\\/www.accuratereviews.com\\\/it\\\/software-erogazione-prestiti\\\/creditonline-recensione\\\/#primaryimage\",\"url\":\"https:\\\/\\\/www.accuratereviews.com\\\/wp-content\\\/uploads\\\/2021\\\/05\\\/creditonline.png\",\"contentUrl\":\"https:\\\/\\\/www.accuratereviews.com\\\/wp-content\\\/uploads\\\/2021\\\/05\\\/creditonline.png\",\"width\":500,\"height\":411},{\"@type\":\"BreadcrumbList\",\"@id\":\"https:\\\/\\\/www.accuratereviews.com\\\/it\\\/software-erogazione-prestiti\\\/creditonline-recensione\\\/#breadcrumb\",\"itemListElement\":[{\"@type\":\"ListItem\",\"position\":1,\"name\":\"Home\",\"item\":\"https:\\\/\\\/www.accuratereviews.com\\\/it\\\/\"},{\"@type\":\"ListItem\",\"position\":2,\"name\":\"Software per l&#8217;erogazione dei prestiti\",\"item\":\"https:\\\/\\\/www.accuratereviews.com\\\/it\\\/software-erogazione-prestiti\\\/\"},{\"@type\":\"ListItem\",\"position\":3,\"name\":\"Creditonline\"}]},{\"@type\":\"WebSite\",\"@id\":\"https:\\\/\\\/www.accuratereviews.com\\\/it\\\/#website\",\"url\":\"https:\\\/\\\/www.accuratereviews.com\\\/it\\\/\",\"name\":\"Accurate Reviews\",\"description\":\"\",\"potentialAction\":[{\"@type\":\"SearchAction\",\"target\":{\"@type\":\"EntryPoint\",\"urlTemplate\":\"https:\\\/\\\/www.accuratereviews.com\\\/it\\\/?s={search_term_string}\"},\"query-input\":{\"@type\":\"PropertyValueSpecification\",\"valueRequired\":true,\"valueName\":\"search_term_string\"}}],\"inLanguage\":\"it-IT\"}]}<\/script>\n<!-- \/ Yoast SEO plugin. -->","yoast_head_json":{"title":"Creditonline: recensione software erogazione prestiti - Accurate Reviews","description":"Creditonline \u00e8 un software per l'erogazione di prestiti che automatizza il lavoro di investitori e imprese di prestito.","robots":{"index":"index","follow":"follow","max-snippet":"max-snippet:-1","max-image-preview":"max-image-preview:large","max-video-preview":"max-video-preview:-1"},"canonical":"https:\/\/www.accuratereviews.com\/it\/software-erogazione-prestiti\/creditonline-recensione\/","og_locale":"it_IT","og_type":"article","og_title":"Creditonline: recensione software erogazione prestiti - Accurate Reviews","og_description":"Creditonline \u00e8 un software per l'erogazione di prestiti che automatizza il lavoro di investitori e imprese di prestito.","og_url":"https:\/\/www.accuratereviews.com\/it\/software-erogazione-prestiti\/creditonline-recensione\/","og_site_name":"Accurate Reviews","og_image":[{"width":500,"height":411,"url":"https:\/\/www.accuratereviews.com\/wp-content\/uploads\/2021\/05\/creditonline.png","type":"image\/png"}],"twitter_card":"summary_large_image","twitter_misc":{"Tempo di lettura stimato":"2 minuti"},"schema":{"@context":"https:\/\/schema.org","@graph":[{"@type":"WebPage","@id":"https:\/\/www.accuratereviews.com\/it\/software-erogazione-prestiti\/creditonline-recensione\/","url":"https:\/\/www.accuratereviews.com\/it\/software-erogazione-prestiti\/creditonline-recensione\/","name":"Creditonline: recensione software erogazione prestiti - Accurate Reviews","isPartOf":{"@id":"https:\/\/www.accuratereviews.com\/it\/#website"},"primaryImageOfPage":{"@id":"https:\/\/www.accuratereviews.com\/it\/software-erogazione-prestiti\/creditonline-recensione\/#primaryimage"},"image":{"@id":"https:\/\/www.accuratereviews.com\/it\/software-erogazione-prestiti\/creditonline-recensione\/#primaryimage"},"thumbnailUrl":"https:\/\/www.accuratereviews.com\/wp-content\/uploads\/2021\/05\/creditonline.png","datePublished":"2021-05-10T15:12:09+00:00","description":"Creditonline \u00e8 un software per l'erogazione di prestiti che automatizza il lavoro di investitori e imprese di prestito.","breadcrumb":{"@id":"https:\/\/www.accuratereviews.com\/it\/software-erogazione-prestiti\/creditonline-recensione\/#breadcrumb"},"inLanguage":"it-IT","potentialAction":[{"@type":"ReadAction","target":["https:\/\/www.accuratereviews.com\/it\/software-erogazione-prestiti\/creditonline-recensione\/"]}]},{"@type":"ImageObject","inLanguage":"it-IT","@id":"https:\/\/www.accuratereviews.com\/it\/software-erogazione-prestiti\/creditonline-recensione\/#primaryimage","url":"https:\/\/www.accuratereviews.com\/wp-content\/uploads\/2021\/05\/creditonline.png","contentUrl":"https:\/\/www.accuratereviews.com\/wp-content\/uploads\/2021\/05\/creditonline.png","width":500,"height":411},{"@type":"BreadcrumbList","@id":"https:\/\/www.accuratereviews.com\/it\/software-erogazione-prestiti\/creditonline-recensione\/#breadcrumb","itemListElement":[{"@type":"ListItem","position":1,"name":"Home","item":"https:\/\/www.accuratereviews.com\/it\/"},{"@type":"ListItem","position":2,"name":"Software per l&#8217;erogazione dei prestiti","item":"https:\/\/www.accuratereviews.com\/it\/software-erogazione-prestiti\/"},{"@type":"ListItem","position":3,"name":"Creditonline"}]},{"@type":"WebSite","@id":"https:\/\/www.accuratereviews.com\/it\/#website","url":"https:\/\/www.accuratereviews.com\/it\/","name":"Accurate Reviews","description":"","potentialAction":[{"@type":"SearchAction","target":{"@type":"EntryPoint","urlTemplate":"https:\/\/www.accuratereviews.com\/it\/?s={search_term_string}"},"query-input":{"@type":"PropertyValueSpecification","valueRequired":true,"valueName":"search_term_string"}}],"inLanguage":"it-IT"}]}},"_links":{"self":[{"href":"https:\/\/www.accuratereviews.com\/it\/wp-json\/wp\/v2\/pages\/42333","targetHints":{"allow":["GET"]}}],"collection":[{"href":"https:\/\/www.accuratereviews.com\/it\/wp-json\/wp\/v2\/pages"}],"about":[{"href":"https:\/\/www.accuratereviews.com\/it\/wp-json\/wp\/v2\/types\/page"}],"author":[{"embeddable":true,"href":"https:\/\/www.accuratereviews.com\/it\/wp-json\/wp\/v2\/users\/17"}],"replies":[{"embeddable":true,"href":"https:\/\/www.accuratereviews.com\/it\/wp-json\/wp\/v2\/comments?post=42333"}],"version-history":[{"count":5,"href":"https:\/\/www.accuratereviews.com\/it\/wp-json\/wp\/v2\/pages\/42333\/revisions"}],"predecessor-version":[{"id":42405,"href":"https:\/\/www.accuratereviews.com\/it\/wp-json\/wp\/v2\/pages\/42333\/revisions\/42405"}],"up":[{"embeddable":true,"href":"https:\/\/www.accuratereviews.com\/it\/wp-json\/wp\/v2\/pages\/41330"}],"wp:featuredmedia":[{"embeddable":true,"href":"https:\/\/www.accuratereviews.com\/it\/wp-json\/wp\/v2\/media\/42337"}],"wp:attachment":[{"href":"https:\/\/www.accuratereviews.com\/it\/wp-json\/wp\/v2\/media?parent=42333"}],"wp:term":[{"taxonomy":"category","embeddable":true,"href":"https:\/\/www.accuratereviews.com\/it\/wp-json\/wp\/v2\/categories?post=42333"},{"taxonomy":"post_tag","embeddable":true,"href":"https:\/\/www.accuratereviews.com\/it\/wp-json\/wp\/v2\/tags?post=42333"},{"taxonomy":"features","embeddable":true,"href":"https:\/\/www.accuratereviews.com\/it\/wp-json\/wp\/v2\/features?post=42333"}],"curies":[{"name":"wp","href":"https:\/\/api.w.org\/{rel}","templated":true}]}}