{"id":42416,"date":"2021-05-11T10:19:59","date_gmt":"2021-05-11T10:19:59","guid":{"rendered":"https:\/\/www.accuratereviews.com\/?page_id=42416"},"modified":"2021-05-11T10:19:59","modified_gmt":"2021-05-11T10:19:59","slug":"bryt-recensione","status":"publish","type":"page","link":"https:\/\/www.accuratereviews.com\/it\/software-erogazione-prestiti\/bryt-recensione\/","title":{"rendered":"Bryt"},"content":{"rendered":"<p><strong>Bryt<\/strong> \u00e8 un<strong> software per l&#8217;erogazione di prestiti<\/strong> realizzato da istituti di credito per finanziatori, funzionale per ottimizzare e semplificare questo lavoro. Si tratta di un programma as-a-service, basato su <strong>cloud<\/strong>, che non richiede installazione, aggiornamenti e costi di manutenzione, richiede esclusivamente una connessione Internet. Offre un&#8217;interfaccia utente intuitiva, numerose funzionalit\u00e0 in grado di aiutare i professionisti del campo nella gestione dei prestiti.<br \/>\nScegliendo<strong> Bryt<\/strong> potrai risparmiare tempo, rendere le attivit\u00e0 pi\u00f9 redditizie e garantire un&#8217;esperienza senza sforzo sia a te che ai tuoi clienti.<\/p>\n<h2>BRYT &#8211; IMMAGINE<\/h2>\n<p><a href=\"https:\/\/www.accuratereviews.com\/wp-content\/uploads\/2021\/05\/150692616_2938724096359207_7674721722254364145_n.jpg\"><img loading=\"lazy\" decoding=\"async\" class=\"alignnone size-full wp-image-42424\" src=\"https:\/\/www.accuratereviews.com\/wp-content\/uploads\/2021\/05\/150692616_2938724096359207_7674721722254364145_n.jpg\" alt=\"\" width=\"2048\" height=\"1209\" srcset=\"https:\/\/www.accuratereviews.com\/wp-content\/uploads\/2021\/05\/150692616_2938724096359207_7674721722254364145_n.jpg 2048w, https:\/\/www.accuratereviews.com\/wp-content\/uploads\/2021\/05\/150692616_2938724096359207_7674721722254364145_n-300x177.jpg 300w, https:\/\/www.accuratereviews.com\/wp-content\/uploads\/2021\/05\/150692616_2938724096359207_7674721722254364145_n-1024x605.jpg 1024w, https:\/\/www.accuratereviews.com\/wp-content\/uploads\/2021\/05\/150692616_2938724096359207_7674721722254364145_n-768x453.jpg 768w, https:\/\/www.accuratereviews.com\/wp-content\/uploads\/2021\/05\/150692616_2938724096359207_7674721722254364145_n-1536x907.jpg 1536w, https:\/\/www.accuratereviews.com\/wp-content\/uploads\/2021\/05\/150692616_2938724096359207_7674721722254364145_n-212x125.jpg 212w, https:\/\/www.accuratereviews.com\/wp-content\/uploads\/2021\/05\/150692616_2938724096359207_7674721722254364145_n-50x30.jpg 50w, https:\/\/www.accuratereviews.com\/wp-content\/uploads\/2021\/05\/150692616_2938724096359207_7674721722254364145_n-968x571.jpg 968w, https:\/\/www.accuratereviews.com\/wp-content\/uploads\/2021\/05\/150692616_2938724096359207_7674721722254364145_n-636x375.jpg 636w, https:\/\/www.accuratereviews.com\/wp-content\/uploads\/2021\/05\/150692616_2938724096359207_7674721722254364145_n-320x189.jpg 320w, https:\/\/www.accuratereviews.com\/wp-content\/uploads\/2021\/05\/150692616_2938724096359207_7674721722254364145_n-239x141.jpg 239w\" sizes=\"auto, (max-width: 2048px) 100vw, 2048px\" \/><\/a><\/p>\n<h3>BRYT &#8211; CARATTERISTICHE<\/h3>\n<ul>\n<li><strong>Database di contatto<\/strong> per tenere traccia delle informazioni sui mutuatari, tra cui informazioni di contatto, note, documenti, file ed email<\/li>\n<li><strong>Gestione avanzata delle relazioni di contatto (CRM)<\/strong>, inclusi documenti personalizzati compilati automaticamente e campi personalizzati definiti dall&#8217;utente<\/li>\n<li><strong>Sofisticata procedura guidata per la creazione di prestiti<\/strong> che supporta pi\u00f9 mutuatari, qualsiasi metodo di maturazione del tasso di interesse, pi\u00f9 frequenze di pagamento, pagamenti ripartiti, metodi di ammortamento multipli, pagamenti standard o fissi e calcoli delle commissioni tardive<\/li>\n<li><strong>Funzionalit\u00e0 di gestione del prestito<\/strong> tra cui note aggiunte dall&#8217;utente, documenti e file di posta elettronica<\/li>\n<li><strong>Funzionalit\u00e0 avanzate di gestione del prestito<\/strong>, inclusi documenti di prestito personalizzati, funzioni CRM avanzate, monitoraggio di garanzie\/asset, campi personalizzati definiti dall&#8217;utente, registro prestiti personalizzato, multi-prestatore\/investitore, gestione delle commissioni, gestione del sequestro\/deposito a garanzia e monitoraggio delle politiche dei fornitori<\/li>\n<li><strong>La contabilit\u00e0 avanzata dei prestiti<\/strong> tiene traccia di versamenti, pagamenti, finanziamenti, commissioni di servizio e molto altro utilizzando una struttura dei conti personalizzata<\/li>\n<li><strong>ACH\/Recurring Pay-in<\/strong> fornisce l&#8217;automazione dei pagamenti ricorrenti e dell&#8217;elaborazione ACH<\/li>\n<li><strong>Gli avvisi di prestito<\/strong> semplificano la comunicazione ai mutuatari<\/li>\n<li><strong>La procedura guidata di pagamento del prestito<\/strong> accetta pi\u00f9 tipi di pagamento, suggerisce un&#8217;allocazione appropriata di capitale e interessi e ricalcola automaticamente le variazioni di pagamento<\/li>\n<li><strong>Portali di mutuatario e investitori<\/strong><\/li>\n<\/ul>\n<h4>LE RECENSIONI DEGLI UTENTI<\/h4>\n<p><strong>Marsha P. &#8220;questo software rende il processo di manutenzione del prestito molto semplice e senza tempo.&#8221;<\/strong><br \/>\nCOMMENTI: uso questo software da circa 2 anni e tutte le sue funzionalit\u00e0 mi hanno permesso di dimezzare la parte del mio tempo lavorativo per la manutenzione dei prestiti e l&#8217;elaborazione dei documenti. In realt\u00e0 pi\u00f9 della met\u00e0.<br \/>\nPRO: adoro la funzione del documento di prestito. Rende l&#8217;elaborazione dei documenti di prestito molto semplice e veloce. Adoro anche gli avvisi automatici inviati dal software. L&#8217;assistenza clienti \u00e8 sempre disponibile per rispondere a qualsiasi domanda relativa a qualsiasi sezione del software.<br \/>\nCONTRO: ho ancora alcune domande sulle segnalazioni obbligatorie per dichiarazioni specifiche.<\/p>\n<p><strong>Tim C. &#8220;La facilit\u00e0 d&#8217;uso \u00e8 incredibile e il prezzo \u00e8 imbattibile&#8221;<\/strong><br \/>\nCOMMMENTI: software molto conveniente, efficiente, amichevole basato su cloud, accessibile da qualsiasi luogo<br \/>\nPRO: facile da usare, l&#8217;assistenza clienti \u00e8 sempre disponibile, copre tutti gli aspetti del prestito e pi\u00f9 di quanto possa persino usare<\/p>\n<p><strong>Veronica V. &#8220;Bryt mi semplifica il lavoro.&#8221;<\/strong><br \/>\nCOMMENTO: fa risparmiare tempo<br \/>\nPRO: quello che mi piace di pi\u00f9 di Bryt \u00e8 che \u00e8 facile da usare. Tutto \u00e8 pulito e semplice. Non ci \u00e8 voluto molto per imparare a navigare.<br \/>\nCONTRO: l&#8217;unica lamentela che ho \u00e8 che non funziona anche su Safari. Uso Safari come browser principale, quindi quando uso Bryt devo passare a Google Chrome. Non \u00e8 un grosso problema.<\/p>\n","protected":false},"excerpt":{"rendered":"<p>Bryt \u00e8 un software per l&#8217;erogazione di prestiti realizzato da istituti di credito per finanziatori, funzionale per ottimizzare e semplificare questo lavoro. Si tratta di un programma as-a-service, basato su cloud, che non richiede installazione, aggiornamenti e costi di manutenzione, richiede esclusivamente una connessione Internet. Offre un&#8217;interfaccia utente intuitiva, numerose funzionalit\u00e0 in grado di aiutare [&hellip;]<\/p>\n","protected":false},"author":17,"featured_media":42432,"parent":41330,"menu_order":0,"comment_status":"open","ping_status":"closed","template":"g1_template_page_review_new.php","meta":{"_acf_changed":false,"cwp_meta_box_check":"No","cwp_rev_product_name":"","cwp_rev_product_image":"","wppr_links":[],"cwp_rev_price":"","wppr_options":[],"wppr_pros":[],"wppr_cons":[],"_monsterinsights_skip_tracking":false,"_monsterinsights_sitenote_active":false,"_monsterinsights_sitenote_note":"","_monsterinsights_sitenote_category":0,"footnotes":""},"categories":[5815],"tags":[5819,5901,5818,5839,5849,5837,5847],"features":[],"class_list":{"0":"post-42416","1":"page","2":"type-page","3":"status-publish","4":"has-post-thumbnail","6":"category-software-per-erogazione-prestiti-categoria","7":"tag-erogazione-prestito","8":"tag-gestionale-prestiti","9":"tag-prestito","10":"tag-programma-erogazione-prestiti","11":"tag-programma-per-erogazione-prestiti","12":"tag-software-erogazione-prestiti","13":"tag-soluzione-per-erogazione-prestiti"},"wppr_data":{"cwp_meta_box_check":"No"},"acf":[],"yoast_head":"<!-- This site is optimized with the Yoast SEO plugin v27.4 - https:\/\/yoast.com\/product\/yoast-seo-wordpress\/ -->\n<title>Bryt: recensione software erogazione prestiti - Accurate Reviews<\/title>\n<meta name=\"description\" content=\"Bryt \u00e8 un software per l&#039;erogazione di prestiti realizzato da istituti di credito per finanziatori, funzionale per ottimizzare il lavoro.\" \/>\n<meta name=\"robots\" content=\"index, follow, max-snippet:-1, max-image-preview:large, max-video-preview:-1\" \/>\n<link rel=\"canonical\" href=\"https:\/\/www.accuratereviews.com\/it\/software-erogazione-prestiti\/bryt-recensione\/\" \/>\n<meta property=\"og:locale\" content=\"it_IT\" \/>\n<meta property=\"og:type\" content=\"article\" \/>\n<meta property=\"og:title\" content=\"Bryt: recensione software erogazione prestiti - Accurate Reviews\" \/>\n<meta property=\"og:description\" content=\"Bryt \u00e8 un software per l&#039;erogazione di prestiti realizzato da istituti di credito per finanziatori, funzionale per ottimizzare il lavoro.\" \/>\n<meta property=\"og:url\" content=\"https:\/\/www.accuratereviews.com\/it\/software-erogazione-prestiti\/bryt-recensione\/\" \/>\n<meta property=\"og:site_name\" content=\"Accurate Reviews\" \/>\n<meta property=\"og:image\" content=\"https:\/\/www.accuratereviews.com\/wp-content\/uploads\/2021\/05\/download-1.png\" \/>\n\t<meta property=\"og:image:width\" content=\"696\" \/>\n\t<meta property=\"og:image:height\" content=\"200\" \/>\n\t<meta property=\"og:image:type\" content=\"image\/png\" \/>\n<meta name=\"twitter:card\" content=\"summary_large_image\" \/>\n<meta name=\"twitter:label1\" content=\"Tempo di lettura stimato\" \/>\n\t<meta name=\"twitter:data1\" content=\"3 minuti\" \/>\n<script type=\"application\/ld+json\" class=\"yoast-schema-graph\">{\"@context\":\"https:\\\/\\\/schema.org\",\"@graph\":[{\"@type\":\"WebPage\",\"@id\":\"https:\\\/\\\/www.accuratereviews.com\\\/it\\\/software-erogazione-prestiti\\\/bryt-recensione\\\/\",\"url\":\"https:\\\/\\\/www.accuratereviews.com\\\/it\\\/software-erogazione-prestiti\\\/bryt-recensione\\\/\",\"name\":\"Bryt: recensione software erogazione prestiti - Accurate Reviews\",\"isPartOf\":{\"@id\":\"https:\\\/\\\/www.accuratereviews.com\\\/it\\\/#website\"},\"primaryImageOfPage\":{\"@id\":\"https:\\\/\\\/www.accuratereviews.com\\\/it\\\/software-erogazione-prestiti\\\/bryt-recensione\\\/#primaryimage\"},\"image\":{\"@id\":\"https:\\\/\\\/www.accuratereviews.com\\\/it\\\/software-erogazione-prestiti\\\/bryt-recensione\\\/#primaryimage\"},\"thumbnailUrl\":\"https:\\\/\\\/www.accuratereviews.com\\\/wp-content\\\/uploads\\\/2021\\\/05\\\/download-1.png\",\"datePublished\":\"2021-05-11T10:19:59+00:00\",\"description\":\"Bryt \u00e8 un software per l'erogazione di prestiti realizzato da istituti di credito per finanziatori, funzionale per ottimizzare il lavoro.\",\"breadcrumb\":{\"@id\":\"https:\\\/\\\/www.accuratereviews.com\\\/it\\\/software-erogazione-prestiti\\\/bryt-recensione\\\/#breadcrumb\"},\"inLanguage\":\"it-IT\",\"potentialAction\":[{\"@type\":\"ReadAction\",\"target\":[\"https:\\\/\\\/www.accuratereviews.com\\\/it\\\/software-erogazione-prestiti\\\/bryt-recensione\\\/\"]}]},{\"@type\":\"ImageObject\",\"inLanguage\":\"it-IT\",\"@id\":\"https:\\\/\\\/www.accuratereviews.com\\\/it\\\/software-erogazione-prestiti\\\/bryt-recensione\\\/#primaryimage\",\"url\":\"https:\\\/\\\/www.accuratereviews.com\\\/wp-content\\\/uploads\\\/2021\\\/05\\\/download-1.png\",\"contentUrl\":\"https:\\\/\\\/www.accuratereviews.com\\\/wp-content\\\/uploads\\\/2021\\\/05\\\/download-1.png\",\"width\":696,\"height\":200},{\"@type\":\"BreadcrumbList\",\"@id\":\"https:\\\/\\\/www.accuratereviews.com\\\/it\\\/software-erogazione-prestiti\\\/bryt-recensione\\\/#breadcrumb\",\"itemListElement\":[{\"@type\":\"ListItem\",\"position\":1,\"name\":\"Home\",\"item\":\"https:\\\/\\\/www.accuratereviews.com\\\/it\\\/\"},{\"@type\":\"ListItem\",\"position\":2,\"name\":\"Software per l&#8217;erogazione dei prestiti\",\"item\":\"https:\\\/\\\/www.accuratereviews.com\\\/it\\\/software-erogazione-prestiti\\\/\"},{\"@type\":\"ListItem\",\"position\":3,\"name\":\"Bryt\"}]},{\"@type\":\"WebSite\",\"@id\":\"https:\\\/\\\/www.accuratereviews.com\\\/it\\\/#website\",\"url\":\"https:\\\/\\\/www.accuratereviews.com\\\/it\\\/\",\"name\":\"Accurate Reviews\",\"description\":\"\",\"potentialAction\":[{\"@type\":\"SearchAction\",\"target\":{\"@type\":\"EntryPoint\",\"urlTemplate\":\"https:\\\/\\\/www.accuratereviews.com\\\/it\\\/?s={search_term_string}\"},\"query-input\":{\"@type\":\"PropertyValueSpecification\",\"valueRequired\":true,\"valueName\":\"search_term_string\"}}],\"inLanguage\":\"it-IT\"}]}<\/script>\n<!-- \/ Yoast SEO plugin. -->","yoast_head_json":{"title":"Bryt: recensione software erogazione prestiti - Accurate Reviews","description":"Bryt \u00e8 un software per l'erogazione di prestiti realizzato da istituti di credito per finanziatori, funzionale per ottimizzare il lavoro.","robots":{"index":"index","follow":"follow","max-snippet":"max-snippet:-1","max-image-preview":"max-image-preview:large","max-video-preview":"max-video-preview:-1"},"canonical":"https:\/\/www.accuratereviews.com\/it\/software-erogazione-prestiti\/bryt-recensione\/","og_locale":"it_IT","og_type":"article","og_title":"Bryt: recensione software erogazione prestiti - Accurate Reviews","og_description":"Bryt \u00e8 un software per l'erogazione di prestiti realizzato da istituti di credito per finanziatori, funzionale per ottimizzare il lavoro.","og_url":"https:\/\/www.accuratereviews.com\/it\/software-erogazione-prestiti\/bryt-recensione\/","og_site_name":"Accurate Reviews","og_image":[{"width":696,"height":200,"url":"https:\/\/www.accuratereviews.com\/wp-content\/uploads\/2021\/05\/download-1.png","type":"image\/png"}],"twitter_card":"summary_large_image","twitter_misc":{"Tempo di lettura stimato":"3 minuti"},"schema":{"@context":"https:\/\/schema.org","@graph":[{"@type":"WebPage","@id":"https:\/\/www.accuratereviews.com\/it\/software-erogazione-prestiti\/bryt-recensione\/","url":"https:\/\/www.accuratereviews.com\/it\/software-erogazione-prestiti\/bryt-recensione\/","name":"Bryt: recensione software erogazione prestiti - Accurate Reviews","isPartOf":{"@id":"https:\/\/www.accuratereviews.com\/it\/#website"},"primaryImageOfPage":{"@id":"https:\/\/www.accuratereviews.com\/it\/software-erogazione-prestiti\/bryt-recensione\/#primaryimage"},"image":{"@id":"https:\/\/www.accuratereviews.com\/it\/software-erogazione-prestiti\/bryt-recensione\/#primaryimage"},"thumbnailUrl":"https:\/\/www.accuratereviews.com\/wp-content\/uploads\/2021\/05\/download-1.png","datePublished":"2021-05-11T10:19:59+00:00","description":"Bryt \u00e8 un software per l'erogazione di prestiti realizzato da istituti di credito per finanziatori, funzionale per ottimizzare il lavoro.","breadcrumb":{"@id":"https:\/\/www.accuratereviews.com\/it\/software-erogazione-prestiti\/bryt-recensione\/#breadcrumb"},"inLanguage":"it-IT","potentialAction":[{"@type":"ReadAction","target":["https:\/\/www.accuratereviews.com\/it\/software-erogazione-prestiti\/bryt-recensione\/"]}]},{"@type":"ImageObject","inLanguage":"it-IT","@id":"https:\/\/www.accuratereviews.com\/it\/software-erogazione-prestiti\/bryt-recensione\/#primaryimage","url":"https:\/\/www.accuratereviews.com\/wp-content\/uploads\/2021\/05\/download-1.png","contentUrl":"https:\/\/www.accuratereviews.com\/wp-content\/uploads\/2021\/05\/download-1.png","width":696,"height":200},{"@type":"BreadcrumbList","@id":"https:\/\/www.accuratereviews.com\/it\/software-erogazione-prestiti\/bryt-recensione\/#breadcrumb","itemListElement":[{"@type":"ListItem","position":1,"name":"Home","item":"https:\/\/www.accuratereviews.com\/it\/"},{"@type":"ListItem","position":2,"name":"Software per l&#8217;erogazione dei prestiti","item":"https:\/\/www.accuratereviews.com\/it\/software-erogazione-prestiti\/"},{"@type":"ListItem","position":3,"name":"Bryt"}]},{"@type":"WebSite","@id":"https:\/\/www.accuratereviews.com\/it\/#website","url":"https:\/\/www.accuratereviews.com\/it\/","name":"Accurate Reviews","description":"","potentialAction":[{"@type":"SearchAction","target":{"@type":"EntryPoint","urlTemplate":"https:\/\/www.accuratereviews.com\/it\/?s={search_term_string}"},"query-input":{"@type":"PropertyValueSpecification","valueRequired":true,"valueName":"search_term_string"}}],"inLanguage":"it-IT"}]}},"_links":{"self":[{"href":"https:\/\/www.accuratereviews.com\/it\/wp-json\/wp\/v2\/pages\/42416","targetHints":{"allow":["GET"]}}],"collection":[{"href":"https:\/\/www.accuratereviews.com\/it\/wp-json\/wp\/v2\/pages"}],"about":[{"href":"https:\/\/www.accuratereviews.com\/it\/wp-json\/wp\/v2\/types\/page"}],"author":[{"embeddable":true,"href":"https:\/\/www.accuratereviews.com\/it\/wp-json\/wp\/v2\/users\/17"}],"replies":[{"embeddable":true,"href":"https:\/\/www.accuratereviews.com\/it\/wp-json\/wp\/v2\/comments?post=42416"}],"version-history":[{"count":5,"href":"https:\/\/www.accuratereviews.com\/it\/wp-json\/wp\/v2\/pages\/42416\/revisions"}],"predecessor-version":[{"id":42475,"href":"https:\/\/www.accuratereviews.com\/it\/wp-json\/wp\/v2\/pages\/42416\/revisions\/42475"}],"up":[{"embeddable":true,"href":"https:\/\/www.accuratereviews.com\/it\/wp-json\/wp\/v2\/pages\/41330"}],"wp:featuredmedia":[{"embeddable":true,"href":"https:\/\/www.accuratereviews.com\/it\/wp-json\/wp\/v2\/media\/42432"}],"wp:attachment":[{"href":"https:\/\/www.accuratereviews.com\/it\/wp-json\/wp\/v2\/media?parent=42416"}],"wp:term":[{"taxonomy":"category","embeddable":true,"href":"https:\/\/www.accuratereviews.com\/it\/wp-json\/wp\/v2\/categories?post=42416"},{"taxonomy":"post_tag","embeddable":true,"href":"https:\/\/www.accuratereviews.com\/it\/wp-json\/wp\/v2\/tags?post=42416"},{"taxonomy":"features","embeddable":true,"href":"https:\/\/www.accuratereviews.com\/it\/wp-json\/wp\/v2\/features?post=42416"}],"curies":[{"name":"wp","href":"https:\/\/api.w.org\/{rel}","templated":true}]}}